{"id":2271,"date":"2013-09-20T13:44:55","date_gmt":"2013-09-20T11:44:55","guid":{"rendered":"https:\/\/konferenztechnik.de\/?page_id=2271"},"modified":"2023-07-05T15:03:13","modified_gmt":"2023-07-05T13:03:13","slug":"%e3%83%9f%e3%82%ad%e3%82%b7%e3%83%b3%e3%82%b0%e3%82%b3%e3%83%b3%e3%82%bd%e3%83%bc%e3%83%ab","status":"publish","type":"page","link":"https:\/\/konferenztechnik.de\/ja\/%e4%bc%9a%e8%ad%b0%e3%81%8a%e3%82%88%e3%81%b3av%e3%83%a1%e3%83%87%e3%82%a3%e3%82%a2%e6%8a%80%e8%a1%93%e3%81%ae%e9%85%8d%e5%b8%83\/%e3%82%aa%e3%83%bc%e3%83%87%e3%82%a3%e3%82%aa%e3%83%bb%e3%83%86%e3%82%af%e3%83%8e%e3%83%ad%e3%82%b8%e3%83%bc-%e3%83%9e%e3%82%a4%e3%82%af%e3%83%ad%e3%83%95%e3%82%a9%e3%83%b3-%e3%82%b5%e3%82%a6%e3%83%b3\/%e3%83%9f%e3%82%ad%e3%82%b7%e3%83%b3%e3%82%b0%e3%82%b3%e3%83%b3%e3%82%bd%e3%83%bc%e3%83%ab\/","title":{"rendered":"\u30df\u30ad\u30b7\u30f3\u30b0\u30fb\u30b3\u30f3\u30bd\u30fc\u30eb"},"content":{"rendered":"<h1>\u30df\u30ad\u30b7\u30f3\u30b0\u30fb\u30b3\u30f3\u30bd\u30fc\u30eb<\/h1>\n<h2>\u30e4\u30de\u30cf01V\/96VCM<\/h2>\n<p><a href=\"https:\/\/konferenztechnik.de\/wp-content\/uploads\/2013\/09\/Mischpult_Yamaha_01V96_gross.jpg\"><img fetchpriority=\"high\" decoding=\"async\" width=\"393\" height=\"321\" class=\"alignleft size-full wp-image-2403\" src=\"https:\/\/konferenztechnik.de\/wp-content\/uploads\/2013\/09\/Mischpult_Yamaha_01V96_gross.jpg\" alt=\"\u30e4\u30de\u30cf01V\/96VCM\" title=\"\" srcset=\"https:\/\/konferenztechnik.de\/wp-content\/uploads\/2013\/09\/Mischpult_Yamaha_01V96_gross.jpg 393w, https:\/\/konferenztechnik.de\/wp-content\/uploads\/2013\/09\/Mischpult_Yamaha_01V96_gross-300x245.jpg 300w\" sizes=\"(max-width: 393px) 100vw, 393px\" \/><\/a><\/p>\n<p>01V\/96VCM\u306f\u3001\u30e4\u30de\u30cf\u306e\u30c7\u30b8\u30bf\u30eb\u30fb\u30e9\u30a4\u30d6\u30fb\u30d7\u30ed\u30c0\u30af\u30b7\u30e7\u30f3\u30fb\u30b3\u30f3\u30bd\u30fc\u30eb\u306b\u6c42\u3081\u3089\u308c\u308b\u6027\u80fd\u3068\u4fe1\u983c\u6027\u3092\u3001\u2013\u3068\u3044\u3046\u975e\u5e38\u306b\u30b3\u30f3\u30d1\u30af\u30c8\u306a\u30c7\u30b6\u30a4\u30f3\u3067\u5b9f\u73fe\u3057\u3066\u3044\u307e\u3059\u3002\u5916\u5f62\u5bf8\u6cd5\u304c\u5c0f\u3055\u3044\u306b\u3082\u304b\u304b\u308f\u3089\u305a\u3001\u6700\u592740\u30c1\u30e3\u30f3\u30cd\u30eb\u3092\u6271\u3046\u3053\u3068\u304c\u3067\u304d\u307e\u3059\u3002<\/p>\n<h2>\u30e4\u30de\u30cf01V\/96VCM<\/h2>\n<ul>\n<li>40\u5165\u529b\u300118\u30d0\u30b9\u300196 kHz<\/li>\n<li>\u30d5\u30ec\u30ad\u30b7\u30d6\u30eb\u306a\u30b3\u30f3\u30c8\u30ed\u30fc\u30eb\u3068\u30d1\u30c3\u30c1\u30f3\u30b0\u306b\u3088\u308b\u30d1\u30ef\u30d5\u30eb\u306a\u30c1\u30e3\u30f3\u30cd\u30eb\u6a5f\u80fd<\/li>\n<li>\u30de\u30eb\u30c1\u30a8\u30d5\u30a7\u30af\u30c8\u30fb\u30d7\u30ed\u30bb\u30c3\u30b5\u30fc4\u57fa<\/li>\n<li>\u30a8\u30c7\u30a3\u30bf\u30fc\u30fb\u30bd\u30d5\u30c8\u30a6\u30a7\u30a2\u4ed8\u5c5e<\/li>\n<li>\u591a\u5f69\u306a\u30da\u30a2\u30ea\u30f3\u30b0\u3068\u30b0\u30eb\u30fc\u30d4\u30f3\u30b0\u6a5f\u80fd\u3067\u3001\u30df\u30ad\u30b7\u30f3\u30b0\u3092\u3088\u308a\u52b9\u7387\u7684\u306b<\/li>\n<\/ul>","protected":false},"excerpt":{"rendered":"<p>Mischpulte Yamaha 01V\/96VCM Das 01V\/96VCM bietet die Leistungsf\u00e4higkeit und Zuverl\u00e4ssigkeit, die man von Yamahas digitalen Live- und Produktionskonsolen erwartet, und das in einem bemerkenswert kompakten Design &#8211; so ist es die perfekte Wahl f\u00fcr Anwendungen, wo Platz knapp oder flexible Mobililt\u00e4t gefragt ist. Trotz seiner geringen Au\u00dfenma\u00dfe kann es bis zu 40 Kan\u00e4le handhaben. Yamaha 01V\/96VCM 40 Eing\u00e4nge und 18 Busse bei 96 kHz Leistungsf\u00e4hige Kanalfunktionen mit flexibler Kontrolle und Patching Vier Multi-Effekt-Prozessoren Editor-Software inklusive Vielseitige Pairing- und Gruppierungsfunktionen machen das Mischen effizienter<\/p>","protected":false},"author":1,"featured_media":45482,"parent":1289,"menu_order":141,"comment_status":"closed","ping_status":"open","template":"","meta":{"_acf_changed":false,"footnotes":""},"class_list":["post-2271","page","type-page","status-publish","has-post-thumbnail","hentry"],"acf":[],"_links":{"self":[{"href":"https:\/\/konferenztechnik.de\/ja\/wp-json\/wp\/v2\/pages\/2271","targetHints":{"allow":["GET"]}}],"collection":[{"href":"https:\/\/konferenztechnik.de\/ja\/wp-json\/wp\/v2\/pages"}],"about":[{"href":"https:\/\/konferenztechnik.de\/ja\/wp-json\/wp\/v2\/types\/page"}],"author":[{"embeddable":true,"href":"https:\/\/konferenztechnik.de\/ja\/wp-json\/wp\/v2\/users\/1"}],"replies":[{"embeddable":true,"href":"https:\/\/konferenztechnik.de\/ja\/wp-json\/wp\/v2\/comments?post=2271"}],"version-history":[{"count":0,"href":"https:\/\/konferenztechnik.de\/ja\/wp-json\/wp\/v2\/pages\/2271\/revisions"}],"up":[{"embeddable":true,"href":"https:\/\/konferenztechnik.de\/ja\/wp-json\/wp\/v2\/pages\/1289"}],"wp:featuredmedia":[{"embeddable":true,"href":"https:\/\/konferenztechnik.de\/ja\/wp-json\/wp\/v2\/media\/45482"}],"wp:attachment":[{"href":"https:\/\/konferenztechnik.de\/ja\/wp-json\/wp\/v2\/media?parent=2271"}],"curies":[{"name":"wp","href":"https:\/\/api.w.org\/{rel}","templated":true}]}}