{"id":2278,"date":"2013-09-20T14:10:18","date_gmt":"2013-09-20T12:10:18","guid":{"rendered":"https:\/\/konferenztechnik.de\/?page_id=2278"},"modified":"2023-07-05T14:29:38","modified_gmt":"2023-07-05T12:29:38","slug":"%e3%83%80%e3%82%a4%e3%83%8a%e3%83%9f%e3%82%af%e3%82%b9%e3%81%a8%e5%8a%b9%e6%9e%9c","status":"publish","type":"page","link":"https:\/\/konferenztechnik.de\/ja\/%e4%bc%9a%e8%ad%b0%e3%81%8a%e3%82%88%e3%81%b3av%e3%83%a1%e3%83%87%e3%82%a3%e3%82%a2%e6%8a%80%e8%a1%93%e3%81%ae%e9%85%8d%e5%b8%83\/%e3%82%aa%e3%83%bc%e3%83%87%e3%82%a3%e3%82%aa%e3%83%bb%e3%83%86%e3%82%af%e3%83%8e%e3%83%ad%e3%82%b8%e3%83%bc-%e3%83%9e%e3%82%a4%e3%82%af%e3%83%ad%e3%83%95%e3%82%a9%e3%83%b3-%e3%82%b5%e3%82%a6%e3%83%b3\/%e3%83%80%e3%82%a4%e3%83%8a%e3%83%9f%e3%82%af%e3%82%b9%e3%81%a8%e5%8a%b9%e6%9e%9c\/","title":{"rendered":"\u30c0\u30a4\u30ca\u30df\u30af\u30b9\u3068\u52b9\u679c"},"content":{"rendered":"<h1>\u30c0\u30a4\u30ca\u30df\u30af\u30b9\u3068\u52b9\u679c<\/h1>\n<h2>\u30cd\u30af\u30b7\u30a2<\/h2>\n<p><a href=\"https:\/\/konferenztechnik.de\/wp-content\/uploads\/2013\/09\/Biamp_Nexia_CS_gross.jpg\"><img fetchpriority=\"high\" decoding=\"async\" width=\"603\" height=\"217\" class=\"alignleft size-full wp-image-2408\" src=\"https:\/\/konferenztechnik.de\/wp-content\/uploads\/2013\/09\/Biamp_Nexia_CS_gross.jpg\" alt=\"\u30cd\u30af\u30b7\u30a2\" title=\"\" srcset=\"https:\/\/konferenztechnik.de\/wp-content\/uploads\/2013\/09\/Biamp_Nexia_CS_gross.jpg 603w, https:\/\/konferenztechnik.de\/wp-content\/uploads\/2013\/09\/Biamp_Nexia_CS_gross-300x108.jpg 300w\" sizes=\"(max-width: 603px) 100vw, 603px\" \/><\/a><\/p>\n<p>Nexia\u306f\u30b3\u30b9\u30c8\u30d1\u30d5\u30a9\u30fc\u30de\u30f3\u30b9\u306b\u512a\u308c\u305f\u30c7\u30b8\u30bf\u30eb\u30aa\u30fc\u30c7\u30a3\u30aa\u30b7\u30b9\u30c6\u30e0\u3067\u3001\u30b0\u30e9\u30d5\u30a3\u30ab\u30eb\u30fb\u30e6\u30fc\u30b6\u30fc\u30fb\u30a4\u30f3\u30bf\u30fc\u30d5\u30a7\u30fc\u30b9\u306b\u3088\u308a\u81ea\u7531\u306b\u30d7\u30ed\u30b0\u30e9\u30e0\u3059\u308b\u3053\u3068\u304c\u3067\u304d\u307e\u3059\u3002Nexia\u30b7\u30ea\u30fc\u30ba\u306b\u306f\u69d8\u3005\u306aI\/O\u30b3\u30f3\u30d5\u30a3\u30ae\u30e5\u30ec\u30fc\u30b7\u30e7\u30f3\u304c\u7528\u610f\u3055\u308c\u3066\u304a\u308a\u3001\u3069\u306e\u3088\u3046\u306a\u30a2\u30d7\u30ea\u30b1\u30fc\u30b7\u30e7\u30f3\u306b\u3082\u6700\u9069\u306a\u30c7\u30d0\u30a4\u30b9\u3092\u7c21\u5358\u306b\u898b\u3064\u3051\u308b\u3053\u3068\u304c\u3067\u304d\u307e\u3059\u3002\u5185\u90e8NexLink\u30d0\u30b9\u306b\u3088\u308a\u3001\u6700\u59274\u53f0\u306eNexia\u30b7\u30b9\u30c6\u30e0\u3092\u30aa\u30fc\u30c7\u30a3\u30aa\u5074\u3067\u30ea\u30f3\u30af\u3059\u308b\u3053\u3068\u304c\u3067\u304d\u307e\u3059\u3002\u305d\u306e\u305f\u3081Nexia\u306f\u3001\u4f1a\u8b70\u30bb\u30f3\u30bf\u30fc\u3001\u591a\u76ee\u7684\u30db\u30fc\u30eb\u3001\u7814\u4fee\u5ba4\u3001\u30ec\u30b9\u30c8\u30e9\u30f3\u306a\u3069\u3001\u81ea\u7531\u306b\u30d7\u30ed\u30b0\u30e9\u30e0\u53ef\u80fd\u306a\u30aa\u30fc\u30c7\u30a3\u30aa\u30b7\u30b9\u30c6\u30e0\u304c\u5fc5\u8981\u306a\u5834\u6240\u3067\u4f7f\u7528\u3059\u308b\u3053\u3068\u304c\u3067\u304d\u307e\u3059\u3002<\/p>\n<h2>\u30cd\u30af\u30b7\u30a2<\/h2>\n<p>\u30cd\u30af\u30b7\u30a2\u306e\u30bf\u30a4\u30d7\u306f\u4ee5\u4e0b\u306e\u901a\u308a\uff1a<\/p>\n<ul>\n<li>\u30cd\u30af\u30b7\u30a2CS\uff1a\u4f1a\u8b70\u5ba4\u306a\u3069\u30de\u30a4\u30af\u3092\u591a\u7528\u3059\u308b\u30a2\u30d7\u30ea\u30b1\u30fc\u30b7\u30e7\u30f3\u5411\u3051<\/li>\n<li>\u30cd\u30af\u30b7\u30a2PM\u7279\u306b\u30de\u30a4\u30af\u3068\u518d\u751f\u88c5\u7f6e\u306e\u4e21\u65b9\u3092\u4f7f\u7528\u3059\u308bAV\u30a2\u30d7\u30ea\u30b1\u30fc\u30b7\u30e7\u30f3\u306b\u6700\u9069<\/li>\n<li>\u30cd\u30af\u30b7\u30a2SP\uff1a\u30e9\u30a4\u30f3\u4fe1\u53f7\u3092\u591a\u6570\u306e\u51fa\u529b\u306b\u5206\u914d\u3059\u308b\u5fc5\u8981\u304c\u3042\u308b\u30a2\u30d7\u30ea\u30b1\u30fc\u30b7\u30e7\u30f3\u306b\u6700\u9069<\/li>\n<li>\u30cd\u30af\u30b7\u30a2TC\uff1a\u5e45\u5e83\u3044\u96fb\u8a71\u4f1a\u8b70\u30a2\u30d7\u30ea\u30b1\u30fc\u30b7\u30e7\u30f3\u306b\u6700\u9069<\/li>\n<li>\u30cd\u30af\u30b7\u30a2VC\uff1a\u5e45\u5e83\u3044\u30d3\u30c7\u30aa\u4f1a\u8b70\u30a2\u30d7\u30ea\u30b1\u30fc\u30b7\u30e7\u30f3\u306b\u6700\u9069<\/li>\n<\/ul>\n<h2>\u30b5\u30d3\u30fc\u30cdFBX-2400<\/h2>\n<p><a href=\"https:\/\/konferenztechnik.de\/wp-content\/uploads\/2013\/09\/Sabine_FBX1200-2400_gross.jpg\"><img decoding=\"async\" width=\"800\" height=\"75\" class=\"alignleft size-full wp-image-2407\" src=\"https:\/\/konferenztechnik.de\/wp-content\/uploads\/2013\/09\/Sabine_FBX1200-2400_gross.jpg\" alt=\"\u30b5\u30d3\u30fc\u30cdFBX-2400\" title=\"\" srcset=\"https:\/\/konferenztechnik.de\/wp-content\/uploads\/2013\/09\/Sabine_FBX1200-2400_gross.jpg 800w, https:\/\/konferenztechnik.de\/wp-content\/uploads\/2013\/09\/Sabine_FBX1200-2400_gross-300x28.jpg 300w, https:\/\/konferenztechnik.de\/wp-content\/uploads\/2013\/09\/Sabine_FBX1200-2400_gross-768x72.jpg 768w\" sizes=\"(max-width: 800px) 100vw, 800px\" \/><\/a><\/p>\n<p>\u3092\u6301\u3064\u3002 <em>\u30b5\u30d3\u30fc\u30cd\u30fb\u30d5\u30a3\u30fc\u30c9\u30d0\u30c3\u30af<\/em> \u30d5\u30a3\u30fc\u30c9\u30d0\u30c3\u30af\u3092\u81ea\u52d5\u7684\u304b\u3064\u78ba\u5b9f\u306b\u6291\u5236\u3059\u308b\u3053\u3068\u304c\u3067\u304d\u308b\u3002\u3053\u306e\u6280\u8853\u306f\u73fe\u5728\u7b2c5\u4e16\u4ee3\u306b\u306a\u308a\u3001\u65b0\u578b\u306e <em>SMARTFilter\u30c6\u30af\u30ce\u30ed\u30b8\u30fc<\/em>.<\/p>\n<h2>\u30b5\u30d3\u30fc\u30cdFBX-2400<\/h2>\n<ul>\n<li>\u30c1\u30e3\u30f3\u30cd\u30eb\u3042\u305f\u308a\u6700\u592712\u500b\u306e\u81ea\u52d5\u30d5\u30a3\u30fc\u30c9\u30d0\u30c3\u30af\u30fb\u30d5\u30a3\u30eb\u30bf\u30fc<\/li>\n<li>2\u30c1\u30e3\u30f3\u30cd\u30eb<\/li>\n<li>XLR\u306b\u3088\u308b\u30aa\u30fc\u30c7\u30a3\u30aa\u5165\u51fa\u529b<\/li>\n<li>\u7528\u9014\u306b\u5fdc\u3058\u30661\/10\u30aa\u30af\u30bf\u30fc\u30d6\u30681\/5\u30aa\u30af\u30bf\u30fc\u30d6\u3092\u5207\u308a\u66ff\u3048\u53ef\u80fd<\/li>\n<li>\u56fa\u5b9a\u304a\u3088\u3073\u52d5\u7684\u30d5\u30a3\u30eb\u30bf\u30fc<\/li>\n<li>SMART\u30d5\u30a3\u30eb\u30bf\u30fc\u30fb\u30c6\u30af\u30ce\u30ed\u30b8\u30fc<\/li>\n<\/ul>","protected":false},"excerpt":{"rendered":"<p>Dynamics und Effekte Nexia Nexia ist ein kosteneffektives digitales Audiosystem, das \u00fcber eine grafische Oberfl\u00e4che frei programmiert werden kann. Die Nexia-Serie ist in verschiedenen I\/O-Konfigurationen erh\u00e4ltlich, so l\u00e4sst sich f\u00fcr jede Anwendung schnell das passende Ger\u00e4t finden. Bis zu vier Nexia Systeme k\u00f6nnen \u00fcber den internen NexLink Bus miteinander audioseitig gekoppelt werden. Nexia kommt so in Konferenzzentren, Mehrzweckhallen, Schulungsr\u00e4umen, der Gastronomie oder \u00fcberall wo ein frei programmierbares Audiosystem ben\u00f6tigt wird, zum Einsatz. Nexia Die folgenden Nexia Typen sind erh\u00e4ltlich: Nexia CS: F\u00fcr mikrofonintensive Anwendungen wie z.B. Konferenzr\u00e4ume Nexia PM: Speziell geeignet f\u00fcr AV-Anwendungen, bei denen sowohl Mikrofone als auch Zuspielger\u00e4te verwendet werden Nexia SP: Ideal f\u00fcr Anwendungen, bei denen Line-Signale [&hellip;]<\/p>","protected":false},"author":1,"featured_media":45482,"parent":1289,"menu_order":139,"comment_status":"closed","ping_status":"open","template":"","meta":{"_acf_changed":false,"footnotes":""},"class_list":["post-2278","page","type-page","status-publish","has-post-thumbnail","hentry"],"acf":[],"_links":{"self":[{"href":"https:\/\/konferenztechnik.de\/ja\/wp-json\/wp\/v2\/pages\/2278","targetHints":{"allow":["GET"]}}],"collection":[{"href":"https:\/\/konferenztechnik.de\/ja\/wp-json\/wp\/v2\/pages"}],"about":[{"href":"https:\/\/konferenztechnik.de\/ja\/wp-json\/wp\/v2\/types\/page"}],"author":[{"embeddable":true,"href":"https:\/\/konferenztechnik.de\/ja\/wp-json\/wp\/v2\/users\/1"}],"replies":[{"embeddable":true,"href":"https:\/\/konferenztechnik.de\/ja\/wp-json\/wp\/v2\/comments?post=2278"}],"version-history":[{"count":0,"href":"https:\/\/konferenztechnik.de\/ja\/wp-json\/wp\/v2\/pages\/2278\/revisions"}],"up":[{"embeddable":true,"href":"https:\/\/konferenztechnik.de\/ja\/wp-json\/wp\/v2\/pages\/1289"}],"wp:featuredmedia":[{"embeddable":true,"href":"https:\/\/konferenztechnik.de\/ja\/wp-json\/wp\/v2\/media\/45482"}],"wp:attachment":[{"href":"https:\/\/konferenztechnik.de\/ja\/wp-json\/wp\/v2\/media?parent=2278"}],"curies":[{"name":"wp","href":"https:\/\/api.w.org\/{rel}","templated":true}]}}