{"id":2516,"date":"2013-09-23T13:27:25","date_gmt":"2013-09-23T11:27:25","guid":{"rendered":"https:\/\/konferenztechnik.de\/?page_id=2516"},"modified":"2023-07-05T15:05:51","modified_gmt":"2023-07-05T13:05:51","slug":"%e4%bc%90%e6%8e%a1","status":"publish","type":"page","link":"https:\/\/konferenztechnik.de\/ja\/%e4%bc%9a%e8%ad%b0%e3%81%8a%e3%82%88%e3%81%b3av%e3%83%a1%e3%83%87%e3%82%a3%e3%82%a2%e6%8a%80%e8%a1%93%e3%81%ae%e9%85%8d%e5%b8%83\/%e4%bc%90%e6%8e%a1\/","title":{"rendered":"\u30ed\u30ae\u30f3\u30b0"},"content":{"rendered":"<h1>\u30ed\u30ae\u30f3\u30b0<\/h1>\n<p>\u5f93\u6765\u306e\u4f1a\u8b70\u306e\u97f3\u58f0\u9332\u97f3\u306e\u305f\u3081\u306e\u69d8\u3005\u306a\u6a5f\u5668\u304c\u5e02\u5834\u306b\u51fa\u56de\u3063\u3066\u3044\u308b\u3002\u30c6\u30fc\u30d7\u30fb\u30ec\u30b3\u30fc\u30c0\u30fc\u3084\u30c7\u30a3\u30af\u30c6\u30fc\u30b7\u30e7\u30f3\u30fb\u30de\u30b7\u30f3\u3068\u3044\u3063\u305f\u6642\u4ee3\u9045\u308c\u306e\u6a5f\u5668\u304c\u5ec3\u308c\u308b\u4e00\u65b9\u3067\u3001\u3088\u304f\u77e5\u3089\u308c\u305f\u30ab\u30bb\u30c3\u30c8\u30fb\u30ec\u30b3\u30fc\u30c0\u30fc\u3084DAT\u30ec\u30b3\u30fc\u30c0\u30fc\u306bMD\u30ec\u30b3\u30fc\u30c0\u30fc\u3084CD\u30ec\u30b3\u30fc\u30c0\u30fc\u304c\u52a0\u308f\u308a\u307e\u3057\u305f\u3002\u30cf\u30fc\u30c9\u30c7\u30a3\u30b9\u30af\u9332\u97f3\u3082\u3001\u307e\u3059\u307e\u3059\u624b\u9803\u306a\u4fa1\u683c\u306b\u306a\u3063\u3066\u304d\u3066\u3044\u308b\u3002\u3057\u304b\u3057\u3001\u3053\u306e\u3088\u3046\u306a\u30cf\u30fc\u30c9\u30a6\u30a7\u30a2\u3068\u306f\u307e\u3063\u305f\u304f\u5225\u306b\u3001\u73fe\u5728\u3001\u30c8\u30ec\u30f3\u30c9\u306f\u5f90\u3005\u306b\u30bd\u30d5\u30c8\u30a6\u30a7\u30a2\u9332\u97f3\u306b\u79fb\u884c\u3057\u3064\u3064\u3042\u308b\u3002\u30d1\u30bd\u30b3\u30f3\u307e\u305f\u306f\u30ce\u30fc\u30c8\u30d1\u30bd\u30b3\u30f3\u3001\u30de\u30a4\u30af\u307e\u305f\u306fUSB\u30de\u30a4\u30af\u3001\u305d\u3057\u3066\u9069\u5207\u306a\u2013\u30bd\u30d5\u30c8\u30a6\u30a7\u30a2\u304c\u3042\u308c\u3070\u3001\u9332\u97f3\u3092\u59cb\u3081\u308b\u3053\u3068\u304c\u3067\u304d\u308b\u3002<\/p>\n<h2>MP3\u30ec\u30b3\u30fc\u30c0\u30fc \u30de\u30e9\u30f3\u30c4<\/h2>\n<p><a href=\"https:\/\/konferenztechnik.de\/wp-content\/uploads\/2013\/09\/marrantz_mp3-recorder_gross.jpg\"><img decoding=\"async\" width=\"400\" height=\"105\" class=\"alignleft size-full wp-image-2912\" src=\"https:\/\/konferenztechnik.de\/wp-content\/uploads\/2013\/09\/marrantz_mp3-recorder_gross.jpg\" alt=\"MP3\u30ec\u30b3\u30fc\u30c0\u30fc \u30de\u30e9\u30f3\u30c4\" title=\"\" srcset=\"https:\/\/konferenztechnik.de\/wp-content\/uploads\/2013\/09\/marrantz_mp3-recorder_gross.jpg 400w, https:\/\/konferenztechnik.de\/wp-content\/uploads\/2013\/09\/marrantz_mp3-recorder_gross-300x79.jpg 300w\" sizes=\"(max-width: 400px) 100vw, 400px\" \/><\/a><\/p>\n<p>MP3\u30ec\u30b3\u30fc\u30c0\u30fc\u306f\u3001\u304a\u305d\u3089\u304f\u73fe\u4ee3\u3067\u6700\u3082\u30dd\u30d4\u30e5\u30e9\u30fc\u306a\u9332\u97f3\u6a5f\u5668\u306e\u3072\u3068\u3064\u3060\u308d\u3046\u3002\u97f3\u58f0\u306f\u3001\u4f8b\u3048\u3070\u30b3\u30f3\u30d1\u30af\u30c8\u30d5\u30e9\u30c3\u30b7\u30e5\u30ab\u30fc\u30c9\u306e\u3088\u3046\u306a\u6a19\u6e96\u7684\u306a\u8a18\u61b6\u5a92\u4f53\u306b\u9332\u97f3\u3055\u308c\u307e\u3059\u3002\u3088\u308a\u30d7\u30ed\u30d5\u30a7\u30c3\u30b7\u30e7\u30ca\u30eb\u306a\u6a5f\u5668\u306b\u306a\u308b\u3068\u3001\u30b7\u30ea\u30a2\u30eb\u30fb\u30a4\u30f3\u30bf\u30fc\u30d5\u30a7\u30fc\u30b9\uff08RS-232C\uff09\u3084\u30a4\u30fc\u30b5\u30cd\u30c3\u30c8\u30fb\u30a4\u30f3\u30bf\u30fc\u30d5\u30a7\u30fc\u30b9\uff08LAN\/RJ-45\uff09\u3092\u4f7f\u3063\u3066\u3001PC\u304b\u3089\u5236\u5fa1\u3057\u305f\u308a\u8aad\u307f\u51fa\u3057\u305f\u308a\u3067\u304d\u308b\u3002<\/p>\n<h2>DAT\u30ec\u30b3\u30fc\u30c0\u30fc<\/h2>\n<p><a href=\"https:\/\/konferenztechnik.de\/wp-content\/uploads\/2013\/09\/Sony_DAT-Recorder_gross.jpg\"><img fetchpriority=\"high\" decoding=\"async\" width=\"490\" height=\"151\" class=\"alignleft size-full wp-image-2911\" src=\"https:\/\/konferenztechnik.de\/wp-content\/uploads\/2013\/09\/Sony_DAT-Recorder_gross.jpg\" alt=\"DAT\u30ec\u30b3\u30fc\u30c0\u30fc\" title=\"\" srcset=\"https:\/\/konferenztechnik.de\/wp-content\/uploads\/2013\/09\/Sony_DAT-Recorder_gross.jpg 490w, https:\/\/konferenztechnik.de\/wp-content\/uploads\/2013\/09\/Sony_DAT-Recorder_gross-300x92.jpg 300w\" sizes=\"(max-width: 490px) 100vw, 490px\" \/><\/a><\/p>\n<p>DAT\u30d5\u30a9\u30fc\u30de\u30c3\u30c8\u306f\u30011990\u5e74\u4ee3\u306b\u306f\u30b3\u30f3\u30b7\u30e5\u30fc\u30de\u30fc\u5206\u91ce\u3067\u305d\u306e\u5730\u4f4d\u3092\u78ba\u7acb\u3059\u308b\u306e\u306b\u82e6\u52b4\u3057\u305f\u304c\u3001\u3053\u306e\u30c6\u30af\u30ce\u30ed\u30b8\u30fc\u306f\u3001\u9577\u3044\u518d\u751f\u6642\u9593\uff08\u6700\u59273\u6642\u9593\uff09\u3001\u30ed\u30b9\u306e\u306a\u3044\u975e\u5727\u7e2e\u9ad8\u97f3\u8cea\u9332\u97f3\u3068\u3044\u3046\u5229\u70b9\u3092\u63d0\u4f9b\u3059\u308b\u305f\u3081\u3001\u4eca\u65e5\u307e\u3067\u30b9\u30bf\u30b8\u30aa\u3084\u30d7\u30ed\u30d5\u30a7\u30c3\u30b7\u30e7\u30ca\u30eb\u5206\u91ce\u3067\u5b9a\u756a\u306e\u30e1\u30c7\u30a3\u30a2\u3068\u3057\u3066\u305d\u306e\u5730\u4f4d\u3092\u4fdd\u3063\u3066\u3044\u308b\u3002<\/p>\n<h1>\u30d7\u30ed\u30c8\u30b3\u30eb\u304a\u3088\u3073\u8a18\u9332\u7528\u30bd\u30d5\u30c8\u30a6\u30a7\u30a2 \u2013 stenos-s<\/h1>\n<h2>\u30b9\u30c6\u30f3\u30ceS 4<\/h2>\n<p><a href=\"https:\/\/konferenztechnik.de\/wp-content\/uploads\/2013\/09\/beyerdynamic_stenos-s4_court_klein.jpg\"><img decoding=\"async\" width=\"130\" height=\"130\" class=\"alignleft size-full wp-image-2917\" src=\"https:\/\/konferenztechnik.de\/wp-content\/uploads\/2013\/09\/beyerdynamic_stenos-s4_court_klein.jpg\" alt=\"Beyerdynamic stenos-s4 \u30ed\u30ae\u30f3\u30b0\u30bd\u30d5\u30c8\u30a6\u30a7\u30a2\" title=\"\"><\/a><\/p>\n<p>steno-s\u30ec\u30b3\u30fc\u30c7\u30a3\u30f3\u30b0\u30bd\u30d5\u30c8\u30a6\u30a7\u30a2\u306f\u3001\u4f1a\u8b70\u3001\u30df\u30fc\u30c6\u30a3\u30f3\u30b0\u3001\u6cd5\u5ef7\u3067\u306e\u30aa\u30fc\u30c7\u30a3\u30aa\u30ec\u30b3\u30fc\u30c7\u30a3\u30f3\u30b0\u306e\u305f\u3081\u306e\u30d1\u30ef\u30d5\u30eb\u306a\u30c4\u30fc\u30eb\u3067\u3059\u3002steno-s\u3067\u306f\u3001\u30de\u30fc\u30ab\u30fc\u3001\u30e1\u30c7\u30a3\u30a2\u30d5\u30a1\u30a4\u30eb\uff08Word\u3001Excel\u3001PowerPoint\u306a\u3069\uff09\u306e\u7d71\u5408\u3001\u30b3\u30e1\u30f3\u30c8\u306a\u3069\u306e\u69d8\u3005\u306a\u6a5f\u80fd\u3092\u4f7f\u7528\u3057\u3066\u3001\u9332\u97f3\u3057\u305f\u7d20\u6750\u3092\u6700\u9069\u306b\u7ba1\u7406\u3057\u3001\u30a2\u30fc\u30ab\u30a4\u30d6\u3059\u308b\u3053\u3068\u304c\u3067\u304d\u307e\u3059\u3002<\/p>\n<p>steno-s\u3092\u4f7f\u7528\u3059\u308b\u3068\u3001\u4f1a\u8b70\u306e\u5f8c\u3067\u3082\u500b\u3005\u306e\u5185\u5bb9\u306b\u7c21\u5358\u304b\u3064\u9078\u629e\u7684\u306b\u30a2\u30af\u30bb\u30b9\u3059\u308b\u3053\u3068\u304c\u3067\u304d\u307e\u3059\u3002\u6c7a\u5b9a\u4e8b\u9805\u3001\u30b3\u30e1\u30f3\u30c8\u3001\u8cea\u554f\u306f\u9332\u97f3\u306b\u30de\u30fc\u30ab\u30fc\u3067\u8868\u793a\u3055\u308c\u308b\u305f\u3081\u3001\u8b70\u4e8b\u9332\u3092\u4f5c\u6210\u3059\u308b\u305f\u3081\u306b\u518d\u5ea6\u805e\u304f\u3053\u3068\u3082\u7c21\u5358\u3067\u3059\u3002\u30da\u30fc\u30d1\u30fc\u30ec\u30b9\u306e\u30a2\u30fc\u30ab\u30a4\u30d6\u3068\u3057\u3066\u3001\u9332\u97f3\u3092CD\u306b\u713c\u3044\u305f\u308a\u3001\u30cd\u30c3\u30c8\u30ef\u30fc\u30af\u4e0a\u3067\u30c7\u30fc\u30bf\u3092\u5229\u7528\u3059\u308b\u3053\u3068\u304c\u3067\u304d\u307e\u3059\u3002<\/p>\n<h2>\u30b9\u30c6\u30f3\u30ceS 4<\/h2>\n<p>\u30b9\u30c6\u30f3\u30ce\u306e\u7279\u5fb4 4\uff1a<\/p>\n<ul>\n<li>\u6570\u6642\u9593\/\u6570\u65e5\u9593\u306b\u308f\u305f\u308b\u9577\u671f\u9332\u753b<\/li>\n<li>\u8907\u6570\u30c1\u30e3\u30f3\u30cd\u30eb\u306e\u540c\u6642\u9332\u97f3<\/li>\n<li>\u3042\u3089\u3086\u308b\u30d5\u30a1\u30a4\u30eb\u306e\u57cb\u3081\u8fbc\u307f\uff08\u4f8b\uff1a\u30a8\u30af\u30bb\u30eb\u3084\u30d1\u30ef\u30fc\u30dd\u30a4\u30f3\u30c8\uff09<\/li>\n<li>\u96fb\u5b50\u653f\u5e9c\u30a2\u30d7\u30ea\u30b1\u30fc\u30b7\u30e7\u30f3\u306e\u7d71\u5408\uff08ALLRIS\u306a\u3069\uff09<\/li>\n<li>\u30d4\u30c3\u30c1\u3092\u305a\u3089\u3055\u305a\u306b\u518d\u751f\u901f\u5ea6\u3092\u5909\u3048\u308b<\/li>\n<li>\u9332\u753b\u4e2d\u306e\u4f1a\u8b70\u306e\u518d\u751f<\/li>\n<li>\u30aa\u30d7\u30b7\u30e7\u30f3\u306eUSB\u30d5\u30c3\u30c8\u30b9\u30a4\u30c3\u30c1\u306b\u3088\u308b\u4fbf\u5229\u306a\u518d\u751f\u30b3\u30f3\u30c8\u30ed\u30fc\u30eb<\/li>\n<li>\u9332\u97f3\u3057\u305f\u4f1a\u8b70\u3092\u518d\u751f\u3059\u308b\u305f\u3081\u306e\u7121\u6599steno-s\u30d7\u30ec\u30fc\u30e4\u30fc\u30e2\u30fc\u30c9<\/li>\n<\/ul>\n<p>\u3054\u6ce8\u610f\uff1asteno-s 4\u306fWindows 7\u4ee5\u4e0a\u306b\u5bfe\u5fdc\u3057\u3066\u3044\u307e\u3059\u3002\u305d\u308c\u4ee5\u524d\u306e\u30d0\u30fc\u30b8\u30e7\u30f3\u306eWindows\u306b\u5bfe\u5fdc\u3059\u308bsteno-s\u304c\u5fc5\u8981\u306a\u5834\u5408\u306f\u3001\u304a\u554f\u3044\u5408\u308f\u305b\u304f\u3060\u3055\u3044\u3002<\/p>\n<p>\u30d5\u30c3\u30c8\u30b3\u30f3\u30c8\u30ed\u30fc\u30e9\u30fc\u3001\u30d8\u30c3\u30c9\u30d5\u30a9\u30f3\u3001USB\u30de\u30a4\u30af\u306a\u3069\u3001\u30bd\u30d5\u30c8\u30a6\u30a7\u30a2\u306b\u5408\u308f\u305b\u305f\u5404\u7a2e\u64cd\u4f5c\u30c7\u30d0\u30a4\u30b9\u3082\u7528\u610f\u3055\u308c\u3066\u3044\u308b\uff1a<\/p>\n<h2>Steno-S STA-22 \u30a2\u30b4\u3042\u3066\u30d8\u30c3\u30c9\u30d5\u30a9\u30f3<\/h2>\n<p><a href=\"https:\/\/konferenztechnik.de\/wp-content\/uploads\/2013\/09\/Steno-S_Kinnbuegelkopfhoerer_STA-22_gross.jpg\"><img loading=\"lazy\" decoding=\"async\" width=\"353\" height=\"600\" class=\"alignleft size-full wp-image-2916\" src=\"https:\/\/konferenztechnik.de\/wp-content\/uploads\/2013\/09\/Steno-S_Kinnbuegelkopfhoerer_STA-22_gross.jpg\" alt=\"Steno-S STA-22 \u30a2\u30b4\u3042\u3066\u30d8\u30c3\u30c9\u30d5\u30a9\u30f3 \" title=\"\" srcset=\"https:\/\/konferenztechnik.de\/wp-content\/uploads\/2013\/09\/Steno-S_Kinnbuegelkopfhoerer_STA-22_gross.jpg 353w, https:\/\/konferenztechnik.de\/wp-content\/uploads\/2013\/09\/Steno-S_Kinnbuegelkopfhoerer_STA-22_gross-177x300.jpg 177w\" sizes=\"(max-width: 353px) 100vw, 353px\" \/><\/a><\/p>\n<p>STA 22: 3.5mm\u30b8\u30e3\u30c3\u30af\u4ed8\u304d\u3042\u3054\u3072\u3082\u30d8\u30c3\u30c9\u30d5\u30a9\u30f3<\/p>\n<p>\u7279\u5fb4<\/p>\n<ul>\n<li>\u30dc\u30ea\u30e5\u30fc\u30e0\u30fb\u30b3\u30f3\u30c8\u30ed\u30fc\u30eb\u5185\u85352.5m\u30b1\u30fc\u30d6\u30eb<\/li>\n<li>3.5 mm\u30b8\u30e3\u30c3\u30af\u30d7\u30e9\u30b0<\/li>\n<li>\u30b9\u30c6\u30ec\u30aa\u63a5\u7d9a\u300121\u30aa\u30fc\u30e0\u300120\uff5e20,000 Hz<\/li>\n<li>PC\u3068\u306e\u76f4\u63a5\u63a5\u7d9a\u304c\u53ef\u80fd<\/li>\n<\/ul>\n<h2>\u30d5\u30c3\u30c8\u30b9\u30a4\u30c3\u30c1 Steno-S STA-44<\/h2>\n<p><a href=\"https:\/\/konferenztechnik.de\/wp-content\/uploads\/2013\/09\/Steno-S_Fussschalter_STA-44_klein.jpg\"><img loading=\"lazy\" decoding=\"async\" width=\"180\" height=\"115\" class=\"alignleft size-full wp-image-2919\" src=\"https:\/\/konferenztechnik.de\/wp-content\/uploads\/2013\/09\/Steno-S_Fussschalter_STA-44_klein.jpg\" alt=\"\u30d5\u30c3\u30c8\u30b9\u30a4\u30c3\u30c1 Steno-S STA-44\" title=\"\"><\/a><\/p>\n<p>STA-44\u30d5\u30c3\u30c8\u30b9\u30a4\u30c3\u30c1\u3092\u4f7f\u3048\u3070\u3001\u30de\u30a6\u30b9\u3084\u30ad\u30fc\u30dc\u30fc\u30c9\u3092\u4f7f\u308f\u305a\u306b\u30b9\u30c6\u30ceS\u3084\u7121\u6599\u306e\u30b9\u30c6\u30ceS\u30d7\u30ec\u30fc\u30e4\u30fc\u3092\u30b3\u30f3\u30c8\u30ed\u30fc\u30eb\u3059\u308b\u3053\u3068\u304c\u3067\u304d\u307e\u3059\u3002\u30d5\u30c3\u30c8\u30b3\u30f3\u30c8\u30ed\u30fc\u30e9\u30fc\u306fRS232\u307e\u305f\u306fUSB\u30a4\u30f3\u30bf\u30fc\u30d5\u30a7\u30fc\u30b9\u3067\u30b3\u30f3\u30d4\u30e5\u30fc\u30bf\u30fc\u306b\u63a5\u7d9a\u3067\u304d\u307e\u3059\u3002Steno-S\u30bd\u30d5\u30c8\u30a6\u30a7\u30a2\u306e\u8a2d\u5b9a\u30aa\u30d7\u30b7\u30e7\u30f3\u3067\u30ab\u30b9\u30bf\u30de\u30a4\u30ba\u3067\u304d\u308b3\u3064\u306e\u30dc\u30bf\u30f3\u3067\u64cd\u4f5c\u3057\u307e\u3059\u3002<\/p>\n<h2>MPC 70 USB\u30d0\u30a6\u30f3\u30c0\u30ea\u30fc\u30fb\u30de\u30a4\u30af\u30ed\u30d5\u30a9\u30f3<\/h2>\n<p><a href=\"https:\/\/konferenztechnik.de\/wp-content\/uploads\/2013\/09\/Steno-S_Grenzflaechenmikrofon_MPC-70_USB_klein.jpg\"><img loading=\"lazy\" decoding=\"async\" width=\"155\" height=\"116\" class=\"alignleft size-full wp-image-2325\" src=\"https:\/\/konferenztechnik.de\/wp-content\/uploads\/2013\/09\/Steno-S_Grenzflaechenmikrofon_MPC-70_USB_klein.jpg\" alt=\"\u30d9\u30a4\u30e4\u30fc\u30c0\u30a4\u30ca\u30df\u30c3\u30af \u30d0\u30a6\u30f3\u30c0\u30ea\u30fc\u30de\u30a4\u30af\u30ed\u30db\u30f3 MPC 70 USB\" title=\"\"><\/a><\/p>\n<p>MPC 70 USB\u306f\u6a19\u6e96USB\u63a5\u7d9a\u306e\u30d0\u30a6\u30f3\u30c0\u30ea\u30fc\u30de\u30a4\u30af\u30ed\u30db\u30f3\u3067\u3059\u3002\u3053\u306e\u30de\u30a4\u30af\u30ed\u30db\u30f3\u306f\u30b9\u30c6\u30ce\u306a\u3069\u306e\u30bd\u30d5\u30c8\u30a6\u30a7\u30a2\u30a2\u30d7\u30ea\u30b1\u30fc\u30b7\u30e7\u30f3\u306b\u4f7f\u7528\u3067\u304d\u307e\u3059\u304c\u3001\u4f8b\u3048\u3070\u30d3\u30c7\u30aa\u4f1a\u8b70\u30b7\u30b9\u30c6\u30e0\u306b\u3082\u7d44\u307f\u8fbc\u3080\u3053\u3068\u304c\u3067\u304d\u3001\u9332\u97f3\u3084\u97f3\u58f0\u54c1\u8cea\u306e\u65b0\u305f\u306a\u53ef\u80fd\u6027\u3092\u63d0\u4f9b\u3057\u307e\u3059\u3002<\/p>\n<h2>MPC 70 USB\u30d0\u30a6\u30f3\u30c0\u30ea\u30fc\u30fb\u30de\u30a4\u30af\u30ed\u30d5\u30a9\u30f3<\/h2>\n<p>\u5185\u8535\u306e\u30e1\u30f3\u30d6\u30ec\u30f3\u30b9\u30a4\u30c3\u30c1\u306f\u3001\u7528\u9014\u306b\u5fdc\u3058\u3066\u30aa\u30f3\/\u30aa\u30d5\u3001\u30d7\u30c3\u30b7\u30e5\u30fb\u30c8\u30a5\u30fb\u30c8\u30fc\u30af\u3001\u30d7\u30c3\u30b7\u30e5\u30fb\u30c8\u30a5\u30fb\u30df\u30e5\u30fc\u30c8\u306e3\u3064\u306e\u52d5\u4f5c\u30e2\u30fc\u30c9\u3092\u5207\u308a\u66ff\u3048\u308b\u3053\u3068\u304c\u3067\u304d\u307e\u3059\u3002LED\u30a4\u30f3\u30b8\u30b1\u30fc\u30bf\u30fc\u306f\u3001\u30de\u30a4\u30af\u304c\u30a2\u30af\u30c6\u30a3\u30d6\u306b\u306a\u308b\u3068\u8d64\u304f\u70b9\u706f\u3057\u307e\u3059\u3002\u30de\u30a4\u30af\u306e\u611f\u5ea6\u306f\u3042\u3089\u304b\u3058\u30812\u6bb5\u968e\u3067\u9078\u629e\u3067\u304d\u307e\u3059\u3002\u3055\u3089\u306b\u3001\u4f4e\u97f3\u4f4e\u6e1b\u306e\u30b9\u30a4\u30c3\u30c1\u3092\u30aa\u30f3\u306b\u3059\u308b\u3053\u3068\u3067\u3001\u69cb\u9020\u7269\u3092\u4ecb\u3057\u305f\u97f3\u3092\u6e1b\u8870\u3055\u305b\u308b\u3053\u3068\u304c\u3067\u304d\u307e\u3059\u3002\u30b1\u30fc\u30d6\u30eb\u306f\u53d6\u308a\u5916\u3057\u53ef\u80fd\u3067\u3001\u9577\u3055\u306f3m\u3042\u308b\u305f\u3081\u3001MPC 70\u3092\u4f1a\u8b70\u30c6\u30fc\u30d6\u30eb\u306e\u4e0a\u306b\u4fbf\u5229\u306b\u914d\u7f6e\u3059\u308b\u3053\u3068\u304c\u3067\u304d\u307e\u3059\u3002<\/p>","protected":false},"excerpt":{"rendered":"<p>Protokollierung F\u00fcr eine herk\u00f6mmliche tontechnische Aufzeichnung von Konferenzen sind verschiedene Ger\u00e4te auf dem Markt. W\u00e4hrend veraltete Ger\u00e4te wie Tonbandmaschinen und Diktierger\u00e4te aus der Mode gekommen sind, kamen in der Zwischenzeit zu den altbekannten Kassettenrecordern und DAT-Recordern auch MD-Recorder und CD-Recorder. Auch ein Harddisc-Recording wird immer erschwinglicher. Ganz abgesehen von dieser Hardware geht der Trend aber nun allm\u00e4hlich zum Software-Recording. Hier ben\u00f6tigt man einen PC oder ein Notebook, ein Mikrofon oder USB-Mikrofon und die entsprechende Software &#8211; schon kann die Aufzeichnung beginnen. MP3 Recorder Marantz Wohl eines der beliebtesten Aufzeichnungsger\u00e4te der Neuzeit ist ein MP3-Recorder. Hier findet eine Audio-Aufzeichnung zum Beispiel auf einem handels\u00fcblichen Speichermedium wie der CompactFlash-Karte statt. Durch eine [&hellip;]<\/p>","protected":false},"author":1,"featured_media":45482,"parent":3614,"menu_order":135,"comment_status":"closed","ping_status":"open","template":"","meta":{"_acf_changed":false,"footnotes":""},"class_list":["post-2516","page","type-page","status-publish","has-post-thumbnail","hentry"],"acf":[],"_links":{"self":[{"href":"https:\/\/konferenztechnik.de\/ja\/wp-json\/wp\/v2\/pages\/2516","targetHints":{"allow":["GET"]}}],"collection":[{"href":"https:\/\/konferenztechnik.de\/ja\/wp-json\/wp\/v2\/pages"}],"about":[{"href":"https:\/\/konferenztechnik.de\/ja\/wp-json\/wp\/v2\/types\/page"}],"author":[{"embeddable":true,"href":"https:\/\/konferenztechnik.de\/ja\/wp-json\/wp\/v2\/users\/1"}],"replies":[{"embeddable":true,"href":"https:\/\/konferenztechnik.de\/ja\/wp-json\/wp\/v2\/comments?post=2516"}],"version-history":[{"count":0,"href":"https:\/\/konferenztechnik.de\/ja\/wp-json\/wp\/v2\/pages\/2516\/revisions"}],"up":[{"embeddable":true,"href":"https:\/\/konferenztechnik.de\/ja\/wp-json\/wp\/v2\/pages\/3614"}],"wp:featuredmedia":[{"embeddable":true,"href":"https:\/\/konferenztechnik.de\/ja\/wp-json\/wp\/v2\/media\/45482"}],"wp:attachment":[{"href":"https:\/\/konferenztechnik.de\/ja\/wp-json\/wp\/v2\/media?parent=2516"}],"curies":[{"name":"wp","href":"https:\/\/api.w.org\/{rel}","templated":true}]}}