{"id":2522,"date":"2013-09-23T13:37:16","date_gmt":"2013-09-23T11:37:16","guid":{"rendered":"https:\/\/konferenztechnik.de\/?page_id=2522"},"modified":"2023-07-05T15:01:31","modified_gmt":"2023-07-05T13:01:31","slug":"%e3%83%a1%e3%83%87%e3%82%a3%e3%82%a2%e3%82%b3%e3%83%b3%e3%83%88%e3%83%ad%e3%83%bc%e3%83%ab","status":"publish","type":"page","link":"https:\/\/konferenztechnik.de\/ja\/%e4%bc%9a%e8%ad%b0%e3%81%8a%e3%82%88%e3%81%b3av%e3%83%a1%e3%83%87%e3%82%a3%e3%82%a2%e6%8a%80%e8%a1%93%e3%81%ae%e9%85%8d%e5%b8%83\/%e3%83%a1%e3%83%87%e3%82%a3%e3%82%a2%e3%82%b3%e3%83%b3%e3%83%88%e3%83%ad%e3%83%bc%e3%83%ab\/","title":{"rendered":"\u30e1\u30c7\u30a3\u30a2\u30fb\u30b3\u30f3\u30c8\u30ed\u30fc\u30eb"},"content":{"rendered":"<h1>\u30e1\u30c7\u30a3\u30a2\u30fb\u30b3\u30f3\u30c8\u30ed\u30fc\u30eb<\/h1>\n<p>\u30e1\u30c7\u30a3\u30a2\u30fb\u30b3\u30f3\u30c8\u30ed\u30fc\u30eb\u30fb\u30b7\u30b9\u30c6\u30e0\u306f\u3001\u90e8\u5c4b\u3084\u30d3\u30eb\u5168\u4f53\u306e\u6620\u50cf\u3001\u97f3\u58f0\u3001\u7167\u660e\u6280\u8853\u3092\u5236\u5fa1\u3057\u307e\u3059\u3002\u3055\u3089\u306b\u3001\u6696\u623f\u30b7\u30b9\u30c6\u30e0\u3001\u30d6\u30e9\u30a4\u30f3\u30c9\u3001\u30b9\u30af\u30ea\u30fc\u30f3\u3001\u96fb\u8a71\u4f1a\u8b70\u30b7\u30b9\u30c6\u30e0\u306a\u3069\u3001\u305d\u306e\u4ed6\u306e\u30d3\u30eb\u6280\u8853\u30821\u53f0\u306e\u5236\u5fa1\u88c5\u7f6e\u3067\u4fbf\u5229\u306b\u64cd\u4f5c\u3067\u304d\u307e\u3059\u3002\u30e1\u30c7\u30a3\u30a2\u30fb\u30b3\u30f3\u30c8\u30ed\u30fc\u30eb\u30fb\u30b7\u30b9\u30c6\u30e0\u306f\u3001\u30d3\u30b8\u30cd\u30b9\u30fb\u30a8\u30ea\u30a2\uff08\u4f1a\u8b70\u5ba4\u306a\u3069\uff09\u3068\u30d7\u30e9\u30a4\u30d9\u30fc\u30c8\u30fb\u30a8\u30ea\u30a2\uff08\u30ea\u30d3\u30f3\u30b0\u30eb\u30fc\u30e0\u306a\u3069\uff09\u306e\u4e21\u65b9\u3067\u4f7f\u7528\u3055\u308c\u3066\u3044\u307e\u3059\u3002\u3053\u306e\u6280\u8853\u306f\u3001\u30b7\u30f3\u30d7\u30eb\u306a\u58c1\u639b\u3051\u30b3\u30f3\u30c8\u30ed\u30fc\u30eb\u30d1\u30cd\u30eb\u3001\u30bf\u30c3\u30c1\u30d1\u30cd\u30eb\u3001\u3042\u308b\u3044\u306f\u30b9\u30de\u30fc\u30c8\u30d5\u30a9\u30f3\u3092\u4f7f\u3063\u3066\u64cd\u4f5c\u3059\u308b\u3053\u3068\u304c\u3067\u304d\u307e\u3059\u3002\u5f53\u793e\u306e\u793e\u54e1\u304c\u304a\u5ba2\u69d8\u306b\u6700\u9069\u306a\u30bd\u30ea\u30e5\u30fc\u30b7\u30e7\u30f3\u3092\u3054\u63d0\u6848\u3057\u307e\u3059\u3002<\/p>\n<h2>\u30b9\u30de\u30fc\u30c8\u30d5\u30a9\u30f3\u3067\u3082\u2013\u3092\u96c6\u4e2d\u5236\u5fa1<\/h2>\n<p>\u4e2d\u592e\u64cd\u4f5c\u30e6\u30cb\u30c3\u30c8\u306b\u3088\u308a\u3001\u6280\u8853\u5168\u4f53\u3092\u7c21\u5358\u304b\u3064\u5b89\u5168\u306b\u64cd\u4f5c\u3067\u304d\u307e\u3059\u3002\u69d8\u3005\u306a\u30aa\u30d7\u30b7\u30e7\u30f3\u304c\u3042\u308a\u307e\u3059\uff1a\u58c1\u639b\u3051\u5f0f\u30b3\u30f3\u30c8\u30ed\u30fc\u30eb\u30d1\u30cd\u30eb\u3001\u69d8\u3005\u306a\u30b5\u30a4\u30ba\u306e\u636e\u3048\u7f6e\u304d\u578b\u307e\u305f\u306f\u30e2\u30d0\u30a4\u30eb\u30bf\u30c3\u30c1\u30d1\u30cd\u30eb\u3001\u30b9\u30de\u30fc\u30c8\u30d5\u30a9\u30f3\u3084\u30bf\u30d6\u30ec\u30c3\u30c8\u30b3\u30f3\u30d4\u30e5\u30fc\u30bf\u30fc\uff08iPad\u306a\u3069\uff09\u306b\u3088\u308b\u64cd\u4f5c\u3002\u30e1\u30fc\u30ab\u30fc\u306b\u3088\u308a\u3001iOS\u3001Android\u3001Windows Phone\u7528\u306e\u30d0\u30fc\u30b8\u30e7\u30f3\u304c\u3042\u308a\u307e\u3059\u3002\u30e6\u30fc\u30b6\u30fc\u30fb\u30a4\u30f3\u30bf\u30fc\u30d5\u30a7\u30fc\u30b9\u306f\u3001\u5fc5\u8981\u306b\u5fdc\u3058\u3066\u30ab\u30b9\u30bf\u30de\u30a4\u30ba\u3059\u308b\u3053\u3068\u304c\u3067\u304d\u307e\u3059\uff08\u4f8b\u3048\u3070\u3001\u304a\u5ba2\u69d8\u306eCI\u306b\u5408\u308f\u305b\u305f\u308a\u3001\u30ed\u30b4\u3092\u5165\u308c\u305f\u308a\uff09\u3002<\/p>\n<p><a href=\"https:\/\/konferenztechnik.de\/wp-content\/uploads\/2013\/09\/touchpanels_mediensteuerung.jpg\"><img decoding=\"async\" src=\"https:\/\/konferenztechnik.de\/wp-content\/uploads\/2013\/09\/touchpanels_mediensteuerung.jpg\" alt=\"\u30e1\u30c7\u30a3\u30a2\u30b3\u30f3\u30c8\u30ed\u30fc\u30eb\u7528\u30bf\u30c3\u30c1\u30d1\u30cd\u30eb\" title=\"\"><\/a><\/p>\n<h2>\u7c21\u5358\u306a\u64cd\u4f5c<\/h2>\n<p>\u30ce\u30fc\u30c8\u30d1\u30bd\u30b3\u30f3\u3084iPod\u306a\u3069\u306e\u5916\u90e8\u30bd\u30fc\u30b9\u306f\u3001\u30c6\u30fc\u30d6\u30eb\u3084\u30d5\u30ed\u30a2\u306e\u63a5\u7d9a\u30d1\u30cd\u30eb\u304b\u3089\u30e1\u30c7\u30a3\u30a2\u30fb\u30b3\u30f3\u30c8\u30ed\u30fc\u30eb\u30fb\u30b7\u30b9\u30c6\u30e0\u306b\u7c21\u5358\u306b\u63a5\u7d9a\u3067\u304d\u307e\u3059\u3002\u5fc5\u8981\u306b\u5fdc\u3058\u3066\u3001\u30b7\u30b9\u30c6\u30e0\u306b\u7d71\u5408\u3055\u308c\u305f\u30bd\u30fc\u30b9\u3092\u81ea\u52d5\u7684\u306b\u8a8d\u8b58\u3059\u308b\u3053\u3068\u304c\u3067\u304d\u307e\u3059\uff1a<\/p>\n<p><a href=\"https:\/\/konferenztechnik.de\/wp-content\/uploads\/2013\/09\/Mediensteuerung_Extron-Tischtank_gross.jpg\"><img fetchpriority=\"high\" decoding=\"async\" width=\"600\" height=\"326\" class=\"alignright size-full wp-image-2929\" src=\"https:\/\/konferenztechnik.de\/wp-content\/uploads\/2013\/09\/Mediensteuerung_Extron-Tischtank_gross.jpg\" alt=\"\u30a8\u30af\u30b9\u30c8\u30ed\u30f3\u5353\u4e0a\u30bf\u30f3\u30af\" title=\"\" srcset=\"https:\/\/konferenztechnik.de\/wp-content\/uploads\/2013\/09\/Mediensteuerung_Extron-Tischtank_gross.jpg 600w, https:\/\/konferenztechnik.de\/wp-content\/uploads\/2013\/09\/Mediensteuerung_Extron-Tischtank_gross-300x163.jpg 300w\" sizes=\"(max-width: 600px) 100vw, 600px\" \/><\/a><\/p>\n<p>\u4f8b\u3048\u3070\u3001\u30ce\u30fc\u30c8\u30d1\u30bd\u30b3\u30f3\u304c\u63a5\u7d9a\u3055\u308c\u3066\u3044\u308b\u5834\u5408\u3001\u30b7\u30b9\u30c6\u30e0\u306f\u81ea\u52d5\u7684\u306b\u3053\u308c\u3092\u8a8d\u8b58\u3057\u3001\u30d7\u30ed\u30b8\u30a7\u30af\u30bf\u30fc\u3092\u8d77\u52d5\u3057\u3001\u30b9\u30af\u30ea\u30fc\u30f3\u3092\u62e1\u5927\u3057\u307e\u3059\u3002\u30ce\u30fc\u30c8\u30d1\u30bd\u30b3\u30f3\u304c\u518d\u3073\u63a5\u7d9a\u3055\u308c\u308b\u3068\u3001\u30b7\u30b9\u30c6\u30e0\u306f\u81ea\u52d5\u7684\u306b\u96fb\u6e90\u3092\u5207\u308a\u307e\u3059\u3002\u3053\u306e\u3088\u3046\u306b\u3001\u3055\u307e\u3056\u307e\u306a\u30b7\u30ca\u30ea\u30aa\u3092\u30d7\u30ed\u30b0\u30e9\u30e0\u3059\u308b\u3053\u3068\u3067\u3001\u5e45\u5e83\u3044\u8981\u4ef6\u306b\u5bfe\u5fdc\u3059\u308b\u3053\u3068\u304c\u3067\u304d\u307e\u3059\u3002<\/p>\n<h2>\u9060\u8ddd\u96e2\u304b\u3089\u306e\u64cd\u4f5c<\/h2>\n<p>\u30e1\u30c7\u30a3\u30a2\u30b3\u30f3\u30c8\u30ed\u30fc\u30eb\u304c\u88c5\u5099\u3055\u308c\u305f\u3059\u3079\u3066\u306e\u90e8\u5c4b\u306f\u3001\u5fc5\u8981\u306b\u5fdc\u3058\u3066\u30cd\u30c3\u30c8\u30ef\u30fc\u30af\u3084\u30a4\u30f3\u30bf\u30fc\u30cd\u30c3\u30c8\u3092\u4ecb\u3057\u3066\u9060\u9694\u64cd\u4f5c\u3059\u308b\u3053\u3068\u3082\u3067\u304d\u307e\u3059\u3002\u3053\u308c\u306f\u4f8b\u3048\u3070\u3001\u8a2d\u7f6e\u3055\u308c\u3066\u3044\u308b\u6280\u8853\u306e\u76e3\u8996\u3001\u76d7\u96e3\u9632\u6b62\u3001\u30e1\u30f3\u30c6\u30ca\u30f3\u30b9\u4f5c\u696d\u3001\u30d7\u30ed\u30b8\u30a7\u30af\u30bf\u30fc\u306e\u30e9\u30f3\u30d7\u70b9\u706f\u6642\u9593\u306e\u76e3\u8996\u3001\u7570\u306a\u308b\u30eb\u30fc\u30e0\u30b7\u30ca\u30ea\u30aa\u306e\u547c\u3073\u51fa\u3057\uff08\u9031\u672b\u306a\u3069\uff09\u306b\u7279\u306b\u4fbf\u5229\u3067\u3059\u3002<\/p>\n<p>\u30e1\u30c7\u30a3\u30a2\u30b3\u30f3\u30c8\u30ed\u30fc\u30eb\u5206\u91ce\u3067\u306e\u30d1\u30fc\u30c8\u30ca\u30fc\u4f01\u696d<\/p>\n<div class=\"rahmen\">\n<p><a href=\"https:\/\/konferenztechnik.de\/ja\/%e3%83%a1%e3%83%bc%e3%82%ab%e3%83%bc\/%e3%82%a2%e3%83%a0%e3%83%83%e3%82%af%e3%82%b9\/\"><img decoding=\"async\" width=\"250\" height=\"250\" class=\"alignleft size-full wp-image-6607\" src=\"https:\/\/konferenztechnik.de\/wp-content\/uploads\/2016\/04\/logo-amx.jpg\" alt=\"\u30ed\u30b4 AMX\" title=\"\" srcset=\"https:\/\/konferenztechnik.de\/wp-content\/uploads\/2016\/04\/logo-amx.jpg 250w, https:\/\/konferenztechnik.de\/wp-content\/uploads\/2016\/04\/logo-amx-150x150.jpg 150w\" sizes=\"(max-width: 250px) 100vw, 250px\" \/><\/a><\/p>\n<p><a href=\"https:\/\/konferenztechnik.de\/ja\/%e3%82%af%e3%83%ac%e3%82%b9%e3%83%88%e3%83%ad%e3%83%b3\/\"><img decoding=\"async\" width=\"250\" height=\"250\" class=\"alignnone size-full wp-image-6617\" src=\"https:\/\/konferenztechnik.de\/wp-content\/uploads\/2016\/04\/logo-crestron.jpg\" alt=\"\u30ed\u30b4 \u30af\u30ec\u30b9\u30c8\u30ed\u30f3\" title=\"\" srcset=\"https:\/\/konferenztechnik.de\/wp-content\/uploads\/2016\/04\/logo-crestron.jpg 250w, https:\/\/konferenztechnik.de\/wp-content\/uploads\/2016\/04\/logo-crestron-150x150.jpg 150w\" sizes=\"(max-width: 250px) 100vw, 250px\" \/><\/a><\/p>\n<p><a href=\"https:\/\/konferenztechnik.de\/ja\/%e3%82%a8%e3%82%af%e3%82%b9%e3%83%88%e3%83%ad%e3%83%b3\/\"><img loading=\"lazy\" decoding=\"async\" width=\"250\" height=\"250\" class=\"alignnone size-full wp-image-6638\" src=\"https:\/\/konferenztechnik.de\/wp-content\/uploads\/2016\/04\/logo-extron.jpg\" alt=\"\u30a8\u30af\u30b9\u30c8\u30ed\u30f3\u30ed\u30b4\" title=\"\" srcset=\"https:\/\/konferenztechnik.de\/wp-content\/uploads\/2016\/04\/logo-extron.jpg 250w, https:\/\/konferenztechnik.de\/wp-content\/uploads\/2016\/04\/logo-extron-150x150.jpg 150w\" sizes=\"(max-width: 250px) 100vw, 250px\" \/><\/a><\/p>\n<p><a href=\"https:\/\/konferenztechnik.de\/ja\/rti\/\"><img loading=\"lazy\" decoding=\"async\" width=\"250\" height=\"250\" class=\"alignnone size-full wp-image-6656\" src=\"https:\/\/konferenztechnik.de\/wp-content\/uploads\/2016\/04\/logo-rti.jpg\" alt=\"\u30ed\u30b4 RTI\" title=\"\" srcset=\"https:\/\/konferenztechnik.de\/wp-content\/uploads\/2016\/04\/logo-rti.jpg 250w, https:\/\/konferenztechnik.de\/wp-content\/uploads\/2016\/04\/logo-rti-150x150.jpg 150w\" sizes=\"(max-width: 250px) 100vw, 250px\" \/><\/a><\/p>\n<\/div>\n<p><!--\n<a href=\"https:\/\/konferenztechnik.de\/wp-content\/uploads\/2013\/09\/partner_mediensteuerung_PCS.jpg\"><img loading=\"lazy\" decoding=\"async\" src=\"https:\/\/konferenztechnik.de\/wp-content\/uploads\/2013\/09\/partner_mediensteuerung_PCS.jpg\" alt=\"PCS-Partner im Bereich Mediensteuerungen\" width=\"650\" height=\"55\" class=\"alignleft size-full wp-image-2930\" title=\"\" srcset=\"https:\/\/konferenztechnik.de\/wp-content\/uploads\/2013\/09\/partner_mediensteuerung_PCS.jpg 650w, https:\/\/konferenztechnik.de\/wp-content\/uploads\/2013\/09\/partner_mediensteuerung_PCS-300x25.jpg 300w\" sizes=\"(max-width: 650px) 100vw, 650px\" \/><\/a>\n--><\/p>","protected":false},"excerpt":{"rendered":"<p>Mediensteuerungen Mediensteuerungen regeln die Video-, Audio- und Lichttechnik in einem Raum oder sogar einem ganzen Geb\u00e4ude. Au\u00dferdem l\u00e4sst sich weitere Geb\u00e4udetechnik wie Heizungsanlagen, Jalousien, Leinw\u00e4nde oder Telefonkonferenzsysteme bequem mit einem einzigen Steuerger\u00e4t bedienen. Mediensteuerungen kommen sowohl im gesch\u00e4ftlichen (z.B. Konferenzraum) als auch im privaten Bereich (z.B. Wohnzimmer) zum Einsatz. Die Bedienung der Technik kann mit einfachen Wandbedienfeldern, Touchpanels oder auch dem Smartphone realisiert werden. Unsere Mitarbeiter finden f\u00fcr Sie die optimale L\u00f6sung. Zentrales Steuern \u2013 auch mit dem Smartphone Eine zentrale Bedieneinheit erm\u00f6glicht die einfache und sichere Bedienung der gesamten Technik. Hier stehen verschiedene M\u00f6glichkeiten zur Verf\u00fcgung: Wandbedienfelder, station\u00e4re oder mobile Touchpanels in verschiedenen Gr\u00f6\u00dfen oder die Bedienung \u00fcber Smartphone [&hellip;]<\/p>","protected":false},"author":1,"featured_media":45482,"parent":3614,"menu_order":133,"comment_status":"closed","ping_status":"open","template":"","meta":{"_acf_changed":false,"footnotes":""},"class_list":["post-2522","page","type-page","status-publish","has-post-thumbnail","hentry"],"acf":[],"_links":{"self":[{"href":"https:\/\/konferenztechnik.de\/ja\/wp-json\/wp\/v2\/pages\/2522","targetHints":{"allow":["GET"]}}],"collection":[{"href":"https:\/\/konferenztechnik.de\/ja\/wp-json\/wp\/v2\/pages"}],"about":[{"href":"https:\/\/konferenztechnik.de\/ja\/wp-json\/wp\/v2\/types\/page"}],"author":[{"embeddable":true,"href":"https:\/\/konferenztechnik.de\/ja\/wp-json\/wp\/v2\/users\/1"}],"replies":[{"embeddable":true,"href":"https:\/\/konferenztechnik.de\/ja\/wp-json\/wp\/v2\/comments?post=2522"}],"version-history":[{"count":0,"href":"https:\/\/konferenztechnik.de\/ja\/wp-json\/wp\/v2\/pages\/2522\/revisions"}],"up":[{"embeddable":true,"href":"https:\/\/konferenztechnik.de\/ja\/wp-json\/wp\/v2\/pages\/3614"}],"wp:featuredmedia":[{"embeddable":true,"href":"https:\/\/konferenztechnik.de\/ja\/wp-json\/wp\/v2\/media\/45482"}],"wp:attachment":[{"href":"https:\/\/konferenztechnik.de\/ja\/wp-json\/wp\/v2\/media?parent=2522"}],"curies":[{"name":"wp","href":"https:\/\/api.w.org\/{rel}","templated":true}]}}