{"id":2618,"date":"2013-09-25T15:11:34","date_gmt":"2013-09-25T13:11:34","guid":{"rendered":"https:\/\/konferenztechnik.de\/?page_id=2618"},"modified":"2023-07-05T10:34:46","modified_gmt":"2023-07-05T08:34:46","slug":"%e3%82%a6%e3%82%a9%e3%83%bc%e3%83%ab%e3%83%96%e3%83%a9%e3%82%b1%e3%83%83%e3%83%88","status":"publish","type":"page","link":"https:\/\/konferenztechnik.de\/ja\/%e4%bc%9a%e8%ad%b0%e3%81%8a%e3%82%88%e3%81%b3av%e3%83%a1%e3%83%87%e3%82%a3%e3%82%a2%e6%8a%80%e8%a1%93%e3%81%ae%e9%85%8d%e5%b8%83\/%e3%83%93%e3%83%87%e3%82%aa%e6%8a%80%e8%a1%93\/%e3%83%87%e3%82%a3%e3%82%b9%e3%83%97%e3%83%ac%e3%82%a4%e3%81%8a%e3%82%88%e3%81%b3%e3%83%97%e3%83%ad%e3%82%b8%e3%82%a7%e3%82%af%e3%82%bf%e3%83%bc%e7%94%a8%e3%83%9e%e3%82%a6%e3%83%b3%e3%83%88\/%e3%82%a6%e3%82%a9%e3%83%bc%e3%83%ab%e3%83%96%e3%83%a9%e3%82%b1%e3%83%83%e3%83%88\/","title":{"rendered":"\u30a6\u30a9\u30fc\u30eb\u30d6\u30e9\u30b1\u30c3\u30c8"},"content":{"rendered":"<div data-elementor-type=\"wp-page\" data-elementor-id=\"2618\" class=\"elementor elementor-2618\" data-elementor-post-type=\"page\">\n\t\t\t\t\t\t<section data-particle_enable=\"false\" data-particle-mobile-disabled=\"false\" class=\"elementor-section elementor-top-section elementor-element elementor-element-7b72f63e elementor-section-boxed elementor-section-height-default elementor-section-height-default\" data-id=\"7b72f63e\" data-element_type=\"section\">\n\t\t\t\t\t\t<div class=\"elementor-container elementor-column-gap-default\">\n\t\t\t\t\t<div class=\"elementor-column elementor-col-100 elementor-top-column elementor-element elementor-element-20bf9a01\" data-id=\"20bf9a01\" data-element_type=\"column\">\n\t\t\t<div class=\"elementor-widget-wrap elementor-element-populated\">\n\t\t\t\t\t\t<div class=\"elementor-element elementor-element-e7f401d elementor-widget elementor-widget-text-editor\" data-id=\"e7f401d\" data-element_type=\"widget\" data-widget_type=\"text-editor.default\">\n\t\t\t\t<div class=\"elementor-widget-container\">\n\t\t\t\t\t\t\t\t\t<h1>\u30a6\u30a9\u30fc\u30eb\u30d6\u30e9\u30b1\u30c3\u30c8<\/h1>\n<h2>\u30aa\u30fc\u30c7\u30a3\u30d1\u30c3\u30af\u30fb\u30b9\u30af\u30ea\u30fc\u30f3\u30fb\u30a6\u30a9\u30fc\u30eb\u30de\u30a6\u30f3\u30c8 L&amp;S 3<\/h2>\n<a href=\"https:\/\/konferenztechnik.de\/wp-content\/uploads\/2013\/09\/Audipack_Wandhalterung1.jpg\"><img fetchpriority=\"high\" decoding=\"async\" width=\"792\" height=\"594\" class=\"alignleft size-full wp-image-2680\" src=\"https:\/\/konferenztechnik.de\/wp-content\/uploads\/2013\/09\/Audipack_Wandhalterung1.jpg\" alt=\"\u30aa\u30fc\u30c7\u30a3\u30d1\u30c3\u30af\u30fb\u30b9\u30af\u30ea\u30fc\u30f3\u30fb\u30a6\u30a9\u30fc\u30eb\u30de\u30a6\u30f3\u30c8 L&amp;S 3\" title=\"\" srcset=\"https:\/\/konferenztechnik.de\/wp-content\/uploads\/2013\/09\/Audipack_Wandhalterung1.jpg 792w, https:\/\/konferenztechnik.de\/wp-content\/uploads\/2013\/09\/Audipack_Wandhalterung1-300x225.jpg 300w, https:\/\/konferenztechnik.de\/wp-content\/uploads\/2013\/09\/Audipack_Wandhalterung1-768x576.jpg 768w\" sizes=\"(max-width: 792px) 100vw, 792px\" \/><\/a>\n\n127cm\uff0850\u30a4\u30f3\u30c1\uff09\u307e\u3067\u306e\u30b9\u30af\u30ea\u30fc\u30f3\u306b\u5bfe\u5fdc\u3059\u308b\u30d5\u30e9\u30c3\u30c8\u30a6\u30a9\u30fc\u30eb\u30de\u30a6\u30f3\u30c8\u3002\u3053\u306e\u8abf\u7bc0\u4e0d\u53ef\u80fd\u306a\u58c1\u639b\u3051\u30de\u30a6\u30f3\u30c8\u306f\u5965\u884c\u304d\u304c\u308f\u305a\u304b18mm\u3067\u3001\u5b89\u5168\u30d5\u30c3\u30af\uff08\u30ed\u30c3\u30af\uff06\u30bb\u30ad\u30e5\u30a2\uff09\u3092\u4f7f\u3063\u3066\u30b9\u30af\u30ea\u30fc\u30f3\u3092\u56fa\u5b9a\u3059\u308b\u30aa\u30d7\u30b7\u30e7\u30f3\u304c\u3042\u308a\u307e\u3059\u3002\n<h2>\u30b9\u30de\u30fc\u30c8\u30e1\u30bf\u30eb\u2013\u30a6\u30a9\u30fc\u30eb\u30d6\u30e9\u30b1\u30c3\u30c8\uff08\u5fae\u8abf\u6574\u6a5f\u80fd\u4ed8\u304d<\/h2>\n<a href=\"https:\/\/konferenztechnik.de\/wp-content\/uploads\/2013\/09\/smart-metals_projector-wall-mont_0021840.jpg\"><img decoding=\"async\" class=\"alignleft size-medium wp-image-4459\" src=\"https:\/\/konferenztechnik.de\/wp-content\/uploads\/2013\/09\/smart-metals_projector-wall-mont_0021840-300x115.jpg\" alt=\"\u30b9\u30de\u30fc\u30c8\u30e1\u30bf\u30eb\u30fb\u30d7\u30ed\u30b8\u30a7\u30af\u30bf\u30fc\u30fb\u30a6\u30a9\u30fc\u30eb\u30de\u30a6\u30f3\u30c8 0021840\" width=\"300\" height=\"115\" title=\"\"><\/a>\n\n\u65e5\u7acbA100\u30b7\u30ea\u30fc\u30ba\u3001\u30b5\u30f3\u30e8\u30fcPLC-XL50\u3001PDG-DWL2500\u306a\u3069\u306e\u8d85\u77ed\u7126\u70b9\u30d7\u30ed\u30b8\u30a7\u30af\u30bf\u30fc\u7528\u58c1\u639b\u3051\u30de\u30a6\u30f3\u30c8\u3002\u30d6\u30e9\u30b1\u30c3\u30c8\u306b\u306f\u72ec\u81ea\u306e\u5fae\u8abf\u6574\u6a5f\u80fd\u304c\u3042\u308a\u3001\u30d7\u30ed\u30b8\u30a7\u30af\u30bf\u30fc\u3092\u30ec\u30f3\u30ba\u306e\u4e2d\u5fc3\u304b\u3089\u50be\u3051\u3066\u8a2d\u7f6e\u3059\u308b\u3053\u3068\u304c\u3067\u304d\u307e\u3059\u3002\n<h2>\u30b9\u30de\u30fc\u30c8\u30e1\u30bf\u30eb\u2013\u30a6\u30a9\u30fc\u30eb\u30d6\u30e9\u30b1\u30c3\u30c8\uff08\u5fae\u8abf\u6574\u6a5f\u80fd\u4ed8\u304d<\/h2>\n<ul>\n \t<li>\u6700\u5c0f\u9577\uff1a55<\/li>\n \t<li>\u6700\u5927\u5e45\uff1a\u30b9\u30af\u30ea\u30fc\u30f3\u5bfe\u89d2110<\/li>\n \t<li>\u30ab\u30e9\u30fc\uff1a\u30c0\u30fc\u30af\u30b0\u30ec\u30fc<\/li>\n \t<li>\u30e1\u30fc\u30ab\u30fc\uff1a\u30b5\u30f3\u30e8\u30fc\u3001\u30d1\u30ca\u30bd\u30cb\u30c3\u30af<\/li>\n \t<li>\u9577\u3055\u8abf\u6574\uff1a\u30e2\u30fc\u30cd\u30eb<\/li>\n \t<li>\u9ad8\u3055\u8abf\u6574\uff1a50mm<\/li>\n \t<li>\u30d6\u30e9\u30b1\u30c3\u30c8\/\u30a4\u30f3\u30bf\u30fc\u30d5\u30a7\u30fc\u30b9\uff1a\u4ed8\u5c5e<\/li>\n \t<li>\u30c1\u30eb\u30c8\u6a5f\u80fd \u5fae\u8abf\u6574\uff1a+5\u00b0\uff5e-5<\/li>\n \t<li>\u30b1\u30fc\u30d6\u30eb\u30c0\u30af\u30c8\uff1a28 mm \u00d8<\/li>\n \t<li>\u305d\u306e\u4ed6\u306e\u60c5\u5831\uff1a\u30d1\u30ca\u30bd\u30cb\u30c3\u30afPT-CW230\/CW200\u306b\u3082\u9069\u3057\u3066\u3044\u307e\u3059\u3002<\/li>\n<\/ul>\n<a href=\"https:\/\/konferenztechnik.de\/wp-content\/uploads\/2013\/09\/0021840_manualEN.pdf\">\u30b9\u30de\u30fc\u30c8\u30fb\u30e1\u30bf\u30eb\u30fb\u30de\u30cb\u30e5\u30a2\u30eb 002.1840\uff08\u82f1\u8a9e\uff09<\/a>\n<h2>\u30b9\u30de\u30fc\u30c8\u30e1\u30bf\u30eb \u2013 \u30d3\u30c7\u30aa\u30a6\u30a9\u30fc\u30eb 2\u00d72<\/h2>\n<a href=\"https:\/\/konferenztechnik.de\/wp-content\/uploads\/2013\/09\/smart-metals_video-wall082502202-landscape.jpg\"><img decoding=\"async\" class=\"alignleft size-medium wp-image-4463\" src=\"https:\/\/konferenztechnik.de\/wp-content\/uploads\/2013\/09\/smart-metals_video-wall082502202-landscape-300x280.jpg\" alt=\"\u30b9\u30de\u30fc\u30c8\u30e1\u30bf\u30eb \u30d3\u30c7\u30aa\u30a6\u30a9\u30fc\u30eb 082502202\" width=\"300\" height=\"280\" title=\"\" srcset=\"https:\/\/konferenztechnik.de\/wp-content\/uploads\/2013\/09\/smart-metals_video-wall082502202-landscape-300x280.jpg 300w, https:\/\/konferenztechnik.de\/wp-content\/uploads\/2013\/09\/smart-metals_video-wall082502202-landscape-768x717.jpg 768w, https:\/\/konferenztechnik.de\/wp-content\/uploads\/2013\/09\/smart-metals_video-wall082502202-landscape.jpg 1017w\" sizes=\"(max-width: 300px) 100vw, 300px\" \/><\/a>\n\n\u30b3\u30f3\u30d1\u30af\u30c8\u3067\u6301\u3061\u904b\u3073\u304c\u7c21\u5358\u306a\u30d3\u30c7\u30aa\u30a6\u30a9\u30fc\u30eb\u3002\u5e8a\u306b\u8a2d\u7f6e\u3059\u308b\u3053\u3068\u3082\u3001\u58c1\u3084\u30c8\u30e9\u30b9\u306b\u53d6\u308a\u4ed8\u3051\u308b\u3053\u3068\u3082\u3067\u304d\u307e\u3059\u3002\u30c7\u30a3\u30b9\u30d7\u30ec\u30a4\u306e\u30d3\u30c7\u30aa\u30a6\u30a9\u30fc\u30eb\u3078\u306e\u53d6\u308a\u4ed8\u3051\u306f\u975e\u5e38\u306b\u7c21\u5358\u3067\u3059\u3002\u30e2\u30cb\u30bf\u30fc\u306f\u7279\u6b8a\u306a\u30af\u30e9\u30f3\u30d7\u3092\u4f7f\u3063\u3066\u30d5\u30ec\u30fc\u30e0\u3068\u4e92\u3044\u306b\u63a5\u7d9a\u3057\u307e\u3059\u3002\u5fae\u8abf\u6574\u306e\u305f\u3081\u306e\u6c34\u5e73\u30fb\u5782\u76f4\u88c5\u7f6e\u304c\u3042\u308a\u307e\u3059\u3002\u30d3\u30c7\u30aa\u30a6\u30a9\u30fc\u30eb\u306f\u7e26\u3067\u3082\u6a2a\u3067\u3082\u4f7f\u7528\u3067\u304d\u307e\u3059\u3002\n<h2>\u30b9\u30de\u30fc\u30c8\u30e1\u30bf\u30eb \u2013 \u30d3\u30c7\u30aa\u30a6\u30a9\u30fc\u30eb 2\u00d72<\/h2>\n<ul>\n \t<li>\u4f53\u91cd\uff1a147.78kg<\/li>\n \t<li>\u30ab\u30e9\u30fc\uff1a\u30d6\u30e9\u30c3\u30af<\/li>\n \t<li>\u30b9\u30af\u30ea\u30fc\u30f3\u69cb\u6210\uff1a2\u00d72<\/li>\n \t<li>\u753b\u9762\u306e\u4f4d\u7f6e\uff1a\u6a2a\u307e\u305f\u306f\u7e26<\/li>\n \t<li>\u9ad8\u3055\u8abf\u7bc0\uff1a\u5fae\u8abf\u6574<\/li>\n \t<li>\u30d6\u30e9\u30b1\u30c3\u30c8\/\u30a4\u30f3\u30bf\u30fc\u30d5\u30a7\u30fc\u30b9\uff1a\u4ed8\u5c5e<\/li>\n \t<li>\u56de\u8ee2\uff1a90<\/li>\n \t<li>\u56fa\u5b9a\u65b9\u5f0f\uff1a\u30c9\u30ed\u30fc\u30dc\u30eb\u30c8\u30fb\u30ab\u30c3\u30d7\u30ea\u30f3\u30b0\u6a5f\u69cb<\/li>\n \t<li>\u3055\u3089\u306b\u8a73\u3057\u3044\u60c5\u5831\u65b0\u3057\u3044\u30b3\u30f3\u30bd\u30fc\u30eb\u306f\u3001\u30e2\u30cb\u30bf\u30fc\u306e\u6c34\u5e73\u30fb\u5782\u76f4\u65b9\u5411\u306e\u5fae\u8abf\u6574\u304c\u53ef\u80fd\u3067\u3001\u30dd\u30fc\u30c8\u30ec\u30fc\u30c8\u30e2\u30fc\u30c9\u3068\u30e9\u30f3\u30c9\u30b9\u30b1\u30fc\u30d7\u30e2\u30fc\u30c9\u306e\u5207\u308a\u66ff\u3048\u3082\u53ef\u80fd\u3067\u3059\u3002\u8abf\u7bc0\u53ef\u80fd\u306a\u811a\u304c\u30d5\u30ed\u30a2\u30d5\u30ec\u30fc\u30e0\u306b\u7d44\u307f\u8fbc\u307e\u308c\u3066\u3044\u307e\u3059\u3002<\/li>\n<\/ul>\n<a href=\"https:\/\/konferenztechnik.de\/wp-content\/uploads\/2013\/09\/082502202_manualEN.pdf\">\u30d3\u30c7\u30aa\u30a6\u30a9\u30fc\u30eb 082502202 \u53d6\u6271\u8aac\u660e\u66f8 EN<\/a>\n\n<a href=\"https:\/\/konferenztechnik.de\/wp-content\/uploads\/2013\/09\/082502202_SmartMetals_productleafletEN.pdf\">\u30d3\u30c7\u30aa\u30a6\u30a9\u30fc\u30eb 082502202 \u88fd\u54c1\u30b7\u30fc\u30c8 EN<\/a>\n<h2>\u30b9\u30de\u30fc\u30c8\u30e1\u30bf\u30eb \u2013 \u30d3\u30c7\u30aa\u30a6\u30a9\u30fc\u30eb 3\u00d73<\/h2>\n<a href=\"https:\/\/konferenztechnik.de\/wp-content\/uploads\/2013\/09\/smart-metals_video-wall_082503302_front.jpg\"><img loading=\"lazy\" decoding=\"async\" class=\"alignleft size-medium wp-image-4468\" src=\"https:\/\/konferenztechnik.de\/wp-content\/uploads\/2013\/09\/smart-metals_video-wall_082503302_front-300x275.jpg\" alt=\"\u30b9\u30de\u30fc\u30c8\u30e1\u30bf\u30eb \u30d3\u30c7\u30aa\u30a6\u30a9\u30fc\u30eb 082503302\" width=\"300\" height=\"275\" title=\"\" srcset=\"https:\/\/konferenztechnik.de\/wp-content\/uploads\/2013\/09\/smart-metals_video-wall_082503302_front-300x275.jpg 300w, https:\/\/konferenztechnik.de\/wp-content\/uploads\/2013\/09\/smart-metals_video-wall_082503302_front-1024x940.jpg 1024w, https:\/\/konferenztechnik.de\/wp-content\/uploads\/2013\/09\/smart-metals_video-wall_082503302_front-768x705.jpg 768w, https:\/\/konferenztechnik.de\/wp-content\/uploads\/2013\/09\/smart-metals_video-wall_082503302_front.jpg 1035w\" sizes=\"(max-width: 300px) 100vw, 300px\" \/><\/a>\n\n\u30b3\u30f3\u30d1\u30af\u30c8\u3067\u6301\u3061\u904b\u3073\u304c\u7c21\u5358\u306a\u30d3\u30c7\u30aa\u30a6\u30a9\u30fc\u30eb\u3002\u5e8a\u306b\u8a2d\u7f6e\u3059\u308b\u3053\u3068\u3082\u3001\u58c1\u3084\u30c8\u30e9\u30b9\u306b\u53d6\u308a\u4ed8\u3051\u308b\u3053\u3068\u3082\u3067\u304d\u307e\u3059\u3002\u30c7\u30a3\u30b9\u30d7\u30ec\u30a4\u306e\u30d3\u30c7\u30aa\u30a6\u30a9\u30fc\u30eb\u3078\u306e\u53d6\u308a\u4ed8\u3051\u306f\u975e\u5e38\u306b\u7c21\u5358\u3067\u3059\u3002\u30e2\u30cb\u30bf\u30fc\u306f\u7279\u6b8a\u306a\u30af\u30e9\u30f3\u30d7\u3092\u4f7f\u3063\u3066\u30d5\u30ec\u30fc\u30e0\u3068\u4e92\u3044\u306b\u63a5\u7d9a\u3057\u307e\u3059\u3002\u5fae\u8abf\u6574\u7528\u306e\u6c34\u5e73\u30fb\u5782\u76f4\u88c5\u7f6e\u304c\u3042\u308a\u307e\u3059\u3002\u30d3\u30c7\u30aa\u30a6\u30a9\u30fc\u30eb\u306f\u7e26\u3067\u3082\u6a2a\u3067\u3082\u4f7f\u7528\u3067\u304d\u307e\u3059\u3002\n<h2>\u30b9\u30de\u30fc\u30c8\u30e1\u30bf\u30eb \u2013 \u30d3\u30c7\u30aa\u30a6\u30a9\u30fc\u30eb 3\u00d73<\/h2>\n<ul>\n \t<li>\u91cd\u91cf\uff1a319.08 kg<\/li>\n \t<li>\u30ab\u30e9\u30fc\uff1a\u30d6\u30e9\u30c3\u30af<\/li>\n \t<li>\u30b9\u30af\u30ea\u30fc\u30f3\u69cb\u6210 : 3 x 3<\/li>\n \t<li>\u753b\u9762\u306e\u4f4d\u7f6e\uff1a\u6a2a\u307e\u305f\u306f\u7e26<\/li>\n \t<li>\u9ad8\u3055\u8abf\u7bc0\uff1a\u5fae\u8abf\u6574<\/li>\n \t<li>\u30d6\u30e9\u30b1\u30c3\u30c8\/\u30a4\u30f3\u30bf\u30fc\u30d5\u30a7\u30a4\u30b9\uff1a\u4ed8\u5c5e<\/li>\n \t<li>\u30db\u30eb\u30c0\u30fc\uff0f\u30a4\u30f3\u30bf\u30fc\u30d5\u30a7\u30a4\u30b9\u306e\u30bf\u30a4\u30d7\uff1a\u30b9\u30af\u30ea\u30fc\u30f3\u5c02\u7528<\/li>\n \t<li>\u56de\u8ee2\uff1a90<\/li>\n \t<li>\u56fa\u5b9a\u65b9\u5f0f\uff1a\u30c9\u30ed\u30fc\u30dc\u30eb\u30c8\u30fb\u30ab\u30c3\u30d7\u30ea\u30f3\u30b0\u6a5f\u69cb<\/li>\n \t<li>\u3055\u3089\u306b\u8a73\u3057\u3044\u60c5\u5831\u65b0\u3057\u3044\u30b3\u30f3\u30bd\u30fc\u30eb\u306f\u3001\u30e2\u30cb\u30bf\u30fc\u306e\u6c34\u5e73\u30fb\u5782\u76f4\u65b9\u5411\u306e\u5fae\u8abf\u6574\u304c\u53ef\u80fd\u3067\u3001\u30dd\u30fc\u30c8\u30ec\u30fc\u30c8\u30e2\u30fc\u30c9\u3068\u30e9\u30f3\u30c9\u30b9\u30b1\u30fc\u30d7\u30e2\u30fc\u30c9\u306e\u5207\u308a\u66ff\u3048\u3082\u53ef\u80fd\u3067\u3059\u3002\u8abf\u7bc0\u53ef\u80fd\u306a\u811a\u304c\u30d5\u30ed\u30a2\u30d5\u30ec\u30fc\u30e0\u306b\u7d44\u307f\u8fbc\u307e\u308c\u3066\u3044\u307e\u3059\u3002<\/li>\n<\/ul>\n<a href=\"https:\/\/konferenztechnik.de\/wp-content\/uploads\/2013\/09\/082503302_SmartMetals_productleafletEN.pdf\">\u30b9\u30de\u30fc\u30c8\u30e1\u30bf\u30eb \u30d3\u30c7\u30aa\u30a6\u30a9\u30fc\u30eb 3\u00d73 \u88fd\u54c1\u30b7\u30fc\u30c8 \u82f1\u8a9e<\/a>\n<h2>iPad1\u30012\u30013\u30014\u7528\u30bf\u30d6\u30ec\u30c3\u30c8\u30b1\u30fc\u30b9 TC-IPAD<\/h2>\n<a href=\"https:\/\/konferenztechnik.de\/wp-content\/uploads\/2014\/02\/audipack-ipad-tablet-housing.jpg\"><img loading=\"lazy\" decoding=\"async\" width=\"450\" height=\"311\" class=\"alignleft size-full wp-image-4263\" src=\"https:\/\/konferenztechnik.de\/wp-content\/uploads\/2014\/02\/audipack-ipad-tablet-housing.jpg\" alt=\"iPad\u30bf\u30d6\u30ec\u30c3\u30c8\u30cf\u30a6\u30b8\u30f3\u30b0\" title=\"\" srcset=\"https:\/\/konferenztechnik.de\/wp-content\/uploads\/2014\/02\/audipack-ipad-tablet-housing.jpg 450w, https:\/\/konferenztechnik.de\/wp-content\/uploads\/2014\/02\/audipack-ipad-tablet-housing-300x207.jpg 300w\" sizes=\"(max-width: 450px) 100vw, 450px\" \/><\/a>\n\n\nTC-iPad Case\u306f\u3001iPad\u3092\u516c\u5171\u306e\u5834\u6240\u306b\u8a2d\u7f6e\u307e\u305f\u306f\u5c55\u793a\u3059\u308b\u969b\u306b\u3001iPad\u3092\u30a8\u30ec\u30ac\u30f3\u30c8\u306b\u4fdd\u8b77\u3057\u307e\u3059\u3002\niPad\u306f\u30b1\u30fc\u30b9\u306b\u7d20\u65e9\u304f\u56fa\u5b9a\u3067\u304d\u3001\u76d7\u96e3\u304b\u3089\u52b9\u679c\u7684\u306b\u4fdd\u8b77\u3055\u308c\u307e\u3059\u3002\u30b9\u30de\u30fc\u30c8\u30ad\u30fc\u30ed\u30c3\u30af\u30b7\u30b9\u30c6\u30e0\u306b\u3088\u308a\u3001\u5916\u304b\u3089\u9375\u7a74\u3084\u30cd\u30b8\u304c\u898b\u3048\u308b\u3053\u3068\u306f\u3042\u308a\u307e\u305b\u3093\u3002TC-Case\u306f\u58c1\u639b\u3051\u7528\u3068\u3057\u3066\u3082\u3001\u30aa\u30d7\u30b7\u30e7\u30f3\u306e\u30b9\u30bf\u30f3\u30c9\u3068\u7d44\u307f\u5408\u308f\u305b\u3066\u30d5\u30ed\u30a2\u30b9\u30bf\u30f3\u30c9\u3068\u3057\u3066\u3082\u4f7f\u7528\u3067\u304d\u307e\u3059\u3002\n<h2>\u30aa\u30fc\u30c7\u30a3\u30d1\u30c3\u30af \u30d5\u30e9\u30c3\u30c8\u30b9\u30af\u30ea\u30fc\u30f3\u30a6\u30a9\u30fc\u30eb\u30de\u30a6\u30f3\u30c8 L&amp;S 3 \u2013 \u30c1\u30eb\u30c8\u53ef\u80fd<\/h2>\n<a href=\"https:\/\/konferenztechnik.de\/wp-content\/uploads\/2013\/09\/Audipack_Wandhalterung2.jpg\"><img loading=\"lazy\" decoding=\"async\" width=\"792\" height=\"594\" class=\"alignleft size-full wp-image-2681\" src=\"https:\/\/konferenztechnik.de\/wp-content\/uploads\/2013\/09\/Audipack_Wandhalterung2.jpg\" alt=\"\u30aa\u30fc\u30c7\u30a3\u30aa\u30d1\u30c3\u30af\u30d5\u30e9\u30c3\u30c8\u30b9\u30af\u30ea\u30fc\u30f3\u30a6\u30a9\u30fc\u30eb\u30de\u30a6\u30f3\u30c8L&amp;S 3 - \u30c1\u30eb\u30c8\u53ef\u80fd\" title=\"\" srcset=\"https:\/\/konferenztechnik.de\/wp-content\/uploads\/2013\/09\/Audipack_Wandhalterung2.jpg 792w, https:\/\/konferenztechnik.de\/wp-content\/uploads\/2013\/09\/Audipack_Wandhalterung2-300x225.jpg 300w, https:\/\/konferenztechnik.de\/wp-content\/uploads\/2013\/09\/Audipack_Wandhalterung2-768x576.jpg 768w\" sizes=\"(max-width: 792px) 100vw, 792px\" \/><\/a>\n\n127cm\uff0850\u30a4\u30f3\u30c1\uff09\u307e\u3067\u306e\u30b9\u30af\u30ea\u30fc\u30f3\u306b\u5bfe\u5fdc\u3059\u308b\u7121\u6bb5\u968e\u8abf\u7bc0\u53ef\u80fd\u306a\u30a6\u30a9\u30fc\u30eb\u30de\u30a6\u30f3\u30c8\u30020\u5ea6\u304b\u308910\u5ea6\u307e\u3067\u306e\u7121\u6bb5\u968e\u5782\u76f4\u89d2\u5ea6\u8abf\u6574\u6a5f\u80fd\u4ed8\u304d\u30d0\u30fc\u30b8\u30e7\u30f3\u3002\u76d7\u96e3\u9632\u6b62\u88c5\u7f6e\u6a19\u6e96\u88c5\u5099\uff08\u30aa\u30d7\u30b7\u30e7\u30f3\u3067\u30ed\u30c3\u30af\u53ef\u80fd\uff09\u3002\n<h2>Audipack\u30b9\u30af\u30ea\u30fc\u30f3\u30a6\u30a9\u30fc\u30eb\u30de\u30a6\u30f3\u30c8 VESA75\/100\/200<\/h2>\n<a href=\"https:\/\/konferenztechnik.de\/wp-content\/uploads\/2013\/09\/Audipack_WandhalterungVesa75_100_200.jpg\"><img loading=\"lazy\" decoding=\"async\" width=\"792\" height=\"594\" class=\"alignleft size-full wp-image-2679\" src=\"https:\/\/konferenztechnik.de\/wp-content\/uploads\/2013\/09\/Audipack_WandhalterungVesa75_100_200.jpg\" alt=\"Audipack\u30b9\u30af\u30ea\u30fc\u30f3\u30a6\u30a9\u30fc\u30eb\u30de\u30a6\u30f3\u30c8 VESA75\/100\/200\" title=\"\" srcset=\"https:\/\/konferenztechnik.de\/wp-content\/uploads\/2013\/09\/Audipack_WandhalterungVesa75_100_200.jpg 792w, https:\/\/konferenztechnik.de\/wp-content\/uploads\/2013\/09\/Audipack_WandhalterungVesa75_100_200-300x225.jpg 300w, https:\/\/konferenztechnik.de\/wp-content\/uploads\/2013\/09\/Audipack_WandhalterungVesa75_100_200-768x576.jpg 768w\" sizes=\"(max-width: 792px) 100vw, 792px\" \/><\/a>\n\n43\uff5e81cm\uff0817\uff5e32\u30a4\u30f3\u30c1\uff09\u306e\u30d5\u30e9\u30c3\u30c8\u30b9\u30af\u30ea\u30fc\u30f3\u7528\u30c0\u30d6\u30eb\u30b9\u30a4\u30d9\u30eb\u30a6\u30a9\u30fc\u30eb\u30de\u30a6\u30f3\u30c8\u30a2\u30fc\u30e0\u3002VESA 75\/100\/200\u30de\u30a6\u30f3\u30c8\u30dd\u30a4\u30f3\u30c8\u3002\u30b1\u30fc\u30d6\u30eb\u30de\u30cd\u30b8\u30e1\u30f3\u30c8\u3068\u6c34\u6e96\u5668\u4ed8\u304d\u3067\u8a2d\u7f6e\u304c\u7c21\u5358\u3002\nVESA\u30a6\u30a9\u30fc\u30eb\u30de\u30a6\u30f3\u30c8\u306f\u4ed6\u306b\u3082\u69d8\u3005\u306a\u30c7\u30b6\u30a4\u30f3\u304c\u3042\u308a\u307e\u3059\u3002\u304a\u554f\u3044\u5408\u308f\u305b\u304f\u3060\u3055\u3044\uff01\n<h2>Audipack\u30b9\u30af\u30ea\u30fc\u30f3\u7528\u56de\u8ee2\u30a6\u30a9\u30fc\u30eb\u30d6\u30e9\u30b1\u30c3\u30c8<\/h2>\n<a href=\"https:\/\/konferenztechnik.de\/wp-content\/uploads\/2013\/09\/Audipack_Wandhalterung_Schwenkarm.jpg\"><img loading=\"lazy\" decoding=\"async\" width=\"792\" height=\"594\" class=\"alignleft size-full wp-image-2683\" src=\"https:\/\/konferenztechnik.de\/wp-content\/uploads\/2013\/09\/Audipack_Wandhalterung_Schwenkarm.jpg\" alt=\"Audipack\u30b9\u30af\u30ea\u30fc\u30f3\u7528\u56de\u8ee2\u30a6\u30a9\u30fc\u30eb\u30d6\u30e9\u30b1\u30c3\u30c8\" title=\"\" srcset=\"https:\/\/konferenztechnik.de\/wp-content\/uploads\/2013\/09\/Audipack_Wandhalterung_Schwenkarm.jpg 792w, https:\/\/konferenztechnik.de\/wp-content\/uploads\/2013\/09\/Audipack_Wandhalterung_Schwenkarm-300x225.jpg 300w, https:\/\/konferenztechnik.de\/wp-content\/uploads\/2013\/09\/Audipack_Wandhalterung_Schwenkarm-768x576.jpg 768w\" sizes=\"(max-width: 792px) 100vw, 792px\" \/><\/a>\n\n160cm\uff0863\u30a4\u30f3\u30c1\uff09\u307e\u3067\u306e\u30b9\u30af\u30ea\u30fc\u30f3\u306b\u4f7f\u7528\u53ef\u80fd\u306a\u30b9\u30a4\u30d9\u30eb\u30a2\u30fc\u30e0\u4ed8\u304d\u30a6\u30a9\u30fc\u30eb\u30de\u30a6\u30f3\u30c8\u3002\u30b9\u30a4\u30d9\u30eb\u30a2\u30fc\u30e0\u3092\u4f7f\u7528\u3057\u3066\u3001\u30b9\u30af\u30ea\u30fc\u30f3\u3092\u5de6\u53f3\u306b\u56de\u8ee2\u3055\u305b\u305f\u308a\u3001\u5782\u76f4\u4f4d\u7f6e\u3067\u58c1\u304b\u3089\u96e2\u3057\u305f\u308a\u3059\u308b\u3053\u3068\u304c\u3067\u304d\u307e\u3059\u3002\u30b9\u30af\u30ea\u30fc\u30f3\u306e\u4f4d\u7f6e\u306f\u3069\u306e\u4f4d\u7f6e\u3067\u3082\u30ed\u30c3\u30af\u3067\u304d\u307e\u3059\u3002\u30b9\u30af\u30ea\u30fc\u30f3\u306f\u5b89\u5168\u30d5\u30c3\u30af\uff08\u30ed\u30c3\u30af\uff06\u30bb\u30ad\u30e5\u30a2\uff09\u3067\u56fa\u5b9a\u3067\u304d\u307e\u3059\u3002\u5b8c\u5168\u306b\u6298\u308a\u305f\u305f\u3080\u3068\u3001\u30b9\u30a4\u30d9\u30eb\u30a2\u30fc\u30e0\u306e\u5965\u884c\u304d\u306f\u308f\u305a\u304b120mm\u3067\u3059\u3002\n<h2>\u30aa\u30fc\u30c7\u30a3\u30d1\u30c3\u30af\u30fb\u30d7\u30ed\u30b8\u30a7\u30af\u30bf\u30fc\u30fb\u30a6\u30a9\u30fc\u30eb\u30de\u30a6\u30f3\u30c8<\/h2>\n<a href=\"https:\/\/konferenztechnik.de\/wp-content\/uploads\/2013\/09\/Audipack_Wandhalterung5.jpg\"><img loading=\"lazy\" decoding=\"async\" width=\"792\" height=\"594\" class=\"alignleft size-full wp-image-2682\" src=\"https:\/\/konferenztechnik.de\/wp-content\/uploads\/2013\/09\/Audipack_Wandhalterung5.jpg\" alt=\"\u30aa\u30fc\u30c7\u30a3\u30d1\u30c3\u30af\u30fb\u30d7\u30ed\u30b8\u30a7\u30af\u30bf\u30fc\u30fb\u30a6\u30a9\u30fc\u30eb\u30de\u30a6\u30f3\u30c8\" title=\"\" srcset=\"https:\/\/konferenztechnik.de\/wp-content\/uploads\/2013\/09\/Audipack_Wandhalterung5.jpg 792w, https:\/\/konferenztechnik.de\/wp-content\/uploads\/2013\/09\/Audipack_Wandhalterung5-300x225.jpg 300w, https:\/\/konferenztechnik.de\/wp-content\/uploads\/2013\/09\/Audipack_Wandhalterung5-768x576.jpg 768w\" sizes=\"(max-width: 792px) 100vw, 792px\" \/><\/a>\n\n50kg\u307e\u3067\u306e\u30d7\u30ed\u30b8\u30a7\u30af\u30bf\u30fc\u3068\u30ab\u30e1\u30e9\u7528\u306e\u58c1\u639b\u3051\u30de\u30a6\u30f3\u30c8\u3002\u975e\u5e38\u306b\u9ad8\u3044\u525b\u6027\u3068\u5fae\u8abf\u6574\u304c\u53ef\u80fd\u3067\u3059\u3002\u69d8\u3005\u306aAudipack\u30d7\u30ed\u30b8\u30a7\u30af\u30bf\u30fc\u30de\u30a6\u30f3\u30c8\u3068\u7d44\u307f\u5408\u308f\u305b\u3066\u4f7f\u7528\u3057\u307e\u3059\u3002\u69d8\u3005\u306a\u9577\u3055\u306e\u30e2\u30c7\u30eb\u3092\u3054\u7528\u610f\u3057\u3066\u3044\u307e\u3059\u3002\n\n\n\nPCS GmbH\u306fAudipack\u306e\u30c9\u30a4\u30c4\u6b63\u898f\u4ee3\u7406\u5e97\u3067\u3059\u3002\u5c02\u9580\u7684\u306a\u30a2\u30c9\u30d0\u30a4\u30b9\u3068\u8fc5\u901f\u306a\u7d0d\u671f\u3092\u3054\u63d0\u4f9b\u3044\u305f\u3057\u307e\u3059\u3002\n\n<img loading=\"lazy\" decoding=\"async\" class=\"alignright size-full wp-image-5489\" src=\"https:\/\/konferenztechnik.de\/wp-content\/uploads\/2013\/09\/PCS-GmbH-Audipack-authorized-dealer-small.jpg\" alt=\"PCS GmbH\u306fAudipack\u306e\u6b63\u898f\u8ca9\u58f2\u5e97\u3067\u3059\u3002\" width=\"200\" height=\"81\" title=\"\">\t\t\t\t\t\t\t\t<\/div>\n\t\t\t\t<\/div>\n\t\t\t\t\t<\/div>\n\t\t<\/div>\n\t\t\t\t\t<\/div>\n\t\t<\/section>\n\t\t\t\t<\/div>","protected":false},"excerpt":{"rendered":"<p>Wandhalterungen Audipack Bildschirm Wandhalterung L&amp;S 3 Flache Wandhalterung f\u00fcr Bildschirme bis 127 cm (50 Zoll). Diese nicht verstellbare Wandhalterung ist nur 18 mm tief und bietet die M\u00f6glichkeit, den Bildschrim mittels Sicherungshaken zu sichern (Lock &amp; Secure). Smart Metals &#8211; Wandhalterung mit Feineinstellung Wandhalterung f\u00fcr Ultra-Short-Throw-Projektoren, wie die Hitachi A100-Serie, der Sanyo PLC-XL50 oder PDG-DWL2500. Die Halterung hat eine einzigartige Feineinstellung, die das Neigen und Kippen des Projektors von der Linsenmitte aus erm\u00f6glicht. Smart Metals &#8211; Wandhalterung mit Feineinstellung Minimale L\u00e4nge: 55&#8243; Maximale Breite: 110&#8243; Bilddiagonale Farbe: Dunkelgrau F\u00fcr Hersteller: Sanyo und Panasonic L\u00e4ngenverstellung: maunell H\u00f6henverstellung: 50 mm Halterung \/ Schnittstelle: inklusive Tilt-Funktion Feineinstellung: +5 \u00b0 bis -5 \u00b0 Kabelkanal: [&hellip;]<\/p>","protected":false},"author":1,"featured_media":45482,"parent":1221,"menu_order":129,"comment_status":"closed","ping_status":"open","template":"","meta":{"_acf_changed":false,"footnotes":""},"class_list":["post-2618","page","type-page","status-publish","has-post-thumbnail","hentry"],"acf":[],"_links":{"self":[{"href":"https:\/\/konferenztechnik.de\/ja\/wp-json\/wp\/v2\/pages\/2618","targetHints":{"allow":["GET"]}}],"collection":[{"href":"https:\/\/konferenztechnik.de\/ja\/wp-json\/wp\/v2\/pages"}],"about":[{"href":"https:\/\/konferenztechnik.de\/ja\/wp-json\/wp\/v2\/types\/page"}],"author":[{"embeddable":true,"href":"https:\/\/konferenztechnik.de\/ja\/wp-json\/wp\/v2\/users\/1"}],"replies":[{"embeddable":true,"href":"https:\/\/konferenztechnik.de\/ja\/wp-json\/wp\/v2\/comments?post=2618"}],"version-history":[{"count":0,"href":"https:\/\/konferenztechnik.de\/ja\/wp-json\/wp\/v2\/pages\/2618\/revisions"}],"up":[{"embeddable":true,"href":"https:\/\/konferenztechnik.de\/ja\/wp-json\/wp\/v2\/pages\/1221"}],"wp:featuredmedia":[{"embeddable":true,"href":"https:\/\/konferenztechnik.de\/ja\/wp-json\/wp\/v2\/media\/45482"}],"wp:attachment":[{"href":"https:\/\/konferenztechnik.de\/ja\/wp-json\/wp\/v2\/media?parent=2618"}],"curies":[{"name":"wp","href":"https:\/\/api.w.org\/{rel}","templated":true}]}}