{"id":2628,"date":"2013-09-25T15:15:19","date_gmt":"2013-09-25T13:15:19","guid":{"rendered":"https:\/\/konferenztechnik.de\/?page_id=2628"},"modified":"2023-07-05T14:21:35","modified_gmt":"2023-07-05T12:21:35","slug":"%e3%82%b7%e3%83%bc%e3%83%aa%e3%83%b3%e3%82%b0%e3%83%9e%e3%82%a6%e3%83%b3%e3%83%88","status":"publish","type":"page","link":"https:\/\/konferenztechnik.de\/ja\/%e4%bc%9a%e8%ad%b0%e3%81%8a%e3%82%88%e3%81%b3av%e3%83%a1%e3%83%87%e3%82%a3%e3%82%a2%e6%8a%80%e8%a1%93%e3%81%ae%e9%85%8d%e5%b8%83\/%e3%83%93%e3%83%87%e3%82%aa%e6%8a%80%e8%a1%93\/%e3%83%87%e3%82%a3%e3%82%b9%e3%83%97%e3%83%ac%e3%82%a4%e3%81%8a%e3%82%88%e3%81%b3%e3%83%97%e3%83%ad%e3%82%b8%e3%82%a7%e3%82%af%e3%82%bf%e3%83%bc%e7%94%a8%e3%83%9e%e3%82%a6%e3%83%b3%e3%83%88\/%e3%82%b7%e3%83%bc%e3%83%aa%e3%83%b3%e3%82%b0%e3%83%9e%e3%82%a6%e3%83%b3%e3%83%88\/","title":{"rendered":"\u5929\u4e95\u30d6\u30e9\u30b1\u30c3\u30c8"},"content":{"rendered":"<h1>\u5929\u4e95\u30d6\u30e9\u30b1\u30c3\u30c8<\/h1>\n<h2>\u30aa\u30fc\u30c7\u30a3\u30d1\u30c3\u30af\u30fb\u30d7\u30ed\u30b8\u30a7\u30af\u30bf\u30fc\u5929\u4e95\u30de\u30a6\u30f3\u30c8<\/h2>\n<p><a href=\"https:\/\/konferenztechnik.de\/wp-content\/uploads\/2013\/09\/audipack_beamer_deckenhalterung_pcs.jpg\"><img fetchpriority=\"high\" decoding=\"async\" width=\"792\" height=\"594\" src=\"https:\/\/konferenztechnik.de\/wp-content\/uploads\/2013\/09\/audipack_beamer_deckenhalterung_pcs.jpg\" alt=\"\u30aa\u30fc\u30c7\u30a3\u30d1\u30c3\u30af\u30fb\u30d7\u30ed\u30b8\u30a7\u30af\u30bf\u30fc\u5929\u4e95\u30de\u30a6\u30f3\u30c8\" class=\"alignleft size-full wp-image-2752\" title=\"\" srcset=\"https:\/\/konferenztechnik.de\/wp-content\/uploads\/2013\/09\/audipack_beamer_deckenhalterung_pcs.jpg 792w, https:\/\/konferenztechnik.de\/wp-content\/uploads\/2013\/09\/audipack_beamer_deckenhalterung_pcs-300x225.jpg 300w, https:\/\/konferenztechnik.de\/wp-content\/uploads\/2013\/09\/audipack_beamer_deckenhalterung_pcs-768x576.jpg 768w\" sizes=\"(max-width: 792px) 100vw, 792px\" \/><\/a><\/p>\n<p>70kg\u307e\u3067\u306e\u30d7\u30ed\u30b8\u30a7\u30af\u30bf\u30fc\u3068\u30c7\u30a3\u30b9\u30d7\u30ec\u30a4\u306b\u5bfe\u5fdc\u3059\u308b\u30d7\u30ed\u30b8\u30a7\u30af\u30bf\u30fc\u30b7\u30fc\u30ea\u30f3\u30b0\u30de\u30a6\u30f3\u30c8\u3002\u30d7\u30ed\u30b8\u30a7\u30af\u30bf\u30fc\u306e\u30a2\u30e9\u30a4\u30e1\u30f3\u30c8\u3092\u6700\u9069\u5316\u3059\u308b\u7279\u8a31\u53d6\u5f97\u6e08\u307f\u306e\u30dc\u30fc\u30eb\u30b8\u30e7\u30a4\u30f3\u30c8\u4ed8\u304d\u3002<\/p>\n<h2>\u30aa\u30fc\u30c7\u30a3\u30d1\u30c3\u30af\u30fb\u30d7\u30ed\u30b8\u30a7\u30af\u30bf\u30fc\u5929\u4e95\u30de\u30a6\u30f3\u30c8<\/h2>\n<ul>\n<li>\u975e\u5e38\u306b\u8efd\u91cf<\/li>\n<li>\u67d4\u8edf\u306a\u30d7\u30ed\u30b8\u30a7\u30af\u30bf\u30fc\u8abf\u6574<\/li>\n<li>\u3059\u3079\u3066\u306eAudipack\u30d7\u30ed\u30b8\u30a7\u30af\u30bf\u30fc\u30de\u30a6\u30f3\u30c8\u3068\u4e92\u63db\u6027\u306e\u3042\u308b\u30de\u30a6\u30f3\u30c8\u30d7\u30ec\u30fc\u30c8<\/li>\n<li>\u56fa\u5b9a\u9577165mm<\/li>\n<li>\u30c6\u30e5\u30d5\u8a8d\u8a3c<\/li>\n<li>\u5546\u54c1\u756a\u53f7: 390065<\/li>\n<\/ul>\n<h2>90\u00b0\u30b9\u30a4\u30d9\u30eb\u30d8\u30c3\u30c9\u4ed8\u304d\u30d7\u30ed\u30b8\u30a7\u30af\u30bf\u30fc\u30de\u30a6\u30f3\u30c8<\/h2>\n<p><a href=\"https:\/\/konferenztechnik.de\/wp-content\/uploads\/2013\/09\/audipack_projektorhalterung_392361_pcs.jpg\"><img decoding=\"async\" width=\"792\" height=\"594\" src=\"https:\/\/konferenztechnik.de\/wp-content\/uploads\/2013\/09\/audipack_projektorhalterung_392361_pcs.jpg\" alt=\"90\u00b0\u30b9\u30a4\u30d9\u30eb\u30d8\u30c3\u30c9\u4ed8\u304d\u30d7\u30ed\u30b8\u30a7\u30af\u30bf\u30fc\u30de\u30a6\u30f3\u30c8\" class=\"alignleft size-full wp-image-2756\" title=\"\" srcset=\"https:\/\/konferenztechnik.de\/wp-content\/uploads\/2013\/09\/audipack_projektorhalterung_392361_pcs.jpg 792w, https:\/\/konferenztechnik.de\/wp-content\/uploads\/2013\/09\/audipack_projektorhalterung_392361_pcs-300x225.jpg 300w, https:\/\/konferenztechnik.de\/wp-content\/uploads\/2013\/09\/audipack_projektorhalterung_392361_pcs-768x576.jpg 768w\" sizes=\"(max-width: 792px) 100vw, 792px\" \/><\/a><\/p>\n<p>70kg\u307e\u3067\u306e\u30d7\u30ed\u30b8\u30a7\u30af\u30bf\u30fc\u3068\u30c7\u30a3\u30b9\u30d7\u30ec\u30a4\u306b\u5bfe\u5fdc\u3059\u308b\u30d7\u30ed\u30b8\u30a7\u30af\u30bf\u30fc\u7528\u30b7\u30fc\u30ea\u30f3\u30b0\u30de\u30a6\u30f3\u30c8\u3002\u4f38\u7e2e\u8a2d\u8a08\u306b\u3088\u308a\u3001700\uff5e940 mm\u306e\u9577\u3055\u306b\u5bfe\u5fdc\u3057\u307e\u3059\u3002\u30d7\u30ed\u30b8\u30a7\u30af\u30bf\u30fc\u306e\u30a2\u30e9\u30a4\u30e1\u30f3\u30c8\u3092\u6700\u9069\u5316\u3057\u3001\u30d7\u30ed\u30b8\u30a7\u30af\u30bf\u30fc\u3092\u5782\u76f4\u65b9\u5411\u306b90\u5ea6\u79fb\u52d5\u3067\u304d\u308b\u7279\u8a31\u53d6\u5f97\u6e08\u307f\u306e\u30dc\u30fc\u30eb\u30b8\u30e7\u30a4\u30f3\u30c8\u3092\u88c5\u5099\u3002\u5b89\u5168\u3067\u4fbf\u5229\u306a\u8a2d\u7f6e\u306e\u305f\u3081\u306e\u30b1\u30fc\u30d6\u30eb\u30a2\u30a6\u30c8\u30ec\u30c3\u30c8\u3002<\/p>\n<h2>90\u00b0\u30b9\u30a4\u30d9\u30eb\u30d8\u30c3\u30c9\u4ed8\u304d\u30d7\u30ed\u30b8\u30a7\u30af\u30bf\u30fc\u30de\u30a6\u30f3\u30c8<\/h2>\n<ul>\n<li>700mm\u304b\u3089940mm\u307e\u3067\u9577\u3055\u8abf\u7bc0\u53ef\u80fd<\/li>\n<li>\u30d5\u30ec\u30ad\u30b7\u30d6\u30eb\u306a\u30d7\u30ed\u30b8\u30a7\u30af\u30bf\u30fc\u30a2\u30e9\u30a4\u30e1\u30f3\u30c8\u3001\u6700\u592790\u5ea6\u306e\u5782\u76f4\u56de\u8ee2<\/li>\n<li>\u3059\u3079\u3066\u306eAudipack\u30d7\u30ed\u30b8\u30a7\u30af\u30bf\u30fc\u30de\u30a6\u30f3\u30c8\u3068\u4e92\u63db\u6027\u306e\u3042\u308b\u30de\u30a6\u30f3\u30c8\u30d7\u30ec\u30fc\u30c8<\/li>\n<li>\u30a2\u30a6\u30c8\u30ec\u30c3\u30c8\u4ed8\u304d\u30b1\u30fc\u30d6\u30eb\u30fb\u30c0\u30af\u30c8<\/li>\n<li>\u5546\u54c1\u756a\u53f7: 390201<\/li>\n<\/ul>\n<h2>\u30af\u30a4\u30c3\u30af\u30ea\u30ea\u30fc\u30b9\u30d7\u30e9\u30b9\u30fb\u30d7\u30ed\u30b8\u30a7\u30af\u30bf\u30fc\u30de\u30a6\u30f3\u30c8<\/h2>\n<p><a href=\"https:\/\/konferenztechnik.de\/wp-content\/uploads\/2013\/09\/audipack_projektorhalterung_392361b_pcs.jpg\"><img decoding=\"async\" width=\"792\" height=\"594\" src=\"https:\/\/konferenztechnik.de\/wp-content\/uploads\/2013\/09\/audipack_projektorhalterung_392361b_pcs.jpg\" alt=\"\u30af\u30a4\u30c3\u30af\u30ea\u30ea\u30fc\u30b9\u30d7\u30e9\u30b9\u30fb\u30d7\u30ed\u30b8\u30a7\u30af\u30bf\u30fc\u30de\u30a6\u30f3\u30c8\" class=\"alignleft size-full wp-image-2757\" title=\"\" srcset=\"https:\/\/konferenztechnik.de\/wp-content\/uploads\/2013\/09\/audipack_projektorhalterung_392361b_pcs.jpg 792w, https:\/\/konferenztechnik.de\/wp-content\/uploads\/2013\/09\/audipack_projektorhalterung_392361b_pcs-300x225.jpg 300w, https:\/\/konferenztechnik.de\/wp-content\/uploads\/2013\/09\/audipack_projektorhalterung_392361b_pcs-768x576.jpg 768w\" sizes=\"(max-width: 792px) 100vw, 792px\" \/><\/a><\/p>\n<p>50kg\u307e\u3067\u306e\u30d7\u30ed\u30b8\u30a7\u30af\u30bf\u30fc\u7528\u30af\u30a4\u30c3\u30af\u30ea\u30ea\u30fc\u30b9\u30d7\u30e9\u30b9\u30b7\u30fc\u30ea\u30f3\u30b0\u30de\u30a6\u30f3\u30c8\u3002\u7279\u6b8a\u306a\u30af\u30a4\u30c3\u30af\u30ea\u30ea\u30fc\u30b9\u30d7\u30e9\u30b9\u30ed\u30c3\u30af\u30b7\u30b9\u30c6\u30e0\u306b\u3088\u308a\u3001\u30d7\u30ed\u30b8\u30a7\u30af\u30bf\u30fc\u3092\u7d20\u65e9\u304f\u6607\u964d\u3055\u305b\u308b\u3053\u3068\u304c\u3067\u304d\u307e\u3059\u3002\u30de\u30a6\u30f3\u30c6\u30a3\u30f3\u30b0\u30d7\u30ec\u30fc\u30c8\u4e0a\u306e3\u3064\u306e\u8abf\u6574\u30ce\u30d6\u306b\u3088\u308a\u3001\u30d7\u30ed\u30b8\u30a7\u30af\u30bf\u30fc\u306e\u30a2\u30e9\u30a4\u30e1\u30f3\u30c8\u30923\u6b21\u5143\u7684\u306b\u5fae\u8abf\u6574\u3067\u304d\u307e\u3059\u3002\u8907\u6570\u306e\u30d7\u30ed\u30b8\u30a7\u30af\u30bf\u30fc\u3092\u4f7f\u7528\u3059\u308b\u30bb\u30c3\u30c8\u30a2\u30c3\u30d7\u306b\u6700\u9069\u3067\u3059\uff01<\/p>\n<h2>\u30af\u30a4\u30c3\u30af\u30ea\u30ea\u30fc\u30b9\u30d7\u30e9\u30b9\u30fb\u30d7\u30ed\u30b8\u30a7\u30af\u30bf\u30fc\u30de\u30a6\u30f3\u30c8<\/h2>\n<ul>\n<li>50kg\u307e\u3067\u306e\u30d7\u30ed\u30b8\u30a7\u30af\u30bf\u30fc<\/li>\n<li>\u30d5\u30ec\u30ad\u30b7\u30d6\u30eb\u306a3\u6b21\u5143\u30d7\u30ed\u30b8\u30a7\u30af\u30bf\u30fc\u30a2\u30e9\u30a4\u30e1\u30f3\u30c8<\/li>\n<li>\u3059\u3079\u3066\u306eAudipack\u30d7\u30ed\u30b8\u30a7\u30af\u30bf\u30fc\u30de\u30a6\u30f3\u30c8\u3068\u4e92\u63db\u6027\u306e\u3042\u308b\u30de\u30a6\u30f3\u30c8\u30d7\u30ec\u30fc\u30c8<\/li>\n<li>\u5546\u54c1\u756a\u53f7: 392361<\/li>\n<\/ul>\n<h2>\u30d7\u30ed\u30b8\u30a7\u30af\u30bf\u30fc\u30de\u30a6\u30f3\u30c8<\/h2>\n<p><a href=\"https:\/\/konferenztechnik.de\/wp-content\/uploads\/2013\/09\/Audipack-QFIX-0100G.jpg\"><img loading=\"lazy\" decoding=\"async\" width=\"800\" height=\"600\" src=\"https:\/\/konferenztechnik.de\/wp-content\/uploads\/2013\/09\/Audipack-QFIX-0100G.jpg\" alt=\"\u30d7\u30ed\u30b8\u30a7\u30af\u30bf\u30fc\u30de\u30a6\u30f3\u30c8\" class=\"alignleft size-full wp-image-2751\" title=\"\" srcset=\"https:\/\/konferenztechnik.de\/wp-content\/uploads\/2013\/09\/Audipack-QFIX-0100G.jpg 800w, https:\/\/konferenztechnik.de\/wp-content\/uploads\/2013\/09\/Audipack-QFIX-0100G-300x225.jpg 300w, https:\/\/konferenztechnik.de\/wp-content\/uploads\/2013\/09\/Audipack-QFIX-0100G-768x576.jpg 768w\" sizes=\"(max-width: 800px) 100vw, 800px\" \/><\/a><\/p>\n<p>\u30af\u30a2\u30c8\u30ed\u30d5\u30a3\u30c3\u30af\u30b9\u30fb\u30d6\u30e9\u30b1\u30c3\u30c8\u306f\u3001\u30d7\u30ed\u30b8\u30a7\u30af\u30bf\u30fc\u30b5\u30a4\u30ba\u306b\u5408\u308f\u305b\u3066\u30d5\u30ec\u30ad\u30b7\u30d6\u30eb\u306b\u8abf\u6574\u3067\u304d\u308b\u305f\u3081\u3001\u7570\u306a\u308b\u30e1\u30fc\u30ab\u30fc\u3084\u30e2\u30c7\u30eb\u3067\u3082\u53d6\u308a\u4ed8\u3051\u53ef\u80fd\u3002\u6700\u592720kg\u307e\u3067\u306e\u30d7\u30ed\u30b8\u30a7\u30af\u30bf\u30fc\u304c\u4f7f\u7528\u3067\u304d\u307e\u3059\u3002\u30d7\u30ed\u30b8\u30a7\u30af\u30bf\u30fc\u3092\u7d20\u65e9\u304f\u7c21\u5358\u306b\u5929\u4e95\u306b\u53d6\u308a\u4ed8\u3051\u308b\u305f\u3081\u306e\u7406\u60f3\u7684\u306a\u30bd\u30ea\u30e5\u30fc\u30b7\u30e7\u30f3\u3067\u3059\u3002\u9577\u3055\u306e\u7570\u306a\u308b\u88fd\u54c1\u3082\u3054\u7528\u610f\u3057\u3066\u3044\u307e\u3059\u3002<\/p>\n<h2>\u30d7\u30ed\u30b8\u30a7\u30af\u30bf\u30fc\u30de\u30a6\u30f3\u30c8<\/h2>\n<ul>\n<li>\u30df\u30cb\u30de\u30eb\u30c7\u30b6\u30a4\u30f3<\/li>\n<li>\u7570\u306a\u308b\u30b5\u30a4\u30ba\u3067\u5229\u7528\u53ef\u80fd<\/li>\n<li>\u30b7\u30f3\u30d7\u30eb\u306a\u30b1\u30fc\u30d6\u30eb\u30eb\u30fc\u30c6\u30a3\u30f3\u30b0<\/li>\n<\/ul>\n<h2>\u30b9\u30de\u30fc\u30c8\u30e1\u30bf\u30eb\u2013\u30b7\u30fc\u30ea\u30f3\u30b0\u30de\u30a6\u30f3\u30c8\uff08\u30e9\u30a4\u30c8\u30b7\u30ea\u30fc\u30ba\uff09\u30d6\u30e9\u30b1\u30c3\u30c8\u4ed8\u304d VESA 200<\/h2>\n<p><a href=\"https:\/\/konferenztechnik.de\/wp-content\/uploads\/2013\/09\/smart-metals_ceiling-mount_0728100122.jpg\"><img loading=\"lazy\" decoding=\"async\" src=\"https:\/\/konferenztechnik.de\/wp-content\/uploads\/2013\/09\/smart-metals_ceiling-mount_0728100122-124x300.jpg\" alt=\"\u30b9\u30de\u30fc\u30c8\u30e1\u30bf\u30eb_\u30b7\u30fc\u30ea\u30f3\u30b0\u30de\u30a6\u30f3\u30c8 0728100122\" width=\"124\" height=\"300\" class=\"alignleft size-medium wp-image-4431\" title=\"\"><\/a><\/p>\n<p>Light\u30b7\u30ea\u30fc\u30ba\u306e\u30c7\u30a3\u30b9\u30d7\u30ec\u30a4\u7528\u30b7\u30fc\u30ea\u30f3\u30b0\u30de\u30a6\u30f3\u30c8\u3002\u30c7\u30a3\u30b9\u30d7\u30ec\u30a4\u306f\u7e26\u7f6e\u304d\u3001\u6a2a\u7f6e\u304d\u306e\u4e21\u65b9\u306b\u5bfe\u5fdc\u3002  \u30de\u30a6\u30f3\u30c8\u306b\u306fVESA 200\u30d6\u30e9\u30b1\u30c3\u30c8\u304c\u4ed8\u5c5e\u3057\u3066\u3044\u307e\u3059\u3002\u3082\u3061\u308d\u3093\u3001\u305d\u306e\u4ed6\u306e\u30d6\u30e9\u30b1\u30c3\u30c8\u3082\u3054\u7528\u610f\u3057\u3066\u3044\u307e\u3059\u3002\u304a\u6c17\u8efd\u306b\u304a\u554f\u3044\u5408\u308f\u305b\u304f\u3060\u3055\u3044\u3002<\/p>\n<h2>\u30b9\u30de\u30fc\u30c8\u30e1\u30bf\u30eb\u2013\u30b7\u30fc\u30ea\u30f3\u30b0\u30de\u30a6\u30f3\u30c8\uff08\u30e9\u30a4\u30c8\u30b7\u30ea\u30fc\u30ba\uff09\u30d6\u30e9\u30b1\u30c3\u30c8\u4ed8\u304d VESA 200<\/h2>\n<ul>\n<li>\u6700\u5927\u9577\uff1a1000mm<\/li>\n<li>\u91cd\u91cf\uff1a10.2 kg<\/li>\n<li>\u30ab\u30e9\u30fc\uff1a\u30c0\u30fc\u30af\u30b0\u30ec\u30fc\uff06\u30a2\u30eb\u30df\u30cb\u30a6\u30e0<\/li>\n<li>\u6700\u5927\u8377\u91cd\uff1a30 kg<\/li>\n<li>\u753b\u9762\u306e\u4f4d\u7f6e\uff1a\u6a2a\u5411\u304d\u3068\u7e26\u5411\u304d<\/li>\n<li>\u30a4\u30f3\u30c1\u7bc4\u56f2\uff1a\u6700\u592755\u30a4\u30f3\u30c1<\/li>\n<li>\u30d6\u30e9\u30b1\u30c3\u30c8\/\u30a4\u30f3\u30bf\u30fc\u30d5\u30a7\u30fc\u30b9\uff1a\u4ed8\u5c5e<\/li>\n<li>\u30de\u30a6\u30f3\u30c8\/\u30a4\u30f3\u30bf\u30fc\u30d5\u30a7\u30fc\u30b9\u306e\u30bf\u30a4\u30d7: VESA<\/li>\n<li>\u30ea\u30fc\u30c1\u89d2\u5ea6\/\u30a4\u30f3\u30bf\u30fc\u30d5\u30a7\u30fc\u30b9\uff1aVESA 100\u3001200<\/li>\n<li>\u30c1\u30eb\u30c8\u6a5f\u80fd\uff1a\u6700\u592715<\/li>\n<li>\u5929\u4e95\u30c1\u30eb\u30c8\u6a5f\u80fd\uff1a+30\u00b0\uff5e-30<\/li>\n<li>\u30b1\u30fc\u30d6\u30eb\u30fb\u30c0\u30af\u30c8: 35 x 15 mm<\/li>\n<\/ul>\n<p><a href=\"https:\/\/konferenztechnik.de\/wp-content\/uploads\/2013\/09\/0728100122_SmartMetals_productleafletEN.pdf\">\u30b9\u30de\u30fc\u30c8\u30e1\u30bf\u30eb\u88fd\u54c1\u60c5\u5831\u30b7\u30fc\u30c8 072.8100-122\uff08\u82f1\u8a9e\uff09<\/a><\/p>\n<h2>\u30b9\u30de\u30fc\u30c8\u30e1\u30bf\u30eb\u2013\u30b7\u30fc\u30ea\u30f3\u30b0\u30de\u30a6\u30f3\u30c8\uff08\u30e9\u30a4\u30c8\u30b7\u30ea\u30fc\u30ba\uff09\u30d6\u30e9\u30b1\u30c3\u30c8\u4ed8\u304d VESA 400<\/h2>\n<p><a href=\"https:\/\/konferenztechnik.de\/wp-content\/uploads\/2013\/09\/smart-metals_ceiling-mount_0728100144.jpg\"><img loading=\"lazy\" decoding=\"async\" src=\"https:\/\/konferenztechnik.de\/wp-content\/uploads\/2013\/09\/smart-metals_ceiling-mount_0728100144-144x300.jpg\" alt=\"\u30b9\u30de\u30fc\u30c8\u30e1\u30bf\u30eb \u30b7\u30fc\u30ea\u30f3\u30b0\u30de\u30a6\u30f3\u30c8 0728100144\" width=\"144\" height=\"300\" class=\"alignleft size-medium wp-image-4433\" title=\"\" srcset=\"https:\/\/konferenztechnik.de\/wp-content\/uploads\/2013\/09\/smart-metals_ceiling-mount_0728100144-144x300.jpg 144w, https:\/\/konferenztechnik.de\/wp-content\/uploads\/2013\/09\/smart-metals_ceiling-mount_0728100144.jpg 480w\" sizes=\"(max-width: 144px) 100vw, 144px\" \/><\/a><\/p>\n<p>Light\u30b7\u30ea\u30fc\u30ba\u306e\u30c7\u30a3\u30b9\u30d7\u30ec\u30a4\u7528\u30b7\u30fc\u30ea\u30f3\u30b0\u30de\u30a6\u30f3\u30c8\u3002\u30c7\u30a3\u30b9\u30d7\u30ec\u30a4\u306f\u7e26\u7f6e\u304d\u3001\u6a2a\u7f6e\u304d\u306e\u4e21\u65b9\u306b\u5bfe\u5fdc\u3002  \u30de\u30a6\u30f3\u30c8\u306b\u306fVESA 400\u30d6\u30e9\u30b1\u30c3\u30c8\u304c\u4ed8\u5c5e\u3057\u3066\u3044\u307e\u3059\u3002\u3082\u3061\u308d\u3093\u3001\u305d\u306e\u4ed6\u306e\u30d6\u30e9\u30b1\u30c3\u30c8\u3082\u3054\u7528\u610f\u3057\u3066\u3044\u307e\u3059\u3002\u304a\u6c17\u8efd\u306b\u304a\u554f\u3044\u5408\u308f\u305b\u304f\u3060\u3055\u3044\u3002<\/p>\n<h2>\u30b9\u30de\u30fc\u30c8\u30e1\u30bf\u30eb\u2013\u30b7\u30fc\u30ea\u30f3\u30b0\u30de\u30a6\u30f3\u30c8\uff08\u30e9\u30a4\u30c8\u30b7\u30ea\u30fc\u30ba\uff09\u30d6\u30e9\u30b1\u30c3\u30c8\u4ed8\u304d VESA 400<\/h2>\n<ul>\n<li>\u6700\u5927\u9577\uff1a1000mm<\/li>\n<li>\u91cd\u91cf\uff1a12.3 kg<\/li>\n<li>\u30ab\u30e9\u30fc\uff1a\u30c0\u30fc\u30af\u30b0\u30ec\u30fc\uff06\u30a2\u30eb\u30df\u30cb\u30a6\u30e0<\/li>\n<li>\u6700\u5927\u8377\u91cd\uff1a30 kg<\/li>\n<li>\u753b\u9762\u306e\u4f4d\u7f6e\uff1a\u6a2a\u5411\u304d\u3068\u7e26\u5411\u304d<\/li>\n<li>\u30a4\u30f3\u30c1\u7bc4\u56f2\uff1a\u6700\u592755\u30a4\u30f3\u30c1<\/li>\n<li>\u30d6\u30e9\u30b1\u30c3\u30c8\/\u30a4\u30f3\u30bf\u30fc\u30d5\u30a7\u30fc\u30b9\uff1a\u4ed8\u5c5e<\/li>\n<li>\u30de\u30a6\u30f3\u30c8\/\u30a4\u30f3\u30bf\u30fc\u30d5\u30a7\u30fc\u30b9\u306e\u30bf\u30a4\u30d7: VESA<\/li>\n<li>\u30c1\u30eb\u30c8\u6a5f\u80fd\uff1a\u6700\u592715<\/li>\n<li>\u5929\u4e95\u30c1\u30eb\u30c8\u6a5f\u80fd\uff1a+30\u00b0\uff5e-30<\/li>\n<li>\u30b1\u30fc\u30d6\u30eb\u30fb\u30c0\u30af\u30c8: 35 x 15 mm<\/li>\n<\/ul>\n<p><a href=\"https:\/\/konferenztechnik.de\/wp-content\/uploads\/2013\/09\/0728100144_SmartMetals_productleafletEN.pdf\">0728100144_SmartMetals_productleafletEN<\/a>\u30b9\u30de\u30fc\u30c8\u30e1\u30bf\u30eb\u88fd\u54c1\u60c5\u5831\u30b7\u30fc\u30c8 072.8100-144\uff08\u82f1\u8a9e\uff09<\/p>\n<h2>\u30d7\u30ed\u30b8\u30a7\u30af\u30bf\u30fc\u5929\u4e95\u30d6\u30e9\u30b1\u30c3\u30c8<\/h2>\n<p><a href=\"https:\/\/konferenztechnik.de\/wp-content\/uploads\/2013\/09\/Audipack_Konstruktionsklammer.jpg\"><img loading=\"lazy\" decoding=\"async\" width=\"792\" height=\"594\" src=\"https:\/\/konferenztechnik.de\/wp-content\/uploads\/2013\/09\/Audipack_Konstruktionsklammer.jpg\" alt=\"\u30d7\u30ed\u30b8\u30a7\u30af\u30bf\u30fc\u5929\u4e95\u30d6\u30e9\u30b1\u30c3\u30c8\" class=\"alignleft size-full wp-image-2754\" title=\"\" srcset=\"https:\/\/konferenztechnik.de\/wp-content\/uploads\/2013\/09\/Audipack_Konstruktionsklammer.jpg 792w, https:\/\/konferenztechnik.de\/wp-content\/uploads\/2013\/09\/Audipack_Konstruktionsklammer-300x225.jpg 300w, https:\/\/konferenztechnik.de\/wp-content\/uploads\/2013\/09\/Audipack_Konstruktionsklammer-768x576.jpg 768w\" sizes=\"(max-width: 792px) 100vw, 792px\" \/><\/a><\/p>\n<p>\u9759\u7684\u5f37\u5ea6\u3092\u640d\u306a\u3046\u3053\u3068\u306a\u304f\u30d7\u30ed\u30b8\u30a7\u30af\u30bf\u30fc\u3092\u9244\u9aa8\u3084\u305d\u306e\u4ed6\u306e\u69cb\u9020\u7269\u306b\u53d6\u308a\u4ed8\u3051\u308b\u305f\u3081\u306e\u30af\u30e9\u30f3\u30d7\u3002\u30af\u30e9\u30f3\u30d7\u306f\u5b89\u5168\u30b1\u30fc\u30d6\u30eb\u306a\u3057\u3067\u4f7f\u7528\u3067\u304d\u3001\u53d6\u308a\u4ed8\u3051\u3082\u975e\u5e38\u306b\u7c21\u5358\u3067\u3059\u300250kg\u307e\u3067\u306e\u30d7\u30ed\u30b8\u30a7\u30af\u30bf\u30fc\u306b\u5bfe\u5fdc\u3002<\/p>\n<h2>\u624b\u52d5\u56de\u8ee2\u7528\u5929\u4e95\u30d6\u30e9\u30b1\u30c3\u30c8<\/h2>\n<p><a href=\"https:\/\/konferenztechnik.de\/wp-content\/uploads\/2013\/09\/Audipack_Deckenhalterung_ManuelleRotation.jpg\"><img loading=\"lazy\" decoding=\"async\" width=\"792\" height=\"594\" src=\"https:\/\/konferenztechnik.de\/wp-content\/uploads\/2013\/09\/Audipack_Deckenhalterung_ManuelleRotation.jpg\" alt=\"\u624b\u52d5\u56de\u8ee2\u7528\u5929\u4e95\u30d6\u30e9\u30b1\u30c3\u30c8\" class=\"alignleft size-full wp-image-2753\" title=\"\" srcset=\"https:\/\/konferenztechnik.de\/wp-content\/uploads\/2013\/09\/Audipack_Deckenhalterung_ManuelleRotation.jpg 792w, https:\/\/konferenztechnik.de\/wp-content\/uploads\/2013\/09\/Audipack_Deckenhalterung_ManuelleRotation-300x225.jpg 300w, https:\/\/konferenztechnik.de\/wp-content\/uploads\/2013\/09\/Audipack_Deckenhalterung_ManuelleRotation-768x576.jpg 768w\" sizes=\"(max-width: 792px) 100vw, 792px\" \/><\/a><\/p>\n<p>\u624b\u52d5\u3067\u56de\u8ee2\u53ef\u80fd\u306a\u30d7\u30ed\u30b8\u30a7\u30af\u30bf\u30fc\u7528\u30de\u30a6\u30f3\u30c8\u30d7\u30ec\u30fc\u30c8\u3002\u53d6\u308a\u4ed8\u3051\u5f8c\u3001\u30d7\u30ed\u30b8\u30a7\u30af\u30bf\u30fc\u3092\u81ea\u8ee2\u3055\u305b\u308b\u3053\u3068\u304c\u3067\u304d\u307e\u3059\u3002\u30dc\u30fc\u30eb\u30b8\u30e7\u30a4\u30f3\u30c8\u4ed8\u304d\u300250kg\u307e\u3067\u306e\u30d7\u30ed\u30b8\u30a7\u30af\u30bf\u30fc\u7528\u3002<\/p>\n<h2>Audipack\u30df\u30e9\u30fc\u30ad\u30c3\u30c8<\/h2>\n<p><a href=\"https:\/\/konferenztechnik.de\/wp-content\/uploads\/2013\/09\/Audipack_MirrorKit.jpg\"><img loading=\"lazy\" decoding=\"async\" width=\"792\" height=\"594\" src=\"https:\/\/konferenztechnik.de\/wp-content\/uploads\/2013\/09\/Audipack_MirrorKit.jpg\" alt=\"Audipack\u30df\u30e9\u30fc\u30ad\u30c3\u30c8\" class=\"alignleft size-full wp-image-2755\" title=\"\" srcset=\"https:\/\/konferenztechnik.de\/wp-content\/uploads\/2013\/09\/Audipack_MirrorKit.jpg 792w, https:\/\/konferenztechnik.de\/wp-content\/uploads\/2013\/09\/Audipack_MirrorKit-300x225.jpg 300w, https:\/\/konferenztechnik.de\/wp-content\/uploads\/2013\/09\/Audipack_MirrorKit-768x576.jpg 768w\" sizes=\"(max-width: 792px) 100vw, 792px\" \/><\/a><\/p>\n<p>\u30df\u30e9\u30fc\u30ad\u30c3\u30c8\u3092\u4f7f\u7528\u3059\u308b\u3068\u3001\u30d7\u30ed\u30b8\u30a7\u30af\u30bf\u30fc\u306f\u5929\u4e95\u306b\u8a2d\u7f6e\u3055\u308c\u3001\u6295\u5f71\u306f\u6298\u308a\u305f\u305f\u307f\u5f0f\u306e\u30df\u30e9\u30fc\u3092\u4ecb\u3057\u3066\u504f\u5411\u3055\u308c\u3001\u58c1\u306b\u6295\u5f71\u3055\u308c\u307e\u3059\u3002\u3064\u307e\u308a\u3001\u30d7\u30ed\u30b8\u30a7\u30af\u30bf\u30fc\u304c\u898b\u3048\u305a\u3001\u9759\u304b\u3067\u3001\u5929\u4e95\u306e\u30b3\u30f3\u30bb\u30f3\u30c8\u306f\u30df\u30e9\u30fc\u306e\u5927\u304d\u3055\u3057\u304b\u898b\u3048\u307e\u305b\u3093\u3002\u3053\u306e\u6a5f\u80fd\u306f\u3001\u4f7f\u7528\u3059\u308b\u6280\u8853\u304c\u3067\u304d\u308b\u3060\u3051\u898b\u3048\u306a\u3044\u3053\u3068\u304c\u7279\u306b\u91cd\u8981\u306a\u90e8\u5c4b\u306b\u304a\u3044\u3066\u3001\u591a\u304f\u306e\u5229\u70b9\u3092\u3082\u305f\u3089\u3057\u307e\u3059\u3002\u30df\u30e9\u30fc\u30ad\u30c3\u30c8\u306f\u3001\u3055\u307e\u3056\u307e\u306a\u30e1\u30fc\u30ab\u30fc\u3084\u30e2\u30c7\u30eb\u306b\u5bfe\u5fdc\u3057\u305f\u3055\u307e\u3056\u307e\u306a\u30c7\u30b6\u30a4\u30f3\u304c\u3042\u308a\u307e\u3059\u3002<\/p>\n<p>\u4f1a\u8b70\u30c6\u30fc\u30d6\u30eb\u306b\u8a2d\u7f6e\u3059\u308b\u305f\u3081\u306e\u4ed6\u306e\u30e2\u30c7\u30eb\u3082\u3054\u7528\u610f\u3057\u3066\u3044\u307e\u3059\u3002\u304a\u6c17\u8efd\u306b\u3054\u76f8\u8ac7\u304f\u3060\u3055\u3044\uff01<\/p>\n<h2>\u30aa\u30fc\u30c7\u30a3\u30d1\u30c3\u30af\u30fb\u30ed\u30fc\u30bf\u30ad\u30c3\u30c8<\/h2>\n<p><a href=\"https:\/\/konferenztechnik.de\/wp-content\/uploads\/2013\/09\/Audipack_RotaKit.jpg\"><img loading=\"lazy\" decoding=\"async\" width=\"792\" height=\"594\" src=\"https:\/\/konferenztechnik.de\/wp-content\/uploads\/2013\/09\/Audipack_RotaKit.jpg\" alt=\"\u30aa\u30fc\u30c7\u30a3\u30d1\u30c3\u30af\u30fb\u30ed\u30fc\u30bf\u30ad\u30c3\u30c8\" class=\"alignleft size-full wp-image-2758\" title=\"\" srcset=\"https:\/\/konferenztechnik.de\/wp-content\/uploads\/2013\/09\/Audipack_RotaKit.jpg 792w, https:\/\/konferenztechnik.de\/wp-content\/uploads\/2013\/09\/Audipack_RotaKit-300x225.jpg 300w, https:\/\/konferenztechnik.de\/wp-content\/uploads\/2013\/09\/Audipack_RotaKit-768x576.jpg 768w\" sizes=\"(max-width: 792px) 100vw, 792px\" \/><\/a><\/p>\n<p>\u30d7\u30ed\u30b8\u30a7\u30af\u30bf\u30fc\u3084\u30c7\u30a3\u30b9\u30d7\u30ec\u30a4\u3092\u6c34\u5e73\u306b\u56de\u8ee2\u3055\u305b\u3001\u6574\u5217\u3055\u305b\u308b\u305f\u3081\u306e4\u3064\u306e\u30d7\u30ed\u30b0\u30e9\u30e0\u53ef\u80fd\u306a\u30d7\u30ea\u30bb\u30c3\u30c8\u3092\u5099\u3048\u305f\u96fb\u6c17\u30b7\u30b9\u30c6\u30e0\u3002\u3053\u308c\u306b\u3088\u308a\u3001\u30b9\u30c6\u30fc\u30b8\u306e\u4f4d\u7f6e\u304c\u5909\u5316\u3059\u308b\u90e8\u5c4b\u306a\u3069\u3067\u30014\u3064\u306e\u7570\u306a\u308b\u6295\u5f71\u9762\u3092\u7167\u3089\u3059\u3053\u3068\u304c\u3067\u304d\u307e\u3059\u30023\u7a2e\u985e\u306e\u6a19\u6e96\u30e2\u30c7\u30eb\u304c\u3042\u308a\u307e\u3059\u3002<\/p>\n<h2>\u30aa\u30fc\u30c7\u30a3\u30d1\u30c3\u30af\u30fb\u30ed\u30fc\u30bf\u30ad\u30c3\u30c8<\/h2>\n<ul>\n<li>\u96fb\u52d5\u56de\u8ee2<\/li>\n<li>\u63a5\u70b9\u30ea\u30ec\u30fc\u306b\u3088\u308b\u5236\u5fa1\u304c\u53ef\u80fd<\/li>\n<li>20kg\u307e\u3067\u306e\u30d7\u30ed\u30b8\u30a7\u30af\u30bf\u30fc\u300150kg\u307e\u3067\u306e\u30c7\u30a3\u30b9\u30d7\u30ec\u30a4<\/li>\n<li>\u30b9\u30ed\u30fc\u30b9\u30bf\u30fc\u30c8\u3001\u30b9\u30ed\u30fc\u30b9\u30c8\u30c3\u30d7\u6a5f\u80fd<\/li>\n<\/ul>\n<p>PCS GmbH\u306fAudipack\u306e\u30c9\u30a4\u30c4\u6b63\u898f\u4ee3\u7406\u5e97\u3067\u3059\u3002\u5c02\u9580\u7684\u306a\u30a2\u30c9\u30d0\u30a4\u30b9\u3068\u8fc5\u901f\u306a\u7d0d\u671f\u3092\u3054\u63d0\u4f9b\u3044\u305f\u3057\u307e\u3059\u3002<\/p>\n<p><img loading=\"lazy\" decoding=\"async\" src=\"https:\/\/konferenztechnik.de\/wp-content\/uploads\/2013\/09\/PCS-GmbH-Audipack-authorized-dealer-small.jpg\" alt=\"PCS GmbH\u306fAudipack\u306e\u6b63\u898f\u8ca9\u58f2\u5e97\u3067\u3059\u3002\" width=\"200\" height=\"81\" class=\"alignright size-full wp-image-5489\" title=\"\"><\/p>","protected":false},"excerpt":{"rendered":"<p>Deckenhalterungen Audipack Projektor-Deckenhalterung Projektor-Deckenhalterung f\u00fcr Projektoren und Displays bis 70 kg. Inklusive patentiertem Kugelgelenk f\u00fcr eine optimale Projektorausrichtung. Audipack Projektor-Deckenhalterung sehr geringes Gewicht flexible Projektorausrichtung Montageplatte mit allen Audipack Projektorhalterungen kompatibel feste L\u00e4nge von 165 mm T\u00dcV zertifiziert Artikel Nr.: 390065 Projektorhalterung mit 90\u00b0 Drehkopf Projektor-Deckenhalterung f\u00fcr Projektoren und Displays bis 70 kg. Die Teleskopbauweise erm\u00f6glicht eine flexible L\u00e4nge von 700 bis 940 mm. Inklusive patentiertem Kugelgelenk f\u00fcr eine optimale Projektorausrichtung und der M\u00f6glichkeit den Projektor vertikal um 90 Grad zu bewegen. Kabelausl\u00e4sse f\u00fcr sichere und bequeme Installation. Projektorhalterung mit 90\u00b0 Drehkopf Einstellbare L\u00e4nge von 700 bis 940 mm flexible Projektorausrichtung, vertikale Drehung bis 90 Grad Montageplatte mit allen Audipack [&hellip;]<\/p>","protected":false},"author":1,"featured_media":45482,"parent":1221,"menu_order":128,"comment_status":"closed","ping_status":"open","template":"","meta":{"_acf_changed":false,"footnotes":""},"class_list":["post-2628","page","type-page","status-publish","has-post-thumbnail","hentry"],"acf":[],"_links":{"self":[{"href":"https:\/\/konferenztechnik.de\/ja\/wp-json\/wp\/v2\/pages\/2628","targetHints":{"allow":["GET"]}}],"collection":[{"href":"https:\/\/konferenztechnik.de\/ja\/wp-json\/wp\/v2\/pages"}],"about":[{"href":"https:\/\/konferenztechnik.de\/ja\/wp-json\/wp\/v2\/types\/page"}],"author":[{"embeddable":true,"href":"https:\/\/konferenztechnik.de\/ja\/wp-json\/wp\/v2\/users\/1"}],"replies":[{"embeddable":true,"href":"https:\/\/konferenztechnik.de\/ja\/wp-json\/wp\/v2\/comments?post=2628"}],"version-history":[{"count":0,"href":"https:\/\/konferenztechnik.de\/ja\/wp-json\/wp\/v2\/pages\/2628\/revisions"}],"up":[{"embeddable":true,"href":"https:\/\/konferenztechnik.de\/ja\/wp-json\/wp\/v2\/pages\/1221"}],"wp:featuredmedia":[{"embeddable":true,"href":"https:\/\/konferenztechnik.de\/ja\/wp-json\/wp\/v2\/media\/45482"}],"wp:attachment":[{"href":"https:\/\/konferenztechnik.de\/ja\/wp-json\/wp\/v2\/media?parent=2628"}],"curies":[{"name":"wp","href":"https:\/\/api.w.org\/{rel}","templated":true}]}}