{"id":2630,"date":"2013-09-25T15:16:13","date_gmt":"2013-09-25T13:16:13","guid":{"rendered":"https:\/\/konferenztechnik.de\/?page_id=2630"},"modified":"2023-07-05T10:58:26","modified_gmt":"2023-07-05T08:58:26","slug":"%e3%83%88%e3%83%a9%e3%82%b9%e3%83%96%e3%83%a9%e3%82%b1%e3%83%83%e3%83%88","status":"publish","type":"page","link":"https:\/\/konferenztechnik.de\/ja\/%e4%bc%9a%e8%ad%b0%e3%81%8a%e3%82%88%e3%81%b3av%e3%83%a1%e3%83%87%e3%82%a3%e3%82%a2%e6%8a%80%e8%a1%93%e3%81%ae%e9%85%8d%e5%b8%83\/%e3%83%93%e3%83%87%e3%82%aa%e6%8a%80%e8%a1%93\/%e3%83%87%e3%82%a3%e3%82%b9%e3%83%97%e3%83%ac%e3%82%a4%e3%81%8a%e3%82%88%e3%81%b3%e3%83%97%e3%83%ad%e3%82%b8%e3%82%a7%e3%82%af%e3%82%bf%e3%83%bc%e7%94%a8%e3%83%9e%e3%82%a6%e3%83%b3%e3%83%88\/%e3%83%88%e3%83%a9%e3%82%b9%e3%83%96%e3%83%a9%e3%82%b1%e3%83%83%e3%83%88\/","title":{"rendered":"\u30c8\u30e9\u30b9\u30fb\u30d6\u30e9\u30b1\u30c3\u30c8"},"content":{"rendered":"<h1>\u30c8\u30e9\u30b9\u30fb\u30d6\u30e9\u30b1\u30c3\u30c8<\/h1>\n<h2>Audipack\u30af\u30a4\u30c3\u30af\u30ea\u30ea\u30fc\u30b9\u30d7\u30ed\u30b8\u30a7\u30af\u30bf\u30fc\u7528\u30c8\u30e9\u30b9\u30de\u30a6\u30f3\u30c8<\/h2>\n<p><a href=\"https:\/\/konferenztechnik.de\/wp-content\/uploads\/2013\/09\/Audipack_Trusshalterung_QuickRelease.jpg\"><img fetchpriority=\"high\" decoding=\"async\" width=\"792\" height=\"594\" class=\"alignleft size-full wp-image-2773\" src=\"https:\/\/konferenztechnik.de\/wp-content\/uploads\/2013\/09\/Audipack_Trusshalterung_QuickRelease.jpg\" alt=\"Audipack\u30af\u30a4\u30c3\u30af\u30ea\u30ea\u30fc\u30b9\u30d7\u30ed\u30b8\u30a7\u30af\u30bf\u30fc\u7528\u30c8\u30e9\u30b9\u30de\u30a6\u30f3\u30c8\" title=\"\" srcset=\"https:\/\/konferenztechnik.de\/wp-content\/uploads\/2013\/09\/Audipack_Trusshalterung_QuickRelease.jpg 792w, https:\/\/konferenztechnik.de\/wp-content\/uploads\/2013\/09\/Audipack_Trusshalterung_QuickRelease-300x225.jpg 300w, https:\/\/konferenztechnik.de\/wp-content\/uploads\/2013\/09\/Audipack_Trusshalterung_QuickRelease-768x576.jpg 768w\" sizes=\"(max-width: 792px) 100vw, 792px\" \/><\/a><\/p>\n<p>50kg\u307e\u3067\u306e\u30d7\u30ed\u30b8\u30a7\u30af\u30bf\u30fc\u306b\u5bfe\u5fdc\u3059\u308b\u30c8\u30e9\u30b9\u30de\u30a6\u30f3\u30c8\u3002\u3059\u3079\u3066\u306eAudipack\u30d7\u30ed\u30b8\u30a7\u30af\u30bf\u30fc\u30de\u30a6\u30f3\u30c8\u304a\u3088\u3073\u30a4\u30fc\u30b8\u30fc\u30de\u30a6\u30f3\u30c8\u3068\u7d44\u307f\u5408\u308f\u305b\u308b\u3053\u3068\u304c\u3067\u304d\u307e\u3059\u3002<\/p>\n<p>\u30af\u30a4\u30c3\u30af\u30ea\u30ea\u30fc\u30b9\u30d7\u30ed\u30b8\u30a7\u30af\u30bf\u30fc\u7528\u30c8\u30e9\u30b9\u30de\u30a6\u30f3\u30c8\u306f\u3001\u30c8\u30e9\u30b9\u306b\u7c21\u5358\u304b\u3064\u78ba\u5b9f\u306b\u53d6\u308a\u4ed8\u3051\u308b\u3053\u3068\u304c\u3067\u304d\u307e\u3059\u3002\u30dc\u30fc\u30eb\u30b8\u30e7\u30a4\u30f3\u30c8\u4ed8\u304d\u306e\u30d7\u30ed\u30b8\u30a7\u30af\u30bf\u30fc\u30de\u30a6\u30f3\u30c8\u30b7\u30b9\u30c6\u30e0\u306b\u3088\u308a\u3001\u30d7\u30ed\u30b8\u30a7\u30af\u30bf\u30fc\u306e\u53d6\u308a\u4ed8\u3051\u3001\u4f4d\u7f6e\u5408\u308f\u305b\u3001\u4ea4\u63db\u304c\u7c21\u5358\u306b\u884c\u3048\u307e\u3059\u3002\u30d6\u30e9\u30b1\u30c3\u30c8\u306b\u306f\u69d8\u3005\u306a\u9577\u3055\u3068\u30c7\u30b6\u30a4\u30f3\u304c\u3042\u308a\u3001\u304a\u5ba2\u69d8\u306e\u3054\u8981\u671b\u306b\u5408\u308f\u305b\u3066\u30ab\u30b9\u30bf\u30de\u30a4\u30ba\u3059\u308b\u3053\u3068\u304c\u3067\u304d\u307e\u3059\u3002<\/p>\n<h2>Audipack\u30af\u30a4\u30c3\u30af\u30ea\u30ea\u30fc\u30b9\u30d7\u30e9\u30b9\u30d7\u30ed\u30b8\u30a7\u30af\u30bf\u30fc\u7528\u30c8\u30e9\u30b9\u30de\u30a6\u30f3\u30c8<\/h2>\n<p><a href=\"https:\/\/konferenztechnik.de\/wp-content\/uploads\/2018\/04\/Audipack-projector-truss-mount-quick-release-plus.jpg\"><img decoding=\"async\" width=\"800\" height=\"600\" class=\"alignleft size-full wp-image-13004\" src=\"https:\/\/konferenztechnik.de\/wp-content\/uploads\/2018\/04\/Audipack-projector-truss-mount-quick-release-plus.jpg\" alt=\"Audipack\u30d7\u30ed\u30b8\u30a7\u30af\u30bf\u30fc\u30fb\u30c8\u30e9\u30b9\u30fb\u30de\u30a6\u30f3\u30c8 \u30af\u30a4\u30c3\u30af\u30ea\u30ea\u30fc\u30b9\u30fb\u30d7\u30e9\u30b9\" title=\"\" srcset=\"https:\/\/konferenztechnik.de\/wp-content\/uploads\/2018\/04\/Audipack-projector-truss-mount-quick-release-plus.jpg 800w, https:\/\/konferenztechnik.de\/wp-content\/uploads\/2018\/04\/Audipack-projector-truss-mount-quick-release-plus-300x225.jpg 300w, https:\/\/konferenztechnik.de\/wp-content\/uploads\/2018\/04\/Audipack-projector-truss-mount-quick-release-plus-768x576.jpg 768w\" sizes=\"(max-width: 800px) 100vw, 800px\" \/><\/a><\/p>\n<p>50kg\u307e\u3067\u306e\u30d7\u30ed\u30b8\u30a7\u30af\u30bf\u30fc\u306b\u5bfe\u5fdc\u3059\u308b\u30c8\u30e9\u30b9\u30de\u30a6\u30f3\u30c8\u3002\u3059\u3079\u3066\u306eAudipack\u30d7\u30ed\u30b8\u30a7\u30af\u30bf\u30fc\u30de\u30a6\u30f3\u30c8\u304a\u3088\u3073\u30a4\u30fc\u30b8\u30fc\u30de\u30a6\u30f3\u30c8\u3068\u7d44\u307f\u5408\u308f\u305b\u308b\u3053\u3068\u304c\u3067\u304d\u307e\u3059\u3002<\/p>\n<p>\u30af\u30a4\u30c3\u30af\u30ea\u30ea\u30fc\u30b9\u30d7\u30ed\u30b8\u30a7\u30af\u30bf\u30fc\u30fb\u30d7\u30e9\u30b9\u30fb\u30c8\u30e9\u30b9\u30de\u30a6\u30f3\u30c8\u306f\u3001\u30c8\u30e9\u30b9\u306b\u7c21\u5358\u304b\u3064\u78ba\u5b9f\u306b\u53d6\u308a\u4ed8\u3051\u308b\u3053\u3068\u304c\u3067\u304d\u307e\u3059\u3002\u30dc\u30fc\u30eb\u30b8\u30e7\u30a4\u30f3\u30c8\u4ed8\u304d\u30d7\u30ed\u30b8\u30a7\u30af\u30bf\u30fc\u30fb\u30de\u30a6\u30f3\u30c8\u30fb\u30b7\u30b9\u30c6\u30e0\u306b\u3088\u308a\u3001\u30d7\u30ed\u30b8\u30a7\u30af\u30bf\u30fc\u306e\u53d6\u308a\u4ed8\u3051\u3001\u4f4d\u7f6e\u5408\u308f\u305b\u3001\u4ea4\u63db\u304c\u7c21\u5358\u306b\u884c\u3048\u307e\u3059\u3002<\/p>\n<h2>Audipack\u30af\u30a4\u30c3\u30af\u30ea\u30ea\u30fc\u30b9\u30d7\u30e9\u30b9\u30d7\u30ed\u30b8\u30a7\u30af\u30bf\u30fc\u7528\u30c8\u30e9\u30b9\u30de\u30a6\u30f3\u30c8<\/h2>\n<p>\u30dc\u30fc\u30eb\u30b8\u30e7\u30a4\u30f3\u30c8\u306b\u52a0\u3048\u3001Plus\u30d0\u30fc\u30b8\u30e7\u30f3\u306b\u306f3\u3064\u306e\u8abf\u6574\u30ce\u30d6\u3092\u5099\u3048\u305f\u30a2\u30e9\u30a4\u30e1\u30f3\u30c8\u30d7\u30e9\u30c3\u30c8\u30d5\u30a9\u30fc\u30e0\u304c\u3042\u308a\u307e\u3059\u3002\u3053\u308c\u306b\u3088\u308a\u3001\u30d7\u30ed\u30b8\u30a7\u30af\u30bf\u30fc\u306e\u4f4d\u7f6e\u3092\u975e\u5e38\u306b\u6b63\u78ba\u306b\u8a2d\u5b9a\u3059\u308b\u3053\u3068\u304c\u3067\u304d\u3001\u8907\u6570\u306e\u30d7\u30ed\u30b8\u30a7\u30af\u30bf\u30fc\u3092\u540c\u6642\u306b\u4f7f\u7528\u3059\u308b\u5834\u5408\u306b\u7279\u306b\u5f79\u7acb\u3061\u307e\u3059\uff01<\/p>\n<p>\u30d6\u30e9\u30b1\u30c3\u30c8\u306b\u306f\u69d8\u3005\u306a\u9577\u3055\u3068\u30c7\u30b6\u30a4\u30f3\u304c\u3042\u308a\u3001\u304a\u5ba2\u69d8\u306e\u3054\u8981\u671b\u306b\u5408\u308f\u305b\u3066\u30ab\u30b9\u30bf\u30de\u30a4\u30ba\u3067\u304d\u307e\u3059\u3002<\/p>\n<h2>\u30b9\u30de\u30fc\u30c8\u30e1\u30bf\u30eb\u30ba \u30d7\u30ed\u30b8\u30a7\u30af\u30bf\u30fc\u8abf\u6574\u7528\u30c8\u30e9\u30b9\u30de\u30a6\u30f3\u30c8 (No. 002.1600)<\/h2>\n<p><a href=\"https:\/\/konferenztechnik.de\/wp-content\/uploads\/2014\/04\/smart-metals_truss-mount_0021600.jpg\"><img decoding=\"async\" width=\"1769\" height=\"1424\" class=\"alignleft size-full wp-image-4375\" src=\"https:\/\/konferenztechnik.de\/wp-content\/uploads\/2014\/04\/smart-metals_truss-mount_0021600.jpg\" alt=\"\u30b9\u30de\u30fc\u30c8\u30e1\u30bf\u30eb \u30c8\u30e9\u30b9\u30de\u30a6\u30f3\u30c8 002.1600\" title=\"\" srcset=\"https:\/\/konferenztechnik.de\/wp-content\/uploads\/2014\/04\/smart-metals_truss-mount_0021600.jpg 1769w, https:\/\/konferenztechnik.de\/wp-content\/uploads\/2014\/04\/smart-metals_truss-mount_0021600-300x241.jpg 300w, https:\/\/konferenztechnik.de\/wp-content\/uploads\/2014\/04\/smart-metals_truss-mount_0021600-1024x824.jpg 1024w, https:\/\/konferenztechnik.de\/wp-content\/uploads\/2014\/04\/smart-metals_truss-mount_0021600-768x618.jpg 768w, https:\/\/konferenztechnik.de\/wp-content\/uploads\/2014\/04\/smart-metals_truss-mount_0021600-1536x1236.jpg 1536w\" sizes=\"(max-width: 1769px) 100vw, 1769px\" \/><\/a><\/p>\n<p>\u7279\u6b8a\u306a\u5fae\u8abf\u6574\u30cd\u30b8\u6a5f\u69cb\u306b\u3088\u308a\u3001\u30d7\u30ed\u30b8\u30a7\u30af\u30bf\u30fc\u3092\u6700\u592720\u5ea6\u307e\u3067\u5747\u7b49\u306b\u65cb\u56de\u30fb\u50be\u659c\u3055\u305b\u308b\u3053\u3068\u304c\u3067\u304d\u307e\u3059\u3002\u8abf\u6574\u306f\u975e\u5e38\u306b\u7c21\u5358\u3067\u3001\u7279\u306b\u8907\u6570\u306e\u30d7\u30ed\u30b8\u30a7\u30af\u30bf\u30fc\u3092\u6295\u5f71\u3059\u308b\u5834\u5408\u306b\u5f79\u7acb\u3061\u307e\u3059\u3002<br \/>\n\u3053\u306e\u6a5f\u69cb\u306f\u3001\u73fe\u5834\u306e\u6280\u8853\u8005\u306e\u8cb4\u91cd\u306a\u6642\u9593\u3092\u7bc0\u7d04\u3057\u307e\u3059\u3002\u30d6\u30e9\u30b1\u30c3\u30c8\u306f\u96fb\u6c17\u7684\u306b\u7d76\u7e01\u3055\u308c\u3066\u304a\u308a\u3001\u3055\u307e\u3056\u307e\u306a\u30d0\u30fc\u30b8\u30e7\u30f3\u3092\u3054\u6ce8\u6587\u3044\u305f\u3060\u3051\u307e\u3059\u3002<\/p>\n<h2>\u30b9\u30de\u30fc\u30c8\u30e1\u30bf\u30eb\u30ba \u30d7\u30ed\u30b8\u30a7\u30af\u30bf\u30fc\u8abf\u6574\u7528\u30c8\u30e9\u30b9\u30de\u30a6\u30f3\u30c8 (No. 002.1600)<\/h2>\n<ul>\n<li>\u6700\u5927\u9577\uff1a180mm<\/li>\n<li>\u91cd\u91cf\uff1a5.10 kg<\/li>\n<li>\u30ab\u30e9\u30fc\uff1a\u30d6\u30e9\u30c3\u30af<\/li>\n<li>\u6700\u5927\u8377\u91cd\uff1a25 kg<\/li>\n<li>\u30d6\u30e9\u30b1\u30c3\u30c8\/\u30a4\u30f3\u30bf\u30fc\u30d5\u30a7\u30fc\u30b9\uff1a\u30aa\u30d7\u30b7\u30e7\u30f3<\/li>\n<li>\u30de\u30a6\u30f3\u30c8\/\u30a4\u30f3\u30bf\u30fc\u30d5\u30a7\u30fc\u30b9\u306e\u7a2e\u985e\uff1a\u30d7\u30ed\u30b8\u30a7\u30af\u30bf\u30fc\u5c02\u7528<\/li>\n<li>\u30c1\u30eb\u30c8\u6a5f\u80fd\uff1a\u5fae\u8abf\u6574\uff0b20\u00b0\uff5e-20<\/li>\n<li>\u56de\u8ee2\uff1a180\u00b0 2014.04.10 14:22:02<\/li>\n<li>\u3055\u3089\u306b\u8a73\u3057\u3044\u60c5\u5831\u96fb\u6c17\u7d76\u7e01\uff08Doughty\u30c8\u30ea\u30ac\u30fc\u30af\u30e9\u30f3\u30d7\uff082x 003.1128\uff09\u3092\u9664\u304f<\/li>\n<\/ul>\n<p><a href=\"https:\/\/konferenztechnik.de\/wp-content\/uploads\/2013\/09\/0021600_SmartMetals_productleafletEN.pdf\"> \u30b9\u30de\u30fc\u30c8\u30e1\u30bf\u30eb\u88fd\u54c1\u60c5\u5831\u30b7\u30fc\u30c8 002.1600\uff08\u82f1\u8a9e\uff09<\/a><\/p>\n<h2>\u30b9\u30de\u30fc\u30c8\u30e1\u30bf\u30eb\u2013\u30c8\u30e9\u30b9\u30d6\u30e9\u30b1\u30c3\u30c8\uff08\u88fd\u54c1\u756a\u53f7\uff1a002.1660\uff09<\/h2>\n<p><a href=\"https:\/\/konferenztechnik.de\/wp-content\/uploads\/2014\/04\/smart-metals_truss-mount_0021660-scaled-1.jpg\"><img loading=\"lazy\" decoding=\"async\" class=\"alignleft size-medium wp-image-4422\" src=\"https:\/\/konferenztechnik.de\/wp-content\/uploads\/2014\/04\/smart-metals_truss-mount_0021660-133x300.jpg\" alt=\"\u30b9\u30de\u30fc\u30c8\u30e1\u30bf\u30eb \u30c8\u30e9\u30d0\u30fc\u30b9\u30d6\u30e9\u30b1\u30c3\u30c8 0021660\" width=\"133\" height=\"300\" title=\"\"><\/a><\/p>\n<p>\u3053\u306e\u30d6\u30e9\u30b1\u30c3\u30c8\u306f\u3001\u30d7\u30ed\u30b8\u30a7\u30af\u30bf\u30fc\u3092\u7d20\u65e9\u304f\u7c21\u5358\u306b\u53d6\u308a\u4ed8\u3051\u308b\u306e\u306b\u9069\u3057\u3066\u3044\u307e\u3059\u3002<br \/>\n(\u4f8b\uff1a\u30cf\u30a4\u30e4\u30fc\u306e\u5834\u5408)\u30021\/4\u56de\u8ee2\u3059\u308b\u3060\u3051\u3067\u3001\u30d7\u30ed\u30b8\u30a7\u30af\u30bf\u30fc\u306f\u3042\u3063\u3068\u3044\u3046\u9593\u306b\u30d6\u30e9\u30b1\u30c3\u30c8\u306b\u53d6\u308a\u4ed8\u3051\u3089\u308c\u307e\u3059\u3002<br \/>\n\u30d6\u30e9\u30b1\u30c3\u30c8\u306f\u96fb\u6c17\u7684\u306b\u7d76\u7e01\u3055\u308c\u3066\u3044\u308b\u305f\u3081\u3001\u30c8\u30e9\u30b9\u306e\u7d76\u7e01\u3092\u8ffd\u52a0\u3059\u308b\u5fc5\u8981\u306f\u3042\u308a\u307e\u305b\u3093\u3002\u30dc\u30fc\u30eb\u30b8\u30e7\u30a4\u30f3\u30c8\u306b\u3088\u308a\u3001\u30d7\u30ed\u30b8\u30a7\u30af\u30bf\u30fc\u306e\u4f4d\u7f6e\u3092\u7c21\u5358\u306b\u8abf\u6574\u3067\u304d\u307e\u3059\u3002\u30ea\u30d5\u30c6\u30a3\u30f3\u30b0\u30a2\u30a4\u306b\u3088\u308a\u3001\u5b89\u5168\u306a\u53d6\u308a\u4ed8\u3051\u304c\u53ef\u80fd\u3067\u3059\u3002<\/p>\n<h2>\u30b9\u30de\u30fc\u30c8\u30e1\u30bf\u30eb\u2013\u30c8\u30e9\u30b9\u30d6\u30e9\u30b1\u30c3\u30c8\uff08\u88fd\u54c1\u756a\u53f7\uff1a002.1660\uff09<\/h2>\n<ul>\n<li>\u6700\u5c0f\u9577\u3055\uff1a450mm<\/li>\n<li>\u6700\u5927\u9577\uff1a700mm<\/li>\n<li>\u91cd\u91cf\uff1a2.95 kg<\/li>\n<li>\u30ab\u30e9\u30fc\uff1a\u30d6\u30e9\u30c3\u30af<\/li>\n<li>\u6700\u5927\u8377\u91cd\uff1a30 kg<\/li>\n<li>\u9ad8\u3055\u8abf\u7bc0\uff1a\u624b\u52d5<\/li>\n<li>\u30d6\u30e9\u30b1\u30c3\u30c8\/\u30a4\u30f3\u30bf\u30fc\u30d5\u30a7\u30fc\u30b9\uff1a\u5225\u58f2<\/li>\n<li>\u30de\u30a6\u30f3\u30c8\/\u30a4\u30f3\u30bf\u30fc\u30d5\u30a7\u30fc\u30b9\u306e\u7a2e\u985e\uff1a\u30d7\u30ed\u30b8\u30a7\u30af\u30bf\u30fc\u5c02\u7528\/\u30e6\u30cb\u30d0\u30fc\u30b5\u30eb\u30de\u30a6\u30f3\u30c8<\/li>\n<li>\u30c1\u30eb\u30c8\u6a5f\u80fd\uff1a+20\u00b0\u301c-20<\/li>\n<li>\u56de\u8ee2\uff1a360<\/li>\n<li>\u30b1\u30fc\u30d6\u30eb\u30c0\u30af\u30c8\uff1a25 mm \u00d8<\/li>\n<li>\u3055\u3089\u306b\u8a73\u3057\u3044\u60c5\u5831\uff1a\u96fb\u6c17\u7d76\u7e01\u3001\u30d7\u30ed\u30b8\u30a7\u30af\u30bf\u30fc\u56fa\u5b9a\u7528\u30ea\u30d5\u30c6\u30a3\u30f3\u30b0\u30ea\u30f3\u30b0\u3092\u542b\u3080<\/li>\n<\/ul>\n<p><a href=\"https:\/\/konferenztechnik.de\/wp-content\/uploads\/2013\/09\/0021660_SmartMetals_productleafletEN.pdf\">0021660_SmartMetals_productleafletENSmart Metals\u88fd\u54c1\u60c5\u5831\u30b7\u30fc\u30c8002.1660\uff08\u82f1\u8a9e\uff09<\/a><\/p>\n<h2>\u30b9\u30de\u30fc\u30c8\u30e1\u30bf\u30eb\u88fd\u30c8\u30e9\u30b9\u307e\u305f\u306f\u5929\u4e95\u7528\u30d6\u30e9\u30b1\u30c3\u30c8\uff08\u88fd\u54c1\u756a\u53f7\uff1a002.1670\uff09<\/h2>\n<p><a href=\"https:\/\/konferenztechnik.de\/wp-content\/uploads\/2013\/09\/smart-metals_truss-mount_0021670-scaled-1.jpg\"><img loading=\"lazy\" decoding=\"async\" class=\"alignleft size-medium wp-image-4426\" src=\"https:\/\/konferenztechnik.de\/wp-content\/uploads\/2013\/09\/smart-metals_truss-mount_0021670-98x300.jpg\" alt=\"\u30b9\u30de\u30fc\u30c8\u30e1\u30bf\u30eb \u30c8\u30e9\u30b9\u30de\u30a6\u30f3\u30c8 0021670\" width=\"98\" height=\"300\" title=\"\"><\/a><\/p>\n<p>\u3053\u306e\u30d6\u30e9\u30b1\u30c3\u30c8\u306f\u3001\u91cd\u91cf\u306e\u3042\u308b\u30d7\u30ed\u30b8\u30a7\u30af\u30bf\u30fc\u7528\u306b\u7279\u5225\u306b\u8a2d\u8a08\u3055\u308c\u3066\u3044\u307e\u3059\u3002\u30c1\u30e5\u30fc\u30d6\u30bb\u30c3\u30c8\u306b\u306f\u5fae\u8abf\u6574\u6a5f\u80fd\u304c\u5185\u8535\u3055\u308c\u3066\u304a\u308a\u30013\u7a2e\u985e\u306e\u9577\u3055\u304c\u7528\u610f\u3055\u308c\u3066\u3044\u307e\u3059\u3002<\/p>\n<p>\u30b9\u30af\u30ea\u30e5\u30fc\u30cd\u30b8\u306b\u3088\u308b\u5fae\u8abf\u6574\uff08\u54c1\u756a\uff1a002.1600\u53c2\u7167\uff09\u306b\u3088\u308a\u3001\u30d7\u30ed\u30b8\u30a7\u30af\u30bf\u30fc\u3092\u9023\u7d9a\u7684\u306b20\u5ea6\u65cb\u56de\u30fb\u50be\u659c\u3055\u305b\u308b\u3053\u3068\u304c\u3067\u304d\u307e\u3059\u3002\u6700\u9069\u306a\u53d6\u308a\u4ed8\u3051\u306b\u306f\u3001\u3053\u306e\u30bb\u30c3\u30c8\u3068\u30d7\u30ed\u30b8\u30a7\u30af\u30bf\u30fc\u5c02\u7528\u30d6\u30e9\u30b1\u30c3\u30c8\u3092\u7d44\u307f\u5408\u308f\u305b\u3066\u304f\u3060\u3055\u3044\u3002<\/p>\n<h2>\u30b9\u30de\u30fc\u30c8\u30e1\u30bf\u30eb\u88fd\u30c8\u30e9\u30b9\u307e\u305f\u306f\u5929\u4e95\u7528\u30d6\u30e9\u30b1\u30c3\u30c8\uff08\u88fd\u54c1\u756a\u53f7\uff1a002.1670\uff09<\/h2>\n<ul>\n<li>\u6700\u5c0f\u9577\u3055\uff1a\u9577\u3055\u3092\u77ed\u304f\u3059\u308b\u3053\u3068\u304c\u53ef\u80fd\uff08452mm\u307e\u3067\uff09<\/li>\n<li>\u6700\u5927\u9577\uff1a1222mm<\/li>\n<li>\u30ab\u30e9\u30fc\uff1a\u30d6\u30e9\u30c3\u30af<\/li>\n<li>\u6700\u5927\u8377\u91cd\uff1a25 kg<\/li>\n<li>\u30d6\u30e9\u30b1\u30c3\u30c8\/\u30a4\u30f3\u30bf\u30fc\u30d5\u30a7\u30fc\u30b9\uff1a\u5225\u58f2<\/li>\n<li>\u30de\u30a6\u30f3\u30c8\/\u30a4\u30f3\u30bf\u30fc\u30d5\u30a7\u30fc\u30b9\u306e\u7a2e\u985e\uff1a\u30d7\u30ed\u30b8\u30a7\u30af\u30bf\u30fc\u5c02\u7528<\/li>\n<li>\u30c1\u30eb\u30c8\u6a5f\u80fd\uff1a\u5fae\u8abf\u6574\uff0b20\u00b0\uff5e-20<\/li>\n<li>\u56de\u8ee2\uff1a180<\/li>\n<li>\u30b1\u30fc\u30d6\u30eb\u30c0\u30af\u30c8\uff1a45 mm \u00d8<\/li>\n<\/ul>\n<p><a href=\"https:\/\/konferenztechnik.de\/wp-content\/uploads\/2013\/09\/0021670_SmartMetals_productleafletEN.pdf\">0021670_SmartMetals_productleafletENSmart Metals\u88fd\u54c1\u60c5\u5831\u30b7\u30fc\u30c8002.1670\uff08\u82f1\u8a9e\uff09<\/a><\/p>\n<h2>\u30d7\u30ed\u30b8\u30a7\u30af\u30bf\u30fc\u7528\u30aa\u30fc\u30c7\u30a3\u30aa\u30d1\u30c3\u30af\u30b9\u30bf\u30c3\u30af\u30d5\u30ec\u30fc\u30e0<\/h2>\n<p><a href=\"https:\/\/konferenztechnik.de\/wp-content\/uploads\/2013\/09\/Audipack_Trusshalterung_StackFrame.jpg\"><img loading=\"lazy\" decoding=\"async\" width=\"792\" height=\"594\" class=\"alignleft size-full wp-image-2772\" src=\"https:\/\/konferenztechnik.de\/wp-content\/uploads\/2013\/09\/Audipack_Trusshalterung_StackFrame.jpg\" alt=\"\u30d7\u30ed\u30b8\u30a7\u30af\u30bf\u30fc\u7528\u30aa\u30fc\u30c7\u30a3\u30aa\u30d1\u30c3\u30af\u30b9\u30bf\u30c3\u30af\u30d5\u30ec\u30fc\u30e0\" title=\"\" srcset=\"https:\/\/konferenztechnik.de\/wp-content\/uploads\/2013\/09\/Audipack_Trusshalterung_StackFrame.jpg 792w, https:\/\/konferenztechnik.de\/wp-content\/uploads\/2013\/09\/Audipack_Trusshalterung_StackFrame-300x225.jpg 300w, https:\/\/konferenztechnik.de\/wp-content\/uploads\/2013\/09\/Audipack_Trusshalterung_StackFrame-768x576.jpg 768w\" sizes=\"(max-width: 792px) 100vw, 792px\" \/><\/a><\/p>\n<p>\u69d8\u3005\u306a\u30e1\u30fc\u30ab\u30fc\u306e\u30d7\u30ed\u30b8\u30a7\u30af\u30bf\u30fc\u306b\u5bfe\u5fdc\u3059\u308b3D\u30b9\u30bf\u30c3\u30af\u30d5\u30ec\u30fc\u30e0\u3002\u2013\u306f\u3001\u30ec\u30f3\u30bf\u30eb\u4f1a\u793e\u3084\u79fb\u52d5\u5f0f\u30a4\u30d9\u30f3\u30c8\u4e3b\u50ac\u8005\u306b\u3068\u3063\u3066\u7279\u306b\u8208\u5473\u6df1\u3044\u88fd\u54c1\u3067\u3059\uff01<\/p>\n<h2>\u30d7\u30ed\u30b8\u30a7\u30af\u30bf\u30fc\u7528\u30aa\u30fc\u30c7\u30a3\u30aa\u30d1\u30c3\u30af\u30b9\u30bf\u30c3\u30af\u30d5\u30ec\u30fc\u30e0<\/h2>\n<p>\u30d7\u30ed\u30b8\u30a7\u30af\u30bf\u30fc\u306f\u30d7\u30ec\u30fc\u30c8\u4e0a\u306e\u30d5\u30ec\u30fc\u30e0\u306b\u53d6\u308a\u4ed8\u3051\u3089\u308c\u307e\u3059\u30023\u3064\u306e\u8abf\u6574\u30db\u30a4\u30fc\u30eb\u306b\u3088\u308a\u3001\u753b\u50cf\u306e\u30a2\u30e9\u30a4\u30e1\u30f3\u30c8\u3092\u975e\u5e38\u306b\u6b63\u78ba\u306b\u8abf\u6574\u3059\u308b\u3053\u3068\u304c\u3067\u304d\u307e\u3059\u3002\u69d8\u3005\u306a\u30a2\u30af\u30bb\u30b5\u30ea\u30fc\u3068\u7d44\u307f\u5408\u308f\u305b\u308b\u3053\u3068\u3067\u3001\u30d5\u30ec\u30fc\u30e0\u3092\u6700\u9069\u306b\u62e1\u5f35\u3059\u308b\u3053\u3068\u304c\u3067\u304d\u307e\u3059\u3002<\/p>\n<ul>\n<li>\u8f38\u9001\u4e2d\u306e\u640d\u50b7\u306b\u5bfe\u3059\u308b\u975e\u5e38\u306b\u512a\u308c\u305f\u4fdd\u8b77<\/li>\n<li>\u30ec\u30f3\u30bf\u30eb\u4f1a\u793e\u3084\u79fb\u52d5\u30a4\u30d9\u30f3\u30c8\u4e3b\u50ac\u8005\u306b\u6700\u9069<\/li>\n<li>\u8907\u6570\u306e\u30d7\u30ed\u30b8\u30a7\u30af\u30bf\u30fc\u3092\u4f7f\u7528\u3059\u308b\u5834\u5408\u3067\u3082\u3001\u6700\u3082\u6b63\u78ba\u306a\u753b\u50cf\u30a2\u30e9\u30a4\u30e1\u30f3\u30c8\u3092\u53ef\u80fd\u306b\u3057\u307e\u3059\u3002<\/li>\n<li>\u7c21\u5358\u306a\u30d7\u30ed\u30b8\u30a7\u30af\u30bf\u30fc\u8a2d\u7f6e<\/li>\n<\/ul>\n<p>PCS GmbH\u306fAudipack\u306e\u30c9\u30a4\u30c4\u6b63\u898f\u4ee3\u7406\u5e97\u3067\u3059\u3002\u5c02\u9580\u7684\u306a\u30a2\u30c9\u30d0\u30a4\u30b9\u3068\u8fc5\u901f\u306a\u7d0d\u671f\u3092\u3054\u63d0\u4f9b\u3044\u305f\u3057\u307e\u3059\u3002<\/p>\n<p><img loading=\"lazy\" decoding=\"async\" class=\"alignright size-full wp-image-5489\" src=\"https:\/\/konferenztechnik.de\/wp-content\/uploads\/2013\/09\/PCS-GmbH-Audipack-authorized-dealer-small.jpg\" alt=\"PCS GmbH\u306fAudipack\u306e\u6b63\u898f\u8ca9\u58f2\u5e97\u3067\u3059\u3002\" width=\"200\" height=\"81\" title=\"\"><\/p>","protected":false},"excerpt":{"rendered":"<p>Traversenhalterungen Audipack Quick Release Projektor Traversen-Halterung Traversenhalterung f\u00fcr Projektoren bis 50 kg, die mit allen Audipack Projektorhalterungen und Easy-Mounts kombiniert werden kann. Die Quick Release Projektor Traversen-Halterung l\u00e4sst sich einfach und sicher an der Traverse befestigen. Dank des Projektorhalterungssystems mit Kugelgelenk lassen sich Projektoren danach ebenso einfach montieren, ausrichten oder austauschen. Die Halterung ist in verschiedenen L\u00e4ngen und Ausf\u00fchrungen erh\u00e4ltlich und kann Ihren Anforderungen entsprechend angepasst werden. Audipack Quick Release Plus Projektor Traversen-Halterung Traversenhalterung f\u00fcr Projektoren bis 50 kg, die mit allen Audipack Projektorhalterungen und Easy-Mounts kombiniert werden kann. Die Quick Release Projektor Plus Traversen-Halterung l\u00e4sst sich einfach und sicher an der Traverse befestigen. Dank des Projektorhalterungssystems mit Kugelgelenk lassen [&hellip;]<\/p>","protected":false},"author":1,"featured_media":45482,"parent":1221,"menu_order":127,"comment_status":"closed","ping_status":"open","template":"","meta":{"_acf_changed":false,"footnotes":""},"class_list":["post-2630","page","type-page","status-publish","has-post-thumbnail","hentry"],"acf":[],"_links":{"self":[{"href":"https:\/\/konferenztechnik.de\/ja\/wp-json\/wp\/v2\/pages\/2630","targetHints":{"allow":["GET"]}}],"collection":[{"href":"https:\/\/konferenztechnik.de\/ja\/wp-json\/wp\/v2\/pages"}],"about":[{"href":"https:\/\/konferenztechnik.de\/ja\/wp-json\/wp\/v2\/types\/page"}],"author":[{"embeddable":true,"href":"https:\/\/konferenztechnik.de\/ja\/wp-json\/wp\/v2\/users\/1"}],"replies":[{"embeddable":true,"href":"https:\/\/konferenztechnik.de\/ja\/wp-json\/wp\/v2\/comments?post=2630"}],"version-history":[{"count":0,"href":"https:\/\/konferenztechnik.de\/ja\/wp-json\/wp\/v2\/pages\/2630\/revisions"}],"up":[{"embeddable":true,"href":"https:\/\/konferenztechnik.de\/ja\/wp-json\/wp\/v2\/pages\/1221"}],"wp:featuredmedia":[{"embeddable":true,"href":"https:\/\/konferenztechnik.de\/ja\/wp-json\/wp\/v2\/media\/45482"}],"wp:attachment":[{"href":"https:\/\/konferenztechnik.de\/ja\/wp-json\/wp\/v2\/media?parent=2630"}],"curies":[{"name":"wp","href":"https:\/\/api.w.org\/{rel}","templated":true}]}}