{"id":3071,"date":"2013-09-27T15:22:15","date_gmt":"2013-09-27T13:22:15","guid":{"rendered":"https:\/\/konferenztechnik.de\/?page_id=3071"},"modified":"2023-10-19T11:26:23","modified_gmt":"2023-10-19T09:26:23","slug":"%e7%84%a1%e7%b7%9a%e9%80%9a%e8%a8%b3%e3%82%b7%e3%82%b9%e3%83%86%e3%83%a0","status":"publish","type":"page","link":"https:\/\/konferenztechnik.de\/ja\/%e4%bc%9a%e8%ad%b0%e3%81%8a%e3%82%88%e3%81%b3av%e3%83%a1%e3%83%87%e3%82%a3%e3%82%a2%e6%8a%80%e8%a1%93%e3%81%ae%e9%85%8d%e5%b8%83\/%e7%84%a1%e7%b7%9a%e9%80%9a%e8%a8%b3%e3%82%b7%e3%82%b9%e3%83%86%e3%83%a0\/","title":{"rendered":"\u7121\u7dda\u901a\u8a33\u30b7\u30b9\u30c6\u30e0"},"content":{"rendered":"<h1>\u7121\u7dda\u901a\u8a33\u30b7\u30b9\u30c6\u30e0<\/h1>\n<p>\u5f93\u6765\u306e\u8d64\u5916\u7dda\u4f1d\u9001\u6280\u8853\u306b\u52a0\u3048\u3001\u7121\u7dda\u901a\u8a33\u30b7\u30b9\u30c6\u30e0\u306f\u3001\u6570\u767e\u4eba\u306e\u53c2\u52a0\u8005\u306b\u901a\u8a33\u97f3\u58f0\u3092\u63d0\u4f9b\u3059\u308b\u305f\u3081\u306e\u7406\u60f3\u7684\u306a\u9078\u629e\u80a2\u3092\u63d0\u4f9b\u3057\u307e\u3059\u3002\u7121\u7dda\u306e\u5229\u70b9\u306f\u3001\u8fc5\u901f\u306a\u30bb\u30c3\u30c8\u30a2\u30c3\u30d7\u3001\u76ee\u7acb\u305f\u306a\u3044\u5916\u89b3\u3001\u67d4\u8edf\u306a\u4f7f\u7528\u65b9\u6cd5\u3067\u3059\u3002<\/p>\n<p>\u8a73\u7d30\u3092\u8a73\u3057\u304f\u3053\u306e\u30b7\u30b9\u30c6\u30e0\u306f\u3001\u307b\u3068\u3093\u3069\u306e\u5834\u5408\u3001\u97f3\u97ff\u8abf\u6574\u5ba4\u306b\u7121\u7dda\u9001\u4fe1\u6a5f\u3092\u8a2d\u7f6e\u3059\u308b\u3060\u3051\u3067\u3088\u3044\u306e\u3067\u3001\u8a2d\u7f6e\u304c\u7c21\u5358\u3067\u3059\u3002\u30cf\u30f3\u30c9\u30de\u30a4\u30af\u3084\u30cd\u30c3\u30af\u30d0\u30f3\u30c9\u30de\u30a4\u30af\u3082\u4f7f\u7528\u3067\u304d\u308b\u305f\u3081\u3001\u4f1a\u8b70\u5ba4\u3067\u306e\u4f7f\u7528\u306f\u3082\u3061\u308d\u3093\u3001\u5de5\u5834\u898b\u5b66\u3084\u5e02\u5185\u89b3\u5149\u306e\u30c4\u30a2\u30fc\u30ac\u30a4\u30c9\u30b7\u30b9\u30c6\u30e0\u3068\u3057\u3066\u3001\u540c\u3058\u53d7\u4fe1\u6a5f\u3067\u30d5\u30ec\u30ad\u30b7\u30d6\u30eb\u306b\u4f7f\u7528\u3067\u304d\u307e\u3059\u3002<\/p>\n<p>\u6280\u8853\uff1a\u4f7f\u7528\u3055\u308c\u3066\u3044\u308b\u30d9\u30a4\u30e4\u30fc\u30c0\u30a4\u30ca\u30df\u30c3\u30af\u30d6\u30e9\u30f3\u30c9\u306e\u30c7\u30d0\u30a4\u30b9\u306f\u3001\u6700\u65b0\u306e\u9ad8\u5468\u6ce2\u6280\u8853\u3067\u52d5\u4f5c\u3057\u307e\u3059\u3002\u7121\u7dda\u30c8\u30e9\u30f3\u30b9\u30df\u30c3\u30bf\u30fc\u304b\u3089\u30ec\u30b7\u30fc\u30d0\u30fc\u3078\u306e\u9001\u4fe1\u306f\u3001\u30c7\u30b8\u30bf\u30eb\u914d\u5f53\u306e\u5f71\u97ff\u3092\u53d7\u3051\u306a\u3044UHF\u5e2f\u3067\u884c\u308f\u308c\u307e\u3059\uff08\u5468\u6ce2\u6570\u7bc4\u56f2863-865 MHz\uff09\u3002\u6700\u592718\u306e\u5468\u6ce2\u6570\u306b\u3088\u308b\u30de\u30eb\u30c1\u30c1\u30e3\u30f3\u30cd\u30eb\u904b\u7528\u304c\u53ef\u80fd\u3002\u5145\u96fb\u6642\u9593\u306f\u7d041\u6642\u9593\u3067\u3001\u30b7\u30b9\u30c6\u30e0\u306f\u3059\u3050\u306b\u518d\u5229\u7528\u3067\u304d\u307e\u3059\u3002\u8c4a\u5bcc\u306a\u30a2\u30af\u30bb\u30b5\u30ea\u30fc\u306b\u3088\u308a\u3001\u304a\u5ba2\u69d8\u306e\u30cb\u30fc\u30ba\u306b\u5408\u308f\u305b\u3066\u30b7\u30b9\u30c6\u30e0\u3092\u30ab\u30b9\u30bf\u30de\u30a4\u30ba\u3067\u304d\u307e\u3059\u3002<\/p>\n<p>[spacer size=\"20\u2033]<br \/>\n[tabs style=\"1\u2033]<br \/>\n[tab title=\"\u8a18\u4e8b\"]<\/p>\n<h2>\u30e9\u30b8\u30aa\u30dd\u30b1\u30c3\u30c8\u53d7\u4fe1\u6a5f \u2013 \u30b7\u30cd\u30b7\u30b9RP8<\/h2>\n<p>[column size=\"2-5\u2033 last=\"0\u2033] \u3002<\/p>\n<p><a href=\"https:\/\/konferenztechnik.de\/wp-content\/uploads\/2013\/09\/Empfaenger_Beyerdynamic_Synexis_rp8.jpg\"><img fetchpriority=\"high\" decoding=\"async\" width=\"530\" height=\"491\" src=\"https:\/\/konferenztechnik.de\/wp-content\/uploads\/2013\/09\/Empfaenger_Beyerdynamic_Synexis_rp8.jpg\" alt=\"\u30ec\u30b7\u30fc\u30d0\u30fc \u30d9\u30a4\u30e4\u30fc\u30c0\u30a4\u30ca\u30df\u30c3\u30af \u30b7\u30cd\u30b7\u30b9RP8\" class=\"alignleft size-full wp-image-1874\" title=\"\" srcset=\"https:\/\/konferenztechnik.de\/wp-content\/uploads\/2013\/09\/Empfaenger_Beyerdynamic_Synexis_rp8.jpg 530w, https:\/\/konferenztechnik.de\/wp-content\/uploads\/2013\/09\/Empfaenger_Beyerdynamic_Synexis_rp8-300x278.jpg 300w\" sizes=\"(max-width: 530px) 100vw, 530px\" \/><\/a><\/p>\n<p>[\u30b3\u30e9\u30e0\uff3d<br \/>\n[column size=\"3-5\u2033 last=\"1\u2033\uff3d\u3002<\/p>\n<p>RP8\u30dd\u30b1\u30c3\u30c8\u30ec\u30b7\u30fc\u30d0\u30fc\u306f\u3001\u30c4\u30a2\u30fc\u30ac\u30a4\u30c9\u30b7\u30b9\u30c6\u30e0\u3084\u591a\u8a00\u8a9e\u540c\u6642\u901a\u8a33\u3092\u4f34\u3046\u4f1a\u8b70\u306b\u4f7f\u7528\u3055\u308c\u307e\u3059\u3002\u30d8\u30c3\u30c9\u30d5\u30a9\u30f3\u3084\u88dc\u8074\u5668\u7528\u306e\u8a98\u5c0e\u30eb\u30fc\u30d7\u3092\u30df\u30cb\u30b8\u30e3\u30c3\u30af\u63a5\u7d9a\u3067\u304d\u308b\u305f\u3081\u3001\u30a2\u30af\u30bb\u30b7\u30d3\u30ea\u30c6\u30a3\u306b\u3082\u5bfe\u5fdc\u3067\u304d\u308b\u3002\u6709\u6a5fEL\u30c7\u30a3\u30b9\u30d7\u30ec\u30a4\u306b\u306f\u3001\u30c1\u30e3\u30f3\u30cd\u30eb\u3001\u30d0\u30c3\u30c6\u30ea\u30fc\u6b8b\u91cf\u3001\u5468\u6ce2\u6570\u304c\u8868\u793a\u3055\u308c\u307e\u3059\u3002\u30ec\u30b7\u30fc\u30d0\u30fc\u306f\u3001\u53d6\u308a\u5916\u3057\u53ef\u80fd\u306a\u30d9\u30eb\u30c8\u30af\u30ea\u30c3\u30d7\u307e\u305f\u306f\u30cd\u30c3\u30af\u30b9\u30c8\u30e9\u30c3\u30d7\u306e\u3069\u3061\u3089\u3067\u3082\u88c5\u7740\u3067\u304d\u308b\u3002RP8\u306f\u30cb\u30c3\u30b1\u30eb\u6c34\u7d20\u5145\u96fb\u6c602\u672c\u307e\u305f\u306f\u6a19\u6e96\u7684\u306a1.5V\u5358\u4e09\u96fb\u6c60\u3067\u99c6\u52d5\u3059\u308b\u3002\u5145\u96fb\u5f0f\u96fb\u6c60\u306f\u5145\u96fb\u306e\u305f\u3081\u306b\u30c7\u30d0\u30a4\u30b9\u304b\u3089\u53d6\u308a\u5916\u3059\u5fc5\u8981\u304c\u306a\u304f\u3001\u30a4\u30f3\u30c6\u30ea\u30b8\u30a7\u30f3\u30c8\u5145\u96fb\u6280\u8853\u306b\u3088\u308a\u904e\u5145\u96fb\u304b\u3089\u4fdd\u8b77\u3055\u308c\u3066\u3044\u307e\u3059\u3002\u307e\u305f\u3001\u5145\u96fb\u7528\u96fb\u5b50\u56de\u8def\u306f\u3001\u5145\u96fb\u5f0f\u96fb\u6c60\u3068\u96fb\u6c60\u306e\u3069\u3061\u3089\u3092\u633f\u5165\u3057\u3066\u3044\u308b\u304b\u3092\u8a8d\u8b58\u3059\u308b\u305f\u3081\u3001\u8aa4\u4f5c\u52d5\u3092\u9632\u3050\u3053\u3068\u304c\u3067\u304d\u307e\u3059\u3002<\/p>\n<p>[\u30b3\u30e9\u30e0\uff3d<br \/>\n\u30bf\u30d6<br \/>\n[tab title=\"\u6280\u8853\u7684\u306a\u8a73\u7d30\"]<\/p>\n<h2>\u30e9\u30b8\u30aa\u30dd\u30b1\u30c3\u30c8\u53d7\u4fe1\u6a5f \u2013 \u30b7\u30cd\u30b7\u30b9RP8<\/h2>\n<ul>\n<li>\u30c1\u30e3\u30f3\u30cd\u30eb\u30bb\u30ec\u30af\u30bf\u30fc\u306718\u306e\u5468\u6ce2\u6570\u3092\u8abf\u6574\u53ef\u80fd<\/li>\n<li>\u52d5\u4f5c\u30a4\u30f3\u30b8\u30b1\u30fc\u30bf\u30fc\u304a\u3088\u3073\u5145\u96fb\u30b9\u30c6\u30fc\u30bf\u30b9\u7528LED<\/li>\n<li>\u30c1\u30e3\u30f3\u30cd\u30eb\u3001\u30d0\u30c3\u30c6\u30ea\u30fc\u72b6\u614b\u3001\u5468\u6ce2\u6570\u3001\u30c1\u30e3\u30f3\u30cd\u30eb\u9078\u629e\u30ed\u30c3\u30af\u6a5f\u80fd\u3092\u8868\u793a\u3059\u308bOLED\u30c7\u30a3\u30b9\u30d7\u30ec\u30a4<\/li>\n<li>\u30b8\u30e3\u30c3\u30af\u63a5\u7d9a\uff083.5 mm\uff09\u30d8\u30c3\u30c9\u30d5\u30a9\u30f3\u307e\u305f\u306f\u88dc\u8074\u5668\u7528\uff08\u8a98\u5c0e\u30eb\u30fc\u30d7\u306a\u3069\uff09<\/li>\n<li>\u53583\u30cb\u30c3\u30b1\u30eb\u6c34\u7d20\u5145\u96fb\u6c602\u672c\u307e\u305f\u306f1.5V\u53583\u96fb\u6c60\u3067\u52d5\u4f5c<\/li>\n<li>\u30aa\u30fc\u30c8\u30aa\u30d5\u6a5f\u80fd\u4ed8\u304d\u30a4\u30f3\u30c6\u30ea\u30b8\u30a7\u30f3\u30c8\u5145\u96fb\u30c6\u30af\u30ce\u30ed\u30b8\u30fc<\/li>\n<li>\u30cd\u30c3\u30af\u30b3\u30fc\u30c9\u307e\u305f\u306f\u30d9\u30eb\u30c8\u30af\u30ea\u30c3\u30d7\u3067\u88c5\u7740\u53ef\u80fd<\/li>\n<\/ul>\n<p>\u30bf\u30d6<br \/>\n\u30bf\u30d6<\/p>\n<p>[spacer size=\"20\u2033]<br \/>\n[tabs style=\"1\u2033]<br \/>\n[tab title=\"\u8a18\u4e8b\"]<\/p>\n<h2>\u5b9a\u7f6e\u578b\u9001\u4fe1\u6a5f \u2013 \u30b7\u30cd\u30b7\u30b9 TS8<\/h2>\n<p>[column size=\"2-5\u2033 last=\"0\u2033] \u3002<\/p>\n<p><a href=\"https:\/\/konferenztechnik.de\/wp-content\/uploads\/2013\/09\/Sender_Beyerdynamic_Synexis_ts8.jpg\"><img decoding=\"async\" width=\"648\" height=\"418\" src=\"https:\/\/konferenztechnik.de\/wp-content\/uploads\/2013\/09\/Sender_Beyerdynamic_Synexis_ts8.jpg\" alt=\"\u5b9a\u7f6e\u578b\u9001\u4fe1\u6a5f - \u30b7\u30cd\u30b7\u30b9 TS8\" class=\"alignleft size-full wp-image-3025\" title=\"\" srcset=\"https:\/\/konferenztechnik.de\/wp-content\/uploads\/2013\/09\/Sender_Beyerdynamic_Synexis_ts8.jpg 648w, https:\/\/konferenztechnik.de\/wp-content\/uploads\/2013\/09\/Sender_Beyerdynamic_Synexis_ts8-300x194.jpg 300w\" sizes=\"(max-width: 648px) 100vw, 648px\" \/><\/a><\/p>\n<p>[\u30b3\u30e9\u30e0\uff3d<br \/>\n[column size=\"3-5\u2033 last=\"1\u2033\uff3d\u3002<\/p>\n<p>\u30b7\u30cd\u30b7\u30b9TS8\u9001\u4fe1\u6a5f\u306f\u3001RP8\u53d7\u4fe1\u6a5f\u3068\u5171\u306b\u4f7f\u7528\u3057\u307e\u3059\u3002\u3053\u306e\u30b7\u30b9\u30c6\u30e0\u306f\u4f1a\u8b70\u3067\u306e\u540c\u6642\u901a\u8a33\u30c1\u30e3\u30f3\u30cd\u30eb\u3092\u9001\u4fe1\u3059\u308b\u305f\u3081\u306b\u4f7f\u7528\u3067\u304d\u307e\u3059\u3002\u3055\u3089\u306b\u3001\u5225\u9014\u63a5\u7d9a\u3057\u305fCD\u307e\u305f\u306fMP3\u30d7\u30ec\u30fc\u30e4\u30fc\u3092\u4ecb\u3057\u3066\u97f3\u697d\u3084\u97f3\u58f0\u9332\u97f3\u3092\u9001\u4fe1\u3057\u305f\u308a\u3001\u5225\u9014\u63a5\u7d9a\u3057\u305f\u30de\u30a4\u30af\u3092\u4ecb\u3057\u3066\u30a2\u30ca\u30a6\u30f3\u30b9\u3084\u30b3\u30e1\u30f3\u30c8\u3092\u9001\u4fe1\u3059\u308b\u3053\u3068\u304c\u3067\u304d\u307e\u3059\u3002\u540c\u68b1\u306e\u30a2\u30af\u30bb\u30b5\u30ea\u30fc\u306b\u3088\u308a\u3001\u636e\u3048\u7f6e\u304d\u578b\u9001\u4fe1\u6a5f\u309219\u578b\u30e9\u30c3\u30af\u306b\u8a2d\u7f6e\u3057\u3001\u30a2\u30f3\u30c6\u30ca\u3092\u524d\u9762\u306b\u53d6\u308a\u4ed8\u3051\u308b\u3053\u3068\u304c\u3067\u304d\u307e\u3059\u3002<\/p>\n<p>[\u30b3\u30e9\u30e0\uff3d<br \/>\n\u30bf\u30d6<br \/>\n[tab title=\"\u6280\u8853\u7684\u306a\u8a73\u7d30\"]<\/p>\n<h2>\u5b9a\u7f6e\u578b\u9001\u4fe1\u6a5f \u2013 \u30b7\u30cd\u30b7\u30b9 TS8<\/h2>\n<ul>\n<li>18 \u5468\u6ce2\u6570<\/li>\n<li>\u91d1\u5c5e\u30cf\u30a6\u30b8\u30f3\u30b0\u30011\/2 19\"\u53d6\u308a\u4ed8\u3051\u53ef\u80fd<\/li>\n<li>\u6709\u6a5fEL\u30c7\u30a3\u30b9\u30d7\u30ec\u30a4<\/li>\n<li>\u30d8\u30c3\u30c9\u30d5\u30a9\u30f3\u63a5\u7d9a<\/li>\n<li>\u30de\u30a4\u30af\u3001AUX\u3001\u30d8\u30c3\u30c9\u30d5\u30a9\u30f3\u306e\u72ec\u7acb\u3057\u305f\u30ec\u30d9\u30eb\u30b3\u30f3\u30c8\u30ed\u30fc\u30eb<\/li>\n<li>\u7a7a\u4e2d\u7dda\u3001MP3\u307e\u305f\u306fCD\u30d7\u30ec\u30fc\u30e4\u30fc\u3001\u30e9\u30a4\u30f3\u307e\u305f\u306f\u30de\u30a4\u30af\u7528\u63a5\u7d9a\u7aef\u5b50<\/li>\n<\/ul>\n<p>\u30bf\u30d6<br \/>\n\u30bf\u30d6<\/p>\n<p>[spacer size=\"20\u2033]<br \/>\n[tabs style=\"1\u2033]<br \/>\n[tab title=\"\u8a18\u4e8b\"]<\/p>\n<h2>\u5145\u96fb\u5668 \u2013 \u30b7\u30cd\u30b7\u30b9C10<\/h2>\n<p>[column size=\"2-5\u2033 last=\"0\u2033] \u3002<\/p>\n<p><a href=\"https:\/\/konferenztechnik.de\/wp-content\/uploads\/2013\/09\/Ladegeraet_Beyerdynamic_Synexis_c10.jpg\"><img decoding=\"async\" width=\"600\" height=\"214\" src=\"https:\/\/konferenztechnik.de\/wp-content\/uploads\/2013\/09\/Ladegeraet_Beyerdynamic_Synexis_c10.jpg\" alt=\"\u5145\u96fb\u5668 \u2013 \u30b7\u30cd\u30b7\u30b9C10\" class=\"alignleft size-full wp-image-3023\" title=\"\" srcset=\"https:\/\/konferenztechnik.de\/wp-content\/uploads\/2013\/09\/Ladegeraet_Beyerdynamic_Synexis_c10.jpg 600w, https:\/\/konferenztechnik.de\/wp-content\/uploads\/2013\/09\/Ladegeraet_Beyerdynamic_Synexis_c10-300x107.jpg 300w\" sizes=\"(max-width: 600px) 100vw, 600px\" \/><\/a><\/p>\n<p>[\u30b3\u30e9\u30e0\uff3d<br \/>\n[column size=\"3-5\u2033 last=\"1\u2033\uff3d\u3002<\/p>\n<p>\u30b7\u30cd\u30b7\u30b9C10\u5145\u96fb\u5668\u306f\u3001\u6700\u592710\u53f0\u306e\u30dc\u30c7\u30a3\u30d1\u30c3\u30af\u30c8\u30e9\u30f3\u30b9\u30df\u30c3\u30bf\u30fc\u307e\u305f\u306f\u30ec\u30b7\u30fc\u30d0\u30fc\u3092\u5145\u96fb\u3059\u308b\u3053\u3068\u304c\u3067\u304d\u307e\u3059\u3002\u30d0\u30c3\u30c6\u30ea\u30fc\u306e\u5145\u96fb\u72b6\u614b\u306f\u3001\u305d\u308c\u305e\u308c\u306e\u30c8\u30e9\u30f3\u30b9\u30df\u30c3\u30bf\u30fc\u307e\u305f\u306f\u30ec\u30b7\u30fc\u30d0\u30fc\u306eLED\u3067\u8868\u793a\u3055\u308c\u307e\u3059\u3002<\/p>\n<ul>\n<li>\u30dd\u30b1\u30c3\u30c8\u30ec\u30b7\u30fc\u30d0\u30fc\/\u30c8\u30e9\u30f3\u30b9\u30df\u30c3\u30bf\u30fc\u7528\u5145\u96fb\u30b9\u30ed\u30c3\u30c810\u57fa<\/li>\n<li>\u30e1\u30a4\u30f3\u63a5\u7d9a\u3001\u30ab\u30b9\u30b1\u30fc\u30c9\u63a5\u7d9a\u53ef\u80fd<\/li>\n<li>\u52d5\u4f5c\u8868\u793a\u7528LED<\/li>\n<li>\u9811\u4e08\u306a\u91d1\u5c5e\u30cf\u30a6\u30b8\u30f3\u30b0\u300119\"\u30013 U<\/li>\n<\/ul>\n<p>\u3053\u306e\u5145\u96fb\u5668\u306b\u306f\u3001\u30dc\u30c7\u30a3\u30d1\u30c3\u30af\u578b\u30ec\u30b7\u30fc\u30d0\u30fc\/\u30c8\u30e9\u30f3\u30b9\u30df\u30c3\u30bf\u30fc8\u53f0\u3068\u30cf\u30f3\u30c9\u30d8\u30eb\u30c9\u578b\u30c8\u30e9\u30f3\u30b9\u30df\u30c3\u30bf\u30fc1\u53f0\u7528\u306e\u5145\u96fb\u30b9\u30ed\u30c3\u30c8\u3092\u5099\u3048\u305fC8\u30d0\u30fc\u30b8\u30e7\u30f3\u3082\u3042\u308a\u307e\u3059\u3002<\/p>\n<p>[\u30b3\u30e9\u30e0\uff3d<br \/>\n\u30bf\u30d6<br \/>\n\u30bf\u30d6<\/p>\n<p>[spacer size=\"20\u2033]<br \/>\n[tabs style=\"1\u2033]<br \/>\n[tab title=\"\u8a18\u4e8b\"]<\/p>\n<h2>\u30b7\u30f3\u30b0\u30eb\u30fb\u30a4\u30e4\u30db\u30f3 \u2013 DT 1S<\/h2>\n<p>[column size=\"2-5\u2033 last=\"0\u2033] \u3002<\/p>\n<p><a href=\"https:\/\/konferenztechnik.de\/wp-content\/uploads\/2013\/09\/Einohrhoerer_Beyerdynamic_dt1s.jpg\"><img loading=\"lazy\" decoding=\"async\" width=\"298\" height=\"449\" src=\"https:\/\/konferenztechnik.de\/wp-content\/uploads\/2013\/09\/Einohrhoerer_Beyerdynamic_dt1s.jpg\" alt=\"\u30d9\u30a4\u30e4\u30fc\u30c0\u30a4\u30ca\u30df\u30c3\u30afDT1S\u30b7\u30f3\u30b0\u30eb\u30fb\u30a4\u30e4\u30db\u30f3\" class=\"alignleft size-full wp-image-1892\" title=\"\" srcset=\"https:\/\/konferenztechnik.de\/wp-content\/uploads\/2013\/09\/Einohrhoerer_Beyerdynamic_dt1s.jpg 298w, https:\/\/konferenztechnik.de\/wp-content\/uploads\/2013\/09\/Einohrhoerer_Beyerdynamic_dt1s-199x300.jpg 199w\" sizes=\"(max-width: 298px) 100vw, 298px\" \/><\/a><\/p>\n<p>[\u30b3\u30e9\u30e0\uff3d<br \/>\n[column size=\"3-5\u2033 last=\"1\u2033\uff3d\u3002<\/p>\n<p>\u3053\u306e\u30a4\u30e4\u30db\u30f3\u306f\u3001\u500b\u4eba\u7528\u30ac\u30a4\u30c0\u30f3\u30b9\u30b7\u30b9\u30c6\u30e0\u306b\u3082\u3001\u5e38\u8a2d\u306e\u4f1a\u8b70\u30b7\u30b9\u30c6\u30e0\u306b\u3082\u4f7f\u7528\u3067\u304d\u307e\u3059\u3002\u30b1\u30fc\u30d6\u30eb\u95770.8m\u307e\u305f\u306f1.6m\u3001\u30e2\u30ce\u30e9\u30eb\u30b8\u30e3\u30c3\u30af\u63a5\u7d9a\u306e\u7247\u8033\u30d8\u30c3\u30c9\u30db\u30f3\u304c\u3042\u308a\u307e\u3059\u3002\u8efd\u91cf\u8a2d\u8a08\u306b\u3088\u308a\u3001\u9ad8\u3044\u88c5\u7740\u611f\u3092\u5b9f\u73fe\u3057\u3066\u3044\u307e\u3059\u3002\u307e\u305f\u3001\u304a\u624b\u5165\u308c\u3082\u7c21\u5358\u3067\u3059\u3002<\/p>\n<ul>\n<li>\u5805\u7262\u306a\u69cb\u9020<\/li>\n<li>\u7c21\u5358\u306a\u30af\u30ea\u30fc\u30cb\u30f3\u30b0<\/li>\n<\/ul>\n<p>[\u30b3\u30e9\u30e0\uff3d<br \/>\n\u30bf\u30d6<br \/>\n\u30bf\u30d6<\/p>\n<p>[spacer size=\"20\u2033]<br \/>\n[tabs style=\"1\u2033]<br \/>\n[tab title=\"\u8a18\u4e8b\"]<\/p>\n<h2>\u30cd\u30c3\u30af\u30d0\u30f3\u30c9\u578b\u30d8\u30c3\u30c9\u30d5\u30a9\u30f3 \u2013 DT3<\/h2>\n<p>[column size=\"2-5\u2033 last=\"0\u2033] \u3002<\/p>\n<p><a href=\"https:\/\/konferenztechnik.de\/wp-content\/uploads\/2013\/09\/Nackenbuegelkopfhoerer_Beyerdynamic_DT3.jpg\"><img loading=\"lazy\" decoding=\"async\" width=\"332\" height=\"230\" src=\"https:\/\/konferenztechnik.de\/wp-content\/uploads\/2013\/09\/Nackenbuegelkopfhoerer_Beyerdynamic_DT3.jpg\" alt=\"\u30cd\u30c3\u30af\u30d0\u30f3\u30c9\u578b\u30d8\u30c3\u30c9\u30d5\u30a9\u30f3 Beyerdynamic DT3\" class=\"alignleft size-full wp-image-1894\" title=\"\" srcset=\"https:\/\/konferenztechnik.de\/wp-content\/uploads\/2013\/09\/Nackenbuegelkopfhoerer_Beyerdynamic_DT3.jpg 332w, https:\/\/konferenztechnik.de\/wp-content\/uploads\/2013\/09\/Nackenbuegelkopfhoerer_Beyerdynamic_DT3-300x208.jpg 300w\" sizes=\"(max-width: 332px) 100vw, 332px\" \/><\/a><\/p>\n<p>[\u30b3\u30e9\u30e0\uff3d<br \/>\n[column size=\"3-5\u2033 last=\"1\u2033\uff3d\u3002<\/p>\n<p>\u30ac\u30a4\u30c0\u30f3\u30b9\u30b7\u30b9\u30c6\u30e0\u3084\u4f1a\u8b70\u30fb\u901a\u8a33\u30b7\u30b9\u30c6\u30e0\u3067\u4f7f\u7528\u3059\u308b\u30b9\u30c6\u30ec\u30aa\u30fb\u30cd\u30c3\u30af\u30d0\u30f3\u30c9\u30fb\u30d8\u30c3\u30c9\u30d5\u30a9\u30f3\u3002\u30cd\u30c3\u30af\u30d0\u30f3\u30c9\u5f0f\u3067\u88c5\u7740\u611f\u304c\u629c\u7fa4\u3067\u3059\u3002\u30d8\u30c3\u30c9\u30db\u30f3\u306f\u9811\u4e08\u3067\u3001\u4f1a\u8b70\u5f8c\u306e\u304a\u624b\u5165\u308c\u3082\u7c21\u5358\u3067\u3059\u3002<\/p>\n<ul>\n<li>\u5805\u7262\u306a\u69cb\u9020<\/li>\n<li>\u7c21\u5358\u306a\u30af\u30ea\u30fc\u30cb\u30f3\u30b0<\/li>\n<li>\u4eba\u9593\u5de5\u5b66\u306b\u57fa\u3065\u3044\u305f\u5f62\u72b6<\/li>\n<\/ul>\n<p>[\u30b3\u30e9\u30e0\uff3d<br \/>\n\u30bf\u30d6<br \/>\n\u30bf\u30d6<\/p>\n<p>[spacer size=\"20\u2033]<br \/>\n[tabs style=\"1\u2033]<br \/>\n[tab title=\"\u8a18\u4e8b\"]<\/p>\n<h2>\u8a98\u5c0e\u30eb\u30fc\u30d7 \u2013 \u30b7\u30cd\u30b7\u30b9 IL100<\/h2>\n<p>[column size=\"2-5\u2033 last=\"0\u2033] \u3002<\/p>\n<p><a href=\"https:\/\/konferenztechnik.de\/wp-content\/uploads\/2013\/09\/Induktionsschleife_Beyerdynamic_Synexis_il801.jpg\"><img loading=\"lazy\" decoding=\"async\" width=\"207\" height=\"380\" src=\"https:\/\/konferenztechnik.de\/wp-content\/uploads\/2013\/09\/Induktionsschleife_Beyerdynamic_Synexis_il801.jpg\" alt=\"\u8a98\u5c0e\u30eb\u30fc\u30d7 \u2013 \u30b7\u30cd\u30b7\u30b9 IL100\" class=\"alignleft size-full wp-image-3022\" title=\"\" srcset=\"https:\/\/konferenztechnik.de\/wp-content\/uploads\/2013\/09\/Induktionsschleife_Beyerdynamic_Synexis_il801.jpg 207w, https:\/\/konferenztechnik.de\/wp-content\/uploads\/2013\/09\/Induktionsschleife_Beyerdynamic_Synexis_il801-163x300.jpg 163w\" sizes=\"(max-width: 207px) 100vw, 207px\" \/><\/a><\/p>\n<p>[\u30b3\u30e9\u30e0\uff3d<br \/>\n[column size=\"3-5\u2033 last=\"1\u2033\uff3d\u3002<\/p>\n<p>\u8a98\u5c0e\u30eb\u30fc\u30d7\u306f\u30b7\u30cd\u30b7\u30b9\u30dd\u30b1\u30c3\u30c8\u30ec\u30b7\u30fc\u30d0\u30fc\u7528\u306b\u8a2d\u8a08\u3055\u308c\u3066\u3044\u307e\u3059\u3002\u30d8\u30c3\u30c9\u30bb\u30c3\u30c8\u306e\u4ee3\u308f\u308a\u306b\u30ec\u30b7\u30fc\u30d0\u30fc\u306b\u63a5\u7d9a\u3059\u308b\u3053\u3068\u3067\u3001\u6a19\u6e96\u7684\u306a\u88dc\u8074\u5668\u306b\u76f4\u63a5\u4fe1\u53f7\u3092\u4f1d\u9054\u3059\u308b\u3053\u3068\u304c\u3067\u304d\u3001\u30d0\u30ea\u30a2\u30d5\u30ea\u30fc\u306e\u97f3\u58f0\u4f1d\u9054\u3092\u5b9f\u73fe\u3057\u307e\u3059\u3002<\/p>\n<p>[\u30b3\u30e9\u30e0\uff3d<br \/>\n\u30bf\u30d6<br \/>\n\u30bf\u30d6<\/p>\n<p>[spacer size=\"20\u2033]<br \/>\n[tabs style=\"1\u2033]<br \/>\n[tab title=\"\u8a18\u4e8b\"]<\/p>\n<h2>\u751f\u7523\u7d42\u4e86\u3057\u305fTTS300\u30b7\u30b9\u30c6\u30e0\u306b\u95a2\u3059\u308b\u60c5\u5831<\/h2>\n<p>[column size=\"2-5\u2033 last=\"0\u2033] \u3002<\/p>\n<p><a href=\"https:\/\/konferenztechnik.de\/wp-content\/uploads\/2013\/09\/Funkempfaenger_FE316_ohne_KPF_gross.jpg\"><img loading=\"lazy\" decoding=\"async\" width=\"800\" height=\"404\" src=\"https:\/\/konferenztechnik.de\/wp-content\/uploads\/2013\/09\/Funkempfaenger_FE316_ohne_KPF_gross.jpg\" alt=\"\u30d9\u30a4\u30e4\u30fc\u30c0\u30a4\u30ca\u30df\u30c3\u30afFE316\u30ef\u30a4\u30e4\u30ec\u30b9\u30fb\u30ec\u30b7\u30fc\u30d0\u30fc\" class=\"alignleft size-full wp-image-1896\" title=\"\" srcset=\"https:\/\/konferenztechnik.de\/wp-content\/uploads\/2013\/09\/Funkempfaenger_FE316_ohne_KPF_gross.jpg 800w, https:\/\/konferenztechnik.de\/wp-content\/uploads\/2013\/09\/Funkempfaenger_FE316_ohne_KPF_gross-300x152.jpg 300w, https:\/\/konferenztechnik.de\/wp-content\/uploads\/2013\/09\/Funkempfaenger_FE316_ohne_KPF_gross-768x388.jpg 768w\" sizes=\"(max-width: 800px) 100vw, 800px\" \/><\/a><\/p>\n<p>[\u30b3\u30e9\u30e0\uff3d<br \/>\n[column size=\"3-5\u2033 last=\"1\u2033\uff3d\u3002<\/p>\n<p>Beyerdynamic TTS 300\u30ac\u30a4\u30c0\u30f3\u30b9\u30b7\u30b9\u30c6\u30e0\u306f\u3001\u73fe\u5728\u8ca9\u58f2\u3055\u308c\u3066\u304a\u308a\u307e\u305b\u3093\u3002\u3057\u304b\u3057\u3001PCS\u306f\u73fe\u5728\u3082\u3053\u306e\u30b7\u30b9\u30c6\u30e0\u306e\u30b5\u30fc\u30d3\u30b9\u3092\u63d0\u4f9b\u3057\u3066\u3044\u307e\u3059\u3002\u3053\u308c\u306b\u306f\u3001\u30e1\u30f3\u30c6\u30ca\u30f3\u30b9\u3084\u4fee\u7406\u3001\u30b9\u30da\u30a2\u30d1\u30fc\u30c4\u3084\u4ea4\u63db\u7528\u30c7\u30d0\u30a4\u30b9\u306e\u6ce8\u6587\uff08\u307e\u3060\u5165\u624b\u53ef\u80fd\u306a\u5834\u5408\uff09\u304c\u542b\u307e\u308c\u307e\u3059\u3002<\/p>\n<p>[\u30b3\u30e9\u30e0\uff3d<br \/>\n\u30bf\u30d6<br \/>\n[tab title=\"\u6280\u8853\u7684\u306a\u8a73\u7d30\"]<\/p>\n<h2>\u751f\u7523\u7d42\u4e86\u3057\u305fTTS300\u30b7\u30b9\u30c6\u30e0\u306b\u95a2\u3059\u308b\u60c5\u5831<\/h2>\n<p>TTS 300\u30b7\u30b9\u30c6\u30e0\u306b\u306f\u4ee5\u4e0b\u306e\u30b3\u30f3\u30dd\u30fc\u30cd\u30f3\u30c8\u304c\u542b\u307e\u308c\u307e\u3059\uff1a<\/p>\n<ul>\n<li>\u30ec\u30b7\u30fc\u30d0\u30fc FE316<\/li>\n<li>\u30c8\u30e9\u30f3\u30b9\u30df\u30c3\u30bf\u30fc\u30de\u30a4\u30af SEM316<\/li>\n<li>TS316\u30dd\u30b1\u30c3\u30c8\u30fb\u30c8\u30e9\u30f3\u30b9\u30df\u30c3\u30bf\u30fc<\/li>\n<li>\u5b9a\u7f6e\u578b\u30c8\u30e9\u30f3\u30b9\u30df\u30c3\u30bf\u30fc CT316<\/li>\n<li>\u5145\u96fb\u5668 LG30<\/li>\n<\/ul>\n<p>\u3053\u306e\u4ef6\u306b\u95a2\u3059\u308b\u3054\u8cea\u554f\u306f\u3001\u5f0a\u793e\u30b5\u30fc\u30d3\u30b9\u90e8\u9580\u307e\u3067\u304a\u554f\u3044\u5408\u308f\u305b\u304f\u3060\u3055\u3044\u3002<\/p>\n<p>\u30bf\u30d6<br \/>\n\u30bf\u30d6<\/p>","protected":false},"excerpt":{"rendered":"<p>Funk Dolmetscheranlagen Funk-Dolmetscheranlagen bieten neben klassischer Infrarot-\u00dcbertragungstechnik eine optimale Alternative f\u00fcr die Versorgung von bis zu mehreren hundert Teilnehmern mit gedolmetschtem Ton. Die Vorteile von Funk liegen auf der Hand: schneller Aufbau, dezente Optik und flexibler Einsatz. Die Details im Einzelnen: Das System ist schnell installiert, da es in den meisten F\u00e4llen ausreicht, einen Funk-Sender bei der Tonregie aufzustellen. Da zu dieser Anlage auch Hand- und Nackenb\u00fcgel-Mikrofone erh\u00e4ltlich sind, kann sie flexibel sowohl im Konferenzraum als auch mit denselben Empf\u00e4ngern als Personenf\u00fchrungsanlage bei Werksf\u00fchrungen oder Stadtrundg\u00e4ngen genutzt werden. Zur Technik: Die eingesetzten Ger\u00e4te der Marke Beyerdynamic arbeiten mit neuester Hochfrequenztechnologie. Die \u00dcbertragung vom Funksender zu den Empf\u00e4ngern erfolgt auf einem [&hellip;]<\/p>","protected":false},"author":1,"featured_media":45482,"parent":3614,"menu_order":121,"comment_status":"closed","ping_status":"open","template":"","meta":{"_acf_changed":false,"footnotes":""},"class_list":["post-3071","page","type-page","status-publish","has-post-thumbnail","hentry"],"acf":[],"_links":{"self":[{"href":"https:\/\/konferenztechnik.de\/ja\/wp-json\/wp\/v2\/pages\/3071","targetHints":{"allow":["GET"]}}],"collection":[{"href":"https:\/\/konferenztechnik.de\/ja\/wp-json\/wp\/v2\/pages"}],"about":[{"href":"https:\/\/konferenztechnik.de\/ja\/wp-json\/wp\/v2\/types\/page"}],"author":[{"embeddable":true,"href":"https:\/\/konferenztechnik.de\/ja\/wp-json\/wp\/v2\/users\/1"}],"replies":[{"embeddable":true,"href":"https:\/\/konferenztechnik.de\/ja\/wp-json\/wp\/v2\/comments?post=3071"}],"version-history":[{"count":0,"href":"https:\/\/konferenztechnik.de\/ja\/wp-json\/wp\/v2\/pages\/3071\/revisions"}],"up":[{"embeddable":true,"href":"https:\/\/konferenztechnik.de\/ja\/wp-json\/wp\/v2\/pages\/3614"}],"wp:featuredmedia":[{"embeddable":true,"href":"https:\/\/konferenztechnik.de\/ja\/wp-json\/wp\/v2\/media\/45482"}],"wp:attachment":[{"href":"https:\/\/konferenztechnik.de\/ja\/wp-json\/wp\/v2\/media?parent=3071"}],"curies":[{"name":"wp","href":"https:\/\/api.w.org\/{rel}","templated":true}]}}