{"id":3606,"date":"2013-10-24T13:39:36","date_gmt":"2013-10-24T11:39:36","guid":{"rendered":"https:\/\/konferenztechnik.de\/?page_id=3606"},"modified":"2023-07-05T15:09:07","modified_gmt":"2023-07-05T13:09:07","slug":"%e9%80%9a%e8%a8%b3%e8%80%85%e3%81%ae%e3%81%9f%e3%82%81%e3%81%ae%e3%83%88%e3%83%ac%e3%83%bc%e3%83%8b%e3%83%b3%e3%82%b0%e3%82%b3%e3%83%bc%e3%82%b9%e3%81%a8%e3%82%b5%e3%83%bc%e3%83%93%e3%82%b9","status":"publish","type":"page","link":"https:\/\/konferenztechnik.de\/ja\/%e9%80%9a%e8%a8%b3%e8%80%85%e3%81%ae%e3%81%9f%e3%82%81%e3%81%ae%e3%83%88%e3%83%ac%e3%83%bc%e3%83%8b%e3%83%b3%e3%82%b0%e3%82%b3%e3%83%bc%e3%82%b9%e3%81%a8%e3%82%b5%e3%83%bc%e3%83%93%e3%82%b9\/","title":{"rendered":"\u901a\u8a33\u306e\u30c8\u30ec\u30fc\u30cb\u30f3\u30b0\u3068\u30b5\u30fc\u30d3\u30b9"},"content":{"rendered":"<h1>\u901a\u8a33\u306e\u30c8\u30ec\u30fc\u30cb\u30f3\u30b0\u3068\u30b5\u30fc\u30d3\u30b9<\/h1>\n<p>PCS\u306f\u3001\u6280\u8853\u8005\u3001\u901a\u8a33\u8005\u3001\u8b1b\u6f14\u8005\u3001\u30de\u30cd\u30fc\u30b8\u30e3\u30fc\u3001\u5287\u5834\u3001\u30db\u30c6\u30eb\u30b9\u30bf\u30c3\u30d5\u5411\u3051\u306e\u30c8\u30ec\u30fc\u30cb\u30f3\u30b0\u3092\u63d0\u4f9b\u3057\u3066\u3044\u308b\u3002<\/p>\n<p>\u5f0a\u793e\u3067\u306f\u3001\u30b0\u30eb\u30fc\u30d7\u304a\u3088\u3073\u500b\u4eba\u5411\u3051\u306e\u30c8\u30ec\u30fc\u30cb\u30f3\u30b0\u30bb\u30c3\u30b7\u30e7\u30f3\u3092\u3001\u5f0a\u793e\u62e0\u70b9\u304a\u3088\u3073\u304a\u5ba2\u69d8\u306e\u65bd\u8a2d\u306b\u3066\u958b\u50ac\u3057\u3066\u304a\u308a\u307e\u3059\u3002\u81ea\u4fe1\u3068\u78ba\u4fe1\u3092\u6301\u3063\u3066\u4f1a\u8b70\u6280\u8853\u3092\u4f7f\u7528\u3059\u308b\u3053\u3068\u306f\u3001\u30d7\u30ec\u30bc\u30f3\u30c6\u30fc\u30b7\u30e7\u30f3\u306e\u6c7a\u5b9a\u7684\u306a\u6210\u529f\u8981\u56e0\u3067\u3059\u3002<\/p>\n<p>\u901a\u8a33\u8005\u304c\u6280\u8853\u7684\u306a\u4efb\u52d9\u3084\u30a4\u30d9\u30f3\u30c8\u3092\u8a08\u753b\u3057\u3066\u3044\u307e\u3059\u304b\uff1f\u307e\u305f\u3001\u96c6\u4f1a\u5834\u6761\u4f8b\u306b\u3064\u3044\u3066\u3054\u8cea\u554f\u304c\u304a\u3042\u308a\u3067\u3059\u304b\uff1f\u3044\u3064\u3067\u3082\u89aa\u8eab\u306b\u306a\u3063\u3066\u3054\u76f8\u8ac7\u306b\u5fdc\u3058\u307e\u3059\u3002<\/p>\n<p><img decoding=\"async\" src=\"https:\/\/konferenztechnik.de\/wp-content\/uploads\/2016\/10\/sprecherkabine-masse.jpg\" alt=\"\u30c8\u30ec\u30fc\u30cb\u30f3\u30b0N\" title=\"\"><\/p>\n<p><img decoding=\"async\" src=\"https:\/\/konferenztechnik.de\/wp-content\/uploads\/2016\/10\/dolmetscherschulung-1.jpg\" alt=\"\" title=\"\"><\/p>\n<p>PCS\u306f\u7814\u4fee\u3068\u3055\u3089\u306a\u308b\u6559\u80b2\u3092\u975e\u5e38\u306b\u91cd\u8996\u3057\u3066\u304a\u308a\u3001\u5feb\u9069\u3067\u52b9\u679c\u7684\u306a\u7814\u4fee\u6587\u5316\u3092\u767a\u5c55\u3055\u305b\u3066\u304d\u305f\u3002<\/p>\n<div class=\"boxcontainer\">\n<div class=\"boxcontainer\">\n<div class=\"box1-2\">\n<h1>\u62c5\u5f53\u8005<\/h1>\n<\/div>\n<div class=\"box1-2-order\">\n<h1>\u305d\u306e\u4ed6\u306e\u30ea\u30f3\u30af<\/h1>\n<\/div>\n<div class=\"box1-4\">\n<div class=\"box-head\">\u30c7\u30e5\u30c3\u30bb\u30eb\u30c9\u30eb\u30d5<\/div>\n<p><img fetchpriority=\"high\" decoding=\"async\" width=\"800\" height=\"533\" class=\"alignleft size-full wp-image-2317\" src=\"https:\/\/konferenztechnik.de\/wp-content\/uploads\/2013\/09\/thorsten_geissler_pcs-gmbh.jpg\" alt=\"\u30c8\u30fc\u30b9\u30c6\u30f3\u30fb\u30ac\u30a4\u30b9\u30e9\u30fc\" title=\"\" srcset=\"https:\/\/konferenztechnik.de\/wp-content\/uploads\/2013\/09\/thorsten_geissler_pcs-gmbh.jpg 800w, https:\/\/konferenztechnik.de\/wp-content\/uploads\/2013\/09\/thorsten_geissler_pcs-gmbh-300x200.jpg 300w, https:\/\/konferenztechnik.de\/wp-content\/uploads\/2013\/09\/thorsten_geissler_pcs-gmbh-768x512.jpg 768w\" sizes=\"(max-width: 800px) 100vw, 800px\" \/><br \/>\n\u30c8\u30fc\u30b9\u30c6\u30f3\u30fb\u30ac\u30a4\u30b9\u30e9\u30fc<br \/>\n\u30de\u30cd\u30b8\u30e1\u30f3\u30c8<br \/>\n\u96fb\u8a71 +49 211 737798 0<br \/>\n\u96fb\u5b50\u30e1\u30fc\u30eb <a href=\"mailto:geissler@konferenztechnik.de\">\u66f8\u304f<\/a><\/p>\n<p>QR\u30b3\u30fc\u30c9 <a title=\"QR\u30b3\u30fc\u30c9 \u30c8\u30eb\u30b9\u30c6\u30f3\u30fb\u30ac\u30a4\u30b9\u30e9\u30fc\" href=\"https:\/\/konferenztechnik.de\/wp-content\/uploads\/2013\/09\/thorsten_geissler_qrcode.png\">\u203a\u3092\u8868\u793a<\/a><\/p>\n<\/div>\n<div class=\"box1-4\">\n<div class=\"box-head\">\u30d9\u30eb\u30ea\u30f3<\/div>\n<p><img decoding=\"async\" width=\"800\" height=\"533\" class=\"alignleft size-full wp-image-2301\" src=\"https:\/\/konferenztechnik.de\/wp-content\/uploads\/2013\/09\/gunnar_hermenau_pcs-gmbh.jpg\" alt=\"\u30ac\u30f3\u30ca\u30fc\u30fb\u30d8\u30eb\u30e1\u30ca\u30a6\u30fb\u30d4\u30fc\u30b7\u30fc\u30a8\u30b9GMBH\" title=\"\" srcset=\"https:\/\/konferenztechnik.de\/wp-content\/uploads\/2013\/09\/gunnar_hermenau_pcs-gmbh.jpg 800w, https:\/\/konferenztechnik.de\/wp-content\/uploads\/2013\/09\/gunnar_hermenau_pcs-gmbh-300x200.jpg 300w, https:\/\/konferenztechnik.de\/wp-content\/uploads\/2013\/09\/gunnar_hermenau_pcs-gmbh-768x512.jpg 768w\" sizes=\"(max-width: 800px) 100vw, 800px\" \/><br \/>\n\u30b0\u30f3\u30ca\u30fc\u30fb\u30d8\u30eb\u30e1\u30ca\u30a6<br \/>\n\u30de\u30cd\u30b8\u30e1\u30f3\u30c8<br \/>\n\u96fb\u8a71 +49 30 6959690 0<br \/>\n\u96fb\u5b50\u30e1\u30fc\u30eb <a href=\"mailto:hermenau@konferenztechnik.de\">\u66f8\u304f<\/a><\/p>\n<p>QR\u30b3\u30fc\u30c9 <a title=\"QR\u30b3\u30fc\u30c9 \u30b0\u30f3\u30ca\u30fc\u30fb\u30d8\u30eb\u30e1\u30ca\u30a6\" href=\"https:\/\/konferenztechnik.de\/wp-content\/uploads\/2013\/09\/gunnar_hermenau_qrcode.png\">\u203a\u3092\u8868\u793a<\/a><\/p>\n<\/div>\n<div class=\"box2-4-2\" style=\"order: 1;\">\n<div class=\"weiterlinks\"><a title=\"PCS\u304c\u5fc5\u8981\u306a10\u306e\u7406\u7531\" href=\"\/ja\/%e4%bc%9a%e7%a4%be%e6%a6%82%e8%a6%81-2\/pc%e3%82%92%e9%81%b8%e3%81%b610%e3%81%ae%e7%90%86%e7%94%b1\/\">PCS\u304c\u5fc5\u8981\u306a10\u306e\u7406\u7531<\/a><br \/>\n<a title=\"PCS\u304c\u5fc5\u8981\u306a10\u306e\u7406\u7531\" href=\"\/ja\/%e4%bc%9a%e7%a4%be%e6%a6%82%e8%a6%81-2\/\">\u4f1a\u793e\u6982\u8981<\/a><br \/>\n<a title=\"\u88fd\u54c1\u30b0\u30eb\u30fc\u30d7\u5225\u5206\u5e03\" href=\"\/ja\/%e8%a3%bd%e5%93%81%e3%82%b0%e3%83%ab%e3%83%bc%e3%83%97\/\">\u88fd\u54c1\u30b0\u30eb\u30fc\u30d7\u5225\u5206\u5e03<\/a><br \/>\n<a title=\"\u30e1\u30fc\u30ab\u30fc\u5225\u5206\u5e03\" href=\"\/ja\/%e3%83%a1%e3%83%bc%e3%82%ab%e3%83%bc\/\">\u30e1\u30fc\u30ab\u30fc\u5225\u5206\u5e03<\/a><br \/>\n<a title=\"\u30ab\u30b9\u30bf\u30de\u30a4\u30ba\u88fd\u54c1\u3001\u30e1\u30f3\u30c6\u30ca\u30f3\u30b9\u3001\u4fee\u7406\" href=\"\/ja\/%e3%82%b5%e3%83%bc%e3%83%93%e3%82%b9-2\/%e3%83%a1%e3%83%b3%e3%83%86%e3%83%8a%e3%83%b3%e3%82%b9%e3%81%a8%e4%bf%ae%e7%90%86\/\">\u30ab\u30b9\u30bf\u30de\u30a4\u30ba\u88fd\u54c1\u3001\u30e1\u30f3\u30c6\u30ca\u30f3\u30b9\u3001\u4fee\u7406<\/a><\/p>\n<p><a title=\"\u53c2\u8003\u6587\u732e\" href=\"\/ja\/%e4%bc%9a%e7%a4%be%e6%a6%82%e8%a6%81-2\/%e3%83%aa%e3%83%95%e3%82%a1%e3%83%ac%e3%83%b3%e3%82%b9%e3%83%bb%e3%83%aa%e3%82%b9%e3%83%88\/\">\u53c2\u8003\u6587\u732e \u30a4\u30f3\u30b9\u30c8\u30fc\u30eb\u3068\u7d71\u5408<\/a><br \/>\n<a title=\"PCS\uff1a\u5168\u30b5\u30fc\u30d3\u30b9\u4e00\u89a7\" href=\"\/ja\/%e3%82%b5%e3%83%bc%e3%83%93%e3%82%b9-2\/\">PCS\uff1a\u5168\u30b5\u30fc\u30d3\u30b9\u4e00\u89a7<\/a><\/p>\n<\/div>\n<\/div>\n<\/div>\n<\/div>","protected":false},"excerpt":{"rendered":"<p>Schulungen und Service f\u00fcr Dolmetscherinnen und Dolmetscher PCS bietet Schulungen f\u00fcr Techniker, Dolmetscherinnen und Dolmetscher, f\u00fcr Redner, Manager, Personal aus Theatern und Hotellerie. Wir f\u00fchren Gruppen- und Einzeltrainings an unseren Standorten und bei Ihnen vor Ort durch. Der sichere und selbstbewusste Umgang mit Konferenztechnik ist ein entscheidender Erfolgsfaktor f\u00fcr Ihren Auftritt. Planen Sie als Dolmetscherin oder Dolmetscher einen Technikeinsatz oder eine Veranstaltung? Ben\u00f6tigen Sie Pl\u00e4ne oder haben Sie Fragen zur Versammlungsst\u00e4ttenverordnung? Treten Sie mit unserer Trainingsabteilung in Kontakt, hier finden Sie immer ein offenes Ohr. PCS legt hohen Wert auf Aus- und Fortbildung und hat eine angenehme und effektive Trainingskultur entwickelt. Ansprechpartner Weiterf\u00fchrende Links D\u00fcsseldorf Thorsten Gei\u00dfler Gesch\u00e4ftsleitung Tel. +49 [&hellip;]<\/p>","protected":false},"author":1,"featured_media":45482,"parent":0,"menu_order":116,"comment_status":"closed","ping_status":"open","template":"","meta":{"_acf_changed":false,"footnotes":""},"class_list":["post-3606","page","type-page","status-publish","has-post-thumbnail","hentry"],"acf":[],"_links":{"self":[{"href":"https:\/\/konferenztechnik.de\/ja\/wp-json\/wp\/v2\/pages\/3606","targetHints":{"allow":["GET"]}}],"collection":[{"href":"https:\/\/konferenztechnik.de\/ja\/wp-json\/wp\/v2\/pages"}],"about":[{"href":"https:\/\/konferenztechnik.de\/ja\/wp-json\/wp\/v2\/types\/page"}],"author":[{"embeddable":true,"href":"https:\/\/konferenztechnik.de\/ja\/wp-json\/wp\/v2\/users\/1"}],"replies":[{"embeddable":true,"href":"https:\/\/konferenztechnik.de\/ja\/wp-json\/wp\/v2\/comments?post=3606"}],"version-history":[{"count":0,"href":"https:\/\/konferenztechnik.de\/ja\/wp-json\/wp\/v2\/pages\/3606\/revisions"}],"wp:featuredmedia":[{"embeddable":true,"href":"https:\/\/konferenztechnik.de\/ja\/wp-json\/wp\/v2\/media\/45482"}],"wp:attachment":[{"href":"https:\/\/konferenztechnik.de\/ja\/wp-json\/wp\/v2\/media?parent=3606"}],"curies":[{"name":"wp","href":"https:\/\/api.w.org\/{rel}","templated":true}]}}