{"id":3611,"date":"2013-10-24T14:19:31","date_gmt":"2013-10-24T12:19:31","guid":{"rendered":"https:\/\/konferenztechnik.de\/?page_id=3611"},"modified":"2023-09-01T14:06:28","modified_gmt":"2023-09-01T12:06:28","slug":"%e3%82%ab%e3%82%b9%e3%82%bf%e3%83%a0%e8%a3%bd%e5%93%81%e3%81%ae%e3%83%a1%e3%83%b3%e3%83%86%e3%83%8a%e3%83%b3%e3%82%b9%e3%81%a8%e4%bf%ae%e7%90%86","status":"publish","type":"page","link":"https:\/\/konferenztechnik.de\/ja\/%e3%82%ab%e3%82%b9%e3%82%bf%e3%83%a0%e8%a3%bd%e5%93%81%e3%81%ae%e3%83%a1%e3%83%b3%e3%83%86%e3%83%8a%e3%83%b3%e3%82%b9%e3%81%a8%e4%bf%ae%e7%90%86\/","title":{"rendered":"\u30ab\u30b9\u30bf\u30de\u30a4\u30ba\u88fd\u54c1\u3001\u30e1\u30f3\u30c6\u30ca\u30f3\u30b9\u3001\u4fee\u7406"},"content":{"rendered":"<h1>\u30ab\u30b9\u30bf\u30de\u30a4\u30ba\u88fd\u54c1\u3001\u30e1\u30f3\u30c6\u30ca\u30f3\u30b9\u3001\u4fee\u7406<\/h1>\n<p>[rev_slider \u30ab\u30b9\u30bf\u30de\u30a4\u30ba\u5546\u54c1\uff3d<br \/>\n[spacer size=\"20\u2033]<\/p>\n<p>\u30a2\u30d5\u30bf\u30fc\u30b5\u30fc\u30d3\u30b9\u3001\u30e1\u30f3\u30c6\u30ca\u30f3\u30b9\u3001\u4fee\u7406\u306f\u3001\u8a13\u7df4\u3092\u53d7\u3051\u305f\u30b9\u30bf\u30c3\u30d5\u3068\u8a2d\u5099\u306e\u6574\u3063\u305f\u5de5\u5834\u3067\u627f\u308a\u307e\u3059\u3002<\/p>\n<p>\u307e\u305f\u3001\u8a2d\u7f6e\u3084\u8ca9\u58f2\u306e\u305f\u3081\u306e\u30ab\u30b9\u30bf\u30de\u30a4\u30ba\u3055\u308c\u305f\u30bd\u30ea\u30e5\u30fc\u30b7\u30e7\u30f3\u3082\u4f5c\u6210\u3057\u307e\u3059\u3002\u304a\u5ba2\u69d8\u306e\u30a2\u30a4\u30c7\u30a2\u3001\u30d3\u30b8\u30e5\u30a2\u30eb\u4ed5\u69d8\u3001\u4f01\u696d\u30c7\u30b6\u30a4\u30f3\u30ac\u30a4\u30c9\u30e9\u30a4\u30f3\u306b\u5408\u308f\u305b\u3001\u5f53\u793e\u306e\u30a8\u30f3\u30b8\u30cb\u30a2\u304c\u8a08\u753b\u3057\u3001\u5c02\u9580\u5bb6\u304c\u5b9f\u65bd\u3059\u308b\u3001\u30ab\u30b9\u30bf\u30de\u30a4\u30ba\u3055\u308c\u305f\u9ad8\u54c1\u8cea\u306e\u30de\u30eb\u30c1\u30e1\u30c7\u30a3\u30a2\u30bd\u30ea\u30e5\u30fc\u30b7\u30e7\u30f3\u3092\u63d0\u4f9b\u3057\u307e\u3059\u3002<\/p>\n<p><img decoding=\"async\" src=\"https:\/\/konferenztechnik.de\/wp-content\/uploads\/2016\/10\/sonderanfertigungen-medientechnik.jpg\" alt=\"\u30ab\u30b9\u30bf\u30de\u30a4\u30ba\u3055\u308c\u305f\u30e1\u30c7\u30a3\u30a2\u6280\u8853\" class=\"alignnone size-full wp-image-8476\" title=\"\"><\/p>\n<p><img decoding=\"async\" src=\"https:\/\/konferenztechnik.de\/wp-content\/uploads\/2016\/10\/medientechnik-sonderanfertigung.jpg\" alt=\"\u30ab\u30b9\u30bf\u30de\u30a4\u30ba\u3055\u308c\u305f\u30e1\u30c7\u30a3\u30a2\u6280\u8853\" class=\"alignnone size-full wp-image-8477\" title=\"\"><\/p>\n<p>[callout add_button=\"no\" button_text=\"Learn More\" button_url=\"#\" button_color=\"#a62055\u2033].<br \/>\n1950\u5e74\u88fd\u306e\u4f1a\u8b70\u30b7\u30b9\u30c6\u30e0\u7528\u6d17\u6d44\u6a5f\u3001\u307e\u305f\u306f\u30ab\u30f3\u30d1\u30cb\u30fc\u30ab\u30e9\u30fc\u306e\u30de\u30a4\u30af\u30ed\u30db\u30f3\u304c\u5fc5\u8981\u3067\u3059\u304b\uff1f\u30ab\u30b9\u30bf\u30de\u30a4\u30ba\u30fb\u4fee\u7406\u90e8\u9580\u306b\u3054\u76f8\u8ac7\u304f\u3060\u3055\u3044\u3002\u73cd\u3057\u3044\u3054\u8981\u671b\u3082\u3001\u79c1\u305f\u3061\u306e\u65e5\u5e38\u696d\u52d9\u3067\u3059\u3002<br \/>\n<img decoding=\"async\" src=\"\/wp-content\/uploads\/2016\/08\/retro-technik.jpg\" alt=\"\u30ec\u30c8\u30ed\u30c6\u30af\u30ce\u30ed\u30b8\u30fc\" class=\"alignnone size-full wp-image-7183\" title=\"\"><\/p>\n<p>[\/callout]\u3002<\/p>\n<div class=\"boxcontainer\">\n<div class=\"box1-2\">\n<h1>\u62c5\u5f53\u8005<\/h1>\n<\/div>\n<div class=\"box1-2-order\">\n<h1>\u305d\u306e\u4ed6\u306e\u30ea\u30f3\u30af<\/h1>\n<\/div>\n<div class=\"box1-4\">\n<div class=\"box-head\">\u30b5\u30fc\u30d3\u30b9\u304a\u3088\u3073\u30e1\u30f3\u30c6\u30ca\u30f3\u30b9<\/div>\n<p><img decoding=\"async\" src=\"https:\/\/konferenztechnik.de\/wp-content\/uploads\/2018\/02\/rolandbaur.jpg\" alt=\"\u30ed\u30fc\u30e9\u30f3\u30c9\u30fb\u30d0\u30a6\u30a2\u30fc - PCS\u793e\" class=\"alignleft size-full wp-image-12900\" title=\"\"><br \/>\n\u30ed\u30fc\u30e9\u30f3\u30c9\u30fb\u30d0\u30a6\u30a2\u30fc<br \/>\n\u30d7\u30ed\u30b8\u30a7\u30af\u30c8\u30fb\u30b3\u30f3\u30b5\u30eb\u30bf\u30f3\u30c8<br \/>\n\u96fb\u8a71 +49 211 737798 20<br \/>\n<span class=\"volleansicht\">\u96fb\u5b50\u30e1\u30fc\u30eb <a href=\"mailto:vertrieb@konferenztechnik.de\" onclick=\"ga('send', 'event', 'Email-Klick', 'Kontakt Baur');\">\u66f8\u304f<\/a><br \/>\n<\/span><br \/>\n<span class=\"mobileansicht\">\u96fb\u5b50\u30e1\u30fc\u30eb <a href=\"mailto:vertrieb@konferenztechnik.de\" onclick=\"ga('send', 'event', 'Email-Klick', 'Kontakt Baur');\">\u66f8\u304f<\/a><br \/>\n<\/span><\/div>\n<div class=\"box2-4-2\" style=\"order:1;\" >\n<div class=\"weiterlinks\">\n<ul>\n[\u30ea\u30b9\u30c8\u30a2\u30a4\u30b3\u30f3=\"moon-arrow-right-2\u2033\u30ab\u30e9\u30fc=\"#a62055\u2033]]\u3002<a title=\"\u88fd\u54c1\u30b0\u30eb\u30fc\u30d7\u5225\u5206\u5e03\" href=\"\/ja\/%e8%a3%bd%e5%93%81%e3%82%b0%e3%83%ab%e3%83%bc%e3%83%97\/\">\u88fd\u54c1\u30b0\u30eb\u30fc\u30d7\u5225\u5206\u5e03<\/a>[\u30ea\u30b9\u30c8\uff3d<br \/>\n[\u30ea\u30b9\u30c8\u30a2\u30a4\u30b3\u30f3=\"moon-arrow-right-2\u2033\u30ab\u30e9\u30fc=\"#a62055\u2033]]\u3002<a title=\"\u30e1\u30fc\u30ab\u30fc\u5225\u5206\u5e03\" href=\"\/ja\/%e3%83%a1%e3%83%bc%e3%82%ab%e3%83%bc\/\">\u30e1\u30fc\u30ab\u30fc\u5225\u5206\u5e03<\/a>[\u30ea\u30b9\u30c8\uff3d<br \/>\n[\u30ea\u30b9\u30c8\u30a2\u30a4\u30b3\u30f3=\"moon-arrow-right-2\u2033\u30ab\u30e9\u30fc=\"#a62055\u2033]]\u3002<a title=\"\u30ab\u30b9\u30bf\u30de\u30a4\u30ba\u88fd\u54c1\u3001\u30e1\u30f3\u30c6\u30ca\u30f3\u30b9\u3001\u4fee\u7406\" href=\"\/ja\/%e3%82%b5%e3%83%bc%e3%83%93%e3%82%b9-2\/%e3%83%a1%e3%83%b3%e3%83%86%e3%83%8a%e3%83%b3%e3%82%b9%e3%81%a8%e4%bf%ae%e7%90%86\/\">\u30ab\u30b9\u30bf\u30de\u30a4\u30ba\u88fd\u54c1\u3001\u30e1\u30f3\u30c6\u30ca\u30f3\u30b9\u3001\u4fee\u7406<\/a>[\u30ea\u30b9\u30c8\uff3d<br \/>\n[\u30ea\u30b9\u30c8\u30a2\u30a4\u30b3\u30f3=\"moon-arrow-right-2\u2033\u30ab\u30e9\u30fc=\"#a62055\u2033]]\u3002<a title=\"PCS\u304c\u5fc5\u8981\u306a10\u306e\u7406\u7531\" href=\"\/ja\/%e4%bc%9a%e7%a4%be%e6%a6%82%e8%a6%81-2\/pc%e3%82%92%e9%81%b8%e3%81%b610%e3%81%ae%e7%90%86%e7%94%b1\/\">PCS\u304c\u5fc5\u8981\u306a10\u306e\u7406\u7531<\/a>[\u30ea\u30b9\u30c8\uff3d<br \/>\n[\u30ea\u30b9\u30c8\u30a2\u30a4\u30b3\u30f3=\"moon-arrow-right-2\u2033\u30ab\u30e9\u30fc=\"#a62055\u2033]]\u3002<a title=\"\u53c2\u8003\u6587\u732e\" href=\"\/ja\/%e4%bc%9a%e7%a4%be%e6%a6%82%e8%a6%81-2\/%e3%83%aa%e3%83%95%e3%82%a1%e3%83%ac%e3%83%b3%e3%82%b9%e3%83%bb%e3%83%aa%e3%82%b9%e3%83%88\/\">\u53c2\u8003\u6587\u732e \u30a4\u30f3\u30b9\u30c8\u30fc\u30eb\u3068\u7d71\u5408<\/a>[\u30ea\u30b9\u30c8\uff3d<br \/>\n[\u30ea\u30b9\u30c8\u30a2\u30a4\u30b3\u30f3=\"moon-arrow-right-2\u2033\u30ab\u30e9\u30fc=\"#a62055\u2033]]\u3002<a title=\"PCS\uff1a\u5168\u30b5\u30fc\u30d3\u30b9\u4e00\u89a7\" href=\"\/ja\/%e3%82%b5%e3%83%bc%e3%83%93%e3%82%b9-2\/\">PCS\uff1a\u5168\u30b5\u30fc\u30d3\u30b9\u4e00\u89a7<\/a>[\u30ea\u30b9\u30c8\uff3d<\/ul>\n<\/div>\n<\/div>\n<\/div>\n<\/div>","protected":false},"excerpt":{"rendered":"<p>Sonderanfertigungen, Wartungen und Reparaturen [rev_slider sonderanfertigungen] [spacer size=&#8220;20&#8243;] Im After-Sales-Support stehen Ihnen f\u00fcr Wartungen und Reparaturen unser geschultes Personal und eine bestens ausgestattete Werkstatt zur Verf\u00fcgung. Hier entstehen auch Sonderl\u00f6sungen f\u00fcr Installationen und Vertrieb. Wir bieten ma\u00dfgeschneiderte, hochwertige, multimediale L\u00f6sungen, passend zu Ihren Vorstellungen, visuellen Vorgaben und Corporate-Design-Richtlinien, von uns ingenieurtechnisch geplant und fachm\u00e4nnisch umgesetzt. [callout add_button=&#8220;no&#8220; button_text=&#8220;Learn More&#8220; button_url=&#8220;#&#8220; button_color=&#8220;#a62055&#8243;] Sie brauchen eine Unterlegscheibe f\u00fcr Ihr Konferenzsystem von 1950 oder ein Mikrofon in Ihrer Firmenfarbe? Sprechen Sie mit unserer Abteilung f\u00fcr Sonderanfertigungen und Reparaturen. Hier sind selbst die au\u00dfergew\u00f6hnlichsten Anfragen Tagesgesch\u00e4ft. [\/callout] Ansprechpartner Weiterf\u00fchrende Links Service und Wartung Roland Baur Projektberater Tel. +49 211 737798 20 E-Mail schreiben E-Mail [&hellip;]<\/p>","protected":false},"author":1,"featured_media":45482,"parent":0,"menu_order":114,"comment_status":"closed","ping_status":"open","template":"","meta":{"_acf_changed":false,"footnotes":""},"class_list":["post-3611","page","type-page","status-publish","has-post-thumbnail","hentry"],"acf":[],"_links":{"self":[{"href":"https:\/\/konferenztechnik.de\/ja\/wp-json\/wp\/v2\/pages\/3611","targetHints":{"allow":["GET"]}}],"collection":[{"href":"https:\/\/konferenztechnik.de\/ja\/wp-json\/wp\/v2\/pages"}],"about":[{"href":"https:\/\/konferenztechnik.de\/ja\/wp-json\/wp\/v2\/types\/page"}],"author":[{"embeddable":true,"href":"https:\/\/konferenztechnik.de\/ja\/wp-json\/wp\/v2\/users\/1"}],"replies":[{"embeddable":true,"href":"https:\/\/konferenztechnik.de\/ja\/wp-json\/wp\/v2\/comments?post=3611"}],"version-history":[{"count":0,"href":"https:\/\/konferenztechnik.de\/ja\/wp-json\/wp\/v2\/pages\/3611\/revisions"}],"wp:featuredmedia":[{"embeddable":true,"href":"https:\/\/konferenztechnik.de\/ja\/wp-json\/wp\/v2\/media\/45482"}],"wp:attachment":[{"href":"https:\/\/konferenztechnik.de\/ja\/wp-json\/wp\/v2\/media?parent=3611"}],"curies":[{"name":"wp","href":"https:\/\/api.w.org\/{rel}","templated":true}]}}