{"id":3614,"date":"2013-10-24T14:38:24","date_gmt":"2013-10-24T12:38:24","guid":{"rendered":"https:\/\/konferenztechnik.de\/?page_id=3614"},"modified":"2023-09-01T13:24:14","modified_gmt":"2023-09-01T11:24:14","slug":"%e4%bc%9a%e8%ad%b0%e3%81%8a%e3%82%88%e3%81%b3av%e3%83%a1%e3%83%87%e3%82%a3%e3%82%a2%e6%8a%80%e8%a1%93%e3%81%ae%e9%85%8d%e5%b8%83","status":"publish","type":"page","link":"https:\/\/konferenztechnik.de\/ja\/%e4%bc%9a%e8%ad%b0%e3%81%8a%e3%82%88%e3%81%b3av%e3%83%a1%e3%83%87%e3%82%a3%e3%82%a2%e6%8a%80%e8%a1%93%e3%81%ae%e9%85%8d%e5%b8%83\/","title":{"rendered":"\u4f1a\u8b70\u304a\u3088\u3073AV\u30e1\u30c7\u30a3\u30a2\u6280\u8853\u306e\u914d\u5e03"},"content":{"rendered":"<h1>\u4f1a\u8b70\u304a\u3088\u3073AV\u30e1\u30c7\u30a3\u30a2\u6280\u8853\u306e\u914d\u5e03<\/h1>\n<p>[rev_slider\u30bb\u30fc\u30eb\u30b9]<\/p>\n<p>[spacer size=\"30\u2033]<\/p>\n<p>\u4f1a\u8b70\u30b7\u30b9\u30c6\u30e0\u3084\u30e1\u30c7\u30a3\u30a2\u30b7\u30b9\u30c6\u30e0\u3092\u304a\u63a2\u3057\u3067\u3059\u304b\uff1f\u5f53\u793e\u306f\u3001\u3053\u308c\u3089\u306e\u5206\u91ce\u3067\u6709\u540d\u306a\u5c02\u9580\u30e1\u30fc\u30ab\u30fc\u306e\u8ca9\u58f2\u30d1\u30fc\u30c8\u30ca\u30fc\u3067\u3059\u3002\u5927\u5c0f\u306eAV\u6280\u8853\u30b7\u30b9\u30c6\u30e0\u3060\u3051\u3067\u306a\u304f\u3001\u500b\u3005\u306e\u30b3\u30f3\u30dd\u30fc\u30cd\u30f3\u30c8\u3001\u30b9\u30da\u30a2\u30d1\u30fc\u30c4\u3001\u30a2\u30af\u30bb\u30b5\u30ea\u30fc\u3082\u304a\u6c42\u3081\u3044\u305f\u3060\u3051\u307e\u3059\u3002<\/p>\n<p>PCS\u306f\u696d\u52d9\u7528\u306e\u30d7\u30ed\u30d5\u30a7\u30c3\u30b7\u30e7\u30ca\u30eb\u306a\u6280\u8853\u3092\u3001\u30a2\u30c9\u30d0\u30a4\u30b9\u3084\u30a2\u30d5\u30bf\u30fc\u30b5\u30fc\u30d3\u30b9\u3092\u542b\u3081\u3001\u65e5\u3005\u66f4\u65b0\u3055\u308c\u308b\u6761\u4ef6\u3067\u8ca9\u58f2\u3057\u3066\u3044\u308b\u3002<\/p>\n<p>[column size=\"1-2\u2033 last=\"0\u2033\uff3d\u3002<br \/>\n[\u30b3\u30e9\u30e0\uff3d<\/p>\n<p>[spacer size=\"10\u2033]<\/p>\n<p>[column size=\"1-2\u2033 last=\"0\u2033\uff3d\u3002<br \/>\n<a href=\"\/ja\/%e4%bc%9a%e8%ad%b0%e3%81%8a%e3%82%88%e3%81%b3av%e3%83%a1%e3%83%87%e3%82%a3%e3%82%a2%e6%8a%80%e8%a1%93%e3%81%ae%e9%85%8d%e5%b8%83\/%e3%83%90%e3%83%8d%e3%83%a9%e3%83%a0i3\/\"><img fetchpriority=\"high\" decoding=\"async\" width=\"288\" height=\"198\" class=\"alignleft size-full wp-image-3748\" src=\"https:\/\/konferenztechnik.de\/wp-content\/uploads\/2013\/11\/01-i3.jpg\" alt=\"\u30f4\u30a1\u30cd\u30e9\u30e0i3\u30a4\u30f3\u30bf\u30e9\u30af\u30c6\u30a3\u30d6\u30fb\u30db\u30ef\u30a4\u30c8\u30dc\u30fc\u30c9\" title=\"\"><\/a><br \/>\n<a href=\"\/ja\/%e4%bc%9a%e8%ad%b0%e3%81%8a%e3%82%88%e3%81%b3av%e3%83%a1%e3%83%87%e3%82%a3%e3%82%a2%e6%8a%80%e8%a1%93%e3%81%ae%e9%85%8d%e5%b8%83\/%e3%83%90%e3%83%8d%e3%83%a9%e3%83%a0i3\/\"> \u77e5\u7684\u5b66\u7fd2\u3001\u30d7\u30ec\u30bc\u30f3\u30c6\u30fc\u30b7\u30e7\u30f3\u3001\u30b3\u30e9\u30dc\u30ec\u30fc\u30b7\u30e7\u30f3<\/a><br \/>\n\u30a4\u30f3\u30bf\u30e9\u30af\u30c6\u30a3\u30d6\u30fb\u30db\u30ef\u30a4\u30c8\u30dc\u30fc\u30c9\u3001\u30a4\u30f3\u30bf\u30e9\u30af\u30c6\u30a3\u30d6\u30fb\u30c7\u30a3\u30b9\u30d7\u30ec\u30a4\u3001\u30d7\u30ed\u30b8\u30a7\u30af\u30bf\u30fc<\/p>\n<p>[\u30b3\u30e9\u30e0\uff3d<\/p>\n<p>[column size=\"1-2\u2033 last=\"0\u2033\uff3d\u3002<br \/>\n<a href=\"\/ja\/%e4%bc%9a%e8%ad%b0%e3%81%8a%e3%82%88%e3%81%b3av%e3%83%a1%e3%83%87%e3%82%a3%e3%82%a2%e6%8a%80%e8%a1%93%e3%81%ae%e9%85%8d%e5%b8%83\/%e3%83%90%e3%83%ab%e3%82%b3%e3%83%bb%e3%82%af%e3%83%aa%e3%83%83%e3%82%af%e3%82%b7%e3%82%a7%e3%82%a2\/\"><img decoding=\"async\" width=\"288\" height=\"198\" class=\"alignnone size-full wp-image-3851\" src=\"https:\/\/konferenztechnik.de\/wp-content\/uploads\/2013\/11\/barco_clickshare_bei-pcs.jpg\" alt=\"\u30d0\u30eb\u30b3_\u30af\u30ea\u30c3\u30af\u30b7\u30a7\u30a2_\u30d0\u30a4PCS\" title=\"\"><\/a><br \/>\n<a href=\"\/ja\/%e4%bc%9a%e8%ad%b0%e3%81%8a%e3%82%88%e3%81%b3av%e3%83%a1%e3%83%87%e3%82%a3%e3%82%a2%e6%8a%80%e8%a1%93%e3%81%ae%e9%85%8d%e5%b8%83\/%e3%83%90%e3%83%ab%e3%82%b3%e3%83%bb%e3%82%af%e3%83%aa%e3%83%83%e3%82%af%e3%82%b7%e3%82%a7%e3%82%a2\/\"> \u30ef\u30a4\u30e4\u30ec\u30b9\u30d7\u30ec\u30bc\u30f3\u30c6\u30fc\u30b7\u30e7\u30f3\u30d0\u30eb\u30b3\u30af\u30ea\u30c3\u30af\u30b7\u30a7\u30a2<\/a><br \/>\n\u30ef\u30f3\u30af\u30ea\u30c3\u30af\u3067\u30b9\u30af\u30ea\u30fc\u30f3\u306b\u3002BarcoClickShare\u304c\u3059\u3079\u3066\u306e\u6280\u8853\u3092\u5f15\u304d\u53d7\u3051\u307e\u3059\u3002<br \/>\n[\u30b3\u30e9\u30e0\uff3d<\/p>\n<p>[column size=\"1-2\u2033 last=\"0\u2033\uff3d\u3002<br \/>\n<a href=\"\/ja\/%e4%bc%9a%e8%ad%b0%e3%81%8a%e3%82%88%e3%81%b3av%e3%83%a1%e3%83%87%e3%82%a3%e3%82%a2%e6%8a%80%e8%a1%93%e3%81%ae%e9%85%8d%e5%b8%83\/%e3%83%a1%e3%83%87%e3%82%a3%e3%82%a2%e3%82%b3%e3%83%b3%e3%83%88%e3%83%ad%e3%83%bc%e3%83%ab\/\"><img decoding=\"async\" width=\"288\" height=\"198\" class=\"alignleft size-full wp-image-3750\" src=\"https:\/\/konferenztechnik.de\/wp-content\/uploads\/2013\/11\/03-mediensteuerungen.jpg\" alt=\"PCS\u306e\u30e1\u30c7\u30a3\u30a2\u30b3\u30f3\u30c8\u30ed\u30fc\u30eb - Crestron\u3001AMX\u3001RTI\" title=\"\"><\/a><br \/>\n<a href=\"\/ja\/%e4%bc%9a%e8%ad%b0%e3%81%8a%e3%82%88%e3%81%b3av%e3%83%a1%e3%83%87%e3%82%a3%e3%82%a2%e6%8a%80%e8%a1%93%e3%81%ae%e9%85%8d%e5%b8%83\/%e3%83%a1%e3%83%87%e3%82%a3%e3%82%a2%e3%82%b3%e3%83%b3%e3%83%88%e3%83%ad%e3%83%bc%e3%83%ab\/\"> \u30e1\u30c7\u30a3\u30a2\u30fb\u30b3\u30f3\u30c8\u30ed\u30fc\u30eb<\/a><br \/>\n\u90e8\u5c4b\u3068\u5efa\u7269\u306e\u5236\u5fa1\u30b7\u30b9\u30c6\u30e0\u30d3\u30c7\u30aa\u3001\u30aa\u30fc\u30c7\u30a3\u30aa\u3001\u7167\u660e\u3001\u30d3\u30eb\u30c6\u30af\u30ce\u30ed\u30b8\u30fc\u306e\u5236\u5fa1<br \/>\n[\u30b3\u30e9\u30e0\uff3d<\/p>\n<p>[column size=\"1-2\u2033 last=\"0\u2033\uff3d\u3002<br \/>\n<a href=\"\/ja\/%e4%bc%9a%e8%ad%b0%e3%81%8a%e3%82%88%e3%81%b3av%e3%83%a1%e3%83%87%e3%82%a3%e3%82%a2%e6%8a%80%e8%a1%93%e3%81%ae%e9%85%8d%e5%b8%83\/%e8%a8%8e%e8%ab%96%e6%96%bd%e8%a8%ad\/\"><img loading=\"lazy\" decoding=\"async\" class=\"alignnone size-full wp-image-1287\" src=\"https:\/\/konferenztechnik.de\/wp-content\/uploads\/2013\/06\/quinta.jpg\" alt=\"\u30ad\u30f3\u30bf\" width=\"288\" height=\"198\" title=\"\"><\/a><br \/>\n<a href=\"\/ja\/%e4%bc%9a%e8%ad%b0%e3%81%8a%e3%82%88%e3%81%b3av%e3%83%a1%e3%83%87%e3%82%a3%e3%82%a2%e6%8a%80%e8%a1%93%e3%81%ae%e9%85%8d%e5%b8%83\/%e8%a8%8e%e8%ab%96%e6%96%bd%e8%a8%ad\/\"> \u8a0e\u8ad6\u65bd\u8a2d<\/a><br \/>\n\u30d7\u30ed\u4ed5\u69d8\u306e\u30b7\u30b9\u30c6\u30e0\u3092\u8cfc\u5165\uff1a\u6709\u7dda\u3068\u30ef\u30a4\u30e4\u30ec\u30b9\u3001\u512a\u308c\u305f\u30aa\u30fc\u30c7\u30a3\u30aa\u54c1\u8cea<br \/>\n[\u30b3\u30e9\u30e0\uff3d<\/p>\n<p>[column size=\"1-2\u2033 last=\"0\u2033\uff3d\u3002<br \/>\n<a href=\"\/ja\/%e4%bc%9a%e8%ad%b0%e3%81%8a%e3%82%88%e3%81%b3av%e3%83%a1%e3%83%87%e3%82%a3%e3%82%a2%e6%8a%80%e8%a1%93%e3%81%ae%e9%85%8d%e5%b8%83\/%e3%82%ac%e3%82%a4%e3%83%89%e3%82%b7%e3%82%b9%e3%83%86%e3%83%a0-2\/\"><img loading=\"lazy\" decoding=\"async\" class=\"alignnone size-full wp-image-3357\" src=\"https:\/\/konferenztechnik.de\/wp-content\/uploads\/2013\/06\/sennheiser.jpg\" alt=\"\u30bc\u30f3\u30cf\u30a4\u30b6\u30fc\" width=\"288\" height=\"198\" title=\"\"><\/a><br \/>\n<a href=\"\/ja\/%e4%bc%9a%e8%ad%b0%e3%81%8a%e3%82%88%e3%81%b3av%e3%83%a1%e3%83%87%e3%82%a3%e3%82%a2%e6%8a%80%e8%a1%93%e3%81%ae%e9%85%8d%e5%b8%83\/%e3%82%ac%e3%82%a4%e3%83%89%e3%82%b7%e3%82%b9%e3%83%86%e3%83%a0-2\/\"> \u30ac\u30a4\u30c9\u30b7\u30b9\u30c6\u30e0<\/a><br \/>\n\u9811\u4e08\u3067\u512a\u308c\u305f\u97f3\u8cea\u3001\u30d0\u30c3\u30c6\u30ea\u30fc\u5bff\u547d\u306e\u9577\u3044\u65b0\u578b\u30ea\u30c1\u30a6\u30e0\u30a4\u30aa\u30f3\u30d0\u30c3\u30c6\u30ea\u30fc<br \/>\n[\u30b3\u30e9\u30e0\uff3d<\/p>\n<p>[column size=\"1-2\u2033 last=\"0\u2033\uff3d\u3002<br \/>\n<a href=\"\/ja\/%e4%bc%9a%e8%ad%b0%e3%81%8a%e3%82%88%e3%81%b3av%e3%83%a1%e3%83%87%e3%82%a3%e3%82%a2%e6%8a%80%e8%a1%93%e3%81%ae%e9%85%8d%e5%b8%83\/%e9%80%9a%e8%a8%b3%e3%82%b7%e3%82%b9%e3%83%86%e3%83%a0-2\/\"><img loading=\"lazy\" decoding=\"async\" class=\"alignnone size-full wp-image-1287\" src=\"https:\/\/konferenztechnik.de\/wp-content\/uploads\/2013\/06\/dolmetscherkabine.jpg\" alt=\"\u901a\u8a33\u30d6\u30fc\u30b9\" width=\"288\" height=\"198\" title=\"\"><\/a><br \/>\n<a href=\"\/ja\/%e4%bc%9a%e8%ad%b0%e3%81%8a%e3%82%88%e3%81%b3av%e3%83%a1%e3%83%87%e3%82%a3%e3%82%a2%e6%8a%80%e8%a1%93%e3%81%ae%e9%85%8d%e5%b8%83\/%e9%80%9a%e8%a8%b3%e3%82%b7%e3%82%b9%e3%83%86%e3%83%a0-2\/\"> \u901a\u8a33\u30b7\u30b9\u30c6\u30e0<\/a><br \/>\n\u30b9\u30d4\u30fc\u30ab\u30fc\u30fb\u901a\u8a33\u30d6\u30fc\u30b9\u3001\u901a\u8a33\u30c7\u30b9\u30af\u3001\u8d64\u5916\u7dda\u901a\u8a33\u6280\u8853\u3001\u7121\u7dda\u901a\u8a33\u6280\u8853<\/p>\n<p>[\u30b3\u30e9\u30e0\uff3d<\/p>\n<p>[column size=\"1-2\u2033 last=\"0\u2033\uff3d\u3002<br \/>\n<a href=\"\/ja\/%e4%bc%9a%e8%ad%b0%e3%81%8a%e3%82%88%e3%81%b3av%e3%83%a1%e3%83%87%e3%82%a3%e3%82%a2%e6%8a%80%e8%a1%93%e3%81%ae%e9%85%8d%e5%b8%83\/%e3%83%87%e3%82%a3%e3%82%b9%e3%83%97%e3%83%ac%e3%82%a4%e3%83%bb%e3%83%97%e3%83%ad%e3%82%b8%e3%82%a7%e3%82%af%e3%82%bf%e3%83%bc%e7%94%a8%e3%83%9e%e3%82%a6%e3%83%b3%e3%83%88\/\"><img loading=\"lazy\" decoding=\"async\" class=\"alignleft size-full wp-image-3751\" src=\"https:\/\/konferenztechnik.de\/wp-content\/uploads\/2013\/11\/07-projektorenhalterungen.jpg\" alt=\"\u30d7\u30ed\u30b8\u30a7\u30af\u30bf\u30fc\u304a\u3088\u3073\u30d3\u30fc\u30e0\u7528\u30de\u30a6\u30f3\u30c8\" width=\"288\" height=\"198\" title=\"\"><\/a><br \/>\n<a href=\"\/ja\/%e4%bc%9a%e8%ad%b0%e3%81%8a%e3%82%88%e3%81%b3av%e3%83%a1%e3%83%87%e3%82%a3%e3%82%a2%e6%8a%80%e8%a1%93%e3%81%ae%e9%85%8d%e5%b8%83\/%e3%83%87%e3%82%a3%e3%82%b9%e3%83%97%e3%83%ac%e3%82%a4%e3%83%bb%e3%83%97%e3%83%ad%e3%82%b8%e3%82%a7%e3%82%af%e3%82%bf%e3%83%bc%e7%94%a8%e3%83%9e%e3%82%a6%e3%83%b3%e3%83%88\/\"> \u30c7\u30a3\u30b9\u30d7\u30ec\u30a4\u30fb\u30d7\u30ed\u30b8\u30a7\u30af\u30bf\u30fc\u7528\u30de\u30a6\u30f3\u30c8<\/a><\/p>\n<p>\u30b7\u30fc\u30ea\u30f3\u30b0\u30de\u30a6\u30f3\u30c8\u3001\u30b9\u30af\u30ea\u30fc\u30f3\u30b9\u30bf\u30f3\u30c9\u3001\u30d7\u30ed\u30b8\u30a7\u30af\u30bf\u30fc\u3068\u30b9\u30af\u30ea\u30fc\u30f3\u306e\u8a2d\u7f6e\u30b7\u30b9\u30c6\u30e0\u3001\u30d7\u30ed\u30b8\u30a7\u30af\u30bf\u30fc\u30ea\u30ae\u30f3\u30b0\u3001\u906e\u97f3\u6750\u3001\u30cf\u30a6\u30b8\u30f3\u30b0<br \/>\n[\u30b3\u30e9\u30e0\uff3d<\/p>\n<p>[column size=\"1-2\u2033 last=\"0\u2033\uff3d\u3002<br \/>\n<a href=\"\/ja\/%e4%bc%9a%e8%ad%b0%e3%81%8a%e3%82%88%e3%81%b3av%e3%83%a1%e3%83%87%e3%82%a3%e3%82%a2%e6%8a%80%e8%a1%93%e3%81%ae%e9%85%8d%e5%b8%83\/%e3%82%aa%e3%83%bc%e3%83%87%e3%82%a3%e3%82%aa%e3%83%bb%e3%83%93%e3%83%87%e3%82%aa%e6%8a%80%e8%a1%93\/\"><img loading=\"lazy\" decoding=\"async\" class=\"alignleft size-full wp-image-3752\" src=\"https:\/\/konferenztechnik.de\/wp-content\/uploads\/2013\/11\/08-funklautsprecher.jpg\" alt=\"\u30bc\u30f3\u30cf\u30a4\u30b6\u30fcLSP 500 PRO\u30ef\u30a4\u30e4\u30ec\u30b9\u30fb\u30e9\u30a6\u30c9\u30b9\u30d4\u30fc\u30ab\u30fc\" width=\"288\" height=\"198\" title=\"\"><\/a><br \/>\n<a href=\"\/ja\/%e4%bc%9a%e8%ad%b0%e3%81%8a%e3%82%88%e3%81%b3av%e3%83%a1%e3%83%87%e3%82%a3%e3%82%a2%e6%8a%80%e8%a1%93%e3%81%ae%e9%85%8d%e5%b8%83\/%e3%82%aa%e3%83%bc%e3%83%87%e3%82%a3%e3%82%aa%e3%83%bb%e3%83%93%e3%83%87%e3%82%aa%e6%8a%80%e8%a1%93\/\"> \u30aa\u30fc\u30c7\u30a3\u30aa\u6280\u8853\u3001\u30d3\u30c7\u30aa\u6280\u8853<\/a><br \/>\n\u30d1\u30d6\u30ea\u30c3\u30af\u30fb\u30a2\u30c9\u30ec\u30b9\u30fb\u30b7\u30b9\u30c6\u30e0\u3001\u30de\u30a4\u30af\u3001\u30df\u30ad\u30b7\u30f3\u30b0\u30fb\u30b3\u30f3\u30bd\u30fc\u30eb\u3001\u30d3\u30c7\u30aa\u30fb\u30d7\u30ed\u30b8\u30a7\u30af\u30bf\u30fc\u3001\u30c7\u30a3\u30b9\u30d7\u30ec\u30a4\u3001\u30b9\u30af\u30ea\u30fc\u30f3\u3001\u30d3\u30b8\u30e5\u30a2\u30e9\u30a4\u30b6\u30fc\u3001\u30d7\u30ed\u30b8\u30a7\u30af\u30b7\u30e7\u30f3\u30fb\u30b9\u30af\u30ea\u30fc\u30f3\u3001\u30c7\u30b8\u30bf\u30eb\u30fb\u30b5\u30a4\u30cd\u30fc\u30b8<br \/>\n[\u30b3\u30e9\u30e0\uff3d<\/p>\n<p>[column size=\"1-2\u2033 last=\"0\u2033\uff3d\u3002<br \/>\n<a href=\"\/ja\/%e4%bc%9a%e8%ad%b0%e3%81%8a%e3%82%88%e3%81%b3av%e3%83%a1%e3%83%87%e3%82%a3%e3%82%a2%e6%8a%80%e8%a1%93%e3%81%ae%e9%85%8d%e5%b8%83\/%e3%83%96%e3%82%a4%e3%83%97%e3%83%aa%e3%83%8d%e3%83%83%e3%83%88\/\"><img loading=\"lazy\" decoding=\"async\" class=\"alignleft size-full wp-image-3753\" src=\"https:\/\/konferenztechnik.de\/wp-content\/uploads\/2013\/11\/09-viprinetb.jpg\" alt=\"Viprinet\u30de\u30eb\u30c1\u30c1\u30e3\u30f3\u30cd\u30ebVPN\u30eb\u30fc\u30bf\u30fc300\" width=\"288\" height=\"198\" title=\"\"><\/a><br \/>\n<a href=\"\/ja\/%e4%bc%9a%e8%ad%b0%e3%81%8a%e3%82%88%e3%81%b3av%e3%83%a1%e3%83%87%e3%82%a3%e3%82%a2%e6%8a%80%e8%a1%93%e3%81%ae%e9%85%8d%e5%b8%83\/%e3%83%96%e3%82%a4%e3%83%97%e3%83%aa%e3%83%8d%e3%83%83%e3%83%88\/\"> \u30d3\u30c7\u30aa\u4f1a\u8b70\u30b7\u30b9\u30c6\u30e0\u3001\u30d3\u30c7\u30aa\u9060\u9694\u901a\u8a33<\/a><br \/>\nViprinet Multichannel VPN Router 300\uff1a\u30a4\u30f3\u30bf\u30fc\u30cd\u30c3\u30c8\u3084\u4f01\u696dVPN\u3078\u306e\u30d6\u30ed\u30fc\u30c9\u30d0\u30f3\u30c9\u3067\u30d5\u30a7\u30a4\u30eb\u30bb\u30fc\u30d5\u306a\u63a5\u7d9a\u304c\u53ef\u80fd\u3067\u3059\u3002<br \/>\n[\u30b3\u30e9\u30e0\uff3d<\/p>\n<p>[spacer size=\"10\u2033]<\/p>\n<p>\u79c1\u305f\u3061\u306f\u30e1\u30fc\u30ab\u30fc\u306b\u4f9d\u5b58\u3057\u306a\u3044\u30a2\u30c9\u30d0\u30a4\u30b9\u3092\u63d0\u4f9b\u3057\u3001\u304a\u5ba2\u69d8\u306e\u30cb\u30fc\u30ba\u306b\u5408\u308f\u305b\u305f\u30b7\u30b9\u30c6\u30e0\u3092\u559c\u3093\u3067\u7d44\u307f\u7acb\u3066\u307e\u3059\u3002<\/p>\n<div class=\"boxcontainer\">\n<div class=\"box1-2\">\n<h1>\u62c5\u5f53\u8005<\/h1>\n<\/div>\n<div class=\"box1-2-order\">\n<h1>\u305d\u306e\u4ed6\u306e\u30ea\u30f3\u30af<\/h1>\n<\/div>\n<div class=\"box1-4\">\n<div class=\"box-head\">\u30b7\u30b9\u30c6\u30e0\u7d71\u5408<\/div>\n<p><img loading=\"lazy\" decoding=\"async\" width=\"800\" height=\"533\" src=\"https:\/\/konferenztechnik.de\/wp-content\/uploads\/2013\/08\/pcs-gmbh-andreas-bagattini.jpg\" alt=\"PCS GmbH \u30a2\u30f3\u30c9\u30ec\u30a2\u30b9\u30fb\u30d0\u30ac\u30c3\u30c6\u30a3\u30fc\u30cb\" class=\"alignleft size-full wp-image-6340\" title=\"\" srcset=\"https:\/\/konferenztechnik.de\/wp-content\/uploads\/2013\/08\/pcs-gmbh-andreas-bagattini.jpg 800w, https:\/\/konferenztechnik.de\/wp-content\/uploads\/2013\/08\/pcs-gmbh-andreas-bagattini-300x200.jpg 300w, https:\/\/konferenztechnik.de\/wp-content\/uploads\/2013\/08\/pcs-gmbh-andreas-bagattini-768x512.jpg 768w\" sizes=\"(max-width: 800px) 100vw, 800px\" \/><br \/>\n\u30a2\u30f3\u30c9\u30ec\u30a2\u30b9\u30fb\u30d0\u30ac\u30c3\u30c6\u30a3\u30fc\u30cb<br \/>\n\u30d7\u30ed\u30b8\u30a7\u30af\u30c8\u7ba1\u7406<br \/>\n\u96fb\u8a71 +49 211 737798 21<br \/>\n\u96fb\u5b50\u30e1\u30fc\u30eb <a href=\"mailto:vertrieb@konferenztechnik.de\">\u66f8\u304f<\/a><br \/>\nQR\u30b3\u30fc\u30c9 <a href=\"https:\/\/konferenztechnik.de\/wp-content\/uploads\/2013\/08\/qrcode-andreas-bagattini.jpeg\">&#x9B; show<\/a><\/div>\n<div class=\"box1-4\">\n<div class=\"box-head\">\u30b3\u30f3\u30b5\u30eb\u30bf\u30f3\u30c8\u304a\u3088\u3073\u30bb\u30fc\u30eb\u30b9<\/div>\n<p><img loading=\"lazy\" decoding=\"async\" width=\"800\" height=\"533\" src=\"https:\/\/konferenztechnik.de\/wp-content\/uploads\/2013\/09\/jens_timmermann_pcs-gmbh.jpg\" alt=\"JENS_TIMMERMAN_PCS-GMBH\" class=\"alignleft size-full wp-image-2307\" title=\"\" srcset=\"https:\/\/konferenztechnik.de\/wp-content\/uploads\/2013\/09\/jens_timmermann_pcs-gmbh.jpg 800w, https:\/\/konferenztechnik.de\/wp-content\/uploads\/2013\/09\/jens_timmermann_pcs-gmbh-300x200.jpg 300w, https:\/\/konferenztechnik.de\/wp-content\/uploads\/2013\/09\/jens_timmermann_pcs-gmbh-768x512.jpg 768w\" sizes=\"(max-width: 800px) 100vw, 800px\" \/><br \/>\n\u30a4\u30a7\u30f3\u30b9\u30fb\u30c6\u30a3\u30e1\u30eb\u30de\u30f3<br \/>\n\u30d7\u30ed\u30b8\u30a7\u30af\u30c8\u30fb\u30b3\u30f3\u30b5\u30eb\u30bf\u30f3\u30c8<br \/>\n\u96fb\u8a71 +49 211 737798 20<br \/>\n\u96fb\u5b50\u30e1\u30fc\u30eb <a href=\"mailto:timmermann@konferenztechnik.de\">\u66f8\u304f<\/a><br \/>\nQR\u30b3\u30fc\u30c9 <a href=\"https:\/\/konferenztechnik.de\/wp-content\/uploads\/2013\/09\/jens_timmermann_qrcode.png\">&#x9B; show<\/a><\/div>\n<div class=\"box2-4-2\" style=\"order:1;\" >\n<div class=\"weiterlinks\">\n<ul>\n[\u30ea\u30b9\u30c8\u30a2\u30a4\u30b3\u30f3=\"moon-arrow-right-2\u2033\u30ab\u30e9\u30fc=\"#a62055\u2033]]\u3002<a title=\"\u88fd\u54c1\u30b0\u30eb\u30fc\u30d7\u5225\u5206\u5e03\" href=\"\/ja\/%e8%a3%bd%e5%93%81%e3%82%b0%e3%83%ab%e3%83%bc%e3%83%97\/\">\u88fd\u54c1\u30b0\u30eb\u30fc\u30d7\u5225\u5206\u5e03<\/a>[\u30ea\u30b9\u30c8\uff3d<br \/>\n[\u30ea\u30b9\u30c8\u30a2\u30a4\u30b3\u30f3=\"moon-arrow-right-2\u2033\u30ab\u30e9\u30fc=\"#a62055\u2033]]\u3002<a title=\"\u30e1\u30fc\u30ab\u30fc\u5225\u5206\u5e03\" href=\"\/ja\/%e3%83%a1%e3%83%bc%e3%82%ab%e3%83%bc\/\">\u30e1\u30fc\u30ab\u30fc\u5225\u5206\u5e03<\/a>[\u30ea\u30b9\u30c8\uff3d<br \/>\n[\u30ea\u30b9\u30c8\u30a2\u30a4\u30b3\u30f3=\"moon-arrow-right-2\u2033\u30ab\u30e9\u30fc=\"#a62055\u2033]]\u3002<a title=\"\u30ab\u30b9\u30bf\u30de\u30a4\u30ba\u88fd\u54c1\u3001\u30e1\u30f3\u30c6\u30ca\u30f3\u30b9\u3001\u4fee\u7406\" href=\"\/ja\/%e3%82%b5%e3%83%bc%e3%83%93%e3%82%b9-2\/%e3%83%a1%e3%83%b3%e3%83%86%e3%83%8a%e3%83%b3%e3%82%b9%e3%81%a8%e4%bf%ae%e7%90%86\/\">\u30ab\u30b9\u30bf\u30de\u30a4\u30ba\u88fd\u54c1\u3001\u30e1\u30f3\u30c6\u30ca\u30f3\u30b9\u3001\u4fee\u7406<\/a>[\u30ea\u30b9\u30c8\uff3d<br \/>\n[\u30ea\u30b9\u30c8\u30a2\u30a4\u30b3\u30f3=\"moon-arrow-right-2\u2033\u30ab\u30e9\u30fc=\"#a62055\u2033]]\u3002<a title=\"PCS\u304c\u5fc5\u8981\u306a10\u306e\u7406\u7531\" href=\"\/ja\/%e4%bc%9a%e7%a4%be%e6%a6%82%e8%a6%81-2\/pc%e3%82%92%e9%81%b8%e3%81%b610%e3%81%ae%e7%90%86%e7%94%b1\/\">PCS\u304c\u5fc5\u8981\u306a10\u306e\u7406\u7531<\/a>[\u30ea\u30b9\u30c8\uff3d<br \/>\n[\u30ea\u30b9\u30c8\u30a2\u30a4\u30b3\u30f3=\"moon-arrow-right-2\u2033\u30ab\u30e9\u30fc=\"#a62055\u2033]]\u3002<a title=\"\u53c2\u8003\u6587\u732e\" href=\"\/ja\/%e4%bc%9a%e7%a4%be%e6%a6%82%e8%a6%81-2\/%e3%83%aa%e3%83%95%e3%82%a1%e3%83%ac%e3%83%b3%e3%82%b9%e3%83%bb%e3%83%aa%e3%82%b9%e3%83%88\/\">\u53c2\u8003\u6587\u732e \u30a4\u30f3\u30b9\u30c8\u30fc\u30eb\u3068\u7d71\u5408<\/a>[\u30ea\u30b9\u30c8\uff3d<br \/>\n[\u30ea\u30b9\u30c8\u30a2\u30a4\u30b3\u30f3=\"moon-arrow-right-2\u2033\u30ab\u30e9\u30fc=\"#a62055\u2033]]\u3002<a title=\"PCS\uff1a\u5168\u30b5\u30fc\u30d3\u30b9\u4e00\u89a7\" href=\"\/ja\/%e3%82%b5%e3%83%bc%e3%83%93%e3%82%b9-2\/\">PCS\uff1a\u5168\u30b5\u30fc\u30d3\u30b9\u4e00\u89a7<\/a>[\u30ea\u30b9\u30c8\uff3d<\/ul>\n<\/div>\n<\/div>\n<\/div>\n<\/div>","protected":false},"excerpt":{"rendered":"<p>Vertrieb von Konferenz- und AV-Medientechnik [rev_slider vertrieb] [spacer size=&#8220;30&#8243;] Sie suchen Konferenz- und Mediensysteme oder ben\u00f6tigen Audio- oder Videotechnik? Wir sind Vertriebspartner der namhaften professionellen Hersteller in diesen Bereichen. Kleine und gro\u00dfe Systeme der AV-Technik k\u00f6nnen Sie bei uns genauso beziehen, wie einzelne Komponenten, Ersatzteile und Zubeh\u00f6r. PCS vertreibt f\u00fcr die gewerbliche Nutzung professionelle Technik zu tagesaktuellen Konditionen, inklusive Beratung und After-Sales-Service. [column size=&#8220;1-3&#8243; last=&#8220;1&#8243;] [\/column] [spacer size=&#8220;10&#8243;] [column size=&#8220;1-3&#8243; last=&#8220;0&#8243;] Intelligentes Lernen, Pr\u00e4sentieren, Zusammenarbeiten Interaktive Whiteboards, interaktive Displays und Projektoren [\/column] [column size=&#8220;1-3&#8243; last=&#8220;0&#8243;] Kabelloses Pr\u00e4sentieren: BarcoClickShare Ein Klick und Sie sind auf dem Screen. BarcoClickShare k\u00fcmmert sich um die ganze Technik. [\/column] [column size=&#8220;1-3&#8243; last=&#8220;1&#8243;] Mediensteuerungen Raum- und [&hellip;]<\/p>","protected":false},"author":1,"featured_media":45482,"parent":0,"menu_order":113,"comment_status":"closed","ping_status":"open","template":"","meta":{"_acf_changed":false,"footnotes":""},"class_list":["post-3614","page","type-page","status-publish","has-post-thumbnail","hentry"],"acf":[],"_links":{"self":[{"href":"https:\/\/konferenztechnik.de\/ja\/wp-json\/wp\/v2\/pages\/3614","targetHints":{"allow":["GET"]}}],"collection":[{"href":"https:\/\/konferenztechnik.de\/ja\/wp-json\/wp\/v2\/pages"}],"about":[{"href":"https:\/\/konferenztechnik.de\/ja\/wp-json\/wp\/v2\/types\/page"}],"author":[{"embeddable":true,"href":"https:\/\/konferenztechnik.de\/ja\/wp-json\/wp\/v2\/users\/1"}],"replies":[{"embeddable":true,"href":"https:\/\/konferenztechnik.de\/ja\/wp-json\/wp\/v2\/comments?post=3614"}],"version-history":[{"count":0,"href":"https:\/\/konferenztechnik.de\/ja\/wp-json\/wp\/v2\/pages\/3614\/revisions"}],"wp:featuredmedia":[{"embeddable":true,"href":"https:\/\/konferenztechnik.de\/ja\/wp-json\/wp\/v2\/media\/45482"}],"wp:attachment":[{"href":"https:\/\/konferenztechnik.de\/ja\/wp-json\/wp\/v2\/media?parent=3614"}],"curies":[{"name":"wp","href":"https:\/\/api.w.org\/{rel}","templated":true}]}}