{"id":3625,"date":"2013-10-24T14:54:33","date_gmt":"2013-10-24T12:54:33","guid":{"rendered":"https:\/\/konferenztechnik.de\/?page_id=3625"},"modified":"2023-09-01T11:27:41","modified_gmt":"2023-09-01T09:27:41","slug":"%e4%bc%9a%e8%ad%b0%e6%8a%80%e8%a1%93%e3%81%8a%e3%82%88%e3%81%b3%e3%83%a1%e3%83%87%e3%82%a3%e3%82%a2%e3%83%bb%e3%82%b7%e3%82%b9%e3%83%86%e3%83%a0%e3%81%ae%e8%a8%ad%e7%bd%ae%e3%81%a8%e7%b5%b1%e5%90%88","status":"publish","type":"page","link":"https:\/\/konferenztechnik.de\/ja\/%e4%bc%9a%e8%ad%b0%e6%8a%80%e8%a1%93%e3%81%8a%e3%82%88%e3%81%b3%e3%83%a1%e3%83%87%e3%82%a3%e3%82%a2%e3%83%bb%e3%82%b7%e3%82%b9%e3%83%86%e3%83%a0%e3%81%ae%e8%a8%ad%e7%bd%ae%e3%81%a8%e7%b5%b1%e5%90%88\/","title":{"rendered":"\u4f1a\u8b70\u30c6\u30af\u30ce\u30ed\u30b8\u30fc\u3068\u30e1\u30c7\u30a3\u30a2\u30fb\u30b7\u30b9\u30c6\u30e0\u306e\u5c0e\u5165\u3068\u7d71\u5408"},"content":{"rendered":"<h1>\u4f1a\u8b70\u30c6\u30af\u30ce\u30ed\u30b8\u30fc\u3068\u30e1\u30c7\u30a3\u30a2\u30fb\u30b7\u30b9\u30c6\u30e0\u306e\u5c0e\u5165\u3068\u7d71\u5408<\/h1>\n<p>[rev_slider\u30a4\u30f3\u30b9\u30c8\u30fc\u30eb]\u3002<\/p>\n<p>[spacer size=\"20\u2033]<\/p>\n<p>PCS\u306f\u3001\u4f1a\u8b70\u5ba4\u3001\u30b3\u30df\u30e5\u30cb\u30c6\u30a3\u30db\u30fc\u30eb\u3001\u6cd5\u5ef7\u30db\u30fc\u30eb\u3001\u4f1a\u8b70\u30db\u30fc\u30eb\u3001\u672c\u793e\u3001\u30b7\u30e7\u30fc\u30eb\u30fc\u30e0\u3001\u7f8e\u8853\u9928\u3001\u5c55\u793a\u4f1a\u3001\u5236\u5fa1\u5ba4\u3001\u8b1b\u7fa9\u5ba4\u3001\u5b66\u6821\u3001\u30b7\u30e7\u30fc\u30b9\u30c6\u30fc\u30b8\u3001\u5287\u5834\u3001\u30db\u30c6\u30eb\u3001\u30d3\u30c7\u30aa\u4f1a\u8b70\u30b9\u30bf\u30b8\u30aa\u3001\u30b9\u30de\u30fc\u30c8\u30db\u30fc\u30e0\u306a\u3069\u306e\u30e1\u30c7\u30a3\u30a2\u8a2d\u7f6e\u3092\u5b9f\u73fe\u3057\u307e\u3059\u3002<\/p>\n<p>[spacer size=\"20\u2033]<\/p>\n<p>[column size=\"1-2\u2033 last=\"0\u2033\uff3d\u3002<\/p>\n<p>\u79c1\u305f\u3061\u306f\u3001\u9ad8\u54c1\u8cea\u3067\u6a5f\u80fd\u7684\u306b\u4fe1\u983c\u3067\u304d\u308b\u4f1d\u9001\u3001\u7f8e\u7684\u3067\u500b\u6027\u7684\u306a\u8a2d\u5099\u3001\u30e1\u30c7\u30a3\u30a2\u5236\u5fa1\u3001\u30a4\u30f3\u30c6\u30ea\u30b8\u30a7\u30f3\u30c8\u306a\u7701\u30a8\u30cd\u30b7\u30b9\u30c6\u30e0\u3092\u5c02\u9580\u3068\u3057\u3066\u3044\u307e\u3059\u3002<\/p>\n<p>\u6709\u7dda\u3001\u7121\u7dda\u3001\u30bf\u30c3\u30d7\u9632\u6b62\u30bd\u30ea\u30e5\u30fc\u30b7\u30e7\u30f3\u3092\u63d0\u4f9b\u3057\u3001\u8a08\u753b\u304b\u3089\u5efa\u8a2d\u3001\u30b5\u30dd\u30fc\u30c8\u3001\u30e1\u30f3\u30c6\u30ca\u30f3\u30b9\u307e\u3067\u3001\u2013\u30d7\u30ed\u30b8\u30a7\u30af\u30c8\u306e\u3059\u3079\u3066\u306e\u30d5\u30a7\u30fc\u30ba\u3067\u304a\u5ba2\u69d8\u3092\u30b5\u30dd\u30fc\u30c8\u3057\u307e\u3059\u3002<\/p>\n<p>\u5efa\u7bc9\u6280\u8853\u3084\u30b7\u30b9\u30c6\u30e0\u30d0\u30b9\u3092\u53d6\u308a\u5165\u308c\u3001EIB\u3001DALI\u3001LON\u3001\u305d\u306e\u4ed6\u306e\u30b7\u30b9\u30c6\u30e0\u306b\u57fa\u3065\u304f\u5c06\u6765\u3092\u898b\u636e\u3048\u305f\u6280\u8853\u3092\u7d71\u5408\u3057\u3066\u3044\u307e\u3059\u3002\u30cd\u30c3\u30c8\u30ef\u30fc\u30af\u5bfe\u5fdc\u3067\u901a\u4fe1\u53ef\u80fd\u306aAV\u3001\u30b3\u30f3\u30d4\u30e5\u30fc\u30bf\u30fc\u3001\u4f4f\u5b85\u3001\u30d3\u30eb\u30c7\u30a3\u30f3\u30b0\u6280\u8853\u3092\u63d0\u4f9b\u3057\u3001\u7701\u30a8\u30cd\u30eb\u30ae\u30fc\u3068\u9577\u5bff\u547d\u3092\u5b9f\u73fe\u3057\u307e\u3059\u3002<\/p>\n<p>[button link=\"#kontakt\" target=\"self\" color=\"#a62055\u2033 text=\"light\"]\u4eca\u3059\u3050\u554f\u3044\u5408\u308f\u305b\u308b[\/button]\u3002<\/p>\n<p>[\u30b3\u30e9\u30e0\uff3d<\/p>\n<p>[column size=\"1-2\u2033 last=\"1\u2033\uff3d\u3002<\/p>\n<p><img decoding=\"async\" src=\"https:\/\/konferenztechnik.de\/wp-content\/uploads\/2016\/07\/start.jpg\" alt=\"\" title=\"\"><\/p>\n<p>[\u30b3\u30e9\u30e0\uff3d<\/p>\n<p>[spacer size=\"30\u2033]<\/p>\n<hr>\n<p>[spacer size=\"20\u2033]<\/p>\n<p>[\u30af\u30ea\u30a2\uff3d<\/p>\n<p>\u307e\u305f\u3001\u30ab\u30b9\u30bf\u30de\u30a4\u30ba\u30fb\u30bd\u30ea\u30e5\u30fc\u30b7\u30e7\u30f3\u3001\u6700\u5148\u7aef\u306e\u30e1\u30c7\u30a3\u30a2\u30fb\u30a4\u30f3\u30c6\u30b0\u30ec\u30fc\u30b7\u30e7\u30f3\u3001\u30c7\u30b8\u30bf\u30eb\u30fb\u30b5\u30a4\u30cd\u30fc\u30b8\u3001\u7d71\u5408\u30d3\u30c7\u30aa\u4f1a\u8b70\u30bd\u30ea\u30e5\u30fc\u30b7\u30e7\u30f3\u306a\u3069\u306e\u30b5\u30fc\u30d3\u30b9\u3082\u63d0\u4f9b\u3057\u3066\u3044\u307e\u3059\u3002<\/p>\n<p>PCS\u306f\u3001\u5c06\u6765\u3092\u898b\u636e\u3048\u305f\u6280\u8853\u7d71\u5408\u3068\u3001\u6700\u9ad8\u30ec\u30d9\u30eb\u306e\u30d7\u30e9\u30f3\u30cb\u30f3\u30b0\u306b\u3088\u308b\u5c06\u6765\u6027\u306e\u3042\u308b\u6280\u8853\u3092\u610f\u5473\u3057\u3066\u3044\u308b\u3002<\/p>\n<p><img fetchpriority=\"high\" decoding=\"async\" src=\"https:\/\/konferenztechnik.de\/wp-content\/uploads\/2013\/10\/installation-pcs.jpg\" alt=\"\u53d6\u308a\u4ed8\u3051--\u500b\u6570\" width=\"1198\" height=\"748\" class=\"alignleft size-full wp-image-7065\" title=\"\" srcset=\"https:\/\/konferenztechnik.de\/wp-content\/uploads\/2013\/10\/installation-pcs.jpg 1198w, https:\/\/konferenztechnik.de\/wp-content\/uploads\/2013\/10\/installation-pcs-300x187.jpg 300w, https:\/\/konferenztechnik.de\/wp-content\/uploads\/2013\/10\/installation-pcs-1024x639.jpg 1024w, https:\/\/konferenztechnik.de\/wp-content\/uploads\/2013\/10\/installation-pcs-768x480.jpg 768w\" sizes=\"(max-width: 1198px) 100vw, 1198px\" \/><\/p>\n<p>[spacer size=\"30\u2033]<\/p>\n<hr>\n<p>[spacer size=\"20\u2033]<\/p>\n<div class=\"box1-2-order\">\n<h1>PCS\u4f1a\u8b70\u5ba4\u30d0\u30f3\u30c9\u30eb\u3068\u4f1a\u8b70\u5ba4\u30a2\u30c3\u30d7\u30b0\u30ec\u30fc\u30c9<\/h1>\n<p>\u4e00\u822c\u7684\u306a\u30d3\u30c7\u30aa\u4f1a\u8b70\u30bd\u30d5\u30c8\u30a6\u30a7\u30a2\u306e\u7d44\u307f\u8fbc\u307f\u3092\u542b\u3081\u3001\u30e2\u30c0\u30f3\u3067\u9ad8\u54c1\u8cea\u306a\u4f1a\u8b70\u5ba4\u3092\u7c21\u5358\u306b\u5b9f\u73fe\u3057\u307e\u3059\u3002\u307e\u305f\u3001\u65e2\u5b58\u306e\u4f1a\u8b70\u5ba4\u306e\u30a2\u30c3\u30d7\u30b0\u30ec\u30fc\u30c9\u3082\u627f\u308a\u307e\u3059\u3002\u4f1a\u8b70\u3001\u30df\u30fc\u30c6\u30a3\u30f3\u30b0\u3001\u30a4\u30d9\u30f3\u30c8\u306b\u30d3\u30c7\u30aa\u4f1a\u8b70\u3084\u5916\u90e8\u53c2\u52a0\u8005\u3092\u7c21\u5358\u306b\u7d44\u307f\u8fbc\u3080\u3053\u3068\u304c\u3067\u304d\u307e\u3059\u3002<\/p>\n<\/div>\n<p>[column size=\"1-2\u2033 last=\"0\u2033\uff3d\u3002<br \/>\n<a href=\"https:\/\/konferenztechnik.de\/ja\/%e3%83%8f%e3%82%a4%e3%83%96%e3%83%aa%e3%83%83%e3%83%89%e4%bc%9a%e8%ad%b0%e5%ae%a4%e7%94%a8pcs%e4%bc%9a%e8%ad%b0%e5%ae%a4%e3%83%90%e3%83%b3%e3%83%89%e3%83%ab\/\" class=\"pcs-color\"><\/p>\n<h3><strong>\u4f1a\u8b70\u5ba4\u30d0\u30f3\u30c9\u30eb<\/strong><\/h3>\n<p><img decoding=\"async\" src=\"https:\/\/konferenztechnik.de\/wp-content\/uploads\/2021\/06\/1-pcs-raumbundles-konferenzraum-bundles.jpg\" alt=\"\" width=\"1200\" height=\"451\" class=\"alignleft size-full wp-image-18001\" title=\"\" srcset=\"https:\/\/konferenztechnik.de\/wp-content\/uploads\/2021\/06\/1-pcs-raumbundles-konferenzraum-bundles.jpg 1200w, https:\/\/konferenztechnik.de\/wp-content\/uploads\/2021\/06\/1-pcs-raumbundles-konferenzraum-bundles-300x113.jpg 300w, https:\/\/konferenztechnik.de\/wp-content\/uploads\/2021\/06\/1-pcs-raumbundles-konferenzraum-bundles-1024x385.jpg 1024w, https:\/\/konferenztechnik.de\/wp-content\/uploads\/2021\/06\/1-pcs-raumbundles-konferenzraum-bundles-768x289.jpg 768w\" sizes=\"(max-width: 1200px) 100vw, 1200px\" \/><\/p>\n<p>\u3059\u3079\u3066\u306e\u4e00\u822c\u7684\u306a\u30d3\u30c7\u30aa\u4f1a\u8b70\u30bd\u30d5\u30c8\u30a6\u30a7\u30a2\u306e\u7d44\u307f\u8fbc\u307f\u3092\u542b\u3080\u3001\u30e2\u30c0\u30f3\u3067\u9ad8\u54c1\u8cea\u306a\u4f1a\u8b70\u306e\u305f\u3081\u306e\u30b7\u30f3\u30d7\u30eb\u306a\u5b9f\u73fe\u3002\u30d0\u30f3\u30c9\u30eb\u306f5,000\u30e6\u30fc\u30ed\u304b\u3089\u3002<\/p>\n<p><\/a><br \/>\n[\u30dc\u30bf\u30f3 link=\"https:\/\/www.konferenztechnik.de\/pcs-konferenzraum-bundles-fuer-hybride-konferenzraeume\/\" target=\"self\" color=\"#a62055\u2033 text=\"light\"]\u8a73\u7d30\u3092\u898b\u308b[\/button]\u3002<br \/>\n[\u30b3\u30e9\u30e0\uff3d<br \/>\n[column size=\"1-2\u2033 last=\"1\u2033\uff3d\u3002<br \/>\n<a href=\"https:\/\/konferenztechnik.de\/ja\/%e4%bc%9a%e8%ad%b0%e5%ae%a4%e3%81%ae%e3%82%a2%e3%83%83%e3%83%97%e3%82%b0%e3%83%ac%e3%83%bc%e3%83%89%e3%81%ab%e3%82%88%e3%82%8a%e3%80%81%e3%83%93%e3%83%87%e3%82%aa%e4%bc%9a%e8%ad%b0%e3%81%ab%e7%90%86\/\" class=\"pcs-color\"><\/p>\n<h3><strong>\u4f1a\u8b70\u5ba4\u306e\u30a2\u30c3\u30d7\u30b0\u30ec\u30fc\u30c9<\/strong><\/h3>\n<p><img decoding=\"async\" width=\"1200\" height=\"451\" src=\"https:\/\/konferenztechnik.de\/wp-content\/uploads\/2021\/06\/konferenzraum-upgrades-videokonferenz-technik-upgrade.jpg\" alt=\"\u4f1a\u8b70\u5ba4\u306e\u30a2\u30c3\u30d7\u30b0\u30ec\u30fc\u30c9-\u30d3\u30c7\u30aa\u4f1a\u8b70\u6280\u8853\u306e\u30a2\u30c3\u30d7\u30b0\u30ec\u30fc\u30c9\" class=\"alignleft size-full wp-image-18072\" title=\"\" srcset=\"https:\/\/konferenztechnik.de\/wp-content\/uploads\/2021\/06\/konferenzraum-upgrades-videokonferenz-technik-upgrade.jpg 1200w, https:\/\/konferenztechnik.de\/wp-content\/uploads\/2021\/06\/konferenzraum-upgrades-videokonferenz-technik-upgrade-300x113.jpg 300w, https:\/\/konferenztechnik.de\/wp-content\/uploads\/2021\/06\/konferenzraum-upgrades-videokonferenz-technik-upgrade-1024x385.jpg 1024w, https:\/\/konferenztechnik.de\/wp-content\/uploads\/2021\/06\/konferenzraum-upgrades-videokonferenz-technik-upgrade-768x289.jpg 768w\" sizes=\"(max-width: 1200px) 100vw, 1200px\" \/><\/p>\n<p>\u65e2\u5b58\u8a2d\u5099\u306e\u30a2\u30c3\u30d7\u30b0\u30ec\u30fc\u30c9\u30d3\u30c7\u30aa\u4f1a\u8b70\u306e\u7d71\u5408\u30aa\u30f3\u30b5\u30a4\u30c8\u300d\u3068\u300c\u5728\u5b85\u300d\u306e\u5206\u96e2\u3092\u6700\u5c0f\u5316\u3002<\/p>\n<p>[\u30dc\u30bf\u30f3 link=\"https:\/\/www.konferenztechnik.de\/konferenzraum-upgrade-ideale-bedingungen-fuer-videokonferenzen-schaffen\/\" target=\"self\" color=\"#a62055\u2033 text=\"light\"]\u8a73\u7d30\u3092\u898b\u308b[\/button]\u3002<br \/>\n[\u30b3\u30e9\u30e0\uff3d<\/p>\n<p>[spacer size=\"30\u2033]<\/p>\n<hr id=\"kontakt\">\n<p>[spacer size=\"30\u2033]<\/p>\n<div class=\"box1-4 medium-size-txt\" style=\"margin-bottom: 0!important\">\n<h2><b><span class=\"pcs-color medium-size-txt\">\u30b5\u30fc\u30d3\u30b9\u30c1\u30fc\u30e0<\/span><\/b><\/h2>\n<p>[spacer size=\"5\u2033]<br \/>\n[column size=\"1-2\u2033 last=\"0\u2033\uff3d\u3002<\/p>\n<p>\u79c1\u3069\u3082\u306e\u5c02\u9580\u90e8\u9580\u304c\u3001\u304a\u5ba2\u69d8\u306e\u3054\u8cea\u554f\u306b\u304a\u7b54\u3048\u3057\u3001\u88fd\u54c1\u306b\u95a2\u3059\u308b\u30a2\u30c9\u30d0\u30a4\u30b9\u3001\u500b\u5225\u306e\u304a\u898b\u7a4d\u3082\u308a\u3084\u304a\u90e8\u5c4b\u306e\u30b3\u30f3\u30bb\u30d7\u30c8\u306e\u3054\u63d0\u6848\u3092\u3055\u305b\u3066\u3044\u305f\u3060\u304d\u307e\u3059\u3002<\/p>\n<p><img loading=\"lazy\" decoding=\"async\" src=\"https:\/\/konferenztechnik.de\/wp-content\/uploads\/2021\/06\/enricohucke-pcsgmbh.jpg\" alt=\"\u30a8\u30f3\u30ea\u30b3\u30fb\u30d2\u30e5\u30c3\u30b1 - \u55b6\u696d\u30c1\u30fc\u30e0 PCS GmbH\" width=\"150\" height=\"150\" class=\"alignleft size-full wp-image-17496\" title=\"\"><br \/>\n<img loading=\"lazy\" decoding=\"async\" width=\"150\" height=\"150\" src=\"https:\/\/konferenztechnik.de\/wp-content\/uploads\/2021\/06\/roland-baur-pcs-gmbh.jpeg\" alt=\"Roland Baur - \u55b6\u696d\u30c1\u30fc\u30e0 PCS GmbH\" class=\"alignleft size-full wp-image-18053\" title=\"\"><br \/>\n<img loading=\"lazy\" decoding=\"async\" src=\"https:\/\/konferenztechnik.de\/wp-content\/uploads\/2021\/06\/jeremias-daniel-pcs-gmbh-2-1.jpg\" alt=\"Jeremias Daniel - \u55b6\u696d\u30c1\u30fc\u30e0 PCS GmbH\" width=\"150\" height=\"150\" class=\"alignleft size-full wp-image-17836\" title=\"\"><br \/>\n[spacer size=\"5\u2033]<br \/>\n<span class=\"medium-size-txt\"><br \/>\n\u304a\u96fb\u8a71\u304f\u3060\u3055\u3044\uff01<br \/>\n<a href=\"tel:+49 21173779820\"><b>+49 211 737798 20<\/b><\/a><\/p>\n<p>\u96fb\u5b50\u30e1\u30fc\u30eb\u306b\u3066\u3054\u9023\u7d61\u304f\u3060\u3055\u3044\uff1a<br \/>\n<span class=\"volleansicht\"><a href=\"mailto:vertrieb@konferenztechnik.de\" onclick=\"ga('send', 'event', 'Email-Klick', 'Kontakt Vertrieb');\">vertrieb@konferenztechnik.de<\/a><br \/>\n<\/span><br \/>\n<span class=\"mobileansicht\"><a href=\"mailto:vertrieb@konferenztechnik.de\" onclick=\"ga('send', 'event', 'Email-Klick', 'Kontakt Vertrieb');\">\u66f8\u304f<\/a><br \/>\n<\/span><\/p>\n<p>\u30c1\u30e3\u30c3\u30c8\u307e\u305f\u306f\u30b3\u30fc\u30eb\u30d0\u30c3\u30af\u30b5\u30fc\u30d3\u30b9<br \/>\n<\/span><br \/>\n[\u30b3\u30e9\u30e0\uff3d<br \/>\n[column size=\"1-2\u2033 last=\"1\u2033\uff3d\u3002<\/p>\n<h2>\u30b3\u30fc\u30eb\u30d0\u30c3\u30af\u306e\u624b\u914d<\/h2>\n<p>[contact-form-7 id=\"17990\u2033 title=\"\u30b3\u30f3\u30bf\u30af\u30c8\u30fb\u30eb\u30fc\u30e0\u30fb\u30d0\u30f3\u30c9\u30eb\/\u30a2\u30c3\u30d7\u30b0\u30ec\u30fc\u30c9\"].<br \/>\n[\u30b3\u30e9\u30e0\uff3d<\/p>\n<\/div>","protected":false},"excerpt":{"rendered":"<p>Installation und Integration von Konferenztechnik und Mediensystemen [rev_slider installation] [spacer size=&#8220;20&#8243;] PCS realisiert Medieninstallationen in Besprechungsr\u00e4umen, Gemeinde-, Gerichts- und Konferenzs\u00e4len, Firmensitzen, Showrooms, Museen, Ausstellungen, Leitwarten, H\u00f6rs\u00e4len, Schulen, Showb\u00fchnen, Theatern, Hotels, Videokonferenzstudios, intelligenten H\u00e4usern. [spacer size=&#8220;20&#8243;] [column size=&#8220;1-2&#8243; last=&#8220;0&#8243;] Wir sind spezialisiert auf hochwertige und funktionssichere \u00dcbertragung, \u00e4sthetische und individuelle Einbauten, Mediensteuerungen und intelligente, energiesparende Systeme. Wir bieten Ihnen drahtgebundene, drahtlose sowie abh\u00f6rsichere L\u00f6sungen und begleiten Sie in allen Phasen Ihres Projektes \u2013 von der Planung \u00fcber die Bauausf\u00fchrung bis hin zur Betreuung und Wartung. Wir binden Haustechnik und Systembusse ein und integrieren vorausschauend Technik auf Basis von EIB, DALI, LON und weiteren Systemen. Sie erhalten vernetzbare und kommunikationsf\u00e4hige AV-, Computer-, [&hellip;]<\/p>","protected":false},"author":1,"featured_media":45482,"parent":0,"menu_order":110,"comment_status":"closed","ping_status":"open","template":"","meta":{"_acf_changed":false,"footnotes":""},"class_list":["post-3625","page","type-page","status-publish","has-post-thumbnail","hentry"],"acf":[],"_links":{"self":[{"href":"https:\/\/konferenztechnik.de\/ja\/wp-json\/wp\/v2\/pages\/3625","targetHints":{"allow":["GET"]}}],"collection":[{"href":"https:\/\/konferenztechnik.de\/ja\/wp-json\/wp\/v2\/pages"}],"about":[{"href":"https:\/\/konferenztechnik.de\/ja\/wp-json\/wp\/v2\/types\/page"}],"author":[{"embeddable":true,"href":"https:\/\/konferenztechnik.de\/ja\/wp-json\/wp\/v2\/users\/1"}],"replies":[{"embeddable":true,"href":"https:\/\/konferenztechnik.de\/ja\/wp-json\/wp\/v2\/comments?post=3625"}],"version-history":[{"count":0,"href":"https:\/\/konferenztechnik.de\/ja\/wp-json\/wp\/v2\/pages\/3625\/revisions"}],"wp:featuredmedia":[{"embeddable":true,"href":"https:\/\/konferenztechnik.de\/ja\/wp-json\/wp\/v2\/media\/45482"}],"wp:attachment":[{"href":"https:\/\/konferenztechnik.de\/ja\/wp-json\/wp\/v2\/media?parent=3625"}],"curies":[{"name":"wp","href":"https:\/\/api.w.org\/{rel}","templated":true}]}}