{"id":3768,"date":"2013-11-27T14:19:01","date_gmt":"2013-11-27T12:19:01","guid":{"rendered":"https:\/\/konferenztechnik.de\/?page_id=3768"},"modified":"2023-09-27T11:58:03","modified_gmt":"2023-09-27T09:58:03","slug":"%e3%83%90%e3%83%8d%e3%83%a9%e3%83%a0i3","status":"publish","type":"page","link":"https:\/\/konferenztechnik.de\/ja\/%e4%bc%9a%e8%ad%b0%e3%81%8a%e3%82%88%e3%81%b3av%e3%83%a1%e3%83%87%e3%82%a3%e3%82%a2%e6%8a%80%e8%a1%93%e3%81%ae%e9%85%8d%e5%b8%83\/%e3%83%90%e3%83%8d%e3%83%a9%e3%83%a0i3\/","title":{"rendered":"\u30d0\u30cd\u30e9\u30e0i3"},"content":{"rendered":"<p>[column size=\"1-2\u2033 last=\"0\u2033\uff3d\u3002<\/p>\n<h1>\u30a4\u30f3\u30bf\u30e9\u30af\u30c6\u30a3\u30d6\u306a\u5b66\u7fd2\u3001\u4f5c\u696d\u3001\u767a\u8868<\/h1>\n<p>Vanerum\u793e\u306f\u30d9\u30eb\u30ae\u30fc\u306e\u30c8\u30ec\u30fc\u30cb\u30f3\u30b0\u7528\u5bb6\u5177\u5c02\u9580\u30e1\u30fc\u30ab\u30fc\u3002PCS\u793e\u306f\u3001\u30de\u30c3\u30c1\u30f3\u30b0\u30d7\u30ec\u30fc\u30e4\u30fc\u3084\u5468\u8fba\u6a5f\u5668\u3092\u542b\u3080\u30a4\u30f3\u30bf\u30e9\u30af\u30c6\u30a3\u30d6\u30fb\u30b3\u30df\u30e5\u30cb\u30b1\u30fc\u30b7\u30e7\u30f3\u30fb\u30bd\u30ea\u30e5\u30fc\u30b7\u30e7\u30f3\u3092\u8ca9\u58f2\u3057\u3066\u3044\u308b\u3002<br \/>\n\u79c1\u305f\u3061\u306f\u3001\u6700\u9ad8\u30ec\u30d9\u30eb\u306e\u88fd\u9020\u54c1\u8cea\u3001\u65e5\u5e38\u4f7f\u7528\u3078\u306e\u9069\u5408\u6027\u3001\u8abf\u548c\u306e\u3068\u308c\u305f\u30a2\u30d7\u30ea\u30b1\u30fc\u30b7\u30e7\u30f3\u3092\u5099\u3048\u305f\u3001\u30c8\u30c3\u30d7\u30af\u30e9\u30b9\u306e\u30a4\u30f3\u30bf\u30e9\u30af\u30c6\u30a3\u30d6\u30fb\u30d7\u30ec\u30bc\u30f3\u30c6\u30fc\u30b7\u30e7\u30f3\u30fb\u30b7\u30b9\u30c6\u30e0\u3092\u7834\u683c\u5024\u3067\u63d0\u4f9b\u3057\u307e\u3059\u3002\u5b66\u6821\u3084\u5927\u5b66\u3060\u3051\u3067\u306a\u304f\u3001\u69d8\u3005\u306a\u5834\u6240\u3067\u3054\u5229\u7528\u3044\u305f\u3060\u3051\u307e\u3059\u3002<\/p>\n<p>[\u30b3\u30e9\u30e0\uff3d<\/p>\n<p>[column size=\"1-2\u2033 last=\"0\u2033\uff3d\u3002<\/p>\n<div style=\"padding-top:60px;\">\n<img decoding=\"async\" class=\"alignright size-full wp-image-3771\" alt=\"\u30d0\u30cd\u30e9\u30e0i3\u306e\u30ed\u30b4\" src=\"https:\/\/konferenztechnik.de\/wp-content\/uploads\/2013\/11\/vanerum_i3_logo.jpg\" width=\"185\" height=\"208\" title=\"\"><\/div>\n<p>[\u30b3\u30e9\u30e0\uff3d<\/p>\n<h4>\u30d7\u30ed\u30b8\u30a7\u30af\u30bf\u30fc\u4ed8\u304d\u30a4\u30f3\u30bf\u30e9\u30af\u30c6\u30a3\u30d6\u30db\u30ef\u30a4\u30c8\u30dc\u30fc\u30c9 i3BOARD from Vanerum<\/h4>\n<p>[column size=\"1-2\u2033 last=\"0\u2033\uff3d\u3002<br \/>\n[tabs style=\"1\u2033]<br \/>\n[tab title=\"\u5199\u771f\"]<img fetchpriority=\"high\" decoding=\"async\" class=\"alignnone size-full wp-image-3791\" alt=\"\u30d0\u30cd\u30e9\u30e0i3\u30dc\u30fc\u30c9\" src=\"https:\/\/konferenztechnik.de\/wp-content\/uploads\/2013\/11\/i3-von-vanerum-02small.jpg\" width=\"484\" height=\"389\" title=\"\" srcset=\"https:\/\/konferenztechnik.de\/wp-content\/uploads\/2013\/11\/i3-von-vanerum-02small.jpg 484w, https:\/\/konferenztechnik.de\/wp-content\/uploads\/2013\/11\/i3-von-vanerum-02small-300x241.jpg 300w\" sizes=\"(max-width: 484px) 100vw, 484px\" \/><br \/>\n\u30bf\u30d6<br \/>\n[tab title=\"\u7279\u96c6\"]<\/p>\n<ul>\n<li>\u6700\u592710\u56de\u306e\u540c\u6642\u30bf\u30c3\u30c1\u304c\u53ef\u80fd\u306a\u30de\u30eb\u30c1\u30e6\u30fc\u30b6\u30fc\u30fb\u30a4\u30f3\u30bf\u30e9\u30af\u30b7\u30e7\u30f3<\/li>\n<li>\u30da\u30f3\u3084\u6307\u306b\u3088\u308b\u5165\u529b<\/li>\n<li>\u7cbe\u5bc6\u3067\u5b9f\u7e3e\u306e\u3042\u308bV-Sense\u30bf\u30c3\u30c1\u30fb\u30c6\u30af\u30ce\u30ed\u30b8\u30fc<\/li>\n<li>\u8d85\u8584\u578b24mm\u30a2\u30eb\u30df\u30d5\u30ec\u30fc\u30e0<\/li>\n<li>\u8010\u4e45\u6027\u306b\u512a\u308c\u305f\u30a8\u30ca\u30e1\u30eb\u52a0\u5de5\u30b9\u30c1\u30fc\u30eb\u88fd\u8868\u9762\u3002<\/li>\n<li>\u4e7e\u5f0f\u30db\u30ef\u30a4\u30c8\u30dc\u30fc\u30c9\u30de\u30fc\u30ab\u30fc\u3068\u4f75\u7528\u53ef\u80fd<\/li>\n<li>\u9ad8\u3044\u53cd\u5fdc\u901f\u5ea6<\/li>\n<li>\u6a19\u6e96\u7684\u306a\u58c1\u3078\u306e\u53d6\u308a\u4ed8\u3051\u304c\u53ef\u80fd<\/li>\n<li>\u30aa\u30da\u30ec\u30fc\u30c6\u30a3\u30f3\u30b0\u30b7\u30b9\u30c6\u30e0\u306b\u4f9d\u5b58\u3057\u306a\u3044\u305f\u3081\u3001\u3042\u3089\u3086\u308b\u5f62\u614b\u306e\u6559\u80b2\u7528\u30bd\u30d5\u30c8\u30a6\u30a7\u30a2\u3068\u306e\u4f7f\u7528\u306b\u6700\u9069<\/li>\n<li>\u9632\u5875V\u30bb\u30f3\u30b9\u30fb\u30bf\u30c3\u30c1\u30fb\u30c6\u30af\u30ce\u30ed\u30b8\u30fc<\/li>\n<li>\u81ea\u52d5\u30bd\u30fc\u30b9\u691c\u51fa<\/li>\n<li>\u30d7\u30ed\u30b8\u30a7\u30af\u30bf\u30fc\u30e9\u30f3\u30d7\u306e\u9577\u5bff\u547d<\/li>\n<\/ul>\n<p>\u30bf\u30d6<br \/>\n[tab title=\"\u6280\u8853\u7684\u7279\u5fb4\"]<\/p>\n<ul>\n<li>\u30a2\u30b9\u30da\u30af\u30c8\u6bd4\uff1a4:3<\/li>\n<li>\u89e3\u50cf\u5ea6\uff1a32,767\u00d732,767<\/li>\n<li>\u5bf8\u6cd5 i3BOARD (77\u2033)\uff1a\u9ad8\u3055\/\u5e45\/\u5965\u884c\u304d 122.2 x 161.3 x 3.5 cm<\/li>\n<li>\u30a2\u30af\u30c6\u30a3\u30d6\u30a8\u30ea\u30a2\u5bf8\u6cd5\uff1a117.2 x 156.3 cm<\/li>\n<li>\u7b46\u8a18\u9762\uff1a\u30db\u30ef\u30a4\u30c8\u3001\u30a8\u30ca\u30e1\u30eb\u30b9\u30c1\u30fc\u30eb\u3001\u7121\u53cd\u5c04\u6027<\/li>\n<li>\u30bf\u30c3\u30c1\u30fb\u30c6\u30af\u30ce\u30ed\u30b8\u30fc\uff1a V\u30bb\u30f3\u30b9\u30fb\u30de\u30eb\u30c1<\/li>\n<li>\u30a4\u30f3\u30bf\u30fc\u30d5\u30a7\u30fc\u30b9 USB 2.0\u4ee5\u4e0a<\/li>\n<li>\u30a8\u30cd\u30eb\u30ae\u30fc\u6d88\u8cbb\u91cf \u2264 400 mA<\/li>\n<li>2,800\u30eb\u30fc\u30e1\u30f3\u30fb\u30d7\u30ed\u30b8\u30a7\u30af\u30bf\u30fc<\/li>\n<li>WXGA 1,280 x 800<\/li>\n<li>\u30a4\u30f3\u30bf\u30e9\u30af\u30c6\u30a3\u30d6\u306a\u7bc4\u56f2\uff1a75\u2033\u301c115\u2033\u5bfe\u89d2<\/li>\n<li>\u81ea\u52d5\u30bd\u30fc\u30b9\u691c\u51fa<\/li>\n<li>\u30d7\u30ed\u30b8\u30a7\u30af\u30bf\u30fc\u30e9\u30f3\u30d7\u5bff\u547d\uff1a5,000\u6642\u9593\uff08\u30a8\u30b3\u30e2\u30fc\u30c9\u6642\uff09<\/li>\n<\/ul>\n<p>\u30bf\u30d6<br \/>\n\u30bf\u30d6<br \/>\n[\u30b3\u30e9\u30e0\uff3d<\/p>\n<p>[column size=\"1-2\u2033 last=\"0\u2033\uff3d\u3002<br \/>\n[spacer size=\"40\u2033]<\/p>\n<p>\u5f93\u6765\u306e\u30db\u30ef\u30a4\u30c8\u30dc\u30fc\u30c9\u3068\u6bd4\u8f03\u3057\u3066\u3001i3BOARD\u306f\u3044\u304f\u3064\u304b\u306e\u30e6\u30cb\u30fc\u30af\u306a\u6a5f\u80fd\u3092\u8a87\u308a\u307e\u3059\u3002\u30da\u30f3\u3084\u6307\u306b\u3088\u308b\u30bf\u30c3\u30c1\u5165\u529b\u306b\u52a0\u3048\u3001\u9ad8\u7cbe\u5ea6\u3067\u5b9f\u7e3e\u306e\u3042\u308bV-Sense\u30bf\u30c3\u30c1\u30fb\u30c6\u30af\u30ce\u30ed\u30b8\u30fc\u306b\u3088\u308a\u3001\u30de\u30eb\u30c1\u30e6\u30fc\u30b6\u30fc\u30fb\u30a4\u30f3\u30bf\u30e9\u30af\u30b7\u30e7\u30f3\u304c\u53ef\u80fd\u3067\u3059\u3002<\/p>\n<p>\u8d85\u30b9\u30ea\u30e0\u306a\u30a2\u30eb\u30df\u30d5\u30ec\u30fc\u30e0\u306f\u3001i3BOARD\u306b\u6d17\u7df4\u3055\u308c\u305f\u5916\u89b3\u3092\u4e0e\u3048\u3001\u30e1\u30f3\u30c6\u30ca\u30f3\u30b9\u3092\u5bb9\u6613\u306b\u3057\u3001\u7dcf\u6240\u6709\u30b3\u30b9\u30c8\u3092\u524a\u6e1b\u3057\u307e\u3059\u3002<\/p>\n<p>[\u30b3\u30e9\u30e0\uff3d<\/p>\n<p>[spacer size=\"20\u2033]<\/p>\n<h4>i3TOUCH\u306b\u3088\u308b\u30a4\u30f3\u30bf\u30e9\u30af\u30c6\u30a3\u30d6\u30fb\u30c7\u30a3\u30b9\u30d7\u30ec\u30a4<\/h4>\n<p>[column size=\"1-2\u2033 last=\"0\u2033\uff3d\u3002<br \/>\n[tabs style=\"1\u2033]<br \/>\n[tab title=\"\u5199\u771f\"]<img decoding=\"async\" src=\"https:\/\/konferenztechnik.de\/wp-content\/uploads\/2013\/11\/11123515-standard.jpg\" alt=\"\u30db\u30ef\u30a4\u30c8\u30dc\u30fc\u30c9\u30fb\u30d0\u30cd\u30eb\u30e0i3\" width=\"665\" height=\"441\" class=\"alignleft size-full wp-image-4344\" title=\"\" srcset=\"https:\/\/konferenztechnik.de\/wp-content\/uploads\/2013\/11\/11123515-standard.jpg 665w, https:\/\/konferenztechnik.de\/wp-content\/uploads\/2013\/11\/11123515-standard-300x199.jpg 300w\" sizes=\"(max-width: 665px) 100vw, 665px\" \/><br \/>\n\u30bf\u30d6<br \/>\n[tab title=\"\u7279\u96c6\"]<\/p>\n<ul>\n<li>\u6307\u3084\u30da\u30f3\u3092\u4f7f\u3063\u3066\u30012\u4eba\u304c\u540c\u6642\u306b\u30b3\u30f3\u30c6\u30f3\u30c4\u3092\u66f8\u3044\u305f\u308a\u3001\u63cf\u3044\u305f\u308a\u3001\u5bfe\u8a71\u3057\u305f\u308a\u3067\u304d\u308b<\/li>\n<li>\u5f71\u306e\u306a\u3044\u8868\u9762\u306b\u3088\u308b\u9bae\u3084\u304b\u306a\u753b\u50cf\u3068\u6b63\u78ba\u306a\u30bf\u30c3\u30c1\u4f53\u9a13<\/li>\n<li>\u30d7\u30ec\u30bc\u30f3\u30b9\u691c\u77e5\u306b\u3088\u308a\u3001\u6d88\u8cbb\u96fb\u529b\u3092\u7bc0\u7d04\u3057\u3001\u30c7\u30a3\u30b9\u30d7\u30ec\u30a4\u306e\u5bff\u547d\u3092\u5ef6\u3070\u3057\u307e\u3059\u3002<\/li>\n<li>\u30a4\u30f3\u30bf\u30e9\u30af\u30c6\u30a3\u30d6\u30fb\u30c7\u30a3\u30b9\u30d7\u30ec\u30a4\u30fb\u30aa\u30fc\u30d0\u30fc\u30ec\u30a4\u306f\u3001\u30bf\u30c3\u30c1\u30b9\u30af\u30ea\u30fc\u30f3\u306e\u6a5f\u80fd\u3068\u30d5\u30e9\u30c3\u30c8\u30b9\u30af\u30ea\u30fc\u30f3\u306e\u5229\u70b9\u3092\u517c\u306d\u5099\u3048\u3066\u3044\u307e\u3059\u3002<\/li>\n<li>\u30aa\u30d7\u30b7\u30e7\u30f3\u306e\u79fb\u52d5\u5f0fSMART\u30d5\u30ed\u30a2\u30b9\u30bf\u30f3\u30c9<\/li>\n<\/ul>\n<p>\u30bf\u30d6<br \/>\n[tab title=\"\u6280\u8853\u7684\u7279\u5fb4\"]<\/p>\n<ul>\n<li>\u9ad8\u7cbe\u7d30LCD\u30c7\u30a3\u30b9\u30d7\u30ec\u30a4<\/li>\n<li>\u30c7\u30e5\u30a2\u30eb\u30fb\u30bf\u30c3\u30c1<\/li>\n<li>\u4f7f\u7528\u53ef\u80fd\u30b5\u30a4\u30ba\uff1a133 x 82 x 9.3 cm\u3001168.5 x 103.8 x 25 cm<\/li>\n<li>\u30a2\u30b9\u30da\u30af\u30c8\u6bd4\uff1a16:9<\/li>\n<\/ul>\n<p>\u30bf\u30d6<br \/>\n\u30bf\u30d6<br \/>\n[\u30b3\u30e9\u30e0\uff3d<\/p>\n<p>[column size=\"1-2\u2033 last=\"0\u2033\uff3d\u3002<br \/>\n[spacer size=\"40\u2033]<\/p>\n<p>\u30a4\u30f3\u30bf\u30e9\u30af\u30c6\u30a3\u30d6\u30db\u30ef\u30a4\u30c8\u30dc\u30fc\u30c9\u306e\u30bf\u30c3\u30c1\u6a5f\u80fd\u3068\u3001\u30d5\u30e9\u30c3\u30c8\u30b9\u30af\u30ea\u30fc\u30f3\u6280\u8853\u306e\u30b7\u30e3\u30fc\u30d7\u306a\u753b\u50cf\u3092\u7d44\u307f\u5408\u308f\u305b\u308b\u3053\u3068\u304c\u3067\u304d\u307e\u3059\u3002<\/p>\n<p>8070i\u30a4\u30f3\u30bf\u30e9\u30af\u30c6\u30a3\u30d6\u30fb\u30c7\u30a3\u30b9\u30d7\u30ec\u30a4\u306f\u3001\u5b8c\u5168\u306b\u7d71\u5408\u3055\u308c\u305f\u30bd\u30ea\u30e5\u30fc\u30b7\u30e7\u30f3\u3092\u63d0\u4f9b\u3057\u307e\u3059\u3002<\/p>\n<p>[\u30b3\u30e9\u30e0\uff3d<\/p>\n<p>[spacer size=\"20\u2033]<\/p>\n<h4>i3TOUCH\u306b\u3088\u308b\u30cf\u30a4\u30a8\u30f3\u30c9\u306e\u30d1\u30d6\u30ea\u30c3\u30af\u30fb\u30c7\u30a3\u30b9\u30d7\u30ec\u30a4<\/h4>\n<p>[column size=\"1-2\u2033 last=\"0\u2033\uff3d\u3002<br \/>\n[tabs style=\"1\u2033]<br \/>\n[tab title=\"\u5199\u771f\"]<img loading=\"lazy\" decoding=\"async\" class=\"alignnone size-full wp-image-3801\" alt=\"i3-\u30d5\u30ed\u30e0\u30fb\u30d0\u30cd\u30eb\u30e0-04small\" src=\"https:\/\/konferenztechnik.de\/wp-content\/uploads\/2013\/11\/i3-von-vanerum-04small.jpg\" width=\"608\" height=\"382\" title=\"\" srcset=\"https:\/\/konferenztechnik.de\/wp-content\/uploads\/2013\/11\/i3-von-vanerum-04small.jpg 608w, https:\/\/konferenztechnik.de\/wp-content\/uploads\/2013\/11\/i3-von-vanerum-04small-300x188.jpg 300w\" sizes=\"(max-width: 608px) 100vw, 608px\" \/><br \/>\n\u30bf\u30d6<br \/>\n[tab title=\"\u7279\u96c6\"]<\/p>\n<ul>\n<li>\u59a5\u5354\u306e\u306a\u3044\u4fe1\u983c\u6027<\/li>\n<li>\u6700\u5148\u7aef\u306eDisplayPort\u3068LAN\u30a4\u30f3\u30bf\u30fc\u30d5\u30a7\u30fc\u30b9<\/li>\n<li>\u74b0\u5883\u5149\u30bb\u30f3\u30b5\u30fc\u3092\u642d\u8f09\u3057\u3001\u6d88\u8cbb\u96fb\u529b\u3092\u6700\u5c0f\u5316<\/li>\n<li>\u5c0f\u58f2\u3001\u4f1a\u8b70\u5ba4\u3001\u30d3\u30c7\u30aa\u4f1a\u8b70\u3001\u4ea4\u901a\u30fb\u904b\u8f38\u3001\u5236\u5fa1\u5ba4\u30fb\u30b3\u30f3\u30c8\u30ed\u30fc\u30eb\u30bb\u30f3\u30bf\u30fc\u306a\u3069\u306e\u30c7\u30b8\u30bf\u30eb\u30b5\u30a4\u30cd\u30fc\u30b8\u7528\u9014\u306b\u6700\u9069\u306a\u30bd\u30ea\u30e5\u30fc\u30b7\u30e7\u30f3<\/li>\n<li>\u533b\u7642\u30a2\u30d7\u30ea\u30b1\u30fc\u30b7\u30e7\u30f3\u306e\u305f\u3081\u306eDICOM\u30b5\u30dd\u30fc\u30c8<\/li>\n<\/ul>\n<p>\u30bf\u30d6<br \/>\n[tab title=\"\u6280\u8853\u7684\u7279\u5fb4\"]<\/p>\n<ul>\n<li>\u30b5\u30a4\u30ba\uff1a40\uff5e82\u30a4\u30f3\u30c1<\/li>\n<li>\u30b3\u30f3\u30c8\u30e9\u30b9\u30c8\uff1a2000\uff1a1\u30013000\uff1a1\u30013500\uff1a1<\/li>\n<li>\u6d88\u8cbb\u96fb\u529b[W]\uff1a145\uff5e680<\/li>\n<li>\u30a2\u30b9\u30da\u30af\u30c8\u6bd4\uff1a16:9<\/li>\n<li>\u30d1\u30cd\u30eb\u6280\u8853\uff1aS-PVA<\/li>\n<li>\u8f1d\u5ea6[cd\/m\u00b2]\uff1a700<\/li>\n<li>\u89e3\u50cf\u5ea6\uff1a1,920 x 1,080<\/li>\n<li>\u660e\u308b\u3055\u3092\u6700\u9069\u5316\u3059\u308b\u30d7\u30ed\u30b0\u30e9\u30e0\u53ef\u80fd\u306a\u74b0\u5883\u5149\u30bb\u30f3\u30b5\u30fc<\/li>\n<li>\u30e6\u30fc\u30b6\u30fc\u5b9a\u7fa9\u306e\u5165\u529b\u512a\u5148\u9806\u4f4d<\/li>\n<li>DICOM\u30b5\u30dd\u30fc\u30c8<\/li>\n<li>\u9ad8\u5ea6\u306a\u30d5\u30a1\u30f3\u5236\u5fa1<\/li>\n<li>\u30cf\u30fc\u30c9\u30a6\u30a7\u30a2\u30d9\u30fc\u30b9\u306e\u30ab\u30e9\u30fc\u30ad\u30e3\u30ea\u30d6\u30ec\u30fc\u30b7\u30e7\u30f3<\/li>\n<li>RS232\u30a4\u30f3\u30bf\u30fc\u30d5\u30a7\u30fc\u30b9<\/li>\n<li>\u30de\u30c8\u30ea\u30c3\u30af\u30b9\u30e1\u30e2\u30ea\u30fc<\/li>\n<li>\u8fc5\u901f\u306a\u5165\u529b\u5909\u66f4<\/li>\n<li>\u30bf\u30a4\u30eb\u30de\u30c8\u30ea\u30af\u30b9 (10 x 10)<\/li>\n<li>\u69d8\u3005\u306a\u30d4\u30af\u30c1\u30e3\u30fc\u30fb\u30a4\u30f3\u30fb\u30d4\u30af\u30c1\u30e3\u30fc\u30fb\u30aa\u30d7\u30b7\u30e7\u30f3<\/li>\n<li>\u30b9\u30b1\u30b8\u30e5\u30fc\u30e9\u30fc<\/li>\n<\/ul>\n<p>\u30bf\u30d6<br \/>\n\u30bf\u30d6<br \/>\n[\u30b3\u30e9\u30e0\uff3d<\/p>\n<p>[column size=\"1-2\u2033 last=\"0\u2033\uff3d\u3002<br \/>\n[spacer size=\"40\u2033]<\/p>\n<p>i3TOUCH LCD\u30bf\u30c3\u30c1\u30bd\u30ea\u30e5\u30fc\u30b7\u30e7\u30f3\u306f\u3001\u9bae\u660e\u3067\u9ad8\u89e3\u50cf\u5ea6\u306e\u753b\u50cf\u3092\u63d0\u4f9b\u3057\u307e\u3059\u3002\u5149\u5b66\u5f0f\u30bf\u30c3\u30c1\u6280\u8853\u306f\u6307\u3084\u30b9\u30bf\u30a4\u30e9\u30b9\u3067\u64cd\u4f5c\u3067\u304d\u3001\u753b\u9762\u306f\u5373\u5ea7\u306b\u53cd\u5fdc\u3057\u307e\u3059\u3002<\/p>\n<p>i3TOUCH\u30c7\u30a3\u30b9\u30d7\u30ec\u30a4\u306f\u5149\u5b66\u30bb\u30f3\u30b7\u30f3\u30b0\u6280\u8853\u306b\u5bfe\u5fdc\u3057\u3066\u304a\u308a\u3001\u30a4\u30f3\u30bf\u30e9\u30af\u30c6\u30a3\u30d6\u30fb\u30b9\u30af\u30ea\u30fc\u30f3\u3067\u306e\u8fc5\u901f\u3067\u6b63\u78ba\u306a\u4f5c\u696d\u3092\u4fdd\u8a3c\u3057\u307e\u3059\u3002\u305d\u306e\u305f\u3081\u3001\u5b66\u6821\u3084\u6559\u5ba4\u3067\u306e\u4f7f\u7528\u306b\u6700\u9069\u306a\u30bd\u30ea\u30e5\u30fc\u30b7\u30e7\u30f3\u3067\u3059\uff01<\/p>\n<p>[\u30b3\u30e9\u30e0\uff3d<\/p>\n<p>[spacer size=\"20\u2033]<\/p>","protected":false},"excerpt":{"rendered":"<p>[column size=&#8220;2-3&#8243; last=&#8220;0&#8243;] Interaktives Lernen, Arbeiten, Pr\u00e4sentieren Vanerum ist ein Spezialist f\u00fcr Schulungsm\u00f6bel aus Belgien. PCS vertreibt die interaktiven Kommunikationsl\u00f6sungen inklusive passenden Zuspielern und Peripherie. Wir bieten Ihnen interaktive Pr\u00e4sentationssysteme der Spitzenklasse zu unschlagbar g\u00fcnstigen Preisen, mit h\u00f6chstem Ma\u00df an Fertigungsqualit\u00e4t, Alltagstauglichkeit und harmonischer Anwendung. Ein H\u00f6hepunkt nicht nur f\u00fcr Schulen und Universit\u00e4ten. [\/column] [column size=&#8220;1-3&#8243; last=&#8220;1&#8243;] [\/column] Interaktives Whiteboard mit Projektor i3BOARD von Vanerum [column size=&#8220;2-3&#8243; last=&#8220;0&#8243;] [tabs style=&#8220;1&#8243;] [tab title=&#8220;Bilder&#8220;] [\/tab] [tab title=&#8220;Besonderheiten&#8220;] Multi-User-Interaktion mit bis zu zehn simultanen Ber\u00fchrungen Eingabe \u00fcber Stifte und durch Fingerber\u00fchrungen pr\u00e4zise und bew\u00e4hrte V-Sense-Touchtechnologie ultraschmale 24 mm Aluminiumrahmen langlebige Oberfl\u00e4che aus Emaille-Stahl mit lebenslanger Garantie nutzbar mit trocken abwischbaren Whiteboard-Markern hohe Ansprechgeschwindigkeit [&hellip;]<\/p>","protected":false},"author":1,"featured_media":45482,"parent":3614,"menu_order":106,"comment_status":"closed","ping_status":"open","template":"","meta":{"_acf_changed":false,"footnotes":""},"class_list":["post-3768","page","type-page","status-publish","has-post-thumbnail","hentry"],"acf":[],"_links":{"self":[{"href":"https:\/\/konferenztechnik.de\/ja\/wp-json\/wp\/v2\/pages\/3768","targetHints":{"allow":["GET"]}}],"collection":[{"href":"https:\/\/konferenztechnik.de\/ja\/wp-json\/wp\/v2\/pages"}],"about":[{"href":"https:\/\/konferenztechnik.de\/ja\/wp-json\/wp\/v2\/types\/page"}],"author":[{"embeddable":true,"href":"https:\/\/konferenztechnik.de\/ja\/wp-json\/wp\/v2\/users\/1"}],"replies":[{"embeddable":true,"href":"https:\/\/konferenztechnik.de\/ja\/wp-json\/wp\/v2\/comments?post=3768"}],"version-history":[{"count":0,"href":"https:\/\/konferenztechnik.de\/ja\/wp-json\/wp\/v2\/pages\/3768\/revisions"}],"up":[{"embeddable":true,"href":"https:\/\/konferenztechnik.de\/ja\/wp-json\/wp\/v2\/pages\/3614"}],"wp:featuredmedia":[{"embeddable":true,"href":"https:\/\/konferenztechnik.de\/ja\/wp-json\/wp\/v2\/media\/45482"}],"wp:attachment":[{"href":"https:\/\/konferenztechnik.de\/ja\/wp-json\/wp\/v2\/media?parent=3768"}],"curies":[{"name":"wp","href":"https:\/\/api.w.org\/{rel}","templated":true}]}}