{"id":3805,"date":"2013-11-28T11:55:02","date_gmt":"2013-11-28T09:55:02","guid":{"rendered":"https:\/\/konferenztechnik.de\/?page_id=3805"},"modified":"2013-11-28T11:55:02","modified_gmt":"2013-11-28T09:55:02","slug":"%e3%83%96%e3%82%a4%e3%83%97%e3%83%aa%e3%83%8d%e3%83%83%e3%83%88","status":"publish","type":"page","link":"https:\/\/konferenztechnik.de\/ja\/%e4%bc%9a%e8%ad%b0%e3%81%8a%e3%82%88%e3%81%b3av%e3%83%a1%e3%83%87%e3%82%a3%e3%82%a2%e6%8a%80%e8%a1%93%e3%81%ae%e9%85%8d%e5%b8%83\/%e3%83%96%e3%82%a4%e3%83%97%e3%83%aa%e3%83%8d%e3%83%83%e3%83%88\/","title":{"rendered":"\u30f4\u30a3\u30d7\u30ea\u30cd\u30c3\u30c8"},"content":{"rendered":"<p>[column size=\"1-2\u2033 last=\"0\u2033\uff3d\u3002<\/p>\n<h1>\u4e8c\u5ea6\u3068\u30aa\u30d5\u30e9\u30a4\u30f3\u306b\u306a\u308b\u3053\u3068\u306f\u306a\u3044\uff01<\/h1>\n<p>Viprinet\u306fWAN\u63a5\u7d9a\u306e\u30b9\u30da\u30b7\u30e3\u30ea\u30b9\u30c8\u3067\u3059\u3002\u5e2f\u57df\u5e45\u304c\u4f4e\u3059\u304e\u308b\uff1f\u969c\u5bb3\u30ea\u30b9\u30af\u304c\u9ad8\u3059\u304e\u308b\uff1f\u30cd\u30c3\u30c8\u30ef\u30fc\u30af\u30ab\u30d0\u30ec\u30c3\u30b8\u304c\u4e0d\u5341\u5206\uff1fViprinet\u306e\u30a4\u30f3\u30c6\u30ea\u30b8\u30a7\u30f3\u30c8\u30fb\u30c1\u30e3\u30cd\u30eb\u30fb\u30dc\u30f3\u30c7\u30a3\u30f3\u30b0\u306a\u3089\u5927\u4e08\u592b\u3067\u3059\u3002<\/p>\n<p>\u30e2\u30d0\u30a4\u30eb\u30fb\u30a2\u30d7\u30ea\u30b1\u30fc\u30b7\u30e7\u30f3\u3001\u5730\u65b9\u3067\u306e\u9ad8\u901f\u4f01\u696d\u63a5\u7d9a\u3001\u67d4\u8edf\u306a\u30b5\u30a4\u30c8\u30fb\u30cd\u30c3\u30c8\u30ef\u30fc\u30ad\u30f3\u30b0\u3001\u5927\u898f\u6a21\u306a\u30cd\u30c3\u30c8\u30ef\u30fc\u30af\u30fb\u30a2\u30fc\u30ad\u30c6\u30af\u30c1\u30e3\u306a\u3069\u3001\u3042\u3089\u3086\u308b\u7528\u9014\u306b\u9069\u3057\u305f\u30de\u30eb\u30c1\u30c1\u30e3\u30cd\u30ebVPN\u30eb\u30fc\u30bf\u30fc\u304c\u3042\u308a\u307e\u3059\u3002<\/p>\n<p>[\u30b3\u30e9\u30e0\uff3d<\/p>\n<p>[column size=\"1-2\u2033 last=\"0\u2033\uff3d\u3002<\/p>\n<div style=\"padding-top:50px;\">\n<img decoding=\"async\" class=\"alignright size-full wp-image-3813\" alt=\"\u30ed\u30b4 Viprinet\" src=\"https:\/\/konferenztechnik.de\/wp-content\/uploads\/2013\/11\/Viprinet-Logo.jpg\" width=\"182\" height=\"261\" title=\"\">\n<\/div>\n<p>[\u30b3\u30e9\u30e0\uff3d<\/p>\n<p>[spacer size=\"20\u2033]<\/p>\n<h4>\u30de\u30eb\u30c1\u30c1\u30e3\u30f3\u30cd\u30ebVPN\u30eb\u30fc\u30bf\u30fc<\/h4>\n<p>[column size=\"1-2\u2033 last=\"0\u2033\uff3d\u3002<br \/>\n[tabs style=\"1\u2033][tab title=\"\u753b\u50cf\"]<br \/>\n[rev_slider ViprinetRouter\uff3d\u3002<br \/>\n[\/tab][tab title=\"\u7279\u96c6\"]<\/p>\n<ul>\n<li>TCP\u6700\u9069\u5316\u306e\u6709\u7121\u306b\u304b\u304b\u308f\u3089\u305a\u3001\u3059\u3079\u3066\u306e\u56de\u7dda\u5e2f\u57df\u5e45\u306e\u672c\u683c\u7684\u306a\u30d0\u30f3\u30c9\u30eb<\/li>\n<li>\u30b5\u30fc\u30d3\u30b9\u54c1\u8cea\/\u30c8\u30e9\u30d5\u30a3\u30c3\u30af\u30fb\u30b7\u30a7\u30fc\u30d4\u30f3\u30b0\uff08WAN\u30e2\u30b8\u30e5\u30fc\u30eb\/VPN\u30c8\u30f3\u30cd\u30eb\u3054\u3068\uff09<\/li>\n<li>NAT\u3068\u30dd\u30fc\u30c8\u30d5\u30a9\u30ef\u30fc\u30c7\u30a3\u30f3\u30b0<\/li>\n<li>\u30e2\u30cb\u30bf\u30ea\u30f3\u30b0\uff08\u30b0\u30e9\u30d5\u30a3\u30ab\u30eb\u3001\u30ea\u30e2\u30fc\u30c8syslog\uff09<\/li>\n<li>VPN\u30c8\u30f3\u30cd\u30eb\u306e\u6570\u306f\u7121\u5236\u9650\uff08SSL\/AES\uff09<\/li>\n<li>\u30eb\u30fc\u30eb\u30d9\u30fc\u30b9\u306e\u30eb\u30fc\u30c6\u30a3\u30f3\u30b0<\/li>\n<li>\u5916\u90e8\u30b5\u30fc\u30d0\u30fc\u3078\u306e\u30c8\u30e9\u30d5\u30a3\u30c3\u30af\u30fb\u30a2\u30ab\u30a6\u30f3\u30c6\u30a3\u30f3\u30b0<\/li>\n<li>\u30de\u30eb\u30c1\u30af\u30e9\u30a4\u30a2\u30f3\u30c8\u5bfe\u5fdc\u306e\u30a6\u30a7\u30d6\u7ba1\u7406\u30b7\u30b9\u30c6\u30e0<\/li>\n<\/ul>\n<p>[\/tab][tab title=\"\u6280\u8853\u7684\u306a\u8a73\u7d30\"]\u3002<\/p>\n<ul>\n<li>\u30d5\u30a9\u30fc\u30e0\u30d5\u30a1\u30af\u30bf\u30fc\uff1a\u30c7\u30b9\u30af\u30c8\u30c3\u30d7<\/li>\n<li>\u96fb\u6e90\uff1aDC12 V\u3001\u6700\u59274 A<\/li>\n<li>LAN\u30a4\u30f3\u30bf\u30fc\u30d5\u30a7\u30fc\u30b9\u9ad8\u901f\u30a4\u30fc\u30b5\u30cd\u30c3\u30c8<\/li>\n<li>WAN\u30e2\u30b8\u30e5\u30fc\u30eb\u30b9\u30ed\u30c3\u30c83<\/li>\n<li>\u30dc\u30f3\u30c7\u30a3\u30f3\u30b0\u5bb9\u91cf\uff1a50 MBit\/s<\/li>\n<\/ul>\n<p>[\u30bf\u30d6][\/\u30bf\u30d6]\u3002<br \/>\n[\u30b3\u30e9\u30e0\uff3d<\/p>\n<p>[column size=\"1-2\u2033 last=\"0\u2033\uff3d\u3002<br \/>\n[spacer size=\"40\u2033]<\/p>\n<p>\u30ea\u30a2\u30eb\u30fb\u30c1\u30e3\u30cd\u30eb\u30fb\u30d0\u30f3\u30c9\u30eb\u3068\u306f\u3001\u7570\u306a\u308b\u30d7\u30ed\u30d0\u30a4\u30c0\u30fc\u306e\u30a4\u30f3\u30bf\u30fc\u30cd\u30c3\u30c8\u30fb\u30a2\u30af\u30bb\u30b9\u30fb\u30dd\u30a4\u30f3\u30c8\u3092\u6700\u59276\u3064\u307e\u3067\u7d44\u307f\u5408\u308f\u305b\u3066\u3001\u53ef\u7528\u6027\u306e\u9ad8\u3044\u9ad8\u901f\u63a5\u7d9a\u3092\u5b9f\u73fe\u3067\u304d\u308b\u3053\u3068\u3092\u610f\u5473\u3059\u308b\u3002<\/p>\n<p>\u30e2\u30d0\u30a4\u30eb\u30fb\u30a2\u30d7\u30ea\u30b1\u30fc\u30b7\u30e7\u30f3\u3001\u5730\u65b9\u3067\u306e\u9ad8\u901f\u4f01\u696d\u63a5\u7d9a\u3001\u67d4\u8edf\u306a\u30b5\u30a4\u30c8\u30fb\u30cd\u30c3\u30c8\u30ef\u30fc\u30ad\u30f3\u30b0\u3001\u5927\u898f\u6a21\u306a\u30cd\u30c3\u30c8\u30ef\u30fc\u30af\u30fb\u30a2\u30fc\u30ad\u30c6\u30af\u30c1\u30e3\u306a\u3069\u3001\u3042\u3089\u3086\u308b\u7528\u9014\u306b\u9069\u3057\u305f\u30de\u30eb\u30c1\u30c1\u30e3\u30cd\u30ebVPN\u30eb\u30fc\u30bf\u30fc\u304c\u3042\u308a\u307e\u3059\u3002<\/p>\n<p>[\u30b3\u30e9\u30e0\uff3d<\/p>\n<h4>Viprinet\u30de\u30eb\u30c1\u30c1\u30e3\u30f3\u30cd\u30ebVPN\u30eb\u30fc\u30bf\u30fc300\uff1a\u30aa\u30f3\u30e9\u30a4\u30f3\u30d7\u30ec\u30bc\u30f3\u30c6\u30fc\u30b7\u30e7\u30f3\u306e\u305f\u3081\u306e\u30a4\u30d9\u30f3\u30c8\u30bd\u30ea\u30e5\u30fc\u30b7\u30e7\u30f3<\/h4>\n<p>[spacer size=\"20\u2033]<\/p>\n<p>[column size=\"1-2\u2033 last=\"0\u2033\uff3d\u3002<\/p>\n<h4>Vipri\u30de\u30eb\u30c1\u30c1\u30e3\u30f3\u30cd\u30ebVPN\u30eb\u30fc\u30bf\u30fc300<\/h4>\n<p><a href=\"https:\/\/konferenztechnik.de\/wp-content\/uploads\/2013\/11\/Vipri-Multichannel-VPN-Rout.jpg\"><img fetchpriority=\"high\" decoding=\"async\" class=\"alignnone size-full wp-image-3823\" alt=\"Vipri\u30de\u30eb\u30c1\u30c1\u30e3\u30f3\u30cd\u30ebVPN\u30eb\u30fc\u30c8\" src=\"https:\/\/konferenztechnik.de\/wp-content\/uploads\/2013\/11\/Vipri-Multichannel-VPN-Rout.jpg\" width=\"308\" height=\"394\" title=\"\" srcset=\"https:\/\/konferenztechnik.de\/wp-content\/uploads\/2013\/11\/Vipri-Multichannel-VPN-Rout.jpg 308w, https:\/\/konferenztechnik.de\/wp-content\/uploads\/2013\/11\/Vipri-Multichannel-VPN-Rout-235x300.jpg 235w\" sizes=\"(max-width: 308px) 100vw, 308px\" \/><\/a><br \/>\n[\u30b3\u30e9\u30e0\uff3d<\/p>\n<p>[column size=\"1-2\u2033 last=\"1\u2033\uff3d\u3002<\/p>\n<h4>LTE\/UMTS\/HSPA+\/GPRS\/EDGE\u30e2\u30b8\u30e5\u30fc\u30eb<\/h4>\n<p><a href=\"https:\/\/konferenztechnik.de\/wp-content\/uploads\/2013\/11\/LTE-UMTS-HSPA-GPRS-EDGE-Mod.jpg\"><img decoding=\"async\" class=\"alignnone size-full wp-image-3824\" alt=\"LTE-UMTS-HSPA-GPRS-EDGE-Mod\" src=\"https:\/\/konferenztechnik.de\/wp-content\/uploads\/2013\/11\/LTE-UMTS-HSPA-GPRS-EDGE-Mod.jpg\" width=\"451\" height=\"273\" title=\"\" srcset=\"https:\/\/konferenztechnik.de\/wp-content\/uploads\/2013\/11\/LTE-UMTS-HSPA-GPRS-EDGE-Mod.jpg 451w, https:\/\/konferenztechnik.de\/wp-content\/uploads\/2013\/11\/LTE-UMTS-HSPA-GPRS-EDGE-Mod-300x182.jpg 300w\" sizes=\"(max-width: 451px) 100vw, 451px\" \/><\/a><br \/>\n[\u30b3\u30e9\u30e0\uff3d<\/p>\n<p>[column size=\"1-2\u2033 last=\"0\u2033\uff3d\u3002<\/p>\n<p>\u30de\u30eb\u30c1\u30c1\u30e3\u30cd\u30ebVPN\u30eb\u30fc\u30bf\u30fc300\u306f\u3001\u30a4\u30f3\u30bf\u30fc\u30cd\u30c3\u30c8\u3078\u306e\u30d5\u30a7\u30a4\u30eb\u30bb\u30fc\u30d5\u306a\u30d6\u30ed\u30fc\u30c9\u30d0\u30f3\u30c9\u63a5\u7d9a\u3084\u3001\u30e2\u30d0\u30a4\u30eb\u62e0\u70b9\u3001\u4f1a\u8b70\u3001\u5404\u7a2e\u30a4\u30d9\u30f3\u30c8\u3067\u306e\u793e\u5185VPN\u63a5\u7d9a\u306b\u6700\u9069\u3067\u3059\u3002\u6700\u5927\u30dc\u30f3\u30c7\u30a3\u30f3\u30b0\u5bb9\u91cf\u306f50MBit\/s\u3067\u3059\u3002<\/p>\n<p>\u500b\u3005\u306e\u30db\u30c3\u30c8\u30d7\u30e9\u30b0\u30e2\u30b8\u30e5\u30fc\u30eb\u3092\u8ffd\u52a0\u307e\u305f\u306f\u524a\u9664\u3059\u308b\u3053\u3068\u3067\u3001\u30cd\u30c3\u30c8\u30ef\u30fc\u30af\u8a2d\u8a08\u3092\u8fc5\u901f\u304b\u3064\u500b\u5225\u306b\u5909\u5316\u3059\u308b\u8981\u4ef6\u306b\u9069\u5408\u3055\u305b\u308b\u3053\u3068\u304c\u3067\u304d\u307e\u3059\u3002<\/p>\n<p>Multichannel VPN Hub 1020\u3068\u306e\u7d44\u307f\u5408\u308f\u305b\u306f\u3001\u7279\u306b\u4e2d\u5c0f\u898f\u6a21\u306e\u4f01\u696d\u30cd\u30c3\u30c8\u30ef\u30fc\u30af\u306b\u9069\u3057\u3066\u3044\u307e\u3059\u3002\u30de\u30eb\u30c1\u30c1\u30e3\u30cd\u30ebVPN\u30cf\u30d62020\u3068\u7d44\u307f\u5408\u308f\u305b\u308b\u3053\u3068\u3067\u3001\u3088\u308a\u5927\u898f\u6a21\u306a\u30cd\u30c3\u30c8\u30ef\u30fc\u30af\u3092\u5b9f\u73fe\u3067\u304d\u307e\u3059\u3002<\/p>\n<p>[\u30b3\u30e9\u30e0\uff3d<\/p>\n<p>[column size=\"1-2\u2033 last=\"1\u2033\uff3d\u3002<\/p>\n<p>LTE\/UMTS\/HSPA+\/GPRS\/EDGE\u30e2\u30b8\u30e5\u30fc\u30eb\u306f\u3001\u3059\u3079\u3066\u306eViprinet\u30de\u30eb\u30c1\u30c1\u30e3\u30f3\u30cd\u30ebVPN\u30eb\u30fc\u30bf\u30fc\u3067\u3001\u73fe\u5728\u306e\u3059\u3079\u3066\u306e\u643a\u5e2f\u96fb\u8a71\u6280\u8853\u306e\u4f7f\u7528\u3092\u53ef\u80fd\u306b\u3057\u307e\u3059\u3002LTE\u306f\u4e16\u754c\u7684\u306b\u666e\u53ca\u3057\u3066\u3044\u308b\u6700\u65b0\u306e\u30e2\u30d0\u30a4\u30eb\u901a\u4fe1\u898f\u683c\u2013\u3067\u30014G\u3068\u3057\u3066\u3082\u77e5\u3089\u308c\u3066\u3044\u307e\u3059\u3002LTE\u306f\u3088\u308a\u5e83\u5e2f\u57df\u3067\u3088\u308a\u5e83\u7bc4\u56f2\u306a\u901a\u4fe1\u3092\u53ef\u80fd\u306b\u3057\u3001\u30e2\u30d0\u30a4\u30eb\u901a\u4fe1\u6280\u8853\u306e\u73fe\u72b6\u3092\u8868\u3057\u3066\u3044\u307e\u3059\u3002<\/p>\n<p>\u7279\u306b\u30e2\u30d0\u30a4\u30eb\u7528\u9014\u3067\u306f\u3001LTE\u30e2\u30b8\u30e5\u30fc\u30eb\u306fUMTS\u304a\u3088\u3073GSM\u643a\u5e2f\u96fb\u8a71\u898f\u683c\u306e\u8ffd\u52a0\u30b5\u30dd\u30fc\u30c8\u306b\u3088\u308a\u3001\u4e2d\u65ad\u306e\u306a\u3044\u643a\u5e2f\u96fb\u8a71\u63a5\u7d9a\u3092\u4fdd\u8a3c\u3057\u307e\u3059\u3002\u7570\u306a\u308b\u643a\u5e2f\u96fb\u8a71\u898f\u683c\u9593\u306e\u79fb\u884c\u306f\u30b7\u30fc\u30e0\u30ec\u30b9\u3067\u3001\u5229\u7528\u53ef\u80fd\u306a\u6700\u826f\u306e\u63a5\u7d9a\u304c\u5e38\u306b\u4f7f\u7528\u3055\u308c\u307e\u3059\u3002<\/p>\n<p>[\u30b3\u30e9\u30e0\uff3d<\/p>\n<p>[callout add_button=\"no\" button_text=\"Learn More\" button_url=\"#\" button_color=\"#a62055\u2033].<\/p>\n<h4>Viprinet\u3068PCS\u306b\u3088\u308b\u9ad8\u4fe1\u983c\u6027\u30fb\u9ad8\u5e2f\u57df\u5e45\u306e\u30a4\u30d9\u30f3\u30c8\u7528\u30bb\u30ad\u30e5\u30a2\u30d3\u30c7\u30aa\u4f1a\u8b70\u30bd\u30ea\u30e5\u30fc\u30b7\u30e7\u30f3\u3002<\/h4>\n<p>[\/callout]\u3002<\/p>","protected":false},"excerpt":{"rendered":"<p>[column size=&#8220;2-3&#8243; last=&#8220;0&#8243;] Nie wieder offline! Viprinet sind die WAN Anbindungspezialisten. Zu niedrige Bandbreite? Zu hohes Ausfallrisiko? Keine ausreichende Netzabdeckung? Nicht mit der intelligenten Kanalb\u00fcndelung von Viprinet. Egal, ob f\u00fcr mobile Anwendungen, schnelle Unternehmensanbindung im l\u00e4ndlichen Raum, flexible Standortvernetzung oder gro\u00dfe Netzwerkarchitekturen: F\u00fcr jede Nutzung gibt es den passenden Multichannel VPN Router. [\/column] [column size=&#8220;1-3&#8243; last=&#8220;1&#8243;] [\/column] [spacer size=&#8220;20&#8243;] Multichannel VPN Router [column size=&#8220;2-3&#8243; last=&#8220;0&#8243;] [tabs style=&#8220;1&#8243;][tab title=&#8220;Bilder&#8220;] [rev_slider ViprinetRouter] [\/tab][tab title=&#8220;Besonderheiten&#8220;] echte B\u00fcndelung aller Leitungsbandbreiten mit\/ohne TCP-Optimierung Quality of Service\/Traffic-shaping (pro WAN-Modul\/VPN-Tunnel) NAT und Port-Forwarding Monitoring (Grafisch, Remote-Syslog) unlimitierte Anzahl VPN-Tunnel (SSL\/AES) regelbasiertes Routing Traffic-Accounting zu externem Server mandantenf\u00e4higes Webadministrationssystem [\/tab][tab title=&#8220;Technische Details&#8220;] Formfaktor Geh\u00e4use: Desktop Stromversorgung: 12 VDC, [&hellip;]<\/p>","protected":false},"author":1,"featured_media":45482,"parent":3614,"menu_order":107,"comment_status":"closed","ping_status":"open","template":"","meta":{"_acf_changed":false,"footnotes":""},"class_list":["post-3805","page","type-page","status-publish","has-post-thumbnail","hentry"],"acf":[],"_links":{"self":[{"href":"https:\/\/konferenztechnik.de\/ja\/wp-json\/wp\/v2\/pages\/3805","targetHints":{"allow":["GET"]}}],"collection":[{"href":"https:\/\/konferenztechnik.de\/ja\/wp-json\/wp\/v2\/pages"}],"about":[{"href":"https:\/\/konferenztechnik.de\/ja\/wp-json\/wp\/v2\/types\/page"}],"author":[{"embeddable":true,"href":"https:\/\/konferenztechnik.de\/ja\/wp-json\/wp\/v2\/users\/1"}],"replies":[{"embeddable":true,"href":"https:\/\/konferenztechnik.de\/ja\/wp-json\/wp\/v2\/comments?post=3805"}],"version-history":[{"count":0,"href":"https:\/\/konferenztechnik.de\/ja\/wp-json\/wp\/v2\/pages\/3805\/revisions"}],"up":[{"embeddable":true,"href":"https:\/\/konferenztechnik.de\/ja\/wp-json\/wp\/v2\/pages\/3614"}],"wp:featuredmedia":[{"embeddable":true,"href":"https:\/\/konferenztechnik.de\/ja\/wp-json\/wp\/v2\/media\/45482"}],"wp:attachment":[{"href":"https:\/\/konferenztechnik.de\/ja\/wp-json\/wp\/v2\/media?parent=3805"}],"curies":[{"name":"wp","href":"https:\/\/api.w.org\/{rel}","templated":true}]}}