{"id":3833,"date":"2013-11-28T13:09:34","date_gmt":"2013-11-28T11:09:34","guid":{"rendered":"https:\/\/konferenztechnik.de\/?page_id=3833"},"modified":"2023-07-03T15:39:42","modified_gmt":"2023-07-03T13:39:42","slug":"%e3%83%90%e3%83%ab%e3%82%b3%e3%83%bb%e3%82%af%e3%83%aa%e3%83%83%e3%82%af%e3%82%b7%e3%82%a7%e3%82%a2","status":"publish","type":"page","link":"https:\/\/konferenztechnik.de\/ja\/%e4%bc%9a%e8%ad%b0%e3%81%8a%e3%82%88%e3%81%b3av%e3%83%a1%e3%83%87%e3%82%a3%e3%82%a2%e6%8a%80%e8%a1%93%e3%81%ae%e9%85%8d%e5%b8%83\/%e3%83%90%e3%83%ab%e3%82%b3%e3%83%bb%e3%82%af%e3%83%aa%e3%83%83%e3%82%af%e3%82%b7%e3%82%a7%e3%82%a2\/","title":{"rendered":"Barco ClickShare \u30d7\u30ec\u30bc\u30f3\u30c6\u30fc\u30b7\u30e7\u30f3\u30b7\u30b9\u30c6\u30e0"},"content":{"rendered":"<h1>\u30ef\u30a4\u30e4\u30ec\u30b9\u30fb\u30d7\u30ec\u30bc\u30f3\u30c6\u30fc\u30b7\u30e7\u30f3\u3001\u30b3\u30e9\u30dc\u30ec\u30fc\u30b7\u30e7\u30f3\u304c\u7c21\u5358\u306b\u3002<\/h1>\n<p>ClickShare\u306f\u3001\u30ce\u30fc\u30c8\u30d1\u30bd\u30b3\u30f3\u3084\u30bf\u30d6\u30ec\u30c3\u30c8\uff08iOS \/ Android\uff09\u3092\u3001\u30dc\u30bf\u30f31\u3064\u3067\u2013\u4f1a\u8b70\u5ba4\u306e\u30d3\u30c7\u30aa\u6280\u8853\u306b\u30ef\u30a4\u30e4\u30ec\u30b9\u63a5\u7d9a\u3057\u307e\u3059\uff01<\/p>\n<p>\u8907\u6570\u306e\u53c2\u52a0\u8005\u304c\u30ef\u30f3\u30af\u30ea\u30c3\u30af\u3067\u30d7\u30ec\u30bc\u30f3\u30c6\u30fc\u30b7\u30e7\u30f3\u306e\u30b9\u30a4\u30c3\u30c1\u3092\u5165\u308c\u3001\u3053\u308c\u307e\u3067\u4ee5\u4e0a\u306b\u7c21\u5358\u306b\u30b3\u30f3\u30c6\u30f3\u30c4\u3092\u5171\u6709\u3067\u304d\u307e\u3059\u3002<\/p>\n<p>\u9ed2\u3044\u753b\u9762\u3001\u4e0d\u6b63\u78ba\u306a\u89e3\u50cf\u5ea6\u3084\u30da\u30fc\u30b8\u8868\u793a\u3001\u63a5\u7d9a\u30b1\u30fc\u30d6\u30eb\u306e\u7d1b\u5931\u306f\u3082\u3046\u3042\u308a\u307e\u305b\u3093\uff01<br \/>\n\u30b3\u30f3\u30c6\u30f3\u30c4\u3092\u7c21\u5358\u306b\u5207\u308a\u66ff\u3048\u3066\u5171\u6709\u3059\u308b\u3053\u3068\u3067\u3001\u307e\u3063\u305f\u304f\u65b0\u3057\u3044\u5f62\u306e\u30b3\u30e9\u30dc\u30ec\u30fc\u30b7\u30e7\u30f3\u304c\u53ef\u80fd\u306b\u306a\u308b\u3002<\/p>\n<p>Bring Your Own Device\u201d\u306e\u30e2\u30c3\u30c8\u30fc\u306b\u5fe0\u5b9f\u306b\u3001\u30af\u30ea\u30c3\u30af\u30b7\u30a7\u30a2\u306f\u30d7\u30e9\u30b0\uff06\u30d7\u30ec\u30a4\u3067\u30bf\u30d6\u30ec\u30c3\u30c8\u3084\u30b9\u30de\u30fc\u30c8\u30d5\u30a9\u30f3\u2013\u3060\u3051\u3067\u306a\u304f\u3001\u3059\u3079\u3066\u306e\u4e00\u822c\u7684\u306a\u30b3\u30f3\u30d4\u30e5\u30fc\u30bf\u30b7\u30b9\u30c6\u30e0\u3067\u3082\u52d5\u4f5c\u3057\u307e\u3059\u3002<\/p>\n<p><a href=\"https:\/\/konferenztechnik.de\/wp-content\/uploads\/2013\/11\/Barco-Logo.jpg\"><img decoding=\"async\" class=\"alignright size-full wp-image-3844\" src=\"https:\/\/konferenztechnik.de\/wp-content\/uploads\/2013\/11\/Barco-Logo.jpg\" alt=\"\u30d0\u30eb\u30b3\u306e\u30ed\u30b4\" width=\"181\" height=\"178\" title=\"\"><\/a><\/p>\n<div class=\"boxcontainer-home\">\n<div class=\"box1\">\n<p><img decoding=\"async\" class=\"alignnone size-full wp-image-1418\" src=\"https:\/\/konferenztechnik.de\/wp-content\/uploads\/2017\/04\/Barco-ClickShare-Button.jpg\" alt=\"\u30d0\u30eb\u30b3\u30fb\u30af\u30ea\u30c3\u30af\u30b7\u30a7\u30a2 \u30b9\u30c6\u30c3\u30d71\" title=\"\"><\/p>\n<h2>\u30dc\u30bf\u30f3\u3092USB\u30dd\u30fc\u30c8\u306b\u63a5\u7d9a\u3059\u308b<\/h2>\n<p>ClickShare\u3092\u4f7f\u3048\u3070\u3001\u30ce\u30fc\u30c8\u30d1\u30bd\u30b3\u30f3\u3084\u30e2\u30d0\u30a4\u30eb\u6a5f\u5668\u306e\u30b3\u30f3\u30c6\u30f3\u30c4\u3092\u7c21\u5358\u306b\u30d7\u30ec\u30bc\u30f3\u30c6\u30fc\u30b7\u30e7\u30f3\u753b\u9762\u306b\u8ee2\u9001\u3059\u308b\u3053\u3068\u304c\u3067\u304d\u307e\u3059\u3002<\/p>\n<\/div>\n<div class=\"box2\">\n<p><img decoding=\"async\" class=\"alignnone size-full wp-image-1418\" src=\"https:\/\/konferenztechnik.de\/wp-content\/uploads\/2017\/04\/Barco-ClickShare-Praesentationssystem.jpg\" alt=\"\u30d0\u30eb\u30b3\u30fb\u30af\u30ea\u30c3\u30af\u30b7\u30a7\u30a2 \u30b9\u30c6\u30c3\u30d72\" title=\"\"><\/p>\n<h2>\u30dc\u30bf\u30f3\u3092\u30af\u30ea\u30c3\u30af\u3057\u3066\u753b\u9762\u3092\u898b\u308b<\/h2>\n<p>\u30ef\u30f3\u30af\u30ea\u30c3\u30af\u3067\u3001\u30df\u30fc\u30c6\u30a3\u30f3\u30b0\u3092\u30a2\u30a4\u30c7\u30a2\u3001\u30b3\u30f3\u30c6\u30f3\u30c4\u3001\u305d\u3057\u3066\u4eba\u3005\u3092\u7d50\u3073\u3064\u3051\u308b\u4f53\u9a13\u306b\u5909\u3048\u308b\u3053\u3068\u304c\u3067\u304d\u307e\u3059\u3002\u30b1\u30fc\u30d6\u30eb\u3082\u3001\u8a2d\u5b9a\u3082\u3001\u53c2\u52a0\u8005\u3092\u5f85\u3064\u5fc5\u8981\u3082\u3042\u308a\u307e\u305b\u3093\u3002<\/p>\n<\/div>\n<div class=\"box3\"><img decoding=\"async\" class=\"alignnone size-full wp-image-1418\" src=\"https:\/\/konferenztechnik.de\/wp-content\/uploads\/2017\/04\/Barco-ClickShare-drahtlosesPraesentieren.jpg\" alt=\"\u30d0\u30eb\u30b3\u30fb\u30af\u30ea\u30c3\u30af\u30b7\u30a7\u30a2 \u30b9\u30c6\u30c3\u30d73\" title=\"\"><\/p>\n<h2>\u5927\u4f1a\u671f\u9593\u4e2d\u306b\u4f5c\u54c1\u3092\u5171\u6709\u3059\u308b<\/h2>\n<p>ClickShare\u306e\u30d7\u30e9\u30b0\u30a4\u30f3\u30b3\u30e9\u30dc\u30ec\u30fc\u30b7\u30e7\u30f3\u2013\u3067\u3001\u3042\u306a\u305f\u306e\u4f1a\u8b70\u306f\u4e8c\u5ea6\u3068\u540c\u3058\u3067\u306f\u3042\u308a\u307e\u305b\u3093\uff01\u30b3\u30f3\u30c6\u30f3\u30c4\u306e\u5171\u6709\u3092\u4fc3\u9032\u3059\u308b\u3053\u3068\u3067\u3001\u4f1a\u8b70\u306f\u65b0\u305f\u306a\u30ec\u30d9\u30eb\u2013one\u3078\u3068\u6607\u83ef\u3057\u3001\u7d20\u6674\u3089\u3057\u3044\u30a2\u30a4\u30c7\u30a2\u304c\u751f\u307e\u308c\u307e\u3059\u3002<\/p>\n<\/div>\n<\/div>\n<h4>\u30af\u30ea\u30c3\u30af\u30b7\u30a7\u30a2 CS-100<img decoding=\"async\" class=\"aligncenter size-full wp-image-3845\" src=\"https:\/\/konferenztechnik.de\/wp-content\/uploads\/2017\/04\/Barco-Clickshare-CS-100.jpg\" alt=\"\u30af\u30ea\u30c3\u30af\u30b7\u30a7\u30a21\" title=\"\"><br \/>\nCS-100\u30d9\u30fc\u30b9\u30e6\u30cb\u30c3\u30c8\u306b\u306f\u3001\u6697\u53f7\u5316\u3001\u30ed\u30b0\u30a4\u30f3\u7ba1\u7406\u3001HTTPS\u3001\u30d9\u30fc\u30b9\u30e6\u30cb\u30c3\u30c8\u306e\u30ef\u30a4\u30e4\u30ec\u30b9\u30cd\u30c3\u30c8\u30ef\u30fc\u30af\u306eSSID\u3092\u96a0\u3059\u6a5f\u80fd\u306a\u3069\u3001\u30af\u30ea\u30c3\u30af\u30b7\u30a7\u30a2\u6a19\u6e96\u306e\u30bb\u30ad\u30e5\u30ea\u30c6\u30a3\u6a5f\u80fd\u304c\u542b\u307e\u308c\u3066\u3044\u307e\u3059\u3002<\/h4>\n<ul>\n<li>Windows 7\/8\/8.1\/10 32 &amp; 64 bit\u3001Mac OSX 10.10\/10.11\/10.12 (Sierra)\u3001Android v5 &amp; v6 (ClickShare app)\u3001iOS 8, 9 &amp; 10 (ClickShare app)<\/li>\n<li>\u30d3\u30c7\u30aa\u51fa\u529b\uff1a1 x HDMI<\/li>\n<li>\u30d5\u30ec\u30fc\u30e0\u30ec\u30fc\u30c8\uff1a30fps<\/li>\n<li>\u51fa\u529b\u89e3\u50cf\u5ea6\uff1a1,920\u00d71,200<\/li>\n<li>\u9a12\u97f3\u30ec\u30d9\u30eb\uff1a\u30d5\u30a1\u30f3\u30ec\u30b9<\/li>\n<li>\u540c\u6642\u30bd\u30fc\u30b9\u6570\uff1a1<\/li>\n<li>\u540c\u6642\u63a5\u7d9a\u6570\uff1a8<\/li>\n<\/ul>\n<p>\u5c0f\u898f\u6a21\u4f1a\u8b70\u5ba4\u5411\u3051\u30ef\u30a4\u30e4\u30ec\u30b9\u72ec\u7acb\u578b\u30d7\u30ec\u30bc\u30f3\u30c6\u30fc\u30b7\u30e7\u30f3\u30fb\u30b7\u30b9\u30c6\u30e0<\/p>\n<p>CS-100\u30d9\u30fc\u30b9\u30e6\u30cb\u30c3\u30c8\u306f\u3001HDMI\u51fa\u529b\u3092\u5099\u3048\u305f\u30b9\u30bf\u30f3\u30c9\u30a2\u30ed\u30fc\u30f3\u30e2\u30c7\u30eb\u3067\u3059\u3002\u6700\u59278\u30e6\u30fc\u30b6\u30fc\u307e\u3067\u63a5\u7d9a\u53ef\u80fd\u3067\u3001\u4e00\u5ea6\u306b1\u30e6\u30fc\u30b6\u30fc\u304c\u30b3\u30f3\u30c6\u30f3\u30c4\u3092\u5171\u6709\u3067\u304d\u307e\u3059\u3002<\/p>\n<h4>\u30af\u30ea\u30c3\u30af\u30b7\u30a7\u30a2 CSE-200<img decoding=\"async\" class=\"aligncenter size-full wp-image-3845\" src=\"https:\/\/konferenztechnik.de\/wp-content\/uploads\/2017\/04\/Barco-Clickshare-CSE-200.jpg\" alt=\"\u30af\u30ea\u30c3\u30af\u30b7\u30a7\u30a21\" title=\"\"><br \/>\nCSE-200\u30d9\u30fc\u30b9\u30e6\u30cb\u30c3\u30c8\u306f\u3001\u9ad8\u5ea6\u306a\u30bb\u30ad\u30e5\u30ea\u30c6\u30a3\u6a5f\u80fd\u3001HDCP\u975e\u5bfe\u5fdc\u30b3\u30f3\u30c6\u30f3\u30c4\u7528\u306eAirPlay\u3084Google Cast\u306a\u3069\u3001\u3088\u308a\u591a\u304f\u306e\u63a5\u7d9a\u30aa\u30d7\u30b7\u30e7\u30f3\u3001\u96c6\u4e2d\u7ba1\u7406\u3092\u5fc5\u8981\u3068\u3059\u308b\u5927\u898f\u6a21\u7d44\u7e54\u5411\u3051\u306b\u8a2d\u8a08\u3055\u308c\u3066\u3044\u307e\u3059\u3002CSE-200\u30d9\u30fc\u30b9\u30e6\u30cb\u30c3\u30c8\u3092\u4f7f\u7528\u3059\u308c\u3070\u3001\u6700\u59272\u4eba\u304c\u540c\u6642\u306b\u4e26\u3093\u3067\u30b3\u30f3\u30c6\u30f3\u30c4\u3092\u898b\u308b\u3053\u3068\u304c\u3067\u304d\u307e\u3059\u2013\u3053\u308c\u306b\u3088\u308a\u3001\u4e2d\u592e\u306e\u30b9\u30af\u30ea\u30fc\u30f3\u306b\u76f4\u63a5\u9001\u4fe1\u3059\u308b\u3053\u3068\u304c\u3067\u304d\u3001\u30b3\u30e9\u30dc\u30ec\u30fc\u30b7\u30e7\u30f3\u304c\u5411\u4e0a\u3057\u307e\u3059\u3002\u4f7f\u3044\u3084\u3059\u3055\u3078\u306e\u8ca2\u732e\u3068\u3057\u3066\u3001CSE-200\u306e\u30bb\u30ad\u30e5\u30ea\u30c6\u30a3\u6a5f\u80fd\u306f\u3001\u4f01\u696d\u306e\u30ac\u30a4\u30c9\u30e9\u30a4\u30f3\u3084\u8981\u4ef6\u306b\u5fdc\u3058\u3066\u3001\u3042\u3089\u304b\u3058\u3081\u5b9a\u7fa9\u3055\u308c\u305f3\u3064\u306e\u30ec\u30d9\u30eb\u306e\u3044\u305a\u308c\u304b\u306b\u8a2d\u5b9a\u3059\u308b\u3053\u3068\u304c\u3067\u304d\u307e\u3059\u3002\u307e\u305f\u3001API\u3092\u5229\u7528\u3059\u308b\u3053\u3068\u3067\u3001\u793e\u5185\u30cd\u30c3\u30c8\u30ef\u30fc\u30af\u3078\u306e\u7d71\u5408\u3082\u5bb9\u6613\u306b\u306a\u308a\u307e\u3059\u3002<\/h4>\n<ul>\n<li>Windows 7\/8\/8.1\/10 32 &amp; 64 bit\u3001Mac OSX 10.10\/10.11\/10.12 (Sierra)\u3001Android v5 &amp; v6 (ClickShare app)\u3001iOS 8, 9 &amp; 10 (ClickShare app)<\/li>\n<li>\u30d3\u30c7\u30aa\u51fa\u529b\uff1a1 x HDMI<\/li>\n<li>\u30d5\u30ec\u30fc\u30e0\u30ec\u30fc\u30c8\uff1a30fps<\/li>\n<li>\u51fa\u529b\u89e3\u50cf\u5ea6\uff1a1,920\u00d71,200<\/li>\n<li>\u9a12\u97f3\u30ec\u30d9\u30eb\uff1a\u30d5\u30a1\u30f3\u30ec\u30b9<\/li>\n<li>\u540c\u6642\u30bd\u30fc\u30b9\u6570\uff1a2<\/li>\n<li>\u540c\u6642\u63a5\u7d9a\u6570\uff1a16<\/li>\n<\/ul>\n<p>\u6a19\u6e96\u4f1a\u8b70\u5ba4\u7528\u30ef\u30a4\u30e4\u30ec\u30b9\u30fb\u30d7\u30ec\u30bc\u30f3\u30c6\u30fc\u30b7\u30e7\u30f3\u30fb\u30b7\u30b9\u30c6\u30e0<\/p>\n<p>CSE-200\u30d9\u30fc\u30b9\u30e6\u30cb\u30c3\u30c8\u306f\u3001\u4e2d\u5c0f\u898f\u6a21\u306e\u4f1a\u8b70\u5ba4\u3067\u30af\u30ea\u30c3\u30af\u30b7\u30a7\u30a2\u4f53\u9a13\u3092\u53ef\u80fd\u306b\u3057\u307e\u3059\u3002\u30b2\u30b9\u30c8\u3092\u542b\u3080\u8ab0\u3067\u3082\u30ef\u30f3\u30af\u30ea\u30c3\u30af\u3067\u63a5\u7d9a\u3067\u304d\u3001\u30c8\u30ec\u30fc\u30cb\u30f3\u30b0\u306f\u4e0d\u8981\u3067\u3059\u3002\u53c2\u52a0\u8005\u306f\u3001\u30af\u30ea\u30c3\u30af\u30b7\u30a7\u30a2\u30dc\u30bf\u30f3\u306eUSB\u30c7\u30d0\u30a4\u30b9\u2013\u3092PC\u307e\u305f\u306fMac\u306b\u63a5\u7d9a\u3057\u3001\u30dc\u30bf\u30f3\u3092\u62bc\u3059\u3060\u3051\u3067\u3001\u30ce\u30fc\u30c8\u30d1\u30bd\u30b3\u30f3\u306e\u30b3\u30f3\u30c6\u30f3\u30c4\u3092\u4f1a\u8b70\u5ba4\u306e\u5927\u304d\u306a\u30b9\u30af\u30ea\u30fc\u30f3\u306b\u8868\u793a\u3059\u308b\u3053\u3068\u304c\u3067\u304d\u307e\u3059\u3002\u30af\u30ea\u30c3\u30af\u30b7\u30a7\u30a2\u30a2\u30d7\u30ea\u3092\u4f7f\u3048\u3070\u3001\u30b9\u30de\u30fc\u30c8\u30d5\u30a9\u30f3\u3084\u30bf\u30d6\u30ec\u30c3\u30c8\u304b\u3089\u3082\u30b3\u30f3\u30c6\u30f3\u30c4\u3092\u5171\u6709\u3067\u304d\u307e\u3059\u3002<\/p>\n<h4>\u30af\u30ea\u30c3\u30af\u30b7\u30a7\u30a2 CSE-800<img decoding=\"async\" class=\"aligncenter size-full wp-image-3845\" src=\"https:\/\/konferenztechnik.de\/wp-content\/uploads\/2017\/04\/Barco-Clickshare-CSE-800.jpg\" alt=\"\u30af\u30ea\u30c3\u30af\u30b7\u30a7\u30a21\" title=\"\"><br \/>\n2\u3064\u306e\u30cd\u30c3\u30c8\u30ef\u30fc\u30af\u63a5\u7d9a\u306b\u3088\u308a\u3001\u8907\u6570\u306e\u30cd\u30c3\u30c8\u30ef\u30fc\u30af\uff08\u30b2\u30b9\u30c8\u30cd\u30c3\u30c8\u30ef\u30fc\u30af\u3068\u4f01\u696d\u30cd\u30c3\u30c8\u30ef\u30fc\u30af\u306a\u3069\uff09\u306b\u500b\u5225\u306b\u540c\u6642\u63a5\u7d9a\u3067\u304d\u3001\u30e6\u30fc\u30b6\u30fc\u306b\u3055\u3089\u306a\u308b\u30bb\u30ad\u30e5\u30ea\u30c6\u30a3\u3068\u5229\u4fbf\u6027\u3092\u63d0\u4f9b\u3057\u307e\u3059\u3002\u6700\u59278\u4eba\u3067\u540c\u6642\u306b\u30b3\u30f3\u30c6\u30f3\u30c4\u3092\u5171\u6709\u3067\u304d\u308bCSE-800\u306f\u3001\u4e2d\u592e\u306e\u30b9\u30af\u30ea\u30fc\u30f3\u3078\u306e\u76f4\u63a5\u9001\u4fe1\u3092\u53ef\u80fd\u306b\u3057\u3001\u30b3\u30e9\u30dc\u30ec\u30fc\u30b7\u30e7\u30f3\u3092\u5411\u4e0a\u3055\u305b\u307e\u3059\u3002<\/h4>\n<p>\u30e2\u30c7\u30ec\u30fc\u30b7\u30e7\u30f3\u6a5f\u80fd\u306f\u3001\u8907\u6570\u306e\u4eba\u304c\u540c\u6642\u306b\u30b3\u30f3\u30c6\u30f3\u30c4\u3092\u653e\u9001\u3057\u305f\u3044\u3088\u3046\u306a\u5927\u304d\u306a\u90e8\u5c4b\u3067\u4f7f\u7528\u3059\u308b\u305f\u3081\u306b\u7279\u5225\u306b\u958b\u767a\u3055\u308c\u307e\u3057\u305f\u3002\u753b\u9762\u306e\u5207\u308a\u66ff\u3048\u304c\u65e9\u304f\u306a\u308a\u3059\u304e\u306a\u3044\u3088\u3046\u306b\u3001\u30e2\u30c7\u30ec\u30fc\u30bf\u30fc\u306f\u3069\u306e\u30b3\u30f3\u30c6\u30f3\u30c4\u3092\u3069\u306e\u6642\u9593\u306b\u653e\u9001\u3059\u308b\u304b\u3092\u624b\u52d5\u3067\u9078\u629e\u3059\u308b\u3053\u3068\u304c\u3067\u304d\u307e\u3059\u3002<\/p>\n<p>CSE-800\u306e\u30bb\u30ad\u30e5\u30ea\u30c6\u30a3\u6a5f\u80fd\u306f\u3001\u4f01\u696d\u306e\u30ac\u30a4\u30c9\u30e9\u30a4\u30f3\u3084\u8981\u4ef6\u306b\u5fdc\u3058\u3066\u3001\u3042\u3089\u304b\u3058\u30813\u6bb5\u968e\u306e\u30ec\u30d9\u30eb\u306b\u8a2d\u5b9a\u3059\u308b\u3053\u3068\u304c\u3067\u304d\u307e\u3059\u3002<\/p>\n<ul>\n<li>Windows 7\/8\/8.1\/10 32 &amp; 64 bit\u3001Mac OSX 10.10\/10.11\/10.12 (Sierra)\u3001Android v5 &amp; v6 (ClickShare app)\u3001iOS 8, 9 &amp; 10 (ClickShare app)<\/li>\n<li>\u30d3\u30c7\u30aa\u51fa\u529b\uff1a2 x HDMI<\/li>\n<li>\u30d3\u30c7\u30aa\u5165\u529b\uff1a2 x HDMI<\/li>\n<li>\u30d5\u30ec\u30fc\u30e0\u30ec\u30fc\u30c8\uff1a30fps<\/li>\n<li>\u51fa\u529b\u89e3\u50cf\u5ea6\uff1a4K DCI\uff084,096 \u00d7 2,160\uff09<\/li>\n<li>\u5165\u529b\u89e3\u50cf\u5ea6\uff1a4K DCI\uff084,096 \u00d7 2,160\uff09<\/li>\n<li>\u9a12\u97f3\u30ec\u30d9\u30eb\uff1a\u6700\u592725 dBA<\/li>\n<li>\u540c\u6642\u30bd\u30fc\u30b9\u6570\uff1a8\uff08\u5404\u30b9\u30af\u30ea\u30fc\u30f34\uff09<\/li>\n<li>\u540c\u6642\u63a5\u7d9a\u6570\uff1a64<\/li>\n<\/ul>\n<p>\u5f79\u54e1\u4f1a\u8b70\u5ba4\u3084\u4f1a\u8b70\u5ba4\u3067\u306e\u30d7\u30ec\u30bc\u30f3\u30c6\u30fc\u30b7\u30e7\u30f3\u3084\u30b3\u30e9\u30dc\u30ec\u30fc\u30b7\u30e7\u30f3\u306e\u305f\u3081\u306e\u30ef\u30a4\u30e4\u30ec\u30b9\u30b7\u30b9\u30c6\u30e0<\/p>\n<p>CSE-800\u306f2\u7cfb\u7d71\u306eHDMI\u5165\u51fa\u529b\u3092\u5099\u3048\u3066\u3044\u307e\u3059\u3002\u3053\u308c\u306b\u3088\u308a\u3001\u30ec\u30ac\u30b7\u30fc\u30b7\u30b9\u30c6\u30e0\u3078\u306e\u76f4\u63a5\u63a5\u7d9a\u3084\u4f1a\u8b70\u30b7\u30b9\u30c6\u30e0\u3078\u306e\u7d71\u5408\u304c\u5bb9\u6613\u306b\u306a\u308a\u307e\u3059\u3002\u307e\u305f\u30011\u53f0\u306e\u30d9\u30fc\u30b9\u30e6\u30cb\u30c3\u30c8\u304b\u30894K\u753b\u8cea\u306eUHD\u30c7\u30a3\u30b9\u30d7\u30ec\u30a42\u53f0\u3092\u5236\u5fa1\u3067\u304d\u307e\u3059\u3002<\/p>\n<h4>\u30a2\u30af\u30bb\u30b5\u30ea\u30fc<\/h4>\n<div class=\"boxcontainer-home\">\n<div class=\"box1\">\n<p><img decoding=\"async\" class=\"alignnone size-full wp-image-1418\" src=\"https:\/\/konferenztechnik.de\/wp-content\/uploads\/2017\/04\/ClickShare-tray.jpg\" alt=\"\u30dc\u30bf\u30f3\u3068\u30c8\u30ec\u30a4\u306e\u30d1\u30c3\u30b1\u30fc\u30b8\" title=\"\"><\/p>\n<h2>\u30dc\u30bf\u30f3\u3068\u30c8\u30ec\u30a4\u306e\u30d1\u30c3\u30b1\u30fc\u30b8<\/h2>\n<p>\u30b3\u30e9\u30dc\u30ec\u30fc\u30b7\u30e7\u30f3\u306f\u4e00\u4eba\u3067\u306f\u3046\u307e\u304f\u3044\u304d\u307e\u305b\u3093\u3002\u5c11\u306a\u304f\u3068\u30822\u4eba\u306f\u5fc5\u8981\u306a\u306e\u3067\u3001\u4f1a\u8b70\u5ba4\u306b\u306f\u5e38\u306b\u8907\u6570\u306e\u30af\u30ea\u30c3\u30af\u30b7\u30a7\u30a2\u30dc\u30bf\u30f3\u3092\u7528\u610f\u3057\u3066\u304a\u304f\u3068\u3088\u3044\u3067\u3057\u3087\u3046\u3002<\/p>\n<p>\u30ef\u30a4\u30e4\u30ec\u30b9\u30af\u30ea\u30c3\u30af\u30b7\u30a7\u30a2\u30dc\u30bf\u30f3\u3001\u30af\u30ea\u30c3\u30af\u30b7\u30a7\u30a2\u30b9\u30a4\u30c3\u30c1\u30c8\u30ec\u30a4<\/p>\n<\/div>\n<div class=\"box2\">\n<p><img decoding=\"async\" class=\"alignnone size-full wp-image-1418\" src=\"https:\/\/konferenztechnik.de\/wp-content\/uploads\/2017\/04\/ClickShare-App.jpg\" alt=\"\u30af\u30ea\u30c3\u30af\u30b7\u30a7\u30a2\u30a2\u30d7\u30ea\" title=\"\"><\/p>\n<h2>\u30af\u30ea\u30c3\u30af\u30b7\u30a7\u30a2\u30a2\u30d7\u30ea<\/h2>\n<p>iOS\u307e\u305f\u306fAndroid\u30b3\u30f3\u30c6\u30f3\u30c4\u3092\u5171\u6709\u3059\u308b\u305f\u3081\u306e\u30a2\u30d7\u30ea<\/p>\n<p>\u30af\u30ea\u30c3\u30af\u30b7\u30a7\u30a2\u30a2\u30d7\u30ea\u3092\u4f7f\u3048\u3070\u3001iOS\u3084\u30a2\u30f3\u30c9\u30ed\u30a4\u30c9\u7aef\u672b\u3067\u30d0\u30fc\u30c1\u30e3\u30eb\u30dc\u30bf\u30f3\u3092\u30af\u30ea\u30c3\u30af\u3059\u308b\u3060\u3051\u3067\u3001\u7c21\u5358\u304b\u3064\u76f4\u611f\u7684\u306b\u30b3\u30f3\u30c6\u30f3\u30c4\u3092\u5171\u6709\u3059\u308b\u3053\u3068\u304c\u3067\u304d\u307e\u3059\u3002<\/p>\n<\/div>\n<div class=\"box3\">\n<p><img decoding=\"async\" class=\"alignnone size-full wp-image-1418\" src=\"https:\/\/konferenztechnik.de\/wp-content\/uploads\/2017\/04\/ClickShare-Management-Suite.jpg\" alt=\"\u30af\u30ea\u30c3\u30af\u30b7\u30a7\u30a2\u7ba1\u7406\u30b9\u30a4\u30fc\u30c8\" title=\"\"><\/p>\n<h2>\u30af\u30ea\u30c3\u30af\u30b7\u30a7\u30a2\u7ba1\u7406\u30b9\u30a4\u30fc\u30c8<\/h2>\n<p>\u793e\u5185\u306e\u3059\u3079\u3066\u306e\u30af\u30ea\u30c3\u30af\u30b7\u30a7\u30a2\u3092\u4e00\u5143\u7ba1\u7406<\/p>\n<ul>\n<li>\u30b9\u30c6\u30fc\u30bf\u30b9\u30fb\u30e2\u30cb\u30bf\u30ea\u30f3\u30b0<\/li>\n<li>\u30bd\u30d5\u30c8\u30a6\u30a7\u30a2\u30fb\u30a2\u30c3\u30d7\u30c7\u30fc\u30c8\u306e\u8a08\u753b<\/li>\n<li>\u30e6\u30fc\u30b6\u30fc\u7ba1\u7406<\/li>\n<li>\u30af\u30ea\u30c3\u30af\u30b7\u30a7\u30a2\u30d9\u30fc\u30b9\u30e6\u30cb\u30c3\u30c8\u306e\u793e\u5185\u30cd\u30c3\u30c8\u30ef\u30fc\u30af\u3078\u306e\u7d71\u5408\u306e\u7c21\u7d20\u5316<\/li>\n<li>\u30af\u30ed\u30fc\u30f3\u69cb\u6210<\/li>\n<li>\u80cc\u666f\u753b\u50cf\u306e\u30ea\u30e2\u30fc\u30c8\u30a4\u30f3\u30b9\u30c8\u30fc\u30eb<\/li>\n<\/ul>\n<\/div>\n<\/div>\n<h4>\u88fd\u54c1\u30d3\u30c7\u30aa<\/h4>\n<p><iframe src=\"https:\/\/www.youtube.com\/embed\/bm8HQle5WoU\" width=\"560\" height=\"315\" frameborder=\"0\" allowfullscreen=\"allowfullscreen\"><\/iframe><\/p>\n<p><iframe src=\"https:\/\/www.youtube.com\/embed\/3R-AbOkN_98\" width=\"560\" height=\"315\" frameborder=\"0\" allowfullscreen=\"allowfullscreen\"><\/iframe><\/p>\n<div class=\"boxcontainer\">\n<div class=\"box1-2\">\n<h1>\u62c5\u5f53\u8005<\/h1>\n<\/div>\n<div class=\"box1-2-order\">\n<h1>\u305d\u306e\u4ed6\u306e\u30ea\u30f3\u30af<\/h1>\n<\/div>\n<div class=\"box1-4\">\n<div class=\"box-head\">\u6d41\u901a\u30fb\u8ca9\u58f2<\/div>\n<\/div>\n<div class=\"box2-4-2\" style=\"order: 1;\">\n<div class=\"weiterlinks\">\n<p><a title=\"\u88fd\u54c1\u30b0\u30eb\u30fc\u30d7\u5225\u5206\u5e03\" href=\"https:\/\/konferenztechnik.de\/ja\/%e3%83%90%e3%83%ab%e3%82%b3\/\">\u30d0\u30eb\u30b3\u306e\u6982\u8981<\/a><br \/>\n<a title=\"\u30e1\u30fc\u30ab\u30fc\u5225\u5206\u5e03\" href=\"\/ja\/%e3%83%a1%e3%83%bc%e3%82%ab%e3%83%bc\/\">\u30e1\u30fc\u30ab\u30fc\u5225\u5206\u5e03<\/a><br \/>\n<a title=\"\u88fd\u54c1\u30b0\u30eb\u30fc\u30d7\u5225\u5206\u5e03\" href=\"\/ja\/%e8%a3%bd%e5%93%81%e3%82%b0%e3%83%ab%e3%83%bc%e3%83%97\/\">\u88fd\u54c1\u30b0\u30eb\u30fc\u30d7\u5225\u5206\u5e03<\/a><br \/>\n<a title=\"\u30ab\u30b9\u30bf\u30de\u30a4\u30ba\u88fd\u54c1\u3001\u30e1\u30f3\u30c6\u30ca\u30f3\u30b9\u3001\u4fee\u7406\" href=\"\/ja\/%e3%82%b5%e3%83%bc%e3%83%93%e3%82%b9-2\/%e3%83%a1%e3%83%b3%e3%83%86%e3%83%8a%e3%83%b3%e3%82%b9%e3%81%a8%e4%bf%ae%e7%90%86\/\">\u30ab\u30b9\u30bf\u30de\u30a4\u30ba\u88fd\u54c1\u3001\u30e1\u30f3\u30c6\u30ca\u30f3\u30b9\u3001\u4fee\u7406<\/a><br \/>\n<a title=\"PCS\u304c\u5fc5\u8981\u306a10\u306e\u7406\u7531\" href=\"\/ja\/%e4%bc%9a%e7%a4%be%e6%a6%82%e8%a6%81-2\/pc%e3%82%92%e9%81%b8%e3%81%b610%e3%81%ae%e7%90%86%e7%94%b1\/\">PCS\u304c\u5fc5\u8981\u306a10\u306e\u7406\u7531<\/a><br \/>\n<a title=\"\u53c2\u8003\u6587\u732e\" href=\"\/ja\/%e4%bc%9a%e7%a4%be%e6%a6%82%e8%a6%81-2\/%e3%83%aa%e3%83%95%e3%82%a1%e3%83%ac%e3%83%b3%e3%82%b9%e3%83%bb%e3%83%aa%e3%82%b9%e3%83%88\/\">\u53c2\u8003\u6587\u732e \u30a4\u30f3\u30b9\u30c8\u30fc\u30eb\u3068\u7d71\u5408<\/a><br \/>\n<a title=\"PCS\uff1a\u5168\u30b5\u30fc\u30d3\u30b9\u4e00\u89a7\" href=\"\/ja\/%e3%82%b5%e3%83%bc%e3%83%93%e3%82%b9-2\/\">PCS\uff1a\u5168\u30b5\u30fc\u30d3\u30b9\u4e00\u89a7<\/a><\/p>\n<\/div>\n<\/div>\n<\/div>","protected":false},"excerpt":{"rendered":"<p>Kabelloses Pr\u00e4sentieren, Zusammenarbeit leichtgemacht. ClickShare verbindet Laptops und Tablets (iOS \/ Android) drahtlos mit der Videotechnik Ihres Konferenzraums &#8211; mit nur einem Knopfdruck! Mehrere Teilnehmer k\u00f6nnen ihre Pr\u00e4sentation mit einem Klick zuschalten und so Inhalte, einfach wie nie, teilen. Nie wieder schwarze Bildschirme, falsche Aufl\u00f6sungen und Seitendarstellungen oder fehlende Anschlusskabel! Durch das einfache Umschalten und Teilen von Inhalten wird eine v\u00f6llig neue Zusammenarbeit erm\u00f6glicht. Getreu dem Motto \u201cBring Your Own Device\u201d funktioniert ClickShare mit allen g\u00e4ngigen Computersystemen sowie auf Tablets und Smartphones \u2013 per Plug &amp; Play. Schlie\u00dfen Sie den Button an einen USB-Anschluss an Mit ClickShare k\u00f6nnen Sie die Inhalte Ihres Laptops oder mobilen Ger\u00e4ts ganz einfach auf einen [&hellip;]<\/p>","protected":false},"author":1,"featured_media":45482,"parent":3614,"menu_order":105,"comment_status":"closed","ping_status":"open","template":"","meta":{"_acf_changed":false,"footnotes":""},"class_list":["post-3833","page","type-page","status-publish","has-post-thumbnail","hentry"],"acf":[],"_links":{"self":[{"href":"https:\/\/konferenztechnik.de\/ja\/wp-json\/wp\/v2\/pages\/3833","targetHints":{"allow":["GET"]}}],"collection":[{"href":"https:\/\/konferenztechnik.de\/ja\/wp-json\/wp\/v2\/pages"}],"about":[{"href":"https:\/\/konferenztechnik.de\/ja\/wp-json\/wp\/v2\/types\/page"}],"author":[{"embeddable":true,"href":"https:\/\/konferenztechnik.de\/ja\/wp-json\/wp\/v2\/users\/1"}],"replies":[{"embeddable":true,"href":"https:\/\/konferenztechnik.de\/ja\/wp-json\/wp\/v2\/comments?post=3833"}],"version-history":[{"count":0,"href":"https:\/\/konferenztechnik.de\/ja\/wp-json\/wp\/v2\/pages\/3833\/revisions"}],"up":[{"embeddable":true,"href":"https:\/\/konferenztechnik.de\/ja\/wp-json\/wp\/v2\/pages\/3614"}],"wp:featuredmedia":[{"embeddable":true,"href":"https:\/\/konferenztechnik.de\/ja\/wp-json\/wp\/v2\/media\/45482"}],"wp:attachment":[{"href":"https:\/\/konferenztechnik.de\/ja\/wp-json\/wp\/v2\/media?parent=3833"}],"curies":[{"name":"wp","href":"https:\/\/api.w.org\/{rel}","templated":true}]}}