{"id":4489,"date":"2014-04-17T15:45:59","date_gmt":"2014-04-17T13:45:59","guid":{"rendered":"https:\/\/konferenztechnik.de\/?page_id=4489"},"modified":"2023-07-05T10:59:55","modified_gmt":"2023-07-05T08:59:55","slug":"%e7%89%b9%e6%ae%8a%e3%83%96%e3%83%a9%e3%82%b1%e3%83%83%e3%83%88","status":"publish","type":"page","link":"https:\/\/konferenztechnik.de\/ja\/%e4%bc%9a%e8%ad%b0%e3%81%8a%e3%82%88%e3%81%b3av%e3%83%a1%e3%83%87%e3%82%a3%e3%82%a2%e6%8a%80%e8%a1%93%e3%81%ae%e9%85%8d%e5%b8%83\/%e3%83%93%e3%83%87%e3%82%aa%e6%8a%80%e8%a1%93\/%e3%83%87%e3%82%a3%e3%82%b9%e3%83%97%e3%83%ac%e3%82%a4%e3%81%8a%e3%82%88%e3%81%b3%e3%83%97%e3%83%ad%e3%82%b8%e3%82%a7%e3%82%af%e3%82%bf%e3%83%bc%e7%94%a8%e3%83%9e%e3%82%a6%e3%83%b3%e3%83%88\/%e7%89%b9%e6%ae%8a%e3%83%96%e3%83%a9%e3%82%b1%e3%83%83%e3%83%88\/","title":{"rendered":"\u7279\u6b8a\u30d6\u30e9\u30b1\u30c3\u30c8"},"content":{"rendered":"<h1>\u30c7\u30a3\u30b9\u30d7\u30ec\u30a4\u3084\u30d7\u30ed\u30b8\u30a7\u30af\u30bf\u30fc\u7528\u306e\u7279\u6b8a\u30de\u30a6\u30f3\u30c8<\/h1>\n<h2>iPad1\u30012\u30013\u30014\u7528\u30bf\u30d6\u30ec\u30c3\u30c8\u30b1\u30fc\u30b9 TC-IPAD<\/h2>\n<p><a href=\"https:\/\/konferenztechnik.de\/wp-content\/uploads\/2014\/02\/audipack-ipad-tablet-housing.jpg\"><img fetchpriority=\"high\" decoding=\"async\" width=\"450\" height=\"311\" class=\"alignleft size-full wp-image-4263\" src=\"https:\/\/konferenztechnik.de\/wp-content\/uploads\/2014\/02\/audipack-ipad-tablet-housing.jpg\" alt=\"iPad\u30bf\u30d6\u30ec\u30c3\u30c8\u30cf\u30a6\u30b8\u30f3\u30b0\" title=\"\" srcset=\"https:\/\/konferenztechnik.de\/wp-content\/uploads\/2014\/02\/audipack-ipad-tablet-housing.jpg 450w, https:\/\/konferenztechnik.de\/wp-content\/uploads\/2014\/02\/audipack-ipad-tablet-housing-300x207.jpg 300w\" sizes=\"(max-width: 450px) 100vw, 450px\" \/><\/a><\/p>\n<p>TC-iPad Case\u306f\u3001iPad\u3092\u516c\u5171\u306e\u5834\u6240\u306b\u8a2d\u7f6e\u3057\u305f\u308a\u5c55\u793a\u3057\u305f\u308a\u3059\u308b\u969b\u306b\u3001iPad\u3092\u30a8\u30ec\u30ac\u30f3\u30c8\u306b\u4fdd\u8b77\u3057\u307e\u3059\u3002<br \/>\niPad\u3092\u30b1\u30fc\u30b9\u306b\u7d20\u65e9\u304f\u56fa\u5b9a\u3067\u304d\u3001\u76d7\u96e3\u304b\u3089\u52b9\u679c\u7684\u306b\u4fdd\u8b77\u3057\u307e\u3059\u3002\u30b9\u30de\u30fc\u30c8\u30ad\u30fc\u30ed\u30c3\u30af\u30b7\u30b9\u30c6\u30e0\u306b\u3088\u308a\u3001\u5916\u304b\u3089\u9375\u7a74\u3084\u30cd\u30b8\u304c\u898b\u3048\u308b\u3053\u3068\u306f\u3042\u308a\u307e\u305b\u3093\u3002TC\u30b1\u30fc\u30b9\u306f\u58c1\u639b\u3051\u7528\u3068\u3057\u3066\u3082\u3001\u30aa\u30d7\u30b7\u30e7\u30f3\u306e\u30b9\u30bf\u30f3\u30c9\u3068\u7d44\u307f\u5408\u308f\u305b\u3066\u30d5\u30ed\u30a2\u30b9\u30bf\u30f3\u30c9\u3068\u3057\u3066\u3082\u4f7f\u7528\u3067\u304d\u307e\u3059\u3002<\/p>\n<h2>\u30b9\u30de\u30fc\u30c8\u30e1\u30bf\u30eb \u2013 \u30d3\u30c7\u30aa\u30a6\u30a9\u30fc\u30eb 2\u00d72<\/h2>\n<p><a href=\"https:\/\/konferenztechnik.de\/wp-content\/uploads\/2013\/09\/smart-metals_video-wall082502202-landscape.jpg\"><img decoding=\"async\" class=\"alignleft size-medium wp-image-4463\" src=\"https:\/\/konferenztechnik.de\/wp-content\/uploads\/2013\/09\/smart-metals_video-wall082502202-landscape-300x280.jpg\" alt=\"\u30b9\u30de\u30fc\u30c8\u30e1\u30bf\u30eb \u30d3\u30c7\u30aa\u30a6\u30a9\u30fc\u30eb 082502202\" width=\"300\" height=\"280\" title=\"\" srcset=\"https:\/\/konferenztechnik.de\/wp-content\/uploads\/2013\/09\/smart-metals_video-wall082502202-landscape-300x280.jpg 300w, https:\/\/konferenztechnik.de\/wp-content\/uploads\/2013\/09\/smart-metals_video-wall082502202-landscape-768x717.jpg 768w, https:\/\/konferenztechnik.de\/wp-content\/uploads\/2013\/09\/smart-metals_video-wall082502202-landscape.jpg 1017w\" sizes=\"(max-width: 300px) 100vw, 300px\" \/><\/a><\/p>\n<p>\u30b3\u30f3\u30d1\u30af\u30c8\u3067\u6301\u3061\u904b\u3073\u304c\u7c21\u5358\u306a\u30d3\u30c7\u30aa\u30a6\u30a9\u30fc\u30eb\u3002\u5e8a\u306b\u8a2d\u7f6e\u3059\u308b\u3053\u3068\u3082\u3001\u58c1\u3084\u30c8\u30e9\u30b9\u306b\u53d6\u308a\u4ed8\u3051\u308b\u3053\u3068\u3082\u3067\u304d\u307e\u3059\u3002\u30c7\u30a3\u30b9\u30d7\u30ec\u30a4\u306e\u30d3\u30c7\u30aa\u30a6\u30a9\u30fc\u30eb\u3078\u306e\u53d6\u308a\u4ed8\u3051\u306f\u975e\u5e38\u306b\u7c21\u5358\u3067\u3059\u3002\u30e2\u30cb\u30bf\u30fc\u306f\u7279\u6b8a\u306a\u30af\u30e9\u30f3\u30d7\u3092\u4f7f\u3063\u3066\u30d5\u30ec\u30fc\u30e0\u3068\u4e92\u3044\u306b\u63a5\u7d9a\u3057\u307e\u3059\u3002\u5fae\u8abf\u6574\u306e\u305f\u3081\u306e\u6c34\u5e73\u30fb\u5782\u76f4\u88c5\u7f6e\u304c\u3042\u308a\u307e\u3059\u3002\u30d3\u30c7\u30aa\u30a6\u30a9\u30fc\u30eb\u306f\u7e26\u3067\u3082\u6a2a\u3067\u3082\u4f7f\u7528\u3067\u304d\u307e\u3059\u3002<\/p>\n<h2>\u30b9\u30de\u30fc\u30c8\u30e1\u30bf\u30eb \u2013 \u30d3\u30c7\u30aa\u30a6\u30a9\u30fc\u30eb 2\u00d72<\/h2>\n<ul>\n<li>\u4f53\u91cd\uff1a147.78kg<\/li>\n<li>\u30ab\u30e9\u30fc\uff1a\u30d6\u30e9\u30c3\u30af<\/li>\n<li>\u30b9\u30af\u30ea\u30fc\u30f3\u69cb\u6210\uff1a2\u00d72<\/li>\n<li>\u753b\u9762\u306e\u4f4d\u7f6e\uff1a\u6a2a\u307e\u305f\u306f\u7e26<\/li>\n<li>\u9ad8\u3055\u8abf\u7bc0\uff1a\u5fae\u8abf\u6574<\/li>\n<li>\u30d6\u30e9\u30b1\u30c3\u30c8\/\u30a4\u30f3\u30bf\u30fc\u30d5\u30a7\u30fc\u30b9\uff1a\u4ed8\u5c5e<\/li>\n<li>\u56de\u8ee2\uff1a90<\/li>\n<li>\u56fa\u5b9a\u65b9\u5f0f\uff1a\u30c9\u30ed\u30fc\u30dc\u30eb\u30c8\u30fb\u30ab\u30c3\u30d7\u30ea\u30f3\u30b0\u6a5f\u69cb<\/li>\n<li>\u3055\u3089\u306b\u8a73\u3057\u3044\u60c5\u5831\u65b0\u3057\u3044\u30b3\u30f3\u30bd\u30fc\u30eb\u306f\u3001\u30e2\u30cb\u30bf\u30fc\u306e\u6c34\u5e73\u30fb\u5782\u76f4\u65b9\u5411\u306e\u5fae\u8abf\u6574\u304c\u53ef\u80fd\u3067\u3001\u30dd\u30fc\u30c8\u30ec\u30fc\u30c8\u30e2\u30fc\u30c9\u3068\u30e9\u30f3\u30c9\u30b9\u30b1\u30fc\u30d7\u30e2\u30fc\u30c9\u306e\u5207\u308a\u66ff\u3048\u3082\u53ef\u80fd\u3067\u3059\u3002\u8abf\u7bc0\u53ef\u80fd\u306a\u811a\u304c\u30d5\u30ed\u30a2\u30d5\u30ec\u30fc\u30e0\u306b\u7d44\u307f\u8fbc\u307e\u308c\u3066\u3044\u307e\u3059\u3002<\/li>\n<\/ul>\n<p><a href=\"https:\/\/konferenztechnik.de\/wp-content\/uploads\/2013\/09\/082502202_manualEN.pdf\">\u30d3\u30c7\u30aa\u30a6\u30a9\u30fc\u30eb 082502202 \u53d6\u6271\u8aac\u660e\u66f8 EN<\/a><\/p>\n<p><a href=\"https:\/\/konferenztechnik.de\/wp-content\/uploads\/2013\/09\/082502202_SmartMetals_productleafletEN.pdf\">\u30d3\u30c7\u30aa\u30a6\u30a9\u30fc\u30eb 082502202 \u88fd\u54c1\u30b7\u30fc\u30c8 EN<\/a><\/p>\n<h2>\u30b9\u30de\u30fc\u30c8\u30e1\u30bf\u30eb \u2013 \u30c1\u30c3\u30d7\uff06\u30bf\u30c3\u30c1\u30fb\u30b9\u30bf\u30f3\u30c9<\/h2>\n<p>\u3053\u306e\u30b9\u30bf\u30f3\u30c9\u306f\u3001\u30c6\u30fc\u30d6\u30eb\u30dd\u30b8\u30b7\u30e7\u30f3\u3067\u4f7f\u7528\u3059\u308b\u30bf\u30c3\u30c1\u30b9\u30af\u30ea\u30fc\u30f3\u7528\u306b\u7279\u5225\u306b\u958b\u767a\u3055\u308c\u307e\u3057\u305f\u3002\u3053\u306e\u30ed\u30fc\u30ea\u30f3\u30b0\u30b9\u30bf\u30f3\u30c9\u306f\u3001\u30c6\u30fc\u30d6\u30eb\u306e\u9ad8\u3055660\uff5e1320mm\u307e\u3067\u96fb\u52d5\u3067\u9ad8\u3055\u8abf\u7bc0\u304c\u53ef\u80fd\u3067\u3059\u3002\u307b\u3068\u3093\u3069\u306eVESA\u30a4\u30f3\u30bf\u30fc\u30d5\u30a7\u30fc\u30b9\u306b\u5bfe\u5fdc\u3059\u308b\u30d6\u30e9\u30b1\u30c3\u30c8\u3092\u5185\u8535\u3057\u3066\u3044\u307e\u3059\u3002\u91cd\u91cf60kg\u307e\u3067\u306e\u30bf\u30c3\u30c1\u30b9\u30af\u30ea\u30fc\u30f3\u3092\u53d6\u308a\u4ed8\u3051\u308b\u3053\u3068\u304c\u3067\u304d\u307e\u3059\u3002<\/p>\n<h2>\u30b9\u30de\u30fc\u30c8\u30e1\u30bf\u30eb \u2013 \u30c1\u30c3\u30d7\uff06\u30bf\u30c3\u30c1\u30fb\u30b9\u30bf\u30f3\u30c9<\/h2>\n<ul>\n<li>\u6700\u5c0f\u9577\u3055\uff1a660mm<\/li>\n<li>\u6700\u5927\u9ad8\u3055\uff1a1320mm\uff08\u30c6\u30fc\u30d6\u30eb\u9ad8\u3055\uff09<\/li>\n<li>\u91cd\u91cf\uff1a66 kg<\/li>\n<li>\u30ab\u30e9\u30fc\uff1a\u30d6\u30e9\u30c3\u30af<\/li>\n<li>\u6700\u5927\u8377\u91cd\uff1a60 kg<\/li>\n<li>\u30b9\u30af\u30ea\u30fc\u30f3\u4f4d\u7f6e\uff1a\u6a2a<\/li>\n<li>\u30a4\u30f3\u30c1\u7bc4\u56f2\uff1a32\uff5e50\u30a4\u30f3\u30c1\u300150\uff5e65\u30a4\u30f3\u30c1<\/li>\n<li>\u9ad8\u3055\u8abf\u7bc0\uff1a\u96fb\u52d5<\/li>\n<li>\u30d6\u30e9\u30b1\u30c3\u30c8\/\u30a4\u30f3\u30bf\u30fc\u30d5\u30a7\u30a4\u30b9\uff1a\u4ed8\u5c5e<\/li>\n<li>\u30d6\u30e9\u30b1\u30c3\u30c8\/\u30a4\u30f3\u30bf\u30fc\u30d5\u30a7\u30fc\u30b9\uff1aVESA 200\u3001400\u3001600-400<\/li>\n<li>\u30c1\u30eb\u30c8\u6a5f\u80fd\uff1a90<\/li>\n<li>\u3055\u3089\u306b\u8a73\u3057\u3044\u60c5\u5831\u5148\u7aef\u6a5f\u80fd\u30e2\u30fc\u30bf\u30fc\u4ed8\u304d<\/li>\n<\/ul>\n<p><a href=\"https:\/\/konferenztechnik.de\/wp-content\/uploads\/2014\/04\/0628222_SmartMetals_productleafletEN.pdf\" target=\"_blank&quot;\" rel=\"noopener\">\u30b9\u30de\u30fc\u30c8\u30e1\u30bf\u30eb\u88fd\u54c1\u60c5\u5831\u30b7\u30fc\u30c8 062.7650\uff08\u82f1\u8a9e\uff09<\/a><\/p>\n<h2>\u30b9\u30de\u30fc\u30c8\u30e1\u30bf\u30eb \u2013 \u30d3\u30c7\u30aa\u30a6\u30a9\u30fc\u30eb 3\u00d73<\/h2>\n<p><a href=\"https:\/\/konferenztechnik.de\/wp-content\/uploads\/2013\/09\/smart-metals_video-wall_082503302_front.jpg\"><img decoding=\"async\" class=\"alignleft size-medium wp-image-4468\" src=\"https:\/\/konferenztechnik.de\/wp-content\/uploads\/2013\/09\/smart-metals_video-wall_082503302_front-300x275.jpg\" alt=\"\u30b9\u30de\u30fc\u30c8\u30e1\u30bf\u30eb \u30d3\u30c7\u30aa\u30a6\u30a9\u30fc\u30eb 082503302\" width=\"300\" height=\"275\" title=\"\" srcset=\"https:\/\/konferenztechnik.de\/wp-content\/uploads\/2013\/09\/smart-metals_video-wall_082503302_front-300x275.jpg 300w, https:\/\/konferenztechnik.de\/wp-content\/uploads\/2013\/09\/smart-metals_video-wall_082503302_front-1024x940.jpg 1024w, https:\/\/konferenztechnik.de\/wp-content\/uploads\/2013\/09\/smart-metals_video-wall_082503302_front-768x705.jpg 768w, https:\/\/konferenztechnik.de\/wp-content\/uploads\/2013\/09\/smart-metals_video-wall_082503302_front.jpg 1035w\" sizes=\"(max-width: 300px) 100vw, 300px\" \/><\/a><\/p>\n<p>\u30b3\u30f3\u30d1\u30af\u30c8\u3067\u6301\u3061\u904b\u3073\u304c\u7c21\u5358\u306a\u30d3\u30c7\u30aa\u30a6\u30a9\u30fc\u30eb\u3002\u5e8a\u306b\u8a2d\u7f6e\u3059\u308b\u3053\u3068\u3082\u3001\u58c1\u3084\u30c8\u30e9\u30b9\u306b\u53d6\u308a\u4ed8\u3051\u308b\u3053\u3068\u3082\u3067\u304d\u307e\u3059\u3002\u30c7\u30a3\u30b9\u30d7\u30ec\u30a4\u306e\u30d3\u30c7\u30aa\u30a6\u30a9\u30fc\u30eb\u3078\u306e\u53d6\u308a\u4ed8\u3051\u306f\u975e\u5e38\u306b\u7c21\u5358\u3067\u3059\u3002\u30e2\u30cb\u30bf\u30fc\u306f\u7279\u6b8a\u306a\u30af\u30e9\u30f3\u30d7\u3092\u4f7f\u3063\u3066\u30d5\u30ec\u30fc\u30e0\u3068\u4e92\u3044\u306b\u63a5\u7d9a\u3057\u307e\u3059\u3002\u5fae\u8abf\u6574\u7528\u306e\u6c34\u5e73\u30fb\u5782\u76f4\u88c5\u7f6e\u304c\u3042\u308a\u307e\u3059\u3002\u30d3\u30c7\u30aa\u30a6\u30a9\u30fc\u30eb\u306f\u7e26\u3067\u3082\u6a2a\u3067\u3082\u4f7f\u7528\u3067\u304d\u307e\u3059\u3002<\/p>\n<h2>\u30b9\u30de\u30fc\u30c8\u30e1\u30bf\u30eb \u2013 \u30d3\u30c7\u30aa\u30a6\u30a9\u30fc\u30eb 3\u00d73<\/h2>\n<ul>\n<li>\u91cd\u91cf\uff1a319.08 kg<\/li>\n<li>\u30ab\u30e9\u30fc\uff1a\u30d6\u30e9\u30c3\u30af<\/li>\n<li>\u30b9\u30af\u30ea\u30fc\u30f3\u69cb\u6210 : 3 x 3<\/li>\n<li>\u753b\u9762\u306e\u4f4d\u7f6e\uff1a\u6a2a\u307e\u305f\u306f\u7e26<\/li>\n<li>\u9ad8\u3055\u8abf\u7bc0\uff1a\u5fae\u8abf\u6574<\/li>\n<li>\u30d6\u30e9\u30b1\u30c3\u30c8\/\u30a4\u30f3\u30bf\u30fc\u30d5\u30a7\u30a4\u30b9\uff1a\u4ed8\u5c5e<\/li>\n<li>\u30db\u30eb\u30c0\u30fc\uff0f\u30a4\u30f3\u30bf\u30fc\u30d5\u30a7\u30a4\u30b9\u306e\u30bf\u30a4\u30d7\uff1a\u30b9\u30af\u30ea\u30fc\u30f3\u5c02\u7528<\/li>\n<li>\u56de\u8ee2\uff1a90<\/li>\n<li>\u56fa\u5b9a\u65b9\u5f0f\uff1a\u30c9\u30ed\u30fc\u30dc\u30eb\u30c8\u30fb\u30ab\u30c3\u30d7\u30ea\u30f3\u30b0\u6a5f\u69cb<\/li>\n<li>\u3055\u3089\u306b\u8a73\u3057\u3044\u60c5\u5831\u65b0\u3057\u3044\u30b3\u30f3\u30bd\u30fc\u30eb\u306f\u3001\u30e2\u30cb\u30bf\u30fc\u306e\u6c34\u5e73\u30fb\u5782\u76f4\u65b9\u5411\u306e\u5fae\u8abf\u6574\u304c\u53ef\u80fd\u3067\u3001\u30dd\u30fc\u30c8\u30ec\u30fc\u30c8\u30e2\u30fc\u30c9\u3068\u30e9\u30f3\u30c9\u30b9\u30b1\u30fc\u30d7\u30e2\u30fc\u30c9\u306e\u5207\u308a\u66ff\u3048\u3082\u53ef\u80fd\u3067\u3059\u3002\u8abf\u7bc0\u53ef\u80fd\u306a\u811a\u304c\u30d5\u30ed\u30a2\u30d5\u30ec\u30fc\u30e0\u306b\u7d44\u307f\u8fbc\u307e\u308c\u3066\u3044\u307e\u3059\u3002<\/li>\n<\/ul>\n<p><a href=\"https:\/\/konferenztechnik.de\/wp-content\/uploads\/2013\/09\/082503302_SmartMetals_productleafletEN.pdf\">\u30b9\u30de\u30fc\u30c8\u30e1\u30bf\u30eb \u30d3\u30c7\u30aa\u30a6\u30a9\u30fc\u30eb 3\u00d73 \u88fd\u54c1\u30b7\u30fc\u30c8 \u82f1\u8a9e<\/a><\/p>\n<h2>\u30d7\u30ed\u30b8\u30a7\u30af\u30bf\u30fc\u7528\u30aa\u30fc\u30c7\u30a3\u30aa\u30d1\u30c3\u30af\u30b9\u30bf\u30c3\u30af\u30d5\u30ec\u30fc\u30e0<\/h2>\n<p><a href=\"https:\/\/konferenztechnik.de\/wp-content\/uploads\/2013\/09\/Audipack_Trusshalterung_StackFrame.jpg\"><img loading=\"lazy\" decoding=\"async\" width=\"792\" height=\"594\" class=\"alignleft size-full wp-image-2772\" src=\"https:\/\/konferenztechnik.de\/wp-content\/uploads\/2013\/09\/Audipack_Trusshalterung_StackFrame.jpg\" alt=\"\u30d7\u30ed\u30b8\u30a7\u30af\u30bf\u30fc\u7528\u30aa\u30fc\u30c7\u30a3\u30aa\u30d1\u30c3\u30af\u30b9\u30bf\u30c3\u30af\u30d5\u30ec\u30fc\u30e0\" title=\"\" srcset=\"https:\/\/konferenztechnik.de\/wp-content\/uploads\/2013\/09\/Audipack_Trusshalterung_StackFrame.jpg 792w, https:\/\/konferenztechnik.de\/wp-content\/uploads\/2013\/09\/Audipack_Trusshalterung_StackFrame-300x225.jpg 300w, https:\/\/konferenztechnik.de\/wp-content\/uploads\/2013\/09\/Audipack_Trusshalterung_StackFrame-768x576.jpg 768w\" sizes=\"(max-width: 792px) 100vw, 792px\" \/><\/a><\/p>\n<p>\u69d8\u3005\u306a\u30e1\u30fc\u30ab\u30fc\u306e\u30d7\u30ed\u30b8\u30a7\u30af\u30bf\u30fc\u306b\u5bfe\u5fdc\u3059\u308b3D\u30b9\u30bf\u30c3\u30af\u30d5\u30ec\u30fc\u30e0\u3002\u2013\u306f\u3001\u30ec\u30f3\u30bf\u30eb\u4f1a\u793e\u3084\u79fb\u52d5\u5f0f\u30a4\u30d9\u30f3\u30c8\u4e3b\u50ac\u8005\u306b\u3068\u3063\u3066\u7279\u306b\u8208\u5473\u6df1\u3044\u88fd\u54c1\u3067\u3059\uff01<\/p>\n<h2>\u30d7\u30ed\u30b8\u30a7\u30af\u30bf\u30fc\u7528\u30aa\u30fc\u30c7\u30a3\u30aa\u30d1\u30c3\u30af\u30b9\u30bf\u30c3\u30af\u30d5\u30ec\u30fc\u30e0<\/h2>\n<p>\u30d7\u30ed\u30b8\u30a7\u30af\u30bf\u30fc\u306f\u30d7\u30ec\u30fc\u30c8\u4e0a\u306e\u30d5\u30ec\u30fc\u30e0\u306b\u53d6\u308a\u4ed8\u3051\u3089\u308c\u307e\u3059\u30023\u3064\u306e\u8abf\u6574\u30db\u30a4\u30fc\u30eb\u306b\u3088\u308a\u3001\u753b\u50cf\u306e\u30a2\u30e9\u30a4\u30e1\u30f3\u30c8\u3092\u975e\u5e38\u306b\u6b63\u78ba\u306b\u8abf\u6574\u3059\u308b\u3053\u3068\u304c\u3067\u304d\u307e\u3059\u3002\u69d8\u3005\u306a\u30a2\u30af\u30bb\u30b5\u30ea\u30fc\u3068\u7d44\u307f\u5408\u308f\u305b\u308b\u3053\u3068\u3067\u3001\u30d5\u30ec\u30fc\u30e0\u3092\u6700\u9069\u306b\u62e1\u5f35\u3059\u308b\u3053\u3068\u304c\u3067\u304d\u307e\u3059\u3002<\/p>\n<ul>\n<li>\u8f38\u9001\u4e2d\u306e\u640d\u50b7\u306b\u5bfe\u3059\u308b\u975e\u5e38\u306b\u512a\u308c\u305f\u4fdd\u8b77<\/li>\n<li>\u30ec\u30f3\u30bf\u30eb\u4f1a\u793e\u3084\u79fb\u52d5\u30a4\u30d9\u30f3\u30c8\u4e3b\u50ac\u8005\u306b\u6700\u9069<\/li>\n<li>\u8907\u6570\u306e\u30d7\u30ed\u30b8\u30a7\u30af\u30bf\u30fc\u3092\u4f7f\u7528\u3059\u308b\u5834\u5408\u3067\u3082\u3001\u6700\u3082\u6b63\u78ba\u306a\u753b\u50cf\u30a2\u30e9\u30a4\u30e1\u30f3\u30c8\u3092\u53ef\u80fd\u306b\u3057\u307e\u3059\u3002<\/li>\n<li>\u7c21\u5358\u306a\u30d7\u30ed\u30b8\u30a7\u30af\u30bf\u30fc\u8a2d\u7f6e<\/li>\n<\/ul>\n<p>PCS GmbH\u306fAudipack\u306e\u30c9\u30a4\u30c4\u6b63\u898f\u4ee3\u7406\u5e97\u3067\u3059\u3002\u5c02\u9580\u7684\u306a\u30a2\u30c9\u30d0\u30a4\u30b9\u3068\u8fc5\u901f\u306a\u7d0d\u671f\u3092\u3054\u63d0\u4f9b\u3044\u305f\u3057\u307e\u3059\u3002<\/p>\n<p><img loading=\"lazy\" decoding=\"async\" class=\"alignright size-full wp-image-5489\" src=\"https:\/\/konferenztechnik.de\/wp-content\/uploads\/2013\/09\/PCS-GmbH-Audipack-authorized-dealer-small.jpg\" alt=\"PCS GmbH\u306fAudipack\u306e\u6b63\u898f\u8ca9\u58f2\u5e97\u3067\u3059\u3002\" width=\"200\" height=\"81\" title=\"\"><\/p>","protected":false},"excerpt":{"rendered":"<p>Spezialhalterungen f\u00fcr Displays und Projektoren Tablet Case TC-IPAD f\u00fcr iPad 1, 2, 3 und 4 Das TC-iPad Case, sch\u00fctzt ihr iPad auf elegante Weise, wenn es an \u00f6ffentlichen Pl\u00e4tzen installiert oder ausgestellt werden soll. Das iPad kann schnell in der H\u00fclle befestigt werden und wird so wirksam gegen Diebstahl gesch\u00fctzt. Durch das Smart-Keylock-System sind nach Au\u00dfen keine Schl\u00fcssell\u00f6cher oder Schrauben sichtbar. Das TC-Case kann entweder f\u00fcr die Wandmontage oder in Kombination mit einem optional erh\u00e4ltlichen St\u00e4nder als Bodenst\u00e4nder genutzt werden. Smart Metals &#8211; VideoWall 2&#215;2 Kompakte und leicht zu transportierende Video Wall. Die Wall ist \u00e4u\u00dferst flexibel einsetzbar: sie kann sowohl am Boden aufgestellt als auch an W\u00e4nden oder Traversen [&hellip;]<\/p>","protected":false},"author":1,"featured_media":45482,"parent":1221,"menu_order":100,"comment_status":"closed","ping_status":"open","template":"","meta":{"_acf_changed":false,"footnotes":""},"class_list":["post-4489","page","type-page","status-publish","has-post-thumbnail","hentry"],"acf":[],"_links":{"self":[{"href":"https:\/\/konferenztechnik.de\/ja\/wp-json\/wp\/v2\/pages\/4489","targetHints":{"allow":["GET"]}}],"collection":[{"href":"https:\/\/konferenztechnik.de\/ja\/wp-json\/wp\/v2\/pages"}],"about":[{"href":"https:\/\/konferenztechnik.de\/ja\/wp-json\/wp\/v2\/types\/page"}],"author":[{"embeddable":true,"href":"https:\/\/konferenztechnik.de\/ja\/wp-json\/wp\/v2\/users\/1"}],"replies":[{"embeddable":true,"href":"https:\/\/konferenztechnik.de\/ja\/wp-json\/wp\/v2\/comments?post=4489"}],"version-history":[{"count":0,"href":"https:\/\/konferenztechnik.de\/ja\/wp-json\/wp\/v2\/pages\/4489\/revisions"}],"up":[{"embeddable":true,"href":"https:\/\/konferenztechnik.de\/ja\/wp-json\/wp\/v2\/pages\/1221"}],"wp:featuredmedia":[{"embeddable":true,"href":"https:\/\/konferenztechnik.de\/ja\/wp-json\/wp\/v2\/media\/45482"}],"wp:attachment":[{"href":"https:\/\/konferenztechnik.de\/ja\/wp-json\/wp\/v2\/media?parent=4489"}],"curies":[{"name":"wp","href":"https:\/\/api.w.org\/{rel}","templated":true}]}}