{"id":4933,"date":"2015-02-02T11:12:09","date_gmt":"2015-02-02T10:12:09","guid":{"rendered":"https:\/\/konferenztechnik.de\/?page_id=4933"},"modified":"2023-09-01T11:47:37","modified_gmt":"2023-09-01T09:47:37","slug":"%e3%83%9c%e3%83%83%e3%82%b7%e3%83%a5-ccs-1000-d","status":"publish","type":"page","link":"https:\/\/konferenztechnik.de\/ja\/%e3%83%9c%e3%83%83%e3%82%b7%e3%83%a5-ccs-1000-d\/","title":{"rendered":"\u30dc\u30c3\u30b7\u30e5 CCS 1000 D"},"content":{"rendered":"<p>[column size=\"1-2\u2033 last=\"0\u2033\uff3d\u3002<\/p>\n<h1>\u30c7\u30b8\u30bf\u30eb\u30fb\u30c7\u30a3\u30b9\u30ab\u30c3\u30b7\u30e7\u30f3\u30fb\u30b7\u30b9\u30c6\u30e0 \u30dc\u30c3\u30b7\u30e5 CCS 1000 D<\/h1>\n<p>[\u30b3\u30e9\u30e0\uff3d<br \/>\n[column size=\"1-2\u2033 last=\"0\u2033\uff3d\u3002<br \/>\n<img decoding=\"async\" class=\"alignright size-full wp-image-3924\" src=\"https:\/\/konferenztechnik.de\/wp-content\/uploads\/2013\/11\/logo-pcs-selected-quality.png\" alt=\"\u30ed\u30b4PCS\u53b3\u9078\u54c1\u8cea\" width=\"143\" height=\"88\" title=\"\"><br \/>\n[\u30b3\u30e9\u30e0\uff3d<\/p>\n<p>[rev_slider \u30dc\u30c3\u30b7\u30e5CCS-1000D\uff3d<br \/>\n[spacer size=\"30\u2033]<\/p>\n<p>\u30dc\u30c3\u30b7\u30e5\u306e\u65b0\u3057\u3044\u30c7\u30b8\u30bf\u30eb\u4f1a\u8b70\u30b7\u30b9\u30c6\u30e0CCS 1000 D\u3092\u3054\u7d39\u4ecb\u3057\u307e\u3059\uff01<\/p>\n<p>\u65b0\u578bCCS 1000 D\u306f\u3001\u6700\u65b0\u306e\u6280\u8853\u9769\u65b0\u3092\u653e\u68c4\u3059\u308b\u3053\u3068\u306a\u304f\u3001\u305d\u306e\u30b7\u30f3\u30d7\u30eb\u3055\u3068\u4f7f\u3044\u3084\u3059\u3055\u3067\u79c1\u305f\u3061\u3092\u611f\u52d5\u3055\u305b\u308b\u3002<\/p>\n<p>\u79c1\u305f\u3061\u306f\u652f\u5e97\u3067\u3053\u306e\u65b0\u3057\u3044\u30c7\u30a3\u30b9\u30ab\u30c3\u30b7\u30e7\u30f3\u30fb\u30b7\u30b9\u30c6\u30e0\u3092\u5e45\u5e83\u304f\u30c6\u30b9\u30c8\u3057\u3001\u4f7f\u7528\u3057\u3066\u304d\u307e\u3057\u305f\u3002\u4e2d\u5c0f\u898f\u6a21\u306e\u4f1a\u8b70\u7528\u306b\u8a2d\u8a08\u3055\u308c\u305f\u3053\u306e\u30b7\u30b9\u30c6\u30e0\u306f\u3001\u591a\u304f\u306e\u8ffd\u52a0\u6a5f\u80fd\u3067\u9ad8\u3044\u8a55\u4fa1\u3092\u5f97\u3066\u304a\u308a\u3001\u56fa\u5b9a\u8a2d\u5099\u3067\u306e\u4f7f\u7528\u306b\u3082\u9069\u3057\u3066\u3044\u307e\u3059\u3002<\/p>\n<p>#x9B\uff1b <a href=\"\/ja\/%e3%83%9c%e3%83%83%e3%82%b7%e3%83%a5-ccs-1000-d-%e3%83%86%e3%82%b9%e3%83%88%e7%b5%90%e6%9e%9c\/\">PCS\u30c6\u30b9\u30c8\u7d50\u679c\u306f\u3053\u3061\u3089 \u30dc\u30c3\u30b7\u30e5 CCS 1000 D \u2013 2015\u5e742\u6708<\/a><br \/>\n[spacer size=\"30\u2033]<\/p>\n<h1>\u30dc\u30c3\u30b7\u30e5CCS 1000 D\u306e\u30cf\u30a4\u30e9\u30a4\u30c8<\/h1>\n<p>[spacer size=\"30\u2033]<\/p>\n<p>[column size=\"1-2\u2033 last=\"0\u2033\uff3d\u3002<img fetchpriority=\"high\" decoding=\"async\" width=\"665\" height=\"441\" class=\"alignnone size-full wp-image-5304\" src=\"https:\/\/konferenztechnik.de\/wp-content\/uploads\/2015\/02\/bosch-CCS-1000-D-usb-recording-CCSD-CURD1.jpg\" alt=\"\u30dc\u30c3\u30b7\u30e5CCS 1000 D USB\u30ec\u30b3\u30fc\u30c7\u30a3\u30f3\u30b0 - CCSD-CURD\" title=\"\" srcset=\"https:\/\/konferenztechnik.de\/wp-content\/uploads\/2015\/02\/bosch-CCS-1000-D-usb-recording-CCSD-CURD1.jpg 665w, https:\/\/konferenztechnik.de\/wp-content\/uploads\/2015\/02\/bosch-CCS-1000-D-usb-recording-CCSD-CURD1-300x199.jpg 300w\" sizes=\"(max-width: 665px) 100vw, 665px\" \/>USB\u30b9\u30c6\u30a3\u30c3\u30af\u306b\u76f4\u63a5\u9332\u97f3\u3002\u8ffd\u52a0\u306e\u30bd\u30d5\u30c8\u30a6\u30a7\u30a2\u306f\u5fc5\u8981\u3042\u308a\u307e\u305b\u3093\uff01<\/p>\n<p>[\u30b3\u30e9\u30e0\uff3d<br \/>\n[column size=\"1-2\u2033 last=\"0\u2033\uff3d\u3002<img decoding=\"async\" width=\"665\" height=\"441\" class=\"alignnone size-full wp-image-5308\" src=\"https:\/\/konferenztechnik.de\/wp-content\/uploads\/2015\/02\/Sprechstelle-CCSD-DS-CCS-1000-D1.jpg\" alt=\"\u30a4\u30f3\u30ab\u30e0\u30b9\u30c6\u30fc\u30b7\u30e7\u30f3 CCSD DS CCS 1000 D\" title=\"\" srcset=\"https:\/\/konferenztechnik.de\/wp-content\/uploads\/2015\/02\/Sprechstelle-CCSD-DS-CCS-1000-D1.jpg 665w, https:\/\/konferenztechnik.de\/wp-content\/uploads\/2015\/02\/Sprechstelle-CCSD-DS-CCS-1000-D1-300x199.jpg 300w\" sizes=\"(max-width: 665px) 100vw, 665px\" \/>\u9ad8\u54c1\u8cea\u30de\u30a4\u30af\u30e6\u30cb\u30c3\u30c8\u3001\u5185\u8535\u30cf\u30a6\u30ea\u30f3\u30b0\u30ad\u30e3\u30f3\u30bb\u30eb\u3001\u826f\u597d\u306a\u30aa\u30fc\u30c7\u30a3\u30aa\u54c1\u8cea\u3068\u5927\u97f3\u91cf\u30ec\u30d9\u30eb<\/p>\n<p>[\u30b3\u30e9\u30e0\uff3d<br \/>\n[column size=\"1-2\u2033 last=\"0\u2033\uff3d\u3002<img loading=\"lazy\" decoding=\"async\" width=\"665\" height=\"441\" class=\"alignnone size-full wp-image-4961\" src=\"https:\/\/konferenztechnik.de\/wp-content\/uploads\/2015\/02\/bosch-CCS1000D-plug-and-play.jpg\" alt=\"\u30dc\u30c3\u30b7\u30e5CCS1000D-\u30d7\u30e9\u30b0\u30a2\u30f3\u30c9\u30d7\u30ec\u30a4\" title=\"\" srcset=\"https:\/\/konferenztechnik.de\/wp-content\/uploads\/2015\/02\/bosch-CCS1000D-plug-and-play.jpg 665w, https:\/\/konferenztechnik.de\/wp-content\/uploads\/2015\/02\/bosch-CCS1000D-plug-and-play-300x199.jpg 300w\" sizes=\"(max-width: 665px) 100vw, 665px\" \/>\u30d7\u30e9\u30b0\uff06\u30d7\u30ec\u30a4 \u2013 \u30b3\u30f3\u30d1\u30af\u30c8\u3001\u30bb\u30c3\u30c8\u30a2\u30c3\u30d7\u7c21\u5358\u3001\u64cd\u4f5c\u7c21\u5358<\/p>\n<p>[\u30b3\u30e9\u30e0\uff3d<br \/>\n[column size=\"1-2\u2033 last=\"0\u2033\uff3d\u3002<img loading=\"lazy\" decoding=\"async\" width=\"665\" height=\"441\" class=\"alignnone size-full wp-image-5314\" src=\"https:\/\/konferenztechnik.de\/wp-content\/uploads\/2015\/02\/Bosch-CCSD-im-Konferenzraum.jpg\" alt=\"\u30dc\u30c3\u30b7\u30e5\u30fbCCSD\u30fb\u30a4\u30f3\u30fb\u30ab\u30f3\u30d5\u30a1\u30ec\u30f3\u30b9\u30fb\u30eb\u30fc\u30e0\" title=\"\" srcset=\"https:\/\/konferenztechnik.de\/wp-content\/uploads\/2015\/02\/Bosch-CCSD-im-Konferenzraum.jpg 665w, https:\/\/konferenztechnik.de\/wp-content\/uploads\/2015\/02\/Bosch-CCSD-im-Konferenzraum-300x199.jpg 300w\" sizes=\"(max-width: 665px) 100vw, 665px\" \/>\u30d3\u30c7\u30aa\u4f1a\u8b70\u6a5f\u80fd\u3001\u30d3\u30c7\u30aa\u4f1a\u8b70\u7528\u81ea\u52d5\u30ab\u30e1\u30e9\u5236\u5fa1\u3001HD\u5bfe\u5fdc\u3001\u6700\u59276\u53f0\u306eHD\u4f1a\u8b70\u7528\u30c9\u30fc\u30e0\u30ab\u30e1\u30e9<\/p>\n<p>[\u30b3\u30e9\u30e0\uff3d<br \/>\n[column size=\"1-2\u2033 last=\"0\u2033\uff3d\u3002<img loading=\"lazy\" decoding=\"async\" width=\"665\" height=\"441\" class=\"alignnone size-full wp-image-5305\" src=\"https:\/\/konferenztechnik.de\/wp-content\/uploads\/2015\/02\/Bosch-CCSD-DS-CCS-Transportkoffer1.jpg\" alt=\"\u30dc\u30c3\u30b7\u30e5CCSD DS CCS\u8f38\u9001\u30b1\u30fc\u30b9\" title=\"\" srcset=\"https:\/\/konferenztechnik.de\/wp-content\/uploads\/2015\/02\/Bosch-CCSD-DS-CCS-Transportkoffer1.jpg 665w, https:\/\/konferenztechnik.de\/wp-content\/uploads\/2015\/02\/Bosch-CCSD-DS-CCS-Transportkoffer1-300x199.jpg 300w\" sizes=\"(max-width: 665px) 100vw, 665px\" \/>\u9ad8\u54c1\u8cea\u306e\u8f38\u9001\u7528\u30b1\u30fc\u30b9\u3067\u4fdd\u8b77\u3055\u308c\u305f\u30a4\u30f3\u30bf\u30fc\u30db\u30f3\u30fb\u30b9\u30c6\u30fc\u30b7\u30e7\u30f3<\/p>\n<p>[\u30b3\u30e9\u30e0\uff3d<br \/>\n[column size=\"1-2\u2033 last=\"0\u2033\uff3d\u3002<\/p>\n<p><img loading=\"lazy\" decoding=\"async\" width=\"665\" height=\"441\" class=\"alignnone size-full wp-image-4965\" src=\"https:\/\/konferenztechnik.de\/wp-content\/uploads\/2015\/02\/bosch-CCS1000D-browser-steuerung-1.jpg\" alt=\"bosch-CCS1000D-\u30d6\u30e9\u30a6\u30b6\u30b3\u30f3\u30c8\u30ed\u30fc\u30eb\" title=\"\" srcset=\"https:\/\/konferenztechnik.de\/wp-content\/uploads\/2015\/02\/bosch-CCS1000D-browser-steuerung-1.jpg 665w, https:\/\/konferenztechnik.de\/wp-content\/uploads\/2015\/02\/bosch-CCS1000D-browser-steuerung-1-300x199.jpg 300w\" sizes=\"(max-width: 665px) 100vw, 665px\" \/>\u9ad8\u5ea6\u306a\u8a2d\u5b9a\u3068\u5236\u5fa1\u306e\u305f\u3081\u306e\u30b7\u30f3\u30d7\u30eb\u306a\u30a6\u30a7\u30d6\u30fb\u30a4\u30f3\u30bf\u30fc\u30d5\u30a7\u30a4\u30b9<\/p>\n<p>[\u30b3\u30e9\u30e0\uff3d<br \/>\n#x9B\uff1b <a href=\"\/ja\/%e3%83%9c%e3%83%83%e3%82%b7%e3%83%a5ccs-1000d%e3%81%ae%e7%89%b9%e5%be%b4\/\">\u4ee5\u4e0b\u306f\u3001\u30dc\u30c3\u30b7\u30e5CCS 1000 D\u306e\u6a5f\u80fd\u30ea\u30b9\u30c8\u3068\u6280\u8853\u7684\u306a\u8a73\u7d30\u3067\u3042\u308b\u3002<\/a><br \/>\n[spacer size=\"50\u2033]<\/p>\n<h1>\u9023\u7d61\u5148<\/h1>\n<p>[spacer size=\"20\u2033]<br \/>\n[column size=\"1-2\u2033 last=\"0\u2033\uff3d\u3002<br \/>\n[\u30bf\u30d6\u30b9\u30bf\u30a4\u30eb=\"2\u2033]\u3002<br \/>\n[tab title=\"\u30d9\u30eb\u30ea\u30f3\"]<br \/>\n<img loading=\"lazy\" decoding=\"async\" width=\"800\" height=\"533\" class=\"alignleft size-full wp-image-2301\" src=\"https:\/\/konferenztechnik.de\/wp-content\/uploads\/2013\/09\/gunnar_hermenau_pcs-gmbh.jpg\" alt=\"\u30ac\u30f3\u30ca\u30fc\u30fb\u30d8\u30eb\u30e1\u30ca\u30a6\u30fb\u30d4\u30fc\u30b7\u30fc\u30a8\u30b9GMBH\" title=\"\" srcset=\"https:\/\/konferenztechnik.de\/wp-content\/uploads\/2013\/09\/gunnar_hermenau_pcs-gmbh.jpg 800w, https:\/\/konferenztechnik.de\/wp-content\/uploads\/2013\/09\/gunnar_hermenau_pcs-gmbh-300x200.jpg 300w, https:\/\/konferenztechnik.de\/wp-content\/uploads\/2013\/09\/gunnar_hermenau_pcs-gmbh-768x512.jpg 768w\" sizes=\"(max-width: 800px) 100vw, 800px\" \/><br \/>\n\u30b0\u30f3\u30ca\u30fc\u30fb\u30d8\u30eb\u30e1\u30ca\u30a6<br \/>\n\u30d9\u30eb\u30ea\u30f3\u652f\u5e97\u9577<br \/>\n\u96fb\u8a71 +49 30 6959690 14<br \/>\n\u96fb\u5b50\u30e1\u30fc\u30eb <a href=\"mailto:hermenau@konferenztechnik.de\">hermenau@konferenztechnik.de<\/a><br \/>\nQR\u30b3\u30fc\u30c9 <a title=\"QR\u30b3\u30fc\u30c9 \u30b0\u30f3\u30ca\u30fc\u30fb\u30d8\u30eb\u30e1\u30ca\u30a6\" href=\"https:\/\/konferenztechnik.de\/wp-content\/uploads\/2013\/09\/gunnar_hermenau_qrcode.png\">\u203a\u3092\u8868\u793a<\/a><br \/>\n\u30bf\u30d6<br \/>\n\u30bf\u30d6<br \/>\n[\u30b3\u30e9\u30e0\uff3d<br \/>\n[column size=\"1-2\u2033 last=\"1\u2033\uff3d\u3002<br \/>\n[\u30bf\u30d6\u30b9\u30bf\u30a4\u30eb=\"2\u2033]\u3002<br \/>\n[tab title=\"\u30c7\u30e5\u30c3\u30bb\u30eb\u30c9\u30eb\u30d5\"]]\u3002<br \/>\n<a href=\"https:\/\/konferenztechnik.de\/wp-content\/uploads\/2013\/09\/dirk_neumann_pcs-gmbh.jpg\"><img loading=\"lazy\" decoding=\"async\" width=\"800\" height=\"533\" class=\"alignleft size-full wp-image-2297\" src=\"https:\/\/konferenztechnik.de\/wp-content\/uploads\/2013\/09\/dirk_neumann_pcs-gmbh.jpg\" alt=\"\u30c7\u30a3\u30eb\u30af\u30fb\u30ce\u30a4\u30de\u30f3 PCS GmbH\u793e\u9577\" title=\"\" srcset=\"https:\/\/konferenztechnik.de\/wp-content\/uploads\/2013\/09\/dirk_neumann_pcs-gmbh.jpg 800w, https:\/\/konferenztechnik.de\/wp-content\/uploads\/2013\/09\/dirk_neumann_pcs-gmbh-300x200.jpg 300w, https:\/\/konferenztechnik.de\/wp-content\/uploads\/2013\/09\/dirk_neumann_pcs-gmbh-768x512.jpg 768w\" sizes=\"(max-width: 800px) 100vw, 800px\" \/><\/a><br \/>\n\u30c7\u30a3\u30eb\u30af\u30fb\u30ce\u30a4\u30de\u30f3<br \/>\n\u30de\u30cd\u30fc\u30b8\u30f3\u30b0\u30fb\u30c7\u30a3\u30ec\u30af\u30bf\u30fc<br \/>\n\u96fb\u8a71 +49 211 737798 0<br \/>\n\u96fb\u5b50\u30e1\u30fc\u30eb <a href=\"mailto:vertrieb@konferenztechnik.de\">vertrieb@konferenztechnik.de<\/a><br \/>\nQR\u30b3\u30fc\u30c9 <a title=\"QR\u30b3\u30fc\u30c9 \u30c7\u30a3\u30eb\u30af\u30fb\u30ce\u30a4\u30de\u30f3\" href=\"https:\/\/konferenztechnik.de\/wp-content\/uploads\/2013\/09\/dirk_neumann_qrcode.png\">\u203a\u3092\u8868\u793a<\/a>\u30bf\u30d6<br \/>\n\u30bf\u30d6<br \/>\n[\u30b3\u30e9\u30e0\uff3d<br \/>\n[spacer size=\"10\u2033]<br \/>\nBosch CCS 1000 D\u4f1a\u8b70\u30b7\u30b9\u30c6\u30e0\u3078\u306e\u30ea\u30f3\u30af<br \/>\n#x9B\uff1b <a style=\"line-height: 1.8em;\" title=\"\" href=\"\/ja\/%e5%8e%b3%e9%81%b8%e7%89%b9%e4%be%a1%e5%93%81-%e3%83%9c%e3%83%83%e3%82%b7%e3%83%a5-ccs-1000d\/\">PCS\/\u30dc\u30c3\u30b7\u30e5 \u30ad\u30e3\u30f3\u30da\u30fc\u30f3 \u30dc\u30c3\u30b7\u30e5 CCS 1000 D<\/a><br \/>\n#x9B\uff1b <a style=\"line-height: 1.8em;\" title=\"\" href=\"\/ja\/%e3%83%9c%e3%83%83%e3%82%b7%e3%83%a5-ccs-1000-d-%e3%83%86%e3%82%b9%e3%83%88%e7%b5%90%e6%9e%9c\/\">PCS\u30c6\u30b9\u30c8\u7d50\u679c \u30dc\u30c3\u30b7\u30e5 CCS 1000 D<\/a><br \/>\n#x9B\uff1b <a style=\"line-height: 1.8em;\" title=\"\" href=\"\/ja\/%e3%83%9c%e3%83%83%e3%82%b7%e3%83%a5ccs-1000d%e3%81%ae%e7%89%b9%e5%be%b4\/\">\u6027\u80fd\u30b9\u30da\u30af\u30c8\u30eb \/ \u7279\u9577 \u30dc\u30c3\u30b7\u30e5 CCS 1000 D<\/a><\/p>\n<p>[spacer size=\"10\u2033]<\/p>\n<div class=\"weiterlinks\">\n<h1>\u3055\u3089\u306a\u308b\u30ea\u30f3\u30af<\/h1>\n<ul>\n<li>\u203a <a title=\"\u6d41\u901a\" href=\"\/ja\/%e4%bc%9a%e8%ad%b0%e3%81%8a%e3%82%88%e3%81%b3av%e3%83%a1%e3%83%87%e3%82%a3%e3%82%a2%e6%8a%80%e8%a1%93%e3%81%ae%e9%85%8d%e5%b8%83\/\">\u4f1a\u8b70\u304a\u3088\u3073\u30e1\u30c7\u30a3\u30a2\u6280\u8853\u306e\u914d\u5e03<\/a><\/li>\n<li>\u203a <a title=\"\u30a4\u30f3\u30b9\u30c8\u30fc\u30eb\" href=\"\/ja\/%e4%bc%9a%e8%ad%b0%e6%8a%80%e8%a1%93%e3%81%8a%e3%82%88%e3%81%b3%e3%83%a1%e3%83%87%e3%82%a3%e3%82%a2%e3%83%bb%e3%82%b7%e3%82%b9%e3%83%86%e3%83%a0%e3%81%ae%e8%a8%ad%e7%bd%ae%e3%81%a8%e7%b5%b1%e5%90%88\/\">\u4f1a\u8b70\u30c6\u30af\u30ce\u30ed\u30b8\u30fc\u3068\u30e1\u30c7\u30a3\u30a2\u30fb\u30b7\u30b9\u30c6\u30e0\u306e\u5c0e\u5165\u3068\u7d71\u5408<\/a><\/li>\n<li>\u203a <a title=\"\u591a\u8a00\u8a9e\u30a4\u30d9\u30f3\u30c8\u306e\u30b5\u30dd\u30fc\u30c8\" href=\"\/ja\/%e3%82%b5%e3%83%bc%e3%83%93%e3%82%b9-2\/%e5%a4%9a%e8%a8%80%e8%aa%9e%e3%82%a4%e3%83%99%e3%83%b3%e3%83%88%e3%81%ae%e3%82%b5%e3%83%9d%e3%83%bc%e3%83%88\/\">\u591a\u8a00\u8a9e\u30a4\u30d9\u30f3\u30c8\u306e\u30b5\u30dd\u30fc\u30c8<\/a><\/li>\n<\/ul>\n<\/div>","protected":false},"excerpt":{"rendered":"<p>[column size=&#8220;2-3&#8243; last=&#8220;0&#8243;] Neuvorstellung: Digital Discussion System Bosch CCS 1000 D [\/column] [column size=&#8220;1-3&#8243; last=&#8220;1&#8243;] [\/column] [rev_slider Bosch-CCS-1000D] [spacer size=&#8220;30&#8243;] Wir freuen uns Ihnen das neue digitale Konferenzsystem CCS 1000 D von Bosch vorstellen zu d\u00fcrfen! Die brandneue CCS 1000 D \u00fcberzeugt uns durch Einfachheit und Benutzerfreundlichkeit und das, ohne auf neuste technische Innovationen verzichten zu m\u00fcssen. Wir haben die neue Diskussionsanlage in unseren Filialen ausgiebig getestet und eingesetzt. Die Anlage, die f\u00fcr kleine und mittlere Meetings konzipiert ist, kann mit vielen Zusatzfunktionen punkten und ist auch f\u00fcr den Einsatz in der Festinstallation durchaus geeignet. &#x9B; Hier zum PCS Testergebnis Bosch CCS 1000 D \u2013 Februar 2015 [spacer size=&#8220;30&#8243;] Highlights [&hellip;]<\/p>","protected":false},"author":1,"featured_media":45482,"parent":0,"menu_order":35,"comment_status":"closed","ping_status":"open","template":"","meta":{"_acf_changed":false,"footnotes":""},"class_list":["post-4933","page","type-page","status-publish","has-post-thumbnail","hentry"],"acf":[],"_links":{"self":[{"href":"https:\/\/konferenztechnik.de\/ja\/wp-json\/wp\/v2\/pages\/4933","targetHints":{"allow":["GET"]}}],"collection":[{"href":"https:\/\/konferenztechnik.de\/ja\/wp-json\/wp\/v2\/pages"}],"about":[{"href":"https:\/\/konferenztechnik.de\/ja\/wp-json\/wp\/v2\/types\/page"}],"author":[{"embeddable":true,"href":"https:\/\/konferenztechnik.de\/ja\/wp-json\/wp\/v2\/users\/1"}],"replies":[{"embeddable":true,"href":"https:\/\/konferenztechnik.de\/ja\/wp-json\/wp\/v2\/comments?post=4933"}],"version-history":[{"count":0,"href":"https:\/\/konferenztechnik.de\/ja\/wp-json\/wp\/v2\/pages\/4933\/revisions"}],"wp:featuredmedia":[{"embeddable":true,"href":"https:\/\/konferenztechnik.de\/ja\/wp-json\/wp\/v2\/media\/45482"}],"wp:attachment":[{"href":"https:\/\/konferenztechnik.de\/ja\/wp-json\/wp\/v2\/media?parent=4933"}],"curies":[{"name":"wp","href":"https:\/\/api.w.org\/{rel}","templated":true}]}}