{"id":4984,"date":"2015-02-02T14:48:25","date_gmt":"2015-02-02T13:48:25","guid":{"rendered":"https:\/\/konferenztechnik.de\/?page_id=4984"},"modified":"2023-09-01T11:47:24","modified_gmt":"2023-09-01T09:47:24","slug":"%e5%8e%b3%e9%81%b8%e7%89%b9%e4%be%a1%e5%93%81-%e3%83%9c%e3%83%83%e3%82%b7%e3%83%a5-ccs-1000d","status":"publish","type":"page","link":"https:\/\/konferenztechnik.de\/ja\/%e5%8e%b3%e9%81%b8%e7%89%b9%e4%be%a1%e5%93%81-%e3%83%9c%e3%83%83%e3%82%b7%e3%83%a5-ccs-1000d\/","title":{"rendered":"\u53b3\u9078PCS\uff1a\u30dc\u30c3\u30b7\u30e5CCS 1000D\u3092\u8cfc\u5165"},"content":{"rendered":"<p>[column size=\"1-2\u2033 last=\"0\u2033\uff3d\u3002<\/p>\n<h1>\u30dc\u30c3\u30b7\u30e5 CCS 1000 D \u2013 \u8cfc\u5165\u30ad\u30e3\u30f3\u30da\u30fc\u30f3\uff1a\u30c7\u30b8\u30bf\u30eb\u30fb\u30c7\u30a3\u30b9\u30ab\u30c3\u30b7\u30e7\u30f3\u30fb\u30b7\u30b9\u30c6\u30e0 \u30dc\u30c3\u30b7\u30e5 CCS 1000 D<\/h1>\n<p>[\u30b3\u30e9\u30e0\uff3d<br \/>\n[column size=\"1-2\u2033 last=\"0\u2033\uff3d\u3002<\/p>\n<p>[\u30b3\u30e9\u30e0\uff3d<\/p>\n<p><a href=\"https:\/\/konferenztechnik.de\/wp-content\/uploads\/2015\/02\/8.jpg\"><img fetchpriority=\"high\" decoding=\"async\" class=\"alignnone size-full wp-image-5243\" src=\"https:\/\/konferenztechnik.de\/wp-content\/uploads\/2015\/02\/8.jpg\" alt=\"_8\" width=\"941\" height=\"228\" title=\"\" srcset=\"https:\/\/konferenztechnik.de\/wp-content\/uploads\/2015\/02\/8.jpg 941w, https:\/\/konferenztechnik.de\/wp-content\/uploads\/2015\/02\/8-300x73.jpg 300w, https:\/\/konferenztechnik.de\/wp-content\/uploads\/2015\/02\/8-768x186.jpg 768w\" sizes=\"(max-width: 941px) 100vw, 941px\" \/><\/a><br \/>\n<a href=\"https:\/\/konferenztechnik.de\/wp-content\/uploads\/2015\/02\/Bosch-CCS-1000-D-PCSAngebot.jpg\"><img decoding=\"async\" class=\"alignnone size-full wp-image-5346\" src=\"https:\/\/konferenztechnik.de\/wp-content\/uploads\/2015\/02\/Bosch-CCS-1000-D-PCSAngebot.jpg\" alt=\"\u30dc\u30c3\u30b7\u30e5CCS-1000 D\u3092\u8cfc\u5165\u3059\u308b\" width=\"940\" height=\"411\" title=\"\" srcset=\"https:\/\/konferenztechnik.de\/wp-content\/uploads\/2015\/02\/Bosch-CCS-1000-D-PCSAngebot.jpg 940w, https:\/\/konferenztechnik.de\/wp-content\/uploads\/2015\/02\/Bosch-CCS-1000-D-PCSAngebot-300x131.jpg 300w, https:\/\/konferenztechnik.de\/wp-content\/uploads\/2015\/02\/Bosch-CCS-1000-D-PCSAngebot-768x336.jpg 768w\" sizes=\"(max-width: 940px) 100vw, 940px\" \/><\/a><br \/>\n\u30dc\u30c3\u30b7\u30e5\u306f2015\u5e742\u670810\u65e5\u306b\u30a2\u30e0\u30b9\u30c6\u30eb\u30c0\u30e0\u3067\u958b\u50ac\u3055\u308c\u308bIntegrated Systems Europe\u3067\u65b0\u3057\u3044\u30c7\u30b8\u30bf\u30eb\u30c7\u30a3\u30b9\u30ab\u30c3\u30b7\u30e7\u30f3\u30fb\u30b7\u30b9\u30c6\u30e0\u3092\u767a\u8868\u3057\u307e\u3059\u3002\u79c1\u305f\u3061\u306f\u3059\u3067\u306b\u3053\u306e\u30b7\u30b9\u30c6\u30e0\u3092\u5b9f\u969b\u306b\u4f7f\u7528\u3059\u308b\u3053\u3068\u304c\u3067\u304d\u3001\u5927\u5909\u6e80\u8db3\u3057\u3066\u3044\u307e\u3059\u3002<\/p>\n<p>\u4e2d\u5c0f\u898f\u6a21\u306e\u4f1a\u8b70\u3084\u30a4\u30d9\u30f3\u30c8\u7528\u306b\u8a2d\u8a08\u3055\u308c\u305f\u3053\u306e\u65b0\u3057\u3044\u65bd\u8a2d\u306f\u3001\u79c1\u305f\u3061\u304b\u3089\u8ed2\u4e26\u307f\u9ad8\u3044\u8a55\u4fa1\u3092\u5f97\u3066\u3044\u308b\u3002<\/p>\n<p>\u30dc\u30c3\u30b7\u30e5\u306f\u3001\u30aa\u30fc\u30eb\u30e9\u30a6\u30f3\u30c9\u306b\u6d3b\u8e8d\u3059\u308b\u65b0\u3057\u3044\u30c7\u30a3\u30b9\u30ab\u30c3\u30b7\u30e7\u30f3\u30fb\u30b7\u30b9\u30c6\u30e0\u3092\u7834\u683c\u306e\u7d39\u4ecb\u4fa1\u683c\u3067\u63d0\u4f9b\u3059\u308b\u3002\u30dc\u30c3\u30b7\u30e5\u306f\u3001\u3053\u306e\u30b7\u30b9\u30c6\u30e0\u3092\u56fd\u969b\u5e02\u5834\u306b\u8fc5\u901f\u306b\u5e83\u3081\u305f\u3044\u3068\u8003\u3048\u3066\u3044\u307e\u3059\u3002\u30dc\u30c3\u30b7\u30e5\u306f\u3053\u306e\u30b7\u30b9\u30c6\u30e0\u3092\u9ad8\u304f\u8a55\u4fa1\u3057\u3066\u304a\u308a\u3001\u305d\u306e\u30e1\u30ea\u30c3\u30c8\u3092\u559c\u3093\u3067\u304a\u5ba2\u69d8\u306b\u304a\u4f1d\u3048\u3057\u307e\u3059\u3002<br \/>\n[spacer size=\"20\u2033]<\/p>\n<h1>\u30dc\u30c3\u30b7\u30e5\/PCS \u7d39\u4ecb\u30ad\u30e3\u30f3\u30da\u30fc\u30f3 \u2013 \u30dc\u30c3\u30b7\u30e5 CCS 1000 D \u30c7\u30b8\u30bf\u30eb\u30fb\u30c7\u30a3\u30b9\u30ab\u30c3\u30b7\u30e7\u30f3\u30fb\u30b7\u30b9\u30c6\u30e0<\/h1>\n<p>2015\u5e742\u67085\u65e5\u304b\u30893\u67085\u65e5\u307e\u3067\u306e\u671f\u9593\u9650\u5b9a\u30ad\u30e3\u30f3\u30da\u30fc\u30f3\u3002<\/p>\n<p><a href=\"https:\/\/konferenztechnik.de\/wp-content\/uploads\/2015\/02\/Bosch-CCS-1000-D-PCSAngebot2.jpg\"><img decoding=\"async\" class=\"alignnone size-full wp-image-5350\" src=\"https:\/\/konferenztechnik.de\/wp-content\/uploads\/2015\/02\/Bosch-CCS-1000-D-PCSAngebot2.jpg\" alt=\"\u30dc\u30c3\u30b7\u30e5CCS-1000 D \u30b9\u30da\u30b7\u30e3\u30eb\u30aa\u30d5\u30a1\u30fc\" width=\"940\" height=\"411\" title=\"\" srcset=\"https:\/\/konferenztechnik.de\/wp-content\/uploads\/2015\/02\/Bosch-CCS-1000-D-PCSAngebot2.jpg 940w, https:\/\/konferenztechnik.de\/wp-content\/uploads\/2015\/02\/Bosch-CCS-1000-D-PCSAngebot2-300x131.jpg 300w, https:\/\/konferenztechnik.de\/wp-content\/uploads\/2015\/02\/Bosch-CCS-1000-D-PCSAngebot2-768x336.jpg 768w\" sizes=\"(max-width: 940px) 100vw, 940px\" \/><\/a><br \/>\n\u30de\u30a4\u30af\u30ed\u30db\u30f3\u30e6\u30cb\u30c3\u30c86\u672c\u306e\u57fa\u672c\u30bb\u30c3\u30c8\uff0b\u30b3\u30f3\u30c8\u30ed\u30fc\u30eb\u30e6\u30cb\u30c3\u30c8\u3001\u5ef6\u9577\u30b1\u30fc\u30d6\u30eb\u3001\u30a2\u30af\u30bb\u30b5\u30ea\u30fc\u306e\u7279\u5225\u4fa1\u683c\u3002\u30dc\u30c3\u30b7\u30e5\u306e\u65b0\u3057\u3044\u30a4\u30f3\u30ab\u30e0\u30b7\u30b9\u30c6\u30e0\u3092\u7834\u683c\u306e\u5c0e\u5165\u4fa1\u683c\u3067\u304a\u6c42\u3081\u304f\u3060\u3055\u3044\u3002<\/p>\n<p>\u30dc\u30c3\u30b7\u30e5\u306e\u652f\u5e97\u3067\u3053\u306e\u30b7\u30b9\u30c6\u30e0\u3092\u3054\u89a7\u3044\u305f\u3060\u3051\u307e\u3059\u30022\u670810\u65e5\u304b\u308912\u65e5\u307e\u3067\u3001\u30dc\u30c3\u30b7\u30e5\u306fISE Integrated Systems Europe Amsterdam\u306e\u30b9\u30bf\u30f3\u30c93-A81\u3067\u3053\u306e\u30b7\u30b9\u30c6\u30e0\u3092\u5c55\u793a\u3057\u307e\u3059\u3002\u305c\u3072\u304a\u7acb\u3061\u5bc4\u308a\u304f\u3060\u3055\u3044\u3002 <a href=\"mailto:peschka@konferenztechnik.de?subject=Treffen auf der ISE Amsterdam\">\u4efb\u547d<\/a>.<\/p>\n<p><a href=\"https:\/\/www.iseurope.org\/home.php?navi=148&amp;clean_cat=search&amp;searchstring=bosch\" target=\"_blank\" rel=\"noopener\">ISE Integrated Systems Europe Amsterdam\u3067CCS 1000 D\u3092\u5c55\u793a\u3059\u308b\u30dc\u30c3\u30b7\u30e5<\/a><\/p>\n<p>[spacer size=\"10\u2033]<\/p>\n<p><a style=\"line-height: 1.8em;\" title=\"\" href=\"\/ja\/%e3%83%9c%e3%83%83%e3%82%b7%e3%83%a5-ccs-1000-d\/\">\u65b0\u767b\u5834 \u30dc\u30c3\u30b7\u30e5 CCS 1000 D<\/a><br \/>\n<a style=\"line-height: 1.8em;\" title=\"R\" href=\"\/ja\/%e3%83%9c%e3%83%83%e3%82%b7%e3%83%a5-ccs-1000-d-%e3%83%86%e3%82%b9%e3%83%88%e7%b5%90%e6%9e%9c\/\">PCS\u30c6\u30b9\u30c8\u7d50\u679c \u30dc\u30c3\u30b7\u30e5 CCS 1000 D<\/a><br \/>\n<a style=\"line-height: 1.8em;\" title=\"\" href=\"\/ja\/%e3%83%9c%e3%83%83%e3%82%b7%e3%83%a5ccs-1000d%e3%81%ae%e7%89%b9%e5%be%b4\/\">\u6027\u80fd\u30b9\u30da\u30af\u30c8\u30eb \/ \u7279\u9577 \u30dc\u30c3\u30b7\u30e5 CCS 1000 D<\/a><br \/>\n<!--\n<b>Highend-Ausstattung zum Einsteigerpreis<\/b>\n[list icon=\"moon-checkmark-3\" color=\"#a62055\"]Exzellenter Klang und h\u00f6here Lautst\u00e4rken ohne R\u00fcckkopplung[\/list]\n[list icon=\"moon-checkmark-3\" color=\"#a62055\"]Kompakt, einfach aufzubauen, einfach zu bedienen[\/list]\n[list icon=\"moon-checkmark-3\" color=\"#a62055\"]Komfortable Aufzeichnung einfach auf den USB-Stick[\/list]\n[list icon=\"moon-checkmark-3\" color=\"#a62055\"]Steuerung der Anlage einach \u00fcber Tablet, Smartphone oder Web-Browser[\/list]\n[list icon=\"moon-checkmark-3\" color=\"#a62055\"]Integrierte, automatische Steuerung von DOM z. B. f\u00fcr Videokonferenzen[\/list]\n[spacer size=\"30\"]\n--><\/p>\n<p>[spacer size=\"20\u2033]<\/p>\n<p><!--\n\n<b>Zusatzangebot \u201eISE-Besuch\u201c \/ die Anlage auf der ISE kennenlernen<\/b>\n\nBesuchen Sie Bosch auf der ISE in Amsterdam. Bringen Sie unser PCS-Angebot als Ausdruck mit und Sie erhalten zus\u00e4tzlich 100 EUR Er\u00f6ffnungsrabatt.\n\nBesuchen Sie Bosch auf dem Stand 3-A81 und legen Sie dort unser Angebot zum Unterzeichnen vor und Sie erhalten im Aktionszeitraum nochmals zus\u00e4tzlich 100 EUR Preisnachlass auf Ihre erste Bestellung.\n\n* G\u00fcltig ab Abnahmemenge 1 Basiskoffer (5 + 1 for free) + 100 EUR ISE-Aktion. Angebot g\u00fcltig f\u00fcr den Gesamtzeitraum 5. Februar bis 31. M\u00e4rz, Abzeichnung Angebot nur auf der ISE m\u00f6glich.\n\nISE Integrated Systems Europe Amsterdam\n10.02.2015 - 12.02.2015\nAusstellung f\u00fcr professionelle AV Systemintegration &amp; elektronische Integration in Gesch\u00e4fts- und Wohngeb\u00e4uden\n\nBesuchen Sie Bosch und nutzen Sie die Chance, die Anlage kennenzulernen; Bosch CCS 1000 D, Stand 3-A81\n--><\/p>\n<p>[spacer size=\"20\u2033]<\/p>\n<h1>\u9023\u7d61\u5148<\/h1>\n<p>[spacer size=\"20\u2033]<br \/>\n[column size=\"1-2\u2033 last=\"0\u2033\uff3d\u3002<br \/>\n[\u30bf\u30d6\u30b9\u30bf\u30a4\u30eb=\"2\u2033]\u3002<br \/>\n[tab title=\"\u30d9\u30eb\u30ea\u30f3\"]<br \/>\n<img loading=\"lazy\" decoding=\"async\" width=\"800\" height=\"533\" class=\"alignleft size-full wp-image-2301\" src=\"https:\/\/konferenztechnik.de\/wp-content\/uploads\/2013\/09\/gunnar_hermenau_pcs-gmbh.jpg\" alt=\"\u30ac\u30f3\u30ca\u30fc\u30fb\u30d8\u30eb\u30e1\u30ca\u30a6\u30fb\u30d4\u30fc\u30b7\u30fc\u30a8\u30b9GMBH\" title=\"\" srcset=\"https:\/\/konferenztechnik.de\/wp-content\/uploads\/2013\/09\/gunnar_hermenau_pcs-gmbh.jpg 800w, https:\/\/konferenztechnik.de\/wp-content\/uploads\/2013\/09\/gunnar_hermenau_pcs-gmbh-300x200.jpg 300w, https:\/\/konferenztechnik.de\/wp-content\/uploads\/2013\/09\/gunnar_hermenau_pcs-gmbh-768x512.jpg 768w\" sizes=\"(max-width: 800px) 100vw, 800px\" \/><br \/>\n\u30b0\u30f3\u30ca\u30fc\u30fb\u30d8\u30eb\u30e1\u30ca\u30a6<br \/>\n\u30d9\u30eb\u30ea\u30f3\u652f\u5e97\u9577<br \/>\n\u96fb\u8a71 +49 30 6959690 14<br \/>\n\u96fb\u5b50\u30e1\u30fc\u30eb <a href=\"mailto:hermenau@konferenztechnik.de\">hermenau@konferenztechnik.de<\/a><br \/>\nQR\u30b3\u30fc\u30c9 <a title=\"QR\u30b3\u30fc\u30c9 \u30b0\u30f3\u30ca\u30fc\u30fb\u30d8\u30eb\u30e1\u30ca\u30a6\" href=\"https:\/\/konferenztechnik.de\/wp-content\/uploads\/2013\/09\/gunnar_hermenau_qrcode.png\">\u203a\u3092\u8868\u793a<\/a><br \/>\n\u30bf\u30d6<br \/>\n\u30bf\u30d6<br \/>\n[\u30b3\u30e9\u30e0\uff3d<br \/>\n[column size=\"1-2\u2033 last=\"1\u2033\uff3d\u3002<br \/>\n[\u30bf\u30d6\u30b9\u30bf\u30a4\u30eb=\"2\u2033]\u3002<br \/>\n[tab title=\"\u30cf\u30a4\u30eb\u30d6\u30ed\u30f3\"]]\u3002<br \/>\n<img loading=\"lazy\" decoding=\"async\" width=\"800\" height=\"533\" class=\"alignleft size-full wp-image-2289\" src=\"https:\/\/konferenztechnik.de\/wp-content\/uploads\/2013\/09\/carsten_adam_pcs-gmbh.jpg\" alt=\"\u30ab\u30fc\u30b9\u30c6\u30f3\u30fb\u30a2\u30c0\u30e0\u30fb\u30d4\u30fc\u30b7\u30fc\u30a8\u30b9Gmbh\" title=\"\" srcset=\"https:\/\/konferenztechnik.de\/wp-content\/uploads\/2013\/09\/carsten_adam_pcs-gmbh.jpg 800w, https:\/\/konferenztechnik.de\/wp-content\/uploads\/2013\/09\/carsten_adam_pcs-gmbh-300x200.jpg 300w, https:\/\/konferenztechnik.de\/wp-content\/uploads\/2013\/09\/carsten_adam_pcs-gmbh-768x512.jpg 768w\" sizes=\"(max-width: 800px) 100vw, 800px\" \/><br \/>\n\u30ab\u30fc\u30b9\u30c6\u30f3\u30fb\u30a2\u30c0\u30e0<br \/>\n\u30cf\u30a4\u30eb\u30d6\u30ed\u30f3\u304a\u3088\u3073\u30df\u30e5\u30f3\u30d8\u30f3\u652f\u5e97\u9577<br \/>\n\u96fb\u8a71 +49 7131 278010 11<br \/>\n\u96fb\u5b50\u30e1\u30fc\u30eb <a href=\"mailto:adam@konferenztechnik.de\">adam@konferenztechnik.de<\/a><br \/>\nQR\u30b3\u30fc\u30c9 <a title=\"QR\u30b3\u30fc\u30c9 \u30ab\u30fc\u30b9\u30c6\u30f3\u30fb\u30a2\u30c0\u30e0\" href=\"https:\/\/konferenztechnik.de\/wp-content\/uploads\/2013\/09\/carsten_adam_qrcode.png\">\u203a\u3092\u8868\u793a<\/a><br \/>\n\u30bf\u30d6<br \/>\n\u30bf\u30d6<br \/>\n[\u30b3\u30e9\u30e0\uff3d<\/p>\n<p>[column size=\"1-2\u2033 last=\"1\u2033\uff3d\u3002<br \/>\n[\u30bf\u30d6\u30b9\u30bf\u30a4\u30eb=\"2\u2033]\u3002<br \/>\n[tab title=\"\u30c7\u30e5\u30c3\u30bb\u30eb\u30c9\u30eb\u30d5\"]]\u3002<br \/>\n<a href=\"https:\/\/konferenztechnik.de\/wp-content\/uploads\/2013\/09\/dirk_neumann_pcs-gmbh.jpg\"><img loading=\"lazy\" decoding=\"async\" width=\"800\" height=\"533\" class=\"alignleft size-full wp-image-2297\" src=\"https:\/\/konferenztechnik.de\/wp-content\/uploads\/2013\/09\/dirk_neumann_pcs-gmbh.jpg\" alt=\"\u30c7\u30a3\u30eb\u30af\u30fb\u30ce\u30a4\u30de\u30f3 PCS GmbH\u793e\u9577\" title=\"\" srcset=\"https:\/\/konferenztechnik.de\/wp-content\/uploads\/2013\/09\/dirk_neumann_pcs-gmbh.jpg 800w, https:\/\/konferenztechnik.de\/wp-content\/uploads\/2013\/09\/dirk_neumann_pcs-gmbh-300x200.jpg 300w, https:\/\/konferenztechnik.de\/wp-content\/uploads\/2013\/09\/dirk_neumann_pcs-gmbh-768x512.jpg 768w\" sizes=\"(max-width: 800px) 100vw, 800px\" \/><\/a><br \/>\n\u30c7\u30a3\u30eb\u30af\u30fb\u30ce\u30a4\u30de\u30f3<br \/>\n\u30de\u30cd\u30fc\u30b8\u30f3\u30b0\u30fb\u30c7\u30a3\u30ec\u30af\u30bf\u30fc<br \/>\n\u96fb\u8a71 +49 211 737798 0<br \/>\n\u96fb\u5b50\u30e1\u30fc\u30eb <a href=\"mailto:vertrieb@konferenztechnik.de\">vertrieb@konferenztechnik.de<\/a><br \/>\nQR\u30b3\u30fc\u30c9 <a title=\"QR\u30b3\u30fc\u30c9 \u30c7\u30a3\u30eb\u30af\u30fb\u30ce\u30a4\u30de\u30f3\" href=\"https:\/\/konferenztechnik.de\/wp-content\/uploads\/2013\/09\/dirk_neumann_qrcode.png\">\u203a\u3092\u8868\u793a<\/a>\u30bf\u30d6<br \/>\n\u30bf\u30d6<br \/>\n[\u30b3\u30e9\u30e0\uff3d<\/p>\n<p>[spacer size=\"30\u2033]<\/p>\n<div class=\"weiterlinks\">\n<h1>\u3055\u3089\u306a\u308b\u30ea\u30f3\u30af<\/h1>\n<ul>\n<li>\u203a <a title=\"\u6d41\u901a\" href=\"\/ja\/%e4%bc%9a%e8%ad%b0%e3%81%8a%e3%82%88%e3%81%b3av%e3%83%a1%e3%83%87%e3%82%a3%e3%82%a2%e6%8a%80%e8%a1%93%e3%81%ae%e9%85%8d%e5%b8%83\/\">\u4f1a\u8b70\u304a\u3088\u3073\u30e1\u30c7\u30a3\u30a2\u6280\u8853\u306e\u914d\u5e03<\/a><\/li>\n<li>\u203a <a title=\"\u30a4\u30f3\u30b9\u30c8\u30fc\u30eb\" href=\"\/ja\/%e4%bc%9a%e8%ad%b0%e6%8a%80%e8%a1%93%e3%81%8a%e3%82%88%e3%81%b3%e3%83%a1%e3%83%87%e3%82%a3%e3%82%a2%e3%83%bb%e3%82%b7%e3%82%b9%e3%83%86%e3%83%a0%e3%81%ae%e8%a8%ad%e7%bd%ae%e3%81%a8%e7%b5%b1%e5%90%88\/\">\u4f1a\u8b70\u30c6\u30af\u30ce\u30ed\u30b8\u30fc\u3068\u30e1\u30c7\u30a3\u30a2\u30fb\u30b7\u30b9\u30c6\u30e0\u306e\u5c0e\u5165\u3068\u7d71\u5408<\/a><\/li>\n<li>\u203a <a title=\"\u591a\u8a00\u8a9e\u30a4\u30d9\u30f3\u30c8\u306e\u30b5\u30dd\u30fc\u30c8\" href=\"\/ja\/%e3%82%b5%e3%83%bc%e3%83%93%e3%82%b9-2\/%e5%a4%9a%e8%a8%80%e8%aa%9e%e3%82%a4%e3%83%99%e3%83%b3%e3%83%88%e3%81%ae%e3%82%b5%e3%83%9d%e3%83%bc%e3%83%88\/\">\u591a\u8a00\u8a9e\u30a4\u30d9\u30f3\u30c8\u306e\u30b5\u30dd\u30fc\u30c8<\/a><\/li>\n<\/ul>\n<\/div>","protected":false},"excerpt":{"rendered":"<p>[column size=&#8220;2-3&#8243; last=&#8220;0&#8243;] Bosch CCS 1000 D kaufen \u2013 Einf\u00fchrungsangebot: Digital Discussion System Bosch CCS 1000 D [\/column] [column size=&#8220;1-3&#8243; last=&#8220;1&#8243;] [\/column] Bosch stellt am 10. Februar 2015 auf der Integrated Systems Europe in Amsterdam eine neue digitale Diskussionsanlage vor. Wir konnten die Anlage schon auf Herz und Nieren testen und sind begeistert. Die neue Anlage, die f\u00fcr kleine und mittlere Meetings und Veranstaltungen konzipiert ist, kann bei uns auf ganzer Linie punkten. Bosch bietet f\u00fcr eine neue und rundum gelungene Diskussionsanlage einen unschlagbaren Einf\u00fchrungspreis. Bosch will die Anlage schnell auf dem internationalen Markt bekannt machen. Wir sind von der Anlage \u00fcberzeugt und geben den Vorteil gerne an Sie weiter. [&hellip;]<\/p>","protected":false},"author":1,"featured_media":45482,"parent":0,"menu_order":34,"comment_status":"closed","ping_status":"open","template":"","meta":{"_acf_changed":false,"footnotes":""},"class_list":["post-4984","page","type-page","status-publish","has-post-thumbnail","hentry"],"acf":[],"_links":{"self":[{"href":"https:\/\/konferenztechnik.de\/ja\/wp-json\/wp\/v2\/pages\/4984","targetHints":{"allow":["GET"]}}],"collection":[{"href":"https:\/\/konferenztechnik.de\/ja\/wp-json\/wp\/v2\/pages"}],"about":[{"href":"https:\/\/konferenztechnik.de\/ja\/wp-json\/wp\/v2\/types\/page"}],"author":[{"embeddable":true,"href":"https:\/\/konferenztechnik.de\/ja\/wp-json\/wp\/v2\/users\/1"}],"replies":[{"embeddable":true,"href":"https:\/\/konferenztechnik.de\/ja\/wp-json\/wp\/v2\/comments?post=4984"}],"version-history":[{"count":0,"href":"https:\/\/konferenztechnik.de\/ja\/wp-json\/wp\/v2\/pages\/4984\/revisions"}],"wp:featuredmedia":[{"embeddable":true,"href":"https:\/\/konferenztechnik.de\/ja\/wp-json\/wp\/v2\/media\/45482"}],"wp:attachment":[{"href":"https:\/\/konferenztechnik.de\/ja\/wp-json\/wp\/v2\/media?parent=4984"}],"curies":[{"name":"wp","href":"https:\/\/api.w.org\/{rel}","templated":true}]}}