{"id":5029,"date":"2015-02-02T17:32:01","date_gmt":"2015-02-02T16:32:01","guid":{"rendered":"https:\/\/konferenztechnik.de\/?page_id=5029"},"modified":"2023-09-01T11:47:12","modified_gmt":"2023-09-01T09:47:12","slug":"%e3%83%9c%e3%83%83%e3%82%b7%e3%83%a5ccs-1000d%e3%81%ae%e7%89%b9%e5%be%b4","status":"publish","type":"page","link":"https:\/\/konferenztechnik.de\/ja\/%e3%83%9c%e3%83%83%e3%82%b7%e3%83%a5ccs-1000d%e3%81%ae%e7%89%b9%e5%be%b4\/","title":{"rendered":"\u30dc\u30c3\u30b7\u30e5 CCS 1000 D \u7279\u9577"},"content":{"rendered":"<p>[column size=\"1-2\u2033 last=\"0\u2033\uff3d\u3002<\/p>\n<h1>\u7279\u5fb4\u30c7\u30b8\u30bf\u30eb\u30fb\u30c7\u30a3\u30b9\u30ab\u30c3\u30b7\u30e7\u30f3\u30fb\u30b7\u30b9\u30c6\u30e0 \u30dc\u30c3\u30b7\u30e5CCS 1000 D<\/h1>\n<p>[\u30b3\u30e9\u30e0\uff3d<br \/>\n[column size=\"1-2\u2033 last=\"0\u2033\uff3d\u3002<br \/>\n<img decoding=\"async\" class=\"alignright size-full wp-image-3924\" src=\"https:\/\/konferenztechnik.de\/wp-content\/uploads\/2013\/11\/logo-pcs-selected-quality.png\" alt=\"\u30ed\u30b4PCS\u53b3\u9078\u54c1\u8cea\" width=\"143\" height=\"88\" title=\"\"><br \/>\n[\u30b3\u30e9\u30e0\uff3d<\/p>\n<p><a href=\"https:\/\/konferenztechnik.de\/wp-content\/uploads\/2015\/02\/Bosch-CCS-1000-D-features.jpg\"><img fetchpriority=\"high\" decoding=\"async\" class=\"alignnone size-full wp-image-5365\" src=\"https:\/\/konferenztechnik.de\/wp-content\/uploads\/2015\/02\/Bosch-CCS-1000-D-features.jpg\" alt=\"Bosch-CCS-1000-D-features\" width=\"940\" height=\"411\" title=\"\" srcset=\"https:\/\/konferenztechnik.de\/wp-content\/uploads\/2015\/02\/Bosch-CCS-1000-D-features.jpg 940w, https:\/\/konferenztechnik.de\/wp-content\/uploads\/2015\/02\/Bosch-CCS-1000-D-features-300x131.jpg 300w, https:\/\/konferenztechnik.de\/wp-content\/uploads\/2015\/02\/Bosch-CCS-1000-D-features-768x336.jpg 768w\" sizes=\"(max-width: 940px) 100vw, 940px\" \/><\/a><\/p>\n<p>\u65b0\u3057\u3044CCS 1000 D\u306f\u3001\u6700\u65b0\u306e\u6280\u8853\u9769\u65b0\u306b\u983c\u308b\u3053\u3068\u306a\u304f\u3001\u305d\u306e\u30b7\u30f3\u30d7\u30eb\u3055\u3068\u4f7f\u3044\u3084\u3059\u3055\u3092\u5370\u8c61\u3065\u3051\u307e\u3059\u3002\u3053\u306e\u30b7\u30b9\u30c6\u30e0\u306e\u7279\u5fb4\u306b\u3064\u3044\u3066\u306f\u3001\u3053\u3061\u3089\u3092\u3054\u89a7\u304f\u3060\u3055\u3044\u3002<\/p>\n<h2>\u7279\u5fb4\u30c7\u30b8\u30bf\u30eb\u30fb\u30c7\u30a3\u30b9\u30ab\u30c3\u30b7\u30e7\u30f3\u30fb\u30b7\u30b9\u30c6\u30e0 \u30dc\u30c3\u30b7\u30e5CCS 1000 D<\/h2>\n<p>[spacer size=\"20\u2033]<\/p>\n<div class=\"kasten\">\n<div class=\"kastenlinks\"><span class=\"zahl\">1.<\/span><\/div>\n<div class=\"kastenrechts\">\n<h1>\u30b3\u30f3\u30d1\u30af\u30c8\u3001\u30bb\u30c3\u30c8\u30a2\u30c3\u30d7\u7c21\u5358\u3001\u64cd\u4f5c\u7c21\u5358<\/h1>\n<p>\u2013 \u30d7\u30e9\u30b0\u30a2\u30f3\u30c9\u30d7\u30ec\u30a4<br \/>\n\u2013 \u30c8\u30ec\u30fc\u30cb\u30f3\u30b0\u4e0d\u8981<br \/>\n\u2013 \u30b7\u30f3\u30d7\u30eb\u3067\u7c21\u5358\u306a\u53d6\u308a\u4ed8\u3051<br \/>\n\u2013 \u5927\u898f\u6a21\u306a\u8a2d\u5b9a\u306f\u4e0d\u8981<\/p>\n<\/div>\n<p>[\u30af\u30ea\u30a2\uff3d<\/p>\n<\/div>\n<p>[spacer size=\"20\u2033]<\/p>\n<div class=\"kasten\">\n<div class=\"kastenlinks\"><span class=\"zahl\">2.<\/span><\/div>\n<div class=\"kastenrechts\">\n<h1>\u30cf\u30a6\u30ea\u30f3\u30b0\u306e\u306a\u3044\u826f\u597d\u306a\u30b5\u30a6\u30f3\u30c9\u3068\u5927\u97f3\u91cf<\/h1>\n<p>\u2013 \u30b9\u30d4\u30fc\u30ab\u30fc\u3068\u30de\u30a4\u30af\u3092\u540c\u6642\u306b\u30a2\u30af\u30c6\u30a3\u30d6\u306b\u3059\u308b<br \/>\n\u2013 \u30c7\u30b8\u30bf\u30eb\u30d5\u30a3\u30fc\u30c9\u30d0\u30c3\u30af\u30b5\u30d7\u30ec\u30c3\u30b5\uff08DAFS\uff09\u5185\u8535<br \/>\n\u2013 \u53c2\u52a0\u8005\u5168\u54e1\u306b\u5bfe\u3057\u3066\u512a\u308c\u305f\u97f3\u58f0\u660e\u77ad\u5ea6<\/p>\n<\/div>\n<p>[\u30af\u30ea\u30a2\uff3d<\/p>\n<\/div>\n<p>[spacer size=\"20\u2033]<\/p>\n<div class=\"kasten\">\n<div class=\"kastenlinks\"><span class=\"zahl\">3.<\/span><\/div>\n<div class=\"kastenrechts\">\n<h1>\u4fbf\u5229\u306a\u9332\u97f3<\/h1>\n<p>\u2013\u5185\u8535\u30e1\u30e2\u30ea\u30fc\u3078\u306e\u30c7\u30b8\u30bf\u30eb\u9332\u753b\uff1a\u6700\u59278\u6642\u9593<br \/>\n\u2013 128GB\u306eUSB\u30e1\u30e2\u30ea\u3067\u30c7\u30b8\u30bf\u30eb\u9332\u753b\uff1a\u6700\u59274000\u6642\u9593<\/p>\n<\/div>\n<p>[\u30af\u30ea\u30a2\uff3d<\/p>\n<\/div>\n<p>[spacer size=\"20\u2033]<\/p>\n<div class=\"kasten\">\n<div class=\"kastenlinks\"><span class=\"zahl\">4.<\/span><\/div>\n<div class=\"kastenrechts\">\n<h1>\u9ad8\u5ea6\u306a\u8a2d\u5b9a\u3068\u5236\u5fa1\u306e\u305f\u3081\u306e\u30b7\u30f3\u30d7\u30eb\u306a\u30a6\u30a7\u30d6\u30fb\u30a4\u30f3\u30bf\u30fc\u30d5\u30a7\u30a4\u30b9<\/h1>\n<p>\u2013 \u6280\u8853\u8005\u306e\u305f\u3081\u306e\u62e1\u5f35\u8a2d\u5b9a\u30aa\u30d7\u30b7\u30e7\u30f3<br \/>\n\u2013 \u30c1\u30a7\u30a2\u30de\u30f3\u306e\u305f\u3081\u306e\u76f4\u611f\u7684\u306a\u30de\u30a4\u30af\u30b3\u30f3\u30c8\u30ed\u30fc\u30eb<br \/>\n\u2013 \u30c7\u30a3\u30b9\u30ab\u30c3\u30b7\u30e7\u30f3\u306e\u30b3\u30f3\u30c8\u30ed\u30fc\u30eb\u3068\u8a18\u9332<\/p>\n<\/div>\n<p>[\u30af\u30ea\u30a2\uff3d<\/p>\n<\/div>\n<p>[spacer size=\"20\u2033]<\/p>\n<div class=\"kasten\">\n<div class=\"kastenlinks\"><span class=\"zahl\">5.<\/span><\/div>\n<div class=\"kastenrechts\">\n<h1>\u30ab\u30e1\u30e9\u306e\u81ea\u52d5\u5236\u5fa1\u3092\u81ea\u7136\u306b\u30b5\u30dd\u30fc\u30c8<\/h1>\n<p>\u6700\u59276\u53f0\u306eHD\u4f1a\u8b70\u7528\u30c9\u30fc\u30e0\u30ab\u30e1\u30e9\u3092\u2013\u6a19\u6e96\u3067\u30b5\u30dd\u30fc\u30c8<br \/>\n\u30a6\u30a7\u30d6\u30d6\u30e9\u30a6\u30b6\u306b\u3088\u308b\u2013\u8a2d\u5b9a\u3001\u8ffd\u52a0\u30bd\u30d5\u30c8\u30a6\u30a7\u30a2\u4e0d\u8981<br \/>\n\u2013 \u30a2\u30af\u30c6\u30a3\u30d6\u30b9\u30d4\u30fc\u30ab\u30fc\u306e\u30af\u30ea\u30b9\u30bf\u30eb\u30af\u30ea\u30a2\u306a\u30d7\u30ec\u30bc\u30f3\u30c6\u30fc\u30b7\u30e7\u30f3<\/p>\n<\/div>\n<p>[\u30af\u30ea\u30a2\uff3d<\/p>\n<\/div>\n<p><span style=\"font-size: 2.0em;\"><br \/>\n+<br \/>\n<\/span><\/p>\n<div class=\"kasten\">\n<div class=\"kastenlinks\"><span class=\"zahl\">6.<\/span><\/div>\n<div class=\"kastenrechts\">\n<p>\u2013\u72ec\u81ea\u300c\u767a\u8a71\u53ef\u80fd\u201d\u8868\u793a\uff08\u767a\u8a71\u53ef\u80fd\uff09<br \/>\n\u2013\u300c\u8b1b\u6f14\u4f9d\u983c\u201d \u8868\u793a\uff08\u81ea\u52d5\u30ad\u30e3\u30f3\u30bb\u30eb\u5f85\u3061\uff09<br \/>\n\u2013 \u7701\u30a8\u30cd\u30e2\u30fc\u30c9<br \/>\n\u2013 \u643a\u5e2f\u96fb\u8a71\u3084\u30b9\u30de\u30fc\u30c8\u30d5\u30a9\u30f3\u306e\u30dd\u30a4\u6368\u3066\u9632\u6b62\uff08GSM\u30a4\u30df\u30e5\u30cb\u30c6\u30a3\uff09<\/p>\n<\/div>\n<p>[\u30af\u30ea\u30a2\uff3d<\/p>\n<\/div>\n<p>[spacer size=\"40\u2033]<\/p>\n<p>Bosch CCS 1000 D\u4f1a\u8b70\u30b7\u30b9\u30c6\u30e0\u3078\u306e\u30ea\u30f3\u30af<\/p>\n<p>#x9B\uff1b <a style=\"line-height: 1.8em;\" title=\"\" href=\"\/ja\/%e5%8e%b3%e9%81%b8%e7%89%b9%e4%be%a1%e5%93%81-%e3%83%9c%e3%83%83%e3%82%b7%e3%83%a5-ccs-1000d\/\">PCS\/\u30dc\u30c3\u30b7\u30e5 \u30ad\u30e3\u30f3\u30da\u30fc\u30f3 \u30dc\u30c3\u30b7\u30e5 CCS 1000 D<\/a><br \/>\n#x9B\uff1b <a style=\"line-height: 1.5em;\" title=\"\" href=\"\/ja\/%e3%83%9c%e3%83%83%e3%82%b7%e3%83%a5-ccs-1000-d-%e3%83%86%e3%82%b9%e3%83%88%e7%b5%90%e6%9e%9c\/\">PCS\u30c6\u30b9\u30c8\u7d50\u679c \u30dc\u30c3\u30b7\u30e5 CCS 1000 D<\/a><br \/>\n#x9B\uff1b <a style=\"line-height: 1.8em;\" title=\"\" href=\"\/ja\/%e3%83%9c%e3%83%83%e3%82%b7%e3%83%a5-ccs-1000-d\/\">\u65b0\u767b\u5834 \u30dc\u30c3\u30b7\u30e5 CCS 1000 D<\/a><\/p>\n<p>[spacer size=\"40\u2033]<\/p>\n<div class=\"weiterlinks\">\n<h1>\u3055\u3089\u306a\u308b\u30ea\u30f3\u30af<\/h1>\n<ul>\n<li>\u203a <a title=\"\u6d41\u901a\" href=\"\/ja\/%e4%bc%9a%e8%ad%b0%e3%81%8a%e3%82%88%e3%81%b3av%e3%83%a1%e3%83%87%e3%82%a3%e3%82%a2%e6%8a%80%e8%a1%93%e3%81%ae%e9%85%8d%e5%b8%83\/\">\u4f1a\u8b70\u304a\u3088\u3073\u30e1\u30c7\u30a3\u30a2\u6280\u8853\u306e\u914d\u5e03<\/a><\/li>\n<li>\u203a <a title=\"\u30a4\u30f3\u30b9\u30c8\u30fc\u30eb\" href=\"\/ja\/%e4%bc%9a%e8%ad%b0%e6%8a%80%e8%a1%93%e3%81%8a%e3%82%88%e3%81%b3%e3%83%a1%e3%83%87%e3%82%a3%e3%82%a2%e3%83%bb%e3%82%b7%e3%82%b9%e3%83%86%e3%83%a0%e3%81%ae%e8%a8%ad%e7%bd%ae%e3%81%a8%e7%b5%b1%e5%90%88\/\">\u4f1a\u8b70\u30c6\u30af\u30ce\u30ed\u30b8\u30fc\u3068\u30e1\u30c7\u30a3\u30a2\u30fb\u30b7\u30b9\u30c6\u30e0\u306e\u5c0e\u5165\u3068\u7d71\u5408<\/a><\/li>\n<li>\u203a <a title=\"\u591a\u8a00\u8a9e\u30a4\u30d9\u30f3\u30c8\u306e\u30b5\u30dd\u30fc\u30c8\" href=\"\/ja\/%e3%82%b5%e3%83%bc%e3%83%93%e3%82%b9-2\/%e5%a4%9a%e8%a8%80%e8%aa%9e%e3%82%a4%e3%83%99%e3%83%b3%e3%83%88%e3%81%ae%e3%82%b5%e3%83%9d%e3%83%bc%e3%83%88\/\">\u591a\u8a00\u8a9e\u30a4\u30d9\u30f3\u30c8\u306e\u30b5\u30dd\u30fc\u30c8<\/a><\/li>\n<\/ul>\n<\/div>","protected":false},"excerpt":{"rendered":"<p>[column size=&#8220;2-3&#8243; last=&#8220;0&#8243;] Features: Digital Discussion System Bosch CCS 1000 D [\/column] [column size=&#8220;1-3&#8243; last=&#8220;1&#8243;] [\/column] Die brandneue CCS 1000 D \u00fcberzeugt durch Einfachheit und Benutzerfreundlichkeit und das, ohne auf neuste technische Innovationen verzichten zu m\u00fcssen. Verschaffen Sie sich hier einen \u00dcberblick \u00fcber die Features der Anlage. Bosch CCS 1000 D Digital Discussion System Features [spacer size=&#8220;20&#8243;] 1. Kompakt, einfach aufzubauen, einfach zu bedienen &#8211; Plug and play &#8211; Kein Training erforderlich &#8211; Unkomplizierte, gradlinige Installation &#8211; Keine umfangreiche Konfiguration notwendig [clear] [spacer size=&#8220;20&#8243;] 2. Guter Klang und h\u00f6here Lautst\u00e4rken ohne R\u00fcckkopplung &#8211; Lautsprecher und Mikrofon gleichzeitig aktiv &#8211; Eingebauter digitaler R\u00fcckkopplungsunterdr\u00fccker (DAFS) &#8211; Exzellente Sprachverst\u00e4ndlichkeit bei allen Teilnehmern [clear] [&hellip;]<\/p>","protected":false},"author":1,"featured_media":45482,"parent":0,"menu_order":33,"comment_status":"closed","ping_status":"open","template":"","meta":{"_acf_changed":false,"footnotes":""},"class_list":["post-5029","page","type-page","status-publish","has-post-thumbnail","hentry"],"acf":[],"_links":{"self":[{"href":"https:\/\/konferenztechnik.de\/ja\/wp-json\/wp\/v2\/pages\/5029","targetHints":{"allow":["GET"]}}],"collection":[{"href":"https:\/\/konferenztechnik.de\/ja\/wp-json\/wp\/v2\/pages"}],"about":[{"href":"https:\/\/konferenztechnik.de\/ja\/wp-json\/wp\/v2\/types\/page"}],"author":[{"embeddable":true,"href":"https:\/\/konferenztechnik.de\/ja\/wp-json\/wp\/v2\/users\/1"}],"replies":[{"embeddable":true,"href":"https:\/\/konferenztechnik.de\/ja\/wp-json\/wp\/v2\/comments?post=5029"}],"version-history":[{"count":0,"href":"https:\/\/konferenztechnik.de\/ja\/wp-json\/wp\/v2\/pages\/5029\/revisions"}],"wp:featuredmedia":[{"embeddable":true,"href":"https:\/\/konferenztechnik.de\/ja\/wp-json\/wp\/v2\/media\/45482"}],"wp:attachment":[{"href":"https:\/\/konferenztechnik.de\/ja\/wp-json\/wp\/v2\/media?parent=5029"}],"curies":[{"name":"wp","href":"https:\/\/api.w.org\/{rel}","templated":true}]}}