{"id":5760,"date":"2015-06-24T14:06:19","date_gmt":"2015-06-24T13:06:19","guid":{"rendered":"https:\/\/konferenztechnik.de\/?page_id=5760"},"modified":"2023-09-01T13:06:15","modified_gmt":"2023-09-01T11:06:15","slug":"%e9%80%9a%e8%a8%b3%e3%83%96%e3%83%bc%e3%82%b9-2","status":"publish","type":"page","link":"https:\/\/konferenztechnik.de\/ja\/%e9%80%9a%e8%a8%b3%e3%83%96%e3%83%bc%e3%82%b9-2\/","title":{"rendered":"\u901a\u8a33\u30d6\u30fc\u30b9"},"content":{"rendered":"<h1>\u2013\u901a\u8a33\u30d6\u30fc\u30b9\u306e\u30ec\u30f3\u30bf\u30eb\u30fb\u8ca9\u58f2<\/h1>\n<p>[spacer size=\"30\u2033]<br \/>\n[rev_slider \u901a\u8a33\u30d6\u30fc\u30b9\u3011\u3002\uff3d<br \/>\n[spacer size=\"30\u2033]<br \/>\n[column size=\"1-2\u2033 last=\"0\u2033\uff3d\u3002<br \/>\nPCS\u3067\u306f\u3001Audipack\u306e\u9ad8\u54c1\u8cea\u3067\u30d7\u30ed\u30d5\u30a7\u30c3\u30b7\u30e7\u30ca\u30eb\u304b\u3064\u30e1\u30f3\u30c6\u30ca\u30f3\u30b9\u306e\u884c\u304d\u5c4a\u3044\u305f\u901a\u8a33\u30d6\u30fc\u30b9\u306e\u307f\u3092\u3054\u63d0\u4f9b\u3057\u3066\u3044\u307e\u3059\u3002Audipack Silent\u30b7\u30ea\u30fc\u30ba\u306e\u30d6\u30fc\u30b9\u306f\u3001\u975e\u5e38\u306b\u67d4\u8edf\u3067\u6a5f\u52d5\u6027\u306b\u512a\u308c\u3066\u3044\u308b\u306e\u304c\u7279\u5fb4\u3067\u3059\u3002<\/p>\n<p>\u30ad\u30e3\u30d3\u30f3\u306f\u6700\u9ad8\u306e\u5de5\u696d\u898f\u683c\u3092\u6e80\u305f\u3057\u3001ISO 4043\u898f\u683c\u306e\u9ad8\u3044\u8981\u4ef6\u3092\u4e0a\u56de\u308b\u906e\u97f3\u6027\u3055\u3048\u5099\u3048\u3066\u3044\u307e\u3059\u3002<\/p>\n<p>\u901a\u8a33\u30d6\u30fc\u30b9\u306f\u30e2\u30b8\u30e5\u30e9\u30fc\u8a2d\u8a08\u306b\u306a\u3063\u3066\u304a\u308a\u3001\u5f53\u793e\u306e\u6280\u8853\u8005\u304c\u7c21\u5358\u306b\u7d44\u307f\u7acb\u3066\u30fb\u5206\u89e3\u3059\u308b\u3053\u3068\u304c\u3067\u304d\u307e\u3059\u3002<br \/>\n[\u30b3\u30e9\u30e0\uff3d<\/p>\n<p>[column size=\"1-2\u2033 last=\"1\u2033\uff3d\u3002<\/p>\n<p>\u901a\u8a33\u30d6\u30fc\u30b9\u306b\u306f\u30c6\u30fc\u30d6\u30eb\u304c\u3042\u308a\u3001\u63db\u6c17\u3082\u53ef\u80fd\u3067\u3059\u3002\u6a19\u6e96\u8272\u306f\u30e9\u30a4\u30c8\u30b0\u30ec\u30fc\u3067\u3059\u3002\u79fb\u52d5\u5f0f\u901a\u8a33\u30d6\u30fc\u30b9\u306eISO 4043\u898f\u683c\u306b\u6e96\u62e0\u3057\u3066\u3044\u308b\u305f\u3081\u3001\u7279\u306b\u6b27\u5dde\u30ec\u30d9\u30eb\u306e\u591a\u304f\u306e\u5165\u672d\u306e\u8981\u4ef6\u3092\u6e80\u305f\u3057\u3066\u3044\u307e\u3059\u3002<\/p>\n<p>\u79c1\u305f\u3061\u306e\u30ad\u30e3\u30d3\u30f3\u306f\u6a19\u6e96\u3067\u306f2\u4eba\u7528\u3067\u3059\u304c\u3001\u3082\u3063\u3068\u4eba\u6570\u3092\u5897\u3084\u3059\u3053\u3068\u3082\u7c21\u5358\u306b\u3067\u304d\u307e\u3059\u3002<br \/>\n[\u30b3\u30e9\u30e0\uff3d<br \/>\n[spacer size=\"30\u2033]<br \/>\n[column size=\"1-2\u2033 last=\"0\u2033\uff3d\u3002<br \/>\n\u30cf\u30a4\u30e9\u30a4\u30c8<\/p>\n<p>[v_icon color=\"#a5186d\" size=\"18px\" target=\"_blank\" name=\"\u30e0\u30fc\u30f3\u30c1\u30a7\u30c3\u30af\u30de\u30fc\u30af-3\u2033].\u7d44\u7acb\u30fb\u5206\u89e3\u304c\u7c21\u5358\u3001\u79fb\u52d5\u53ef\u80fd<br \/>\n[v_icon color=\"#a5186d\" size=\"18px\" target=\"_blank\" name=\"\u30e0\u30fc\u30f3\u30c1\u30a7\u30c3\u30af\u30de\u30fc\u30af-3\u2033].ISO 4043\u898f\u683c\u306b\u6e96\u62e0<br \/>\n[v_icon color=\"#a5186d\" size=\"18px\" target=\"_blank\" name=\"moon-checkmark-3\u2033]\u6700\u59274\u4eba\u307e\u3067\u62e1\u5f35\u53ef\u80fd<br \/>\n[v_icon color=\"#a5186d\" size=\"18px\" target=\"_blank\" name=\"\u30e0\u30fc\u30f3\u30c1\u30a7\u30c3\u30af\u30de\u30fc\u30af-3\u2033].\u6d3b\u767a\u306a\u63db\u6c17<br \/>\n[\u30b3\u30e9\u30e0\uff3d<\/p>\n<p>[column size=\"1-2\u2033 last=\"1\u2033\uff3d\u3002<br \/>\n\u4ed5\u69d8<\/p>\n<p>[v_icon color=\"#a5186d\" size=\"18px\" target=\"_blank\" name=\"moon-circle-small\"]\u30ab\u30e9\u30fc\uff1a\u30e9\u30a4\u30c8\u30b0\u30ec\u30fc\uff08RAL7042\u306b\u307b\u307c\u5bfe\u5fdc\uff09<br \/>\n[v_icon color=\"#a5186d\" size=\"18px\" target=\"_blank\" name=\"moon-circle-small\"]\u5916\u5f62\u5bf8\u6cd5\uff1a1682\u00d71682\u00d72041mm<br \/>\n[v_icon color=\"#a5186d\" size=\"18px\" target=\"_blank\" name=\"moon-circle-small\"]\u5185\u5bf8\uff1a1600\u00d71600\u00d72000mm<br \/>\n[v_icon color=\"#a5186d\" size=\"18px\" target=\"_blank\" name=\"moon-circle-small\"]\u4f53\u91cd\uff1a\u7d04210\u30ad\u30ed<br \/>\n[\u30b3\u30e9\u30e0\uff3d<\/p>\n<p>[spacer size=\"30\u2033]<\/p>\n<p>[\u30af\u30ea\u30a2\uff3d<\/p>\n<h1>\u62c5\u5f53\u8005<\/h1>\n<p>[spacer size=\"20\u2033]<\/p>\n<p>[column size=\"1-2\u2033 last=\"0\u2033\uff3d\u3002<br \/>\n[\u30bf\u30d6\u30b9\u30bf\u30a4\u30eb=\"2\u2033]\u3002<br \/>\n[tab title=\"\u8cc3\u8cb8\u30fb\u58f2\u8cb7\"]<br \/>\n<img fetchpriority=\"high\" decoding=\"async\" width=\"800\" height=\"533\" src=\"https:\/\/konferenztechnik.de\/wp-content\/uploads\/2013\/09\/christian_becker_pcs-gmbh.jpg\" alt=\"\u30af\u30ea\u30b9\u30c1\u30e3\u30f3\u30fb\u30d9\u30c3\u30ab\u30fc\u30fb\u30d4\u30fc\u30b7\u30fc\u30ba\u30fb\u30b2\u30fc\u30a8\u30e0\u30d9\u30fc\u30cf\u30fc\" class=\"alignleft size-full wp-image-2293\" title=\"\" srcset=\"https:\/\/konferenztechnik.de\/wp-content\/uploads\/2013\/09\/christian_becker_pcs-gmbh.jpg 800w, https:\/\/konferenztechnik.de\/wp-content\/uploads\/2013\/09\/christian_becker_pcs-gmbh-300x200.jpg 300w, https:\/\/konferenztechnik.de\/wp-content\/uploads\/2013\/09\/christian_becker_pcs-gmbh-768x512.jpg 768w\" sizes=\"(max-width: 800px) 100vw, 800px\" \/><br \/>\n\u30af\u30ea\u30b9\u30c1\u30e3\u30f3\u30fb\u30d9\u30c3\u30ab\u30fc<br \/>\n\u897f\u90e8\u8cc3\u8cb8\u4e8b\u696d\u90e8\u9577<br \/>\n\u96fb\u8a71 +49 211 737798 17<br \/>\n\u96fb\u5b50\u30e1\u30fc\u30eb <a href=\"mailto:becker@konferenztechnik.de\">becker@konferenztechnik.de<\/a><br \/>\nQR\u30b3\u30fc\u30c9 <a href=\"https:\/\/konferenztechnik.de\/wp-content\/uploads\/2013\/09\/christian_becker_qrcode.png\" title=\"QR\u30b3\u30fc\u30c9 \u30af\u30ea\u30b9\u30c1\u30e3\u30f3\u30fb\u30d9\u30c3\u30ab\u30fc\">&#x9B; show<\/a><br \/>\n\u30bf\u30d6<br \/>\n\u30bf\u30d6<br \/>\n[\u30b3\u30e9\u30e0\uff3d<\/p>\n<p>[spacer size=\"30\u2033]<\/p>\n<div class=\"weiterlinks\">\n<h1>\u3055\u3089\u306a\u308b\u30ea\u30f3\u30af<\/h1>\n<ul>\n<li>\u203a <a title=\"\u53c2\u8003\u6587\u732e\" href=\"\/ja\/%e4%bc%9a%e7%a4%be%e6%a6%82%e8%a6%81-2\/%e3%83%aa%e3%83%95%e3%82%a1%e3%83%ac%e3%83%b3%e3%82%b9%e3%83%aa%e3%82%b9%e3%83%88%e3%82%a4%e3%83%99%e3%83%b3%e3%83%88\/\">\u53c2\u8003\u6587\u732e \u30b5\u30dd\u30fc\u30c8\u3068\u8cc3\u8cb8<\/a><\/li>\n<li>\u203a <a title=\"PCS\u304c\u5fc5\u8981\u306a10\u306e\u7406\u7531\" href=\"\/ja\/%e4%bc%9a%e7%a4%be%e6%a6%82%e8%a6%81-2\/pc%e3%82%92%e9%81%b8%e3%81%b610%e3%81%ae%e7%90%86%e7%94%b1\/\">PCS\u304c\u5fc5\u8981\u306a10\u306e\u7406\u7531<\/a><\/li>\n<li>\u203a <a title=\"\u591a\u8a00\u8a9e\u30a4\u30d9\u30f3\u30c8\u306e\u30b5\u30dd\u30fc\u30c8\" href=\"\/ja\/%e5%a4%9a%e8%a8%80%e8%aa%9e%e3%82%a4%e3%83%99%e3%83%b3%e3%83%88%e3%81%ae%e3%82%b5%e3%83%9d%e3%83%bc%e3%83%88\/\">\u591a\u8a00\u8a9e\u30a4\u30d9\u30f3\u30c8\u306e\u30b5\u30dd\u30fc\u30c8<\/a><\/li>\n<\/ul>\n<\/div>","protected":false},"excerpt":{"rendered":"<p>Dolmetscherkabinen &#8211; Vermietung und Verkauf [spacer size=&#8220;30&#8243;] [rev_slider Dolmetscherkabine] [spacer size=&#8220;30&#8243;] [column size=&#8220;1-2&#8243; last=&#8220;0&#8243;] Bei PCS erhalten Sie nur qualitativ hochwertige, pofessionelle und bestens gewartete Dolmetschkabinen der Firma Audipack. Die Kabinen der Audipack Silent Serie zeichnen sich durch \u00e4u\u00dferste Flexibilit\u00e4t und Mobilit\u00e4t aus. Die Kabinen entsprechen h\u00f6chsten industriellen Standards und \u00fcbertreffen mit ihrer akustischen D\u00e4mmung sogar die hohen Anforderungen der ISO 4043-Norm. Die Dolmetscherkabinen sind modular aufgebaut und k\u00f6nnen durch unsere Techniker einfach auf- und wieder abgebaut werden. [\/column] [column size=&#8220;1-2&#8243; last=&#8220;1&#8243;] Die Dolmetscherkabine ist mit Tisch und aktiver Bel\u00fcftung ausgestattet. Die Standardfarbe ist hellgrau. Da die Kabinen der ISO 4043-Norm f\u00fcr mobile Dolmetscherkabinen entsprechen, werden sie den Anforderungen bei [&hellip;]<\/p>","protected":false},"author":1,"featured_media":45482,"parent":0,"menu_order":40,"comment_status":"closed","ping_status":"open","template":"","meta":{"_acf_changed":false,"footnotes":""},"class_list":["post-5760","page","type-page","status-publish","has-post-thumbnail","hentry"],"acf":[],"_links":{"self":[{"href":"https:\/\/konferenztechnik.de\/ja\/wp-json\/wp\/v2\/pages\/5760","targetHints":{"allow":["GET"]}}],"collection":[{"href":"https:\/\/konferenztechnik.de\/ja\/wp-json\/wp\/v2\/pages"}],"about":[{"href":"https:\/\/konferenztechnik.de\/ja\/wp-json\/wp\/v2\/types\/page"}],"author":[{"embeddable":true,"href":"https:\/\/konferenztechnik.de\/ja\/wp-json\/wp\/v2\/users\/1"}],"replies":[{"embeddable":true,"href":"https:\/\/konferenztechnik.de\/ja\/wp-json\/wp\/v2\/comments?post=5760"}],"version-history":[{"count":0,"href":"https:\/\/konferenztechnik.de\/ja\/wp-json\/wp\/v2\/pages\/5760\/revisions"}],"wp:featuredmedia":[{"embeddable":true,"href":"https:\/\/konferenztechnik.de\/ja\/wp-json\/wp\/v2\/media\/45482"}],"wp:attachment":[{"href":"https:\/\/konferenztechnik.de\/ja\/wp-json\/wp\/v2\/media?parent=5760"}],"curies":[{"name":"wp","href":"https:\/\/api.w.org\/{rel}","templated":true}]}}