{"id":6001,"date":"2016-02-08T13:24:03","date_gmt":"2016-02-08T12:24:03","guid":{"rendered":"https:\/\/konferenztechnik.de\/?page_id=6001"},"modified":"2023-09-01T13:25:58","modified_gmt":"2023-09-01T11:25:58","slug":"%e3%83%a4%e3%83%9e%e3%83%8f%e3%82%aa%e3%83%bc%e3%83%ab%e3%83%89","status":"publish","type":"page","link":"https:\/\/konferenztechnik.de\/ja\/%e3%83%a4%e3%83%9e%e3%83%8f%e3%82%aa%e3%83%bc%e3%83%ab%e3%83%89\/","title":{"rendered":"\u30e4\u30de\u30cf"},"content":{"rendered":"<p>[column size=\"1-2\u2033 last=\"0\u2033\uff3d\u3002<\/p>\n<h1>\u30e4\u30de\u30cf\u2013\u30d7\u30ed\u30aa\u30fc\u30c7\u30a3\u30aa<\/h1>\n<p>[\u30b3\u30e9\u30e0\uff3d<br \/>\n[column size=\"1-2\u2033 last=\"1\u2033\uff3d\u3002<br \/>\n<img decoding=\"async\" src=\"https:\/\/konferenztechnik.de\/wp-content\/uploads\/2016\/02\/Logo-Yamaha-300x81.png\" alt=\"\u30e4\u30de\u30cf\u30ed\u30b4\" width=\"150\" class=\"alignright size-medium wp-image-6007\" title=\"\" srcset=\"https:\/\/konferenztechnik.de\/wp-content\/uploads\/2016\/02\/Logo-Yamaha-300x81.png 300w, https:\/\/konferenztechnik.de\/wp-content\/uploads\/2016\/02\/Logo-Yamaha.png 432w\" sizes=\"(max-width: 300px) 100vw, 300px\" \/><br \/>\n[\u30b3\u30e9\u30e0\uff3d<br \/>\nrev_slider yamaha] [rev_slider yamaha] [rev_slider yamaha] [rev_slider yamaha]<br \/>\n[\u30af\u30ea\u30a2\uff3d<br \/>\n[spacer size=\"40\u2033]<br \/>\n[column size=\"1-2\u2033 last=\"0\u2033\uff3d\u3002<\/p>\n<p>[spacer size=\"20\u2033]<br \/>\nPCS GmbH\u306f\u30e4\u30de\u30cf\u306e\u6b63\u898f\u8ca9\u58f2\u5e97\u3067\u3059\u3002\u30e4\u30de\u30cf\u306f\u5e45\u5e83\u3044\u7528\u9014\u306b\u5bfe\u5fdc\u3059\u308b\u30d7\u30ed\u30d5\u30a7\u30c3\u30b7\u30e7\u30ca\u30eb\u30aa\u30fc\u30c7\u30a3\u30aa\u30bd\u30ea\u30e5\u30fc\u30b7\u30e7\u30f3\u3092\u63d0\u4f9b\u3057\u3066\u3044\u307e\u3059\u3002\u30ec\u30b9\u30c8\u30e9\u30f3\u3078\u306e\u97f3\u97ff\u30b7\u30b9\u30c6\u30e0\u306e\u8a2d\u7f6e\u3001\u30c6\u30ec\u30d3\u5e83\u544a\u306e\u30c0\u30d3\u30f3\u30b0\u3001\u30b9\u30bf\u30b8\u30a2\u30e0\u3067\u306e\u30a4\u30d9\u30f3\u30c8\u306e\u4f01\u753b\u306a\u3069\u3001\u3069\u306e\u3088\u3046\u306a\u7528\u9014\u306b\u3082\u5bfe\u5fdc\u3057\u307e\u3059\u3002\u30e4\u30de\u30cf\u88fd\u54c1\u306e\u8a73\u7d30\u306b\u3064\u3044\u3066\u306f\u3001\u5f0a\u793e\u55b6\u696d\u90e8\u307e\u3067\u304a\u554f\u3044\u5408\u308f\u305b\u304f\u3060\u3055\u3044\u3002<\/p>\n<p>\u30e4\u30de\u30cf\u306e\u88fd\u54c1\u30e9\u30a4\u30f3\u30ca\u30c3\u30d7\u306e\u4e2d\u304b\u3089\u3001\u9078\u308a\u3059\u3050\u308a\u306e\u88fd\u54c1\u3092\u3054\u7d39\u4ecb\u3057\u307e\u3059\u3002\u30e4\u30de\u30cf\u306e\u5e45\u5e83\u3044\u88fd\u54c1\u30e9\u30a4\u30f3\u30a2\u30c3\u30d7\u306b\u95a2\u3059\u308b\u3054\u8cea\u554f\u3084\u3001\u7279\u5b9a\u306e\u88fd\u54c1\u3092\u304a\u63a2\u3057\u306e\u5834\u5408\u306f\u3001\u55b6\u696d\u62c5\u5f53\u307e\u3067\u304a\u6c17\u8efd\u306b\u304a\u554f\u3044\u5408\u308f\u305b\u304f\u3060\u3055\u3044\u3002<br \/>\n[\u30b3\u30e9\u30e0\uff3d<\/p>\n<p>[spacer size=\"20\u2033]<br \/>\n[\u30af\u30ea\u30a2\uff3d<br \/>\n<img decoding=\"async\" src=\"https:\/\/konferenztechnik.de\/wp-content\/uploads\/2013\/11\/logo-pcs-selected-quality.png\" alt=\"\u30ed\u30b4PCS\u53b3\u9078\u54c1\u8cea\" width=\"143\" height=\"88\" class=\"alignleft size-full wp-image-3924\" title=\"\"><\/p>\n<p>[spacer size=\"40\u2033]<\/p>\n<h1>\u30c7\u30b8\u30bf\u30eb\u30fb\u30aa\u30fc\u30eb\u30e9\u30a6\u30f3\u30c9\u30fb\u30df\u30ad\u30b7\u30f3\u30b0\u30fb\u30b3\u30f3\u30bd\u30fc\u30eb <i>01v 96i<\/i><\/h1>\n<p>[column size=\"1-2\u2033 last=\"0\u2033\uff3d\u3002<br \/>\n01v\u306f\u9577\u5e74\u306b\u308f\u305f\u308a\u3001\u30e9\u30a4\u30d6\u5206\u91ce\u306b\u304a\u3051\u308b\u30aa\u30fc\u30eb\u30e9\u30a6\u30f3\u30c9\u306a\u30df\u30ad\u30b7\u30f3\u30b0\u30fb\u30b3\u30f3\u30bd\u30fc\u30eb\u3068\u3057\u3066\u78ba\u56fa\u305f\u308b\u5730\u4f4d\u3092\u7bc9\u3044\u3066\u304d\u307e\u3057\u305f\u300201V96i\u306f\u3001\u57fa\u672c\u7684\u306b\u306f\u5148\u4ee3\u306e\u5b9f\u7e3e\u3042\u308b\u30b3\u30f3\u30bb\u30d7\u30c8\u3092\u30d9\u30fc\u30b9\u306b\u3057\u3066\u3044\u307e\u3059\u3002\u3057\u304b\u3057\u3001USB 2.0\u63a5\u7d9a\u3001\u30de\u30eb\u30c1\u30c8\u30e9\u30c3\u30af\u30fb\u30ec\u30b3\u30fc\u30c7\u30a3\u30f3\u30b0\u6a5f\u80fd\u3001\u97f3\u8cea\u306e\u5411\u4e0a\u306a\u3069\u3001\u6570\u591a\u304f\u306e\u9769\u65b0\u7684\u306a\u6539\u826f\u304c\u65bd\u3055\u308c\u3066\u3044\u307e\u3059\u3002<\/p>\n<p>\u7279\u5fb4<\/p>\n<ul>\n<li>40\u30df\u30ad\u30b7\u30f3\u30b0\u30fb\u30c1\u30e3\u30f3\u30cd\u30eb\uff0832\u30e2\u30ce\uff0b4\u30b9\u30c6\u30ec\u30aa\uff09<\/li>\n<li>24\u5165\u529b\uff088x\u30c7\u30b8\u30bf\u30eb\uff09<\/li>\n<li>24bit\/96kHz AD\/DA\u30b3\u30f3\u30d0\u30fc\u30bf\u30fc<\/li>\n<li>16 In \/16 Out USB 2.0\u30aa\u30fc\u30c7\u30a3\u30aa\u30fb\u30b9\u30c8\u30ea\u30fc\u30df\u30f3\u30b0\uff0824-bit\/96kHz<\/li>\n<li>8\u30c1\u30e3\u30f3\u30cd\u30ebADAT\u5165\u51fa\u529b\u30a4\u30f3\u30bf\u30fc\u30d5\u30a7\u30fc\u30b9<\/li>\n<li>8\u3064\u306e\u88dc\u52a9\u30d1\u30b9<\/li>\n<li>\u30d0\u30b98\u53f0<\/li>\n<\/ul>\n<p>[\u30b3\u30e9\u30e0\uff3d<br \/>\n[column size=\"1-2\u2033 last=\"1\u2033\uff3d\u3002<br \/>\n<a href=\"https:\/\/konferenztechnik.de\/wp-content\/uploads\/2016\/02\/Mischpult-Yamaha-01v96i-1-scaled-1.jpg\" rel=\"attachment wp-att-6024\"><img decoding=\"async\" src=\"https:\/\/konferenztechnik.de\/wp-content\/uploads\/2016\/02\/Mischpult-Yamaha-01v96i-1-1024x729.jpg\" alt=\"\u30df\u30ad\u30b5\u30fc \u30e4\u30de\u30cf-01v96i\" class=\"alignleft size-large wp-image-6024\" title=\"\"><\/a><br \/>\n[\u30b3\u30e9\u30e0\uff3d<\/p>\n<p>[spacer size=\"40\u2033]<\/p>\n<h1>\u30c7\u30b8\u30bf\u30eb\u30fb\u30df\u30ad\u30b7\u30f3\u30b0\u30fb\u30b3\u30f3\u30bd\u30fc\u30eb<i>QL1<\/i><\/h1>\n<p>[column size=\"1-2\u2033 last=\"0\u2033\uff3d\u3002<br \/>\n\u5305\u62ec\u7684\u306a\u4fe1\u53f7\u51e6\u7406\u3068\u591a\u6570\u306e\u30eb\u30fc\u30c6\u30a3\u30f3\u30b0\u30fb\u30aa\u30d7\u30b7\u30e7\u30f3\u306b\u3088\u308a\u3001QL\u30b7\u30ea\u30fc\u30ba\u30fb\u30b3\u30f3\u30bd\u30fc\u30eb\u306f\u3001\u8ffd\u52a0\u6a5f\u5668\u3092\u5fc5\u8981\u3068\u305b\u305a\u3001\u5c0f\u898f\u6a21\u304b\u3089\u4e2d\u898f\u6a21\u306e\u30e9\u30a4\u30d6\u30fb\u30b3\u30f3\u30b5\u30fc\u30c8\u3001\u30a4\u30f3\u30b9\u30bf\u30ec\u30fc\u30b7\u30e7\u30f3\u3001\u8907\u6570\u306e\u30b9\u30d4\u30fc\u30ab\u30fc\u3092\u4f7f\u7528\u3059\u308b\u4f01\u696d\u30a4\u30d9\u30f3\u30c8\u3001\u305d\u306e\u4ed6\u591a\u304f\u306e\u7528\u9014\u306b\u9069\u3057\u3066\u3044\u307e\u3059\u3002<\/p>\n<p>\u4ed6\u306e\u30a2\u30ca\u30ed\u30b0\u30fb\u30b3\u30f3\u30bd\u30fc\u30eb\u3084\u30c7\u30b8\u30bf\u30eb\u30fb\u30b3\u30f3\u30bd\u30fc\u30eb\u3092\u4f7f\u3063\u3066\u3044\u305f\u30df\u30ad\u30b7\u30f3\u30b0\u30fb\u30a8\u30f3\u30b8\u30cb\u30a2\u306f\u3001QL\u30b3\u30f3\u30bd\u30fc\u30eb\u3092\u3059\u3050\u306b\u4f7f\u3044\u3053\u306a\u3059\u3053\u3068\u304c\u3067\u304d\u308b\u3067\u3057\u3087\u3046\u3002\u30e6\u30fc\u30b6\u30fc\u30fb\u30a4\u30f3\u30bf\u30fc\u30d5\u30a7\u30fc\u30b9\u306e\u958b\u767a\u306b\u306f\u3001\u9577\u5e74\u306b\u308f\u305f\u3063\u3066\u84c4\u7a4d\u3055\u308c\u305f\u30ce\u30a6\u30cf\u30a6\u3068\u4e16\u754c\u4e2d\u304b\u3089\u5bc4\u305b\u3089\u308c\u305f\u304a\u5ba2\u69d8\u306e\u58f0\u304c\u53cd\u6620\u3055\u308c\u3066\u3044\u307e\u3059\u3002<\/p>\n<p>\u7279\u5fb4<\/p>\n<ul>\n<li>\u30c1\u30e3\u30f3\u30cd\u30eb\uff1a\u30e2\u30ce\u30e9\u30eb32\u3001\u30b9\u30c6\u30ec\u30aa8<\/li>\n<li>\u30d0\u30b9\uff1a16\u53f0<\/li>\n<li>\u30de\u30c8\u30ea\u30c3\u30af\u30b9\u30fb\u30eb\u30fc\u30c6\u30a3\u30f3\u30b0\uff1a8\u30de\u30c8\u30ea\u30c3\u30af\u30b9\uff08\u5165\u529b\u304b\u3089\u30de\u30c8\u30ea\u30c3\u30af\u30b9\u307e\u3067\u5bfe\u5fdc\uff09<\/li>\n<li>\u5165\u51fa\u529b\uff1a16\u5165\u529b\u30018\u51fa\u529b<\/li>\n<li>DANTE\u30b7\u30b9\u30c6\u30e0\u30d0\u30b9<\/li>\n<li>\u30d5\u30a7\u30fc\u30c0\u30fc\u69cb\u6210\uff1a16\uff0b2\uff08\u30de\u30b9\u30bf\u30fc\uff09<\/li>\n<li>100mm\u96fb\u52d5\u30d5\u30a7\u30fc\u30c0\u30fc<\/li>\n<li>\u30b5\u30f3\u30d7\u30ea\u30f3\u30b0\u5468\u6ce2\u6570\uff1a44.1kHz\u300148kHz<\/li>\n<li>\u30aa\u30d7\u30b7\u30e7\u30f3\u306eRK1\u30e9\u30c3\u30af\u30de\u30a6\u30f3\u30c8\u30ad\u30c3\u30c8\u3067\u30e9\u30c3\u30af\u30de\u30a6\u30f3\u30c8\u53ef\u80fd<\/li>\n<\/ul>\n<p>[\u30b3\u30e9\u30e0\uff3d<br \/>\n[column size=\"1-2\u2033 last=\"1\u2033\uff3d\u3002<br \/>\n<a href=\"https:\/\/konferenztechnik.de\/wp-content\/uploads\/2016\/02\/Mischpult-Yamaha-QL1-1.jpg\" rel=\"attachment wp-att-6028\"><img fetchpriority=\"high\" decoding=\"async\" width=\"900\" height=\"900\" src=\"https:\/\/konferenztechnik.de\/wp-content\/uploads\/2016\/02\/Mischpult-Yamaha-QL1-1.jpg\" alt=\"\u30df\u30ad\u30b5\u30fc \u30e4\u30de\u30cf-QL1\" class=\"alignleft size-full wp-image-6028\" title=\"\" srcset=\"https:\/\/konferenztechnik.de\/wp-content\/uploads\/2016\/02\/Mischpult-Yamaha-QL1-1.jpg 900w, https:\/\/konferenztechnik.de\/wp-content\/uploads\/2016\/02\/Mischpult-Yamaha-QL1-1-300x300.jpg 300w, https:\/\/konferenztechnik.de\/wp-content\/uploads\/2016\/02\/Mischpult-Yamaha-QL1-1-150x150.jpg 150w, https:\/\/konferenztechnik.de\/wp-content\/uploads\/2016\/02\/Mischpult-Yamaha-QL1-1-768x768.jpg 768w\" sizes=\"(max-width: 900px) 100vw, 900px\" \/><\/a><br \/>\n[\u30b3\u30e9\u30e0\uff3d<\/p>\n<p>[spacer size=\"40\u2033]<\/p>\n<h1>I\/O\u30e9\u30c3\u30af RIO1608D<i>QL1<\/i><\/h1>\n<p>[column size=\"1-2\u2033 last=\"0\u2033\uff3d\u3002<br \/>\nRio1608-D\u306f\u3001\u30a2\u30ca\u30ed\u30b0\u5165\u529b16\u7cfb\u7d71\u3001\u30a2\u30ca\u30ed\u30b0\u51fa\u529b8\u7cfb\u7d71\u306eDante\u5bfe\u5fdcI\/O\u30e9\u30c3\u30af\u3067\u3059\u3002<br \/>\n\u30a2\u30ca\u30ed\u30b0\u51fa\u529b\u3002\u6a19\u6e96\u7684\u306a\u30a4\u30fc\u30b5\u30cd\u30c3\u30c8\u30b1\u30fc\u30d6\u30eb\u3092\u4f7f\u7528\u3059\u308b\u3053\u3068\u3067\u3001\u6700\u5927100m\u306e\u8ddd\u96e2\u3067\u3001\u6975\u3081\u3066\u4f4e\u3044\u30ec\u30a4\u30c6\u30f3\u30b7\u30fc\u3068\u30b8\u30c3\u30bf\u30fc\u3067\u3001\u6a5f\u5668\u9593\u306e\u30aa\u30fc\u30c7\u30a3\u30aa\u4f1d\u9001\u304c\u53ef\u80fd\u3067\u3059\u3002Rio\u306f\u3001Dante\u30cd\u30c3\u30c8\u30ef\u30fc\u30af\u7528\u306e\u591a\u76ee\u7684I\/O\u30dc\u30c3\u30af\u30b9\u3068\u3057\u3066\u4f7f\u7528\u3067\u304d\u307e\u3059\u3002\u5bfe\u5fdc\u30b5\u30f3\u30d7\u30ea\u30f3\u30b0\u30ec\u30fc\u30c8\u306f44.1kHz\u300148kHz\u300188.2kHz\u300196kHz\u3002<\/p>\n<p>\u6a19\u6e96\u30a4\u30fc\u30b5\u30cd\u30c3\u30c8\u30b1\u30fc\u30d6\u30eb\u3067Rio\u3092<br \/>\nDante Virtual Soundcard\u3092\u30a4\u30f3\u30b9\u30c8\u30fc\u30eb\u3059\u308b\u3053\u3068\u3067\u3001\u30aa\u30fc\u30c7\u30a3\u30aa\u30a4\u30f3\u30bf\u30fc\u30d5\u30a7\u30a4\u30b9\u3092\u4f7f\u308f\u305a\u306b\u76f4\u63a5\u30aa\u30fc\u30c7\u30a3\u30aa\u4fe1\u53f7\u3092\u5165\u51fa\u529b\u3059\u308b\u3053\u3068\u304c\u3067\u304d\u307e\u3059\u3002<\/p>\n<p>\u7279\u5fb4<\/p>\n<ul>\n<li>16\u5165\u529b\u30018\u51fa\u529b<\/li>\n<li>\u30b5\u30f3\u30d7\u30ea\u30f3\u30b0\u30fb\u30ec\u30fc\u30c8\uff1a44.1 kHz\u300148 kHz\u300188.2 kHz\u300196 kHz<\/li>\n<li>\u30b3\u30f3\u30d1\u30af\u30c8\u8a2d\u8a08\uff1a\u9ad8\u30553\u30e6\u30cb\u30c3\u30c8<\/li>\n<li>DANTE\u7d4c\u7531\u3067\u6700\u5927100m\u4f1d\u9001<\/li>\n<li>\u6700\u3082\u4f4e\u3044\u30ec\u30a4\u30c6\u30f3\u30b7\u30fc<\/li>\n<li>\u30a4\u30fc\u30b5\u30cd\u30c3\u30c8\u7d4c\u7531\u3067\u30aa\u30fc\u30c7\u30a3\u30aa\u30fb\u30a4\u30f3\u30bf\u30fc\u30d5\u30a7\u30fc\u30b9\u3068\u3057\u3066\u4f7f\u7528\u53ef\u80fd<\/li>\n<\/ul>\n<p>[\u30b3\u30e9\u30e0\uff3d<br \/>\n[column size=\"1-2\u2033 last=\"1\u2033\uff3d\u3002<br \/>\n<a href=\"https:\/\/konferenztechnik.de\/wp-content\/uploads\/2016\/02\/Yamaha-IO-Rack-RIO-1608-D-1.jpg\" rel=\"attachment wp-att-6031\"><img decoding=\"async\" width=\"1024\" height=\"304\" src=\"https:\/\/konferenztechnik.de\/wp-content\/uploads\/2016\/02\/Yamaha-IO-Rack-RIO-1608-D-1-1024x304.jpg\" alt=\"Yamaha-IO-Rack-RIO-1608-D\" class=\"alignleft size-large wp-image-6031\" title=\"\" srcset=\"https:\/\/konferenztechnik.de\/wp-content\/uploads\/2016\/02\/Yamaha-IO-Rack-RIO-1608-D-1-1024x304.jpg 1024w, https:\/\/konferenztechnik.de\/wp-content\/uploads\/2016\/02\/Yamaha-IO-Rack-RIO-1608-D-1-300x89.jpg 300w, https:\/\/konferenztechnik.de\/wp-content\/uploads\/2016\/02\/Yamaha-IO-Rack-RIO-1608-D-1-768x228.jpg 768w, https:\/\/konferenztechnik.de\/wp-content\/uploads\/2016\/02\/Yamaha-IO-Rack-RIO-1608-D-1-1536x456.jpg 1536w, https:\/\/konferenztechnik.de\/wp-content\/uploads\/2016\/02\/Yamaha-IO-Rack-RIO-1608-D-1.jpg 1921w\" sizes=\"(max-width: 1024px) 100vw, 1024px\" \/><\/a><br \/>\n[\u30b3\u30e9\u30e0\uff3d<\/p>\n<p>[spacer size=\"40\u2033]<br \/>\n<img loading=\"lazy\" decoding=\"async\" src=\"https:\/\/konferenztechnik.de\/wp-content\/uploads\/2016\/02\/Dante_Logo_red_whiteBG_300px.png\" alt=\"\u30c0\u30f3\u30c6_\u30ed\u30b4_\u8d64_\u767dBG_300px\" width=\"300\" height=\"75\" class=\"alignright size-full wp-image-6043\" title=\"\"><\/p>\n<h1>\u30c0\u30f3\u30c6\u306b\u95a2\u3059\u308b\u60c5\u5831<\/h1>\n<p>Dante\u306f\u30aa\u30fc\u30c7\u30a3\u30aa\u4fe1\u53f7\u3092\u4f1d\u9001\u3059\u308b\u305f\u3081\u306e\u30cd\u30c3\u30c8\u30ef\u30fc\u30af\u30d7\u30ed\u30c8\u30b3\u30eb\u3067\u3059\u3002Audionate\u793e\u306b\u3088\u3063\u3066\u958b\u767a\u3055\u308c\u3001\u30d7\u30ed\u30d5\u30a7\u30c3\u30b7\u30e7\u30ca\u30eb\u306a\u30aa\u30fc\u30c7\u30a3\u30aa\u4fe1\u53f7\u306e\u9577\u8ddd\u96e2\u4f1d\u9001\u306e\u6a19\u6e96\u3068\u306a\u308a\u3064\u3064\u3042\u308b\u3002<\/p>\n<p>\u30ae\u30ac\u30d3\u30c3\u30c8\u30fb\u30a4\u30fc\u30b5\u30cd\u30c3\u30c8(GbE)\u30cd\u30c3\u30c8\u30ef\u30fc\u30af\u7d4c\u7531\u3067\u30de\u30eb\u30c1\u30c1\u30e3\u30f3\u30cd\u30eb\u306e\u30aa\u30fc\u30c7\u30a3\u30aa\u4fe1\u53f7\u3092\u69d8\u3005\u306a<br \/>\n\u30b5\u30f3\u30d7\u30ea\u30f3\u30b0\u3068\u30d3\u30c3\u30c8\u30ec\u30fc\u30c8\u3001\u305d\u3057\u3066\u76f8\u4e92\u63a5\u7d9a\u3055\u308c\u305f\u30c7\u30d0\u30a4\u30b9\u306e\u5236\u5fa1\u4fe1\u53f7\u3002<br \/>\n\u307e\u305f\u3001\u30c0\u30f3\u30c6\u306b\u306f\u6b21\u306e\u3088\u3046\u306a\u30e1\u30ea\u30c3\u30c8\u3082\u3042\u308b\uff1a<br \/>\n[column size=\"1-2\u2033 last=\"0\u2033\uff3d\u3002<\/p>\n<ul>\n<li>\u7406\u8ad6\u7684\u306b\u306f\uff09\u6700\u5927512\u5165\u529b\u3001512\u51fa\u529b\u3001\u3064\u307e\u308a\u5408\u8a081024\u30c1\u30e3\u30f3\u30cd\u30eb\u306e\u30aa\u30fc\u30c7\u30a3\u30aa\u4fe1\u53f7\u3092GbE\u30cd\u30c3\u30c8\u30ef\u30fc\u30af\u3067\u4f1d\u9001\u3057\u307e\u3059\u3002(Rio3224-D\u306f32\u5165\u529b24\u51fa\u529b\u3001\u89e3\u50cf\u5ea624\/32\u30d3\u30c3\u30c8\u3002Rio1608-D\u306f16\u5165\u529b\u30018\u51fa\u529b\u3001\u89e3\u50cf\u5ea624\/32\u30d3\u30c3\u30c8\uff09\u3002<\/li>\n<li>Dante\u3092\u642d\u8f09\u3057\u305f\u6a5f\u5668\u306f\u3001\u81ea\u52d5\u7684\u306b\u30cd\u30c3\u30c8\u30ef\u30fc\u30af\u30a4\u30f3\u30bf\u30fc\u30d5\u30a7\u30a4\u30b9\u3092\u8a2d\u5b9a\u3057\u3001\u30cd\u30c3\u30c8\u30ef\u30fc\u30af\u5185\u3067\u304a\u4e92\u3044\u3092\u898b\u3064\u3051\u308b\u3053\u3068\u304c\u3067\u304d\u307e\u3059\u3002Dante\u30c7\u30d0\u30a4\u30b9\u3068\u305d\u306e\u30aa\u30fc\u30c7\u30a3\u30aa\u30c1\u30e3\u30f3\u30cd\u30eb\u306b\u306f\u3001\u81ea\u5206\u3067\u7406\u89e3\u3067\u304d\u308b\u540d\u524d\u3092\u5272\u308a\u5f53\u3066\u308b\u3053\u3068\u304c\u3067\u304d\u307e\u3059\u3002<\/li>\n<li>Dante\u306f\u9ad8\u7cbe\u5ea6\u306e\u30cd\u30c3\u30c8\u30ef\u30fc\u30af\u540c\u671f\u898f\u683c\u3092\u63a1\u7528\u3057\u3001\u6975\u3081\u3066\u4f4e\u3044\u30ec\u30a4\u30c6\u30f3\u30b7\u30fc\u3068\u4f4e\u3044\u30b8\u30c3\u30bf\u30fc\u3067\u30b5\u30f3\u30d7\u30eb\u306b\u5fe0\u5b9f\u306a\u518d\u751f\u3092\u5b9f\u73fe\u3057\u307e\u3059\u3002Rio\u3067\u306f0.25ms\u30010.5ms\u30011.0ms\u30015.0ms\u306e4\u7a2e\u985e\u306e\u30ec\u30a4\u30c6\u30f3\u30b7\u30fc\u30aa\u30d7\u30b7\u30e7\u30f3\u304c\u5229\u7528\u53ef\u80fd\u3067\u3059\u3002<\/li>\n<\/ul>\n<p>[\u30b3\u30e9\u30e0\uff3d<br \/>\n[column size=\"1-2\u2033 last=\"1\u2033\uff3d\u3002<\/p>\n<ul>\n<li>Dante\u306f\u30d7\u30e9\u30a4\u30de\u30ea\u56de\u7dda\u3068\u30bb\u30ab\u30f3\u30c0\u30ea\u56de\u7dda\u306b\u3088\u308b\u5197\u9577\u63a5\u7d9a\u3092\u30b5\u30dd\u30fc\u30c8\u3057\u3001\u4e0d\u6e2c\u306e\u4e8b\u614b\u306b\u5bfe\u5fdc\u3057\u307e\u3059\u3002<\/li>\n<li>Dante\u642d\u8f09\u6a5f\u5668\u3068\u30b3\u30f3\u30d4\u30e5\u30fc\u30bf\u3092Ethernet\u3067\u63a5\u7d9a\u3059\u308b\u3053\u3068\u3067\u3001\u30aa\u30fc\u30c7\u30a3\u30aa\u30a4\u30f3\u30bf\u30fc\u30d5\u30a7\u30fc\u30b9\u6a5f\u5668\uff08\u30a4\u30f3\u30bf\u30fc\u30d5\u30a7\u30fc\u30b9\uff09\u3092\u4ecb\u3055\u305a\u306b\u3001\u30aa\u30fc\u30c7\u30a3\u30aa\u4fe1\u53f7\u3092\u76f4\u63a5\u5165\u51fa\u529b\u3059\u308b\u3053\u3068\u304c\u3067\u304d\u307e\u3059\u3002Dante\u642d\u8f09\u6a5f\u5668\u306e\u30bb\u30c3\u30c8\u30a2\u30c3\u30d7\u3001\u30df\u30ad\u30b7\u30f3\u30b0\u30b3\u30f3\u30bd\u30fc\u30eb\u304b\u3089\u306eI\/O\u30e9\u30c3\u30af\u3084\u30a2\u30f3\u30d7\u306e\u30ea\u30e2\u30fc\u30c8\u30b3\u30f3\u30c8\u30ed\u30fc\u30eb\u3001\u30b3\u30f3\u30d4\u30e5\u30fc\u30bf\u304b\u3089\u306e\u30aa\u30fc\u30c7\u30a3\u30aa\u4fe1\u53f7\u306e\u76f4\u63a5\u30b3\u30f3\u30c8\u30ed\u30fc\u30eb\u306a\u3069\u3001\u3053\u308c\u3089\u306e\u5229\u70b9\u3092\u6d3b\u7528\u3059\u308b\u3053\u3068\u3067\u3001\u63a5\u7d9a\u306e\u81ea\u52d5\u5316\u306b\u95a2\u3059\u308b\u8907\u96d1\u306a\u624b\u9806\u3092\u7701\u7565\u3059\u308b\u3053\u3068\u304c\u3067\u304d\u307e\u3059\u3002<br \/>\n\u30cd\u30c3\u30c8\u30ef\u30fc\u30af\u4e0a\u306e\u30b3\u30f3\u30d4\u30e5\u30fc\u30bf\u30fc\u306b\u30a4\u30f3\u30b9\u30c8\u30fc\u30eb\u3055\u308c\u305fNuendo\u306a\u3069\u306eDAW\u3067\u3001\u30de\u30eb\u30c1\u30c8\u30e9\u30c3\u30af\u30ec\u30b3\u30fc\u30c7\u30a3\u30f3\u30b0\u3092\u8a2d\u5b9a\u3057\u307e\u3059\u3002<\/li>\n<ul>\n[\u30b3\u30e9\u30e0\uff3d<br \/>\n[spacer size=\"20\u2033]<br \/>\n\u8a73\u7d30\u306f\u30aa\u30fc\u30c7\u30a3\u30cd\u30a4\u30c8\u306e\u30a6\u30a7\u30d6\u30b5\u30a4\u30c8\u3092\u3054\u89a7\u304f\u3060\u3055\u3044\u3002<br \/>\n\u30c0\u30f3\u30c6\u306b\u3064\u3044\u3066#x9B\uff1b <a href=\"https:\/\/www.audinate.com\/resources\/faqs\" target=\"_blank\" rel=\"noopener\">www.audinate.com<\/a><\/p>","protected":false},"excerpt":{"rendered":"<p>[column size=&#8220;1-2&#8243; last=&#8220;0&#8243;] Yamaha &#8211; Pro Audio [\/column] [column size=&#8220;1-2&#8243; last=&#8220;1&#8243;] [\/column] [rev_slider yamaha] [clear] [spacer size=&#8220;40&#8243;] [column size=&#8220;2-3&#8243; last=&#8220;0&#8243;] [spacer size=&#8220;20&#8243;] Die PCS GmbH ist offizieller Fachh\u00e4ndler der Firma Yamaha. Yamaha bietet professionlle Audio-L\u00f6sungen f\u00fcr die unterschiedlichsten Anwendungen. Ganz gleich, ob Sie beabsichtigen, eine Tonanlage in Ihrem Restaurant zu installieren, es um die Nachvertonung eines TV-Spots geht oder es gilt, eine Stadion-Veranstaltung zu bestreiten. F\u00fcr mehr Informationen zu Produkten der Firma Yamaha kontaktieren Sie einfach unsere Vertriebsabteilung. Wir haben f\u00fcr Sie einige Highlights aus dem Portfolio von Yamaha ausgew\u00e4hlt. Wenn Sie Fragen zum umfanreichen Portfolio von Yamaha haben oder ein spezielles Produkt suchen, setzen Sich einfach mit unserem Vertrieb [&hellip;]<\/p>","protected":false},"author":1,"featured_media":45482,"parent":0,"menu_order":45,"comment_status":"closed","ping_status":"closed","template":"","meta":{"_acf_changed":false,"footnotes":""},"class_list":["post-6001","page","type-page","status-publish","has-post-thumbnail","hentry"],"acf":[],"_links":{"self":[{"href":"https:\/\/konferenztechnik.de\/ja\/wp-json\/wp\/v2\/pages\/6001","targetHints":{"allow":["GET"]}}],"collection":[{"href":"https:\/\/konferenztechnik.de\/ja\/wp-json\/wp\/v2\/pages"}],"about":[{"href":"https:\/\/konferenztechnik.de\/ja\/wp-json\/wp\/v2\/types\/page"}],"author":[{"embeddable":true,"href":"https:\/\/konferenztechnik.de\/ja\/wp-json\/wp\/v2\/users\/1"}],"replies":[{"embeddable":true,"href":"https:\/\/konferenztechnik.de\/ja\/wp-json\/wp\/v2\/comments?post=6001"}],"version-history":[{"count":0,"href":"https:\/\/konferenztechnik.de\/ja\/wp-json\/wp\/v2\/pages\/6001\/revisions"}],"wp:featuredmedia":[{"embeddable":true,"href":"https:\/\/konferenztechnik.de\/ja\/wp-json\/wp\/v2\/media\/45482"}],"wp:attachment":[{"href":"https:\/\/konferenztechnik.de\/ja\/wp-json\/wp\/v2\/media?parent=6001"}],"curies":[{"name":"wp","href":"https:\/\/api.w.org\/{rel}","templated":true}]}}