{"id":6727,"date":"2016-05-03T10:09:19","date_gmt":"2016-05-03T08:09:19","guid":{"rendered":"https:\/\/konferenztechnik.de\/?page_id=6727"},"modified":"2023-09-01T13:24:03","modified_gmt":"2023-09-01T11:24:03","slug":"%e3%82%bb%e3%83%bc%e3%83%ab%e3%82%b9%e4%bc%9a%e8%ad%b0%e3%83%86%e3%82%af%e3%83%8e%e3%83%ad%e3%82%b8%e3%83%bc","status":"publish","type":"page","link":"https:\/\/konferenztechnik.de\/ja\/%e3%82%bb%e3%83%bc%e3%83%ab%e3%82%b9%e4%bc%9a%e8%ad%b0%e3%83%86%e3%82%af%e3%83%8e%e3%83%ad%e3%82%b8%e3%83%bc\/","title":{"rendered":"\u4f1a\u8b70\u6280\u8853\u30bb\u30fc\u30eb\u30b9"},"content":{"rendered":"<h1>\u4f1a\u8b70\u304a\u3088\u3073AV\u30e1\u30c7\u30a3\u30a2\u6280\u8853\u306e\u914d\u5e03<\/h1>\n<p>[rev_slider alias=\"sales\"]<br \/>\n[spacer size=\"20\u2033]<br \/>\n\u4f1a\u8b70\u30b7\u30b9\u30c6\u30e0\u3084\u30e1\u30c7\u30a3\u30a2\u30b7\u30b9\u30c6\u30e0\u3092\u304a\u63a2\u3057\u3067\u3059\u304b\uff1f\u5f53\u793e\u306f\u3001\u3053\u308c\u3089\u306e\u5206\u91ce\u3067\u6709\u540d\u306a\u5c02\u9580\u30e1\u30fc\u30ab\u30fc\u306e\u8ca9\u58f2\u30d1\u30fc\u30c8\u30ca\u30fc\u3067\u3059\u3002\u5927\u5c0f\u306eAV\u6280\u8853\u30b7\u30b9\u30c6\u30e0\u3060\u3051\u3067\u306a\u304f\u3001\u500b\u3005\u306e\u30b3\u30f3\u30dd\u30fc\u30cd\u30f3\u30c8\u3001\u30b9\u30da\u30a2\u30d1\u30fc\u30c4\u3001\u30a2\u30af\u30bb\u30b5\u30ea\u30fc\u3082\u304a\u6c42\u3081\u3044\u305f\u3060\u3051\u307e\u3059\u3002<br \/>\n[spacer size=\"25\u2033]<br \/>\n<span class=\"taster\"><a href=\"\/ja\/%e3%83%a1%e3%83%bc%e3%82%ab%e3%83%bc\/\">[v_icon color=\"#a62055\u2033 size=\"16px\" target=\"_blank\" name=\"moon-arrow-right-2\u2033] \uff5c \u30e9\u30a4\u30d5\u30cf\u30c3\u30ab\u30fc\uff3b\u65e5\u672c\u7248\u30e1\u30fc\u30ab\u30fc\u3067\u4e26\u3079\u66ff\u3048\u308b&nbsp;&nbsp;&nbsp;&nbsp;&nbsp;<\/a><\/span> <span class=\"taster\"><a href=\"\/ja\/%e8%a3%bd%e5%93%81%e3%82%b0%e3%83%ab%e3%83%bc%e3%83%97\/\">[v_icon color=\"#a62055\u2033 size=\"16px\" target=\"_blank\" name=\"moon-arrow-right-2\u2033] \uff5c \u30e9\u30a4\u30d5\u30cf\u30c3\u30ab\u30fc\uff3b\u65e5\u672c\u7248\u88fd\u54c1\u30b0\u30eb\u30fc\u30d7\u3067\u4e26\u3079\u66ff\u3048\u308b<\/a><\/span><br \/>\n[spacer size=\"25\u2033]<br \/>\n<a href=\"\/ja\/%e3%83%a1%e3%83%bc%e3%82%ab%e3%83%bc\/\"><img fetchpriority=\"high\" decoding=\"async\" src=\"https:\/\/konferenztechnik.de\/wp-content\/uploads\/2016\/08\/produkte-neu.jpg\" alt=\"\u65b0\u88fd\u54c1\" width=\"1202\" height=\"905\" class=\"alignnone size-full wp-image-7206\" title=\"\"><\/a><br \/>\n[spacer size=\"10\u2033]<\/p>\n<p>PCS\u306f\u3001\u696d\u52d9\u7528\u306e\u30d7\u30ed\u30d5\u30a7\u30c3\u30b7\u30e7\u30ca\u30eb\u306a\u6280\u8853\u3092\u3001\u30a2\u30c9\u30d0\u30a4\u30b9\u3084\u30a2\u30d5\u30bf\u30fc\u30b5\u30fc\u30d3\u30b9\u3092\u542b\u3081\u3001\u65e5\u3005\u66f4\u65b0\u3055\u308c\u308b\u6761\u4ef6\u3067\u8ca9\u58f2\u3057\u3066\u3044\u307e\u3059\u3002\u30e1\u30fc\u30ab\u30fc\u306b\u4f9d\u5b58\u3057\u306a\u3044\u30a2\u30c9\u30d0\u30a4\u30b9\u3092\u63d0\u4f9b\u3057\u3001\u304a\u5ba2\u69d8\u306e\u30cb\u30fc\u30ba\u306b\u5408\u308f\u305b\u305f\u30b7\u30b9\u30c6\u30e0\u3092\u69cb\u7bc9\u3044\u305f\u3057\u307e\u3059\u3002<\/p>\n<p>[callout add_button=\"no\" button_text=\"Learn More\" button_url=\"#\" button_color=\"#a62055\u2033].<\/p>\n<p>\u904e\u53bb\u306e\u6280\u8853\u306e\u30b9\u30da\u30a2\u30d1\u30fc\u30c4\u3001\u4ed8\u5c5e\u54c1\u3001\u2013\u96fb\u5b50\u90e8\u54c1\u304c\u5fc5\u8981\u3067\u3059\u304b\uff1f\u5f53\u793e\u306e\u55b6\u696d\u90e8\u9580\u306b\u3054\u76f8\u8ac7\u304f\u3060\u3055\u3044\u3002<br \/>\n<img decoding=\"async\" src=\"\/wp-content\/uploads\/2016\/08\/retro-technik.jpg\" alt=\"\u30ec\u30c8\u30ed\u30c6\u30af\u30ce\u30ed\u30b8\u30fc\" class=\"alignnone size-full wp-image-7183\" title=\"\"><\/p>\n<p>[\/callout]\u3002<\/p>\n<div class=\"boxcontainer\">\n<div class=\"box1-2\">\n<h1>\u62c5\u5f53\u8005<\/h1>\n<\/div>\n<div class=\"box1-2-order\">\n<h1>\u305d\u306e\u4ed6\u306e\u30ea\u30f3\u30af<\/h1>\n<\/div>\n<div class=\"box1-4\">\n<div class=\"box-head\">\u30b7\u30b9\u30c6\u30e0\u7d71\u5408<\/div>\n<p><img decoding=\"async\" width=\"800\" height=\"533\" src=\"https:\/\/konferenztechnik.de\/wp-content\/uploads\/2013\/08\/pcs-gmbh-andreas-bagattini.jpg\" alt=\"PCS GmbH \u30a2\u30f3\u30c9\u30ec\u30a2\u30b9\u30fb\u30d0\u30ac\u30c3\u30c6\u30a3\u30fc\u30cb\" class=\"alignleft size-full wp-image-6340\" title=\"\" srcset=\"https:\/\/konferenztechnik.de\/wp-content\/uploads\/2013\/08\/pcs-gmbh-andreas-bagattini.jpg 800w, https:\/\/konferenztechnik.de\/wp-content\/uploads\/2013\/08\/pcs-gmbh-andreas-bagattini-300x200.jpg 300w, https:\/\/konferenztechnik.de\/wp-content\/uploads\/2013\/08\/pcs-gmbh-andreas-bagattini-768x512.jpg 768w\" sizes=\"(max-width: 800px) 100vw, 800px\" \/><br \/>\n\u30a2\u30f3\u30c9\u30ec\u30a2\u30b9\u30fb\u30d0\u30ac\u30c3\u30c6\u30a3\u30fc\u30cb<br \/>\n\u30d7\u30ed\u30b8\u30a7\u30af\u30c8\u7ba1\u7406<br \/>\n\u96fb\u8a71 +49 211 737798 21<br \/>\n\u96fb\u5b50\u30e1\u30fc\u30eb <a href=\"mailto:vertrieb@konferenztechnik.de\" onclick=\"ga('send', 'event', 'Email-Klick', 'Vertrieb Bagattini');\">\u66f8\u304f<\/a><br \/>\nQR\u30b3\u30fc\u30c9 <a href=\"https:\/\/konferenztechnik.de\/wp-content\/uploads\/2013\/08\/qrcode-andreas-bagattini.jpeg\">&#x9B; show<\/a><\/div>\n<div class=\"box1-4\">\n<div class=\"box-head\">\u30b3\u30f3\u30b5\u30eb\u30bf\u30f3\u30c8\u304a\u3088\u3073\u30bb\u30fc\u30eb\u30b9<\/div>\n<p><img decoding=\"async\" width=\"800\" height=\"533\" src=\"https:\/\/konferenztechnik.de\/wp-content\/uploads\/2013\/09\/jens_timmermann_pcs-gmbh.jpg\" alt=\"JENS_TIMMERMAN_PCS-GMBH\" class=\"alignleft size-full wp-image-2307\" title=\"\" srcset=\"https:\/\/konferenztechnik.de\/wp-content\/uploads\/2013\/09\/jens_timmermann_pcs-gmbh.jpg 800w, https:\/\/konferenztechnik.de\/wp-content\/uploads\/2013\/09\/jens_timmermann_pcs-gmbh-300x200.jpg 300w, https:\/\/konferenztechnik.de\/wp-content\/uploads\/2013\/09\/jens_timmermann_pcs-gmbh-768x512.jpg 768w\" sizes=\"(max-width: 800px) 100vw, 800px\" \/><br \/>\n\u30a4\u30a7\u30f3\u30b9\u30fb\u30c6\u30a3\u30e1\u30eb\u30de\u30f3<br \/>\n\u30d7\u30ed\u30b8\u30a7\u30af\u30c8\u30fb\u30b3\u30f3\u30b5\u30eb\u30bf\u30f3\u30c8<br \/>\n\u96fb\u8a71 +49 211 737798 20<br \/>\n\u96fb\u5b50\u30e1\u30fc\u30eb <a href=\"mailto:timmermann@konferenztechnik.de\" onclick=\"ga('send', 'event', 'Email-Klick', 'Vertrieb Timmermann');\">\u66f8\u304f<\/a><br \/>\nQR\u30b3\u30fc\u30c9 <a href=\"https:\/\/konferenztechnik.de\/wp-content\/uploads\/2013\/09\/jens_timmermann_qrcode.png\">&#x9B; show<\/a><\/div>\n<div class=\"box2-4-2\" style=\"order:1;\" >\n<div class=\"weiterlinks\">\n<ul>\n[\u30ea\u30b9\u30c8\u30a2\u30a4\u30b3\u30f3=\"moon-arrow-right-2\u2033\u30ab\u30e9\u30fc=\"#a62055\u2033]]\u3002<a title=\"\u88fd\u54c1\u30b0\u30eb\u30fc\u30d7\u5225\u5206\u5e03\" href=\"\/ja\/%e8%a3%bd%e5%93%81%e3%82%b0%e3%83%ab%e3%83%bc%e3%83%97\/\">\u88fd\u54c1\u30b0\u30eb\u30fc\u30d7\u5225\u5206\u5e03<\/a>[\u30ea\u30b9\u30c8\uff3d<br \/>\n[\u30ea\u30b9\u30c8\u30a2\u30a4\u30b3\u30f3=\"moon-arrow-right-2\u2033\u30ab\u30e9\u30fc=\"#a62055\u2033]]\u3002<a title=\"\u30e1\u30fc\u30ab\u30fc\u5225\u5206\u5e03\" href=\"\/ja\/%e3%83%a1%e3%83%bc%e3%82%ab%e3%83%bc\/\">\u30e1\u30fc\u30ab\u30fc\u5225\u5206\u5e03<\/a>[\u30ea\u30b9\u30c8\uff3d<br \/>\n[\u30ea\u30b9\u30c8\u30a2\u30a4\u30b3\u30f3=\"moon-arrow-right-2\u2033\u30ab\u30e9\u30fc=\"#a62055\u2033]]\u3002<a title=\"\u30ab\u30b9\u30bf\u30de\u30a4\u30ba\u88fd\u54c1\u3001\u30e1\u30f3\u30c6\u30ca\u30f3\u30b9\u3001\u4fee\u7406\" href=\"\/ja\/%e3%82%b5%e3%83%bc%e3%83%93%e3%82%b9-2\/%e3%83%a1%e3%83%b3%e3%83%86%e3%83%8a%e3%83%b3%e3%82%b9%e3%81%a8%e4%bf%ae%e7%90%86\/\">\u30ab\u30b9\u30bf\u30de\u30a4\u30ba\u88fd\u54c1\u3001\u30e1\u30f3\u30c6\u30ca\u30f3\u30b9\u3001\u4fee\u7406<\/a>[\u30ea\u30b9\u30c8\uff3d<br \/>\n[\u30ea\u30b9\u30c8\u30a2\u30a4\u30b3\u30f3=\"moon-arrow-right-2\u2033\u30ab\u30e9\u30fc=\"#a62055\u2033]]\u3002<a title=\"PCS\u304c\u5fc5\u8981\u306a10\u306e\u7406\u7531\" href=\"\/ja\/%e4%bc%9a%e7%a4%be%e6%a6%82%e8%a6%81-2\/pc%e3%82%92%e9%81%b8%e3%81%b610%e3%81%ae%e7%90%86%e7%94%b1\/\">PCS\u304c\u5fc5\u8981\u306a10\u306e\u7406\u7531<\/a>[\u30ea\u30b9\u30c8\uff3d<br \/>\n[\u30ea\u30b9\u30c8\u30a2\u30a4\u30b3\u30f3=\"moon-arrow-right-2\u2033\u30ab\u30e9\u30fc=\"#a62055\u2033]]\u3002<a title=\"\u53c2\u8003\u6587\u732e\" href=\"\/ja\/%e4%bc%9a%e7%a4%be%e6%a6%82%e8%a6%81-2\/%e3%83%aa%e3%83%95%e3%82%a1%e3%83%ac%e3%83%b3%e3%82%b9%e3%83%bb%e3%83%aa%e3%82%b9%e3%83%88\/\">\u53c2\u8003\u6587\u732e \u30a4\u30f3\u30b9\u30c8\u30fc\u30eb\u3068\u7d71\u5408<\/a>[\u30ea\u30b9\u30c8\uff3d<br \/>\n[\u30ea\u30b9\u30c8\u30a2\u30a4\u30b3\u30f3=\"moon-arrow-right-2\u2033\u30ab\u30e9\u30fc=\"#a62055\u2033]]\u3002<a title=\"PCS\uff1a\u5168\u30b5\u30fc\u30d3\u30b9\u4e00\u89a7\" href=\"\/ja\/%e3%82%b5%e3%83%bc%e3%83%93%e3%82%b9-2\/\">PCS\uff1a\u5168\u30b5\u30fc\u30d3\u30b9\u4e00\u89a7<\/a>[\u30ea\u30b9\u30c8\uff3d<\/ul>\n<\/div>\n<\/div>\n<\/div>\n<\/div>","protected":false},"excerpt":{"rendered":"<p>Vertrieb von Konferenz- und AV-Medientechnik [rev_slider alias=&#8220;vertrieb&#8220;] [spacer size=&#8220;20&#8243;] Sie suchen Konferenz- und Mediensysteme oder ben\u00f6tigen Audio- oder Videotechnik? Wir sind Vertriebspartner der namhaften professionellen Hersteller in diesen Bereichen. Kleine und gro\u00dfe Systeme der AV-Technik k\u00f6nnen Sie bei uns genauso beziehen, wie einzelne Komponenten, Ersatzteile und Zubeh\u00f6r. [spacer size=&#8220;25&#8243;] [v_icon color=&#8220;#a62055&#8243; size=&#8220;16px&#8220; target=&#8220;_blank&#8220; name=&#8220;moon-arrow-right-2&#8243;] Nach Hersteller sortieren&nbsp;&nbsp;&nbsp;&nbsp;&nbsp; [v_icon color=&#8220;#a62055&#8243; size=&#8220;16px&#8220; target=&#8220;_blank&#8220; name=&#8220;moon-arrow-right-2&#8243;] Nach Produktgruppen sortieren [spacer size=&#8220;25&#8243;] [spacer size=&#8220;10&#8243;] PCS vertreibt f\u00fcr die gewerbliche Nutzung professionelle Technik zu tagesaktuellen Konditionen, inklusive Beratung und After-Sales-Service. Wir beraten herstellerunabh\u00e4ngig und stellen Ihnen gerne ein genau auf Ihre Bed\u00fcrfnisse zugeschnittenes System zusammen. [callout add_button=&#8220;no&#8220; button_text=&#8220;Learn More&#8220; button_url=&#8220;#&#8220; button_color=&#8220;#a62055&#8243;] Ben\u00f6tigen Sie Ersatzteile, Zubeh\u00f6r oder [&hellip;]<\/p>","protected":false},"author":1,"featured_media":45482,"parent":0,"menu_order":91,"comment_status":"closed","ping_status":"closed","template":"","meta":{"_acf_changed":false,"footnotes":""},"class_list":["post-6727","page","type-page","status-publish","has-post-thumbnail","hentry"],"acf":[],"_links":{"self":[{"href":"https:\/\/konferenztechnik.de\/ja\/wp-json\/wp\/v2\/pages\/6727","targetHints":{"allow":["GET"]}}],"collection":[{"href":"https:\/\/konferenztechnik.de\/ja\/wp-json\/wp\/v2\/pages"}],"about":[{"href":"https:\/\/konferenztechnik.de\/ja\/wp-json\/wp\/v2\/types\/page"}],"author":[{"embeddable":true,"href":"https:\/\/konferenztechnik.de\/ja\/wp-json\/wp\/v2\/users\/1"}],"replies":[{"embeddable":true,"href":"https:\/\/konferenztechnik.de\/ja\/wp-json\/wp\/v2\/comments?post=6727"}],"version-history":[{"count":0,"href":"https:\/\/konferenztechnik.de\/ja\/wp-json\/wp\/v2\/pages\/6727\/revisions"}],"wp:featuredmedia":[{"embeddable":true,"href":"https:\/\/konferenztechnik.de\/ja\/wp-json\/wp\/v2\/media\/45482"}],"wp:attachment":[{"href":"https:\/\/konferenztechnik.de\/ja\/wp-json\/wp\/v2\/media?parent=6727"}],"curies":[{"name":"wp","href":"https:\/\/api.w.org\/{rel}","templated":true}]}}