{"id":6818,"date":"2016-08-02T16:20:57","date_gmt":"2016-08-02T14:20:57","guid":{"rendered":"https:\/\/konferenztechnik.de\/?page_id=6818"},"modified":"2023-07-05T15:03:35","modified_gmt":"2023-07-05T13:03:35","slug":"%e3%83%a2%e3%83%90%e3%82%a4%e3%83%ab%e3%82%b3%e3%83%8d%e3%82%af%e3%83%88","status":"publish","type":"page","link":"https:\/\/konferenztechnik.de\/ja\/%e3%83%a2%e3%83%90%e3%82%a4%e3%83%ab%e3%82%b3%e3%83%8d%e3%82%af%e3%83%88\/","title":{"rendered":"\u30e2\u30d0\u30a4\u30eb\u30b3\u30cd\u30af\u30c8"},"content":{"rendered":"<h1>\u30bc\u30f3\u30cf\u30a4\u30b6\u30fcMobileConnect\u3068CinemaConnect<\/h1>\n<p>\u30bc\u30f3\u30cf\u30a4\u30b6\u30fcMobileConnect\u306f\u3001\u5287\u5834\u3001\u30aa\u30da\u30e9\u3001\u30df\u30e5\u30fc\u30b8\u30ab\u30eb\u3067\u306e\u30d0\u30ea\u30a2\u30d5\u30ea\u30fc\u30ea\u30b9\u30cb\u30f3\u30b0\u306e\u305f\u3081\u306e\u9769\u65b0\u7684\u306a\u30b7\u30b9\u30c6\u30e0\u3067\u3059\u3002\u30e2\u30d0\u30a4\u30eb\u30b3\u30cd\u30af\u30c8\u306f\u3001WLAN\u7d4c\u7531\u3067\u97f3\u58f0\u3092\u30b9\u30de\u30fc\u30c8\u30d5\u30a9\u30f3\u306b\u76f4\u63a5\u30e9\u30a4\u30d6\u914d\u4fe1\u3057\u307e\u3059\u3002\u97f3\u58f0\u4fe1\u53f7\u306f\u8074\u529b\u306b\u5408\u308f\u305b\u3066\u8abf\u6574\u3055\u308c\u3001\u30d8\u30c3\u30c9\u30db\u30f3\u307e\u305f\u306f\u88dc\u8074\u5668\u2013\u306b\u76f4\u63a5\u51fa\u529b\u3055\u308c\u307e\u3059\uff01<\/p>\n<h2>\u8fc5\u901f\u3067\u7c21\u5358\u306a\u8a2d\u7f6e\u3001\u8ffd\u52a0\u56fa\u5b9a\u8cbb\u7528\u306a\u3057\u3002<\/h2>\n<p><img fetchpriority=\"high\" decoding=\"async\" class=\"alignleft size-full wp-image-9964\" src=\"https:\/\/konferenztechnik.de\/wp-content\/uploads\/2016\/08\/sennheiser-mobileconnect-szenario.jpg\" alt=\"\u30bc\u30f3\u30cf\u30a4\u30b6\u30fcMobileConnect\u306e\u4f7f\u7528\u4f8b\" width=\"558\" height=\"428\" title=\"\" srcset=\"https:\/\/konferenztechnik.de\/wp-content\/uploads\/2016\/08\/sennheiser-mobileconnect-szenario.jpg 558w, https:\/\/konferenztechnik.de\/wp-content\/uploads\/2016\/08\/sennheiser-mobileconnect-szenario-300x230.jpg 300w\" sizes=\"(max-width: 558px) 100vw, 558px\" \/><\/p>\n<p>\u65e2\u5b58\u306e\u30a4\u30f3\u30d5\u30e9\u306b\u7c21\u5358\u306b\u7d71\u5408\u3067\u304d\u30011\u65e5\u3067\u8a2d\u7f6e\u3067\u304d\u307e\u3059\u3002\u65e2\u5b58\u306e\u30aa\u30fc\u30c7\u30a3\u30aa\u30b7\u30b9\u30c6\u30e0\u3092ConnectStation\u306b\u63a5\u7d9a\u3057\u3001MobileConnect\u30cd\u30c3\u30c8\u30ef\u30fc\u30af\u2013\u306eWLAN\u30a2\u30af\u30bb\u30b9\u30dd\u30a4\u30f3\u30c8\u3092\u63a5\u7d9a\u3059\u308b\u3060\u3051\u3067\u3059\u3002PCS GmbH\u306f\u3001\u30b7\u30b9\u30c6\u30e0\u306e\u8a08\u753b\u304b\u3089\u8a2d\u7f6e\u3001\u65e2\u5b58\u74b0\u5883\u3078\u306e\u7d71\u5408\u307e\u3067\u3001\u5b8c\u5168\u306a\u6ce8\u6587\u51e6\u7406\u3092\u63d0\u4f9b\u3057\u307e\u3059\u3002<\/p>\n<p>\u4e00\u5ea6\u30a4\u30f3\u30b9\u30c8\u30fc\u30eb\u3059\u308c\u3070\u3001MobileConnect\u306b\u306f\u30e1\u30f3\u30c6\u30ca\u30f3\u30b9\u3084\u904b\u7528\u30b3\u30b9\u30c8\u306f\u4e00\u5207\u304b\u304b\u308a\u307e\u305b\u3093\u3002\u500b\u4eba\u306e\u643a\u5e2f\u96fb\u8a71\u3092\u30a8\u30f3\u30c9\u30fb\u30c7\u30d0\u30a4\u30b9\u3068\u3059\u308b\u2013\u30ad\u30fc\u30ef\u30fc\u30c9\u300cBring Your Own Device\u300d\u2013\u3067\u306f\u3001\u30d0\u30c3\u30c6\u30ea\u30fc\u306e\u53d6\u308a\u6271\u3044\u3001\u30c7\u30d0\u30a4\u30b9\u306e\u554f\u984c\u3001\u30d8\u30c3\u30c9\u30bb\u30c3\u30c8\u306e\u885b\u751f\u7ba1\u7406\u306f\u5fc5\u8981\u3042\u308a\u307e\u305b\u3093\u3002<\/p>\n<h2>\u88dc\u8074\u5668\u30a2\u30b7\u30b9\u30bf\u30f3\u30c8<\/h2>\n<p>\u30d5\u30e9\u30a6\u30f3\u30db\u30fc\u30d5\u30a1\u30fc\u30c7\u30b8\u30bf\u30eb\u30e1\u30c7\u30a3\u30a2\u6280\u8853\u7814\u7a76\u6240IDMT\u3068\u306e\u5354\u529b\u306b\u3088\u308a\u958b\u767a\u3055\u308c\u305f\u30d1\u30fc\u30bd\u30ca\u30eb\u30fb\u30d2\u30a2\u30ea\u30f3\u30b0\u30fb\u30a2\u30b7\u30b9\u30bf\u30f3\u30c8\u306f\u3001\u7279\u306b\u76f4\u611f\u7684\u306a\u64cd\u4f5c\u3067\u3001\u500b\u4eba\u306e\u8981\u671b\u306b\u5408\u308f\u305b\u305f\u97f3\u306e\u30ab\u30b9\u30bf\u30de\u30a4\u30ba\u304c\u53ef\u80fd\u3067\u3059\u3002\u53d7\u4fe1\u97f3\u58f0\u4fe1\u53f7\u306e\u97f3\u91cf\u3060\u3051\u3067\u306a\u304f\u3001\u97f3\u58f0\u306e\u660e\u77ad\u5ea6\u3084\u97f3\u306e\u7279\u6027\u3082\u3001\u30bf\u30c3\u30c1\u64cd\u4f5c\u3067\u7c21\u5358\u306b\u8abf\u6574\u3067\u304d\u307e\u3059\u3002<\/p>\n<p>\u203a <a href=\"https:\/\/www.innovationsforum.fraunhofer.de\/2016\/02\/fraunhofer-und-sennheiser-apps-fuer-massgeschneidertes-klangerlebnis\/\" target=\"_blank\" rel=\"noopener noreferrer\">\u30d5\u30e9\u30a6\u30f3\u30db\u30fc\u30d5\u30a1\u30fc\u7814\u7a76\u6240\u306e\u30a2\u30eb\u30b4\u30ea\u30ba\u30e0\u306b\u95a2\u3059\u308b\u8a73\u7d30\u60c5\u5831<\/a><\/p>\n<p><img decoding=\"async\" class=\"alignleft size-full wp-image-9967\" src=\"https:\/\/konferenztechnik.de\/wp-content\/uploads\/2016\/08\/sennheiser-mobileconnect-personal-hearing-idmt.jpg\" alt=\"\u30bc\u30f3\u30cf\u30a4\u30b6\u30fc\u30fb\u30e2\u30d0\u30a4\u30eb\u30b3\u30cd\u30af\u30c8\u30fb\u30d1\u30fc\u30bd\u30ca\u30eb\u30fb\u30d2\u30a2\u30ea\u30f3\u30b0IDMT\" width=\"558\" height=\"428\" title=\"\" srcset=\"https:\/\/konferenztechnik.de\/wp-content\/uploads\/2016\/08\/sennheiser-mobileconnect-personal-hearing-idmt.jpg 558w, https:\/\/konferenztechnik.de\/wp-content\/uploads\/2016\/08\/sennheiser-mobileconnect-personal-hearing-idmt-300x230.jpg 300w\" sizes=\"(max-width: 558px) 100vw, 558px\" \/><\/p>\n<h2>\u6700\u5927\u5305\u542b\u7387<\/h2>\n<p>\u30e2\u30d0\u30a4\u30eb\u30b3\u30cd\u30af\u30c8\u306f\u3001\u65b0\u305f\u306a\u6765\u5834\u8005\u5c64\u3078\u306e\u30a2\u30af\u30bb\u30b9\u3092\u5e83\u3052\u3001\u3059\u3079\u3066\u306e\u4eba\u306b\u6587\u5316\u751f\u6d3b\u306b\u53c2\u52a0\u3059\u308b\u6a5f\u4f1a\u3092\u63d0\u4f9b\u3057\u307e\u3059\u3002\u3053\u306e\u30b7\u30b9\u30c6\u30e0\u306f\u3001\u8074\u899a\u30b5\u30dd\u30fc\u30c8\u306b\u52a0\u3048\u3066\u3001\u97f3\u58f0\u30ac\u30a4\u30c9\u3084\u540c\u6642\u901a\u8a33\u2013\u306b\u3082\u9069\u3057\u3066\u3044\u308b\u305f\u3081\u3001\u8074\u899a\u30b5\u30dd\u30fc\u30c8\u306e\u307f\u306b\u9650\u5b9a\u3055\u308c\u305f\u30b7\u30b9\u30c6\u30e0\u3088\u308a\u3082\u3001\u3088\u308a\u591a\u304f\u306e\u30bf\u30fc\u30b2\u30c3\u30c8\u30b0\u30eb\u30fc\u30d7\u306b\u30a2\u30d7\u30ed\u30fc\u30c1\u3059\u308b\u3053\u3068\u304c\u3067\u304d\u307e\u3059\u3002<\/p>\n<p><img decoding=\"async\" class=\"alignleft size-full wp-image-9968\" src=\"https:\/\/konferenztechnik.de\/wp-content\/uploads\/2016\/08\/sennheiser-mobileconnect-barrierefrei.jpg\" alt=\"\u30bc\u30f3\u30cf\u30a4\u30b6\u30fc\u30fb\u30e2\u30d0\u30a4\u30eb\u30b3\u30cd\u30af\u30c8\u30fb\u30d0\u30ea\u30a2\u30d5\u30ea\u30fc\" width=\"558\" height=\"428\" title=\"\" srcset=\"https:\/\/konferenztechnik.de\/wp-content\/uploads\/2016\/08\/sennheiser-mobileconnect-barrierefrei.jpg 558w, https:\/\/konferenztechnik.de\/wp-content\/uploads\/2016\/08\/sennheiser-mobileconnect-barrierefrei-300x230.jpg 300w\" sizes=\"(max-width: 558px) 100vw, 558px\" \/><\/p>\n<h2>\u30e2\u30d0\u30a4\u30eb\u30b3\u30cd\u30af\u30c8\u30b7\u30b9\u30c6\u30e0\u306e\u3055\u3089\u306a\u308b\u7279\u5fb4<\/h2>\n<p>\u4f4e\u9045\u5ef6\u30aa\u30fc\u30c7\u30a3\u30aa\u30fb\u30b9\u30c8\u30ea\u30fc\u30df\u30f3\u30b0<br \/>\n\u8074\u899a\u88dc\u52a9\u3001\u97f3\u58f0\u30ac\u30a4\u30c9\u3001\u540c\u6642\u901a\u8a33\u306e\u9001\u4fe1<br \/>\n\u30d1\u30fc\u30bd\u30ca\u30eb\u30fb\u30d2\u30a2\u30ea\u30f3\u30b0\u30fb\u30a2\u30b7\u30b9\u30bf\u30f3\u30c8<br \/>\nBYOD\uff08Bring Your Own Device\uff09\uff1a\u30c7\u30d0\u30a4\u30b9\u306e\u63d0\u4f9b\u3084\u30e1\u30f3\u30c6\u30ca\u30f3\u30b9\u3001\u5f93\u696d\u54e1\u30c8\u30ec\u30fc\u30cb\u30f3\u30b0\u306b\u304b\u304b\u308b\u8cbb\u7528\u304c\u4e0d\u8981\u3002<\/p>\n<p><img loading=\"lazy\" decoding=\"async\" width=\"558\" height=\"428\" class=\"alignleft size-full wp-image-9965\" src=\"https:\/\/konferenztechnik.de\/wp-content\/uploads\/2016\/08\/sennheiser-mobileconnect-kopfhoerer.jpg\" alt=\"\u30bc\u30f3\u30cf\u30a4\u30b6\u30fc\u30fb\u30e2\u30d0\u30a4\u30eb\u30b3\u30cd\u30af\u30c8\u30fb\u30d8\u30c3\u30c9\u30d5\u30a9\u30f3\" title=\"\" srcset=\"https:\/\/konferenztechnik.de\/wp-content\/uploads\/2016\/08\/sennheiser-mobileconnect-kopfhoerer.jpg 558w, https:\/\/konferenztechnik.de\/wp-content\/uploads\/2016\/08\/sennheiser-mobileconnect-kopfhoerer-300x230.jpg 300w\" sizes=\"(max-width: 558px) 100vw, 558px\" \/><\/p>\n<p>MobileConnect\u306b\u95a2\u3059\u308b\u3054\u8cea\u554f\u306f\u304a\u6c17\u8efd\u306b\u304a\u554f\u3044\u5408\u308f\u305b\u304f\u3060\u3055\u3044\u3002\u559c\u3093\u3067\u30a2\u30c9\u30d0\u30a4\u30b9\u3057\u3001\u30b7\u30b9\u30c6\u30e0\u306e\u8a08\u753b\u3068\u8a2d\u7f6e\u3092\u304a\u624b\u4f1d\u3044\u3044\u305f\u3057\u307e\u3059\u3002<\/p>\n<div class=\"boxcontainer\">\n<div class=\"box1-2\">\n<h1>\u62c5\u5f53\u8005<\/h1>\n<\/div>\n<div class=\"box1-2-order\">\n<h1>\u305d\u306e\u4ed6\u306e\u30ea\u30f3\u30af<\/h1>\n<\/div>\n<div class=\"box1-4\">\n<div class=\"box-head\">\u6d41\u901a\u30fb\u8ca9\u58f2<\/div>\n<\/div>\n<div class=\"box2-4-2\" style=\"order: 1;\">\n<div class=\"weiterlinks\"><a title=\"\u88fd\u54c1\u30b0\u30eb\u30fc\u30d7\u5225\u5206\u5e03\" href=\"\/ja\/%e8%a3%bd%e5%93%81%e3%82%b0%e3%83%ab%e3%83%bc%e3%83%97\/\">\u88fd\u54c1\u30b0\u30eb\u30fc\u30d7\u5225\u5206\u5e03<\/a><br \/>\n<a title=\"\u30e1\u30fc\u30ab\u30fc\u5225\u5206\u5e03\" href=\"\/ja\/%e3%83%a1%e3%83%bc%e3%82%ab%e3%83%bc\/\">\u30e1\u30fc\u30ab\u30fc\u5225\u5206\u5e03<\/a><br \/>\n<a title=\"\u30ab\u30b9\u30bf\u30de\u30a4\u30ba\u88fd\u54c1\u3001\u30e1\u30f3\u30c6\u30ca\u30f3\u30b9\u3001\u4fee\u7406\" href=\"\/ja\/%e3%82%b5%e3%83%bc%e3%83%93%e3%82%b9-2\/%e3%83%a1%e3%83%b3%e3%83%86%e3%83%8a%e3%83%b3%e3%82%b9%e3%81%a8%e4%bf%ae%e7%90%86\/\">\u30ab\u30b9\u30bf\u30de\u30a4\u30ba\u88fd\u54c1\u3001\u30e1\u30f3\u30c6\u30ca\u30f3\u30b9\u3001\u4fee\u7406<\/a><br \/>\n<a title=\"PCS\u304c\u5fc5\u8981\u306a10\u306e\u7406\u7531\" href=\"\/ja\/%e4%bc%9a%e7%a4%be%e6%a6%82%e8%a6%81-2\/pc%e3%82%92%e9%81%b8%e3%81%b610%e3%81%ae%e7%90%86%e7%94%b1\/\">PCS\u304c\u5fc5\u8981\u306a10\u306e\u7406\u7531<\/a><br \/>\n<a title=\"\u53c2\u8003\u6587\u732e\" href=\"\/ja\/%e4%bc%9a%e7%a4%be%e6%a6%82%e8%a6%81-2\/%e3%83%aa%e3%83%95%e3%82%a1%e3%83%ac%e3%83%b3%e3%82%b9%e3%83%bb%e3%83%aa%e3%82%b9%e3%83%88\/\">\u53c2\u8003\u6587\u732e \u30a4\u30f3\u30b9\u30c8\u30fc\u30eb\u3068\u7d71\u5408<\/a><br \/>\n<a title=\"PCS\uff1a\u5168\u30b5\u30fc\u30d3\u30b9\u4e00\u89a7\" href=\"\/ja\/%e3%82%b5%e3%83%bc%e3%83%93%e3%82%b9-2\/\">PCS\uff1a\u5168\u30b5\u30fc\u30d3\u30b9\u4e00\u89a7<\/a><\/p>\n<\/div>\n<\/div>\n<\/div>","protected":false},"excerpt":{"rendered":"<p>Sennheiser MobileConnect und CinemaConnect Sennheiser MobileConnect ist das innovative System f\u00fcr barrierefreies H\u00f6ren in Theater, Oper und Musical. MobileConnect streamt Audio live via WLAN direkt auf das pers\u00f6nliche Smartphone. Hier wird das Audiosignal perfekt an die eigenen H\u00f6rbed\u00fcrfnisse angepasst und dann \u00fcber Kopfh\u00f6rer oder direkt auf das H\u00f6rger\u00e4t ausgegeben &#8211; H\u00f6runterst\u00fctzung einfach gemacht! Einfache und schnelle Installation, keine weiteren Fixkosten. Integriert sich problemlos in jede bestehende Infrastruktur und kann innerhalb eines Tages installiert werden. Einfach das vorhandene Audio-System mit der ConnectStation verbinden und den WLAN Access Point des MobileConnect Netzwerks anschlie\u00dfen \u2013 fertig. Die PCS GmbH bietet die komplette Auftragsabwicklung von der Planung des Systems bis zur Installation und Integration [&hellip;]<\/p>","protected":false},"author":1,"featured_media":45482,"parent":0,"menu_order":75,"comment_status":"closed","ping_status":"closed","template":"","meta":{"_acf_changed":false,"footnotes":""},"class_list":["post-6818","page","type-page","status-publish","has-post-thumbnail","hentry"],"acf":[],"_links":{"self":[{"href":"https:\/\/konferenztechnik.de\/ja\/wp-json\/wp\/v2\/pages\/6818","targetHints":{"allow":["GET"]}}],"collection":[{"href":"https:\/\/konferenztechnik.de\/ja\/wp-json\/wp\/v2\/pages"}],"about":[{"href":"https:\/\/konferenztechnik.de\/ja\/wp-json\/wp\/v2\/types\/page"}],"author":[{"embeddable":true,"href":"https:\/\/konferenztechnik.de\/ja\/wp-json\/wp\/v2\/users\/1"}],"replies":[{"embeddable":true,"href":"https:\/\/konferenztechnik.de\/ja\/wp-json\/wp\/v2\/comments?post=6818"}],"version-history":[{"count":0,"href":"https:\/\/konferenztechnik.de\/ja\/wp-json\/wp\/v2\/pages\/6818\/revisions"}],"wp:featuredmedia":[{"embeddable":true,"href":"https:\/\/konferenztechnik.de\/ja\/wp-json\/wp\/v2\/media\/45482"}],"wp:attachment":[{"href":"https:\/\/konferenztechnik.de\/ja\/wp-json\/wp\/v2\/media?parent=6818"}],"curies":[{"name":"wp","href":"https:\/\/api.w.org\/{rel}","templated":true}]}}