{"id":7597,"date":"2016-08-25T09:05:19","date_gmt":"2016-08-25T07:05:19","guid":{"rendered":"https:\/\/konferenztechnik.de\/?page_id=7597"},"modified":"2023-09-01T12:12:21","modified_gmt":"2023-09-01T10:12:21","slug":"rti-2","status":"publish","type":"page","link":"https:\/\/konferenztechnik.de\/ja\/rti-2\/","title":{"rendered":"RTI"},"content":{"rendered":"<p>[column size=\"1-2\u2033 last=\"0\u2033\uff3d\u3002<\/p>\n<h1>RTI<\/h1>\n<p>[\u30b3\u30e9\u30e0\uff3d<\/p>\n<p>[column size=\"1-2\u2033 last=\"1\u2033\uff3d\u3002<br \/>\n[\u30b3\u30e9\u30e0\uff3d<\/p>\n<p>[column size=\"1-2\u2033 last=\"0\u2033\uff3d\u3002<br \/>\nRTI\u306f\u30a4\u30f3\u30c6\u30ea\u30b8\u30a7\u30f3\u30c8\u5236\u5fa1\u30b7\u30b9\u30c6\u30e0\u306e\u30c8\u30c3\u30d7\u30e1\u30fc\u30ab\u30fc\u3067\u3042\u308a\u3001\u5c02\u9580\u7684\u306b\u8a2d\u7f6e\u3055\u308c\u305f\u96fb\u5b50\u30b7\u30b9\u30c6\u30e0\u5411\u3051\u306b\u3001\u9769\u65b0\u7684\u3067\u6d17\u7df4\u3055\u308c\u305f\u30e6\u30fc\u30b6\u30fc\u30d5\u30ec\u30f3\u30c9\u30ea\u30fc\u306a\u30c7\u30d0\u30a4\u30b9\u3092\u63d0\u4f9b\u3057\u3066\u3044\u307e\u3059\u3002RTI\u306e\u30bd\u30ea\u30e5\u30fc\u30b7\u30e7\u30f3\u306b\u3088\u308a\u3001\u30e1\u30c7\u30a3\u30a2\u30c6\u30af\u30ce\u30ed\u30b8\u30fc\u3001\u30a8\u30f3\u30bf\u30fc\u30c6\u30a4\u30e1\u30f3\u30c8\u30a8\u30ec\u30af\u30c8\u30ed\u30cb\u30af\u30b9\u3001\u30d3\u30eb\u30c7\u30a3\u30f3\u30b0\u30c6\u30af\u30ce\u30ed\u30b8\u30fc\u306f\u3001RTI\u306e\u69d8\u3005\u306a\u30c7\u30d0\u30a4\u30b9\u3060\u3051\u3067\u306a\u304f\u3001\u3054\u81ea\u8eab\u306e\u30b9\u30de\u30fc\u30c8\u30d5\u30a9\u30f3\u3084\u30bf\u30d6\u30ec\u30c3\u30c8\u3067\u3082\u3001\u4fbf\u5229\u304b\u3064\u7c21\u5358\u306b\u2013\u3092\u5236\u5fa1\u3059\u308b\u3053\u3068\u304c\u3067\u304d\u307e\u3059\u3002<\/p>\n<p>RTI\u306f\u3001\u6a5f\u5668\u306e\u5236\u5fa1\u306b\u304a\u3051\u308b\u771f\u306e\u719f\u7df4\u8005\u3067\u3042\u308a\u3001\u30b7\u30b9\u30c6\u30e0\u81ea\u52d5\u5316\u306e\u5148\u99c6\u8005\u3067\u3059\u3002\u30e6\u30fc\u30b6\u30fc\u306b\u3068\u3063\u3066\u4fbf\u5229\u3067\u9769\u65b0\u7684\u306b\u5236\u5fa1\u3067\u304d\u306a\u3044\u88c5\u7f6e\u3084\u72b6\u6cc1\u306f\u3042\u308a\u307e\u305b\u3093\u3002<\/p>\n<p>[\u30b3\u30e9\u30e0\uff3d<\/p>\n<p>[column size=\"1-2\u2033 last=\"1\u2033\uff3d\u3002<br \/>\n<img decoding=\"async\" src=\"https:\/\/konferenztechnik.de\/wp-content\/uploads\/2016\/08\/rti-smarthome.jpg\" alt=\"\" title=\"\"><br \/>\n[\u30b3\u30e9\u30e0\uff3d<\/p>\n<div class=\"boxcontainer\">\n<div class=\"box1-2\">\n<span class=\"ueberschrift-unterkante\"><\/p>\n<h2>RTI \u2013 \u30b3\u30f3\u30c8\u30ed\u30fc\u30eb\u3055\u308c\u3066\u3044\u308b<\/h2>\n<p><\/span><\/div>\n<div class=\"box1-2\">\n<img decoding=\"async\" src=\"https:\/\/konferenztechnik.de\/wp-content\/uploads\/2016\/04\/logo-rti.jpg\" alt=\"RTI - PCS\u30d1\u30fc\u30c8\u30ca\u30fc\" width=\"140\" height=\"140\" class=\"alignright size-thumbnail wp-image-5632\" title=\"\"><\/div>\n<\/div>\n<div class=\"boxcontainer\">\n<div class=\"box1\">\n<img decoding=\"async\" src=\"https:\/\/konferenztechnik.de\/wp-content\/uploads\/2016\/08\/rti-interfaces.jpg\" alt=\"\" title=\"\"><\/p>\n<h2>VRTI\u30a4\u30f3\u30bf\u30fc\u30d5\u30a7\u30a4\u30b9<\/h2>\n<p>\u30ef\u30a4\u30e4\u30ec\u30b9\u5165\u529b\u88c5\u7f6e<br \/>\n\u6709\u7dda\u5165\u529b\u88c5\u7f6e<\/p>\n<\/div>\n<div class=\"box1\">\n<p><img decoding=\"async\" src=\"https:\/\/konferenztechnik.de\/wp-content\/uploads\/2016\/08\/rti-byod.jpg\" alt=\"\" title=\"\"><\/p>\n<h2>\u30b9\u30de\u30fc\u30c8\u30fb\u30a4\u30f3\u30d5\u30a1\u30fc\u30d5\u30a7\u30a4\u30b9<\/h2>\n<p>\u30b3\u30f3\u30c8\u30ed\u30fc\u30eb<br \/>\nPC<br \/>\n\u30bf\u30d6\u30ec\u30c3\u30c8<br \/>\n\u30b9\u30de\u30fc\u30c8\u30d5\u30a9\u30f3<\/p>\n<\/div>\n<div class=\"box1\">\n<p><img decoding=\"async\" src=\"https:\/\/konferenztechnik.de\/wp-content\/uploads\/2016\/08\/rti-byod.jpg\" alt=\"\" title=\"\"><\/p>\n<h2>\u4fe1\u53f7\u51e6\u7406<\/h2>\n<p>\u30b3\u30f3\u30c8\u30ed\u30fc\u30eb<br \/>\nTV\u304a\u3088\u3073HiFi\u6a5f\u5668<br \/>\n\u30e9\u30a4\u30c8<br \/>\n\u30db\u30fc\u30e0\u30b7\u30a2\u30bf\u30fc\u6280\u8853<br \/>\n\u97f3\u697d\u30b5\u30fc\u30d0\u30fc<br \/>\n\u30bb\u30ad\u30e5\u30ea\u30c6\u30a3\u6280\u8853<br \/>\n\u7a7a\u8abf<br \/>\n\u306a\u3069\u306a\u3069\u3002<\/p>\n<\/div>\n<\/div>\n<p>[callout add_button=\"no\" button_text=\"Learn More\" button_url=\"#\" button_color=\"#a62055\u2033].<br \/>\n\u8907\u96d1\u306a\u30a2\u30d7\u30ea\u30b1\u30fc\u30b7\u30e7\u30f3\u3082\u76f4\u611f\u7684\u306b\u30b3\u30f3\u30c8\u30ed\u30fc\u30eb\u3002RTI \u2013\u306f\u3001\u614e\u91cd\u306b\u8a08\u753b\u3059\u308c\u3070\u554f\u984c\u3042\u308a\u307e\u305b\u3093\u3002<br \/>\n[\/callout]\u3002<\/p>\n<div class=\"boxcontainer\">\n<div class=\"box1-2\">\n<h1>\u62c5\u5f53\u8005<\/h1>\n<\/div>\n<div class=\"box1-2-order\">\n<h1>\u305d\u306e\u4ed6\u306e\u30ea\u30f3\u30af<\/h1>\n<\/div>\n<div class=\"box1-4\">\n<div class=\"box-head\">\u6d41\u901a\u30fb\u8ca9\u58f2<\/div>\n<p>[\u30a6\u30a3\u30b8\u30a7\u30c3\u30c8 id=\"text-133\u2033]\u3002<\/p>\n<\/div>\n<div class=\"box2-4-2\" style=\"order:1;\" >\n<div class=\"weiterlinks\">\n<ul>\n[\u30ea\u30b9\u30c8\u30a2\u30a4\u30b3\u30f3=\"moon-arrow-right-2\u2033\u30ab\u30e9\u30fc=\"#a62055\u2033]]\u3002<a title=\"\u88fd\u54c1\u30b0\u30eb\u30fc\u30d7\u5225\u5206\u5e03\" href=\"\/ja\/%e8%a3%bd%e5%93%81%e3%82%b0%e3%83%ab%e3%83%bc%e3%83%97\/\">\u88fd\u54c1\u30b0\u30eb\u30fc\u30d7\u5225\u5206\u5e03<\/a>[\u30ea\u30b9\u30c8\uff3d<br \/>\n[\u30ea\u30b9\u30c8\u30a2\u30a4\u30b3\u30f3=\"moon-arrow-right-2\u2033\u30ab\u30e9\u30fc=\"#a62055\u2033]]\u3002<a title=\"\u30e1\u30fc\u30ab\u30fc\u5225\u5206\u5e03\" href=\"\/ja\/%e3%83%a1%e3%83%bc%e3%82%ab%e3%83%bc\/\">\u30e1\u30fc\u30ab\u30fc\u5225\u5206\u5e03<\/a>[\u30ea\u30b9\u30c8\uff3d<br \/>\n[\u30ea\u30b9\u30c8\u30a2\u30a4\u30b3\u30f3=\"moon-arrow-right-2\u2033\u30ab\u30e9\u30fc=\"#a62055\u2033]]\u3002<a title=\"\u30ab\u30b9\u30bf\u30de\u30a4\u30ba\u88fd\u54c1\u3001\u30e1\u30f3\u30c6\u30ca\u30f3\u30b9\u3001\u4fee\u7406\" href=\"\/ja\/%e3%82%b5%e3%83%bc%e3%83%93%e3%82%b9-2\/%e3%83%a1%e3%83%b3%e3%83%86%e3%83%8a%e3%83%b3%e3%82%b9%e3%81%a8%e4%bf%ae%e7%90%86\/\">\u30ab\u30b9\u30bf\u30de\u30a4\u30ba\u88fd\u54c1\u3001\u30e1\u30f3\u30c6\u30ca\u30f3\u30b9\u3001\u4fee\u7406<\/a>[\u30ea\u30b9\u30c8\uff3d<br \/>\n[\u30ea\u30b9\u30c8\u30a2\u30a4\u30b3\u30f3=\"moon-arrow-right-2\u2033\u30ab\u30e9\u30fc=\"#a62055\u2033]]\u3002<a title=\"PCS\u304c\u5fc5\u8981\u306a10\u306e\u7406\u7531\" href=\"\/ja\/%e4%bc%9a%e7%a4%be%e6%a6%82%e8%a6%81-2\/pc%e3%82%92%e9%81%b8%e3%81%b610%e3%81%ae%e7%90%86%e7%94%b1\/\">PCS\u304c\u5fc5\u8981\u306a10\u306e\u7406\u7531<\/a>[\u30ea\u30b9\u30c8\uff3d<br \/>\n[\u30ea\u30b9\u30c8\u30a2\u30a4\u30b3\u30f3=\"moon-arrow-right-2\u2033\u30ab\u30e9\u30fc=\"#a62055\u2033]]\u3002<a title=\"\u53c2\u8003\u6587\u732e\" href=\"\/ja\/%e4%bc%9a%e7%a4%be%e6%a6%82%e8%a6%81-2\/%e3%83%aa%e3%83%95%e3%82%a1%e3%83%ac%e3%83%b3%e3%82%b9%e3%83%bb%e3%83%aa%e3%82%b9%e3%83%88\/\">\u53c2\u8003\u6587\u732e \u30a4\u30f3\u30b9\u30c8\u30fc\u30eb\u3068\u7d71\u5408<\/a>[\u30ea\u30b9\u30c8\uff3d<br \/>\n[\u30ea\u30b9\u30c8\u30a2\u30a4\u30b3\u30f3=\"moon-arrow-right-2\u2033\u30ab\u30e9\u30fc=\"#a62055\u2033]]\u3002<a title=\"PCS\uff1a\u5168\u30b5\u30fc\u30d3\u30b9\u4e00\u89a7\" href=\"\/ja\/%e3%82%b5%e3%83%bc%e3%83%93%e3%82%b9-2\/\">PCS\uff1a\u5168\u30b5\u30fc\u30d3\u30b9\u4e00\u89a7<\/a>[\u30ea\u30b9\u30c8\uff3d<\/ul>\n<\/div>\n<\/div>\n<\/div>\n<\/div>","protected":false},"excerpt":{"rendered":"<p>[column size=&#8220;1-2&#8243; last=&#8220;0&#8243;] RTI [\/column] [column size=&#8220;1-2&#8243; last=&#8220;1&#8243;] [\/column] [column size=&#8220;1-2&#8243; last=&#8220;0&#8243;] RTI ist ein f\u00fchrender Hersteller f\u00fcr intelligente Steuerungssysteme und bietet innovative, anspruchsvolle und benutzerfreundliche Ger\u00e4te f\u00fcr professionell installierte elektronische Systeme. Mit den L\u00f6sungen von RTI kann Medientechnik, Unterhaltungselektronik und Geb\u00e4udetechnik komfortabel und einfach gesteuert werden \u2013 sowohl mit eigenen Smartphones, Tablets wie auch mit einer Vielzahl von gelungenen Ger\u00e4ten von RTI selbst. RTI zeigt wahre Meisterschaft bei der Kontrolle von Ger\u00e4ten und ist der Pionier in der Systemautomation. Es gibt kein Ger\u00e4t und keine Gegebenheit, die sich f\u00fcr den Benutzer nicht komfortabel und innovativ steuern lie\u00dfe. [\/column] [column size=&#8220;1-2&#8243; last=&#8220;1&#8243;] [\/column] RTI &#8211; It&#8217;s under control VRTI Interfaces [&hellip;]<\/p>","protected":false},"author":1,"featured_media":45482,"parent":0,"menu_order":59,"comment_status":"closed","ping_status":"closed","template":"","meta":{"_acf_changed":false,"footnotes":""},"class_list":["post-7597","page","type-page","status-publish","has-post-thumbnail","hentry"],"acf":[],"_links":{"self":[{"href":"https:\/\/konferenztechnik.de\/ja\/wp-json\/wp\/v2\/pages\/7597","targetHints":{"allow":["GET"]}}],"collection":[{"href":"https:\/\/konferenztechnik.de\/ja\/wp-json\/wp\/v2\/pages"}],"about":[{"href":"https:\/\/konferenztechnik.de\/ja\/wp-json\/wp\/v2\/types\/page"}],"author":[{"embeddable":true,"href":"https:\/\/konferenztechnik.de\/ja\/wp-json\/wp\/v2\/users\/1"}],"replies":[{"embeddable":true,"href":"https:\/\/konferenztechnik.de\/ja\/wp-json\/wp\/v2\/comments?post=7597"}],"version-history":[{"count":0,"href":"https:\/\/konferenztechnik.de\/ja\/wp-json\/wp\/v2\/pages\/7597\/revisions"}],"wp:featuredmedia":[{"embeddable":true,"href":"https:\/\/konferenztechnik.de\/ja\/wp-json\/wp\/v2\/media\/45482"}],"wp:attachment":[{"href":"https:\/\/konferenztechnik.de\/ja\/wp-json\/wp\/v2\/media?parent=7597"}],"curies":[{"name":"wp","href":"https:\/\/api.w.org\/{rel}","templated":true}]}}