{"id":786,"date":"2013-08-12T10:23:29","date_gmt":"2013-08-12T08:23:29","guid":{"rendered":"https:\/\/pcs-miete.de\/?page_id=786"},"modified":"2023-08-28T15:51:12","modified_gmt":"2023-08-28T13:51:12","slug":"pc%e3%82%92%e9%81%b8%e3%81%b610%e3%81%ae%e7%90%86%e7%94%b1","status":"publish","type":"page","link":"https:\/\/konferenztechnik.de\/ja\/%e4%bc%9a%e7%a4%be%e6%a6%82%e8%a6%81-2\/pc%e3%82%92%e9%81%b8%e3%81%b610%e3%81%ae%e7%90%86%e7%94%b1\/","title":{"rendered":"PCS\u304c\u5fc5\u8981\u306a10\u306e\u7406\u7531"},"content":{"rendered":"<h1>PCS\u304c\u5fc5\u8981\u306a10\u306e\u7406\u7531<\/h1>\n<p>[spacer size=\"10\u2033]<\/p>\n<div class=\"container-zehn\">\n<div class=\"kasten-zehn\">\n<div class=\"kastenlinks\">\n        <span class=\"zahl\">1.<\/span><\/div>\n<div class=\"kastenrechts\">\n<h1>PCS\u306f\u4f1a\u8b70\u6280\u8853\u306e\u9ad8\u54c1\u8cea\u30d7\u30ed\u30d0\u30a4\u30c0\u30fc\u3067\u3059<\/h1>\n<p>PCS\u306f1995\u5e74\u4ee5\u6765\u3001\u901a\u8a33\u30b7\u30b9\u30c6\u30e0\u3001\u30c7\u30a3\u30b9\u30ab\u30c3\u30b7\u30e7\u30f3\u30b7\u30b9\u30c6\u30e0\u3001\u30ac\u30a4\u30c0\u30f3\u30b9\u30b7\u30b9\u30c6\u30e0\u3001\u6295\u7968\u30b7\u30b9\u30c6\u30e0\u3001\u4f1a\u8b70\u6280\u8853\u306e\u30a8\u30ad\u30b9\u30d1\u30fc\u30c8\u3067\u3059\u3002\u4fe1\u983c\u6027\u306e\u9ad8\u3044\u30d7\u30e9\u30f3\u30cb\u30f3\u30b0\u3001\u30d7\u30ed\u30d5\u30a7\u30c3\u30b7\u30e7\u30ca\u30eb\u306a\u30bd\u30ea\u30e5\u30fc\u30b7\u30e7\u30f3\u3001\u304d\u3081\u7d30\u304b\u306a\u6ce8\u6587\u5bfe\u5fdc\u3092\u63d0\u4f9b\u3057\u307e\u3059\u3002\u30b5\u30fc\u30d3\u30b9\u306f\u5e38\u306b\u6700\u512a\u5148\u4e8b\u9805\u3067\u3059\u3002<\/p>\n<p>\u6bce\u5e741,500\u3092\u8d85\u3048\u308b\u56fd\u969b\u4f1a\u8b70\u3084\u5e38\u8a2d\u5c55\u793a\u4f1a\u3092\u958b\u50ac\u3057\u3066\u3044\u308bPCS\u306f\u3001\u4e16\u754c\u7684\u306b\u898b\u3066\u3082\u696d\u754c\u6700\u5927\u7d1a\u306e\u30b5\u30fc\u30d3\u30b9\u30d7\u30ed\u30d0\u30a4\u30c0\u30fc\u3067\u3042\u308b\u3002<\/p>\n<\/div>\n<p>[\u30af\u30ea\u30a2\uff3d<\/p>\n<\/div>\n<p>[spacer size=\"20\u2033]<\/p>\n<div class=\"kasten-zehn\">\n<div class=\"kastenlinks\">\n        <span class=\"zahl\">2.<\/span><\/div>\n<div class=\"kastenrechts\">\n<h1>PCS\u306f\u4f1a\u8b70\u6280\u8853\u306e\u3042\u3089\u3086\u308b\u5206\u91ce\u3067\u30d5\u30eb\u30b5\u30fc\u30d3\u30b9\u3092\u63d0\u4f9b\u3057\u307e\u3059\u3002<\/h1>\n<ol>\n<li>\u4f1a\u8b70\u6280\u8853\u306e\u30ec\u30f3\u30bf\u30eb<\/li>\n<li>\u4f1a\u8b70\u30c6\u30af\u30ce\u30ed\u30b8\u30fc\u3068\u30e1\u30c7\u30a3\u30a2\u30fb\u30b7\u30b9\u30c6\u30e0\u306e\u5c0e\u5165\u3068\u7d71\u5408<\/li>\n<li>\u4f1a\u8b70\u304a\u3088\u3073AV\u30e1\u30c7\u30a3\u30a2\u6280\u8853\u306e\u914d\u5e03<\/li>\n<li>\u30a4\u30d9\u30f3\u30c8\u30b5\u30dd\u30fc\u30c8<\/li>\n<li>\u30ab\u30b9\u30bf\u30de\u30a4\u30ba\u88fd\u54c1\u3001\u30e1\u30f3\u30c6\u30ca\u30f3\u30b9\u3001\u4fee\u7406<\/li>\n<li>\u901a\u8a33\u306e\u30c8\u30ec\u30fc\u30cb\u30f3\u30b0\u3068\u30b5\u30fc\u30d3\u30b9<\/li>\n<\/ol>\n<\/div>\n<p>[\u30af\u30ea\u30a2\uff3d<\/p>\n<\/div>\n<p>[spacer size=\"20\u2033]<\/p>\n<div class=\"kasten-zehn\">\n<div class=\"kastenlinks\">\n        <span class=\"zahl\">3.<\/span><\/div>\n<div class=\"kastenrechts\">\n<h1>PCS\u306f\u8cc7\u683c\u306e\u3042\u308b\u5c02\u9580\u5bb6\u3092\u983c\u308a\u306b\u3057\u3066\u3044\u308b<\/h1>\n<p>\u9ad8\u5ea6\u306a\u8cc7\u683c\u3092\u6301\u3064\u4eba\u6750\u3060\u3051\u304c\u50cd\u3044\u3066\u3044\u307e\u3059\u3002\u5f53\u793e\u306e\u30c1\u30fc\u30e0\u306f\u3001\u30a8\u30f3\u30b8\u30cb\u30a2\u3001\u30de\u30b9\u30bf\u30fc\u30fb\u30a4\u30d9\u30f3\u30c8\u30fb\u30c6\u30af\u30cb\u30b7\u30e3\u30f3\u3001\u30de\u30b9\u30bf\u30fc\u30fb\u30a8\u30ec\u30af\u30c8\u30ea\u30c3\u30af\u30fb\u30c6\u30af\u30cb\u30b7\u30e3\u30f3\u3001\u30d7\u30ed\u30b0\u30e9\u30de\u30fc\u3001\u30a4\u30d9\u30f3\u30c8\u30fb\u30c6\u30af\u30cb\u30b7\u30e3\u30f3\u306a\u3069\u3001\u30aa\u30fc\u30c7\u30a3\u30aa\u30fb\u30d3\u30c7\u30aa\u696d\u754c\u306e\u30a8\u30ad\u30b9\u30d1\u30fc\u30c8\u3067\u69cb\u6210\u3055\u308c\u3066\u3044\u307e\u3059\u3002<\/p>\n<p>\u79c1\u305f\u3061\u306f\u7814\u4fee\u4f1a\u793e\u3067\u3042\u308a\u3001\u30a4\u30d9\u30f3\u30c8\u6280\u8853\u306e\u30b9\u30da\u30b7\u30e3\u30ea\u30b9\u30c8\u304b\u3089\u7d4c\u55b6\u7ba1\u7406\u8005\u3001\u5320\u306e\u8077\u4eba\u307e\u3067\u3001\u30c1\u30fc\u30e0\u2013\u3092\u5e38\u306b\u80b2\u6210\u3057\u3066\u3044\u307e\u3059\u3002\u79c1\u305f\u3061\u306f\u3001\u30c9\u30a4\u30c4\u56fd\u5185\u306e4\u3064\u306e\u62e0\u70b9\u3067\u3001\u793e\u5916\u793e\u54e1\u3001\u6280\u8853\u8005\u3001\u901a\u8a33\u306e\u30c8\u30ec\u30fc\u30cb\u30f3\u30b0\u3092\u884c\u3063\u3066\u3044\u307e\u3059\u3002\u305d\u306e\u305f\u3081\u3001\u5f93\u696d\u54e1\u306e\u8cc7\u683c\u53d6\u5f97\u306b\u95a2\u3057\u3066\u3082\u3001\u696d\u754c\u306e\u30c8\u30c3\u30d7\u30e9\u30f3\u30ca\u30fc\u3068\u306a\u3063\u3066\u3044\u307e\u3059\u3002<\/p>\n<\/div>\n<p>[\u30af\u30ea\u30a2\uff3d<\/p>\n<\/div>\n<p>[spacer size=\"20\u2033]<\/p>\n<div class=\"kasten-zehn\">\n<div class=\"kastenlinks\">\n            <span class=\"zahl\">4.<\/span><\/div>\n<div class=\"kastenrechts\">\n<h1>PCS\u306f\u6301\u7d9a\u53ef\u80fd\u306a\u6d3b\u52d5\u3092\u884c\u3046<\/h1>\n<p>\u79c1\u305f\u3061\u306e\u6a5f\u5668\u306f\u3059\u3079\u3066\u3001\u6975\u3081\u3066\u9ad8\u3044\u4fe1\u983c\u6027\u3068\u8010\u4e45\u6027\u304c\u6c42\u3081\u3089\u308c\u3001\u91cd\u91cf\u3001\u7d20\u6750\u3001\u6d88\u8cbb\u96fb\u529b\u306e\u9762\u3067\u7d4c\u6e08\u7684\u3067\u306a\u3051\u308c\u3070\u306a\u308a\u307e\u305b\u3093\u3002\u30de\u30eb\u30c1\u30e1\u30c7\u30a3\u30a2\u6280\u8853\u306e\u672a\u6765\u306f\u3001\u30b0\u30ea\u30fc\u30f3\u3067\u30a4\u30f3\u30c6\u30ea\u30b8\u30a7\u30f3\u30c8\u3067\u3059\u3002\u56fa\u5b9a\u8a2d\u5099\u3067\u306f\u3001\u6700\u65b0\u306e\u5236\u5fa1\u30e6\u30cb\u30c3\u30c8\u3092\u4f7f\u7528\u3057\u305f\u9ad8\u54c1\u8cea\u3067\u7701\u30a8\u30cd\u306e\u30bd\u30ea\u30e5\u30fc\u30b7\u30e7\u30f3\u306e\u53ef\u80fd\u6027\u304c\u975e\u5e38\u306b\u5927\u304d\u304f\u306a\u3063\u3066\u3044\u307e\u3059\u3002<\/p>\n<p>\u79c1\u305f\u3061\u306f\u307e\u305f\u3001\u4e8b\u696d\u6240\u5185\u306e\u6301\u7d9a\u53ef\u80fd\u306a\u30bd\u30ea\u30e5\u30fc\u30b7\u30e7\u30f3\u306b\u3082\u6ce8\u529b\u3057\u3066\u3044\u307e\u3059\u3002\u5f53\u793e\u306e\u8eca\u4e21\u306fCO2\u6392\u51fa\u91cf\u3092\u524a\u6e1b\u3059\u308b\u3088\u3046\u8a2d\u8a08\u3055\u308c\u3066\u304a\u308a\u3001\u652f\u5e97\u7db2\u306f\u79fb\u52d5\u8ddd\u96e2\u3092\u5fc5\u8981\u6700\u5c0f\u9650\u306b\u6291\u3048\u3066\u3044\u307e\u3059\u3002<\/p>\n<\/div>\n<p>[\u30af\u30ea\u30a2\uff3d<\/p>\n<\/div>\n<p>[spacer size=\"20\u2033]<\/p>\n<div class=\"kasten-zehn\">\n<div class=\"kastenlinks\">\n        <span class=\"zahl\">5.<\/span><\/div>\n<div class=\"kastenrechts\">\n<h1>PCS\u306f\u30e1\u30fc\u30ab\u30fc\u306b\u4f9d\u5b58\u3057\u306a\u3044<\/h1>\n<p>\u79c1\u305f\u3061\u306f\u3001\u4f1a\u8b70\u6280\u8853\u306e\u95a2\u9023\u30e1\u30fc\u30ab\u30fc\u3092\u7372\u5f97\u3057\u3001\u30e8\u30fc\u30ed\u30c3\u30d1\u3067\u552f\u4e00\u7121\u4e8c\u306e\u88fd\u54c1\u7fa4\u3092\u8ca9\u58f2\u3057\u3066\u3044\u307e\u3059\u3002\u5f53\u793e\u306e\u30ec\u30d1\u30fc\u30c8\u30ea\u30fc\u306f\u3001\u300cMade by PCS\u300d\u306b\u3088\u308b\u30ab\u30b9\u30bf\u30de\u30a4\u30ba\u88fd\u54c1\u3084\u500b\u5225\u306e\u30bd\u30ea\u30e5\u30fc\u30b7\u30e7\u30f3\u306b\u3088\u3063\u3066\u5f37\u5316\u3055\u308c\u3066\u3044\u307e\u3059\u3002\u5f0a\u793e\u306f\u30bc\u30f3\u30cf\u30a4\u30b6\u30fc\u3001\u30dc\u30c3\u30b7\u30e5\u3001\u30d9\u30a4\u30e4\u30fc\u30c0\u30a4\u30ca\u30df\u30c3\u30af\u3001\u30c6\u30ec\u30f4\u30a3\u30c3\u30af\u3001\u30aa\u30fc\u30c7\u30a3\u30d1\u30c3\u30af\u3001\u30d1\u30ca\u30bd\u30cb\u30c3\u30af\u3001\u30b7\u30e5\u30a2\u30fc\u3001\u30af\u30ec\u30b9\u30c8\u30ed\u30f3\u3001AMX\u306a\u3069\u306e\u4ee3\u7406\u5e97\u3067\u3059\u3002<\/p>\n<\/div>\n<p>[\u30af\u30ea\u30a2\uff3d<\/p>\n<\/div>\n<p>[spacer size=\"20\u2033]<\/p>\n<div class=\"kasten-zehn\">\n<div class=\"kastenlinks\">\n        <span class=\"zahl\">6.<\/span><\/div>\n<div class=\"kastenrechts\">\n<h1>PCS\u306f\u8fc5\u901f\u304b\u3064\u67d4\u8edf<\/h1>\n<p>PCS\u306f\u30c9\u30a4\u30c4\u56fd\u5185\u306e\u652f\u5e97\u7db2\u3092\u5e38\u306b\u62e1\u5927\u3057\u3066\u3044\u307e\u3059\u3002\u73fe\u5728\u3001\u30d9\u30eb\u30ea\u30f3\u3001\u30df\u30e5\u30f3\u30d8\u30f3\u3001\u30c7\u30e5\u30c3\u30bb\u30eb\u30c9\u30eb\u30d5\u3001\u30cf\u30a4\u30eb\u30d6\u30ed\u30f3\u306b\u652f\u793e\u304c\u3042\u308a\u307e\u3059\u3002\u30b9\u30b1\u30b8\u30e5\u30fc\u30ea\u30f3\u30b0\u3001\u30d7\u30e9\u30f3\u30cb\u30f3\u30b0\u3001\u30d7\u30ed\u30b8\u30a7\u30af\u30c8\u5b9f\u73fe\u3001\u30d5\u30a3\u30fc\u30eb\u30c9\u30b5\u30fc\u30d3\u30b9\u306e\u5404\u5206\u91ce\u306730\u4eba\u4ee5\u4e0a\u306e\u6b63\u793e\u54e1\u3092\u64c1\u3057\u3001\u304a\u5ba2\u69d8\u306e\u304a\u554f\u3044\u5408\u308f\u305b\u3084\u3054\u8981\u671b\u306b\u8fc5\u901f\u306b\u5bfe\u5fdc\u3057\u307e\u3059\u3002\u79c1\u305f\u3061\u306e\u5e45\u5e83\u3044\u6280\u8853\u306b\u3088\u308a\u3001\u8981\u6c42\u306e\u53b3\u3057\u3044\u8907\u6570\u306e\u30d7\u30ed\u30c0\u30af\u30b7\u30e7\u30f3\u3092\u4e26\u884c\u3057\u3066\u5b9f\u73fe\u3057\u3001\u4e0d\u6e2c\u306e\u4e8b\u614b\u306b\u3082\u30d7\u30ed\u30d5\u30a7\u30c3\u30b7\u30e7\u30ca\u30eb\u306b\u5bfe\u5fdc\u3059\u308b\u3053\u3068\u304c\u3067\u304d\u307e\u3059\u3002<\/p>\n<\/div>\n<p>[\u30af\u30ea\u30a2\uff3d<\/p>\n<\/div>\n<p>[spacer size=\"20\u2033]<\/p>\n<div class=\"kasten-zehn\">\n<div class=\"kastenlinks\">\n<span class=\"zahl\">7.<\/span><\/div>\n<div class=\"kastenrechts\">\n<h1>PCS\u306f\u4e16\u754c\u4e2d\u3067\u6d3b\u8e8d\u3057\u3066\u3044\u308b<\/h1>\n<p>\u79c1\u305f\u3061\u306f\u3001\u30de\u30c9\u30ea\u30fc\u30c9\u3001\u30a2\u30e0\u30b9\u30c6\u30eb\u30c0\u30e0\u3001\u4e0a\u6d77\u3001\u6771\u4eac\u3001\u30e2\u30b9\u30af\u30ef\u3092\u306f\u3058\u3081\u3001\u4e16\u754c\u4e2d\u306e\u304a\u5ba2\u69d8\u3092\u62c5\u5f53\u3057\u3066\u3044\u307e\u3059\u3002\u56fd\u969b\u4f1a\u8b70\u30d3\u30b8\u30cd\u30b9\u306f\u3001\u79c1\u305f\u3061\u304c\u60c5\u71b1\u3092\u6301\u3063\u3066\u559c\u3093\u3067\u6311\u3080\u6311\u6226\u3067\u3059\u3002<\/p>\n<\/div>\n<p>[\u30af\u30ea\u30a2\uff3d<\/p>\n<\/div>\n<p>[spacer size=\"20\u2033]<\/p>\n<div class=\"kasten-zehn\">\n<div class=\"kastenlinks\">\n<span class=\"zahl\">8.<\/span><\/div>\n<div class=\"kastenrechts\">\n<h1>PCS\u306f\u30b7\u30fc\u30e0\u30ec\u30b9\u306b\u30c6\u30b9\u30c8\u3055\u308c\u305f\u64cd\u4f5c\u4e0a\u306e\u5b89\u5168\u6027\u3092\u63d0\u4f9b<\/h1>\n<p>PCS\u306e\u914d\u5099\u306f\u3059\u3079\u3066\u76e4\u77f3\u3067\u3059\u3002\u79c1\u305f\u3061\u306f\u3001\u3069\u306e\u3088\u3046\u306a\u5834\u6240\u3067\u3082\u5e38\u306b\u6700\u9ad8\u6c34\u6e96\u3092\u6e80\u305f\u3057\u3001\u3059\u3079\u3066\u304c\u5186\u6ed1\u306b\u9032\u3080\u3088\u3046\u306b\u3059\u308b\u3053\u3068\u306b\u6163\u308c\u3066\u3044\u307e\u3059\u3002\u5f53\u793e\u3088\u308a\u3082\u4f4e\u4fa1\u683c\u3067\u63d0\u4f9b\u3059\u308b\u4f01\u696d\u306f\u3001\u5fc5\u8981\u304b\u3064\u95a2\u9023\u3059\u308b\u898f\u5236\u3084\u5b89\u5168\u30ac\u30a4\u30c9\u30e9\u30a4\u30f3\u3092\u9075\u5b88\u3059\u308b\u3053\u3068\u304c\u56f0\u96e3\u3067\u3059\u3002\u3053\u308c\u306b\u306f\u3001DGUV 3\u304a\u3088\u3073VDE 0701\/0702\u306b\u6e96\u62e0\u3057\u305f\u96fb\u6c17\u6a5f\u5668\u306e\u5fc5\u8981\u306a\u5b9a\u671f\u691c\u67fb\u3001DGUV 17\u3001BGI 810\u304a\u3088\u3073DIN 15750\u306e\u5c65\u884c\u304c\u542b\u307e\u308c\u307e\u3059\u3002<\/p>\n<\/div>\n<p>[\u30af\u30ea\u30a2\uff3d<\/p>\n<\/div>\n<p>[spacer size=\"20\u2033]<\/p>\n<div class=\"kasten-zehn\">\n<div class=\"kastenlinks\">\n<span class=\"zahl\">9.<\/span><\/div>\n<div class=\"kastenrechts\">\n<h1>PCS\u306f\u7d04\u675f\u3059\u308b<\/h1>\n<p>PCS\u306f\u3001\u901a\u8a33\u8005\u3001\u4f1a\u8b70\u5834\u904b\u55b6\u8005\u3001\u6280\u8853\u8005\u3001\u73fe\u5730\u30de\u30cd\u30fc\u30b8\u30e3\u30fc\u306e\u5229\u76ca\u306e\u305f\u3081\u306b\u5c3d\u529b\u3057\u3066\u3044\u307e\u3059\u3002\u901a\u8a33\u8005\u5354\u4f1a\u3068\u5bc6\u63a5\u306b\u5354\u529b\u3057\u3001\u30e1\u30c7\u30a3\u30a2\u30fb\u30a4\u30d9\u30f3\u30c8\u6280\u8853\u5354\u4f1a\u3067\u3082\u7a4d\u6975\u7684\u306b\u6d3b\u52d5\u3057\u3066\u3044\u307e\u3059\u3002\u79c1\u305f\u3061\u306f\u3001\u2013\u306e\u67a0\u3092\u8d85\u3048\u305f\u5b8c\u74a7\u306a\u30b3\u30df\u30e5\u30cb\u30b1\u30fc\u30b7\u30e7\u30f3\u306b\u52aa\u3081\u3066\u3044\u307e\u3059\u3002\u4f1a\u8b70\u306e\u5c02\u9580\u7528\u8a9e\u304c\u308f\u304b\u3089\u306a\u3044\u5834\u5408\u306f\u3001\u3053\u3061\u3089\u3092\u3054\u89a7\u304f\u3060\u3055\u3044\uff1a <a href=\"\/ja\/%e8%be%9e%e6%9b%b8\/\" title=\"www.konferenztechnik.de\/lexikon\">www.konferenztechnik.de\/lexikon<\/a><\/p>\n<\/div>\n<p>[\u30af\u30ea\u30a2\uff3d<\/p>\n<\/div>\n<p>[spacer size=\"20\u2033]<\/p>\n<div class=\"kasten-zehn\">\n<div class=\"kastenlinks\">\n<span class=\"zahl\">10.<\/span><\/div>\n<div class=\"kastenrechts\">\n<h1>PCS\u306f\u9769\u65b0\u7684<\/h1>\n<p>\u79c1\u305f\u3061\u306f\u3001\u9ad8\u5ea6\u306a\u6280\u8853\u7684\u5c02\u9580\u77e5\u8b58\u304c\u3042\u3063\u3066\u3053\u305d\u3001\u5c06\u6765\u306e\u8981\u4ef6\u3092\u6e80\u305f\u3059\u3053\u3068\u304c\u3067\u304d\u308b\u3068\u8a8d\u8b58\u3057\u3066\u3044\u307e\u3059\u3002PCS\u306f\u3001\u30c9\u30a4\u30c4\u3067\u521d\u3081\u3066\u30ef\u30a4\u30e4\u30ec\u30b9\u540c\u6642\u901a\u8a71\u6280\u8853\u3092\u63a1\u7528\u3057\u305f\u4f01\u696d\u3067\u3042\u308a\u3001\u901a\u8a33\u8005\u306e\u30cb\u30fc\u30ba\u306b\u7684\u78ba\u306b\u5bfe\u5fdc\u3057\u305f\u65b0\u3057\u3044\u901a\u8a33\u30b7\u30b9\u30c6\u30e0\u3092\u30d9\u30a4\u30e4\u30fc\u30c0\u30a4\u30ca\u30df\u30c3\u30af\u793e\u3068\u5171\u540c\u958b\u767a\u3057\u3001\u30dc\u30c3\u30b7\u30e5\u3001\u30b7\u30e5\u30a2\u30fc\u3001\u30bc\u30f3\u30cf\u30a4\u30b6\u30fc\u306a\u3069\u306e\u30e1\u30fc\u30ab\u30fc\u3068\u5bc6\u63a5\u306b\u7814\u7a76\u958b\u767a\u306b\u643a\u308f\u3063\u3066\u3044\u307e\u3059\u3002<\/p>\n<p>\u4f1a\u8b70\u6280\u8853\u306e\u54c1\u8cea\u3068\u5fdc\u7528\u306e\u53ef\u80fd\u6027\u306f\u3001\u7740\u5b9f\u304b\u3064\u6025\u901f\u306b\u9ad8\u307e\u3063\u3066\u3044\u307e\u3059\u3002PCS\u306f\u30c9\u30a4\u30c4\u56fd\u5185\u3060\u3051\u3067\u306a\u304f\u3001\u4e16\u754c\u5404\u56fd\u3068\u306e\u5354\u529b\u95a2\u4fc2\u3092\u901a\u3058\u3066\u3001\u3053\u306e\u767a\u5c55\u306b\u8ca2\u732e\u3057\u3066\u3044\u307e\u3059\u3002<\/p>\n<\/div>\n<p>[\u30af\u30ea\u30a2\uff3d<\/p>\n<\/div>\n<p>[spacer size=\"20\u2033]<\/p>\n<div class=\"kasten-zehn\">\n<div class=\"kastenlinks\">\n<span class=\"zahl\">+<\/span><\/div>\n<div class=\"kastenrechts\">\n<h1>\u9867\u5ba2\u6e80\u8db3\u5ea6<\/h1>\n<p>\u9867\u5ba2\u6e80\u8db3\u306e\u6975\u610f\u306f\u3001\u79c1\u305f\u3061\u306b\u3068\u3063\u3066\u81ea\u660e\u306e\u3053\u3068\u3067\u3042\u308a\u3001\u79c1\u305f\u3061\u306e\u30c8\u30c3\u30d710\u306b\u306f\u5e38\u306b\u6319\u3052\u3089\u308c\u3066\u3044\u307e\u305b\u3093\u3002\u304a\u5ba2\u69d8\u3001\u30b5\u30d7\u30e9\u30a4\u30e4\u30fc\u3001\u5f93\u696d\u54e1\u3068\u306e\u516c\u6b63\u3067\u5354\u529b\u7684\u306a\u53d6\u5f15\u306f\u3001\u304a\u5ba2\u69d8\u306e\u30d7\u30ed\u30b8\u30a7\u30af\u30c8\u6210\u529f\u306e\u4fdd\u8a3c\u3067\u3042\u308a\u3001\u5f53\u793e\u306e\u9577\u671f\u7684\u6210\u529f\u306e\u6226\u7565\u7684\u57fa\u76e4\u3067\u3059\u3002<\/p>\n<\/div>\n<p>[\u30af\u30ea\u30a2\uff3d<\/p>\n<\/div>\n<p>[spacer size=\"20\u2033]<\/p>\n<\/div>","protected":false},"excerpt":{"rendered":"<p>10 gute Gr\u00fcnde f\u00fcr PCS [spacer size=&#8220;10&#8243;] 1. PCS ist der Qualit\u00e4tsanbieter f\u00fcr Konferenztechnik Seit 1995 ist PCS der Experte f\u00fcr Dolmetscheranlagen, Diskussionsanlagen, F\u00fchrungsanlagen, Abstimmanlagen und Konferenztechnik. Wir bieten Ihnen verl\u00e4ssliche Planung, professionelle L\u00f6sungen und sorgf\u00e4ltigste Auftragsausf\u00fchrung. Dienstleistung wird bei uns immer gro\u00dfgeschrieben. Mit j\u00e4hrlich mehr als 1.500 ausgerichteten internationalen Konferenzen und Festinstallationen geh\u00f6rt PCS zu den gr\u00f6\u00dften Dienstleistern der Branche weltweit. [clear] [spacer size=&#8220;20&#8243;] 2. PCS bietet vollen Service in allen Bereichen der Konferenztechnik Vermietung von Konferenztechnik Installation und Integration von Konferenztechnik und Mediensystemen Vertrieb von Konferenz- und AV-Medientechnik Betreuung Events Sonderanfertigungen, Wartungen und Reparaturen Schulungen und Service f\u00fcr Dolmetscherinnen und Dolmetscher [clear] [spacer size=&#8220;20&#8243;] 3. PCS setzt auf [&hellip;]<\/p>","protected":false},"author":1,"featured_media":45482,"parent":12,"menu_order":235,"comment_status":"closed","ping_status":"open","template":"","meta":{"_acf_changed":false,"footnotes":""},"class_list":["post-786","page","type-page","status-publish","has-post-thumbnail","hentry"],"acf":[],"_links":{"self":[{"href":"https:\/\/konferenztechnik.de\/ja\/wp-json\/wp\/v2\/pages\/786","targetHints":{"allow":["GET"]}}],"collection":[{"href":"https:\/\/konferenztechnik.de\/ja\/wp-json\/wp\/v2\/pages"}],"about":[{"href":"https:\/\/konferenztechnik.de\/ja\/wp-json\/wp\/v2\/types\/page"}],"author":[{"embeddable":true,"href":"https:\/\/konferenztechnik.de\/ja\/wp-json\/wp\/v2\/users\/1"}],"replies":[{"embeddable":true,"href":"https:\/\/konferenztechnik.de\/ja\/wp-json\/wp\/v2\/comments?post=786"}],"version-history":[{"count":0,"href":"https:\/\/konferenztechnik.de\/ja\/wp-json\/wp\/v2\/pages\/786\/revisions"}],"up":[{"embeddable":true,"href":"https:\/\/konferenztechnik.de\/ja\/wp-json\/wp\/v2\/pages\/12"}],"wp:featuredmedia":[{"embeddable":true,"href":"https:\/\/konferenztechnik.de\/ja\/wp-json\/wp\/v2\/media\/45482"}],"wp:attachment":[{"href":"https:\/\/konferenztechnik.de\/ja\/wp-json\/wp\/v2\/media?parent=786"}],"curies":[{"name":"wp","href":"https:\/\/api.w.org\/{rel}","templated":true}]}}