{"id":8918,"date":"2017-02-08T13:29:02","date_gmt":"2017-02-08T12:29:02","guid":{"rendered":"https:\/\/www.konferenztechnik.de\/?page_id=8918\/"},"modified":"2023-07-04T15:31:12","modified_gmt":"2023-07-04T13:31:12","slug":"%e3%82%aa%e3%83%bc%e3%83%87%e3%82%a3%e3%82%aa%e3%83%91%e3%83%83%e3%82%af%e3%82%b5%e3%82%a4%e3%83%ac%e3%83%b3%e3%83%889300mkii","status":"publish","type":"page","link":"https:\/\/konferenztechnik.de\/ja\/%e3%82%aa%e3%83%bc%e3%83%87%e3%82%a3%e3%82%aa%e3%83%91%e3%83%83%e3%82%af%e3%82%b5%e3%82%a4%e3%83%ac%e3%83%b3%e3%83%889300mkii\/","title":{"rendered":"\u30aa\u30fc\u30c7\u30a3\u30aa\u30d1\u30c3\u30af\u30b5\u30a4\u30ec\u30f3\u30c89300MKII"},"content":{"rendered":"<div data-elementor-type=\"wp-page\" data-elementor-id=\"8918\" class=\"elementor elementor-8918\" data-elementor-post-type=\"page\">\n\t\t\t\t<div data-particle_enable=\"false\" data-particle-mobile-disabled=\"false\" class=\"elementor-element elementor-element-68f9f91 e-flex e-con-boxed e-con e-parent\" data-id=\"68f9f91\" data-element_type=\"container\">\n\t\t\t\t\t<div class=\"e-con-inner\">\n\t\t<div data-particle_enable=\"false\" data-particle-mobile-disabled=\"false\" class=\"elementor-element elementor-element-604bc16 e-flex e-con-boxed e-con e-parent\" data-id=\"604bc16\" data-element_type=\"container\">\n\t\t\t\t\t<div class=\"e-con-inner\">\n\t\t\t\t<div class=\"elementor-element elementor-element-966ff93 elementor-widget elementor-widget-heading\" data-id=\"966ff93\" data-element_type=\"widget\" data-settings=\"{&quot;_animation&quot;:&quot;none&quot;}\" data-widget_type=\"heading.default\">\n\t\t\t\t<div class=\"elementor-widget-container\">\n\t\t\t\t\t<h1 class=\"elementor-heading-title elementor-size-default\">Audipack Silent 9300 MK II \u901a\u8a33\u30d6\u30fc\u30b9\u306e\u3054\u8cfc\u5165\u3001\u30ec\u30f3\u30bf\u30eb\u3001\u30ea\u30fc\u30b9<\/h1>\t\t\t\t<\/div>\n\t\t\t\t<\/div>\n\t\t\t\t\t<\/div>\n\t\t\t\t<\/div>\n\t\t<div data-particle_enable=\"false\" data-particle-mobile-disabled=\"false\" class=\"elementor-element elementor-element-bb09329 e-grid e-con-boxed e-con e-parent\" data-id=\"bb09329\" data-element_type=\"container\">\n\t\t\t\t\t<div class=\"e-con-inner\">\n\t\t\t\t<div class=\"elementor-element elementor-element-abfa810 elementor-widget elementor-widget-image\" data-id=\"abfa810\" data-element_type=\"widget\" data-widget_type=\"image.default\">\n\t\t\t\t<div class=\"elementor-widget-container\">\n\t\t\t\t\t\t\t\t\t\t\t\t\t\t\t<img fetchpriority=\"high\" decoding=\"async\" width=\"800\" height=\"600\" src=\"https:\/\/konferenztechnik.de\/wp-content\/uploads\/2013\/09\/9300-Interpreter-booth.jpg\" class=\"attachment-large size-large wp-image-3475\" alt=\"\u30aa\u30fc\u30c7\u30a3\u30d1\u30c3\u30af\u901a\u8a33\u30d6\u30fc\u30b9 \u30b5\u30a4\u30ec\u30f3\u30c89300\" srcset=\"https:\/\/konferenztechnik.de\/wp-content\/uploads\/2013\/09\/9300-Interpreter-booth.jpg 800w, https:\/\/konferenztechnik.de\/wp-content\/uploads\/2013\/09\/9300-Interpreter-booth-300x225.jpg 300w, https:\/\/konferenztechnik.de\/wp-content\/uploads\/2013\/09\/9300-Interpreter-booth-768x576.jpg 768w\" sizes=\"(max-width: 800px) 100vw, 800px\" title=\"\">\t\t\t\t\t\t\t\t\t\t\t\t\t\t\t<\/div>\n\t\t\t\t<\/div>\n\t\t\t\t<div class=\"elementor-element elementor-element-8b0af73 content-align-cta-default elementor-widget elementor-widget-eael-cta-box\" data-id=\"8b0af73\" data-element_type=\"widget\" data-widget_type=\"eael-cta-box.default\">\n\t\t\t\t<div class=\"elementor-widget-container\">\n\t\t\t\t\t\t\t<div class=\"eael-call-to-action cta-basic bg-lite cta-preset-1\">\n        <h2 class=\"title eael-cta-heading\">\u30aa\u30fc\u30c7\u30a3\u30d1\u30c3\u30af\u30fb\u30b5\u30a4\u30ec\u30f3\u30c89300 MK II<\/h2><p>9300 MK II\u306f\u88fd\u9020\u4e2d\u6b62<\/p><p>\u5f8c\u7d99\u6a5f\u306f\u30b5\u30a4\u30ec\u30f3\u30c89600<\/p><p>9600\u306f\u6700\u65b0\u898f\u683c\u306b\u6e96\u62e0<\/p><a href=\"https:\/\/konferenztechnik.de\/ja\/%e3%82%aa%e3%83%bc%e3%83%87%e3%82%a3%e3%83%91%e3%83%83%e3%82%af%e3%83%bb%e3%82%b5%e3%82%a4%e3%83%ac%e3%83%b3%e3%83%889600-%e8%b3%bc%e5%85%a5-%e3%83%ac%e3%83%b3%e3%82%bf%e3%83%ab-%e3%83%aa%e3%83%bc\/\" class=\"cta-button cta-preset-1\">\u30b5\u30a4\u30ec\u30f3\u30c89600\u3092\u898b\u308b<\/a>\t<\/div>\n\t\t\t\t\t\t\t\t<\/div>\n\t\t\t\t<\/div>\n\t\t\t\t\t<\/div>\n\t\t\t\t<\/div>\n\t\t<div data-particle_enable=\"false\" data-particle-mobile-disabled=\"false\" class=\"elementor-element elementor-element-0684704 e-flex e-con-boxed e-con e-parent\" data-id=\"0684704\" data-element_type=\"container\">\n\t\t\t\t\t<div class=\"e-con-inner\">\n\t\t\t\t<div class=\"elementor-element elementor-element-83733a1 elementor-widget__width-inherit elementor-widget elementor-widget-text-editor\" data-id=\"83733a1\" data-element_type=\"widget\" data-widget_type=\"text-editor.default\">\n\t\t\t\t<div class=\"elementor-widget-container\">\n\t\t\t\t\t\t\t\t\t<p>Audipack Silent 9300\u901a\u8a33\u30d6\u30fc\u30b9\u306f2018\u5e74\u3088\u308a\u8ca9\u58f2\u7d42\u4e86\u3068\u306a\u308a\u307e\u3057\u305f\u3002\u305d\u306e\u7406\u7531\u306f2016\u5e74\u672b\u306b\u767a\u8868\u3055\u308c\u305fISO\u898f\u683c\u306e\u6539\u5584\u3067\u3059\u3002\u305d\u306e\u305f\u3081\u3001\u30b5\u30a4\u30ec\u30f3\u30c8\u30b7\u30ea\u30fc\u30ba9300\u306a\u3069\u306e\u65e2\u5b58\u30e2\u30c7\u30eb\u30b7\u30ea\u30fc\u30ba\u3082\u6539\u826f\u304c\u52a0\u3048\u3089\u308c\u3066\u3044\u308b\u3002\u8fd1\u5e74\u3001\u4f1a\u8b70\u6280\u8853\u306e\u30ea\u30d5\u30a1\u30ec\u30f3\u30b9\u3068\u3057\u3066\u306e\u5730\u4f4d\u3092\u78ba\u7acb\u3057\u305fAudipack Silent 9300\u306e\u5f8c\u7d99\u30e2\u30c7\u30eb\u304c\u3001\u65b0\u578bAudipack Silent 9600\u3067\u3059\u3002<\/p>\t\t\t\t\t\t\t\t<\/div>\n\t\t\t\t<\/div>\n\t\t\t\t<div class=\"elementor-element elementor-element-ee1ea0d elementor-widget elementor-widget-heading\" data-id=\"ee1ea0d\" data-element_type=\"widget\" data-settings=\"{&quot;_animation&quot;:&quot;none&quot;}\" data-widget_type=\"heading.default\">\n\t\t\t\t<div class=\"elementor-widget-container\">\n\t\t\t\t\t<h2 class=\"elementor-heading-title elementor-size-default\">\u65b0\u578b\u901a\u8a33\u30d6\u30fc\u30b9\u300cAudipack Silent 9600<\/h2>\t\t\t\t<\/div>\n\t\t\t\t<\/div>\n\t\t\t\t<div class=\"elementor-element elementor-element-5255fa7 elementor-widget__width-inherit elementor-widget elementor-widget-text-editor\" data-id=\"5255fa7\" data-element_type=\"widget\" data-widget_type=\"text-editor.default\">\n\t\t\t\t<div class=\"elementor-widget-container\">\n\t\t\t\t\t\t\t\t\t<p>\u30b5\u30a4\u30ec\u30f3\u30c89600\u306f\u3001\u30b5\u30a4\u30ec\u30f3\u30c89300\u3068\u6bd4\u8f03\u3057\u3066\u3001\u7279\u306b\u906e\u97f3\u6027\u304c\u5411\u4e0a\u3057\u3001\u8996\u91ce\u7a93\u304c\u5927\u304d\u304f\u306a\u308a\u3001\u5929\u4e95\u7167\u660e\u304cLED\u306b\u306a\u308a\u307e\u3057\u305f\u3002\u307e\u305f\u3001\u30aa\u30d7\u30b7\u30e7\u30f3\u3067\u7a7a\u6c17\u8cea\u30e2\u30cb\u30bf\u30ea\u30f3\u30b0\u3082\u53ef\u80fd\u3067\u3059\u3002\u65b0\u3057\u3044Audipack Silent 9600\u306f\u3001\u79fb\u52d5\u5f0f\u901a\u8a33\u30d6\u30fc\u30b9\u306b\u95a2\u3059\u308b\u6700\u65b0\u306eISO\u898f\u683c\uff08ISO 4043:2016\uff09\u306b\u6e96\u62e0\u3057\u3066\u3044\u307e\u3059\u3002Audipack Silent 9600\u901a\u8a33\u30d6\u30fc\u30b9\u306f\u73fe\u5728\u3001PCS\u5009\u5eab\u304b\u3089\u5373\u7d0d\u53ef\u80fd\u3067\u3059\u3002<\/p>\t\t\t\t\t\t\t\t<\/div>\n\t\t\t\t<\/div>\n\t\t\t\t<div class=\"elementor-element elementor-element-7327639 elementor-widget__width-auto elementor-widget elementor-widget-button\" data-id=\"7327639\" data-element_type=\"widget\" data-widget_type=\"button.default\">\n\t\t\t\t<div class=\"elementor-widget-container\">\n\t\t\t\t\t\t\t\t\t<div class=\"elementor-button-wrapper\">\n\t\t\t\t\t<a class=\"elementor-button elementor-button-link elementor-size-sm\" href=\"https:\/\/konferenztechnik.de\/ja\/%e3%82%aa%e3%83%bc%e3%83%87%e3%82%a3%e3%83%91%e3%83%83%e3%82%af%e3%83%bb%e3%82%b5%e3%82%a4%e3%83%ac%e3%83%b3%e3%83%889600-%e8%b3%bc%e5%85%a5-%e3%83%ac%e3%83%b3%e3%82%bf%e3%83%ab-%e3%83%aa%e3%83%bc\/\">\n\t\t\t\t\t\t<span class=\"elementor-button-content-wrapper\">\n\t\t\t\t\t\t\t\t\t<span class=\"elementor-button-text\">\u30b5\u30a4\u30ec\u30f3\u30c89600\u306b\u76f4\u63a5\u63a5\u7d9a<\/span>\n\t\t\t\t\t<\/span>\n\t\t\t\t\t<\/a>\n\t\t\t\t<\/div>\n\t\t\t\t\t\t\t\t<\/div>\n\t\t\t\t<\/div>\n\t\t\t\t\t<\/div>\n\t\t\t\t<\/div>\n\t\t\t\t<div class=\"elementor-element elementor-element-811c454 elementor-widget elementor-widget-shortcode\" data-id=\"811c454\" data-element_type=\"widget\" data-widget_type=\"shortcode.default\">\n\t\t\t\t<div class=\"elementor-widget-container\">\n\t\t\t\t\t\t\t<div class=\"elementor-shortcode\"><\/div>\n\t\t\t\t\t\t<\/div>\n\t\t\t\t<\/div>\n\t\t\t\t\t<\/div>\n\t\t\t\t<\/div>\n\t\t<div data-particle_enable=\"false\" data-particle-mobile-disabled=\"false\" class=\"elementor-element elementor-element-a15df91 e-flex e-con-boxed e-con e-parent\" data-id=\"a15df91\" data-element_type=\"container\">\n\t\t\t\t\t<div class=\"e-con-inner\">\n\t\t\t\t<div class=\"elementor-element elementor-element-056b8e1 elementor-widget elementor-widget-shortcode\" data-id=\"056b8e1\" data-element_type=\"widget\" data-widget_type=\"shortcode.default\">\n\t\t\t\t<div class=\"elementor-widget-container\">\n\t\t\t\t\t\t\t<div class=\"elementor-shortcode\"><\/div>\n\t\t\t\t\t\t<\/div>\n\t\t\t\t<\/div>\n\t\t\t\t\t<\/div>\n\t\t\t\t<\/div>\n\t\t\t\t<\/div>","protected":false},"excerpt":{"rendered":"<p>Audipack Silent 9300 MK II Dolmetscherkabinen kaufen, mieten oder leasen Audipack Silent 9300 MK II Die 9300 MK II wird nicht mehr hergestellt Nachfolgerin ist die Silent 9600 Die 9600 entspricht neusten Normen Silent 9600 ansehen Die Dolmetschkabine Audipack Silent 9300 MK II wird seit 2018 nicht mehr hergestellt. Der Grund daf\u00fcr ist eine verbesserte ISO-Norm, die Ende 2016 ver\u00f6ffentlicht wurde. Aus diesem Grund wurden bestehende Modellreihen wie die Silent Series 9300 MK II \u00fcberarbeitet und verbessert. Das Nachfolgemodell der Audipack Silent 9300 MK II, die sich in den letzten Jahren als Referenz in der Konferenztechnik etabliert hat, ist die neue Audipack Silent 9600. Neues Modell: Audipack Silent 9600 Dolmetschkabine [&hellip;]<\/p>","protected":false},"author":1,"featured_media":45482,"parent":0,"menu_order":0,"comment_status":"closed","ping_status":"closed","template":"","meta":{"_acf_changed":false,"footnotes":""},"class_list":["post-8918","page","type-page","status-publish","has-post-thumbnail","hentry"],"acf":[],"_links":{"self":[{"href":"https:\/\/konferenztechnik.de\/ja\/wp-json\/wp\/v2\/pages\/8918","targetHints":{"allow":["GET"]}}],"collection":[{"href":"https:\/\/konferenztechnik.de\/ja\/wp-json\/wp\/v2\/pages"}],"about":[{"href":"https:\/\/konferenztechnik.de\/ja\/wp-json\/wp\/v2\/types\/page"}],"author":[{"embeddable":true,"href":"https:\/\/konferenztechnik.de\/ja\/wp-json\/wp\/v2\/users\/1"}],"replies":[{"embeddable":true,"href":"https:\/\/konferenztechnik.de\/ja\/wp-json\/wp\/v2\/comments?post=8918"}],"version-history":[{"count":0,"href":"https:\/\/konferenztechnik.de\/ja\/wp-json\/wp\/v2\/pages\/8918\/revisions"}],"wp:featuredmedia":[{"embeddable":true,"href":"https:\/\/konferenztechnik.de\/ja\/wp-json\/wp\/v2\/media\/45482"}],"wp:attachment":[{"href":"https:\/\/konferenztechnik.de\/ja\/wp-json\/wp\/v2\/media?parent=8918"}],"curies":[{"name":"wp","href":"https:\/\/api.w.org\/{rel}","templated":true}]}}