{"id":9032,"date":"2017-02-14T15:14:06","date_gmt":"2017-02-14T14:14:06","guid":{"rendered":"https:\/\/www.konferenztechnik.de\/?page_id=9032\/"},"modified":"2017-02-14T15:14:06","modified_gmt":"2017-02-14T14:14:06","slug":"%e3%82%a4%e3%83%99%e3%83%b3%e3%83%88%e7%94%a8%e5%93%81-%e4%bc%9a%e8%ad%b0%e7%94%a8%e5%93%81-%e3%83%ac%e3%83%b3%e3%82%bf%e3%83%ab-%e8%b3%bc%e5%85%a5","status":"publish","type":"page","link":"https:\/\/konferenztechnik.de\/ja\/%e3%82%a4%e3%83%99%e3%83%b3%e3%83%88%e7%94%a8%e5%93%81-%e4%bc%9a%e8%ad%b0%e7%94%a8%e5%93%81-%e3%83%ac%e3%83%b3%e3%82%bf%e3%83%ab-%e8%b3%bc%e5%85%a5\/","title":{"rendered":"\u30d9\u30eb\u30ea\u30f3\uff06\u30df\u30e5\u30f3\u30d8\u30f3\u306e\u30a4\u30d9\u30f3\u30c8\uff06\u4f1a\u8b70\u30c6\u30af\u30ce\u30ed\u30b8\u30fc\u306e\u30ec\u30f3\u30bf\u30eb\uff0f\u8cfc\u5165"},"content":{"rendered":"<h1>\u30d9\u30eb\u30ea\u30f3\u3068\u30df\u30e5\u30f3\u30d8\u30f3\u306e\u30a4\u30d9\u30f3\u30c8\u30fb\u4f1a\u8b70\u30c6\u30af\u30ce\u30ed\u30b8\u30fc\u306e\u30ec\u30f3\u30bf\u30eb\u3068\u8cfc\u5165<\/h1>\n<div class=\"call-action-slider-img\">\n<img fetchpriority=\"high\" decoding=\"async\" width=\"1200\" height=\"610\" src=\"https:\/\/konferenztechnik.de\/wp-content\/uploads\/2016\/10\/dolmetscherkabinen-mieten.jpg\" alt=\"PCS GmbH\u306e\u4f1a\u8b70\u6280\u8853\u30ec\u30f3\u30bf\u30eb\" class=\"alignleft size-full wp-image-8570\" title=\"\" srcset=\"https:\/\/konferenztechnik.de\/wp-content\/uploads\/2016\/10\/dolmetscherkabinen-mieten.jpg 1200w, https:\/\/konferenztechnik.de\/wp-content\/uploads\/2016\/10\/dolmetscherkabinen-mieten-300x153.jpg 300w, https:\/\/konferenztechnik.de\/wp-content\/uploads\/2016\/10\/dolmetscherkabinen-mieten-1024x521.jpg 1024w, https:\/\/konferenztechnik.de\/wp-content\/uploads\/2016\/10\/dolmetscherkabinen-mieten-768x390.jpg 768w\" sizes=\"(max-width: 1200px) 100vw, 1200px\" \/><br \/>\n<button class=\"btn popmake-9771\">\u898b\u7a4d\u3082\u308a\u3092\u4f9d\u983c\u3059\u308b<br \/>1\u6642\u9593\u4ee5\u5185<br \/>\u4e00\u7dd2\u306b&amp;#x9B\uff1b<\/button>\n<\/div>\n<p>1995\u5e74\u4ee5\u6765\u3001\u30d9\u30eb\u30ea\u30f3\u3001\u30df\u30e5\u30f3\u30d8\u30f3\u3001\u30c7\u30e5\u30c3\u30bb\u30eb\u30c9\u30eb\u30d5\u3001\u30cf\u30a4\u30eb\u30d6\u30ed\u30f3\u306b4\u3064\u306e\u62e0\u70b9\u3092\u6301\u3064\u9769\u65b0\u7684\u4f01\u696dPCS Konferenztechnik\u306f\u3001\u6700\u9ad8\u54c1\u8cea\u306e\u4f1a\u8b70\u30fb\u30a4\u30d9\u30f3\u30c8\u6280\u8853\u3092\u63d0\u4f9b\u3057\u3066\u304d\u307e\u3057\u305f\u3002<\/p>\n<p>\u540c\u793e\u306f\u3001\u4f1a\u8b70\u6280\u8853\u306e\u30ec\u30f3\u30bf\u30eb\u3084\u8cfc\u5165\u3001\u5c02\u9580\u7684\u306a\u8a2d\u7f6e\u5de5\u4e8b\u3092\u3054\u5e0c\u671b\u306e\u304a\u5ba2\u69d8\u306e\u30d1\u30fc\u30c8\u30ca\u30fc\u3067\u3059\u3002\u30b5\u30dd\u30fc\u30c8\u306b\u306f\u4f1a\u8b70\u30b7\u30b9\u30c6\u30e0\u4e00\u5f0f\u3001\u30a4\u30d9\u30f3\u30c8\u6280\u8853\u3001AV\u30e1\u30c7\u30a3\u30a2\u6280\u8853\u304c\u542b\u307e\u308c\u308b\u3002\u304a\u5ba2\u69d8\u306b\u306f\u3001\u4f1a\u8b70\u6a5f\u5668\u3084\u30a4\u30d9\u30f3\u30c8\u6280\u8853\u306e\u30ec\u30f3\u30bf\u30eb\u306b\u95a2\u3059\u308b\u3042\u3089\u3086\u308b\u5206\u91ce\u306e\u30d5\u30eb\u30b5\u30fc\u30d3\u30b9\u3092\u63d0\u4f9b\u3057\u3066\u3044\u307e\u3059\u3002\u30d9\u30eb\u30ea\u30f3\u3001\u30df\u30e5\u30f3\u30d8\u30f3\u3001\u30c7\u30e5\u30c3\u30bb\u30eb\u30c9\u30eb\u30d5\u3001\u30cf\u30a4\u30eb\u30d6\u30ed\u30f3\u306b\u3042\u308b4\u3064\u306e\u62e0\u70b9\u3067\u306f\u3001\u5e45\u5e83\u3044\u30e1\u30fc\u30ab\u30fc\u3068\u30b7\u30b9\u30c6\u30e0\u3092\u63d0\u4f9b\u3057\u3066\u3044\u308b\u3002\u3082\u3061\u308d\u3093\u3001\u4f1a\u8b70\u30b7\u30b9\u30c6\u30e0\u3084\u30a4\u30d9\u30f3\u30c8\u30fb\u30c6\u30af\u30ce\u30ed\u30b8\u30fc\u306e\u8a2d\u7f6e\u30fb\u7d71\u5408\u3082\u3001\u69cb\u9020\u7684\u306a\u6761\u4ef6\u306b\u5fdc\u3058\u3066\u8003\u616e\u3055\u308c\u307e\u3059\u3002<\/p>\n<p>\u5f53\u793e\u306e\u6280\u8853\u8005\u306f\u3001\u30d9\u30eb\u30ea\u30f3\u3001\u30df\u30e5\u30f3\u30d8\u30f3\u3001\u30c7\u30e5\u30c3\u30bb\u30eb\u30c9\u30eb\u30d5\u3001\u30cf\u30a4\u30eb\u30d6\u30ed\u30f3\u3001\u305d\u3057\u3066\u4e16\u754c\u4e2d\u3067\u559c\u3093\u3067\u50cd\u304d\u307e\u3059\u3002PCS GmbH\u306f\u3001\u7279\u306b\u30d9\u30eb\u30ea\u30f3\u3001\u30df\u30e5\u30f3\u30d8\u30f3\u3001\u305d\u3057\u3066\u4e16\u754c\u4e2d\u3067\u3001\u6280\u8853\u306e\u8ca9\u58f2\u3084\u30a4\u30d9\u30f3\u30c8\u306e\u30b5\u30dd\u30fc\u30c8\u3092\u559c\u3093\u3067\u5f15\u304d\u53d7\u3051\u307e\u3059\u3002\u3082\u3061\u308d\u3093\u3001\u30e1\u30f3\u30c6\u30ca\u30f3\u30b9\u3001\u4fee\u7406\u3001\u30ab\u30b9\u30bf\u30de\u30a4\u30ba\u88fd\u54c1\u3082\u5f53\u793e\u306e\u30b5\u30fc\u30d3\u30b9\u306e\u4e00\u90e8\u3067\u3059\u3002<\/p>\n<h2>\u4f1a\u8b70\u30c6\u30af\u30ce\u30ed\u30b8\u30fc\u306e\u30ec\u30f3\u30bf\u30eb\u3001\u30a4\u30d9\u30f3\u30c8\u30c6\u30af\u30ce\u30ed\u30b8\u30fc\u306e\u30ec\u30f3\u30bf\u30eb<\/h2>\n<p>\u4f1a\u8b70\u6280\u8853\u3060\u3051\u3067\u306a\u304f\u3001\u30e1\u30c7\u30a3\u30a2\u6280\u8853\u3001\u30a4\u30d9\u30f3\u30c8\u6280\u8853\u3001\u901a\u8a33\u6280\u8853\u306e\u30ec\u30f3\u30bf\u30eb\u3082\u53ef\u80fd\u3067\u3059\u3002\u5f53\u793e\u306e\u6280\u8853\u8005\u304c\u3001\u4f1a\u8b70\u6a5f\u5668\u306e\u30ec\u30f3\u30bf\u30eb\u306b\u5fc5\u8981\u306a\u30b5\u30dd\u30fc\u30c8\u3092\u63d0\u4f9b\u3044\u305f\u3057\u307e\u3059\u3002\u30b7\u30f3\u30d7\u30eb\u306a\u30de\u30a4\u30af\u304b\u3089\u59cb\u307e\u308a\u300132\u30f6\u56fd\u8a9e\u5bfe\u5fdc\u306e\u540c\u6642\u901a\u8a33\u6a5f\u5668\u307e\u3067\u3001\u5e45\u5e83\u3044\u30e9\u30a4\u30f3\u30ca\u30c3\u30d7\u3092\u53d6\u308a\u63c3\u3048\u3066\u3044\u307e\u3059\u3002PCS GmbH\u306f\u3001\u304a\u5ba2\u69d8\u306e\u30a4\u30d9\u30f3\u30c8\u3092\u6210\u529f\u306b\u5c0e\u304f\u305f\u3081\u3001\u3054\u5e0c\u671b\u306e\u30a4\u30d9\u30f3\u30c8\u306b\u57fa\u3065\u3044\u305f\u5c02\u9580\u7684\u306a\u30a2\u30c9\u30d0\u30a4\u30b9\u3092\u63d0\u4f9b\u3057\u307e\u3059\u3002\u30c7\u30a3\u30b9\u30ab\u30c3\u30b7\u30e7\u30f3\u30b7\u30b9\u30c6\u30e0\u3001\u901a\u8a33\u30b7\u30b9\u30c6\u30e0\u3001\u30ac\u30a4\u30c9\u30b7\u30b9\u30c6\u30e0\u3001TED\u30b7\u30b9\u30c6\u30e0\u3001\u30aa\u30fc\u30c7\u30a3\u30aa\u30fb\u30d3\u30c7\u30aa\u6280\u8853\u3001\u30aa\u30fc\u30c7\u30a3\u30aa\u3001\u30d3\u30c7\u30aa\u3001\u30c7\u30fc\u30bf\u30b9\u30c8\u30ea\u30fc\u30df\u30f3\u30b0\u3092\u30ec\u30f3\u30bf\u30eb\u3059\u308b\u3053\u3068\u304c\u3067\u304d\u307e\u3059\u3002\u30d9\u30eb\u30ea\u30f3\u3001\u30df\u30e5\u30f3\u30d8\u30f3\u3001\u30c7\u30e5\u30c3\u30bb\u30eb\u30c9\u30eb\u30d5\u3001\u30cf\u30a4\u30eb\u30d6\u30ed\u30f3\u3067\u30c6\u30af\u30ce\u30ed\u30b8\u30fc\u3092\u8a73\u3057\u304f\u3054\u89a7\u3044\u305f\u3060\u3051\u307e\u3059\u3002<\/p>\n<h2><strong>PCS GmbH\u306b\u3088\u308b\u9ad8\u54c1\u8cea\u306e\u4f1a\u8b70\u304a\u3088\u3073AV\u30e1\u30c7\u30a3\u30a2\u6280\u8853\u306e\u914d\u5e03<\/strong><\/h2>\n<p>PCS GmbH\u3067\u306f\u3001\u4f1a\u8b70\u6280\u8853\u306e\u30ec\u30f3\u30bf\u30eb\u306b\u52a0\u3048\u3066\u3001\u6709\u540d\u306a\u5c02\u9580\u30e1\u30fc\u30ab\u30fc\u306e\u4f1a\u8b70\u30b7\u30b9\u30c6\u30e0\u3084\u30e1\u30c7\u30a3\u30a2\u30b7\u30b9\u30c6\u30e0\u306e\u8cfc\u5165\u3082\u627f\u3063\u3066\u304a\u308a\u307e\u3059\u3002\u30d7\u30ed\u30b8\u30a7\u30af\u30c8\u306e\u5927\u5c0f\u306b\u304b\u304b\u308f\u3089\u305a\u3001\u3054\u8981\u671b\u306b\u5fdc\u3058\u3066\u9069\u5207\u306a\u6280\u8853\u3092\u304a\u5c4a\u3051\u3057\u3001\u8a2d\u7f6e\u3044\u305f\u3057\u307e\u3059\u3002\u30d9\u30eb\u30ea\u30f3\u3001\u30df\u30e5\u30f3\u30d8\u30f3\u3001\u30c7\u30e5\u30c3\u30bb\u30eb\u30c9\u30eb\u30d5\u3001\u30cf\u30a4\u30eb\u30d6\u30ed\u30f3\u3001\u305d\u3057\u3066\u4e16\u754c\u5404\u5730\u306e\u5f0a\u793e\u62e0\u70b9\u3067\u627f\u308a\u307e\u3059\u3002\u307e\u305f\u3001\u53e4\u3044\u6a5f\u5668\u306e\u30b9\u30da\u30a2\u30d1\u30fc\u30c4\u3084\u30a2\u30af\u30bb\u30b5\u30ea\u30fc\u306e\u4f9b\u7d66\u3082\u559c\u3093\u3067\u627f\u308a\u307e\u3059\u3002<\/p>\n<h2>\u4f1a\u8b70\u30b7\u30b9\u30c6\u30e0\u3001\u30a4\u30d9\u30f3\u30c8\u30fb\u30c6\u30af\u30ce\u30ed\u30b8\u30fc\u3001\u95a2\u9023\u6a5f\u5668\u306e\u30ab\u30b9\u30bf\u30de\u30a4\u30ba\u88fd\u54c1\u3001\u30e1\u30f3\u30c6\u30ca\u30f3\u30b9\u3001\u4fee\u7406<\/h2>\n<p>\u4f1a\u8b70\u6280\u8853\u306e\u8cfc\u5165\u5f8c\u3082\u3001\u8a2d\u5099\u306e\u6574\u3063\u305f\u30ef\u30fc\u30af\u30b7\u30e7\u30c3\u30d7\u3068\u8a13\u7df4\u3092\u53d7\u3051\u305f\u5c02\u9580\u5bb6\u3092\u3054\u5229\u7528\u3044\u305f\u3060\u3051\u307e\u3059\u3002PCS\u30d7\u30ed\u30d5\u30a7\u30c3\u30b7\u30e7\u30ca\u30eb\u30fb\u30ab\u30f3\u30d5\u30a1\u30ec\u30f3\u30b9\u30fb\u30b7\u30b9\u30c6\u30e0\u30ba\u793e\u3067\u306f\u3001\u304a\u5ba2\u69d8\u306e\u3054\u8981\u671b\u306b\u5fdc\u3058\u3066\u3001\u8a2d\u7f6e\u3084\u914d\u4fe1\u306e\u305f\u3081\u306e\u30ab\u30b9\u30bf\u30de\u30a4\u30ba\u30bd\u30ea\u30e5\u30fc\u30b7\u30e7\u30f3\u3092\u958b\u767a\u30fb\u88fd\u9020\u3044\u305f\u3057\u307e\u3059\u3002\u5f53\u793e\u306e\u6280\u8853\u8005\u304c\u30ec\u30f3\u30bf\u30eb\u6a5f\u5668\u3084\u30bd\u30ea\u30e5\u30fc\u30b7\u30e7\u30f3\u306e\u30d5\u30eb\u30b5\u30fc\u30d3\u30b9\u3092\u63d0\u4f9b\u3059\u308b\u3053\u3068\u306f\u8a00\u3046\u307e\u3067\u3082\u3042\u308a\u307e\u305b\u3093\u3002\u30d9\u30eb\u30ea\u30f3\u3001\u30df\u30e5\u30f3\u30d8\u30f3\u3001\u30c7\u30e5\u30c3\u30bb\u30eb\u30c9\u30eb\u30d5\u3001\u30cf\u30a4\u30eb\u30d6\u30ed\u30f3\u306b\u3042\u308b4\u3064\u306e\u62e0\u70b9\u3067\u76f4\u63a5\u5bfe\u5fdc\u3044\u305f\u3057\u307e\u3059\u3002<\/p>\n<h2>\u30ab\u30f3\u30d5\u30a1\u30ec\u30f3\u30b9\u30fb\u30c6\u30af\u30ce\u30ed\u30b8\u30fc\u306e\u30ec\u30f3\u30bf\u30eb\u3001\u30e1\u30c7\u30a3\u30a2\u30fb\u30b7\u30b9\u30c6\u30e0\u3068\u30a4\u30d9\u30f3\u30c8\u30fb\u30c6\u30af\u30ce\u30ed\u30b8\u30fc\u306e\u5c0e\u5165<\/h2>\n<p>PCS GmbH\u306e\u6d3b\u52d5\u5206\u91ce\u306f\u591a\u5c90\u306b\u308f\u305f\u308a\u307e\u3059\u3002\u3042\u3089\u3086\u308b\u7a2e\u985e\u306e\u4f1a\u8b70\u5ba4\u3001\u672c\u793e\u3001\u30b7\u30e7\u30fc\u30eb\u30fc\u30e0\u3001\u4f1a\u8b70\u5ba4\u3001\u5c55\u793a\u4f1a\u3001\u535a\u7269\u9928\u3001\u8b1b\u7fa9\u5ba4\u3001\u821e\u53f0\u3001\u5287\u5834\u3001\u5b66\u6821\u3001\u30db\u30c6\u30eb\u3001\u30d3\u30c7\u30aa\u4f1a\u8b70\u7528\u30b9\u30bf\u30b8\u30aa\u306a\u3069\u306b\u3001PCS Professional Conference Systems GmbH\u306e\u4f1a\u8b70\u30b7\u30b9\u30c6\u30e0\u306a\u3069\u306e\u9ad8\u54c1\u8cea\u6280\u8853\u304c\u88c5\u5099\u3055\u308c\u3066\u3044\u307e\u3059\u3002\u30a4\u30f3\u30c6\u30ea\u30b8\u30a7\u30f3\u30c8\u3067\u7701\u30a8\u30cd\u30eb\u30ae\u30fc\u306a\u4f1a\u8b70\u30b7\u30b9\u30c6\u30e0\u3060\u3051\u3067\u306a\u304f\u3001\u500b\u5225\u306e\u8a2d\u7f6e\u3082\u53ef\u80fd\u3067\u3059\u3002PCS GmbH\u306f\u901a\u5e38\u3001\u5efa\u8a2d\u30d7\u30ed\u30b8\u30a7\u30af\u30c8\u306e\u4f1a\u8b70\u30b7\u30b9\u30c6\u30e0\u306e\u8a08\u753b\u6bb5\u968e\u304b\u3089\u95a2\u4e0e\u3057\u3066\u3044\u307e\u3059\u3002\u30d3\u30eb\u30b5\u30fc\u30d3\u30b9\u304a\u3088\u3073\u30b7\u30b9\u30c6\u30e0\u30d0\u30b9\u304c\u4f1a\u8b70\u30b7\u30b9\u30c6\u30e0\u306b\u63a5\u7d9a\u3055\u308c\u307e\u3059\u3002<\/p>\n<h2>\u30c6\u30af\u30cb\u30ab\u30eb\u30fb\u30b5\u30fc\u30d3\u30b9\u30fb\u30d7\u30ed\u30d0\u30a4\u30c0\u30fc\u3068\u3057\u3066\u4e16\u754c\u5404\u5730\u3067\u30a4\u30d9\u30f3\u30c8\u3092\u30b5\u30dd\u30fc\u30c8<\/h2>\n<p>PCS Professional Conference Systems GmbH\u306f1995\u5e74\u306b\u540c\u6642\u901a\u8a33\u30b5\u30fc\u30d3\u30b9\u3092\u958b\u59cb\u3057\u307e\u3057\u305f\u3002\u305d\u308c\u4ee5\u6765\u3001\u30d9\u30eb\u30ea\u30f3\u3001\u30df\u30e5\u30f3\u30d8\u30f3\u3001\u30c7\u30e5\u30c3\u30bb\u30eb\u30c9\u30eb\u30d5\u3001\u30cf\u30a4\u30eb\u30d6\u30ed\u30f3\u3092\u306f\u3058\u3081\u3001\u4e16\u754c\u5404\u5730\u306720,000\u4ef6\u4ee5\u4e0a\u306e\u30a4\u30d9\u30f3\u30c8\u304c\u958b\u50ac\u3055\u308c\u3066\u3044\u307e\u3059\u3002\u30c8\u30c3\u30d7\u30af\u30e9\u30b9\u306e\u30ec\u30f3\u30bf\u30eb\u4f1a\u8b70\u6a5f\u5668\u3068\u8457\u540d\u306a\u901a\u8a33\u8005\u304c\u3001\u304a\u5ba2\u69d8\u306b\u6700\u9069\u306a\u5229\u76ca\u3092\u304a\u7d04\u675f\u3057\u307e\u3059\u3002<\/p>\n<h2>\u901a\u8a33\u306e\u8a13\u7df4\u3068\u30b5\u30fc\u30d3\u30b9\u3092\u5b8c\u74a7\u306b\u5b9f\u65bd<\/h2>\n<p>\u6280\u8853\u8005\u3001\u901a\u8a33\u8005\u3001\u8b1b\u6f14\u8005\u3001\u30de\u30cd\u30fc\u30b8\u30e3\u30fc\u3001\u5287\u5834\u3001\u30ec\u30b9\u30c8\u30e9\u30f3\u3001\u30db\u30c6\u30eb\u306e\u30b9\u30bf\u30c3\u30d5\u306a\u3069\u3001\u3042\u3089\u3086\u308b\u7a2e\u985e\u306e\u5c02\u9580\u7684\u306a\u30c8\u30ec\u30fc\u30cb\u30f3\u30b0\u30b3\u30fc\u30b9\u306f\u3001\u5c06\u6765\u306e\u516c\u6f14\u306e\u6210\u529f\u8981\u56e0\u3092\u4fdd\u8a3c\u3057\u307e\u3059\u3002PCS GmbH\u306e\u30c8\u30ec\u30fc\u30cb\u30f3\u30b0\u90e8\u9580\u306f\u3001\u5305\u62ec\u7684\u306a\u30a2\u30c9\u30d0\u30a4\u30b9\u3068\u30b5\u30dd\u30fc\u30c8\u3092\u559c\u3093\u3067\u63d0\u4f9b\u3057\u307e\u3059\u3002\u5feb\u9069\u3067\u30d7\u30ed\u30d5\u30a7\u30c3\u30b7\u30e7\u30ca\u30eb\u306a\u30c8\u30ec\u30fc\u30cb\u30f3\u30b0\u6587\u5316\u304c\u4fdd\u8a3c\u3055\u308c\u307e\u3059\u3002<\/p>","protected":false},"excerpt":{"rendered":"<p>Veranstaltungstechnik und Konferenztechnik mieten und kaufen in Berlin und M\u00fcnchen Angebot anfordern,in einer Stundebei Ihnen! &#x9B; Konferenztechnik und Veranstaltungstechnik in h\u00f6chster Qualit\u00e4t bietet Ihnen seit 1995 das innovative Unternehmen PCS Konferenztechnik mit seinen vier Standorten Berlin, M\u00fcnchen, D\u00fcsseldorf und Heilbronn. Das Unternehmen ist Ihr Partner, wenn Sie Konferenztechnik mieten, kaufen oder fachgerecht installieren lassen m\u00f6chten. Die Betreuung umfasst die komplette Konferenzanlage, Veranstaltungstechnik und AV-Medientechnik. Kunden wird beim Konferenztechnik mieten voller Service in allen Bereichen der Konferenzanlage und Veranstaltungstechnik geboten. Die vier Standorte Berlin, M\u00fcnchen, D\u00fcsseldorf und Heilbronn bieten ein breites Spektrum an Herstellern und Systemen an. Nat\u00fcrlich wird die Installation und Integration der Konferenzanlage oder Veranstaltungstechnik entsprechend den baulichen Gegebenheiten [&hellip;]<\/p>","protected":false},"author":1,"featured_media":45482,"parent":0,"menu_order":0,"comment_status":"closed","ping_status":"closed","template":"page-right-sidebar.php","meta":{"_acf_changed":false,"footnotes":""},"class_list":["post-9032","page","type-page","status-publish","has-post-thumbnail","hentry"],"acf":[],"_links":{"self":[{"href":"https:\/\/konferenztechnik.de\/ja\/wp-json\/wp\/v2\/pages\/9032","targetHints":{"allow":["GET"]}}],"collection":[{"href":"https:\/\/konferenztechnik.de\/ja\/wp-json\/wp\/v2\/pages"}],"about":[{"href":"https:\/\/konferenztechnik.de\/ja\/wp-json\/wp\/v2\/types\/page"}],"author":[{"embeddable":true,"href":"https:\/\/konferenztechnik.de\/ja\/wp-json\/wp\/v2\/users\/1"}],"replies":[{"embeddable":true,"href":"https:\/\/konferenztechnik.de\/ja\/wp-json\/wp\/v2\/comments?post=9032"}],"version-history":[{"count":0,"href":"https:\/\/konferenztechnik.de\/ja\/wp-json\/wp\/v2\/pages\/9032\/revisions"}],"wp:featuredmedia":[{"embeddable":true,"href":"https:\/\/konferenztechnik.de\/ja\/wp-json\/wp\/v2\/media\/45482"}],"wp:attachment":[{"href":"https:\/\/konferenztechnik.de\/ja\/wp-json\/wp\/v2\/media?parent=9032"}],"curies":[{"name":"wp","href":"https:\/\/api.w.org\/{rel}","templated":true}]}}