{"id":9112,"date":"2017-02-21T08:38:02","date_gmt":"2017-02-21T07:38:02","guid":{"rendered":"https:\/\/www.konferenztechnik.de\/?page_id=9112\/"},"modified":"2023-09-01T13:19:57","modified_gmt":"2023-09-01T11:19:57","slug":"%e3%82%bc%e3%83%b3%e3%83%8f%e3%82%a4%e3%82%b6%e3%83%bc%e3%83%bb%e3%83%81%e3%83%bc%e3%83%a0%e3%82%b3%e3%83%8d%e3%82%af%e3%83%88%e3%83%bb%e3%83%af%e3%82%a4%e3%83%a4%e3%83%ac%e3%82%b9","status":"publish","type":"page","link":"https:\/\/konferenztechnik.de\/ja\/%e3%82%bc%e3%83%b3%e3%83%8f%e3%82%a4%e3%82%b6%e3%83%bc%e3%83%bb%e3%83%81%e3%83%bc%e3%83%a0%e3%82%b3%e3%83%8d%e3%82%af%e3%83%88%e3%83%bb%e3%83%af%e3%82%a4%e3%83%a4%e3%83%ac%e3%82%b9\/","title":{"rendered":"\u30bc\u30f3\u30cf\u30a4\u30b6\u30fc TeamConnect Wireless \u2013 \u30e2\u30d0\u30a4\u30eb\u4f1a\u8b70\u30b7\u30b9\u30c6\u30e0"},"content":{"rendered":"<h1>\u30bc\u30f3\u30cf\u30a4\u30b6\u30fc TeamConnect Wireless \u2013 \u30e2\u30d0\u30a4\u30eb\u4f1a\u8b70\u30b7\u30b9\u30c6\u30e0<\/h1>\n<p><img fetchpriority=\"high\" decoding=\"async\" width=\"1201\" height=\"451\" class=\"alignnone size-full wp-image-9113\" src=\"https:\/\/konferenztechnik.de\/wp-content\/uploads\/2017\/02\/sennheiserteamconnectwireless.jpg\" alt=\"\u30bc\u30f3\u30cf\u30a4\u30b6\u30fc\u30fb\u30c1\u30fc\u30e0\u30b3\u30cd\u30af\u30c8\u30fb\u30ef\u30a4\u30e4\u30ec\u30b9\" title=\"\" srcset=\"https:\/\/konferenztechnik.de\/wp-content\/uploads\/2017\/02\/sennheiserteamconnectwireless.jpg 1201w, https:\/\/konferenztechnik.de\/wp-content\/uploads\/2017\/02\/sennheiserteamconnectwireless-300x113.jpg 300w, https:\/\/konferenztechnik.de\/wp-content\/uploads\/2017\/02\/sennheiserteamconnectwireless-1024x385.jpg 1024w, https:\/\/konferenztechnik.de\/wp-content\/uploads\/2017\/02\/sennheiserteamconnectwireless-768x288.jpg 768w\" sizes=\"(max-width: 1201px) 100vw, 1201px\" \/><\/p>\n<h2>\u30c7\u30b6\u30a4\u30f3\u3068\u3057\u3066\u306e\u30a4\u30f3\u30bf\u30fc\u30db\u30f3\u30fb\u30b9\u30c6\u30fc\u30b7\u30e7\u30f3<\/h2>\n<p>\u30bc\u30f3\u30cf\u30a4\u30b6\u30fc\u304b\u3089\u3001\u65ac\u65b0\u306a\u30b3\u30f3\u30bb\u30d7\u30c8\u306e\u4f1a\u8b70\u30b7\u30b9\u30c6\u30e0\u3001\u30bc\u30f3\u30cf\u30a4\u30b6\u30fc\u30fb\u30c1\u30fc\u30e0\u30b3\u30cd\u30af\u30c8\u30fb\u30ef\u30a4\u30e4\u30ec\u30b9\u304c\u767b\u5834\u3057\u305f\u3002\u30b5\u30c6\u30e9\u30a4\u30c8\u3068\u547c\u3070\u308c\u308b\u624b\u306e\u3072\u3089\u30b5\u30a4\u30ba\u306e\u30c7\u30d0\u30a4\u30b9\u306b\u306f\u3001\u30de\u30a4\u30af\u3001\u30e9\u30a6\u30c9\u30b9\u30d4\u30fc\u30ab\u30fc\u3001\u30b3\u30f3\u30c8\u30ed\u30fc\u30eb\u30d1\u30cd\u30eb\u3001\u63a5\u7d9a\u30d1\u30cd\u30eb\u304c\u642d\u8f09\u3055\u308c\u3066\u3044\u308b\u3002<\/p>\n<p>\u30bc\u30f3\u30cf\u30a4\u30b6\u30fc\u306fTeamConnect\u30b7\u30ea\u30fc\u30ba\u306e\u63d0\u4f9b\u304a\u3088\u3073\u958b\u767a\u3092\u5373\u6642\u7d42\u4e86\u3044\u305f\u3057\u307e\u3059\u3002\u3057\u304b\u3057\u3001\u79c1\u305f\u3061\u306f\u3042\u306a\u305f\u306e\u305f\u3081\u306e\u4ee3\u66ff\u54c1\u3092\u63d0\u4f9b\u3057\u3066\u3044\u307e\u3059\u3002\u304a\u6c17\u8efd\u306b\u304a\u554f\u3044\u5408\u308f\u305b\u304f\u3060\u3055\u3044\u3002<\/p>\n<p>\u305f\u3060\u3057\u3001\u4fdd\u8a3c\u30b5\u30fc\u30d3\u30b9\u304a\u3088\u3073\u30b5\u30fc\u30d3\u30b9\u30aa\u30fc\u30c0\u30fc\u304c\u9032\u884c\u4e2d\u306e\u5834\u5408\u306f\u3001\u6307\u5b9a\u3055\u308c\u305f\u671f\u9593\u4e2d\u6709\u52b9\u3067\u3059\u3002<\/p>\n<p>\u30c7\u30d0\u30a4\u30b9\u306f\u30ef\u30a4\u30e4\u30ec\u30b9\u3067\u52d5\u4f5c\u3057\u3001\u30bc\u30f3\u30cf\u30a4\u30b6\u30fc\u306b\u671f\u5f85\u3055\u308c\u308b\u6700\u9ad8\u306e\u6280\u8853\u57fa\u6e96\u2013\u3092\u6e80\u305f\u3057\u3066\u3044\u307e\u3059\u3002<\/p>\n<p>\u76f4\u611f\u7684\u306a\u30ac\u30e9\u30b9\u88fd\u30bf\u30c3\u30c1\u30d1\u30cd\u30eb\u3092\u5099\u3048\u305f\u9b45\u529b\u7684\u306a\u30c7\u30b6\u30a4\u30f3\u306e\u300c\u30a4\u30f3\u30bf\u30fc\u30db\u30f3\u30fb\u30b9\u30c6\u30fc\u30b7\u30e7\u30f3\u300d\u306f\u3001\u30e2\u30c0\u30f3\u3067\u30d5\u30ec\u30c3\u30b7\u30e5\u306a\u683c\u8abf\u9ad8\u3044\u30bd\u30ea\u30e5\u30fc\u30b7\u30e7\u30f3\u3068\u3057\u3066\u3001\u9ad8\u54c1\u8cea\u3067\u30e2\u30c0\u30f3\u306a\u4f1a\u8b70\u5ba4\u3084\u30cf\u30c9\u30eb\u30eb\u30fc\u30e0\u306b\u5b8c\u74a7\u306b\u6eb6\u3051\u8fbc\u307f\u307e\u3059\u3002<\/p>\n<p><img decoding=\"async\" class=\"alignnone size-full wp-image-9118\" src=\"https:\/\/konferenztechnik.de\/wp-content\/uploads\/2017\/02\/drahtlosesprechstelle-sennheiser.jpg\" alt=\"\u30bc\u30f3\u30cf\u30a4\u30b6\u30fc\u30ef\u30a4\u30e4\u30ec\u30b9\u30de\u30a4\u30af\u30e6\u30cb\u30c3\u30c8\" title=\"\"><\/p>\n<h2>\u9069\u7528\u5206\u91ce<\/h2>\n<p>\u8fd1\u4ee3\u7684\u306a\u4f1a\u8b70\u5ba4\u3001\u30aa\u30f3\u30e9\u30a4\u30f3\u4f1a\u8b70\u3001\u6700\u592724\u540d\u307e\u3067\u53c2\u52a0\u53ef\u80fd\u306a\u30dd\u30fc\u30bf\u30d6\u30eb\u4f1a\u8b70\u3002<\/p>\n<p>\u4f1a\u8b70\u30b7\u30b9\u30c6\u30e0\u306b\u306f\u6700\u59274\u3064\u306e\u30b5\u30c6\u30e9\u30a4\u30c8\u3092\u7d44\u307f\u5408\u308f\u305b\u308b\u3053\u3068\u304c\u3067\u304d\u3001\u5404\u30b5\u30c6\u30e9\u30a4\u30c8\u306f\u6700\u59276\u4eba\u306e\u53c2\u52a0\u8005\u304c\u4f7f\u7528\u3067\u304d\u307e\u3059\u3002<\/p>\n<p>TeamConnect Wireless\u306f\u3001\u65e2\u5b58\u306e\u30aa\u30f3\u30e9\u30a4\u30f3\u4f1a\u8b70\u306b\u7c21\u5358\u306b\u7d71\u5408\u3059\u308b\u3053\u3068\u304c\u3067\u304d\u307e\u3059\u3002<\/p>\n<p><img decoding=\"async\" width=\"577\" height=\"450\" class=\"alignnone size-full wp-image-9127\" src=\"https:\/\/konferenztechnik.de\/wp-content\/uploads\/2017\/02\/drahtlose-konferenz.jpg\" alt=\"\u30ef\u30a4\u30e4\u30ec\u30b9\u4f1a\u8b70\" title=\"\" srcset=\"https:\/\/konferenztechnik.de\/wp-content\/uploads\/2017\/02\/drahtlose-konferenz.jpg 577w, https:\/\/konferenztechnik.de\/wp-content\/uploads\/2017\/02\/drahtlose-konferenz-300x234.jpg 300w\" sizes=\"(max-width: 577px) 100vw, 577px\" \/><\/p>\n<h2>\u5ea7\u5e2d\u72b6\u6cc1<\/h2>\n<p><img decoding=\"async\" width=\"1201\" height=\"664\" class=\"alignnone size-full wp-image-9135\" src=\"https:\/\/konferenztechnik.de\/wp-content\/uploads\/2017\/02\/bestuhlung-drathlose-konferenz.jpg\" alt=\"\u4f1a\u8b70\u7528\u5ea7\u5e2d\" title=\"\" srcset=\"https:\/\/konferenztechnik.de\/wp-content\/uploads\/2017\/02\/bestuhlung-drathlose-konferenz.jpg 1201w, https:\/\/konferenztechnik.de\/wp-content\/uploads\/2017\/02\/bestuhlung-drathlose-konferenz-300x166.jpg 300w, https:\/\/konferenztechnik.de\/wp-content\/uploads\/2017\/02\/bestuhlung-drathlose-konferenz-1024x566.jpg 1024w, https:\/\/konferenztechnik.de\/wp-content\/uploads\/2017\/02\/bestuhlung-drathlose-konferenz-768x425.jpg 768w\" sizes=\"(max-width: 1201px) 100vw, 1201px\" \/><\/p>\n<h2>\u63a5\u7d9a\u30aa\u30d7\u30b7\u30e7\u30f3<\/h2>\n<p>TeamConnect Wireless\u306f\u3001\u5e45\u5e83\u3044\u63a5\u7d9a\u65b9\u6cd5\u3092\u63d0\u4f9b\u3057\u307e\u3059\u3002\u53c2\u52a0\u8005\u306f\u3001\u30ce\u30fc\u30c8\u30d1\u30bd\u30b3\u30f3\u3001\u30bf\u30d6\u30ec\u30c3\u30c8\u3001\u30b9\u30de\u30fc\u30c8\u30d5\u30a9\u30f3\u2013\u3092Bluetooth\u3001USB\u30b1\u30fc\u30d6\u30eb\u30013.5 mm\u30b8\u30e3\u30c3\u30af\u30d7\u30e9\u30b0\u7d4c\u7531\u3067\u30ef\u30a4\u30e4\u30ec\u30b9\u306b\u7d20\u65e9\u304f\u63a5\u7d9a\u3067\u304d\u307e\u3059\u3002<\/p>\n<p><img decoding=\"async\" class=\"alignnone size-full wp-image-9130\" src=\"https:\/\/konferenztechnik.de\/wp-content\/uploads\/2017\/02\/teamconnectwireless-anschluesse.jpg\" alt=\"TeamConnect\u30ef\u30a4\u30e4\u30ec\u30b9\u63a5\u7d9a\" title=\"\"><\/p>\n<h2>\u7279\u5fb4<\/h2>\n<ul>\n<li>\u6700\u592712\u4eba\u307e\u305f\u306f\u6700\u592724\u4eba\u306e\u53c2\u52a0\u8005\u306b\u5bfe\u5fdc\u3059\u308b\u5b8c\u5168\u306a\u30aa\u30f3\u30e9\u30a4\u30f3\u4f1a\u8b70\u30bd\u30ea\u30e5\u30fc\u30b7\u30e7\u30f3<\/li>\n<li>\u30d5\u30ec\u30ad\u30b7\u30d6\u30eb\u306a\u5c02\u7528\u4f1a\u8b70\u5ba4<\/li>\n<li>\u30b9\u30de\u30fc\u30c8\u30d5\u30a9\u30f3\u3001\u30bf\u30d6\u30ec\u30c3\u30c8\u3001PC\u306b\u3088\u308b\u7c21\u5358\u306a\u63a5\u7d9a\uff08BYOD\uff09<\/li>\n<li>\u30ef\u30a4\u30e4\u30ec\u30b9Bluetooth\u63a5\u7d9a\u3001\u307e\u305f\u306fUSB\u307e\u305f\u306f3.5mm\u30b8\u30e3\u30c3\u30af\u30d7\u30e9\u30b0\u306b\u3088\u308b\u6709\u7dda\u63a5\u7d9a<\/li>\n<li>\u540c\u6642\u30aa\u30fc\u30c7\u30a3\u30aa\u30fb\u30c1\u30e3\u30f3\u30cd\u30eb\u3092\u30b5\u30dd\u30fc\u30c8<\/li>\n<li>\u3088\u308a\u826f\u3044\u3001\u3088\u308a\u52b9\u7387\u7684\u306a\u30aa\u30f3\u30e9\u30a4\u30f3\u4f1a\u8b70\u306e\u305f\u3081\u306e\u6700\u9ad8\u306e\u30b9\u30d4\u30fc\u30c1\u660e\u77ad\u5ea6<\/li>\n<li>\u53d7\u8cde\u6b74\u306e\u3042\u308b\u88fd\u54c1\u30c7\u30b6\u30a4\u30f3<\/li>\n<\/ul>\n<p><img loading=\"lazy\" decoding=\"async\" width=\"577\" height=\"450\" class=\"alignnone size-full wp-image-9140\" src=\"https:\/\/konferenztechnik.de\/wp-content\/uploads\/2017\/02\/TeamConnectWireless-CaseSet.jpg\" alt=\"\u30c1\u30fc\u30e0\u30b3\u30cd\u30af\u30c8\u30fb\u30ef\u30a4\u30e4\u30ec\u30b9\u30fb\u30b1\u30fc\u30b9\u30bb\u30c3\u30c8\" title=\"\" srcset=\"https:\/\/konferenztechnik.de\/wp-content\/uploads\/2017\/02\/TeamConnectWireless-CaseSet.jpg 577w, https:\/\/konferenztechnik.de\/wp-content\/uploads\/2017\/02\/TeamConnectWireless-CaseSet-300x234.jpg 300w\" sizes=\"(max-width: 577px) 100vw, 577px\" \/><\/p>\n<div><\/div>\n<h2>\u30ea\u30f3\u30af<\/h2>\n<p><span class=\"taster\"><a href=\"https:\/\/konferenztechnik.de\/wp-content\/uploads\/2017\/02\/TeamConnectWireless_SetCase_Manual_08_2016_DE.pdf\"> \u53d6\u6271\u8aac\u660e\u66f8 (PDF)<\/a><\/span><br \/>\n<span class=\"taster\"><a href=\"https:\/\/konferenztechnik.de\/wp-content\/uploads\/2017\/02\/SP_1070_v1.0_TeamConnect_Wireless_System_Specification_DE.pdf\"> \u30c7\u30fc\u30bf\u30b7\u30fc\u30c8 (PDF)<\/a><\/span><br \/>\n<span class=\"taster\"><a href=\"https:\/\/konferenztechnik.de\/ja\/teamconnect%e3%82%ad%e3%83%a3%e3%83%83%e3%82%b7%e3%83%a5%e3%83%90%e3%83%83%e3%82%af%e3%82%ad%e3%83%a3%e3%83%b3%e3%83%9a%e3%83%bc%e3%83%b3\/\"> \u30ad\u30e3\u30c3\u30b7\u30e5\u30d0\u30c3\u30af\u30ad\u30e3\u30f3\u30da\u30fc\u30f3<\/a><\/span><br \/>\n<span class=\"taster\"><a href=\"https:\/\/de-de.sennheiser.com\/drahtlose-telekonferenz-meeting-mikrofone-loesungen-teamconnect\" target=\"_blank\" rel=\"noopener noreferrer\"> \u30e1\u30fc\u30ab\u30fc\u30da\u30fc\u30b8<\/a><\/span><br \/>\n<span class=\"taster\"><a href=\"https:\/\/www.professional-system.de\/features\/sennheiser-teamconnect-wireless-im-test\/\" target=\"_blank\" rel=\"noopener noreferrer\"> \u30d7\u30ed\u30d5\u30a7\u30c3\u30b7\u30e7\u30ca\u30eb\u5236\u5ea6\u306b\u304a\u3051\u308b\u30c6\u30b9\u30c8<\/a><\/span><\/p>\n<p>TeamConnect Wireless\u306b\u3088\u308a\u3001\u30bc\u30f3\u30cf\u30a4\u30b6\u30fc\u306f\u9ad8\u54c1\u8cea\u306a\u30dd\u30fc\u30bf\u30d6\u30eb\u4f1a\u8b70\u30bd\u30ea\u30e5\u30fc\u30b7\u30e7\u30f3\u3092\u63d0\u4f9b\u3057\u307e\u3059\u3002TeamConnect Wireless\u306f\u975e\u5e38\u306b\u7c21\u5358\u304b\u3064\u8fc5\u901f\u306b\u30bb\u30c3\u30c8\u30a2\u30c3\u30d7\u304c\u53ef\u80fd\u3067\u3001\u3069\u306e\u3088\u3046\u306a\u90e8\u5c4b\u3067\u3082\u30d7\u30ed\u30d5\u30a7\u30c3\u30b7\u30e7\u30ca\u30eb\u306a\u97f3\u8cea\u3067\u30aa\u30f3\u30e9\u30a4\u30f3\u4f1a\u8b70\u3092\u5b9f\u73fe\u3057\u307e\u3059\u3002\u3053\u306e\u30b7\u30b9\u30c6\u30e0\u306f\u3001\u30ce\u30fc\u30c8\u30d1\u30bd\u30b3\u30f3\u3001\u30b9\u30de\u30fc\u30c8\u30d5\u30a9\u30f3\u3001\u30d3\u30c7\u30aa\u4f1a\u8b70\u30b7\u30b9\u30c6\u30e0\u306b\u6700\u9069\u306a\u63a5\u7d9a\u30aa\u30d7\u30b7\u30e7\u30f3\u3092\u63d0\u4f9b\u3057\u307e\u3059\u3002<\/p>\n<div class=\"boxcontainer\">\n<div class=\"box1-2\">\n<h1>\u62c5\u5f53\u8005<\/h1>\n<\/div>\n<div class=\"box1-2-order\">\n<h1>\u305d\u306e\u4ed6\u306e\u30ea\u30f3\u30af<\/h1>\n<\/div>\n<div class=\"box1-4\">\n<div class=\"box-head\">\u6d41\u901a\u30fb\u8ca9\u58f2<\/div>\n<\/div>\n<div class=\"box2-4-2\" style=\"order: 1;\">\n<div class=\"weiterlinks\"><a title=\"\u88fd\u54c1\u30b0\u30eb\u30fc\u30d7\u5225\u5206\u5e03\" href=\"\/ja\/%e8%a3%bd%e5%93%81%e3%82%b0%e3%83%ab%e3%83%bc%e3%83%97\/\">\u88fd\u54c1\u30b0\u30eb\u30fc\u30d7\u5225\u5206\u5e03<\/a><br \/>\n<a title=\"\u30e1\u30fc\u30ab\u30fc\u5225\u5206\u5e03\" href=\"\/ja\/%e3%83%a1%e3%83%bc%e3%82%ab%e3%83%bc\/\">\u30e1\u30fc\u30ab\u30fc\u5225\u5206\u5e03<\/a><br \/>\n<a title=\"\u30ab\u30b9\u30bf\u30de\u30a4\u30ba\u88fd\u54c1\u3001\u30e1\u30f3\u30c6\u30ca\u30f3\u30b9\u3001\u4fee\u7406\" href=\"\/ja\/%e3%82%b5%e3%83%bc%e3%83%93%e3%82%b9-2\/%e3%83%a1%e3%83%b3%e3%83%86%e3%83%8a%e3%83%b3%e3%82%b9%e3%81%a8%e4%bf%ae%e7%90%86\/\">\u30ab\u30b9\u30bf\u30de\u30a4\u30ba\u88fd\u54c1\u3001\u30e1\u30f3\u30c6\u30ca\u30f3\u30b9\u3001\u4fee\u7406<\/a><br \/>\n<a title=\"PCS\u304c\u5fc5\u8981\u306a10\u306e\u7406\u7531\" href=\"\/ja\/%e4%bc%9a%e7%a4%be%e6%a6%82%e8%a6%81-2\/pc%e3%82%92%e9%81%b8%e3%81%b610%e3%81%ae%e7%90%86%e7%94%b1\/\">PCS\u304c\u5fc5\u8981\u306a10\u306e\u7406\u7531<\/a><br \/>\n<a title=\"\u53c2\u8003\u6587\u732e\" href=\"\/ja\/%e4%bc%9a%e7%a4%be%e6%a6%82%e8%a6%81-2\/%e3%83%aa%e3%83%95%e3%82%a1%e3%83%ac%e3%83%b3%e3%82%b9%e3%83%bb%e3%83%aa%e3%82%b9%e3%83%88\/\">\u53c2\u8003\u6587\u732e \u30a4\u30f3\u30b9\u30c8\u30fc\u30eb\u3068\u7d71\u5408<\/a><br \/>\n<a title=\"PCS\uff1a\u5168\u30b5\u30fc\u30d3\u30b9\u4e00\u89a7\" href=\"\/ja\/%e3%82%b5%e3%83%bc%e3%83%93%e3%82%b9-2\/\">PCS\uff1a\u5168\u30b5\u30fc\u30d3\u30b9\u4e00\u89a7<\/a><\/p>\n<\/div>\n<\/div>\n<\/div>","protected":false},"excerpt":{"rendered":"<p>Sennheiser TeamConnect Wireless \u2013 mobiles Konferenzsystem Die Sprechstelle als Designobjekt Ein neues, frisches Konzept einer Konferenzanlage kommt aus dem Hause Sennheiser: Sennheiser TeamConnect Wireless. In handtellergro\u00dfen Ger\u00e4ten, den sogenannten Satelliten, sind ein Mikrofon, Lautsprecher, ein Bedien- und Anschlussfeld verbaut. Bitte beachten Sie, dass Sennheiser die TeamConnect Serie ab sofort nicht mehr anbietet und weiterentwickelt. Wir haben aber Alternativen f\u00fcr Sie im Angebot. Melden Sie sich einfach bei uns. Noch laufende Garantieleistungen und Serviceauftr\u00e4ge behalten aber \u00fcber den angegebenen Zeitraum ihre G\u00fcltigkeit. Die Ger\u00e4te funktionieren drahtlos und erf\u00fcllen technisch h\u00f6chste Anspr\u00fcche \u2013 so wie wir es von Sennheiser gewohnt sind, aber auch erwarten. Das attraktive Design mit intuitivem Touch-Panel aus Glas [&hellip;]<\/p>","protected":false},"author":1,"featured_media":45482,"parent":0,"menu_order":0,"comment_status":"closed","ping_status":"closed","template":"","meta":{"_acf_changed":false,"footnotes":""},"class_list":["post-9112","page","type-page","status-publish","has-post-thumbnail","hentry"],"acf":[],"_links":{"self":[{"href":"https:\/\/konferenztechnik.de\/ja\/wp-json\/wp\/v2\/pages\/9112","targetHints":{"allow":["GET"]}}],"collection":[{"href":"https:\/\/konferenztechnik.de\/ja\/wp-json\/wp\/v2\/pages"}],"about":[{"href":"https:\/\/konferenztechnik.de\/ja\/wp-json\/wp\/v2\/types\/page"}],"author":[{"embeddable":true,"href":"https:\/\/konferenztechnik.de\/ja\/wp-json\/wp\/v2\/users\/1"}],"replies":[{"embeddable":true,"href":"https:\/\/konferenztechnik.de\/ja\/wp-json\/wp\/v2\/comments?post=9112"}],"version-history":[{"count":0,"href":"https:\/\/konferenztechnik.de\/ja\/wp-json\/wp\/v2\/pages\/9112\/revisions"}],"wp:featuredmedia":[{"embeddable":true,"href":"https:\/\/konferenztechnik.de\/ja\/wp-json\/wp\/v2\/media\/45482"}],"wp:attachment":[{"href":"https:\/\/konferenztechnik.de\/ja\/wp-json\/wp\/v2\/media?parent=9112"}],"curies":[{"name":"wp","href":"https:\/\/api.w.org\/{rel}","templated":true}]}}