{"id":1141,"date":"2013-08-22T11:55:13","date_gmt":"2013-08-22T09:55:13","guid":{"rendered":"https:\/\/pcs-miete.de\/?page_id=1141"},"modified":"2023-07-05T15:04:23","modified_gmt":"2023-07-05T13:04:23","slug":"projectoren","status":"publish","type":"page","link":"https:\/\/konferenztechnik.de\/nl\/distributie-van-conferentie-en-av-mediatechnologie\/videotechnologie\/projectoren\/","title":{"rendered":"Projectoren"},"content":{"rendered":"<h1>Projectoren<\/h1>\n<p>Een kleine selectie van professionele, stille en extreem krachtige projectoren. Als je ge\u00efnteresseerd bent in projectoren, neem dan gewoon contact met ons op en wij zullen het juiste model voor je vinden.<\/p>\n<h2>Panasonic LCD-projector PT-EW630U<\/h2>\n<p><a href=\"https:\/\/konferenztechnik.de\/wp-content\/uploads\/2013\/08\/Panasonic_LCD-Projektor-PT-EW630U.jpg\"><img fetchpriority=\"high\" decoding=\"async\" width=\"900\" height=\"698\" class=\"alignnone size-full wp-image-4817\" src=\"https:\/\/konferenztechnik.de\/wp-content\/uploads\/2013\/08\/Panasonic_LCD-Projektor-PT-EW630U.jpg\" alt=\"Panasonic LCD-projector PT-EW630U\" title=\"\" srcset=\"https:\/\/konferenztechnik.de\/wp-content\/uploads\/2013\/08\/Panasonic_LCD-Projektor-PT-EW630U.jpg 900w, https:\/\/konferenztechnik.de\/wp-content\/uploads\/2013\/08\/Panasonic_LCD-Projektor-PT-EW630U-300x233.jpg 300w, https:\/\/konferenztechnik.de\/wp-content\/uploads\/2013\/08\/Panasonic_LCD-Projektor-PT-EW630U-768x596.jpg 768w\" sizes=\"(max-width: 900px) 100vw, 900px\" \/><\/a><\/p>\n<p>Panasonic LCD-projector PT-EW630U<\/p>\n<p>De PT- EW630U LCD-projector van Panasonic biedt een WXGA-resolutie (1.280 x 800), een helderheid van 5.500 lumen en een contrastratio van 5.000 : 1.<br \/>\nHij is veelzijdig inzetbaar, bijvoorbeeld in klaslokalen, collegezalen of kantoren, en biedt een onderhoudsvrije werking tot 10.000 uur.<\/p>\n<h2>Panasonic LCD-projector PT-EW630U<\/h2>\n<p>Specificaties<\/p>\n<ul>\n<li>Paneelgrootte (diagonaal): 19,0 mm (0,75 \") diagonaal<\/li>\n<li>Beeldverhouding: 16.10<\/li>\n<li>Weergavemethode: Transparant LCD-paneel (x 3, R \/ G \/ B)<\/li>\n<li>Resolutie: WXGA (1.280 x 800 pixels)<\/li>\n<li>Schermgrootte: 1,02 tot 10,16 m<\/li>\n<li>Lamp: 330 W UHM-lamp x 1<\/li>\n<li>Lampvervangingscyclus: 3.000 uur1 (lamp wattage: normaal) \u2013 4.000 uur1 (lamp wattage ECO)<\/li>\n<li>Helderheid: 5.500 lumen 2<\/li>\n<li>Contrastverhouding: 5000: 12 (Volledig aan \/ Volledig uit, lampvermogen: AUTO)<\/li>\n<li>Besturingseenheid (RS-232C-compatibel)<\/li>\n<li>REMOTE IN: M3 x 1 voor afstandsbediening met kabel<\/li>\n<li>Voeding: 100-240 V AC, 50\/60 Hz<\/li>\n<li>Stroomverbruik: 490 W (492 VA) (0,4 W met STANDBY-modus op ECO4 11 W met STANDBY-modus op NETWORK<\/li>\n<li>Afmetingen (BxHxD): 489,5 x 164 mm5 x 434 mm (19-9 \/ 32 x 6-15 \/ 325 x 17-3 \/ 32 inch) (met de meegeleverde lens)<\/li>\n<li>Mechanische sluiter: Ja<\/li>\n<li>Filter: x 1, aanbevolen vervangingscyclus: 12.000 uur<\/li>\n<li>Bereik trapeziumcorrectie: verticaal: \u00b1 40 \u00b0 7, horizontaal: \u00b1 30 \u00b0 8<\/li>\n<li>Verschuiving optische as: Verticaal: \u00b1 60% (ingeschakeld), horizontaal: \u00b1 10% (ingeschakeld) 9<\/li>\n<li>Gewicht: ca. 10,3 kg (\u00a322,7) (met meegeleverde lens) 10<\/li>\n<li>Ingebouwde luidspreker: 10 W (mono) uitgangsvermogen<\/li>\n<li>Geluidsniveau: 37 dB (LAMP POWER: NORMAL), 31 dB (LAMP POWER: ECO 1 \/ ECO 2)<\/li>\n<li>Meegeleverde accessoires: netsnoer, netsnoerhouder, draadloze\/bedrade afstandsbediening, batterijen (type R03 \/ LR03AAA x 2), computerkabel, software<\/li>\n<\/ul>\n<h2>Barco PHXG-91B<\/h2>\n<p><a href=\"https:\/\/konferenztechnik.de\/wp-content\/uploads\/2013\/08\/barco-PHWU-81b.jpg\"><img decoding=\"async\" width=\"900\" height=\"674\" class=\"alignleft size-full wp-image-4267\" src=\"https:\/\/konferenztechnik.de\/wp-content\/uploads\/2013\/08\/barco-PHWU-81b.jpg\" alt=\"Barco projector PHXG-91B\" title=\"\" srcset=\"https:\/\/konferenztechnik.de\/wp-content\/uploads\/2013\/08\/barco-PHWU-81b.jpg 900w, https:\/\/konferenztechnik.de\/wp-content\/uploads\/2013\/08\/barco-PHWU-81b-300x225.jpg 300w, https:\/\/konferenztechnik.de\/wp-content\/uploads\/2013\/08\/barco-PHWU-81b-768x575.jpg 768w\" sizes=\"(max-width: 900px) 100vw, 900px\" \/><\/a><\/p>\n<p>Barco \u2013 Present projector met 8.500 lumen, XGA, single-chip DLP<\/p>\n<p>Deze projector van 8.500 lumen met XGA-resolutie is perfect voor professionele projecties op groot scherm in uw stijlvolle vergaderruimte of directiekamer.<\/p>\n<h2>Barco PHXG-91B<\/h2>\n<ul>\n<li>Stijlvol ontwerp dat naadloos opgaat in je interieur<\/li>\n<li>Hoogwaardige beelden met een onge\u00ebvenaard detailniveau en maximaal contrast<\/li>\n<li>Zonder knoppen en kabels voor eenvoudige bediening en minder kabelwarboel<\/li>\n<li>Betrouwbare DLP-technologie<\/li>\n<li>Gemakkelijk uitbreidbare \"toekomstige connectiviteitsuitbreidingen\".<\/li>\n<li>Lage kosten dankzij DLP-technologie en afgedichte optiek<\/li>\n<li>Vooraf ingestelde beeldmodus maakt flexibel kleurbeheer mogelijk<\/li>\n<li>Intu\u00eftief bedieningsmenu met de meest gebruikte functies<\/li>\n<li>Gebruiksvriendelijke afstandsbediening. Je hebt maar \u00e9\u00e9n knop nodig!<\/li>\n<\/ul>\n<h2>ClickShare binnen<\/h2>\n<p>Deze projector ondersteunt optionele aansluitmodules. Dit betekent dat hij gemakkelijk kan worden uitgebreid met extra functies en toekomstbestendig is. De 'Click Inside'-optie is gebaseerd op Barco's Click Share draadloze presentatiesysteem en kan in de projector worden ge\u00efntegreerd. Hiermee kun je met \u00e9\u00e9n klik en zonder kabels \u2013 draadloos inhoud van je laptopscherm naar de projector sturen en delen voor echte samenwerking.<\/p>\n<h2>Panasonic PT-RW330E LE laser DLP projector<\/h2>\n<p><a href=\"https:\/\/konferenztechnik.de\/wp-content\/uploads\/2013\/08\/projektor-panasonic_PT-RW330E.jpg\"><img decoding=\"async\" width=\"468\" height=\"312\" class=\"alignleft size-full wp-image-4268\" src=\"https:\/\/konferenztechnik.de\/wp-content\/uploads\/2013\/08\/projektor-panasonic_PT-RW330E.jpg\" alt=\"Panasonic PT-RW330E LED laser DLP projector\" title=\"\" srcset=\"https:\/\/konferenztechnik.de\/wp-content\/uploads\/2013\/08\/projektor-panasonic_PT-RW330E.jpg 468w, https:\/\/konferenztechnik.de\/wp-content\/uploads\/2013\/08\/projektor-panasonic_PT-RW330E-300x200.jpg 300w\" sizes=\"(max-width: 468px) 100vw, 468px\" \/><\/a><\/p>\n<p>De PT-RW330 LED\/Laser DLP projector maakt deel uit van de Panasonic SOLID SHINE projectorserie. Deze projector biedt een hoge betrouwbaarheid en langdurige helderheid die voorheen niet mogelijk was met 'conventionele' projectoren.<\/p>\n<h2>Panasonic PT-RW330E LE laser DLP projector<\/h2>\n<ul>\n<li>Helderheid van 3.500 lm met WXGA-resolutie<\/li>\n<li>Contrastverhouding van 10.000:1<\/li>\n<li>Tot 20.000 bedrijfsuren zonder onderhoud<\/li>\n<li>Het LED\/laserontwerp zorgt ervoor dat er geen lamp of filter vervangen hoeft te worden<\/li>\n<li>Langdurige beeldkwaliteit en uitstekende kleurreproductie<\/li>\n<li>Dankzij de DIGITAL LINK-compatibiliteit kunnen video-, audio- en besturingssignalen tot 100 meter worden verzonden via een enkele LAN-kabel.<\/li>\n<\/ul>\n<h2>Onderhoudsvrij<\/h2>\n<p>De nieuwe LED\/laser combinatie als lichtbron in projectoren garandeert ongeveer 20.000 bedrijfsuren zonder een lamp of filter te hoeven vervangen. Dit verlaagt de onderhoudskosten en -inspanningen drastisch.<\/p>\n<h2>Hoge betrouwbaarheid<\/h2>\n<p>Met het speciaal voor de nieuwe lichtbron ontwikkelde koelsysteem en de stofbeschermde behuizingconstructie is het systeem speciaal ontworpen voor maximale bedrijfszekerheid. Het maakt een betrouwbaar gebruik van de projector mogelijk, zelfs gedurende een lange periode.<\/p>\n<h2>Flexibele installatie<\/h2>\n<p>Systeemfuncties zoals een dubbele zoomlens, een groot lensverschuivingsbereik en 360\u00b0 montageopties zorgen voor een hoge mate van flexibiliteit tijdens de installatie. Compatibiliteit met DIGITAL LINK maakt digitale signaaloverdracht mogelijk met slechts \u00e9\u00e9n \u2013 LAN-kabel, zelfs over lange afstanden.<\/p>\n<h2>Wat is DIGITAL LINK?<\/h2>\n<p>DIGITAL LINK maakt gelijktijdige overdracht van video, audio en besturingssignalen tot 100 meter mogelijk via \u00e9\u00e9n CAT5e\/6 netwerkkabel. Dit vereenvoudigt de bedrading of toekomstige systeemuitbreiding en helpt kosten te besparen.<\/p>\n<h2>Sony VPL-SW536C interactieve projector met ultrakorte projectieafstand<\/h2>\n<p><a href=\"https:\/\/konferenztechnik.de\/wp-content\/uploads\/2013\/08\/kurzdistanz-projektor-sony-VPL-SW536C.jpeg\"><img loading=\"lazy\" decoding=\"async\" width=\"558\" height=\"336\" class=\"alignleft size-full wp-image-4269\" src=\"https:\/\/konferenztechnik.de\/wp-content\/uploads\/2013\/08\/kurzdistanz-projektor-sony-VPL-SW536C.jpeg\" alt=\"Sony VPL-SW536C interactieve projector met ultrakorte projectieafstand\" title=\"\" srcset=\"https:\/\/konferenztechnik.de\/wp-content\/uploads\/2013\/08\/kurzdistanz-projektor-sony-VPL-SW536C.jpeg 558w, https:\/\/konferenztechnik.de\/wp-content\/uploads\/2013\/08\/kurzdistanz-projektor-sony-VPL-SW536C-300x181.jpeg 300w\" sizes=\"(max-width: 558px) 100vw, 558px\" \/><\/a><\/p>\n<h2>Sony VPL-SW536C interactieve projector met ultrakorte projectieafstand<\/h2>\n<p>Deze economische en interactieve ultrakorte projector met Wi-Fi-functie cre\u00ebert de basisvoorwaarden voor heldere, effectieve presentaties in het klaslokaal of onderwijsruimte. Hij is ontworpen voor wandmontage in kleine tot middelgrote ruimtes en projecteert scherpe, duidelijk zichtbare beelden op het scherm, de muur of het whiteboard. Omdat de projector zeer dicht bij het scherm is geplaatst, worden leerlingen\/studenten of docenten niet verblind.<\/p>\n<h2>Sony VPL-SW536C interactieve projector met ultrakorte projectieafstand<\/h2>\n<ul>\n<li>Met de interactieve software voor twee pennen (inbegrepen) kunnen de leraar en de leerling tegelijkertijd tekenen en schrijven met handschriftherkenning. Bij het maken van tabellen en diagrammen heb je veelzijdige 2D en 2D grafische gereedschappen tot je beschikking, evenals formule- en rekenfuncties. Je kunt objecten wijzigen en schermafbeeldingen maken voor de documenten van de leerlingen.<\/li>\n<li>Extreem heldere, heldere beelden met een maximale lichtopbrengst in kleur van 3100 lumen. De hoge lichtopbrengst van de projector garandeert dat presentaties duidelijk zichtbaar zijn in elk klaslokaal of vergaderruimte. Met drie helderheidsniveaus kan de projectie worden aangepast aan elke verlichtingssituatie \u2013 van daglicht tot gedimd.<\/li>\n<li><em>WXGA-resolutie voor gedetailleerde presentaties<\/em>. De WXGA-resolutie (1280 x 800) toont alle details en is daarom perfect voor presentaties die rechtstreeks vanaf een notebook of pc worden gehouden.<\/li>\n<li><em>3LCD BrightEra\u2122 technologie<\/em>. Het effici\u00ebnte 3LCD-paneelsysteem van de projector wordt aangevuld met de geavanceerde BrightEra\u2122-technologie van Sony. Het verschil is direct herkenbaar: indrukwekkend heldere beelden met een hoge resolutie en een hoge betrouwbaarheid van het paneel.<\/li>\n<li><em>Zes beeldmodi voor elke toepassing<\/em>. Dankzij de zes beeldmodi Dynamic, Standard, Game, Blackboard, Cinema en Presentation \u2013 kan de beeldkwaliteit worden geoptimaliseerd voor elk bronmateriaal. De beeldmodi kunnen worden gecombineerd met drie helderheidsmodi (Hoog, Medium, Laag) om de projectie aan te passen aan vrijwel alle presentatieomstandigheden.<\/li>\n<li><em>Wi-Fi-functie voor eenvoudige gegevensuitwisseling<\/em>. Met de optionele IFU-WLM3 USB WLAN-module kan verbinding worden gemaakt met andere apparaten in het klaslokaal, zoals pc's, smartphones en tablets.<\/li>\n<li><em>Aanwezig vanaf elke pc via het netwerk<\/em>. Presentaties kunnen eenvoudig draadloos (met optionele Wi-Fi-module) of via een LAN-kabel worden geprojecteerd vanaf elke pc die is aangesloten op het netwerk. De functies en status van de projector zijn ook toegankelijk en te beheren vanaf elke pc in het netwerk.<\/li>\n<li>Afbeeldingen direct weergeven via USB. Foto's, afbeeldingen en grafieken kunnen ook zonder pc worden weergegeven via de USB-poort.<\/li>\n<li>Met minder onderhoud, wat ook een positief effect heeft op de bedrijfskosten, kun je nu langer lesgeven zonder onderbreking. De filterreinigingscycli worden gesynchroniseerd met het vervangen van de lampen, waardoor er nog minder onderhoud nodig is.<\/li>\n<li><em>Energiebesparing met \u00e9\u00e9n druk op de knop<\/em>. Met de knop ECO MODE op de projector of op de afstandsbediening hebt u toegang tot een reeks energiebesparende instellingen.<\/li>\n<li>Automatisch dimmen. Als er geen signaal wordt ingevoerd of als er een bepaalde vooraf gedefinieerde tijd is verstreken, kan de helderheid van de projector automatisch worden verlaagd. Dit bespaart energie en verlaagt de elektriciteitsrekening.<\/li>\n<li><em>Automatische helderheidsaanpassing<\/em>. Het uitgangsvermogen van de laser wordt automatisch aangepast aan de beeldinhoud. Op deze manier bespaart het apparaat energie in sc\u00e8nes met weinig licht.<\/li>\n<li><em>Energiebesparende image blanking<\/em>. Het beeld kan onmiddellijk worden uitgeschakeld met \u00e9\u00e9n druk op de knop van de afstandsbediening van de projector. Dit verlaagt het energieverbruik met 75 %. Nadat u nogmaals op de knop hebt gedrukt, schakelt de projector het beeld onmiddellijk weer in zodat de presentatie kan worden voortgezet.<\/li>\n<li><em>Snelle en eenvoudige automatische ingangsdetectie<\/em>. De projector herkent automatisch de juiste aansluiting, wat de installatie vereenvoudigt en versnelt.<\/li>\n<li><em>Eenvoudige installatie<\/em>. Dankzij de aanpasbare optische zoom en lens-shift kan het apparaat snel en eenvoudig in elk klaslokaal worden ge\u00efnstalleerd. Dankzij de veelzijdige aansluitingen kun je het apparaat eenvoudig aansluiten op pc's, dvd-spelers, microfoons en andere AV-apparaten.<\/li>\n<li><em>Ge\u00efntegreerde veiligheidsmaatregelen<\/em>. De projector is beveiligd tegen diefstal met een pincode en een stevige beveiligingsbalk.<\/li>\n<\/ul>\n<h2>Optiek voor projectoren<\/h2>\n<p><a href=\"https:\/\/konferenztechnik.de\/wp-content\/uploads\/2013\/08\/sony_objektiv_vpll1008_gross.jpg\"><img loading=\"lazy\" decoding=\"async\" class=\"size-full wp-image-1180\" src=\"https:\/\/konferenztechnik.de\/wp-content\/uploads\/2013\/08\/sony_objektiv_vpll1008_gross.jpg\" alt=\"Sony VPLL1008-objectief\" width=\"687\" height=\"627\" title=\"\" srcset=\"https:\/\/konferenztechnik.de\/wp-content\/uploads\/2013\/08\/sony_objektiv_vpll1008_gross.jpg 687w, https:\/\/konferenztechnik.de\/wp-content\/uploads\/2013\/08\/sony_objektiv_vpll1008_gross-300x274.jpg 300w\" sizes=\"(max-width: 687px) 100vw, 687px\" \/><\/a> Sony VPLL1008-objectief<\/p>\n<h2>Optiek voor projectoren<\/h2>\n<p>Met verschillende optieken kunnen professionele projectoren worden aangepast voor bijna elke afstand en schermgrootte. We nemen alle belangrijke parameters op in onze planning en geven je aanbevelingen voor het juiste gebruik van je projectoren, inclusief geschikte optieken en de benodigde accessoires.<\/p>","protected":false},"excerpt":{"rendered":"<p>Projektoren Eine kleine Auswahl an professionellen, leisen und \u00e4u\u00dferst leistungstarken Projektoren. Wenn Sie sich f\u00fcr Beamer interessieren, melden Sie sich einfach bei uns, wir finden das passende Modell, genau auf Ihre Bed\u00fcrfnisse abgestimmt. Panasonic LCD-Projektor PT-EW630U Panasonic LCD-Projektor PT-EW630U Der PT- EW630U LCD-Projektor von Panasonic bietet eine WXGA-Aufl\u00f6sung (1.280 x 800), 5.500 Lumen Helligkeit und [&hellip;]<\/p>","protected":false},"author":1,"featured_media":45482,"parent":1138,"menu_order":230,"comment_status":"closed","ping_status":"open","template":"","meta":{"_acf_changed":false,"footnotes":""},"class_list":["post-1141","page","type-page","status-publish","has-post-thumbnail","hentry"],"acf":[],"_links":{"self":[{"href":"https:\/\/konferenztechnik.de\/nl\/wp-json\/wp\/v2\/pages\/1141","targetHints":{"allow":["GET"]}}],"collection":[{"href":"https:\/\/konferenztechnik.de\/nl\/wp-json\/wp\/v2\/pages"}],"about":[{"href":"https:\/\/konferenztechnik.de\/nl\/wp-json\/wp\/v2\/types\/page"}],"author":[{"embeddable":true,"href":"https:\/\/konferenztechnik.de\/nl\/wp-json\/wp\/v2\/users\/1"}],"replies":[{"embeddable":true,"href":"https:\/\/konferenztechnik.de\/nl\/wp-json\/wp\/v2\/comments?post=1141"}],"version-history":[{"count":0,"href":"https:\/\/konferenztechnik.de\/nl\/wp-json\/wp\/v2\/pages\/1141\/revisions"}],"up":[{"embeddable":true,"href":"https:\/\/konferenztechnik.de\/nl\/wp-json\/wp\/v2\/pages\/1138"}],"wp:featuredmedia":[{"embeddable":true,"href":"https:\/\/konferenztechnik.de\/nl\/wp-json\/wp\/v2\/media\/45482"}],"wp:attachment":[{"href":"https:\/\/konferenztechnik.de\/nl\/wp-json\/wp\/v2\/media?parent=1141"}],"curies":[{"name":"wp","href":"https:\/\/api.w.org\/{rel}","templated":true}]}}