{"id":11420,"date":"2017-09-22T14:01:00","date_gmt":"2017-09-22T12:01:00","guid":{"rendered":"https:\/\/www.konferenztechnik.de\/?page_id=11420"},"modified":"2017-09-22T14:01:00","modified_gmt":"2017-09-22T12:01:00","slug":"vertaaldag","status":"publish","type":"page","link":"https:\/\/konferenztechnik.de\/nl\/vertaaldag\/","title":{"rendered":"Vertaaldag campagne"},"content":{"rendered":"<h1>Gelukkige Wereldvertalersdag!<\/h1>\n<p><img decoding=\"async\" src=\"https:\/\/konferenztechnik.de\/wp-content\/uploads\/2017\/09\/internationaltranslationday.jpg\" alt=\"Jerome Day, Internationale Vertaaldag\" class=\"alignleft size-full wp-image-8570\" title=\"\"><\/p>\n<p>30 september is de Internationale Vertaaldag! De Algemene Vergadering van de VN heeft \"Internationale Vertaaldag\" \u2013 uitgeroepen om de vertalers, tolken en terminologen te eren die een belangrijke bijdrage leveren aan het begrip tussen naties en aan de wereldvrede.<\/p>\n<p>We willen jullie feliciteren en blijven jullie volledig steunen in jullie waardevolle werk. PCS heeft drie speciale aanbiedingen voor gepersonaliseerde vertaalsystemen ter gelegenheid van de Internationale Dag van de Vertaler:<\/p>\n<p>[spacer size=\"20\u2033]<\/p>\n<h2 style=\"color:#a62055;\">1. tot \u20ac250 CashBack* bij aankoop van een passagiersbegeleidingssysteem<\/h2>\n<p>Koop een set persoonlijke begeleidingssystemen bij ons tijdens de actieperiode** en ontvang direct tot \u20ac250* CashBack.<br \/>\n[spacer size=\"20\u2033]<\/p>\n<h2 style=\"color:#a62055;\">2. 10 % extra korting en \u20ac0 verzendkosten voor de huur van een passagiersbegeleidingssysteem**<\/h2>\n<p>Als je tijdens de actieperiode people guidance systemen huurt, nemen wij de transportkosten voor een project naar keuze voor onze rekening. Daarnaast ontvangt u nog eens 10 % extra korting op de huurprijs van de apparatuur.<br \/>\n[spacer size=\"20\u2033]<\/p>\n<h2 style=\"color:#a62055;\">3. onderhoud van een passagiersbegeleidingssysteem tegen een vast tarief van \u20ac 299*.<\/h2>\n<p>Wij onderhouden je geleidingssysteem*** en maken het klaar voor het volgende gebruik. Je kunt een schoon en betrouwbaar systeem verwachten! Het onderhoud vindt plaats tijdens de campagneperiode**.<br \/>\n[list icon=\"moon-checkmark\" color=\"#a62055\u2033]Systeemcontrole[\/list]<br \/>\n[list icon=\"moon-checkmark\" color=\"#a62055\u2033]DGUV keuring inclusief testrapport[\/list]<br \/>\n[list icon=\"moon-checkmark\" color=\"#a62055\u2033]24h test operation[\/list]<br \/>\n[list icon=\"moon-checkmark\" color=\"#a62055\u2033]Reiniging en desinfectie[\/list]<br \/>\n[list icon=\"moon-checkmark\" color=\"#a62055\u2033]Vervoer[\/list]<br \/>\n[list icon=\"moon-checkmark\" color=\"#a62055\u2033]Reparaties en reserveonderdelen op afspraak[\/list]<br \/>\n<br \/>\n* Netto, plus belasting over de toegevoegde waarde<br \/>\n** Promotieperiode: 30 november 2017 tot 31 maart 2018, boekingen vanaf 30 september<br \/>\n*** Prijs geldt tot 20 apparaten, voor meer apparaten bieden we een aantrekkelijke glijdende schaal<br \/>\n[spacer size=\"20\u2033]<\/p>\n<h1>Contactpersoon<\/h1>\n<div class=\"boxcontainer\">\n<div class=\"box1-4\">\n<div class=\"box-head\">PCS Verhuur<\/div>\n<p><img fetchpriority=\"high\" decoding=\"async\" width=\"800\" height=\"533\" src=\"https:\/\/konferenztechnik.de\/wp-content\/uploads\/2013\/09\/monika_van_den_boogaard_pcs-gmbh.jpg\" alt=\"monika_van_den_boogaard_pcs-gmbh\" class=\"alignleft size-full wp-image-2312\" title=\"\" srcset=\"https:\/\/konferenztechnik.de\/wp-content\/uploads\/2013\/09\/monika_van_den_boogaard_pcs-gmbh.jpg 800w, https:\/\/konferenztechnik.de\/wp-content\/uploads\/2013\/09\/monika_van_den_boogaard_pcs-gmbh-300x200.jpg 300w, https:\/\/konferenztechnik.de\/wp-content\/uploads\/2013\/09\/monika_van_den_boogaard_pcs-gmbh-768x512.jpg 768w\" sizes=\"(max-width: 800px) 100vw, 800px\" \/><br \/>\nMonika van den Boogaard<br \/>\nProjectadviseur Verhuur<br \/>\nTelefoon +49 211 737798 10<br \/>\n<span class=\"volleansicht\">e-mail <a href=\"mailto:vandenboogaard@konferenztechnik.de\" onclick=\"ga('send', 'event', 'Email-Klick', 'Kontakt Boogaard');\">schrijf<\/a><br \/><\/span><br \/>\n<span class=\"mobileansicht\">e-mail <a href=\"mailto:vandenboogaard@konferenztechnik.de\" onclick=\"ga('send', 'event', 'Email-Klick', 'Kontakt Boogaard');\">schrijf<\/a><br \/><\/span>\n<\/div>\n<div class=\"box1-4\">\n<div class=\"box-head\">Distributie en verkoop<\/div>\n<p>[widget id=\"text-133\u2033]]\n<\/p><\/div>\n<div class=\"box1-4-empty\"><\/div>\n<div class=\"box1-4-empty\"><\/div>\n<\/div>\n<p>[spacer size=\"20\u2033]<br \/>\n<img decoding=\"async\" src=\"https:\/\/www.konferenztechnik.de\/wp-content\/uploads\/2017\/09\/pcs-konferenztechnik.jpg\" class=\"alignleft size-full wp-image-8570\" alt=\"\" title=\"\"><\/p>\n<p>[spacer size=\"30\u2033]<\/p>\n<div class=\"sidebar-line\">\n<span><\/span>\n<\/div>\n<p>[spacer size=\"20\u2033]<\/p>\n<div class=\"leistungen-menu\">\n[column size=\"1-3\u2033 last=\"0\u2033]<\/p>\n<h3>Leidingsysteem huren<\/h3>\n<p>[menu theme_location='dolmetschertechnik-mieten-stuttgart'].<br \/>\n[\/column]<\/p>\n<p>[column size=\"1-3\u2033 last=\"0\u2033]<\/p>\n<h3>Geleidesysteem kopen<\/h3>\n<p>[menu theme_location='dolmetschertechnik-mieten-stuttgart-2\u2032]<br \/>\n[\/column]<\/p>\n<p>[column size=\"1-3\u2033 last=\"0\u2033]<\/p>\n<h3>Installatie en integratie<\/h3>\n<p>[menu theme_location='dolmetschertechnik-mieten-stuttgart-4\u2032]<br \/>\n[\/column]<\/p>\n<p>[column size=\"1-4\u2033 last=\"1\u2033]<\/p>\n<h3 >PCS conferentietechnologie<\/h3>\n<p>[menu theme_location='dolmetschertechnik-mieten-stuttgart-3\u2032]<br \/>\n[\/column]<\/p>\n<\/div>","protected":false},"excerpt":{"rendered":"<p>Alles Gute zum Welt\u00fcbersetzertag! Der 30. September ist Internationaler \u00dcbersetzertag! Die UN-Vollversammlung hat den \u201eInternational Translation Day\u201c ausgerufen \u2013 zur j\u00e4hrlichen W\u00fcrdigung der \u00dcbersetzer, Dolmetscher und Terminologen, die ma\u00dfgeblich zur Verst\u00e4ndigung zwischen den Nationen und zum Weltfrieden beitragen. Wir gratulieren ganz herzlich und m\u00f6chten Sie bei Ihrer wertvollen Arbeit weiterhin voll und ganz unterst\u00fctzen. PCS [&hellip;]<\/p>","protected":false},"author":1,"featured_media":45482,"parent":0,"menu_order":0,"comment_status":"closed","ping_status":"closed","template":"page-right-sidebar.php","meta":{"_acf_changed":false,"footnotes":""},"class_list":["post-11420","page","type-page","status-publish","has-post-thumbnail","hentry"],"acf":[],"_links":{"self":[{"href":"https:\/\/konferenztechnik.de\/nl\/wp-json\/wp\/v2\/pages\/11420","targetHints":{"allow":["GET"]}}],"collection":[{"href":"https:\/\/konferenztechnik.de\/nl\/wp-json\/wp\/v2\/pages"}],"about":[{"href":"https:\/\/konferenztechnik.de\/nl\/wp-json\/wp\/v2\/types\/page"}],"author":[{"embeddable":true,"href":"https:\/\/konferenztechnik.de\/nl\/wp-json\/wp\/v2\/users\/1"}],"replies":[{"embeddable":true,"href":"https:\/\/konferenztechnik.de\/nl\/wp-json\/wp\/v2\/comments?post=11420"}],"version-history":[{"count":0,"href":"https:\/\/konferenztechnik.de\/nl\/wp-json\/wp\/v2\/pages\/11420\/revisions"}],"wp:featuredmedia":[{"embeddable":true,"href":"https:\/\/konferenztechnik.de\/nl\/wp-json\/wp\/v2\/media\/45482"}],"wp:attachment":[{"href":"https:\/\/konferenztechnik.de\/nl\/wp-json\/wp\/v2\/media?parent=11420"}],"curies":[{"name":"wp","href":"https:\/\/api.w.org\/{rel}","templated":true}]}}