{"id":1226,"date":"2013-08-23T10:56:17","date_gmt":"2013-08-23T08:56:17","guid":{"rendered":"https:\/\/pcs-miete.de\/?page_id=1226"},"modified":"2023-07-05T15:00:54","modified_gmt":"2023-07-05T13:00:54","slug":"liftsystemen","status":"publish","type":"page","link":"https:\/\/konferenztechnik.de\/nl\/distributie-van-conferentie-en-av-mediatechnologie\/videotechnologie\/liftsystemen\/","title":{"rendered":"Liften voor projectoren en beeldschermen"},"content":{"rendered":"<h1>Liftsystemen voor projectoren en beeldschermen<\/h1>\n<p>Breng uw beeldscherm of touchscreen met \u00e9\u00e9n druk op de knop \u2013 snel, stil en flexibel in positie. PCS biedt u verschillende liftsystemen: schaarliften, hefliften en trekliften. Uw video, presentatie of beelden zijn daardoor altijd goed zichtbaar op de gewenste locatie op het juiste moment.<\/p>\n<p>Verborgen in muren, vloeren, plafonds of meubels worden flatscreens, monitoren of projectoren alleen zichtbaar wanneer ze nodig zijn.<\/p>\n<p>Wij bieden u oplossingen op maat, perfect afgestemd op uw behoeften en gebouwen. Universele interfaces voor liften en beugels maken de installatie van apparaten van bijna alle fabrikanten, types en maten mogelijk.<\/p>\n<p><img fetchpriority=\"high\" decoding=\"async\" class=\"size-full wp-image-1368\" src=\"https:\/\/konferenztechnik.de\/wp-content\/uploads\/2013\/08\/03-beamer-wandsysteme.jpg\" alt=\"Wandsystemen\" width=\"288\" height=\"198\" title=\"\"> Wandsystemen<\/p>\n<p><img decoding=\"async\" class=\"size-full wp-image-1369\" src=\"https:\/\/konferenztechnik.de\/wp-content\/uploads\/2013\/08\/04-beamer-einbaulifte.jpg\" alt=\"Ingebouwde liften\" width=\"288\" height=\"198\" title=\"\"> Ingebouwde liften<\/p>\n<p><img decoding=\"async\" class=\"size-full wp-image-1367\" src=\"https:\/\/konferenztechnik.de\/wp-content\/uploads\/2013\/08\/02-beamer-deckenlifte.jpg\" alt=\"Plafondliften\" width=\"288\" height=\"198\" title=\"\"> Plafondliften<\/p>\n<p>De grootte van de ruimte speelt geen rol. Toepassingen zijn te vinden in trainings- en vergaderruimtes, collegezalen, scholen, conferentieverdiepingen in hotels en in de smart home \u2013 als standalone systeem of ge\u00efntegreerd in uw mediabesturingssysteem.<\/p>\n<p>Maak gewoon een afspraak voor een persoonlijk adviesgesprek met onze specialisten.<\/p>","protected":false},"excerpt":{"rendered":"<p>Liftsysteme f\u00fcr Beamer und Displays Bringen Sie Ihr Display oder Ihren Touchscreen mit nur einem Knopfdruck in Position &#8211; schnell, leise und flexibel. Bei PCS stehen Ihnen unterschiedlichen Liftsysteme zur Verf\u00fcgung: Scherenliften, Hublifte und Zuglifte. Ihr Video, Ihre Pr\u00e4sentation oder Ihre Bilder sind somit immer zum richtigen Zeitpunkt gut sichtbar am gew\u00fcnschten Ort. Verborgen in [&hellip;]<\/p>","protected":false},"author":1,"featured_media":45482,"parent":1138,"menu_order":227,"comment_status":"closed","ping_status":"open","template":"","meta":{"_acf_changed":false,"footnotes":""},"class_list":["post-1226","page","type-page","status-publish","has-post-thumbnail","hentry"],"acf":[],"_links":{"self":[{"href":"https:\/\/konferenztechnik.de\/nl\/wp-json\/wp\/v2\/pages\/1226","targetHints":{"allow":["GET"]}}],"collection":[{"href":"https:\/\/konferenztechnik.de\/nl\/wp-json\/wp\/v2\/pages"}],"about":[{"href":"https:\/\/konferenztechnik.de\/nl\/wp-json\/wp\/v2\/types\/page"}],"author":[{"embeddable":true,"href":"https:\/\/konferenztechnik.de\/nl\/wp-json\/wp\/v2\/users\/1"}],"replies":[{"embeddable":true,"href":"https:\/\/konferenztechnik.de\/nl\/wp-json\/wp\/v2\/comments?post=1226"}],"version-history":[{"count":0,"href":"https:\/\/konferenztechnik.de\/nl\/wp-json\/wp\/v2\/pages\/1226\/revisions"}],"up":[{"embeddable":true,"href":"https:\/\/konferenztechnik.de\/nl\/wp-json\/wp\/v2\/pages\/1138"}],"wp:featuredmedia":[{"embeddable":true,"href":"https:\/\/konferenztechnik.de\/nl\/wp-json\/wp\/v2\/media\/45482"}],"wp:attachment":[{"href":"https:\/\/konferenztechnik.de\/nl\/wp-json\/wp\/v2\/media?parent=1226"}],"curies":[{"name":"wp","href":"https:\/\/api.w.org\/{rel}","templated":true}]}}