{"id":1242,"date":"2013-08-23T11:24:29","date_gmt":"2013-08-23T09:24:29","guid":{"rendered":"https:\/\/pcs-miete.de\/?page_id=1242"},"modified":"2023-07-05T10:53:31","modified_gmt":"2023-07-05T08:53:31","slug":"videoconferentiesystemen-en-cameras","status":"publish","type":"page","link":"https:\/\/konferenztechnik.de\/nl\/distributie-van-conferentie-en-av-mediatechnologie\/videotechnologie\/videoconferentiesystemen-en-cameras\/","title":{"rendered":"Videoconferentiesystemen en camera's"},"content":{"rendered":"<div data-elementor-type=\"wp-page\" data-elementor-id=\"1242\" class=\"elementor elementor-1242\" data-elementor-post-type=\"page\">\n\t\t\t\t\t\t<section data-particle_enable=\"false\" data-particle-mobile-disabled=\"false\" class=\"elementor-section elementor-top-section elementor-element elementor-element-46c728b7 elementor-section-boxed elementor-section-height-default elementor-section-height-default\" data-id=\"46c728b7\" data-element_type=\"section\">\n\t\t\t\t\t\t<div class=\"elementor-container elementor-column-gap-default\">\n\t\t\t\t\t<div class=\"elementor-column elementor-col-100 elementor-top-column elementor-element elementor-element-11c45f1c\" data-id=\"11c45f1c\" data-element_type=\"column\">\n\t\t\t<div class=\"elementor-widget-wrap elementor-element-populated\">\n\t\t\t\t\t\t<div class=\"elementor-element elementor-element-11a61641 elementor-widget elementor-widget-text-editor\" data-id=\"11a61641\" data-element_type=\"widget\" data-widget_type=\"text-editor.default\">\n\t\t\t\t<div class=\"elementor-widget-container\">\n\t\t\t\t\t\t\t\t\t<h1>Videoconferentiesystemen en camera's<\/h1>\nVideoconferentiesystemen maken momenteel een ware hausse door. Er kan enorm bespaard worden op reiskosten voor vergaderingen en kleinere conferenties van allerlei aard. De aanschaf is vooral de moeite waard voor regelmatige personeelsvergaderingen bij bedrijven met meerdere vestigingen in Duitsland en in het buitenland. Een ander typisch gebruik is in advocatenkantoren, die regelmatig vergaderingen met hun klanten kunnen houden zonder hun kostbare tijd in een vliegtuig of trein te moeten doorbrengen. Tegelijkertijd kan ook het milieu aanzienlijk worden gespaard. Bovendien, terwijl je vroeger een bedrag van zes cijfers moest neertellen voor een videoconferentiesysteem, zijn deze systemen nu steeds betaalbaarder.\n<h2>Sony PCS-XG80 videoconferentiesysteem<\/h2>\n<a href=\"https:\/\/konferenztechnik.de\/wp-content\/uploads\/2013\/09\/Sony_Videokonferenzanlage_PCS-XG80_gross.jpg\"><img fetchpriority=\"high\" decoding=\"async\" width=\"800\" height=\"627\" class=\"alignleft size-full wp-image-2641\" src=\"https:\/\/konferenztechnik.de\/wp-content\/uploads\/2013\/09\/Sony_Videokonferenzanlage_PCS-XG80_gross.jpg\" alt=\"Sony_Video_Conferentie_PCS-XG80_groot\" title=\"\" srcset=\"https:\/\/konferenztechnik.de\/wp-content\/uploads\/2013\/09\/Sony_Videokonferenzanlage_PCS-XG80_gross.jpg 800w, https:\/\/konferenztechnik.de\/wp-content\/uploads\/2013\/09\/Sony_Videokonferenzanlage_PCS-XG80_gross-300x235.jpg 300w, https:\/\/konferenztechnik.de\/wp-content\/uploads\/2013\/09\/Sony_Videokonferenzanlage_PCS-XG80_gross-768x602.jpg 768w\" sizes=\"(max-width: 800px) 100vw, 800px\" \/><\/a>\n\nHet videoconferentiesysteem van Sony levert eersteklas, haarscherpe HD-beelden met een resolutie van 1080i en een uitstekende geluidskwaliteit voor heldere communicatie. Het videoconferentiesysteem wordt aangesloten op ISDN-telefoonlijnen of (nu standaard) op het computernetwerk van het bedrijf (met een eigen IP-adres). Dit maakt een snelle en veilige (want versleutelde) overdracht via het internet mogelijk. De installatie is ongecompliceerd, de bediening eenvoudig. We helpen jou of je beheerders graag bij het integreren van het systeem in je lokale netwerk (LAN).\t\t\t\t\t\t\t\t<\/div>\n\t\t\t\t<\/div>\n\t\t\t\t\t<\/div>\n\t\t<\/div>\n\t\t\t\t\t<\/div>\n\t\t<\/section>\n\t\t\t\t<\/div>","protected":false},"excerpt":{"rendered":"<p>Videokonferenzanlagen und Kameras Videokonferenzsysteme erleben zurzeit einen regelrechten Boom. F\u00fcr Meetings und kleinere Konferenzen jeglicher Art k\u00f6nnen hier enorme Reisekosten eingespart werden. Gerade bei regelm\u00e4\u00dfigen Mitarbeiterbesprechungen von Firmen mit mehreren Niederlassungen im In- und Ausland lohnt sich die Anschaffung. Ein weiterer typischer Einsatz ist in Anwaltskanzleien, die regelm\u00e4\u00dfige Sitzungen mit ihren Kunden abhalten k\u00f6nnen, ohne [&hellip;]<\/p>","protected":false},"author":1,"featured_media":45482,"parent":1138,"menu_order":223,"comment_status":"closed","ping_status":"open","template":"","meta":{"_acf_changed":false,"footnotes":""},"class_list":["post-1242","page","type-page","status-publish","has-post-thumbnail","hentry"],"acf":[],"_links":{"self":[{"href":"https:\/\/konferenztechnik.de\/nl\/wp-json\/wp\/v2\/pages\/1242","targetHints":{"allow":["GET"]}}],"collection":[{"href":"https:\/\/konferenztechnik.de\/nl\/wp-json\/wp\/v2\/pages"}],"about":[{"href":"https:\/\/konferenztechnik.de\/nl\/wp-json\/wp\/v2\/types\/page"}],"author":[{"embeddable":true,"href":"https:\/\/konferenztechnik.de\/nl\/wp-json\/wp\/v2\/users\/1"}],"replies":[{"embeddable":true,"href":"https:\/\/konferenztechnik.de\/nl\/wp-json\/wp\/v2\/comments?post=1242"}],"version-history":[{"count":0,"href":"https:\/\/konferenztechnik.de\/nl\/wp-json\/wp\/v2\/pages\/1242\/revisions"}],"up":[{"embeddable":true,"href":"https:\/\/konferenztechnik.de\/nl\/wp-json\/wp\/v2\/pages\/1138"}],"wp:featuredmedia":[{"embeddable":true,"href":"https:\/\/konferenztechnik.de\/nl\/wp-json\/wp\/v2\/media\/45482"}],"wp:attachment":[{"href":"https:\/\/konferenztechnik.de\/nl\/wp-json\/wp\/v2\/media?parent=1242"}],"curies":[{"name":"wp","href":"https:\/\/api.w.org\/{rel}","templated":true}]}}