{"id":12456,"date":"2018-02-06T10:01:05","date_gmt":"2018-02-06T09:01:05","guid":{"rendered":"https:\/\/www.konferenztechnik.de\/?page_id=12456"},"modified":"2023-09-01T13:14:59","modified_gmt":"2023-09-01T11:14:59","slug":"beyerdynamic-unite-communicatiesysteem","status":"publish","type":"page","link":"https:\/\/konferenztechnik.de\/nl\/beyerdynamic-unite-communicatiesysteem\/","title":{"rendered":"Beyerdynamic UNITE communicatiesysteem"},"content":{"rendered":"<h1>Beyerdynamic UNITE \u2013 digitaal draadloos communicatiesysteem<\/h1>\n<p><img fetchpriority=\"high\" decoding=\"async\" width=\"850\" height=\"618\" src=\"https:\/\/konferenztechnik.de\/wp-content\/uploads\/2018\/02\/bayerdynamic-unite-fuehrungsanlage.jpg\" alt=\"Beyerdynamic UNITE geleidingssysteem\" class=\"alignleft size-full wp-image-12467\" title=\"\" srcset=\"https:\/\/konferenztechnik.de\/wp-content\/uploads\/2018\/02\/bayerdynamic-unite-fuehrungsanlage.jpg 850w, https:\/\/konferenztechnik.de\/wp-content\/uploads\/2018\/02\/bayerdynamic-unite-fuehrungsanlage-300x218.jpg 300w, https:\/\/konferenztechnik.de\/wp-content\/uploads\/2018\/02\/bayerdynamic-unite-fuehrungsanlage-768x558.jpg 768w\" sizes=\"(max-width: 850px) 100vw, 850px\" \/><\/p>\n<p>Beyerdynamic heeft op de ISE 2018 beurs in Amsterdam het nieuwe UNITE communicatiesysteem gepresenteerd. De Beyerdynamic UNITE is een modern begeleidingssysteem voor bezoekers. De nieuwe \"Multi-Way-Communication\" functie maakt het mogelijk om een dialoog aan te gaan met het publiek. Deelnemers kunnen direct vragen stellen via hun ontvanger, hoorbaar voor iedereen. Er kunnen maximaal drie mensen tegelijkertijd in het systeem spreken. Dit betekent dat het nu ook mogelijk is om extra reisleiders of fluistertolken in de communicatie op te nemen.<\/p>\n<h2>Hoogtepunten van het UNITE systeem<\/h2>\n<div id=\"newscontainer\">\n<div class=\"newskasten\">\n<img decoding=\"async\" width=\"83\" height=\"83\" src=\"https:\/\/konferenztechnik.de\/wp-content\/uploads\/2018\/02\/Schnittstellen-fuer-Toneinspielungen.png\" alt=\"5 interfaces voor geluidsopnamen\" class=\"size-full wp-image-12474\" title=\"\"><br \/>\n[duidelijk]<br \/>\n5 interfaces voor geluidsopnamen<\/div>\n<div class=\"newskasten\">\n<img decoding=\"async\" width=\"83\" height=\"83\" src=\"https:\/\/konferenztechnik.de\/wp-content\/uploads\/2018\/02\/Automatic-Level-Control.png\" alt=\"Automatische niveauregeling\" class=\"alignleft size-full wp-image-12463\" title=\"\"><br \/>\n[duidelijk]<br \/>\nAutomatische niveauregeling en ruisonderdrukking<\/div>\n<div class=\"newskasten\">\n<img loading=\"lazy\" decoding=\"async\" width=\"83\" height=\"83\" src=\"https:\/\/konferenztechnik.de\/wp-content\/uploads\/2018\/02\/gleichzeitig-sprechen.png\" alt=\"Er kunnen er drie tegelijk spreken\" class=\"size-full wp-image-12471\" title=\"\"><br \/>\n[duidelijk]<br \/>\nTot drie luidsprekers tegelijk<\/div>\n<div class=\"newskasten\">\n<img loading=\"lazy\" decoding=\"async\" width=\"83\" height=\"83\" src=\"https:\/\/konferenztechnik.de\/wp-content\/uploads\/2018\/02\/biderektionale-uebertragung-1.png\" alt=\"Bidirectionele communicatie\" class=\"alignleft size-full wp-image-12477\" title=\"\"><br \/>\n[duidelijk]<br \/>\nBidirectionele communicatie<\/div>\n<div class=\"newskasten\">\n<img loading=\"lazy\" decoding=\"async\" width=\"83\" height=\"83\" src=\"https:\/\/konferenztechnik.de\/wp-content\/uploads\/2018\/02\/dect.png\" alt=\"Beyerdynamic UNITE DECT-standaard\" class=\"alignleft size-full wp-image-12470\" title=\"\"><br \/>\n[duidelijk]<br \/>\nDECT standaard<\/div>\n<div class=\"newskasten\">\n<img loading=\"lazy\" decoding=\"async\" src=\"https:\/\/konferenztechnik.de\/wp-content\/uploads\/2018\/02\/32-Gruppen-Gleichzeitig.png\" alt=\"32 groepen of kanalen parallel\" width=\"83\" height=\"83\" class=\"alignleft size-full wp-image-12460\" title=\"\"><br \/>\n[duidelijk]<br \/>\nTot 32 groepen (kanalen) parallel<\/div>\n<\/div>\n<p>[duidelijk]<\/p>\n<h2>Moderne interfaces<\/h2>\n<p>Het Beyerdynamic UNITE systeem heeft moderne interfaces. Deze omvatten een jack-aansluiting, een USB-aansluiting en een Bluetooth-interface. Dit maakt het eenvoudig om audiosignalen te importeren (muziek, origineel geluid, audiospelen) of om Bluetooth apparaten zoals headsets aan te sluiten op het UNITE systeem.<\/p>\n<h2>Hoge spraakverstaanbaarheid en geluidskwaliteit<\/h2>\n<p>De audioprocessor in de digitale UNITE optimaliseert automatisch de spraakverstaanbaarheid. Dankzij de automatische niveauregeling wordt de spreker altijd op het perfecte volume weergegeven. Zelfs als de spreker zacht spreekt of als de afstand tot de microfoon groter is. Ruisonderdrukking helpt om de spraakverstaanbaarheid hoog te houden, zelfs in moeilijke situaties (bijv. tijdens fabrieksrondleidingen of op beurzen in lawaaiige hallen).<\/p>\n<h2>DECT als toekomstbestendige transmissietechnologie<\/h2>\n<p>UNITE maakt gebruik van de DECT-standaard. De apparaten kunnen worden gebruikt zonder extra autorisaties en licentiekosten. Het systeem zorgt automatisch voor het frequentiebeheer zodat de gebruiker zich nergens zorgen over hoeft te maken. Met de Beyerdynamic UNITE is het mogelijk om tot 32 groepen (d.w.z. kanalen) tegelijkertijd uit te zenden. De DECT standaard biedt ook een zeer groot bereik.<\/p>\n<h2>Beyerdynamic UNITE \u2013 apparaten en accessoires<\/h2>\n<p>Het UNITE systeem zal verkrijgbaar zijn in verschillende versies en met verschillende accessoires. Deze omvatten bodypackzenders, handzenders, ontvangers met talkbackfunctie, laadkoffers en zelfs inductieslingers.<br \/>\n[duidelijk]<br \/>\n[spacer size=\"20\u2033]<br \/>\n[column size=\"1-3\u2033 last=\"0\u2033]<\/p>\n<figure id=\"attachment_12466\" aria-describedby=\"caption-attachment-12466\" style=\"width: 850px\" class=\"wp-caption alignleft\"><img loading=\"lazy\" decoding=\"async\" src=\"https:\/\/konferenztechnik.de\/wp-content\/uploads\/2018\/02\/bayerdynamic-unite-empfaenger-sender.jpg\" alt=\"\" width=\"850\" height=\"680\" class=\"size-full wp-image-12466\" title=\"\" srcset=\"https:\/\/konferenztechnik.de\/wp-content\/uploads\/2018\/02\/bayerdynamic-unite-empfaenger-sender.jpg 850w, https:\/\/konferenztechnik.de\/wp-content\/uploads\/2018\/02\/bayerdynamic-unite-empfaenger-sender-300x240.jpg 300w, https:\/\/konferenztechnik.de\/wp-content\/uploads\/2018\/02\/bayerdynamic-unite-empfaenger-sender-768x614.jpg 768w\" sizes=\"(max-width: 850px) 100vw, 850px\" \/><figcaption id=\"caption-attachment-12466\" class=\"wp-caption-text\">UNITE TH | handzender &amp; Unite RP-T | bodypack ontvanger met talkbackfunctie<\/figcaption><\/figure>\n<p>[\/column]<br \/>\n[column size=\"1-2\u2033 last=\"1\u2033]<\/p>\n<figure id=\"attachment_12486\" aria-describedby=\"caption-attachment-12486\" style=\"width: 850px\" class=\"wp-caption alignleft\"><img loading=\"lazy\" decoding=\"async\" src=\"https:\/\/konferenztechnik.de\/wp-content\/uploads\/2018\/02\/bayerdynamic-unite-ladekoffer-b.jpg\" alt=\"beyerdynamische-eenheid-oplaadkoffer-b\" width=\"850\" height=\"680\" class=\"size-full wp-image-12486\" title=\"\" srcset=\"https:\/\/konferenztechnik.de\/wp-content\/uploads\/2018\/02\/bayerdynamic-unite-ladekoffer-b.jpg 850w, https:\/\/konferenztechnik.de\/wp-content\/uploads\/2018\/02\/bayerdynamic-unite-ladekoffer-b-300x240.jpg 300w, https:\/\/konferenztechnik.de\/wp-content\/uploads\/2018\/02\/bayerdynamic-unite-ladekoffer-b-768x614.jpg 768w\" sizes=\"(max-width: 850px) 100vw, 850px\" \/><figcaption id=\"caption-attachment-12486\" class=\"wp-caption-text\">UNITE CC-24P | Transport- en laadkoffer, verschillende varianten en maten beschikbaar<\/figcaption><\/figure>\n<p>[\/column]<\/p>\n<h2>Toepassingsgebieden Beyerdynamic UNITE<\/h2>\n<p>[list icon=\"moon-checkmark\" color=\"#a62055\u2033]Gidsensysteem[\/list]<br \/>\n[list icon=\"moon-checkmark\" color=\"#a62055\u2033]Fabrieksrondleidingen[\/list]<br \/>\n[list icon=\"moon-checkmark\" color=\"#a62055\u2033]Groepsreizen[\/list]<br \/>\n[list icon=\"moon-checkmark\" color=\"#a62055\u2033] Gefluisterde vertolking[\/list]<br \/>\n[list icon=\"moon-checkmark\" color=\"#a62055\u2033]Bezoekerstours[\/list]<br \/>\n[list icon=\"moon-checkmark\" color=\"#a62055\u2033]Routebeschrijving[\/list]<br \/>\n[list icon=\"moon-checkmark\" color=\"#a62055\u2033]Presentaties[\/list]<\/p>\n<p>[spacer size=\"20\u2033]<\/p>\n<h2>Beyerdynamic UNITE \u2013 kopen Beschikbaarheid<\/h2>\n<p>Het UNITE-systeem werd in februari van dit jaar gepresenteerd op ISE 2018 en bevindt zich nog in de laatste testfase. We zullen hier verslag uitbrengen zodra het systeem beschikbaar is.<\/p>\n<p><a href=\"https:\/\/konferenztechnik.de\/nl\/beyerdynamic-unite-digitaal-geleidingssysteem\/\">Beyerdynamic UNITE \u2013 technische gegevens<\/a><br \/>\n<a href=\"https:\/\/konferenztechnik.de\/nl\/beyerdynamic-unite-bezoekersbegeleidingssysteem\/\">Beyerdynamic UNITE \u2013 Indrukken van de ISE<\/a><br \/>\n<a href=\"\/nl\/persoonlijk-begeleidingssysteem-kopen\/\">Overzicht van passagiersgeleidingssystemen<\/a><\/p>","protected":false},"excerpt":{"rendered":"<p>Beyerdynamic UNITE &#8211; digitales drahtloses Kommunikationssystem Beyerdynamic hat auf der Amsterdamer Messe ISE 2018 das neue UNITE Kommunikationssystem vorgestellt. Das Beyerdynamic UNITE ist eine moderne Besucher-F\u00fchrungsanlage. \u00dcber die neue Funktion &#8222;Multi-Way-Communication&#8220; ist es m\u00f6glich, mit den Zuh\u00f6rern in einen Dialog zu treten. Die Teilnehmer k\u00f6nnen direkt \u00fcber ihren Empf\u00e4nger, f\u00fcr alle h\u00f6rbar, R\u00fcckfragen stellen. Im [&hellip;]<\/p>","protected":false},"author":1,"featured_media":45482,"parent":0,"menu_order":0,"comment_status":"closed","ping_status":"closed","template":"","meta":{"_acf_changed":false,"footnotes":""},"class_list":["post-12456","page","type-page","status-publish","has-post-thumbnail","hentry"],"acf":[],"_links":{"self":[{"href":"https:\/\/konferenztechnik.de\/nl\/wp-json\/wp\/v2\/pages\/12456","targetHints":{"allow":["GET"]}}],"collection":[{"href":"https:\/\/konferenztechnik.de\/nl\/wp-json\/wp\/v2\/pages"}],"about":[{"href":"https:\/\/konferenztechnik.de\/nl\/wp-json\/wp\/v2\/types\/page"}],"author":[{"embeddable":true,"href":"https:\/\/konferenztechnik.de\/nl\/wp-json\/wp\/v2\/users\/1"}],"replies":[{"embeddable":true,"href":"https:\/\/konferenztechnik.de\/nl\/wp-json\/wp\/v2\/comments?post=12456"}],"version-history":[{"count":0,"href":"https:\/\/konferenztechnik.de\/nl\/wp-json\/wp\/v2\/pages\/12456\/revisions"}],"wp:featuredmedia":[{"embeddable":true,"href":"https:\/\/konferenztechnik.de\/nl\/wp-json\/wp\/v2\/media\/45482"}],"wp:attachment":[{"href":"https:\/\/konferenztechnik.de\/nl\/wp-json\/wp\/v2\/media?parent=12456"}],"curies":[{"name":"wp","href":"https:\/\/api.w.org\/{rel}","templated":true}]}}