{"id":1289,"date":"2013-08-23T13:43:12","date_gmt":"2013-08-23T11:43:12","guid":{"rendered":"https:\/\/pcs-miete.de\/?page_id=1289"},"modified":"2023-07-05T14:11:50","modified_gmt":"2023-07-05T12:11:50","slug":"audiotechnologie-microfoons-geluidsversterking-controlekamer-en-afspelen","status":"publish","type":"page","link":"https:\/\/konferenztechnik.de\/nl\/distributie-van-conferentie-en-av-mediatechnologie\/audiotechnologie-microfoons-geluidsversterking-controlekamer-en-afspelen\/","title":{"rendered":"Audiotechnologie: microfoons, geluidsversterking, controlekamer en afspelen"},"content":{"rendered":"<h1>Audiotechnologie: microfoons, mengpanelen, geluidssysteem<\/h1>\n<p><a href=\"\/nl\/distributie-van-conferentie-en-av-mediatechnologie\/audiotechnologie-microfoons-geluidsversterking-controlekamer-en-afspelen\/microfoons\/\"><img fetchpriority=\"high\" decoding=\"async\" class=\"alignnone size-full wp-image-1208\" alt=\"a1\" src=\"https:\/\/konferenztechnik.de\/wp-content\/uploads\/2013\/08\/a1.jpg\" width=\"288\" height=\"198\" title=\"\"><\/a><a href=\"\/nl\/distributie-van-conferentie-en-av-mediatechnologie\/audiotechnologie-microfoons-geluidsversterking-controlekamer-en-afspelen\/microfoons\/\"><br \/>\nMicrofoons<\/a><\/p>\n<p><a href=\"\/nl\/distributie-van-conferentie-en-av-mediatechnologie\/audiotechnologie-microfoons-geluidsversterking-controlekamer-en-afspelen\/geluidsinstallatie\/\"><img decoding=\"async\" class=\"alignnone size-full wp-image-1208\" alt=\"Schermen en displays\" src=\"https:\/\/konferenztechnik.de\/wp-content\/uploads\/2013\/08\/a2.jpg\" width=\"288\" height=\"198\" title=\"\"><\/a><a href=\"\/nl\/distributie-van-conferentie-en-av-mediatechnologie\/audiotechnologie-microfoons-geluidsversterking-controlekamer-en-afspelen\/geluidsinstallatie\/\"><br \/>\nGeluidssysteem<\/a><\/p>\n<p><a href=\"\/nl\/distributie-van-conferentie-en-av-mediatechnologie\/audiotechnologie-microfoons-geluidsversterking-controlekamer-en-afspelen\/mengpanelen\/\"><img decoding=\"async\" class=\"alignnone size-full wp-image-1209\" alt=\"Bevestigingen voor beamers en projectoren\" src=\"https:\/\/konferenztechnik.de\/wp-content\/uploads\/2013\/08\/a3.jpg\" width=\"288\" height=\"198\" title=\"\"><\/a><a href=\"\/nl\/distributie-van-conferentie-en-av-mediatechnologie\/audiotechnologie-microfoons-geluidsversterking-controlekamer-en-afspelen\/mengpanelen\/\"><br \/>\nMengpanelen<\/a><\/p>\n<p><a href=\"\/nl\/distributie-van-conferentie-en-av-mediatechnologie\/audiotechnologie-microfoons-geluidsversterking-controlekamer-en-afspelen\/dynamiek-en-effecten\/\"><img loading=\"lazy\" decoding=\"async\" class=\"alignnone size-full wp-image-1211\" alt=\"Behuizing voor projectoren\" src=\"https:\/\/konferenztechnik.de\/wp-content\/uploads\/2013\/08\/a4.jpg\" width=\"288\" height=\"198\" title=\"\"><\/a><a href=\"\/nl\/distributie-van-conferentie-en-av-mediatechnologie\/audiotechnologie-microfoons-geluidsversterking-controlekamer-en-afspelen\/dynamiek-en-effecten\/\"><br \/>\nDigitale signaalverwerking (DSP)<\/a><\/p>\n<p><a href=\"\/nl\/distributie-van-conferentie-en-av-mediatechnologie\/registratie\/\"><img loading=\"lazy\" decoding=\"async\" src=\"https:\/\/konferenztechnik.de\/wp-content\/uploads\/2013\/08\/audiotechnik-bei-pcs_marantz-mp3-rekorder.jpg\" alt=\"Audiotechnologie bij PCS - Opnemen en loggen\" width=\"288\" height=\"198\" class=\"alignleft size-full wp-image-3491\" title=\"\"><br \/>\nOpnemen en afspelen<\/a><\/p>\n<div class=\"boxcontainer\">\n<div class=\"box1-2\">\n<h1>Contactpersoon<\/h1>\n<\/div>\n<div class=\"box1-2-order\">\n<h1>Verdere links<\/h1>\n<\/div>\n<div class=\"box1-4\">\n<div class=\"box-head\">Distributie en verkoop<\/div>\n<\/div>\n<div class=\"box2-4-2\" style=\"order:1;\">\n<div class=\"weiterlinks\">\n<ul>\n<a title=\"Verdeling per productgroep\" href=\"\/nl\/productgroepen\/\">Verdeling per productgroep<\/a><br \/>\n<a title=\"Verdeling per fabrikant\" href=\"\/nl\/fabrikant\/\">Verdeling per fabrikant<\/a><br \/>\n<a title=\"Producten op maat, onderhoud en reparaties\" href=\"\/nl\/diensten-2\/onderhoud-en-reparatie\/\">Producten op maat, onderhoud en reparaties<\/a><br \/>\n<a title=\"10 goede redenen voor PCS\" href=\"\/nl\/over-ons-2\/10-goede-redenen-voor-pcs\/\">10 goede redenen voor PCS<\/a><br \/>\n<a title=\"Referenties\" href=\"\/nl\/over-ons-2\/referentielijst-installatie\/\">Referenties Installatie en integratie<\/a><br \/>\n<a title=\"PCS: Alle services in een oogopslag\" href=\"\/nl\/diensten-2\/\">PCS: Alle services in een oogopslag<\/a><\/ul>\n<\/div>\n<\/div>\n<\/div>","protected":false},"excerpt":{"rendered":"<p>Audiotechnik: Mikrofone, Mischpulte, Beschallung Mikrofone Beschallung Mischpulte Digital Signal Processing (DSP) Aufnahme und Wiedergabe Ansprechpartner Weiterf\u00fchrende Links Vertrieb und Verkauf Vertrieb nach Produktgruppen Vertrieb nach Hersteller Sonderanfertigungen, Wartung und Reparaturen 10 gute Gr\u00fcnde f\u00fcr PCS Referenzen Installation und Integration PCS: Alle Leistungen im \u00dcberblick<\/p>","protected":false},"author":1,"featured_media":45482,"parent":3614,"menu_order":219,"comment_status":"closed","ping_status":"open","template":"","meta":{"_acf_changed":false,"footnotes":""},"class_list":["post-1289","page","type-page","status-publish","has-post-thumbnail","hentry"],"acf":[],"_links":{"self":[{"href":"https:\/\/konferenztechnik.de\/nl\/wp-json\/wp\/v2\/pages\/1289","targetHints":{"allow":["GET"]}}],"collection":[{"href":"https:\/\/konferenztechnik.de\/nl\/wp-json\/wp\/v2\/pages"}],"about":[{"href":"https:\/\/konferenztechnik.de\/nl\/wp-json\/wp\/v2\/types\/page"}],"author":[{"embeddable":true,"href":"https:\/\/konferenztechnik.de\/nl\/wp-json\/wp\/v2\/users\/1"}],"replies":[{"embeddable":true,"href":"https:\/\/konferenztechnik.de\/nl\/wp-json\/wp\/v2\/comments?post=1289"}],"version-history":[{"count":0,"href":"https:\/\/konferenztechnik.de\/nl\/wp-json\/wp\/v2\/pages\/1289\/revisions"}],"up":[{"embeddable":true,"href":"https:\/\/konferenztechnik.de\/nl\/wp-json\/wp\/v2\/pages\/3614"}],"wp:featuredmedia":[{"embeddable":true,"href":"https:\/\/konferenztechnik.de\/nl\/wp-json\/wp\/v2\/media\/45482"}],"wp:attachment":[{"href":"https:\/\/konferenztechnik.de\/nl\/wp-json\/wp\/v2\/media?parent=1289"}],"curies":[{"name":"wp","href":"https:\/\/api.w.org\/{rel}","templated":true}]}}