{"id":12945,"date":"2023-09-01T13:20:51","date_gmt":"2023-09-01T11:20:51","guid":{"rendered":"https:\/\/www.konferenztechnik.de\/?page_id=12945"},"modified":"2023-09-01T13:20:52","modified_gmt":"2023-09-01T11:20:52","slug":"sennheiser-tourguide-2020-d-kopen","status":"publish","type":"page","link":"https:\/\/konferenztechnik.de\/nl\/sennheiser-tourguide-2020-d-kopen\/","title":{"rendered":"Sennheiser Tourguide 2020 D kopen"},"content":{"rendered":"<h1>Sennheiser Tourguide 2020 D \u2013 digitaal reisbegeleidingssysteem kopen<\/h1>\n<h2>Sennheiser Tourguide 2020 D<\/h2>\n<div class=\"call-action-slider-img\">\n<img fetchpriority=\"high\" decoding=\"async\" width=\"850\" height=\"388\" src=\"https:\/\/konferenztechnik.de\/wp-content\/uploads\/2018\/01\/sennheiser-tourguide-kaufen-set.jpg\" alt=\"Sennheiser Tourguide-set kopen\" class=\"alignnone size-full wp-image-12216\" title=\"\" srcset=\"https:\/\/konferenztechnik.de\/wp-content\/uploads\/2018\/01\/sennheiser-tourguide-kaufen-set.jpg 850w, https:\/\/konferenztechnik.de\/wp-content\/uploads\/2018\/01\/sennheiser-tourguide-kaufen-set-300x137.jpg 300w, https:\/\/konferenztechnik.de\/wp-content\/uploads\/2018\/01\/sennheiser-tourguide-kaufen-set-768x351.jpg 768w\" sizes=\"(max-width: 850px) 100vw, 850px\" \/><br \/>\n<button class=\"bbtn popmake-12226\">Vraag een offerte aan &#x9B;<\/button><\/div>\n<p>Het Sennheiser 2020-D digitale reisbegeleidingssysteem combineert gebruiksgemak met professionele functies: Het Sennheiser reisbegeleidingssysteem kan eenvoudig worden gebruikt voor rondleidingen, conferenties of als hoorondersteuning. De HDE-2020 kinsteunontvangers combineren hoofdtelefoon en ontvanger in \u00e9\u00e9n apparaat. De ontvangers gaan automatisch aan als ze worden opgezet en gaan weer uit als ze langere tijd worden gebruikt.<\/p>\n<p>[duidelijk]<\/p>\n<div id=\"newscontainer\">\n<div class=\"newskasten\">\nOntvanger reisleiding<br \/>\n<img decoding=\"async\" width=\"580\" height=\"450\" src=\"https:\/\/konferenztechnik.de\/wp-content\/uploads\/2013\/12\/Sennheiser_tourguide-2020-kopfbuegelempfaenger.jpg\" alt=\"\" class=\"alignleft size-full wp-image-4195\" title=\"\" srcset=\"https:\/\/konferenztechnik.de\/wp-content\/uploads\/2013\/12\/Sennheiser_tourguide-2020-kopfbuegelempfaenger.jpg 580w, https:\/\/konferenztechnik.de\/wp-content\/uploads\/2013\/12\/Sennheiser_tourguide-2020-kopfbuegelempfaenger-300x233.jpg 300w\" sizes=\"(max-width: 580px) 100vw, 580px\" \/><\/div>\n<div class=\"newskasten newskastenfixodd\">\nOntvanger reisleiding<br \/>\n<img decoding=\"async\" width=\"580\" height=\"450\" src=\"https:\/\/konferenztechnik.de\/wp-content\/uploads\/2013\/12\/Sennheiser_tourguide-2020-kopfbuegelempfaenger.jpg\" alt=\"\" class=\"alignleft size-full wp-image-4195\" title=\"\" srcset=\"https:\/\/konferenztechnik.de\/wp-content\/uploads\/2013\/12\/Sennheiser_tourguide-2020-kopfbuegelempfaenger.jpg 580w, https:\/\/konferenztechnik.de\/wp-content\/uploads\/2013\/12\/Sennheiser_tourguide-2020-kopfbuegelempfaenger-300x233.jpg 300w\" sizes=\"(max-width: 580px) 100vw, 580px\" \/><\/div>\n<div class=\"newskasten newskastenfixodd\">\nOntvanger reisleiding<br \/>\n<img decoding=\"async\" width=\"580\" height=\"450\" src=\"https:\/\/konferenztechnik.de\/wp-content\/uploads\/2013\/12\/Sennheiser_tourguide-2020-kopfbuegelempfaenger.jpg\" alt=\"\" class=\"alignleft size-full wp-image-4195\" title=\"\" srcset=\"https:\/\/konferenztechnik.de\/wp-content\/uploads\/2013\/12\/Sennheiser_tourguide-2020-kopfbuegelempfaenger.jpg 580w, https:\/\/konferenztechnik.de\/wp-content\/uploads\/2013\/12\/Sennheiser_tourguide-2020-kopfbuegelempfaenger-300x233.jpg 300w\" sizes=\"(max-width: 580px) 100vw, 580px\" \/><\/div>\n<\/div>","protected":false},"excerpt":{"rendered":"<p>Sennheiser Tourguide 2020 D kaufen &#8211; Digitale Personenf\u00fchrungsanlage Sennheiser Tourguide 2020 D Angebot anfordern &#x9B; Das digitale Sennheiser 2020-D Tourguide-System kombiniert einfache Handhabung mit professionellen Funktionen: Die Sennheiser F\u00fchrungsanlage kann unkompliziert bei Besucherf\u00fchrungen, Konferenzen oder zur H\u00f6runterst\u00fctzung eingesetzt werden. Die HDE-2020 Kinnb\u00fcgelempf\u00e4nger vereinen Kopfh\u00f6rer und Empf\u00e4nger in einem Ger\u00e4t. Die Empf\u00e4nger schalten sich beim Aufsetzen [&hellip;]<\/p>","protected":false},"author":1,"featured_media":45482,"parent":0,"menu_order":0,"comment_status":"closed","ping_status":"closed","template":"","meta":{"_acf_changed":false,"footnotes":""},"class_list":["post-12945","page","type-page","status-publish","has-post-thumbnail","hentry"],"acf":[],"_links":{"self":[{"href":"https:\/\/konferenztechnik.de\/nl\/wp-json\/wp\/v2\/pages\/12945","targetHints":{"allow":["GET"]}}],"collection":[{"href":"https:\/\/konferenztechnik.de\/nl\/wp-json\/wp\/v2\/pages"}],"about":[{"href":"https:\/\/konferenztechnik.de\/nl\/wp-json\/wp\/v2\/types\/page"}],"author":[{"embeddable":true,"href":"https:\/\/konferenztechnik.de\/nl\/wp-json\/wp\/v2\/users\/1"}],"replies":[{"embeddable":true,"href":"https:\/\/konferenztechnik.de\/nl\/wp-json\/wp\/v2\/comments?post=12945"}],"version-history":[{"count":0,"href":"https:\/\/konferenztechnik.de\/nl\/wp-json\/wp\/v2\/pages\/12945\/revisions"}],"wp:featuredmedia":[{"embeddable":true,"href":"https:\/\/konferenztechnik.de\/nl\/wp-json\/wp\/v2\/media\/45482"}],"wp:attachment":[{"href":"https:\/\/konferenztechnik.de\/nl\/wp-json\/wp\/v2\/media?parent=12945"}],"curies":[{"name":"wp","href":"https:\/\/api.w.org\/{rel}","templated":true}]}}