{"id":13067,"date":"2018-05-03T09:28:17","date_gmt":"2018-05-03T08:28:17","guid":{"rendered":"https:\/\/www.konferenztechnik.de\/?page_id=13067"},"modified":"2023-09-01T13:12:43","modified_gmt":"2023-09-01T11:12:43","slug":"mipro-geleidingssysteem-kopen","status":"publish","type":"page","link":"https:\/\/konferenztechnik.de\/nl\/mipro-geleidingssysteem-kopen\/","title":{"rendered":"Mipro geleidingssysteem kopen"},"content":{"rendered":"<h1>Mipro geleidingssysteem kopen<\/h1>\n<div class=\"call-action-slider-img\">\n<img decoding=\"async\" src=\"https:\/\/konferenztechnik.de\/wp-content\/uploads\/2018\/05\/mipro-tour-guide-kaufen.jpg\" alt=\"Mipro geleidingssysteem kopen\" class=\"alignnone size-full wp-image-12201\" title=\"\"><br \/>\n<button class=\"bbtn popmake-12226\">Vraag een offerte aan &#x9B;<\/button><\/div>\n<h2>Ontvanger MTG-100R<\/h2>\n<p>[spacer size=\"10\u2033]<\/p>\n<p>De kleinste en lichtste ontvanger ter wereld in borstzakformaat. Robuust, duurzaam en gebruiksvriendelijk.<\/p>\n<p>1: Volumeregelaar (instelbaar in 20 niveaus)<\/p>\n<p>2: Aan\/uit-schakelaar (2 seconden ingedrukt houden)<br \/>\ningedrukt houden om in of uit te schakelen)<\/p>\n<p>3: LCD-scherm (weergave voor kanaal, ontvangststerkte,<br \/>\nvolume en batterijstatus)<\/p>\n<p>4: Kanaalkeuzeschakelaar (16 kanalen)<\/p>\n<p>5: Infraroodsensor (voor automatische kanaalselectie)<br \/>\nsynchronisatie in het laadstation)<\/p>\n<p>6: Laadcontacten (voor automatisch opladen<br \/>\nvan de batterijen in het laadstation)<\/p>\n<p>Digitale codering voor veilige signaaloverdracht<br \/>\nbeschermt tegen onbevoegde luisteraars.<br \/>\nDe digitale True Diversity-technologie voorkomt<br \/>\nuitvallers en vergroot de ontvangstruimte. Via<br \/>\nconstante digitale transmissie is er geen noodzaak voor<br \/>\nsignaalverzwakking door de route.<br \/>\nKristalhelder geluid en zeer goede spraakverstaanbaarheid.<br \/>\nAutomatische uitschakelfunctie verminderd<br \/>\nhet stroomverbruik in stand-by en breidt het<br \/>\ndus de totale werktijd.<\/p>\n<hr style=\"background-color:#999999; margin-bottom:30px;\">\n<div class=\"call-action-slider-img\">\n<img decoding=\"async\" src=\"https:\/\/konferenztechnik.de\/wp-content\/uploads\/2018\/05\/mipro-personenfuehrungsanlage-kaufen.jpg\" alt=\"Mipro personenbegeleidingssysteem kopen\" class=\"alignnone size-full wp-image-12201\" title=\"\"><\/p>\n<\/div>\n<h2>MTG-100T \/ MTG-100Ta zakzender<\/h2>\n<p>[spacer size=\"10\u2033]<\/p>\n<p>Ultracompact, ultralicht en in borstzakformaat levert de MTG-100 kristalhelder geluid in de vergunningsvrije ISM-band 863-865 MHz. Tot 16 voorgeprogrammeerde storingsvrije kanalen kunnen worden toegewezen aan verschillende bezoekersgroepen zonder dat ze elkaar storen.<\/p>\n<p>MTG100T: met Li-ion batterij (45 x 84 x 21 mm, 65 g)<\/p>\n<p>MTG100Ta: met AA-batterijen (45 x 84 x 28 mm, 72 g)<\/p>\n<hr style=\"background-color:#999999; margin-bottom:30px;\">\n<div class=\"call-action-slider-img\">\n<img decoding=\"async\" src=\"https:\/\/konferenztechnik.de\/wp-content\/uploads\/2018\/05\/mipro-handsender-MTG-100Ha.jpg\" alt=\"Mipro handmicrofoon PFA\" class=\"alignnone size-full wp-image-12201\" title=\"\"><\/p>\n<\/div>\n<h2>MTG-100Ha handzender<\/h2>\n<p>[spacer size=\"10\u2033]<\/p>\n<p>Kristalhelder geluid en zeer goede spraakverstaanbaarheid. Robuust, duurzaam en gebruiksvriendelijk. Bestand tegen interferentie van Bluetooth, WLAN en 2,4 GHz radiotransmissies.<\/p>\n<p>1: LCD-scherm met achtergrondverlichting<\/p>\n<p>2: Batterijvak<\/p>\n<hr style=\"background-color:#999999; margin-bottom:30px;\">\n<div class=\"call-action-slider-img\">\n<img decoding=\"async\" src=\"https:\/\/konferenztechnik.de\/wp-content\/uploads\/2018\/05\/mipro-sender-pfa.jpg\" alt=\"Mipro zender PFA\" class=\"alignnone size-full wp-image-12201\" title=\"\"><\/p>\n<\/div>\n<h2>Stationaire digitale zender MTS-100<\/h2>\n<p>[spacer size=\"10\u2033]<\/p>\n<p>De MTS-100 stationaire zender kan gebruikt worden als zenderstation voor de MTG-100R en MTG-100Ra ontvangers. Externe audiobronnen zoals een bedrade microfoon, CD\/MP3-speler of audiomixer kunnen eenvoudig worden aangesloten via een XLR\/6,35 mm combinatieaansluiting.<\/p>\n<p>1: Audiosignaalweergave (toont het ingangsniveau)<br \/>\nvan het audiosignaal)<\/p>\n<p>2: Zendsignaalweergave (toont het niveau van het<br \/>\nHF-transmissiesignaal)<\/p>\n<p>3: Zendmodule (modulair, verwisselbaar<br \/>\nZendmodule met 16 voorgeprogrammeerde kanalen)<\/p>\n<hr style=\"background-color:#999999; margin-bottom:30px;\">\n<div class=\"call-action-slider-img\">\n<img decoding=\"async\" src=\"https:\/\/konferenztechnik.de\/wp-content\/uploads\/2018\/05\/mipro-ladekoffer.jpg\" alt=\"Mipro oplaadetui\" class=\"alignnone size-full wp-image-12201\" title=\"\"><\/p>\n<\/div>\n<h2>Oplaad- en transportkoffer MTG-100C-12 \/ MTG-100C-28<\/h2>\n<p>[spacer size=\"10\u2033]<\/p>\n<p>Snel opladen in minder dan 4 uur;<br \/>\nLED-laadniveau-indicator voor elk compartiment (rood: opladen; groen: opgeladen);<br \/>\nDe ACT\u2122-knop (Automatic Channel Targeting) zorgt voor een nauwkeurige en snelle frequentiesynchronisatie tussen de zender en alle ontvangers;<br \/>\nInterne schakelende voeding 100-240V AC.<\/p>\n<p>MTG-100C-12 (voor 12 ontvangers)<\/p>\n<p>MTG-100C-28 (voor 28 ontvangers)<\/p>\n<hr style=\"background-color:#999999; margin-bottom:30px;\">\n<div class=\"call-action-slider-img\">\n<img decoding=\"async\" src=\"https:\/\/konferenztechnik.de\/wp-content\/uploads\/2018\/05\/MTG-100C4-Ladestation.jpg\" alt=\"Mipro laadstation Installatie van personenbegeleidingssysteem\" class=\"alignnone size-full wp-image-12201\" title=\"\"><\/p>\n<\/div>\n<h2>Laadstation MTG-100C4<\/h2>\n<p>[spacer size=\"10\u2033]<\/p>\n<p>4-voudig laadstation voor MTG-100 zender\/ontvanger;<br \/>\nSnel opladen in minder dan 4 uur;<br \/>\nLED-laadniveau-indicator voor elk compartiment (rood: opladen; groen: opgeladen);<br \/>\nAansluiting voor 8V\/0,75A DC voedingseenheid.<\/p>\n<p>Modulair uitbreidbaar, geschikt voor vaste installatie en rekmontage (module met 4 eenheden verkrijgbaar als MTG-100C-16).<\/p>\n<hr style=\"background-color:#999999; margin-bottom:30px;\">\n<div class=\"call-action-slider-img\">\n<img decoding=\"async\" src=\"https:\/\/konferenztechnik.de\/wp-content\/uploads\/2018\/05\/mipro-mikrofone-kopfhoerer.jpg\" alt=\"Mipro microfoons hoofdtelefoon accessoires\" class=\"alignnone size-full wp-image-12201\" title=\"\"><\/p>\n<\/div>\n<h2>Microfoons, hoofdtelefoons, accessoires<\/h2>\n<p>[spacer size=\"10\u2033]<\/p>\n<p>Grote selectie \u2013 microfoons, zowel clip-on als nekband (omnidirectioneel of cardio\u00efde), inductielussen, oortelefoons, stereohoofdtelefoons...<\/p>\n<p>Modulair uitbreidbaar, geschikt voor vaste installatie en rekmontage (module met 4 eenheden verkrijgbaar als MTG-100C-16).<\/p>\n<hr style=\"background-color:#999999; margin-bottom:30px;\">\n<div class=\"call-action-slider-img\">\n<img decoding=\"async\" src=\"https:\/\/konferenztechnik.de\/wp-content\/uploads\/2018\/05\/mipro-fuehrungsanlage.jpg\" alt=\"Mipro geleidingssysteem kopen\" class=\"alignnone size-full wp-image-12201\" title=\"\"><br \/>\n<button class=\"bbtn popmake-12226\">Vraag een offerte aan &#x9B;<\/button><\/div>\n<div style=\"background-color:#f2f2f2; width:100%; display:block; margin-bottom:40px;\">\n<div style=\"text-align:center; width:100%; padding:left:10px; padding-top:18px;\"><img decoding=\"async\" src=\"https:\/\/konferenztechnik.de\/wp-content\/uploads\/2018\/05\/bewerten-happy.png\" alt=\"\" width=\"142\" height=\"42\" class=\"aligncenter size-full wp-image-13128\" title=\"\"><\/div>\n<div style=\"text-align:left; padding:10px;\">Past als een handschoen! Profiteer van ons advies. We denken graag met je mee om te bepalen welk geleidingssysteem in welke configuratie het beste aan jouw eisen voldoet.<\/div>\n<\/div>\n<div class=\"callouthoch\">\n[callout add_button=\"no\" button_text=\"Learn More\" button_url=\"#\" button_color=\"#a62055\u2033]<br \/>\nJe kunt ons rechtstreeks telefonisch bereiken:<br \/>\n[v_icon color=\"#a62055\u2033 size=\"20px\" target=\"_blank\" name=\"moon-phone-2\u2033] +49 211 737798 20<br \/>\n[\/callout]<\/div>\n<div class=\"callouthoch\">\n[callout add_button=\"no\" button_text=\"Learn More\" button_url=\"#\" button_color=\"#a62055\u2033]<br \/>\nStuur vragen per e-mail naar:<br \/>\n[v_icon color=\"#a62055\u2033 size=\"20px\" target=\"_blank\" name=\"moon-envelop-2\u2033] <a href=\"mailto:vertrieb@konferenztechnik.de\" onclick=\"ga('send', 'event', 'Email-Klick', 'F\u00fchrungsanlagen kaufen  Vertrieb');\"> vertrieb@konferenztechnik.de<\/a><br \/>\n[\/callout]<\/div>\n<p>[spacer size=\"10\u2033]<\/p>\n<div class=\"weiterlinks\" style=\"background-color:#ffffff;\">\n<h1>Verdere links<\/h1>\n<p>[list icon=\"moon-arrow-right-2\u2033 colour=\"#a62055\u2033]<a title=\"Ondersteuning voor meertalige evenementen\" href=\"\/nl\/persoonlijk-begeleidingssysteem-kopen\/\">Overzichtspagina voor passagiersbegeleidingssystemen<\/a>[\/list]<br \/>\n[list icon=\"moon-arrow-right-2\u2033 colour=\"#a62055\u2033]<a title=\"Ondersteuning voor meertalige evenementen\" href=\"\/nl\/beyerdynamic-unite-communicatiesysteem\/\">Binnenkort beschikbaar: Beyerdynamic Unite begeleidingssysteem<\/a>[\/list]<br \/>\n[list icon=\"moon-arrow-right-2\u2033 colour=\"#a62055\u2033]<a title=\"Ondersteuning voor meertalige evenementen\" href=\"\/nl\/conferentietechnologie-kopen\/\">Conferentie technologie verkoop<\/a>[\/list]<br \/>\n[list icon=\"moon-arrow-right-2\u2033 colour=\"#a62055\u2033]<a title=\"Referenties\" href=\"\/nl\/installatie-en-integratie-van-conferentietechnologie-en-mediasystemen\/\">Installatie van conferentie- en mediatechnologie<\/a>[\/list]<br \/>\n[list icon=\"moon-arrow-right-2\u2033 colour=\"#a62055\u2033]<a title=\"Training en diensten voor tolken\" href=\"\/nl\/opleidingen-en-diensten-voor-tolken\/\">Training en diensten voor tolken<\/a>[\/list]<br \/>\n[list icon=\"moon-arrow-right-2\u2033 colour=\"#a62055\u2033]<a title=\"10 goede redenen voor PCS\" href=\"\/nl\/over-ons-2\/10-goede-redenen-voor-pcs\/\">10 goede redenen voor PCS<\/a>[\/list]<br \/>\n[list icon=\"moon-arrow-right-2\u2033 colour=\"#a62055\u2033]<a title=\"PCS: Alle services in een oogopslag\" href=\"\/nl\/diensten-2\/\">PCS: Alle services in een oogopslag<\/a>[\/list]<\/ul>\n<\/div>\n<\/div>\n<p>[spacer size=\"20\u2033]<\/p>","protected":false},"excerpt":{"rendered":"<p>Mipro F\u00fchrungsanlage kaufen Angebot anfordern &#x9B; Empf\u00e4nger MTG-100R [spacer size=&#8220;10&#8243;] Der weltweit kleinste und leichteste Empf\u00e4nger im Brusttaschenformat. Robust, langlebig und einfach zu bedienen. 1: Lautst\u00e4rkeregelung (in 20 Stufen einstellbar) 2: Ein-\/Ausschalter (dr\u00fccken und 2 Sekunden halten, um ein- oder auszuschalten) 3: LCD-Display (Anzeige f\u00fcr Kanal, Empfangsst\u00e4rke, Lautst\u00e4rke und Batteriestatus) 4: Kanalwahlschalter (16 Kan\u00e4le) 5: [&hellip;]<\/p>","protected":false},"author":1,"featured_media":45482,"parent":0,"menu_order":0,"comment_status":"closed","ping_status":"closed","template":"","meta":{"_acf_changed":false,"footnotes":""},"class_list":["post-13067","page","type-page","status-publish","has-post-thumbnail","hentry"],"acf":[],"_links":{"self":[{"href":"https:\/\/konferenztechnik.de\/nl\/wp-json\/wp\/v2\/pages\/13067","targetHints":{"allow":["GET"]}}],"collection":[{"href":"https:\/\/konferenztechnik.de\/nl\/wp-json\/wp\/v2\/pages"}],"about":[{"href":"https:\/\/konferenztechnik.de\/nl\/wp-json\/wp\/v2\/types\/page"}],"author":[{"embeddable":true,"href":"https:\/\/konferenztechnik.de\/nl\/wp-json\/wp\/v2\/users\/1"}],"replies":[{"embeddable":true,"href":"https:\/\/konferenztechnik.de\/nl\/wp-json\/wp\/v2\/comments?post=13067"}],"version-history":[{"count":0,"href":"https:\/\/konferenztechnik.de\/nl\/wp-json\/wp\/v2\/pages\/13067\/revisions"}],"wp:featuredmedia":[{"embeddable":true,"href":"https:\/\/konferenztechnik.de\/nl\/wp-json\/wp\/v2\/media\/45482"}],"wp:attachment":[{"href":"https:\/\/konferenztechnik.de\/nl\/wp-json\/wp\/v2\/media?parent=13067"}],"curies":[{"name":"wp","href":"https:\/\/api.w.org\/{rel}","templated":true}]}}