{"id":1565,"date":"2013-08-30T15:12:58","date_gmt":"2013-08-30T13:12:58","guid":{"rendered":"https:\/\/konferenztechnik.de\/?page_id=1565"},"modified":"2013-08-30T15:12:58","modified_gmt":"2013-08-30T13:12:58","slug":"referentielijst-installatie","status":"publish","type":"page","link":"https:\/\/konferenztechnik.de\/nl\/over-ons-2\/referentielijst-installatie\/","title":{"rendered":"Referentielijst installatie"},"content":{"rendered":"<h1>Referentielijst installatie<\/h1>\n<ul>\n<li>1. FC Union Berlin e.V.<\/li>\n<li>Adolf W\u00fcrth GmbH &amp; Co. KG Hoofdkantoor K\u00fcnzelsau<\/li>\n<li>Answers GmbH \u2013 Berlijn<\/li>\n<li>August Storck KG Berlijn<\/li>\n<li>A\u00dcW Allg\u00e4uer \u00dcberlandwerk GmbH Kempten<\/li>\n<li>Ardex GmbH \u2013 Witten<\/li>\n<li>Berlijn Kathedraal Berlijn<\/li>\n<li>Beuth Hogeschool Berlijn<\/li>\n<li>Ambassade van de Verenigde Staten Berlijn<\/li>\n<li>Ministerie van Arbeid en Sociale Zaken Berlijn<\/li>\n<li>Bondsraad Berlijn<\/li>\n<li>CBC Keulen Omroepcentrum GmbH Keulen<\/li>\n<li>CCH Congrescentrum Hamburg<\/li>\n<li>CCD Congrescentrum D\u00fcsseldorf Messe D\u00fcsseldorf<\/li>\n<li>DEGES Deutsche Einheit Fernstra\u00dfenplanungs- und -bau GmbH Berlijn<\/li>\n<li>Deutsche Apotheker- und \u00c4rztebank Hoofdkantoor D\u00fcsseldorf<\/li>\n<li>Deutsche Bank AG Hoofdkantoor Frankfurt\/Main<\/li>\n<li>Radio Berlijn<\/li>\n<li>Ecolab Duitsland Monheim<\/li>\n<li>Europese Academie Berlijn<\/li>\n<li>Fritz Thyssen Stichting \u2013 Duits Historisch Instituut Moskou<\/li>\n<li>Fritz Thyssen Stichting \u2013 Huis van de Fritz Thyssen Stichting \u2013 Keulen<\/li>\n<li>GEA Koeltechniek Duitsland GmbH \u2013 Berlijn<\/li>\n<li>Gemeente Burbach<\/li>\n<li>Gemeente Dossenheim<\/li>\n<li>Gerda Henkel Stichting D\u00fcsseldorf<\/li>\n<li>GSK Stockmann &amp; Kollegen advocatenkantoor Berlijn<\/li>\n<li>Hostel Keulen \u2013 Keulen<\/li>\n<li>Ibero-Amerikaans Instituut Berlijn<\/li>\n<li>Istituto Italiano di Cultura (Italiaans Cultureel Instituut) Berlijn<\/li>\n<li>Vestiging KfW Bank Berlijn<\/li>\n<li>Komatsu Mijnbouw Duitsland GmbH D\u00fcsseldorf<\/li>\n<li>District Spaarbank Heilbronn<\/li>\n<li>Berlijns staatsbureau voor gezondheid en sociale zaken (LAGeSo)<\/li>\n<li>Wijk Oder-Spree<\/li>\n<li>District Stendal<\/li>\n<li>MAN Truck &amp; Bus Deutschland GmbH Berlijn<\/li>\n<li>Museum voor communicatie Berlijn<\/li>\n<li>Museum Kunstpalast D\u00fcsseldorf<\/li>\n<li>Normfest GmbH Velbert<\/li>\n<li>Stadhuis Alt Landsberg Brandenburg<\/li>\n<li>Stadhuis Falkensee<\/li>\n<li>Rauch M\u00f6belwerke GmbH Freudenberg<\/li>\n<li>Robert Schumannzaal D\u00fcsseldorf<\/li>\n<li>Secretariaat van de Permanente Conferentie van de ministers van Onderwijs en Cultuur Berlijn<\/li>\n<li>Senaatsdepartement voor Arbeid, Integratie en Vrouwenzaken Berlijn<\/li>\n<li>Senaatsdepartement Economie, Technologie en Onderzoek Berlijn<\/li>\n<li>Stad Mettmann<\/li>\n<li>Vodafone Services Group GmbH \u2013 Ratingen<\/li>\n<li>Weiss-Druck GmbH &amp; Co. KG \u2013 Monschau<\/li>\n<li>WILO AG Dortmund<\/li>\n<li>ZDF Mainz<\/li>\n<\/ul>","protected":false},"excerpt":{"rendered":"<p>Referenties Installatie en verkoop 1. FC Union Berlin e.V. Adolf W\u00fcrth GmbH &amp; Co. KG Hoofdkantoor K\u00fcnzelsau Answers GmbH \u2013 Berlin August Storck KG Berlin A\u00dcW Allg\u00e4uer \u00dcberlandwerk GmbH Kempten Ardex GmbH \u2013 Witten Berliner Dom Berlin Beuth Hochschule f\u00fcr Technik Berlin Ambassade van de Verenigde Staten Berlijn Bondsministerie van Arbeid en Sociale Zaken Berlijn Bundesrat Berlijn [...]<\/p>","protected":false},"author":1,"featured_media":45482,"parent":12,"menu_order":185,"comment_status":"closed","ping_status":"open","template":"page-right-sidebar.php","meta":{"_acf_changed":false,"footnotes":""},"class_list":["post-1565","page","type-page","status-publish","has-post-thumbnail","hentry"],"acf":[],"_links":{"self":[{"href":"https:\/\/konferenztechnik.de\/nl\/wp-json\/wp\/v2\/pages\/1565","targetHints":{"allow":["GET"]}}],"collection":[{"href":"https:\/\/konferenztechnik.de\/nl\/wp-json\/wp\/v2\/pages"}],"about":[{"href":"https:\/\/konferenztechnik.de\/nl\/wp-json\/wp\/v2\/types\/page"}],"author":[{"embeddable":true,"href":"https:\/\/konferenztechnik.de\/nl\/wp-json\/wp\/v2\/users\/1"}],"replies":[{"embeddable":true,"href":"https:\/\/konferenztechnik.de\/nl\/wp-json\/wp\/v2\/comments?post=1565"}],"version-history":[{"count":0,"href":"https:\/\/konferenztechnik.de\/nl\/wp-json\/wp\/v2\/pages\/1565\/revisions"}],"up":[{"embeddable":true,"href":"https:\/\/konferenztechnik.de\/nl\/wp-json\/wp\/v2\/pages\/12"}],"wp:featuredmedia":[{"embeddable":true,"href":"https:\/\/konferenztechnik.de\/nl\/wp-json\/wp\/v2\/media\/45482"}],"wp:attachment":[{"href":"https:\/\/konferenztechnik.de\/nl\/wp-json\/wp\/v2\/media?parent=1565"}],"curies":[{"name":"wp","href":"https:\/\/api.w.org\/{rel}","templated":true}]}}