{"id":16912,"date":"2021-03-26T08:57:30","date_gmt":"2021-03-26T07:57:30","guid":{"rendered":"https:\/\/www.konferenztechnik.de\/?page_id=16912"},"modified":"2023-08-29T14:55:56","modified_gmt":"2023-08-29T12:55:56","slug":"conferenties-evenementen-vergaderingen-klassiek-hybride-digitaal-virtueel-op-afstand","status":"publish","type":"page","link":"https:\/\/konferenztechnik.de\/nl\/conferenties-evenementen-vergaderingen-klassiek-hybride-digitaal-virtueel-op-afstand\/","title":{"rendered":"Conferenties, evenementen, vergaderingen \u2013 klassiek, hybride, digitaal, virtueel, op afstand"},"content":{"rendered":"<p>[column size=\"3-4\u2033 last=\"0\u2033]<\/p>\n<h1>Evenementen, conferenties, vergaderingen \u2013 hybride, klassiek, digitaal<\/h1>\n<p>PCS is uw partner voor elk evenementformaat. Wij organiseren congressen, vergaderingen en evenementen \u2013 of het nu hybride, klassiek of digitaal is. We gebruiken onze jarenlange ervaring om uw evenement succesvol te realiseren.<\/p>\n<p>[list icon=\"moon-checkmark\" color=\"#a62055\u2033]Evenement co\u00f6rdinatie en moderatie<br \/>\n[list icon=\"moon-checkmark\" colour=\"#a62055\u2033]Complete technische uitrusting<br \/>\n[list icon=\"moon-checkmark\" color=\"#a62055\u2033]Beeld- en geluidsregie<br \/>\n[list icon=\"moon-checkmark\" colour=\"#a62055\u2033]Live simultaan tolken kan worden ingeschakeld.<br \/>\n[list icon=\"moon-checkmark\" color=\"#a62055\u2033]Duitse servers, GDPR-compliant<br \/>\n[list icon=\"moon-checkmark\" color=\"#a62055\u2033]Integratie van alle gangbare videoconferentiesystemen<br \/>\n[\/column]<br \/>\n[column size=\"1-4\u2033 last=\"1\u2033]<br \/>\n[spacer size=\"40\u2033]<\/p>\n<div class=\"box1-4\" style=\"margin-bottom: 0!important; margin-top:20px\">\n<b><span class=\"pcs-color\">Advies en planning<\/span><\/b><br \/>\n<img decoding=\"async\" src=\"https:\/\/konferenztechnik.de\/wp-content\/uploads\/2021\/11\/Christian-becker-pcs-gmbh-foto-thomas-arendt-1.jpg\" alt=\"Christian Becker - PCS GmbH\" class=\"alignleft size-full wp-image-18690\" title=\"\"><br \/>\nBel ons gewoon!<br \/>\n<a href=\"tel:08007274624\"><b>0800 727 46 24<\/b><\/a><br \/>\nOf schrijf een e-mail naar:<br \/>\n<span class=\"volleansicht\"><a href=\"mailto:info@konferenztechnik.de\" onclick=\"ga('send', 'event', 'Email-Klick', 'Kontakt Interpreting');\">info@konferenztechnik.de<\/a><br \/>\n<\/span><br \/>\n<span class=\"mobileansicht\"><a href=\"mailto:info@konferenztechnik.de\" onclick=\"ga('send', 'event', 'Email-Klick', 'Kontakt Interpreting');\">schrijf<\/a><br \/>\n<\/span><\/div>\n<p>[\/column]<br \/>\n[spacer size=\"20\u2033]<\/p>\n<hr>\n<p>[spacer size=\"20\u2033]<br \/>\n[column size=\"3-4\u2033 last=\"0\u2033]<\/p>\n<h2><b>Hybride evenementen<\/b><\/h2>\n<p><a href=\"https:\/\/konferenztechnik.de\/nl\/hybride-evenementen\/\"><img fetchpriority=\"high\" decoding=\"async\" width=\"835\" height=\"313\" src=\"https:\/\/konferenztechnik.de\/wp-content\/uploads\/2021\/05\/hybride-events-anbieter.jpg\" alt=\"aanbieder van hybride evenementen\" class=\"alignleft size-full wp-image-17211 no-bottom-margin\" title=\"\" srcset=\"https:\/\/konferenztechnik.de\/wp-content\/uploads\/2021\/05\/hybride-events-anbieter.jpg 835w, https:\/\/konferenztechnik.de\/wp-content\/uploads\/2021\/05\/hybride-events-anbieter-300x112.jpg 300w, https:\/\/konferenztechnik.de\/wp-content\/uploads\/2021\/05\/hybride-events-anbieter-768x288.jpg 768w\" sizes=\"(max-width: 835px) 100vw, 835px\" \/><\/a><\/p>\n<p><b><span class=\"smaller-img-text\">Evenement met of zonder live publiek op locatie + simultane live streaming naar deelnemers over de hele wereld<\/span><\/b><\/p>\n<p>[spacer size=\"20\u2033]<\/p>\n<p>Hybride evenementen zijn het nieuwe standaardformaat voor evenementen, vergaderingen, congressen en conferenties. Het doel is om een publiek op locatie te inspireren en tegelijkertijd gebruik te maken van alle voordelen van traditionele en digitale evenementen, maar ook om het publiek te laten deelnemen via livestreams. Ondanks de fysieke afstand kunnen alle deelnemers gemakkelijk en intu\u00eftief met elkaar communiceren, presentaties en toespraken houden, discussi\u00ebren en netwerken.<\/p>\n<p>[button link=\"#kontakt\" target=\"self\" color=\"#a62055\u2033 text=\"light\"]Vraag nu informatie aan[\/button] [button link=\"https:\/\/www.konferenztechnik.de\/hybride-events\/\" target=\"self\" color=\"#a62055\u2033 text=\"light\"]Meer informatie[\/button]<br \/>\n[\/column]<br \/>\n[column size=\"3-4\u2033 last=\"1\u2033]<br \/>\n[\/column]<\/p>\n<p>[column size=\"3-4\u2033 last=\"0\u2033]<br \/>\n[spacer size=\"20\u2033]<\/p>\n<hr>\n<p>[spacer size=\"20\u2033]<\/p>\n<h2><b>Persoonlijke evenementen, conferenties en vergaderingen op locatie<\/b><\/h2>\n<p><img decoding=\"async\" width=\"835\" height=\"313\" src=\"https:\/\/konferenztechnik.de\/wp-content\/uploads\/2021\/05\/klassischer-event.jpg\" alt=\"Klassieke evenementen, conferenties en vergaderingen ter plaatse\" class=\"alignleft size-full wp-image-17223 no-bottom-margin\" title=\"\" srcset=\"https:\/\/konferenztechnik.de\/wp-content\/uploads\/2021\/05\/klassischer-event.jpg 835w, https:\/\/konferenztechnik.de\/wp-content\/uploads\/2021\/05\/klassischer-event-300x112.jpg 300w, https:\/\/konferenztechnik.de\/wp-content\/uploads\/2021\/05\/klassischer-event-768x288.jpg 768w\" sizes=\"(max-width: 835px) 100vw, 835px\" \/><\/p>\n<p class=\"smaller-img-text\"><b>Focus op deelnemers op locatie \u2013 met flexibele hygi\u00ebneconcepten, die voldoen aan de wettelijke voorschriften en een positieve ervaring zijn voor zowel gastheren als gasten.<\/b><\/p>\n<p>Wij organiseren uw face-to-face evenementen. Onze diensten omvatten de planning, conceptie en technische realisatie van uw klassieke conferenties, evenementen en vergaderingen. Werk doelgericht en verantwoordelijk met ons samen. Doordachte hygi\u00ebneconcepten, deelnemersmanagement, schone technische realisatie en veiligheid ter plaatse zijn kwaliteitskenmerken van onze evenementen. Ons doel is om evenementen te organiseren op een wettelijk conforme manier en met zorg voor uw deelnemers.<\/p>\n<p>[button link=\"#kontakt\" target=\"self\" color=\"#a62055\u2033 text=\"light\"]Vraag nu informatie aan[\/button]<br \/>\n[\/column]<br \/>\n[column size=\"3-4\u2033 last=\"1\u2033]<br \/>\n[\/column]<\/p>\n<p>[column size=\"3-4\u2033 last=\"0\u2033]<br \/>\n[spacer size=\"20\u2033]<\/p>\n<hr>\n<p>[spacer size=\"20\u2033]<\/p>\n<h2><b>Digitale evenementen<\/b><\/h2>\n<p><img decoding=\"async\" width=\"835\" height=\"313\" src=\"https:\/\/konferenztechnik.de\/wp-content\/uploads\/2021\/05\/digitale-events.jpg\" alt=\"Digitale evenementen plannen en realiseren\" class=\"alignleft size-full wp-image-17232 no-bottom-margin\" title=\"\" srcset=\"https:\/\/konferenztechnik.de\/wp-content\/uploads\/2021\/05\/digitale-events.jpg 835w, https:\/\/konferenztechnik.de\/wp-content\/uploads\/2021\/05\/digitale-events-300x112.jpg 300w, https:\/\/konferenztechnik.de\/wp-content\/uploads\/2021\/05\/digitale-events-768x288.jpg 768w\" sizes=\"(max-width: 835px) 100vw, 835px\" \/><\/p>\n<p class=\"smaller-img-text\"><b>Op het digitale evenement is het publiek live verbonden via een online stream. Interactie en communicatie met elkaar zijn gemakkelijk mogelijk.<\/b><\/p>\n<p>Het digitale evenement vindt online plaats. Alle deelnemers (sprekers, luisteraars, moderatoren) maken gebruik van een videoconferentieplatform (bv. Zoom, Microsoft Teams, WebEx of gelijkaardig) via hetwelk alle communicatie plaatsvindt. Gesprekken, vragen, het uploaden van presentaties of video's en zelfs het aansluiten van simultaantolken voor live vertaling zijn allemaal probleemloos mogelijk. Interactieve tools en softwareoplossingen (bijv. Miro, Slido, Mentimeter) worden gebruikt om deelnemers te motiveren, communicatie te bevorderen en de aandachtsspanne te vergroten. We implementeren digitale persconferenties, vergaderingen en commissies veilig, gemakkelijk en in overeenstemming met de eisen van de raad van bestuur.<\/p>\n<p>[button link=\"#kontakt\" target=\"self\" color=\"#a62055\u2033 text=\"light\"]Vraag nu informatie aan[\/button]<br \/>\n[\/column]<br \/>\n[column size=\"3-4\u2033 last=\"1\u2033]<br \/>\n[\/column]<\/p>\n<p>[column size=\"3-4\u2033 last=\"0\u2033]<br \/>\n[spacer size=\"20\u2033]<\/p>\n<hr>\n<p>[spacer size=\"20\u2033]<\/p>\n<h2><b>Digitale evenementen in de studio met een podiumsfeer<\/b><\/h2>\n<p><a href=\"https:\/\/konferenztechnik.de\/nl\/mobiele-streaming-studios\/\"><img loading=\"lazy\" decoding=\"async\" width=\"835\" height=\"283\" src=\"https:\/\/konferenztechnik.de\/wp-content\/uploads\/2021\/05\/digitale-events-buehen-studio.jpg\" alt=\"Digitale evenementen in de studio, studio voor live digitale evenementen\" class=\"alignleft size-full wp-image-17241 no-bottom-margin\" title=\"\" srcset=\"https:\/\/konferenztechnik.de\/wp-content\/uploads\/2021\/05\/digitale-events-buehen-studio.jpg 835w, https:\/\/konferenztechnik.de\/wp-content\/uploads\/2021\/05\/digitale-events-buehen-studio-300x102.jpg 300w, https:\/\/konferenztechnik.de\/wp-content\/uploads\/2021\/05\/digitale-events-buehen-studio-768x260.jpg 768w\" sizes=\"(max-width: 835px) 100vw, 835px\" \/><\/a><\/p>\n<p class=\"smaller-img-text\"><b>Digitaal evenement met een studiosfeer: Het evenement heeft een professioneel niveau van enscenering, vergelijkbaar met een live televisie-uitzending vanuit een omroep- of televisiestudio.<\/b><\/p>\n<p>Productpresentaties, paneldiscussies, interviews of moderaties vinden live plaats op een podium of in een studio en worden via livestream wereldwijd uitgezonden naar de deelnemers. De productie op locatie is net zo professioneel als in een tv-studio: belichting, camera's, beeld- en geluidsregie, professionele audiotechnologie, sfeervolle enscenering en sterke dramaturgie. We kunnen uw digitale live-evenement realiseren in een van onze digitale live-studio's of de technologie flexibel opzetten op uw locatie in het hele land (bijv. hoofdkantoor van een bedrijf, ministerie, zelfs buiten).<\/p>\n<p>[button link=\"#kontakt\" target=\"self\" color=\"#a62055\u2033 text=\"light\"]Vraag nu informatie aan[\/button] [button link=\"https:\/\/www.konferenztechnik.de\/mobile-streamingstudios\/\" target=\"self\" color=\"#a62055\u2033 text=\"light\"]Meer informatie[\/button]<br \/>\n[column size=\"3-4\u2033 last=\"1\u2033]<br \/>\n[\/column]<\/p>\n<p>[column size=\"3-4\u2033 last=\"0\u2033]<br \/>\n[spacer size=\"20\u2033]<\/p>\n<hr>\n<p>[spacer size=\"20\u2033]<\/p>\n<h2><b>Videoconferentie in vergaderruimte<\/b><\/h2>\n<p><img loading=\"lazy\" decoding=\"async\" width=\"835\" height=\"283\" src=\"https:\/\/konferenztechnik.de\/wp-content\/uploads\/2021\/05\/besprechungsraum-videokonferenz.jpg\" alt=\"Videoconferentie in vergaderruimte\" class=\"alignleft size-full wp-image-17249 no-bottom-margin\" title=\"\" srcset=\"https:\/\/konferenztechnik.de\/wp-content\/uploads\/2021\/05\/besprechungsraum-videokonferenz.jpg 835w, https:\/\/konferenztechnik.de\/wp-content\/uploads\/2021\/05\/besprechungsraum-videokonferenz-300x102.jpg 300w, https:\/\/konferenztechnik.de\/wp-content\/uploads\/2021\/05\/besprechungsraum-videokonferenz-768x260.jpg 768w\" sizes=\"(max-width: 835px) 100vw, 835px\" \/><\/p>\n<p class=\"smaller-img-text\"><b>Professionele audio-, camera- en videotechnologie kan flexibel tijdelijk worden opgesteld in uw conferentie- of vergaderruimte.<br \/>\n<\/b><\/p>\n<p>We organiseren vergaderingen direct in uw vergaderruimte. We nemen technische hindernissen weg op locatie en maken nieuwe technische mogelijkheden beschikbaar in elke vergaderruimte. Onze technici voegen tijdelijk nieuwe techniek toe aan uw vergaderruimtes en integreren bijvoorbeeld videoconference-systemen, geluidssystemen, tafelmicrofoons, presentatietechniek, DOME-camera's, tolkentechniek, laptops en stroomaansluitingen. Live streaming voor externe deelnemers en uitzendingen terug naar u in de zaal \u2013 zetten we uw vergaderzaal tijdelijk volledig digitaal in een netwerk. Wij verzorgen zowel de installatie van de techniek als de technische implementatie en bieden volledige ondersteuning door onze technici om je vergadering tot een succes te maken. Jij kunt ontspannen genieten van je vergadering terwijl wij achter de schermen werken.<br \/>\nPS: Als je ge\u00efnteresseerd bent in een permanente oplossing, helpt ons installatieteam je graag verder.<\/p>\n<p>[button link=\"#kontakt\" target=\"self\" color=\"#a62055\u2033 text=\"light\"]Vraag nu informatie aan[\/button]<br \/>\n[column size=\"3-4\u2033 last=\"1\u2033]<br \/>\n[\/column]<\/p>\n<p>[column size=\"3-4\u2033 last=\"0\u2033]<br \/>\n[spacer size=\"20\u2033]<\/p>\n<hr>\n<p>[spacer size=\"20\u2033]<\/p>\n<h2><b>Professionele videoconferentie, gemodereerde videoconferentie<\/b><\/h2>\n<p><img loading=\"lazy\" decoding=\"async\" width=\"835\" height=\"283\" src=\"https:\/\/konferenztechnik.de\/wp-content\/uploads\/2021\/05\/professionelle-zoomkonferenz.jpg\" alt=\"Professionele Zoom conferenties en videoconferenties\" class=\"alignleft size-full wp-image-17259 no-bottom-margin\" title=\"\" srcset=\"https:\/\/konferenztechnik.de\/wp-content\/uploads\/2021\/05\/professionelle-zoomkonferenz.jpg 835w, https:\/\/konferenztechnik.de\/wp-content\/uploads\/2021\/05\/professionelle-zoomkonferenz-300x102.jpg 300w, https:\/\/konferenztechnik.de\/wp-content\/uploads\/2021\/05\/professionelle-zoomkonferenz-768x260.jpg 768w\" sizes=\"(max-width: 835px) 100vw, 835px\" \/><\/p>\n<p class=\"smaller-img-text\"><b>Professioneel gemodereerde videoconferenties als garantie voor een succesvolle enscenering van uw bedrijf en uw conferentie.<\/b><\/p>\n<p>Wij zorgen ervoor dat uw videoconferentie professioneel, soepel en zonder onderbrekingen verloopt. Onze technische moderators helpen deelnemers met eventuele vragen en zijn tijdens de hele conferentie beschikbaar als beleefde, competente contactpersonen. Ze behandelen vragen van het publiek, zorgen ervoor dat de conferentie volgens de agenda verloopt en zorgen voor een perfecte enscenering in overeenstemming met het programma. Aanvullende diensten zoals meertalige en simultaan vertaalde videoconferenties zijn onze belangrijkste expertise. We werken bij voorkeur met Zoom videoconferentiesoftware, maar staan ook open voor alle andere fabrikanten (bijv. Microsoft Teams, WebEx en andere); onze systemen zijn volledig compatibel. Deelnemers kunnen direct in de videoconferentiesoftware beslissen naar welke taal ze willen luisteren. Alle toespraken worden live en simultaan getolkt. Met behulp van onze eigen servers in Duitsland kunt u uw evenementen houden op een wettelijk veilige, gegevensbeschermingsconforme manier in overeenstemming met de GDPR en de Duitse wetgeving inzake gegevensbescherming.<\/p>\n<p>[button link=\"#kontakt\" target=\"self\" color=\"#a62055\u2033 text=\"light\"]Vraag nu informatie aan[\/button]<br \/>\n[\/column]<br \/>\n[column size=\"3-4\u2033 last=\"1\u2033]<br \/>\n[\/column]<br \/>\n[spacer size=\"20\u2033]<\/p>\n<hr>\n<p>[spacer size=\"20\u2033]<br \/>\n[column size=\"3-4\u2033 last=\"0\u2033]<\/p>\n<h2 id=\"beratungundplanungvonhybridenevents\"><strong>Advies, planning en implementatie<\/strong><\/h2>\n<p>[spacer size=\"10\u2033]<\/p>\n<p><strong>Voor het evenement<\/strong> Wij zorgen voor de co\u00f6rdinatie van de deelnemers, de planning van de logistiek en de trades, het opzetten en begeleiden van de techniek \u2013 regelt gewoon alles om jouw evenement veilig en soepel te laten verlopen.<\/p>\n<p><strong>Tijdens het evenement<\/strong> onze projectmanagers co\u00f6rdineren alle benodigde apparatuur, zoals videotechnologie, audiotechnologie en tolken. Onze technische eventco\u00f6rdinatoren helpen virtuele deelnemers bij het inloggen op het event, co\u00f6rdineren toespraken en presentaties van deelnemers en bieden te allen tijde technische ondersteuning van \u2013 op locatie of op afstand via de computer. Onze video- en audio control room zorgt ervoor dat alle deelnemers altijd de juiste content kunnen zien en horen.<\/p>\n<p><strong>Na het evenement<\/strong> we ontmantelen alle technologie snel en gemakkelijk. We zorgen voor de postproductie van video-opnames, het aanbieden van streams van je evenement op je website of het achteraf tolken van je evenement door professionele tolken.<\/p>\n<p>[\/column]<br \/>\n[column size=\"3-4\u2033 last=\"1\u2033]<br \/>\n[\/column]<br \/>\n[spacer size=\"20\u2033]<\/p>\n<hr>\n<p>[spacer size=\"20\u2033]<\/p>\n<h2><strong>Evenementen en functies vandaag: vele formaten, vele termen<\/strong><\/h2>\n<p>[column size=\"3-4\u2033 last=\"0\u2033]<\/p>\n<p>Er worden momenteel verschillende termen gebruikt om evenementen, conferenties of vergaderingen te beschrijven die gebruik maken van streaming, videoconferentiesystemen of andere digitale vormen van overdracht.<\/p>\n<p>[\/column]<br \/>\n[column size=\"1-3\u2033 last=\"0\u2033]<\/p>\n<ul>\n[list icon=\"moon-checkmark\" color=\"#a62055\u2033]Digitale productpresentaties[\/list]<br \/>\n[list icon=\"moon-checkmark\" color=\"#a62055\u2033]Bedrijfsuitzendingen[\/list]<br \/>\n[list icon=\"moon-checkmark\" color=\"#a62055\u2033]Streaming Studio's[\/list]<br \/>\n[list icon=\"moon-checkmark\" color=\"#a62055\u2033]Virtueel live publiek[\/list]<br \/>\n[list icon=\"moon-checkmark\" color=\"#a62055\u2033]Digitale jaarlijkse algemene vergaderingen[\/list]<br \/>\n[list icon=\"moon-checkmark\" color=\"#a62055\u2033]Live online evenement[\/list]<br \/>\n[list icon=\"moon-checkmark\" colour=\"#a62055\u2033]Virtuele vergaderingen[\/list]<br \/>\n[\/column]<br \/>\n[column size=\"1-2\u2033 last=\"1\u2033]<br \/>\n[list icon=\"moon-checkmark\" color=\"#a62055\u2033]Webcast[\/list]<br \/>\n[list icon=\"moon-checkmark\" color=\"#a62055\u2033]Virtueel live-evenement[\/list]<br \/>\n[list icon=\"moon-checkmark\" color=\"#a62055\u2033]Webinar[\/list]<br \/>\n[list icon=\"moon-checkmark\" color=\"#a62055\u2033]Beurs op aanvraag[\/list]<br \/>\n[list icon=\"moon-checkmark\" color=\"#a62055\u2033]Online conferentie[\/list]<br \/>\n[list icon=\"moon-checkmark\" color=\"#a62055\u2033]Verre gebeurtenis[\/list]<br \/>\n[list icon=\"moon-checkmark\" colour=\"#a62055\u2033]en nog veel meer...[\/list]<br \/>\n[\/column]<br \/>\n[spacer size=\"20\u2033]<\/p>\n<hr>\n<p>[spacer size=\"20\u2033]<br \/>\n[column size=\"1-3\u2033 last=\"0\u2033]<\/p>\n<div class=\"weiterlinks\" style=\"background-color:#ffffff;\">\n<h2>In detail<\/h2>\n<ul>\n        [list icon=\"moon-arrow-right-2\u2033 colour=\"#a62055\u2033]<a title=\"Hybride evenementen\"\n            href=\"\/nl\/hybride-evenementen\/\">Hybride evenementen<\/a>[\/list]<br \/>\n[list icon=\"moon-arrow-right-2\u2033 colour=\"#a62055\u2033]<a title=\"Flexibele evenementconcepten\"\n            href=\"\/nl\/flexibele-evenementenconcepten\/\">Flexibele evenementconcepten<\/a>[\/list]<br \/>\n[list icon=\"moon-arrow-right-2\u2033 colour=\"#a62055\u2033]<a title=\"Flexibele evenementconcepten\"\n            href=\"\/nl\/zoom-gebeurtenissen\/\">Zoom Evenementen \u2013 Ticketing, Registratie Landingpages<\/a>[\/list]<\/ul>\n<\/div>\n<p>[\/column]<br \/>\n[column size=\"3-4\u2033 last=\"1\u2033]<\/p>\n<p>Laat de termen je niet in verwarring brengen. Uiteindelijk is het de succesvolle gebeurtenis die telt.<br \/>\nWe geven je graag advies en zoeken de beste oplossing voor jouw evenement.<\/p>\n<p>[\/column]<br \/>\n[spacer size=\"20\u2033]<\/p>\n<hr id=\"kontakt\">\n<p>[spacer size=\"30\u2033]<\/p>\n<div class=\"box1-4 medium-size-txt\" style=\"margin-bottom: 0!important\">\n<h2><b><span class=\"pcs-color medium-size-txt\">Jouw serviceteam<\/span><\/b><\/h2>\n<p>[spacer size=\"5\u2033]<br \/>\n[column size=\"1-3\u2033 last=\"0\u2033]<\/p>\n<p>Onze gespecialiseerde afdeling helpt je graag met het beantwoorden van je vragen, het adviseren over producten, het maken van een persoonlijke offerte of een individuele projectplanning.<\/p>\n<p><img loading=\"lazy\" decoding=\"async\" src=\"https:\/\/konferenztechnik.de\/wp-content\/uploads\/2021\/08\/Sebastian-Meyer-PCS-GmbH-konferenztechnik-small.jpg\" alt=\"Sebastian-Meyer-PCS-GmbH-conferentie-technologie-klein\" width=\"150\" height=\"150\" class=\"alignleft size-full wp-image-18120\" title=\"\"><br \/>\n<img loading=\"lazy\" decoding=\"async\" src=\"https:\/\/konferenztechnik.de\/wp-content\/uploads\/2021\/06\/christian-becker-pcs-gmbh.jpg\" alt=\"Christian Becker - PCS GmbH - Evenementplanning\" width=\"150\" height=\"150\" class=\"alignleft size-full wp-image-17771\" title=\"\"><br \/>\n<img loading=\"lazy\" decoding=\"async\" src=\"https:\/\/konferenztechnik.de\/wp-content\/uploads\/2021\/06\/sebastian-gegusch-pcs-gmbh.jpg\" alt=\"Sebastian Gegusch - PCS GmbH - Projectplanning\" width=\"150\" height=\"150\" class=\"alignleft size-full wp-image-17774\" title=\"\"><br \/>\n[spacer size=\"5\u2033]<br \/>\n<span class=\"medium-size-txt\"><br \/>\nBel ons gewoon!<br \/>\n<a href=\"tel:08007274624\"><b>0800 727 46 24<\/b><\/a><\/p>\n<p>Stuur een e-mail naar:<br \/>\n<span class=\"volleansicht\"><a href=\"mailto:info@konferenztechnik.de\" onclick=\"ga('send', 'event', 'Email-Klick', 'Kontakt Vermietung');\">info@konferenztechnik.de<\/a><br \/>\n<\/span><br \/>\n<span class=\"mobileansicht\"><a href=\"mailto:info@konferenztechnik.de\" onclick=\"ga('send', 'event', 'Email-Klick', 'Kontakt Vermietung');\">schrijf<\/a><br \/>\n<\/span><\/p>\n<p>Chat met ons of gebruik onze terugbelservice<br \/>\n<\/span><br \/>\n[\/column]<br \/>\n[column size=\"1-2\u2033 last=\"1\u2033]<\/p>\n<h2>Een callback regelen<\/h2>\n<p>[contact-form-7 id=\"17963\u2033 title=\"Bel ons terug\"].<br \/>\n[\/column]<\/p>\n<\/div>","protected":false},"excerpt":{"rendered":"<p>[column size=&#8220;3-4&#8243; last=&#8220;0&#8243;] Events, Konferenzen, Tagungen \u2013 hybrid, klassisch, digital PCS ist Ihr Partner f\u00fcr jedes Eventformat. Wir betreuen Konferenzen, Tagungen und Events \u2013 ob hybrid, klassisch oder digital. Wir setzen Ihr Event mit unserer jahrelangen Erfahrung erfolgreich um. [list icon=&#8220;moon-checkmark&#8220; color=&#8220;#a62055&#8243;]Eventkoordination und Moderation [list icon=&#8220;moon-checkmark&#8220; color=&#8220;#a62055&#8243;]Komplette technische Ausstattung [list icon=&#8220;moon-checkmark&#8220; color=&#8220;#a62055&#8243;]Bild- und Tonregie [list [&hellip;]<\/p>","protected":false},"author":1,"featured_media":45482,"parent":0,"menu_order":0,"comment_status":"closed","ping_status":"closed","template":"","meta":{"_acf_changed":false,"footnotes":""},"class_list":["post-16912","page","type-page","status-publish","has-post-thumbnail","hentry"],"acf":[],"_links":{"self":[{"href":"https:\/\/konferenztechnik.de\/nl\/wp-json\/wp\/v2\/pages\/16912","targetHints":{"allow":["GET"]}}],"collection":[{"href":"https:\/\/konferenztechnik.de\/nl\/wp-json\/wp\/v2\/pages"}],"about":[{"href":"https:\/\/konferenztechnik.de\/nl\/wp-json\/wp\/v2\/types\/page"}],"author":[{"embeddable":true,"href":"https:\/\/konferenztechnik.de\/nl\/wp-json\/wp\/v2\/users\/1"}],"replies":[{"embeddable":true,"href":"https:\/\/konferenztechnik.de\/nl\/wp-json\/wp\/v2\/comments?post=16912"}],"version-history":[{"count":0,"href":"https:\/\/konferenztechnik.de\/nl\/wp-json\/wp\/v2\/pages\/16912\/revisions"}],"wp:featuredmedia":[{"embeddable":true,"href":"https:\/\/konferenztechnik.de\/nl\/wp-json\/wp\/v2\/media\/45482"}],"wp:attachment":[{"href":"https:\/\/konferenztechnik.de\/nl\/wp-json\/wp\/v2\/media?parent=16912"}],"curies":[{"name":"wp","href":"https:\/\/api.w.org\/{rel}","templated":true}]}}