{"id":16961,"date":"2021-03-30T16:14:01","date_gmt":"2021-03-30T15:14:01","guid":{"rendered":"https:\/\/www.konferenztechnik.de\/?page_id=16961"},"modified":"2023-08-29T14:53:57","modified_gmt":"2023-08-29T12:53:57","slug":"flexibele-evenementenconcepten","status":"publish","type":"page","link":"https:\/\/konferenztechnik.de\/nl\/flexibele-evenementenconcepten\/","title":{"rendered":"Flexibele evenementconcepten"},"content":{"rendered":"<h1 id=\"hybrideevents\"><strong>Flexibele evenementconcepten<\/strong><\/h1>\n<p>[rev_slider alias=\"events-1\u2033][\/rev_slider]]<br \/>\n[spacer size=\"20\u2033]<\/p>\n<p>De randvoorwaarden voor face-to-face evenementen veranderen elke dag. Een hoge mate van flexibiliteit is cruciaal om ervoor te zorgen dat uw evenement niet alleen plaatsvindt, maar ook uw publiek zo effectief mogelijk bereikt.<\/p>\n<p>Idealiter is je evenement aanpasbaar genoeg om zowel virtueel als met publiek optimaal te functioneren.<\/p>\n<p>De locatie en het concept van je evenement moeten de nodige flexibiliteit bieden om te voldoen aan dagelijks veranderende vereisten en beperkingen. Onze planning houdt rekening met de verwachte scenario's, rekening houdend met een effectieve kosten-batenverhouding.<\/p>\n<p>De toename van testmogelijkheden en professionele hygi\u00ebneconcepten maakt het mogelijk om klassieke, digitale en hybride evenementen te organiseren. Belanghebbenden kunnen veilig en effici\u00ebnt op locatie werken.<\/p>\n<p>Het gebruik van een hoofdtelefoon maakt het bijvoorbeeld gemakkelijk om de nodige afstand te bewaren. Van de <a href=\"\/nl\/stille-conferentie-2\/\">Stille conferentie<\/a> wordt bereikt door het gerichte gebruik van <a href=\"\/nl\/huurgeleidingssystemen\/\">Geleidingssystemen<\/a> een gebeurtenis op afstand.<\/p>\n<p>We werken met u samen om flexibele formats te cre\u00ebren die voldoen aan de eisen van de dag: van het cre\u00ebren van hygi\u00ebneconcepten, modulaire deelnemersstromen en het overwegen van terugvalvarianten in het puur digitale eventformaat.<\/p>\n<p>[spacer size=\"20\u2033]<\/p>\n<p>.<\/p>\n<p>[spacer size=\"20\u2033]<\/p>\n<div class=\"weiterlinks\" style=\"background-color:#ffffff;\">\n<h2>In detail<\/h2>\n<ul>\n        [list icon=\"moon-arrow-right-2\u2033 colour=\"#a62055\u2033]<a title=\"Hybride evenementen\"\n            href=\"\/nl\/hybride-evenementen\/\">Hybride evenementen<\/a>[\/list]<br \/>\n[list icon=\"moon-arrow-right-2\u2033 colour=\"#a62055\u2033]<a title=\"Conferenties, evenementen, vergaderingen\"\n            href=\"\/nl\/conferenties-evenementen-vergaderingen-klassiek-hybride-digitaal-virtueel-op-afstand\/\">Conferenties, evenementen, vergaderingen \u2013 klassiek, hybride, digitaal, virtueel, op afstand<\/a>[\/list]<\/ul>\n<\/div>","protected":false},"excerpt":{"rendered":"<p>Flexibele evenementconcepten [rev_slider alias=\"events-1\u2033][\/rev_slider] [spacer size=\"20\u2033] De randvoorwaarden voor face-to-face evenementen veranderen elke dag. Een hoge mate van flexibiliteit is cruciaal zodat je evenement niet alleen kan plaatsvinden, maar ook je publiek zo goed mogelijk kan bereiken. Idealiter is je evenement aanpasbaar genoeg om zowel virtueel als met een in-person publiek optimaal te functioneren. De locatie en het concept van je evenement moeten voldoen aan de [...]<\/p>","protected":false},"author":1,"featured_media":45482,"parent":0,"menu_order":0,"comment_status":"closed","ping_status":"closed","template":"","meta":{"_acf_changed":false,"footnotes":""},"class_list":["post-16961","page","type-page","status-publish","has-post-thumbnail","hentry"],"acf":[],"_links":{"self":[{"href":"https:\/\/konferenztechnik.de\/nl\/wp-json\/wp\/v2\/pages\/16961","targetHints":{"allow":["GET"]}}],"collection":[{"href":"https:\/\/konferenztechnik.de\/nl\/wp-json\/wp\/v2\/pages"}],"about":[{"href":"https:\/\/konferenztechnik.de\/nl\/wp-json\/wp\/v2\/types\/page"}],"author":[{"embeddable":true,"href":"https:\/\/konferenztechnik.de\/nl\/wp-json\/wp\/v2\/users\/1"}],"replies":[{"embeddable":true,"href":"https:\/\/konferenztechnik.de\/nl\/wp-json\/wp\/v2\/comments?post=16961"}],"version-history":[{"count":0,"href":"https:\/\/konferenztechnik.de\/nl\/wp-json\/wp\/v2\/pages\/16961\/revisions"}],"wp:featuredmedia":[{"embeddable":true,"href":"https:\/\/konferenztechnik.de\/nl\/wp-json\/wp\/v2\/media\/45482"}],"wp:attachment":[{"href":"https:\/\/konferenztechnik.de\/nl\/wp-json\/wp\/v2\/media?parent=16961"}],"curies":[{"name":"wp","href":"https:\/\/api.w.org\/{rel}","templated":true}]}}