{"id":17853,"date":"2021-06-14T09:30:57","date_gmt":"2021-06-14T08:30:57","guid":{"rendered":"https:\/\/www.konferenztechnik.de\/?page_id=17853"},"modified":"2023-08-28T15:36:42","modified_gmt":"2023-08-28T13:36:42","slug":"training-voor-specialisten-in-evenemententechnologie","status":"publish","type":"page","link":"https:\/\/konferenztechnik.de\/nl\/training-voor-specialisten-in-evenemententechnologie\/","title":{"rendered":"Opleiding tot specialist in evenemententechnologie"},"content":{"rendered":"<h1><b>Stageplaats als specialist evenemententechnologie (m\/v\/d)<\/b><\/h1>\n<p><img decoding=\"async\" src=\"https:\/\/konferenztechnik.de\/wp-content\/uploads\/2021\/06\/ausbildung-veranstaltungstechnik-2021-1.jpg\" alt=\"opleiding-specialist-evenement-technologie-2021\" class=\"alignleft size-full wp-image-17893\" title=\"\"><br \/>\n[column size=\"3-4\u2033 last=\"0\u2033]<br \/>\n[callout add_button=\"no\" button_text=\"Learn More\" button_url=\"#\" button_color=\"#a62055\u2033]<\/p>\n<h4><strong>Alle stageplaatsen voor 2021 zijn ingevuld. Hartelijk dank voor uw talrijke sollicitaties!<\/strong><\/h4>\n<p>[\/callout]<\/p>\n<p>Wij bieden een stageplaats aan als specialist evenemententechnologie op onze locatie in Berlijn voor het opleidingsjaar 2021. Je kunt een afwisselende stage verwachten in een gevestigd bedrijf met spannende activiteiten, een geweldig team en plezier in het werk.<\/p>\n<h2><b>Over ons<\/b><\/h2>\n<p>PCS organiseert sinds 1995 conferenties, vergaderingen en evenementen \u2013, zowel klassiek, digitaal als hybride. Met onze jarenlange ervaring realiseren wij succesvol evenementen. We bieden verhuur, verkoop, installatie en ondersteuning van conferentie- en AV-mediatechnologie en zijn een van de marktleiders op het gebied van simultaan- en afstandstolktechnologie. We hebben studio's voor tolken en voor de realisatie van digitale en hybride evenementen op onze locaties.<\/p>\n<h2><b>Functieomschrijving<\/b><\/h2>\n<p>Het werk van een specialist in evenemententechnologie is zeer gevarieerd. Je reist veel, werkt op allerlei spannende locaties en leert veel mensen kennen. Je begeleidt ook evenementen met beroemdheden, artiesten en publieke figuren. Bij evenementen maak je meestal deel uit van een groot team dat samenwerkt om het evenement succesvol te realiseren. De job omvat ook de volgende activiteiten: je plant het gebruik van technische apparatuur voor en op evenementen, stelt ze op, bedient ze en begeleidt de organisatie van conferenties en evenementen. Je ontwikkelt technische concepten en selecteert geschikte onderdelen voor evenemententechnologie. Dit omvat audio, video, verlichting en streamingtechnologie. Je maakt systemen klaar voor klanten en biedt ondersteuning bij verzending en retouren. Je bent het technische aanspreekpunt voor klanten en biedt technische ondersteuning voor, tijdens en na het evenement. Je hebt een afwisselende werkdag met verschillende taken.<\/p>\n<h2><b>Inhoud van de training (uittreksel)<\/b><\/h2>\n<p>[list icon=\"moon-checkmark\" color=\"#a62055\u2033]Onze focus ligt op conferentie-, simultaan-, audio- en hybride evenemententechnologie[\/list].<br \/>\n[list icon=\"moon-checkmark\" colour=\"#a62055\u2033]Op- en afbouw van geluids-, beeld-, streaming- en lichttechnologie[\/list]<br \/>\n[list icon=\"moon-checkmark\" colour=\"#a62055\u2033]Netwerken, opzetten en in gebruik nemen van conferentie- en evenemententechnologie[\/list]<br \/>\n[list icon=\"moon-checkmark\" colour=\"#a62055\u2033]Ontwerpen van technische evenementensystemen en -processen[\/list]<br \/>\n[list icon=\"moon-checkmark\" colour=\"#a62055\u2033]Bedienen van deze technische systemen tijdens repetities en evenementen[\/list]<br \/>\n[list icon=\"moon-checkmark\" color=\"#a62055\u2033]Audio-, video- en verlichtingstechnologie[\/list]<br \/>\n[list icon=\"moon-checkmark\" color=\"#a62055\u2033]Projecten plannen en uitvoeren[\/list]<br \/>\n[list icon=\"moon-checkmark\" color=\"#a62055\u2033]Communicatiemanagement in het bedrijf en met klanten[\/list]<\/p>\n<p>[spacer size=\"20\u2033]<\/p>\n<h2><b>Duur van de training<\/b><\/h2>\n<p>Specialist evenemententechnologie is een erkend opleidingsberoep en duurt 3 jaar om af te ronden.<\/p>\n<h2><b>Je sterke punten en interesses<\/b><\/h2>\n<p>[list icon=\"moon-checkmark\" colour=\"#a62055\u2033]Je werkt graag in een team[\/list]<br \/>\n[list icon=\"moon-checkmark\" colour=\"#a62055\u2033]Je staat open voor nieuwe dingen[\/list].<br \/>\n[list icon=\"moon-checkmark\" colour=\"#a62055\u2033]Je hebt een goed technisch inzicht[\/list]<br \/>\n[list icon=\"moon-checkmark\" color=\"#a62055\u2033]Je bent een getalenteerde organisator[\/list]<br \/>\n[list icon=\"moon-checkmark\" colour=\"#a62055\u2033]Je hebt een zekere handigheid[\/list].<br \/>\n[list icon=\"moon-checkmark\" colour=\"#a62055\u2033]Je genoot van natuurkunde, wiskunde, informatica, Engels en Duits op school[\/list].<br \/>\n[list icon=\"moon-checkmark\" color=\"#a62055\u2033]Je staat open voor flexibele werktijden[\/list]<\/p>\n<p>[spacer size=\"20\u2033]<\/p>\n<h2><b>Vereisten<\/b><\/h2>\n<p>[list icon=\"moon-checkmark\" colour=\"#a62055\u2033]Minimumleeftijd 18 jaar[\/list]<br \/>\n[list icon=\"moon-checkmark\" color=\"#a62055\u2033]Abitur, zeer goede MSA of werkervaring in een technisch beroep[\/list]<br \/>\n[list icon=\"moon-checkmark\" color=\"#a62055\u2033]Rijbewijs klasse B of voltooiing in het vooruitzicht[\/list]<\/p>\n<p>[spacer size=\"20\u2033]<\/p>\n<p>Als dit je aanspreekt, solliciteer dan bij ons naar een stageplaats als specialist evenemententechniek! Wij bieden je een afwisselende stage in een leuk team in het hart van D\u00fcsseldorf.<\/p>\n<p>Uw contactpersoon is Gunnar Hermenau<\/p>\n<p>Stuur uw sollicitatiedocumenten per e-mail naar <a href=\"mailto:hermenau@konferenztechnik.de\" onclick=\"ga('send', 'event', 'Email-Klick', 'Kontakt Bewerbung');\"><b>hermenau@konferenztechnik.de<\/b><\/a> naar.<\/p>\n<p>Als je vragen hebt, neem dan contact met ons op; we horen graag van je!<\/p>\n<p>[\/column]<br \/>\n[column size=\"1-4\u2033 last=\"1\u2033]<\/p>\n<div class=\"box1-4\" style=\"margin-bottom: 0!important\">\n<b><span class=\"pcs-color\">Uw contactpersoon<\/span><\/b><br \/>\n<img fetchpriority=\"high\" decoding=\"async\" width=\"800\" height=\"533\" src=\"https:\/\/konferenztechnik.de\/wp-content\/uploads\/2013\/09\/gunnar_hermenau_pcs-gmbh.jpg\" alt=\"\" class=\"alignleft size-full wp-image-2301\" title=\"\" srcset=\"https:\/\/konferenztechnik.de\/wp-content\/uploads\/2013\/09\/gunnar_hermenau_pcs-gmbh.jpg 800w, https:\/\/konferenztechnik.de\/wp-content\/uploads\/2013\/09\/gunnar_hermenau_pcs-gmbh-300x200.jpg 300w, https:\/\/konferenztechnik.de\/wp-content\/uploads\/2013\/09\/gunnar_hermenau_pcs-gmbh-768x512.jpg 768w\" sizes=\"(max-width: 800px) 100vw, 800px\" \/><br \/>\n<b>Gunnar Hermenau<\/b><br \/>\nBel me gerust<br \/>\n<a href=\"tel:+49 30 6959690 14\"><b>030 6959690 14<\/b><\/a><br \/>\nSollicitatie sturen naar:<br \/>\n<span class=\"volleansicht\"><a href=\"mailto:hermenau@konferenztechnik.de\" onclick=\"ga('send', 'event', 'Email-Klick', 'Kontakt Beweerbung');\"><b>hermenau@konferenztechnik.de<\/b><\/a><br \/>\n<\/span><br \/>\n<span class=\"mobileansicht\"><a href=\"mailto:hermenau@konferenztechnik.de\" onclick=\"ga('send', 'event', 'Email-Klick', 'Kontakt Bewerbung');\">schrijf<\/a><br \/>\n<\/span><\/p>\n<p>Stuur uw sollicitatie per e-mail.<\/br><br \/>\nAls je vragen hebt, neem dan contact met me op.<\/div>\n<p>[\/column]<\/p>","protected":false},"excerpt":{"rendered":"<p>Ausbildung Fachkraft Veranstaltungstechnik (m\/w\/d) [column size=&#8220;3-4&#8243; last=&#8220;0&#8243;] [callout add_button=&#8220;no&#8220; button_text=&#8220;Learn More&#8220; button_url=&#8220;#&#8220; button_color=&#8220;#a62055&#8243;] Alle Ausbildungspl\u00e4tze f\u00fcr 2021 sind vergeben. Danke f\u00fcr eure zahlreichen Bewerbungen! [\/callout] Wir bieten f\u00fcr das Ausbildungsjahr 2021 eine Ausbildung zur Fachkraft f\u00fcr Veranstaltungstechnik an unserem Standort Berlin an. Dich erwartet eine vielseitige Ausbildung in einem etablierten Unternehmen mit spannenden T\u00e4tigkeiten, einem [&hellip;]<\/p>","protected":false},"author":1,"featured_media":45482,"parent":0,"menu_order":0,"comment_status":"closed","ping_status":"closed","template":"","meta":{"_acf_changed":false,"footnotes":""},"class_list":["post-17853","page","type-page","status-publish","has-post-thumbnail","hentry"],"acf":[],"_links":{"self":[{"href":"https:\/\/konferenztechnik.de\/nl\/wp-json\/wp\/v2\/pages\/17853","targetHints":{"allow":["GET"]}}],"collection":[{"href":"https:\/\/konferenztechnik.de\/nl\/wp-json\/wp\/v2\/pages"}],"about":[{"href":"https:\/\/konferenztechnik.de\/nl\/wp-json\/wp\/v2\/types\/page"}],"author":[{"embeddable":true,"href":"https:\/\/konferenztechnik.de\/nl\/wp-json\/wp\/v2\/users\/1"}],"replies":[{"embeddable":true,"href":"https:\/\/konferenztechnik.de\/nl\/wp-json\/wp\/v2\/comments?post=17853"}],"version-history":[{"count":0,"href":"https:\/\/konferenztechnik.de\/nl\/wp-json\/wp\/v2\/pages\/17853\/revisions"}],"wp:featuredmedia":[{"embeddable":true,"href":"https:\/\/konferenztechnik.de\/nl\/wp-json\/wp\/v2\/media\/45482"}],"wp:attachment":[{"href":"https:\/\/konferenztechnik.de\/nl\/wp-json\/wp\/v2\/media?parent=17853"}],"curies":[{"name":"wp","href":"https:\/\/api.w.org\/{rel}","templated":true}]}}