{"id":18403,"date":"2021-09-23T15:21:14","date_gmt":"2021-09-23T14:21:14","guid":{"rendered":"https:\/\/www.konferenztechnik.de\/?page_id=18403"},"modified":"2023-07-05T10:49:31","modified_gmt":"2023-07-05T08:49:31","slug":"zoom-gebeurtenissen","status":"publish","type":"page","link":"https:\/\/konferenztechnik.de\/nl\/zoom-gebeurtenissen\/","title":{"rendered":"Zoom Evenementen"},"content":{"rendered":"<div data-elementor-type=\"wp-page\" data-elementor-id=\"18403\" class=\"elementor elementor-18403\" data-elementor-post-type=\"page\">\n\t\t\t\t\t\t<section data-particle_enable=\"false\" data-particle-mobile-disabled=\"false\" class=\"elementor-section elementor-top-section elementor-element elementor-element-6d5079df elementor-section-boxed elementor-section-height-default elementor-section-height-default\" data-id=\"6d5079df\" data-element_type=\"section\">\n\t\t\t\t\t\t<div class=\"elementor-container elementor-column-gap-default\">\n\t\t\t\t\t<div class=\"elementor-column elementor-col-100 elementor-top-column elementor-element elementor-element-748553c3\" data-id=\"748553c3\" data-element_type=\"column\">\n\t\t\t<div class=\"elementor-widget-wrap elementor-element-populated\">\n\t\t\t\t\t\t<div class=\"elementor-element elementor-element-1b99b6e elementor-widget elementor-widget-text-editor\" data-id=\"1b99b6e\" data-element_type=\"widget\" data-widget_type=\"text-editor.default\">\n\t\t\t\t<div class=\"elementor-widget-container\">\n\t\t\t\t\t\t\t\t\t<h1>Zoom-evenementen \u2013 Cre\u00eber, host en beheer online evenementen met het Zoom-evenementenplatform<\/h1>\n<img fetchpriority=\"high\" decoding=\"async\" class=\"alignleft size-full wp-image-18533\" src=\"https:\/\/konferenztechnik.de\/wp-content\/uploads\/2021\/09\/zoomevents-deutschland.png\" alt=\"Zoom-evenementen boeken in Duitsland\" width=\"1920\" height=\"865\" title=\"\" srcset=\"https:\/\/konferenztechnik.de\/wp-content\/uploads\/2021\/09\/zoomevents-deutschland.png 1920w, https:\/\/konferenztechnik.de\/wp-content\/uploads\/2021\/09\/zoomevents-deutschland-300x135.png 300w, https:\/\/konferenztechnik.de\/wp-content\/uploads\/2021\/09\/zoomevents-deutschland-1024x461.png 1024w, https:\/\/konferenztechnik.de\/wp-content\/uploads\/2021\/09\/zoomevents-deutschland-768x346.png 768w, https:\/\/konferenztechnik.de\/wp-content\/uploads\/2021\/09\/zoomevents-deutschland-1536x692.png 1536w\" sizes=\"(max-width: 1920px) 100vw, 1920px\" \/>\n\n<img decoding=\"async\" src=\"https:\/\/konferenztechnik.de\/wp-content\/uploads\/2021\/09\/ze-logo-300x43.png\" alt=\"Zoom Evenementen\" width=\"300\" height=\"43\" title=\"\">\n\nHet Zoom Events platform voorziet in de behoefte om individuele virtuele ervaringen eenvoudig en effici\u00ebnt uit te voeren.\n\nZoom Events is een alles-in-\u00e9\u00e9n platform voor virtuele en hybride evenementen van verschillende formaten en groottes. Wij ondersteunen je bij het plannen en cre\u00ebren van evenementen en zorgen er met onze servers in Duitsland voor dat deze veilig en in overeenstemming met de regelgeving voor gegevensbescherming worden uitgevoerd.\n\nZoom Events biedt alles wat je nodig hebt om vol vertrouwen virtuele of hybride evenementen te cre\u00ebren. Werk samen met onze Zoom-experts om je evenement te cre\u00ebren en te optimaliseren. Wij voorzien je van een GDPR-compliant infrastructuur en adviseren en ondersteunen je met Zoom Meetings, Zoom Webinars en Zoom Events.\n\nPraat met onze experts over wat er al mogelijk is met Zoom Events.\n<div class=\"box1-4\" style=\"margin-bottom: 0!important; margin-top: 0px;\"><b><span class=\"pcs-color\">Advies en planning<\/span><\/b>\n<img decoding=\"async\" class=\"alignleft size-full wp-image-18690\" src=\"https:\/\/konferenztechnik.de\/wp-content\/uploads\/2021\/11\/Christian-becker-pcs-gmbh-foto-thomas-arendt-1.jpg\" alt=\"Christian Becker - PCS GmbH\" title=\"\"><\/div>\n<div><\/div>\n<div><\/div>\n<div><\/div>\n<div><\/div>\n<div><\/div>\n<div><\/div>\n<div><\/div>\n<div><\/div>\n<div><\/div>\n<div><\/div>\n<div><\/div>\n<div><\/div>\n<div><\/div>\n<div><\/div>\n<div><\/div>\n<div><\/div>\n<div><\/div>\n<div><\/div>\n<div><\/div>\n<div><\/div>\n<div><\/div>\n<div><\/div>\n<div><\/div>\n<div class=\"box1-4\" style=\"margin-bottom: 0!important; margin-top: 0px;\">Bel ons gewoon!\n<a href=\"tel:08007274624\"><b>0800 727 46 24<\/b><\/a>\nOf schrijf een e-mail naar:\n<span class=\"volleansicht\"><a href=\"mailto:info@konferenztechnik.de\">info@konferenztechnik.de<\/a>\n<\/span>\n<span class=\"mobileansicht\"><a href=\"mailto:info@konferenztechnik.de\">schrijf<\/a>\n<\/span><\/div>\n<div id=\"newscontainer\">\n<div class=\"newskasten\"><img decoding=\"async\" class=\"alignleft size-medium wp-image-18461\" src=\"https:\/\/konferenztechnik.de\/wp-content\/uploads\/2021\/09\/datensicherheit-300x221.png\" alt=\"Zoom Events - Uw gegevens veilig met PCS\" width=\"300\" height=\"221\" title=\"\" srcset=\"https:\/\/konferenztechnik.de\/wp-content\/uploads\/2021\/09\/datensicherheit-300x221.png 300w, https:\/\/konferenztechnik.de\/wp-content\/uploads\/2021\/09\/datensicherheit.png 336w\" sizes=\"(max-width: 300px) 100vw, 300px\" \/>\n<h3 class=\"pcs-color\"><strong>Gegevensbeveiliging<\/strong><\/h3>\nControle en documentatie door deskundigen op het gebied van gegevensbescherming van PCS\n\n<\/div>\n<div class=\"newskasten\"><img loading=\"lazy\" decoding=\"async\" class=\"alignleft size-medium wp-image-18494\" src=\"https:\/\/konferenztechnik.de\/wp-content\/uploads\/2021\/09\/zoom-dsvgo-1-300x221.png\" alt=\"Zoom Events - Gegevensbescherming conform GDPR\" width=\"300\" height=\"221\" title=\"\" srcset=\"https:\/\/konferenztechnik.de\/wp-content\/uploads\/2021\/09\/zoom-dsvgo-1-300x221.png 300w, https:\/\/konferenztechnik.de\/wp-content\/uploads\/2021\/09\/zoom-dsvgo-1.png 336w\" sizes=\"(max-width: 300px) 100vw, 300px\" \/>\n<h3 class=\"pcs-color\"><strong>Voldoet aan gegevensbescherming<\/strong><\/h3>\nconferenties organiseren op Duitse servers in overeenstemming met de Duitse en Europese wetgeving inzake gegevensbescherming\n\n<\/div>\n<div class=\"newskasten\"><img loading=\"lazy\" decoding=\"async\" class=\"alignleft size-medium wp-image-18479\" src=\"https:\/\/konferenztechnik.de\/wp-content\/uploads\/2021\/09\/anmeldung-300x221.png\" alt=\"Zoom Evenementen - Ticketing, Registratie\" width=\"300\" height=\"221\" title=\"\" srcset=\"https:\/\/konferenztechnik.de\/wp-content\/uploads\/2021\/09\/anmeldung-300x221.png 300w, https:\/\/konferenztechnik.de\/wp-content\/uploads\/2021\/09\/anmeldung.png 336w\" sizes=\"(max-width: 300px) 100vw, 300px\" \/>\n<h3 class=\"pcs-color\"><strong>Ticketing, registratie<\/strong><\/h3>\nVariabel, uitgebreid inlogsysteem ge\u00efntegreerd\n\n<\/div>\n<div class=\"newskasten\"><img loading=\"lazy\" decoding=\"async\" class=\"alignleft size-medium wp-image-18507\" src=\"https:\/\/konferenztechnik.de\/wp-content\/uploads\/2021\/09\/flexible-300x221.png\" alt=\"Zoom Events - Flexibel schaalbaar\" width=\"300\" height=\"221\" title=\"\">\n<h3 class=\"pcs-color\"><strong>Flexibel en schaalbaar<\/strong><\/h3>\nEen breed scala aan formaten en afmetingen\n\n<\/div>\n<div class=\"newskasten\"><img loading=\"lazy\" decoding=\"async\" class=\"alignleft size-medium wp-image-18498\" src=\"https:\/\/konferenztechnik.de\/wp-content\/uploads\/2021\/09\/allinone-300x221.png\" alt=\"Zoom Events - boek met PCS konferenztechnik.de\" width=\"300\" height=\"221\" title=\"\">\n<h3 class=\"pcs-color\"><strong>Beste kwaliteit van \u00e9\u00e9n leverancier<\/strong><\/h3>\nOptimale transmissiekwaliteit en compleet evenementenplatform\n\n<\/div>\n<\/div>\n<div style=\"background-color: #f7f7f7; padding-left: 20px; padding-right: 20px; padding-top: 30px;\">\n<h3><strong>Registraties en ticketbeheer<\/strong><\/h3>\nEenvoudige registratie en ticketing van je deelnemers is ge\u00efntegreerd. Je kunt het aantal gratis en betaalde tickets instellen, groepsaankopen, cadeauopties of donaties mogelijk maken. Registratie en ticketing kunnen worden gepersonaliseerd.\n<h3><strong>Openbare en priv\u00e9-evenementen<\/strong><\/h3>\nJe kunt gratis en betaalde evenementen organiseren voor zowel openbare als priv\u00e9-evenementen.\n<h3><strong>Verschillende evenementformaten<\/strong><\/h3>\nPlan individuele evenementen, reeksen evenementen, verschillende sessies of parallelle bijeenkomsten. Eendaags, meerdaags en natuurlijk met de optie om opnames te publiceren na het evenement. Je kunt over het algemeen beslissen of je een evenement live of on-demand beschikbaar wilt maken.\n<h3><strong>Lobby, landingspagina, hub voor evenementen<\/strong><\/h3>\nZoom Events biedt een eenvoudige manier om een startpunt (landingspagina, evenementhub) te maken voor je evenement. Deze kunnen ook openbaar of priv\u00e9 zijn en kunnen gebruikt worden met individuele URL's.\n<h3><strong>Uitwisseling, netwerken<\/strong><\/h3>\nAlle deelnemers kunnen netwerken in een lobby, chatten met sponsors en exposanten en contactgegevens uitwisselen.\n<h3><strong>Samenwerking<\/strong><\/h3>\nIntegreer verschillende apps om samenwerking te bevorderen, zoals Miro boards, Trello, Mentimeter, maar ook Microsoft Teams, Slack of Google Workspace. Zoom heeft zelf de ontwikkeling van een eigen whiteboard van hoge kwaliteit aangekondigd (13\/09\/2021), dat in de toekomst ook VR-samenwerking mogelijk zal maken.\n<h3><strong>Meertalig<\/strong><\/h3>\nWe maken meertalig en simultaan tolken op virtuele evenementen mogelijk met Zoom Events\n<h3><strong>Documentatie en evaluatie<\/strong><\/h3>\nJe kunt registraties, bezoekersaantallen, kaartverkoop en inkomsten bijhouden en documenteren. Zoom Events biedt analyses die je helpen je evenementen te evalueren en te verbeteren.\n\n<\/div>\n<h2><strong>Zoom-evenementen organiseren in overeenstemming met de regelgeving inzake gegevensbescherming<\/strong><\/h2>\nZoom Events is gebaseerd op de betrouwbare video- en chattechnologie van Zoom. Wij beoordelen de technologie en infrastructuur van Zoom als de beste en meest betrouwbare op de markt en met onze eigen Zoom-servers in Duitsland bieden we je GDPR-conforme virtuele en hybride evenementen die strikt volgens de Duitse wetgeving inzake gegevensbescherming worden uitgevoerd.\n<h2><strong>PCS is een aanbieder van Zoom Events<\/strong><\/h2>\nGebruik onze uitgebreide Zoom-licenties voor je evenementen. Onze experts ondersteunen je bij de setup, hosting en personalisatie en staan klaar om al je vragen te beantwoorden. Natuurlijk ondersteunen we je ook als je al je eigen Zoom Events licenties hebt.\n\nMaak kennis met Zoom Events. We bieden je een snelle en eenvoudige introductie. Je kunt ook een afspraak maken voor een demo om de functies en de backend te leren kennen.\n\nPraat met onze experts over wat er al mogelijk is met Zoom Events.\n<h2><b>Dit kan je ook interesseren<\/b><\/h2>\n<a title=\"Hybride evenementen\" href=\"\/nl\/hybride-evenementen\/\">Hybride evenementen<\/a>\n<a title=\"Flexibele evenementconcepten\" href=\"\/nl\/flexibele-evenementenconcepten\/\">Flexibele evenementconcepten<\/a>\n<a href=\"https:\/\/konferenztechnik.de\/nl\/tolken-op-afstand-3\/\">Tolken op afstand, hubs en studio's<\/a>\n\n\n<a href=\"https:\/\/konferenztechnik.de\/nl\/videoconferentie\/\">Videoconferentiesystemen<\/a>\n<a href=\"https:\/\/konferenztechnik.de\/nl\/huur-streamingtechnologie\/\">Streamingtechnologie inhuren<\/a>\n<a href=\"https:\/\/konferenztechnik.de\/nl\/verhuur-van-conferentieapparatuur-2\/av-technologie-microfoons-geluidssystemen-projectoren\/\">Audio-, video- en transmissietechnologie<\/a>\n<div class=\"box1-4 medium-size-txt\" style=\"margin-bottom: 0!important;\">\n<h2><b><span class=\"pcs-color medium-size-txt\">Uw evenement experts<\/span><\/b><\/h2>\nOnze Zoom Events-experts beantwoorden graag je vragen, adviseren je en stellen een persoonlijke offerte of een individueel projectplan op.\n\n<img loading=\"lazy\" decoding=\"async\" class=\"alignleft size-full wp-image-18120\" src=\"https:\/\/konferenztechnik.de\/wp-content\/uploads\/2021\/08\/Sebastian-Meyer-PCS-GmbH-konferenztechnik-small.jpg\" alt=\"Sebastian Meyer - PCS-GmbH - Projectplanning\" width=\"150\" height=\"150\" title=\"\">\n<img loading=\"lazy\" decoding=\"async\" class=\"alignleft size-full wp-image-17771\" src=\"https:\/\/konferenztechnik.de\/wp-content\/uploads\/2021\/06\/christian-becker-pcs-gmbh.jpg\" alt=\"Christian Becker - PCS GmbH - Evenementplanning\" width=\"150\" height=\"150\" title=\"\">\n<img loading=\"lazy\" decoding=\"async\" class=\"alignleft size-full wp-image-17774\" src=\"https:\/\/konferenztechnik.de\/wp-content\/uploads\/2021\/06\/sebastian-gegusch-pcs-gmbh.jpg\" alt=\"Sebastian Gegusch - PCS GmbH - Projectplanning\" width=\"150\" height=\"150\" title=\"\">\n\n<span class=\"medium-size-txt\">\nBel ons gewoon!\n<a href=\"tel:08007274624\"><b>0800 727 46 24<\/b><\/a><\/span>\n\nStuur een e-mail naar:\n<span class=\"volleansicht\"><a href=\"mailto:info@konferenztechnik.de\">info@konferenztechnik.de<\/a>\n<\/span>\n<span class=\"mobileansicht\"><a href=\"mailto:info@konferenztechnik.de\">schrijf<\/a>\n<\/span>\n\nChat met ons of gebruik onze terugbelservice\n<h2>Een callback regelen<\/h2>\n<\/div>\t\t\t\t\t\t\t\t<\/div>\n\t\t\t\t<\/div>\n\t\t\t\t\t<\/div>\n\t\t<\/div>\n\t\t\t\t\t<\/div>\n\t\t<\/section>\n\t\t\t\t<\/div>","protected":false},"excerpt":{"rendered":"<p>Zoom Events \u2013 Online-Events erstellen, hosten und verwalten mit der Zoom Events-Plattform Die Zoom Events-Plattform erf\u00fcllt die Bed\u00fcrfnisse, individuelle virtuelle Erlebnisse einfach und effizient durchzuf\u00fchren. Zoom Events ist eine All-in-one-Plattform f\u00fcr virtuelle und hybride Events unterschiedlichster Formate und Gr\u00f6\u00dfenordnungen. Wir unterst\u00fctzen Sie bei der Planung und Erstellung und sorgen mit unseren Servern in Deutschland f\u00fcr [&hellip;]<\/p>","protected":false},"author":1,"featured_media":45482,"parent":0,"menu_order":0,"comment_status":"closed","ping_status":"closed","template":"","meta":{"_acf_changed":false,"footnotes":""},"class_list":["post-18403","page","type-page","status-publish","has-post-thumbnail","hentry"],"acf":[],"_links":{"self":[{"href":"https:\/\/konferenztechnik.de\/nl\/wp-json\/wp\/v2\/pages\/18403","targetHints":{"allow":["GET"]}}],"collection":[{"href":"https:\/\/konferenztechnik.de\/nl\/wp-json\/wp\/v2\/pages"}],"about":[{"href":"https:\/\/konferenztechnik.de\/nl\/wp-json\/wp\/v2\/types\/page"}],"author":[{"embeddable":true,"href":"https:\/\/konferenztechnik.de\/nl\/wp-json\/wp\/v2\/users\/1"}],"replies":[{"embeddable":true,"href":"https:\/\/konferenztechnik.de\/nl\/wp-json\/wp\/v2\/comments?post=18403"}],"version-history":[{"count":0,"href":"https:\/\/konferenztechnik.de\/nl\/wp-json\/wp\/v2\/pages\/18403\/revisions"}],"wp:featuredmedia":[{"embeddable":true,"href":"https:\/\/konferenztechnik.de\/nl\/wp-json\/wp\/v2\/media\/45482"}],"wp:attachment":[{"href":"https:\/\/konferenztechnik.de\/nl\/wp-json\/wp\/v2\/media?parent=18403"}],"curies":[{"name":"wp","href":"https:\/\/api.w.org\/{rel}","templated":true}]}}