{"id":18772,"date":"2022-01-13T13:17:51","date_gmt":"2022-01-13T12:17:51","guid":{"rendered":"https:\/\/www.konferenztechnik.de\/?page_id=18772"},"modified":"2023-07-05T14:29:08","modified_gmt":"2023-07-05T12:29:08","slug":"tolkstudios-berlijn","status":"publish","type":"page","link":"https:\/\/konferenztechnik.de\/nl\/tolkstudios-berlijn\/","title":{"rendered":"Tolkstudio's Berlijn"},"content":{"rendered":"<h1 class=\"pcs-color\"><b>PCS Tolkstudio's Berlijn K\u00f6penicker Stra\u00dfe 154<\/b><\/h1>\n<p><iframe class=\"maps-full\" style=\"border: 0;\" src=\"https:\/\/www.google.com\/maps\/embed?pb=!1m18!1m12!1m3!1d2428.532610250432!2d13.427603016006886!3d52.505699645041084!2m3!1f0!2f0!3f0!3m2!1i1024!2i768!4f13.1!3m3!1m2!1s0x47a84e37d9891a73%3A0xee3a2da62f925ce!2sK%C3%B6penicker%20Str.%20154%2C%2010997%20Berlin!5e0!3m2!1sde!2sde!4v1641994730437!5m2!1sde!2sde\" allowfullscreen=\"allowfullscreen\"><\/iframe><\/p>\n<p>Op onze nieuwe locatie worden momenteel moderne, centraal gelegen, professionele en comfortabele tolkstudio's gebouwd. Met meer dan 50 werkplekken is dit de grootste tolkenhub voor simultaantolken in Duitsland: GDPR-conforme streaming voor conferenties, evenementen, omroepstudio's, vergaderingen en videoconferenties.<\/p>\n<p>Onze service ter plaatse: Individuele ondersteuning door technici, co\u00f6rdinatie van evenementen, catering, green screen studio, coworking spaces, lounge.<\/p>\n<p><img decoding=\"async\" class=\"alignleft size-full wp-image-18760\" src=\"https:\/\/konferenztechnik.de\/wp-content\/uploads\/2022\/01\/koep-1.jpg\" alt=\"Dolmetsch Naven - PCS GmbH K\u00f6penicker Stra\u00dfe 154\" title=\"\"><\/p>\n<div class=\"small-text\">\n<h2 class=\"pcs-color\">Adres<\/h2>\n<p>K\u00f6penicker Stra\u00dfe 154<br \/>\nHuis J<br \/>\n10997 Berlijn<br \/>\nTel. <a href=\"\/nl\/tel&quot;+49306959690\/\"><b>+49 30 6959690 0<\/b><\/a><br \/>\n<span class=\"volleansicht\">e-mail: <a href=\"mailto:berlin@konferenztechnik.de\">berlin@konferenztechnik.de<\/a><\/span><br \/>\n<span class=\"mobileansicht\">e-mail: <a href=\"mailto:berlin@konferenztechnik.de\">schrijf<\/a><\/span><\/p>\n<h2 class=\"pcs-color\">Benadering<\/h2>\n<p>Je kunt ons het beste bereiken vanaf de stations Ostbahnhof (S-Bahn, regionale trein), U Heinrich-Heine-Stra\u00dfe (U-Bahn) of Bethaniendamm (bus).<\/p>\n<p><b>Vanaf Ostbahnhof<\/b><\/p>\n<ul>\n<li>Het is 900 meter lopen, ongeveer 10 minuten.<\/li>\n<li>Neem bus 140 richting U Mehringdamm, \u00e9\u00e9n halte naar Bethaniendamm.<\/li>\n<li>Neem bus 147 in de richting van U Leopoldplatz een halte naar Bethaniendamm.<\/li>\n<li>Je kunt ook gebruikmaken van taxi's, Uber, Freenow, e-scooters of fietsdelen.<\/li>\n<\/ul>\n<p><b>Vanaf metrostation Heinrich Heine Stra\u00dfe (U8)<\/b><\/p>\n<ul>\n<li>Het is 1000 meter lopen, ongeveer 12 minuten.<\/li>\n<li>Neem bus 265 richting S Sch\u00f6neweide drie haltes naar Bethaniendamm.<\/li>\n<li>Neem bus 147 in de richting van S Ostbahnhof en maak drie haltes naar Bethaniendamm.<\/li>\n<li>Je kunt ook gebruikmaken van taxi's, Uber, Freenow, e-scooters of fietsdelen.<\/li>\n<\/ul>\n<p>Er zijn zes gratis parkeerplaatsen beschikbaar op onze binnenplaats. Als deze vol zijn, kun je gratis parkeren op openbare plaatsen in de omgeving.<\/p>\n<p>Op de levendige binnenplaats zijn afsluitbeugels beschikbaar voor fietsen.<\/p>\n<ul>\n<li>Neem de regionale sneltrein RE7 rechtstreeks van Terminal 1-2 naar Ostbahnhof. Vanuit Ostbahnhof kun je ons dan bereiken zoals hierboven beschreven.<\/li>\n<li>Neem de FEX-sneltrein rechtstreeks van Terminal 1-2 naar Ostkreuz en neem dan de S-Bahn (S 41, S3, S5, S7, RE1) \u00e9\u00e9n halte naar Ostbahnhof. Vanaf Ostbahnhof kun je ons dan bereiken zoals hierboven beschreven.<\/li>\n<\/ul>\n<\/div>","protected":false},"excerpt":{"rendered":"<p>PCS Dolmetschstudios Berlin K\u00f6penicker Stra\u00dfe 154 An unserem neuen Standort entstehen aktuell moderne Dolmetschstudios, zentral gelegen, professionell und komfortabel. Mit \u00fcber 50 Arbeitspl\u00e4tzen ist dies der gr\u00f6\u00dfte Dolmetsch-Hub f\u00fcr Simultandolmetschen in Deutschland: DSGVO-konformes Streaming zu Konferenzen, Events, Broadcaststudios, Tagungen und Videokonferenzen. Unser Service vor Ort: Individuelle Betreuung durch Techniker:innen, Eventkoordination, Catering, Greenscreenstudio, Coworking-Spaces, Lounge. Adresse [&hellip;]<\/p>","protected":false},"author":1,"featured_media":45482,"parent":0,"menu_order":0,"comment_status":"closed","ping_status":"closed","template":"","meta":{"_acf_changed":false,"footnotes":""},"class_list":["post-18772","page","type-page","status-publish","has-post-thumbnail","hentry"],"acf":[],"_links":{"self":[{"href":"https:\/\/konferenztechnik.de\/nl\/wp-json\/wp\/v2\/pages\/18772","targetHints":{"allow":["GET"]}}],"collection":[{"href":"https:\/\/konferenztechnik.de\/nl\/wp-json\/wp\/v2\/pages"}],"about":[{"href":"https:\/\/konferenztechnik.de\/nl\/wp-json\/wp\/v2\/types\/page"}],"author":[{"embeddable":true,"href":"https:\/\/konferenztechnik.de\/nl\/wp-json\/wp\/v2\/users\/1"}],"replies":[{"embeddable":true,"href":"https:\/\/konferenztechnik.de\/nl\/wp-json\/wp\/v2\/comments?post=18772"}],"version-history":[{"count":0,"href":"https:\/\/konferenztechnik.de\/nl\/wp-json\/wp\/v2\/pages\/18772\/revisions"}],"wp:featuredmedia":[{"embeddable":true,"href":"https:\/\/konferenztechnik.de\/nl\/wp-json\/wp\/v2\/media\/45482"}],"wp:attachment":[{"href":"https:\/\/konferenztechnik.de\/nl\/wp-json\/wp\/v2\/media?parent=18772"}],"curies":[{"name":"wp","href":"https:\/\/api.w.org\/{rel}","templated":true}]}}