{"id":189,"date":"2013-06-28T11:30:55","date_gmt":"2013-06-28T09:30:55","guid":{"rendered":"https:\/\/pcs-miete.de\/?page_id=189"},"modified":"2023-09-01T14:06:42","modified_gmt":"2023-09-01T12:06:42","slug":"onderhoud-en-reparatie","status":"publish","type":"page","link":"https:\/\/konferenztechnik.de\/nl\/onderhoud-en-reparatie\/","title":{"rendered":"Producten op maat, onderhoud en reparaties"},"content":{"rendered":"<h1>Producten op maat, onderhoud en reparaties<\/h1>\n<p>[rev_slider aangepaste producten].<br \/>\n[spacer size=\"20\u2033]<\/p>\n<p>Onze getrainde medewerkers en goed uitgeruste werkplaats staan tot je beschikking voor after-sales ondersteuning, onderhoud en reparaties.<\/p>\n<p>We cre\u00ebren ook op maat gemaakte oplossingen voor installaties en verkoop. Wij bieden hoogwaardige multimediaoplossingen op maat, afgestemd op uw idee\u00ebn, visuele specificaties en richtlijnen voor bedrijfsdesign, gepland door onze technici en deskundig ge\u00efmplementeerd.<\/p>\n<p>[column size=\"1-3\u2033 last=\"0\u2033]<br \/>\n<a href=\"https:\/\/konferenztechnik.de\/wp-content\/uploads\/2013\/08\/sonderanfertigung01.jpg\"><img fetchpriority=\"high\" decoding=\"async\" src=\"https:\/\/konferenztechnik.de\/wp-content\/uploads\/2013\/08\/sonderanfertigung01.jpg\" alt=\"aangepast01\" width=\"470\" height=\"400\" class=\"alignnone size-full wp-image-1610\" title=\"\" srcset=\"https:\/\/konferenztechnik.de\/wp-content\/uploads\/2013\/08\/sonderanfertigung01.jpg 470w, https:\/\/konferenztechnik.de\/wp-content\/uploads\/2013\/08\/sonderanfertigung01-300x255.jpg 300w\" sizes=\"(max-width: 470px) 100vw, 470px\" \/><\/a><br \/>\n[\/column]<\/p>\n<p>[column size=\"1-2\u2033 last=\"1\u2033]<br \/>\n<a href=\"https:\/\/konferenztechnik.de\/wp-content\/uploads\/2013\/08\/sonderanfertigung02.jpg\"><img decoding=\"async\" src=\"https:\/\/konferenztechnik.de\/wp-content\/uploads\/2013\/08\/sonderanfertigung02.jpg\" alt=\"aangepast02\" width=\"470\" height=\"400\" class=\"alignnone size-full wp-image-1611\" title=\"\" srcset=\"https:\/\/konferenztechnik.de\/wp-content\/uploads\/2013\/08\/sonderanfertigung02.jpg 470w, https:\/\/konferenztechnik.de\/wp-content\/uploads\/2013\/08\/sonderanfertigung02-300x255.jpg 300w\" sizes=\"(max-width: 470px) 100vw, 470px\" \/><\/a><br \/>\n[\/column]<\/p>\n<p>[column size=\"1-3\u2033 last=\"0\u2033]<br \/>\n<a href=\"https:\/\/konferenztechnik.de\/wp-content\/uploads\/2013\/08\/sonderanfertigung03.jpg\"><img decoding=\"async\" src=\"https:\/\/konferenztechnik.de\/wp-content\/uploads\/2013\/08\/sonderanfertigung03.jpg\" alt=\"aangepast03\" width=\"470\" height=\"400\" class=\"alignnone size-full wp-image-1612\" title=\"\" srcset=\"https:\/\/konferenztechnik.de\/wp-content\/uploads\/2013\/08\/sonderanfertigung03.jpg 470w, https:\/\/konferenztechnik.de\/wp-content\/uploads\/2013\/08\/sonderanfertigung03-300x255.jpg 300w\" sizes=\"(max-width: 470px) 100vw, 470px\" \/><\/a><br \/>\n[\/column]<\/p>\n<p>[column size=\"1-2\u2033 last=\"1\u2033]<br \/>\n<a href=\"https:\/\/konferenztechnik.de\/wp-content\/uploads\/2013\/08\/sonderanfertigung04.jpg\"><img loading=\"lazy\" decoding=\"async\" src=\"https:\/\/konferenztechnik.de\/wp-content\/uploads\/2013\/08\/sonderanfertigung04.jpg\" alt=\"aangepast04\" width=\"470\" height=\"400\" class=\"alignnone size-full wp-image-1613\" title=\"\" srcset=\"https:\/\/konferenztechnik.de\/wp-content\/uploads\/2013\/08\/sonderanfertigung04.jpg 470w, https:\/\/konferenztechnik.de\/wp-content\/uploads\/2013\/08\/sonderanfertigung04-300x255.jpg 300w\" sizes=\"(max-width: 470px) 100vw, 470px\" \/><\/a><br \/>\n[\/column]<\/p>\n<p>Heb je een sluitring nodig voor je conferentiesysteem uit 1950 of een microfoon in je bedrijfskleur? Praat met onze afdeling maatwerk en reparatie. Zelfs de meest ongebruikelijke verzoeken zijn ons dagelijks werk.<\/p>\n<p>[spacer size=\"30\u2033]<\/p>\n<h1>Contactpersoon<\/h1>\n<p>[spacer size=\"20\u2033]<br \/>\n[column size=\"1-3\u2033 last=\"0\u2033]<br \/>\n[tabs style=\"2\u2033]<br \/>\n[title=\"Conferentieaccessoires, videoliften, onderhoud en reparatie\"]]<br \/>\n<img decoding=\"async\" src=\"https:\/\/konferenztechnik.de\/wp-content\/uploads\/2013\/09\/sebastian_spree_pcs-gmbh2.jpg\" alt=\"Sebastian Spree\" class=\"alignleft size-full wp-image-2315\" title=\"\"><\/p>\n<p>Sebastian Spree<br \/>\nProjectadviseur<br \/>\nTelefoon +49 211 737798 24<br \/>\ne-mail <a href=\"mailto:spree@konferenztechnik.de\">spree@konferenztechnik.de<\/a><br \/>\nQR-code <a href=\"https:\/\/konferenztechnik.de\/wp-content\/uploads\/2013\/09\/sebastian_spree_qrcode.png\">&#x9B; tonen<\/a><\/p>\n<p>[\/tab]<br \/>\n[\/tabs]<br \/>\n[\/column]<br \/>\n[column size=\"1-2\u2033 last=\"1\u2033]<\/p>\n<div class=\"weiterlinks2\">\n[tabs style=\"2\u2033]<br \/>\n[title=\"Overige links\"].<\/p>\n<ul>\n<li>&#x9B; <a href=\"\/nl\/over-ons-2\/referentielijst-installatie\/\" title=\"Referenties\">Referenties Installatie en integratie<\/a><\/li>\n<li>&#x9B; <a href=\"\/nl\/over-ons-2\/10-goede-redenen-voor-pcs\/\" title=\"10 goede redenen voor PCS\">10 goede redenen voor PCS<\/a><\/li>\n<li>\u203a <a title=\"Distributie van conferentie- en mediatechnologie\" href=\"\/nl\/diensten-2\/verkoopconferentie-en-mediatechnologie\/\">Distributie van conferentie- en mediatechnologie<\/a><\/li>\n<\/ul>\n<\/div>\n<p>[\/tab]<br \/>\n[\/tabs]<br \/>\n[\/column]<br \/>\n[spacer size=\"30\u2033]<\/p>","protected":false},"excerpt":{"rendered":"<p>Sonderanfertigungen, Wartungen und Reparaturen [rev_slider sonderanfertigungen] [spacer size=&#8220;20&#8243;] Im After-Sales-Support stehen Ihnen f\u00fcr Wartungen und Reparaturen unser geschultes Personal und eine bestens ausgestattete Werkstatt zur Verf\u00fcgung. Hier entstehen auch Sonderl\u00f6sungen f\u00fcr Installationen und Vertrieb. Wir bieten ma\u00dfgeschneiderte, hochwertige, multimediale L\u00f6sungen, passend zu Ihren Vorstellungen, visuellen Vorgaben und Corporate-Design-Richtlinien, von uns ingenieurtechnisch geplant und fachm\u00e4nnisch umgesetzt. [&hellip;]<\/p>","protected":false},"author":1,"featured_media":45482,"parent":0,"menu_order":245,"comment_status":"closed","ping_status":"open","template":"","meta":{"_acf_changed":false,"footnotes":""},"class_list":["post-189","page","type-page","status-publish","has-post-thumbnail","hentry"],"acf":[],"_links":{"self":[{"href":"https:\/\/konferenztechnik.de\/nl\/wp-json\/wp\/v2\/pages\/189","targetHints":{"allow":["GET"]}}],"collection":[{"href":"https:\/\/konferenztechnik.de\/nl\/wp-json\/wp\/v2\/pages"}],"about":[{"href":"https:\/\/konferenztechnik.de\/nl\/wp-json\/wp\/v2\/types\/page"}],"author":[{"embeddable":true,"href":"https:\/\/konferenztechnik.de\/nl\/wp-json\/wp\/v2\/users\/1"}],"replies":[{"embeddable":true,"href":"https:\/\/konferenztechnik.de\/nl\/wp-json\/wp\/v2\/comments?post=189"}],"version-history":[{"count":0,"href":"https:\/\/konferenztechnik.de\/nl\/wp-json\/wp\/v2\/pages\/189\/revisions"}],"wp:featuredmedia":[{"embeddable":true,"href":"https:\/\/konferenztechnik.de\/nl\/wp-json\/wp\/v2\/media\/45482"}],"wp:attachment":[{"href":"https:\/\/konferenztechnik.de\/nl\/wp-json\/wp\/v2\/media?parent=189"}],"curies":[{"name":"wp","href":"https:\/\/api.w.org\/{rel}","templated":true}]}}