{"id":18928,"date":"2022-03-30T14:02:02","date_gmt":"2022-03-30T13:02:02","guid":{"rendered":"https:\/\/www.konferenztechnik.de\/?page_id=18928"},"modified":"2023-08-28T15:44:31","modified_gmt":"2023-08-28T13:44:31","slug":"technische-cooerdinatie-en-ondersteuning-voor-tolkenstudios-d-w-m","status":"publish","type":"page","link":"https:\/\/konferenztechnik.de\/nl\/carriere\/technische-cooerdinatie-en-ondersteuning-voor-tolkenstudios-d-w-m\/","title":{"rendered":"Technische co\u00f6rdinatie en ondersteuning voor tolkstudio's (d\/v\/m)"},"content":{"rendered":"<h1><b>Technische co\u00f6rdinatie en ondersteuning voor tolkstudio's (d\/v\/m)<\/b><\/h1>\n<p>[note colour=\"#FFCC00\u2033]<br \/>\n[spacer size=\"20\u2033]<br \/>\nDe functie is nu ingevuld. Hartelijk dank voor uw sollicitatie!<br \/>\n[spacer size=\"20\u2033]<br \/>\n[\/noot]<br \/>\n[column size=\"3-4\u2033 last=\"0\u2033]<\/p>\n<h2><b>Functieomschrijving<\/b><\/h2>\n<p>Je bent het centrale (technische) aanspreekpunt voor onze studio's in Berlijn met meer dan 50 werkplekken voor simultaantolken. Je bent verantwoordelijk voor de technische opbouw, co\u00f6rdinatie en begeleiding van evenementen in onze studio's en zorgt voor de nazorg en eventueel noodzakelijke om- en afbouwwerkzaamheden. Afhankelijk van de grootte van het evenement werk je in teamverband met onze technici.<\/p>\n<p>[\/column]<br \/>\n[column size=\"1-4\u2033 last=\"1\u2033]<\/p>\n<div class=\"box1-4\">\n<img fetchpriority=\"high\" decoding=\"async\" width=\"800\" height=\"533\" src=\"https:\/\/konferenztechnik.de\/wp-content\/uploads\/2013\/09\/gunnar_hermenau_pcs-gmbh.jpg\" alt=\"gunnar_hermenau_pcs-gmbh\" class=\"alignleft size-full wp-image-2301\" title=\"\" srcset=\"https:\/\/konferenztechnik.de\/wp-content\/uploads\/2013\/09\/gunnar_hermenau_pcs-gmbh.jpg 800w, https:\/\/konferenztechnik.de\/wp-content\/uploads\/2013\/09\/gunnar_hermenau_pcs-gmbh-300x200.jpg 300w, https:\/\/konferenztechnik.de\/wp-content\/uploads\/2013\/09\/gunnar_hermenau_pcs-gmbh-768x512.jpg 768w\" sizes=\"(max-width: 800px) 100vw, 800px\" \/><br \/>\nStuur sollicitaties naar<br \/>\nGunnar Hermenau<br \/>\nTel. <a href=\"tel:+49\" 30 6959690 14\">+49 30 6959690 14<\/a><br \/>\n<span class=\"volleansicht\">e-mail <a href=\"mailto:hermenau@konferenztechnik.de\" onclick=\"ga('send', 'event', 'Email-Klick', 'Kontakt Hermenau');\">schrijf<\/a><br \/>\n<\/span><br \/>\n<span class=\"mobileansicht\">e-mail <a href=\"mailto:hermenau@konferenztechnik.de\" onclick=\"ga('send', 'event', 'Email-Klick', 'Kontakt Hermenau');\">schrijf<\/a><br \/>\n<\/span><\/div>\n<p>[\/column]<\/p>\n<h2><b>Uw taken<\/b><\/h2>\n<ul>\n<li>Opzetten, bedienen en ondersteunen van alle technische apparatuur in onze studio's (focus op geluid, licht, beeld, IT voor evenementen, tolktechnologie)<\/li>\n<li>Voorbereiding en follow-up van evenementen in onze studio's<\/li>\n<li>Onderhoud en service van onze studiotechnologie<\/li>\n<li>Technische ondersteuning voor, tijdens en na evenementen<\/li>\n<li>Evenementco\u00f6rdinatie van digitale evenementen en hybride evenementen<\/li>\n<li>Opzetten, installeren en bedienen van evenemententechnologie bij evenementen op locatie<\/li>\n<\/ul>\n<p>[spacer size=\"20\u2033]<\/p>\n<h2><b>Jouw profiel<\/b><\/h2>\n<ul>\n<li>succesvol afgeronde opleiding tot specialist in evenemententechniek op het gebied van geluidstechniek of evenemententechniek of een vergelijkbare opleiding\/studie of meerdere jaren relevante werkervaring<\/li>\n<li>Zeer goede kennis van audio-, video- en tolktechnologie en van IT voor evenementen<\/li>\n<li>Zeer goede computervaardigheden (PC\/Mac\/besturingssystemen)<\/li>\n<li>Goede kennis van MS Office, MS Teams, Zoom of andere videoconferentiesystemen of evenementenplatforms<\/li>\n<li>Zeer goede communicatieve vaardigheden in het Duits en goed in het Engels<\/li>\n<li>Je werkt graag in teamverband en beschikt over uitstekende organisatorische en communicatieve vaardigheden<\/li>\n<li>Je bent betrouwbaar en behoudt het overzicht, zelfs in stressvolle situaties<\/li>\n<\/ul>\n<p>[spacer size=\"20\u2033]<\/p>\n<h2><b>Wij bieden<\/b><\/h2>\n<ul>\n<li>Een vaste baan met een eerlijk salaris<\/li>\n<li>Een geweldig en gemotiveerd team<\/li>\n<li>Vlakke hi\u00ebrarchie\u00ebn en korte besluitvormingsprocessen<\/li>\n<li>Een centraal gelegen, moderne werkplek<\/li>\n<li>Flexibele werktijden<\/li>\n<li>Bedrijfspensioenregeling en aanvullende tandartsverzekering<\/li>\n<li>Vakantiefiets<\/li>\n<\/ul>","protected":false},"excerpt":{"rendered":"<p>Technische Koordination und Betreuung Dolmetschstudios (d\/w\/m) [note color=&#8220;#FFCC00&#8243;] [spacer size=&#8220;20&#8243;] Die Stelle ist mittlerweile besetzt. Vielen Dank f\u00fcr Ihre Bewerbungen! [spacer size=&#8220;20&#8243;] [\/note] [column size=&#8220;3-4&#8243; last=&#8220;0&#8243;] Stellenbeschreibung Du bist zentrale (technische) Ansprechperson f\u00fcr unsere Berliner Studios mit \u00fcber 50 Arbeitspl\u00e4tzen f\u00fcr Simultandolmetscher:innen. Du \u00fcbernimmst die technische Einrichtung, die Koordination und Betreuung von Events in unseren [&hellip;]<\/p>","protected":false},"author":1,"featured_media":45482,"parent":5827,"menu_order":0,"comment_status":"closed","ping_status":"closed","template":"","meta":{"_acf_changed":false,"footnotes":""},"class_list":["post-18928","page","type-page","status-publish","has-post-thumbnail","hentry"],"acf":[],"_links":{"self":[{"href":"https:\/\/konferenztechnik.de\/nl\/wp-json\/wp\/v2\/pages\/18928","targetHints":{"allow":["GET"]}}],"collection":[{"href":"https:\/\/konferenztechnik.de\/nl\/wp-json\/wp\/v2\/pages"}],"about":[{"href":"https:\/\/konferenztechnik.de\/nl\/wp-json\/wp\/v2\/types\/page"}],"author":[{"embeddable":true,"href":"https:\/\/konferenztechnik.de\/nl\/wp-json\/wp\/v2\/users\/1"}],"replies":[{"embeddable":true,"href":"https:\/\/konferenztechnik.de\/nl\/wp-json\/wp\/v2\/comments?post=18928"}],"version-history":[{"count":0,"href":"https:\/\/konferenztechnik.de\/nl\/wp-json\/wp\/v2\/pages\/18928\/revisions"}],"up":[{"embeddable":true,"href":"https:\/\/konferenztechnik.de\/nl\/wp-json\/wp\/v2\/pages\/5827"}],"wp:featuredmedia":[{"embeddable":true,"href":"https:\/\/konferenztechnik.de\/nl\/wp-json\/wp\/v2\/media\/45482"}],"wp:attachment":[{"href":"https:\/\/konferenztechnik.de\/nl\/wp-json\/wp\/v2\/media?parent=18928"}],"curies":[{"name":"wp","href":"https:\/\/api.w.org\/{rel}","templated":true}]}}