{"id":1899,"date":"2013-09-06T11:43:05","date_gmt":"2013-09-06T09:43:05","guid":{"rendered":"https:\/\/konferenztechnik.de\/?page_id=1899"},"modified":"2013-09-06T11:43:05","modified_gmt":"2013-09-06T09:43:05","slug":"sennheiser-geleidingssystemen","status":"publish","type":"page","link":"https:\/\/konferenztechnik.de\/nl\/distributie-van-conferentie-en-av-mediatechnologie\/sennheiser-geleidingssystemen\/","title":{"rendered":"Sennheiser geleidingssystemen"},"content":{"rendered":"<h1>Gidssystemen en reisbegeleidingssystemen van Sennheiser<\/h1>\n<p>Een Sennheiser TourGuide systeem is het ideale medium voor fabrieksrondleidingen en stadsrondleidingen zodra de te begeleiden groep groter is dan een bepaald aantal personen en zodra het omgevingsgeluid \u2013 zoals in productiefaciliteiten \u2013 zo hoog is dat het niet meer mogelijk is om te communiceren zonder een dergelijk hulpmiddel.<\/p>\n<p>Hier zijn de kenmerken van dit TourGuide-systeem in detail:<\/p>\n<ul>\n<li>6 kanalen in het vergunningsvrije Europese frequentiebereik: 863-865 MHz<\/li>\n<li>Digitale radiotransmissietechnologie<\/li>\n<li>Zeer eenvoudige bediening<\/li>\n<li>Robuuste, in de praktijk bewezen behuizing voor handzender<\/li>\n<li>Ideaal in lawaaierige omgevingen<\/li>\n<li>Display met achtergrondverlichting en indicator<\/li>\n<li>Eenvoudige kanaalinstelling<\/li>\n<li>Weergave van de batterijstatus<\/li>\n<\/ul>\n<p>[spacer size=\"20\u2033]<br \/>\n[tabs style=\"1\u2033]<br \/>\n[title=\"Artikel\"]]<\/p>\n<h2>HDE 2020-D kinsteunontvanger<\/h2>\n<p>[column size=\"2-5\u2033 last=\"0\u2033]<\/p>\n<p><a href=\"https:\/\/konferenztechnik.de\/wp-content\/uploads\/2013\/09\/TourGuide_Empfaenger_HDE2020-D_gross.jpg\"><img fetchpriority=\"high\" decoding=\"async\" width=\"410\" height=\"497\" src=\"https:\/\/konferenztechnik.de\/wp-content\/uploads\/2013\/09\/TourGuide_Empfaenger_HDE2020-D_gross.jpg\" alt=\"Sennheiser TourGuide-ontvanger HDE2020-D\" class=\"alignnone size-full wp-image-1905\" title=\"\" srcset=\"https:\/\/konferenztechnik.de\/wp-content\/uploads\/2013\/09\/TourGuide_Empfaenger_HDE2020-D_gross.jpg 410w, https:\/\/konferenztechnik.de\/wp-content\/uploads\/2013\/09\/TourGuide_Empfaenger_HDE2020-D_gross-247x300.jpg 247w\" sizes=\"(max-width: 410px) 100vw, 410px\" \/><\/a><\/p>\n<p>[\/column]<br \/>\n[column size=\"3-5\u2033 last=\"1\u2033]<br \/>\nDe HDE 2020-D is een comfortabel te dragen headset van het TourGuide System 2020-D van Sennheiser. Het is een ontvanger en headset in \u00e9\u00e9n \u2013 zonder vervelende kabels. De oplaadbare batterij van de headset biedt tot 8 uur gebruik voor typische fabrieksrondleidingen en stadsrondleidingen. Een ingebouwd LCD-scherm geeft informatie over het volume, de ontvangstkwaliteit, de batterijstatus en het geselecteerde ontvangstkanaal.<br \/>\n[\/column]<br \/>\n[\/tab]<br \/>\n[\/tabs]<\/p>\n<p>[spacer size=\"20\u2033]<br \/>\n[tabs style=\"1\u2033]<br \/>\n[title=\"Artikel\"]]<\/p>\n<h2>Zakontvanger EK 2020-D<\/h2>\n<p>[column size=\"2-5\u2033 last=\"0\u2033]<\/p>\n<p><a href=\"https:\/\/konferenztechnik.de\/wp-content\/uploads\/2013\/09\/sennheiser-tourguide-EK_2020-D_gross.jpg\"><img decoding=\"async\" width=\"275\" height=\"413\" src=\"https:\/\/konferenztechnik.de\/wp-content\/uploads\/2013\/09\/sennheiser-tourguide-EK_2020-D_gross.jpg\" alt=\"Sennheiser Tourguide EK2020-D\" class=\"alignnone size-full wp-image-1907\" title=\"\" srcset=\"https:\/\/konferenztechnik.de\/wp-content\/uploads\/2013\/09\/sennheiser-tourguide-EK_2020-D_gross.jpg 275w, https:\/\/konferenztechnik.de\/wp-content\/uploads\/2013\/09\/sennheiser-tourguide-EK_2020-D_gross-200x300.jpg 200w\" sizes=\"(max-width: 275px) 100vw, 275px\" \/><\/a><br \/>\n[\/column]<br \/>\n[column size=\"3-5\u2033 last=\"1\u2033]<br \/>\nDe EK 2020-D is een zakontvanger die kan worden gebruikt met een individuele hoofdtelefoon of ringleiding. Hij is ideaal voor gebruik met hoorhulp, persoonlijke begeleiding of in conferenties. De ontvanger kan worden gebruikt in combinatie met hoortoestellen met een T-spoel.<br \/>\n[\/column]<br \/>\n[\/tab]<br \/>\n[title=\"Technische details\"]<\/p>\n<h2>Zakontvanger EK 2020-D<\/h2>\n<p>Het ontvangstbereik van de EK 2020-D is ongeveer 50 meter buitenshuis en ongeveer 100 meter binnenshuis. Het volume, de ontvangstkwaliteit, de batterijstatus en het ontvangstkanaal kunnen worden afgelezen op een LCD-scherm. Hij kan ook probleemloos worden gebruikt in combinatie met de HDE 2020-D kinsteunontvangers.<\/p>\n<ul>\n<li>Vrije keuze van hoofdtelefoon of gebruik van inductielus<\/li>\n<li>16 uur batterijduur<\/li>\n<li>Digitale HF-signaaloverdracht<\/li>\n<li>LCD-scherm met achtergrondverlichting<\/li>\n<li>Gemengde werking met HDE 2020-D kinsteunontvanger mogelijk<\/li>\n<\/ul>\n<p>[\/tab]<br \/>\n[\/tabs]<br \/>\n[spacer size=\"20\u2033]<br \/>\n[tabs style=\"1\u2033]<br \/>\n[title=\"Artikel\"]]<\/p>\n<h2>SKM 2020-D handzender<\/h2>\n<p>[column size=\"2-5\u2033 last=\"0\u2033]<\/p>\n<p><a href=\"https:\/\/konferenztechnik.de\/wp-content\/uploads\/2013\/09\/TourGuide_Handsender_SKM2020-D_gross.jpg\"><img decoding=\"async\" width=\"527\" height=\"198\" src=\"https:\/\/konferenztechnik.de\/wp-content\/uploads\/2013\/09\/TourGuide_Handsender_SKM2020-D_gross.jpg\" alt=\"TourGuide handzender SKM2020-D\" class=\"alignnone size-full wp-image-1909\" title=\"\" srcset=\"https:\/\/konferenztechnik.de\/wp-content\/uploads\/2013\/09\/TourGuide_Handsender_SKM2020-D_gross.jpg 527w, https:\/\/konferenztechnik.de\/wp-content\/uploads\/2013\/09\/TourGuide_Handsender_SKM2020-D_gross-300x113.jpg 300w\" sizes=\"(max-width: 527px) 100vw, 527px\" \/><\/a><br \/>\n[\/column]<br \/>\n[column size=\"3-5\u2033 last=\"1\u2033]<\/p>\n<p>De SKM 2020-D handzender voor het TourGuide-systeem biedt een bereik tot 100 meter buitenshuis en ongeveer 50 meter binnenshuis.<\/p>\n<p>De zender is eenvoudig en gemakkelijk te bedienen. Het verlichte display toont het zendkanaal en de batterijstatus. De oplaadbare batterij maakt tochten tot 8 uur mogelijk. Aan het einde van elke rit kan hij snel worden opgeladen in de EZL 2020-20L laadkoffer. <\/p>\n<p>[\/column]<br \/>\n[\/tab]<br \/>\n[\/tabs]<br \/>\n[spacer size=\"20\u2033]<br \/>\n[tabs style=\"1\u2033]<br \/>\n[title=\"Artikel\"]]<\/p>\n<h2>SK 2020-D zakzender<\/h2>\n<p>[column size=\"2-5\u2033 last=\"0\u2033]<\/p>\n<p><a href=\"https:\/\/konferenztechnik.de\/wp-content\/uploads\/2013\/09\/TourGuide_Taschensender_SK2020-D_gross.jpg\"><img loading=\"lazy\" decoding=\"async\" width=\"280\" height=\"420\" src=\"https:\/\/konferenztechnik.de\/wp-content\/uploads\/2013\/09\/TourGuide_Taschensender_SK2020-D_gross.jpg\" alt=\"Sennheiser TourGuide SK2020-D bodypack-zender\" class=\"alignnone size-full wp-image-1911\" title=\"\" srcset=\"https:\/\/konferenztechnik.de\/wp-content\/uploads\/2013\/09\/TourGuide_Taschensender_SK2020-D_gross.jpg 280w, https:\/\/konferenztechnik.de\/wp-content\/uploads\/2013\/09\/TourGuide_Taschensender_SK2020-D_gross-200x300.jpg 200w\" sizes=\"(max-width: 280px) 100vw, 280px\" \/><\/a><br \/>\n[\/column]<br \/>\n[column size=\"3-5\u2033 last=\"1\u2033]<\/p>\n<p>De TourGuide SK 2020-D bodypack-zender in combinatie met een headset-microfoon of clip-on microfoon geeft je maximale bewegingsvrijheid tijdens de tour. Je kunt rustig een object uitleggen of een object demonstreren met beide handen.<\/p>\n<p>Je kunt ook de lijningang van de zender gebruiken om externe audiobronnen op te nemen terwijl je blijft spreken of de microfoon dempt. De zender is zeer intu\u00eftief te bedienen en het verlichte display informeert je over de kanaalinstelling, de batterijstatus en het volume voor de microfooningang en de lijningang. Met zijn metalen behuizing is de zender ook zeer robuust.<\/p>\n<p>[\/column]<br \/>\n[\/tab]<br \/>\n[\/tabs]<br \/>\n[spacer size=\"20\u2033]<\/p>\n<p>[tabs style=\"1\u2033]<br \/>\n[title=\"Artikel\"]]<\/p>\n<h2> HS 2 headset microfoon<\/h2>\n<p>[column size=\"2-5\u2033 last=\"0\u2033]<\/p>\n<p><a href=\"https:\/\/konferenztechnik.de\/wp-content\/uploads\/2013\/09\/Kopfbuegelmikrofon_HS2_gross.jpg\"><img loading=\"lazy\" decoding=\"async\" width=\"544\" height=\"413\" src=\"https:\/\/konferenztechnik.de\/wp-content\/uploads\/2013\/09\/Kopfbuegelmikrofon_HS2_gross.jpg\" alt=\"Sennheiser headset-microfoon HS2\" class=\"alignnone size-full wp-image-1913\" title=\"\" srcset=\"https:\/\/konferenztechnik.de\/wp-content\/uploads\/2013\/09\/Kopfbuegelmikrofon_HS2_gross.jpg 544w, https:\/\/konferenztechnik.de\/wp-content\/uploads\/2013\/09\/Kopfbuegelmikrofon_HS2_gross-300x228.jpg 300w\" sizes=\"(max-width: 544px) 100vw, 544px\" \/><\/a><br \/>\n[\/column]<br \/>\n[column size=\"3-5\u2033 last=\"1\u2033]<\/p>\n<p>De HS 2 is een headset-microfoon met een stalen oplaadkabel en speciale stekker. De omnidirectionele condensatormicrofoon voldoet aan de hoogste eisen op het gebied van geluidskwaliteit en robuustheid. Hij is geschikt voor zang- en spraakoverdracht op alle gebieden van de omroeptechnologie en is de ideale aanvulling op de eerder genoemde SK 2020-D bodypackzender.<\/p>\n<p>[\/column]<br \/>\n[\/tab]<br \/>\n[\/tabs]<br \/>\n[spacer size=\"20\u2033]<br \/>\n[tabs style=\"1\u2033]<br \/>\n[title=\"Artikel\"]]<\/p>\n<h2>Transport- en laadkoffer EZL 2020-D<\/h2>\n<p>[column size=\"2-5\u2033 last=\"0\u2033]<\/p>\n<p><a href=\"https:\/\/konferenztechnik.de\/wp-content\/uploads\/2013\/09\/TourGuide_Ladekoffer_EZL2020-20L_gross.jpg\"><img loading=\"lazy\" decoding=\"async\" width=\"410\" height=\"454\" src=\"https:\/\/konferenztechnik.de\/wp-content\/uploads\/2013\/09\/TourGuide_Ladekoffer_EZL2020-20L_gross.jpg\" alt=\"Sennheiser TourGuide oplaadetui_EZL2020-20L\" class=\"alignnone size-full wp-image-1915\" title=\"\" srcset=\"https:\/\/konferenztechnik.de\/wp-content\/uploads\/2013\/09\/TourGuide_Ladekoffer_EZL2020-20L_gross.jpg 410w, https:\/\/konferenztechnik.de\/wp-content\/uploads\/2013\/09\/TourGuide_Ladekoffer_EZL2020-20L_gross-271x300.jpg 271w\" sizes=\"(max-width: 410px) 100vw, 410px\" \/><\/a><br \/>\n[\/column]<br \/>\n[column size=\"3-5\u2033 last=\"1\u2033]<\/p>\n<p>De praktische EZL 2020-20L oplaadkoffer dient als opbergplaats voor alle apparatuur en als oplaadstation voor de handset en de zender. Er zijn 20 oplaadsleuven voor de kinsteun-handsets en twee oplaadsleuven voor de zender en zijn batterij. De groene \"Copy\" knop bespaart veel werk: stel een ontvanger in op het gewenste ontvangstkanaal, druk op de knop en alle gebruikte ontvangers worden automatisch ingesteld op dezelfde frequentie en een gemiddeld volume. <\/p>\n<p>[\/column]<br \/>\n[\/tab]<br \/>\n[\/tabs]<br \/>\n[spacer size=\"20\u2033]<\/p>","protected":false},"excerpt":{"rendered":"<p>F\u00fchrungsanlagen und Tourguide Systeme der Firma Sennheiser Eine Sennheiser-TourGuide-Anlage ist das ideale Medium f\u00fcr Werksf\u00fchrungen und Stadtbesichtigungen, sobald die zu f\u00fchrende Gruppe eine bestimmte Personenzahl \u00fcberschritten hat und sobald die Umgebungsger\u00e4usche &#8211; wie in Produktionsst\u00e4tten &#8211; so hoch sind, dass man sich ohne ein solches Hilfmittel nicht mehr verst\u00e4ndigen kann. Hier die Merkmale dieser TourGuide-Anlage [&hellip;]<\/p>","protected":false},"author":1,"featured_media":45482,"parent":3614,"menu_order":153,"comment_status":"closed","ping_status":"open","template":"page-right-sidebar.php","meta":{"_acf_changed":false,"footnotes":""},"class_list":["post-1899","page","type-page","status-publish","has-post-thumbnail","hentry"],"acf":[],"_links":{"self":[{"href":"https:\/\/konferenztechnik.de\/nl\/wp-json\/wp\/v2\/pages\/1899","targetHints":{"allow":["GET"]}}],"collection":[{"href":"https:\/\/konferenztechnik.de\/nl\/wp-json\/wp\/v2\/pages"}],"about":[{"href":"https:\/\/konferenztechnik.de\/nl\/wp-json\/wp\/v2\/types\/page"}],"author":[{"embeddable":true,"href":"https:\/\/konferenztechnik.de\/nl\/wp-json\/wp\/v2\/users\/1"}],"replies":[{"embeddable":true,"href":"https:\/\/konferenztechnik.de\/nl\/wp-json\/wp\/v2\/comments?post=1899"}],"version-history":[{"count":0,"href":"https:\/\/konferenztechnik.de\/nl\/wp-json\/wp\/v2\/pages\/1899\/revisions"}],"up":[{"embeddable":true,"href":"https:\/\/konferenztechnik.de\/nl\/wp-json\/wp\/v2\/pages\/3614"}],"wp:featuredmedia":[{"embeddable":true,"href":"https:\/\/konferenztechnik.de\/nl\/wp-json\/wp\/v2\/media\/45482"}],"wp:attachment":[{"href":"https:\/\/konferenztechnik.de\/nl\/wp-json\/wp\/v2\/media?parent=1899"}],"curies":[{"name":"wp","href":"https:\/\/api.w.org\/{rel}","templated":true}]}}