{"id":2103,"date":"2013-09-19T13:22:58","date_gmt":"2013-09-19T11:22:58","guid":{"rendered":"https:\/\/konferenztechnik.de\/?page_id=2103"},"modified":"2013-09-19T13:22:58","modified_gmt":"2013-09-19T11:22:58","slug":"opdruk","status":"publish","type":"page","link":"https:\/\/konferenztechnik.de\/nl\/neem-contact-op-met\/opdruk\/","title":{"rendered":"Afdruk"},"content":{"rendered":"<h1>Afdruk<\/h1>\n<p>Dit is de gezamenlijke presentatie van PCS Vertriebs- und Service GmbH en PCS Professional Conference Systems GmbH.<br \/>\nRaadpleeg de onderstaande informatie voor meer informatie.<\/p>\n<p>[column size=\"1-3\u2033 last=\"0\u2033]<br \/>\n<b>PCS Professionele Conferentiesystemen GmbH<\/b><\/p>\n<p><b>Eigenaar<\/b><br \/>\nDirk Neumann<br \/>\nJ\u00f6rg Peschka<\/p>\n<p><b>Algemeen directeur<\/b><br \/>\nDirk Neumann<br \/>\nJ\u00f6rg Peschka<br \/>\nGunnar Hermenau<br \/>\nThorsten Gei\u00dfler<\/p>\n<p><b>Adres<\/b><br \/>\nReisholzer Werftstra\u00dfe 42<br \/>\n40589 D\u00fcsseldorf<br \/>\nTelefoon: +49 211 737798-0<br \/>\nFax: +49 211 737798-19<\/p>\n<p>Aanvullende informatie in overeenstemming met de wet op het juridische kader voor elektronische handel (EGG) in combinatie met \u00a7 6 van de wet op telediensten (TDG):<\/p>\n<p><b>Internet<\/b><br \/>\n<a href=\"https:\/\/konferenztechnik.de\/nl\">www.konferenztechnik.de<\/a><\/p>\n<p><b>e-mail<\/b><br \/>\n<a href=\"mailto:info@konferenztechnik.de\">info@konferenztechnik.de<\/a><\/p>\n<p><b>Stichting<\/b><br \/>\nnotarieel bekrachtigd 28\/09\/1995<\/p>\n<p><b>Rechtsvorm<\/b><br \/>\nLtd.<\/p>\n<p><b>Handelsregister<\/b><br \/>\nHRB 32720<br \/>\nLokale rechtbank D\u00fcsseldorf<br \/>\nBinnenkomst op 14 november 1995<\/p>\n<p><b>Omzetbelastingidentificatienummer volgens \u00a7 27a van de wet op de omzetbelasting<\/b><br \/>\nDE 176 161 352<\/p>\n<p><b>Aansprakelijkheidsverzekering voor werkgevers<\/b><br \/>\nVBG<br \/>\nAdministratieve aansprakelijkheidsverzekering voor werkgevers<br \/>\nLidmaatschap nr. 97\/0048\/8929<br \/>\n[\/column]<\/p>\n<p>[column size=\"1-2\u2033 last=\"1\u2033]<br \/>\n<b>PCS Vertriebs- und Service GmbH<\/b><\/p>\n<p><b>Eigenaar<\/b><br \/>\nDirk Neumann<br \/>\nJ\u00f6rg Peschka<\/p>\n<p><b>Algemeen directeur<\/b><br \/>\nDirk Neumann<br \/>\nJ\u00f6rg Peschka<br \/>\nGunnar Hermenau<br \/>\nThorsten Gei\u00dfler<\/p>\n<p><b>Adres<\/b><br \/>\nReisholzer Werftstra\u00dfe 42<br \/>\n40589 D\u00fcsseldorf<br \/>\nTelefoon: +49 211 737798-20<br \/>\nFax +49 211 737798-29<\/p>\n<p>Aanvullende informatie in overeenstemming met de wet op het juridische kader voor elektronische handel (EGG) in combinatie met \u00a7 6 van de wet op telediensten (TDG):<\/p>\n<p><b>Internet<\/b><br \/>\n<a href=\"https:\/\/konferenztechnik.de\/nl\">www.konferenztechnik.de<\/a><\/p>\n<p><b>e-mail<\/b><br \/>\n<a href=\"mailto:vertrieb@konferenztechnik.de\">vertrieb@konferenztechnik.de<\/a><\/p>\n<p><b>Stichting<\/b><br \/>\nnotarieel bekrachtigd 22.12.2006<\/p>\n<p><b>Rechtsvorm<\/b><br \/>\nLtd.<\/p>\n<p><b>Handelsregister<\/b><br \/>\nHRB 56501<br \/>\nLokale rechtbank D\u00fcsseldorf<br \/>\nBinnenkomst op 18.06.2007<\/p>\n<p><b>Omzetbelastingidentificatienummer volgens \u00a7 27a van de wet op de omzetbelasting<\/b><br \/>\nDE 814 889 174<\/p>\n<p><b>Aansprakelijkheidsverzekering voor werkgevers<\/b><br \/>\nBGHW<br \/>\nWerkgeversaansprakelijkheidsverzekering Vereniging voor Handel en Goederendistributie<br \/>\nM 9\/984 7264<\/p>\n<p>[\/column]<\/p>\n<h2>Verantwoordelijke redacteur<\/h2>\n<p>  J\u00f6rg Peschka<br \/>\n  <a href=\"mailto:impressum@konferenztechnik.de\">impressum@konferenztechnik.de<\/a><\/p>\n<h2>Gebruiksrechten:<\/h2>\n<p>Copyright \u00a9 1995-2018<br \/>\n  PCS Professionele Conferentiesystemen GmbH<br \/>\nen PCS Vertriebs- und Service GmbH<br \/>\n  Reisholzer Werftstra\u00dfe 42<br \/>\n  40589 D\u00fcsseldorf, Duitsland<\/p>\n<p>Alle rechten voorbehouden.<\/p>\n<p>PCS Professional Conference Systems GmbH bezit alle auteursrechten voor deze website. <\/p>\n<p>De beeldrechten berusten bij PCS Professional Conference Systems GmbH, PCS Vertriebs- und Service GmbH en de respectievelijke fabrikanten.<\/p>\n<p>Het is uitdrukkelijk verboden deze webpagina's en de daarin opgenomen documenten en afbeeldingen te kopi\u00ebren, af te drukken, te vermenigvuldigen of te verspreiden, zelfs gedeeltelijk, zonder voorafgaande schriftelijke toestemming van \u2013. De hier ter beschikking gestelde webpagina's en documenten mogen alleen worden gebruikt voor informatieve doeleinden en mogen niet commercieel worden gebruikt.<\/p>\n<p>We controleren alle inhoud, afbeeldingen en beeldrechten zorgvuldig voordat we ze op onze website publiceren. Mochten we desondanks een fout hebben gemaakt, neem dan contact met ons op zodat we het probleem snel en eenvoudig kunnen oplossen. Vragen kunt u sturen naar: <a href=\"mailto:impressum@konferenztechnik.de\">impressum@konferenztechnik.de<\/a>. Hartelijk dank!\n<\/p>\n<p><h2>Disclaimer<\/h2>\n<\/p>\n<p>Ondanks zorgvuldige controle van de inhoud aanvaarden wij geen aansprakelijkheid voor de inhoud van externe verwijzingen\/links. Alleen de beheerders van de gelinkte pagina's zijn verantwoordelijk voor de inhoud ervan.\n<\/p>\n<p>PCS Professional Conference Systems GmbH streeft ernaar dat de inhoud van zijn website altijd actueel, juist en volledig is. Desondanks kunnen fouten niet volledig worden uitgesloten. PCS Professional Conference Systems GmbH aanvaardt geen aansprakelijkheid voor de actualiteit, juistheid of volledigheid van de op zijn website ter beschikking gestelde informatie, tenzij de fouten opzettelijk of door grove nalatigheid zijn opgenomen. Dit heeft betrekking op eventuele materi\u00eble of immateri\u00eble schade aan derden die door het gebruik van deze website wordt veroorzaakt.<\/p>\n<h2>Gegevensbescherming<\/h2>\n<p>Onder de volgende link vindt u ons privacybeleid:<br \/>\n<a href=\"https:\/\/konferenztechnik.de\/nl\/verklaring-gegevensbescherming\/\">Privacybeleid van de website www.konferenztechnik.de<\/a><br \/>\n[spacer size=\"40\u2033]<\/p>","protected":false},"excerpt":{"rendered":"<p>Impressum Dies ist der gemeinsame Auftritt der PCS Vertriebs- und Service GmbH und der PCS Professional Conference Systems GmbH. Einzelheiten entnehmen Sie bitte den Informationen unten. [column size=&#8220;1-2&#8243; last=&#8220;0&#8243;] PCS Professional Conference Systems GmbH Inhaber Dirk Neumann J\u00f6rg Peschka Gesch\u00e4ftsf\u00fchrer Dirk Neumann J\u00f6rg Peschka Gunnar Hermenau Thorsten Gei\u00dfler Adresse Reisholzer Werftstra\u00dfe 42 40589 D\u00fcsseldorf Tel.:+49 [&hellip;]<\/p>","protected":false},"author":1,"featured_media":45482,"parent":791,"menu_order":145,"comment_status":"closed","ping_status":"open","template":"","meta":{"_acf_changed":false,"footnotes":""},"class_list":["post-2103","page","type-page","status-publish","has-post-thumbnail","hentry"],"acf":[],"_links":{"self":[{"href":"https:\/\/konferenztechnik.de\/nl\/wp-json\/wp\/v2\/pages\/2103","targetHints":{"allow":["GET"]}}],"collection":[{"href":"https:\/\/konferenztechnik.de\/nl\/wp-json\/wp\/v2\/pages"}],"about":[{"href":"https:\/\/konferenztechnik.de\/nl\/wp-json\/wp\/v2\/types\/page"}],"author":[{"embeddable":true,"href":"https:\/\/konferenztechnik.de\/nl\/wp-json\/wp\/v2\/users\/1"}],"replies":[{"embeddable":true,"href":"https:\/\/konferenztechnik.de\/nl\/wp-json\/wp\/v2\/comments?post=2103"}],"version-history":[{"count":0,"href":"https:\/\/konferenztechnik.de\/nl\/wp-json\/wp\/v2\/pages\/2103\/revisions"}],"up":[{"embeddable":true,"href":"https:\/\/konferenztechnik.de\/nl\/wp-json\/wp\/v2\/pages\/791"}],"wp:featuredmedia":[{"embeddable":true,"href":"https:\/\/konferenztechnik.de\/nl\/wp-json\/wp\/v2\/media\/45482"}],"wp:attachment":[{"href":"https:\/\/konferenztechnik.de\/nl\/wp-json\/wp\/v2\/media?parent=2103"}],"curies":[{"name":"wp","href":"https:\/\/api.w.org\/{rel}","templated":true}]}}