{"id":2271,"date":"2013-09-20T13:44:55","date_gmt":"2013-09-20T11:44:55","guid":{"rendered":"https:\/\/konferenztechnik.de\/?page_id=2271"},"modified":"2023-07-05T15:03:13","modified_gmt":"2023-07-05T13:03:13","slug":"mengpanelen","status":"publish","type":"page","link":"https:\/\/konferenztechnik.de\/nl\/distributie-van-conferentie-en-av-mediatechnologie\/audiotechnologie-microfoons-geluidsversterking-controlekamer-en-afspelen\/mengpanelen\/","title":{"rendered":"Mengpanelen"},"content":{"rendered":"<h1>Mengpanelen<\/h1>\n<h2>Yamaha 01V\/96VCM<\/h2>\n<p><a href=\"https:\/\/konferenztechnik.de\/wp-content\/uploads\/2013\/09\/Mischpult_Yamaha_01V96_gross.jpg\"><img fetchpriority=\"high\" decoding=\"async\" width=\"393\" height=\"321\" class=\"alignleft size-full wp-image-2403\" src=\"https:\/\/konferenztechnik.de\/wp-content\/uploads\/2013\/09\/Mischpult_Yamaha_01V96_gross.jpg\" alt=\"Yamaha 01V\/96VCM\" title=\"\" srcset=\"https:\/\/konferenztechnik.de\/wp-content\/uploads\/2013\/09\/Mischpult_Yamaha_01V96_gross.jpg 393w, https:\/\/konferenztechnik.de\/wp-content\/uploads\/2013\/09\/Mischpult_Yamaha_01V96_gross-300x245.jpg 300w\" sizes=\"(max-width: 393px) 100vw, 393px\" \/><\/a><\/p>\n<p>De 01V\/96VCM biedt de prestaties en betrouwbaarheid die verwacht worden van Yamaha's digitale live- en productieconsoles in een opmerkelijk compact \u2013-ontwerp, waardoor het de perfecte keuze is voor toepassingen waar ruimte schaars is of flexibele mobiliteit vereist is. Ondanks de kleine buitenafmetingen kan het tot 40 kanalen aan.<\/p>\n<h2>Yamaha 01V\/96VCM<\/h2>\n<ul>\n<li>40 ingangen en 18 bussen bij 96 kHz<\/li>\n<li>Krachtige kanaalfuncties met flexibele besturing en patching<\/li>\n<li>Vier multi-effectprocessoren<\/li>\n<li>Editor-software inbegrepen<\/li>\n<li>Veelzijdige functies voor koppelen en groeperen maken mixen effici\u00ebnter<\/li>\n<\/ul>","protected":false},"excerpt":{"rendered":"<p>Mischpulte Yamaha 01V\/96VCM Das 01V\/96VCM bietet die Leistungsf\u00e4higkeit und Zuverl\u00e4ssigkeit, die man von Yamahas digitalen Live- und Produktionskonsolen erwartet, und das in einem bemerkenswert kompakten Design &#8211; so ist es die perfekte Wahl f\u00fcr Anwendungen, wo Platz knapp oder flexible Mobililt\u00e4t gefragt ist. Trotz seiner geringen Au\u00dfenma\u00dfe kann es bis zu 40 Kan\u00e4le handhaben. Yamaha [&hellip;]<\/p>","protected":false},"author":1,"featured_media":45482,"parent":1289,"menu_order":141,"comment_status":"closed","ping_status":"open","template":"","meta":{"_acf_changed":false,"footnotes":""},"class_list":["post-2271","page","type-page","status-publish","has-post-thumbnail","hentry"],"acf":[],"_links":{"self":[{"href":"https:\/\/konferenztechnik.de\/nl\/wp-json\/wp\/v2\/pages\/2271","targetHints":{"allow":["GET"]}}],"collection":[{"href":"https:\/\/konferenztechnik.de\/nl\/wp-json\/wp\/v2\/pages"}],"about":[{"href":"https:\/\/konferenztechnik.de\/nl\/wp-json\/wp\/v2\/types\/page"}],"author":[{"embeddable":true,"href":"https:\/\/konferenztechnik.de\/nl\/wp-json\/wp\/v2\/users\/1"}],"replies":[{"embeddable":true,"href":"https:\/\/konferenztechnik.de\/nl\/wp-json\/wp\/v2\/comments?post=2271"}],"version-history":[{"count":0,"href":"https:\/\/konferenztechnik.de\/nl\/wp-json\/wp\/v2\/pages\/2271\/revisions"}],"up":[{"embeddable":true,"href":"https:\/\/konferenztechnik.de\/nl\/wp-json\/wp\/v2\/pages\/1289"}],"wp:featuredmedia":[{"embeddable":true,"href":"https:\/\/konferenztechnik.de\/nl\/wp-json\/wp\/v2\/media\/45482"}],"wp:attachment":[{"href":"https:\/\/konferenztechnik.de\/nl\/wp-json\/wp\/v2\/media?parent=2271"}],"curies":[{"name":"wp","href":"https:\/\/api.w.org\/{rel}","templated":true}]}}