{"id":2278,"date":"2013-09-20T14:10:18","date_gmt":"2013-09-20T12:10:18","guid":{"rendered":"https:\/\/konferenztechnik.de\/?page_id=2278"},"modified":"2023-07-05T14:29:38","modified_gmt":"2023-07-05T12:29:38","slug":"dynamiek-en-effecten","status":"publish","type":"page","link":"https:\/\/konferenztechnik.de\/nl\/distributie-van-conferentie-en-av-mediatechnologie\/audiotechnologie-microfoons-geluidsversterking-controlekamer-en-afspelen\/dynamiek-en-effecten\/","title":{"rendered":"Dynamiek en effecten"},"content":{"rendered":"<h1>Dynamiek en effecten<\/h1>\n<h2>Nexia<\/h2>\n<p><a href=\"https:\/\/konferenztechnik.de\/wp-content\/uploads\/2013\/09\/Biamp_Nexia_CS_gross.jpg\"><img fetchpriority=\"high\" decoding=\"async\" width=\"603\" height=\"217\" class=\"alignleft size-full wp-image-2408\" src=\"https:\/\/konferenztechnik.de\/wp-content\/uploads\/2013\/09\/Biamp_Nexia_CS_gross.jpg\" alt=\"Nexia\" title=\"\" srcset=\"https:\/\/konferenztechnik.de\/wp-content\/uploads\/2013\/09\/Biamp_Nexia_CS_gross.jpg 603w, https:\/\/konferenztechnik.de\/wp-content\/uploads\/2013\/09\/Biamp_Nexia_CS_gross-300x108.jpg 300w\" sizes=\"(max-width: 603px) 100vw, 603px\" \/><\/a><\/p>\n<p>Nexia is een kosteneffectief digitaal audiosysteem dat vrij te programmeren is via een grafische gebruikersinterface. De Nexia-serie is verkrijgbaar in verschillende I\/O-configuraties, waardoor het eenvoudig is om voor elke toepassing het juiste apparaat te vinden. Tot vier Nexia systemen kunnen aan de audiokant aan elkaar gekoppeld worden via de interne NexLink bus. De Nexia kan daarom worden gebruikt in conferentiecentra, multifunctionele zalen, trainingsruimten, restaurants of overal waar een vrij programmeerbaar audiosysteem nodig is.<\/p>\n<h2>Nexia<\/h2>\n<p>De volgende Nexia-types zijn beschikbaar:<\/p>\n<ul>\n<li>Nexia CS: Voor microfoonintensieve toepassingen zoals vergaderruimten<\/li>\n<li>Nexia PM: Speciaal geschikt voor AV-toepassingen waarbij zowel microfoons als afspeelapparatuur worden gebruikt<\/li>\n<li>Nexia SP: ideaal voor toepassingen waarbij lijnsignalen naar een groot aantal uitgangen moeten worden gedistribueerd<\/li>\n<li>Nexia TC: Ideaal voor een breed scala aan conferentiegesprekken<\/li>\n<li>Nexia VC: ideaal voor een breed scala aan videoconferentietoepassingen<\/li>\n<\/ul>\n<h2>Sabine FBX-2400<\/h2>\n<p><a href=\"https:\/\/konferenztechnik.de\/wp-content\/uploads\/2013\/09\/Sabine_FBX1200-2400_gross.jpg\"><img decoding=\"async\" width=\"800\" height=\"75\" class=\"alignleft size-full wp-image-2407\" src=\"https:\/\/konferenztechnik.de\/wp-content\/uploads\/2013\/09\/Sabine_FBX1200-2400_gross.jpg\" alt=\"Sabine FBX-2400\" title=\"\" srcset=\"https:\/\/konferenztechnik.de\/wp-content\/uploads\/2013\/09\/Sabine_FBX1200-2400_gross.jpg 800w, https:\/\/konferenztechnik.de\/wp-content\/uploads\/2013\/09\/Sabine_FBX1200-2400_gross-300x28.jpg 300w, https:\/\/konferenztechnik.de\/wp-content\/uploads\/2013\/09\/Sabine_FBX1200-2400_gross-768x72.jpg 768w\" sizes=\"(max-width: 800px) 100vw, 800px\" \/><\/a><\/p>\n<p>Met de <em>Sabine Feedback Uitroeier<\/em> feedback kan automatisch en betrouwbaar worden onderdrukt. De achterliggende technologie is nu aan haar vijfde generatie toe en werkt met de nieuwe <em>SMARTFilter technologie<\/em>.<\/p>\n<h2>Sabine FBX-2400<\/h2>\n<ul>\n<li>Tot 12 automatische feedbackfilters per kanaal<\/li>\n<li>2 kanalen<\/li>\n<li>Audio-ingangen\/uitgangen via XLR<\/li>\n<li>1\/10 en 1\/5 octaaf omschakelbaar afhankelijk van de toepassing<\/li>\n<li>Vaste en dynamische filters<\/li>\n<li>SMART filtertechnologie<\/li>\n<\/ul>","protected":false},"excerpt":{"rendered":"<p>Dynamics und Effekte Nexia Nexia ist ein kosteneffektives digitales Audiosystem, das \u00fcber eine grafische Oberfl\u00e4che frei programmiert werden kann. Die Nexia-Serie ist in verschiedenen I\/O-Konfigurationen erh\u00e4ltlich, so l\u00e4sst sich f\u00fcr jede Anwendung schnell das passende Ger\u00e4t finden. Bis zu vier Nexia Systeme k\u00f6nnen \u00fcber den internen NexLink Bus miteinander audioseitig gekoppelt werden. Nexia kommt so [&hellip;]<\/p>","protected":false},"author":1,"featured_media":45482,"parent":1289,"menu_order":139,"comment_status":"closed","ping_status":"open","template":"","meta":{"_acf_changed":false,"footnotes":""},"class_list":["post-2278","page","type-page","status-publish","has-post-thumbnail","hentry"],"acf":[],"_links":{"self":[{"href":"https:\/\/konferenztechnik.de\/nl\/wp-json\/wp\/v2\/pages\/2278","targetHints":{"allow":["GET"]}}],"collection":[{"href":"https:\/\/konferenztechnik.de\/nl\/wp-json\/wp\/v2\/pages"}],"about":[{"href":"https:\/\/konferenztechnik.de\/nl\/wp-json\/wp\/v2\/types\/page"}],"author":[{"embeddable":true,"href":"https:\/\/konferenztechnik.de\/nl\/wp-json\/wp\/v2\/users\/1"}],"replies":[{"embeddable":true,"href":"https:\/\/konferenztechnik.de\/nl\/wp-json\/wp\/v2\/comments?post=2278"}],"version-history":[{"count":0,"href":"https:\/\/konferenztechnik.de\/nl\/wp-json\/wp\/v2\/pages\/2278\/revisions"}],"up":[{"embeddable":true,"href":"https:\/\/konferenztechnik.de\/nl\/wp-json\/wp\/v2\/pages\/1289"}],"wp:featuredmedia":[{"embeddable":true,"href":"https:\/\/konferenztechnik.de\/nl\/wp-json\/wp\/v2\/media\/45482"}],"wp:attachment":[{"href":"https:\/\/konferenztechnik.de\/nl\/wp-json\/wp\/v2\/media?parent=2278"}],"curies":[{"name":"wp","href":"https:\/\/api.w.org\/{rel}","templated":true}]}}