{"id":24791,"date":"2023-04-18T09:46:11","date_gmt":"2023-04-18T07:46:11","guid":{"rendered":"http:\/\/dev.konferenztechnik.de\/?page_id=24791"},"modified":"2025-12-20T19:14:57","modified_gmt":"2025-12-20T18:14:57","slug":"onderwijs-en-universiteiten","status":"publish","type":"page","link":"https:\/\/konferenztechnik.de\/nl\/onderwijs-en-universiteiten\/","title":{"rendered":"Onderwijs en universiteiten"},"content":{"rendered":"<div data-elementor-type=\"wp-page\" data-elementor-id=\"24791\" class=\"elementor elementor-24791\" data-elementor-post-type=\"page\">\n\t\t\t\t<div data-particle_enable=\"false\" data-particle-mobile-disabled=\"false\" class=\"elementor-element elementor-element-d8aba58 e-flex e-con-boxed e-con e-parent\" data-id=\"d8aba58\" data-element_type=\"container\">\n\t\t\t\t\t<div class=\"e-con-inner\">\n\t\t\t\t<div class=\"elementor-element elementor-element-366d4e5 elementor-widget__width-inherit elementor-widget elementor-widget-heading\" data-id=\"366d4e5\" data-element_type=\"widget\" data-widget_type=\"heading.default\">\n\t\t\t\t<div class=\"elementor-widget-container\">\n\t\t\t\t\t<h1 class=\"elementor-heading-title elementor-size-default\">Onderwijs en universiteiten<\/h1>\t\t\t\t<\/div>\n\t\t\t\t<\/div>\n\t\t\t\t<div class=\"elementor-element elementor-element-e4b6b7a elementor-widget elementor-widget-image\" data-id=\"e4b6b7a\" data-element_type=\"widget\" data-widget_type=\"image.default\">\n\t\t\t\t<div class=\"elementor-widget-container\">\n\t\t\t\t\t\t\t\t\t\t\t\t\t\t\t<img fetchpriority=\"high\" decoding=\"async\" width=\"1300\" height=\"486\" src=\"https:\/\/konferenztechnik.de\/wp-content\/uploads\/2023\/04\/uni-medieninstallation.jpg\" class=\"attachment-full size-full wp-image-24799\" alt=\"Zicht op een lege moderne collegezaal - hier als symbool voor onze sectie Onderwijs en Universiteiten\" srcset=\"https:\/\/konferenztechnik.de\/wp-content\/uploads\/2023\/04\/uni-medieninstallation.jpg 1300w, https:\/\/konferenztechnik.de\/wp-content\/uploads\/2023\/04\/uni-medieninstallation-300x112.jpg 300w, https:\/\/konferenztechnik.de\/wp-content\/uploads\/2023\/04\/uni-medieninstallation-1024x383.jpg 1024w, https:\/\/konferenztechnik.de\/wp-content\/uploads\/2023\/04\/uni-medieninstallation-768x287.jpg 768w, https:\/\/konferenztechnik.de\/wp-content\/uploads\/2023\/04\/uni-medieninstallation-18x7.jpg 18w\" sizes=\"(max-width: 1300px) 100vw, 1300px\" title=\"\">\t\t\t\t\t\t\t\t\t\t\t\t\t\t\t<\/div>\n\t\t\t\t<\/div>\n\t\t\t\t\t<\/div>\n\t\t\t\t<\/div>\n\t\t<div data-particle_enable=\"false\" data-particle-mobile-disabled=\"false\" class=\"elementor-element elementor-element-9deafd4 e-flex e-con-boxed e-con e-parent\" data-id=\"9deafd4\" data-element_type=\"container\">\n\t\t\t\t\t<div class=\"e-con-inner\">\n\t\t\t\t<div class=\"elementor-element elementor-element-66ea8b4 elementor-widget elementor-widget-heading\" data-id=\"66ea8b4\" data-element_type=\"widget\" data-settings=\"{&quot;_animation&quot;:&quot;none&quot;}\" data-widget_type=\"heading.default\">\n\t\t\t\t<div class=\"elementor-widget-container\">\n\t\t\t\t\t<h2 class=\"elementor-heading-title elementor-size-default\">Onderwijs: modern, dynamisch, holistisch<\/h2>\t\t\t\t<\/div>\n\t\t\t\t<\/div>\n\t\t\t\t<div class=\"elementor-element elementor-element-d16fcf6 elementor-widget__width-inherit elementor-widget elementor-widget-text-editor\" data-id=\"d16fcf6\" data-element_type=\"widget\" data-widget_type=\"text-editor.default\">\n\t\t\t\t<div class=\"elementor-widget-container\">\n\t\t\t\t\t\t\t\t\t<p>Onderwijsinstellingen en hogescholen stellen bijzonder hoge eisen aan moderne mediatechnologie. Door regelmatige trainingen bij fabrikanten en de praktische toepassing bij installaties blijven we technologisch up-to-date. Hogescholen fungeren daarbij vaak als innovatiemotor voor audio-, video- en presentatietechnologie.<\/p><p>\u00a0<\/p><p>De behoefte aan een hoge spraakverstaanbaarheid en betrouwbare visuele overdracht is van fundamenteel belang in onderwijs- en leeromgevingen. Een heldere geluidskwaliteit en een stabiele beeldweergave zijn essentieel voor colleges, hybride onderwijsvormen en digitale samenwerking.<\/p><p>\u00a0<\/p><p>Bovendien moeten mediasystemen in hogescholen en universiteiten zeer beschikbaar, robuust en bedieningsveilig zijn. Bedieningsconcepten moeten intu\u00eftief zijn om storingen tijdens het onderwijs te voorkomen. Talrijke oplossingen die we vandaag de dag in vergaderruimtes van bedrijven gebruiken, hebben zich oorspronkelijk bewezen in projecten voor hogescholen en universiteiten, waaronder ook professionele interactieve displays.<\/p><p>\u00a0<\/p><p>Wat geschikt is voor gebruik op hogescholen, beschouwen wij als de technische gouden standaard. De daar vereiste kwaliteitsnormen op het gebied van betrouwbaarheid, bruikbaarheid en prestaties passen wij consequent ook toe in andere toepassingsgebieden. Hogeschoolprojecten zijn bovendien intern bijzonder gewild, omdat ze technologisch veeleisend zijn en de hoogste vakbekwaamheid vereisen.<\/p>\t\t\t\t\t\t\t\t<\/div>\n\t\t\t\t<\/div>\n\t\t\t\t\t<\/div>\n\t\t\t\t<\/div>\n\t\t<div data-particle_enable=\"false\" data-particle-mobile-disabled=\"false\" class=\"elementor-element elementor-element-455c20b e-flex e-con-boxed e-con e-parent\" data-id=\"455c20b\" data-element_type=\"container\" data-settings=\"{&quot;animation&quot;:&quot;none&quot;}\">\n\t\t\t\t\t<div class=\"e-con-inner\">\n\t\t\t\t<div class=\"elementor-element elementor-element-7734196 elementor-widget elementor-widget-heading\" data-id=\"7734196\" data-element_type=\"widget\" data-settings=\"{&quot;_animation&quot;:&quot;none&quot;}\" data-widget_type=\"heading.default\">\n\t\t\t\t<div class=\"elementor-widget-container\">\n\t\t\t\t\t<h2 class=\"elementor-heading-title elementor-size-default\">Veelvoorkomende onderwerpen<\/h2>\t\t\t\t<\/div>\n\t\t\t\t<\/div>\n\t\t\t\t<div class=\"elementor-element elementor-element-1e5ddfb elementor-widget__width-inherit smart-post-list-4-col elementor-widget elementor-widget-eael-post-list\" data-id=\"1e5ddfb\" data-element_type=\"widget\" data-settings=\"{&quot;_animation&quot;:&quot;none&quot;}\" data-widget_type=\"eael-post-list.default\">\n\t\t\t\t<div class=\"elementor-widget-container\">\n\t\t\t\t\t<div class=\"eael-post-list-container advanced layout-advanced\"><div class=\"eael-post-list-wrap\"><div class=\"eael-post-list-posts-wrap eael-post-appender eael-post-appender-1e5ddfb\"><div class=\"eael-post-list-post\"><div class=\"eael-post-list-post-inner\"><div class=\"eael-post-list-thumbnail\"><a href=\"https:\/\/konferenztechnik.de\/nl\/shure-mxw-next-2-draadloos-microfoonsysteem\/\">\n                <img decoding=\"async\" src=\"https:\/\/konferenztechnik.de\/wp-content\/uploads\/2024\/02\/drahtlose-konferenz-shure-mxw-next-2-jpg.webp\" alt=\"Een microfoonsysteem wordt door iemand ingeschakeld.\" title=\"\">\n            <\/a><\/div><div class=\"eael-post-list-content\"><h3 class=\"eael-post-list-title\"><a href=\"https:\/\/konferenztechnik.de\/nl\/shure-mxw-next-2-draadloos-microfoonsysteem\/\" >Shure MXW NEXT 2 draadloos microfoonsysteem<\/a><\/h3><p>Draadloze microfoons voor klaslokalen, trainingsruimten, collegezalen en hybride vergaderruimten \u2013 eenvoudige, betrouwbare,...<\/p><a href=\"https:\/\/konferenztechnik.de\/nl\/shure-mxw-next-2-draadloos-microfoonsysteem\/\" class=\"eael-post-elements-readmore-btn\" >\u203a meer<\/a><div class=\"boxed-meta\"><\/div><\/div><\/div><\/div><div class=\"eael-post-list-post\"><div class=\"eael-post-list-post-inner\"><div class=\"eael-post-list-thumbnail\"><a href=\"https:\/\/konferenztechnik.de\/nl\/toegankelijkheid-evenementen-technische-oplossingen-consulting-implementatie\/\">\n                <img decoding=\"async\" src=\"https:\/\/konferenztechnik.de\/wp-content\/uploads\/2023\/03\/barrierefreie-events.jpg\" alt=\"Symbool voor toegankelijkheid\" title=\"\">\n            <\/a><\/div><div class=\"eael-post-list-content\"><h3 class=\"eael-post-list-title\"><a href=\"https:\/\/konferenztechnik.de\/nl\/toegankelijkheid-evenementen-technische-oplossingen-consulting-implementatie\/\" >Toegankelijkheid<\/a><\/h3><p>Voor evenementen en digitale communicatie: Advies, implementatie: Wij helpen u bij het organiseren van evenementen,...<\/p><a href=\"https:\/\/konferenztechnik.de\/nl\/toegankelijkheid-evenementen-technische-oplossingen-consulting-implementatie\/\" class=\"eael-post-elements-readmore-btn\" >\u203a meer<\/a><div class=\"boxed-meta\"><\/div><\/div><\/div><\/div><div class=\"eael-post-list-post\"><div class=\"eael-post-list-post-inner\"><div class=\"eael-post-list-thumbnail\"><a href=\"https:\/\/konferenztechnik.de\/nl\/interactieve-schermen-whiteboards-flipovers\/\">\n                <img decoding=\"async\" src=\"https:\/\/konferenztechnik.de\/wp-content\/uploads\/2023\/04\/i3-displays-whiteboards-flipcharts-jpg.webp\" alt=\"2 beeldschermen van het merk I3 op verplaatsbare statieven\" title=\"\">\n            <\/a><\/div><div class=\"eael-post-list-content\"><h3 class=\"eael-post-list-title\"><a href=\"https:\/\/konferenztechnik.de\/nl\/interactieve-schermen-whiteboards-flipovers\/\" >Interactieve schermen, whiteboards, flip-overs<\/a><\/h3><p>Onze eerste keuze voor touch displays, whiteboards en digitale flipcharts is vaak i3-Technologies.<\/p><a href=\"https:\/\/konferenztechnik.de\/nl\/interactieve-schermen-whiteboards-flipovers\/\" class=\"eael-post-elements-readmore-btn\" >\u203a meer<\/a><div class=\"boxed-meta\"><\/div><\/div><\/div><\/div><div class=\"eael-post-list-post\"><div class=\"eael-post-list-post-inner\"><div class=\"eael-post-list-thumbnail\"><a href=\"https:\/\/konferenztechnik.de\/nl\/luchtkwaliteit\/\">\n                <img decoding=\"async\" src=\"https:\/\/konferenztechnik.de\/wp-content\/uploads\/2023\/04\/luftqualitaet-veranstaltungen-hochschulen.jpg\" alt=\"Symbool voor luchtkwaliteitsindex\" title=\"\">\n            <\/a><\/div><div class=\"eael-post-list-content\"><h3 class=\"eael-post-list-title\"><a href=\"https:\/\/konferenztechnik.de\/nl\/luchtkwaliteit\/\" >Luchtkwaliteit in werk- en leerruimten<\/a><\/h3><p>We werken en leren binnenshuis. Een goede luchtkwaliteit binnenshuis is daarom...<\/p><a href=\"https:\/\/konferenztechnik.de\/nl\/luchtkwaliteit\/\" class=\"eael-post-elements-readmore-btn\" >\u203a meer<\/a><div class=\"boxed-meta\"><\/div><\/div><\/div><\/div><div class=\"eael-post-list-post\"><div class=\"eael-post-list-post-inner\"><div class=\"eael-post-list-thumbnail\"><a href=\"https:\/\/konferenztechnik.de\/nl\/ptz-cameras\/\">\n                <img decoding=\"async\" src=\"https:\/\/konferenztechnik.de\/wp-content\/uploads\/2023\/03\/ptz-kameras.jpg\" alt=\"\" title=\"\">\n            <\/a><\/div><div class=\"eael-post-list-content\"><h3 class=\"eael-post-list-title\"><a href=\"https:\/\/konferenztechnik.de\/nl\/ptz-cameras\/\" >PTZ-camera's<\/a><\/h3><p>PTZ-camera's (vaak ook DOME-camera's genoemd) stellen automatisch scherp op het doelgebied wanneer...<\/p><a href=\"https:\/\/konferenztechnik.de\/nl\/ptz-cameras\/\" class=\"eael-post-elements-readmore-btn\" >\u203a meer<\/a><div class=\"boxed-meta\"><\/div><\/div><\/div><\/div><div class=\"eael-post-list-post\"><div class=\"eael-post-list-post-inner\"><div class=\"eael-post-list-thumbnail\"><a href=\"https:\/\/konferenztechnik.de\/nl\/hybride-vergaderruimten-voor-videoconferenties-2\/\">\n                <img decoding=\"async\" src=\"https:\/\/konferenztechnik.de\/wp-content\/uploads\/2023\/03\/hybride-besprechungsraeume.jpg\" alt=\"\" title=\"\">\n            <\/a><\/div><div class=\"eael-post-list-content\"><h3 class=\"eael-post-list-title\"><a href=\"https:\/\/konferenztechnik.de\/nl\/hybride-vergaderruimten-voor-videoconferenties-2\/\" >Hybride vergaderruimten voor videoconferenties<\/a><\/h3><p>Optimale omstandigheden in de ruimte en voor de aangesloten deelnemers en harmonieus gebruik...<\/p><a href=\"https:\/\/konferenztechnik.de\/nl\/hybride-vergaderruimten-voor-videoconferenties-2\/\" class=\"eael-post-elements-readmore-btn\" >\u203a meer<\/a><div class=\"boxed-meta\"><\/div><\/div><\/div><\/div><div class=\"eael-post-list-post\"><div class=\"eael-post-list-post-inner\"><div class=\"eael-post-list-thumbnail\"><a href=\"https:\/\/konferenztechnik.de\/nl\/landingspaginas-voor-evenementen-virtuele-evenementenplatforms\/\">\n                <img decoding=\"async\" src=\"https:\/\/konferenztechnik.de\/wp-content\/uploads\/2023\/03\/landingpage-beitrag.jpg\" alt=\"\" title=\"\">\n            <\/a><\/div><div class=\"eael-post-list-content\"><h3 class=\"eael-post-list-title\"><a href=\"https:\/\/konferenztechnik.de\/nl\/landingspaginas-voor-evenementen-virtuele-evenementenplatforms\/\" >Landingspagina's voor evenementen, platforms voor virtuele evenementen<\/a><\/h3><p>Landingspagina's voor evenementen, virtuele evenementenplatforms Het basispakket bestaat uit de volgende elementen...<\/p><a href=\"https:\/\/konferenztechnik.de\/nl\/landingspaginas-voor-evenementen-virtuele-evenementenplatforms\/\" class=\"eael-post-elements-readmore-btn\" >\u203a meer<\/a><div class=\"boxed-meta\"><\/div><\/div><\/div><\/div><div class=\"eael-post-list-post\"><div class=\"eael-post-list-post-inner\"><div class=\"eael-post-list-thumbnail\"><a href=\"https:\/\/konferenztechnik.de\/nl\/conferenties-met-microsoft-teams\/\">\n                <img decoding=\"async\" src=\"https:\/\/konferenztechnik.de\/wp-content\/uploads\/2023\/03\/konferenzen-ms-teams.jpg\" alt=\"\" title=\"\">\n            <\/a><\/div><div class=\"eael-post-list-content\"><h3 class=\"eael-post-list-title\"><a href=\"https:\/\/konferenztechnik.de\/nl\/conferenties-met-microsoft-teams\/\" >Vergaderen met Microsoft Teams<\/a><\/h3><p>MS Teams nu ook meertalig en met de functie \"SMultane vertaling\"<\/p><a href=\"https:\/\/konferenztechnik.de\/nl\/conferenties-met-microsoft-teams\/\" class=\"eael-post-elements-readmore-btn\" >\u203a meer<\/a><div class=\"boxed-meta\"><\/div><\/div><\/div><\/div><\/div><\/div>\n\t\t<\/div>\t\t\t\t<\/div>\n\t\t\t\t<\/div>\n\t\t\t\t\t<\/div>\n\t\t\t\t<\/div>\n\t\t<div data-particle_enable=\"false\" data-particle-mobile-disabled=\"false\" class=\"elementor-element elementor-element-eaddbcf e-flex e-con-boxed e-con e-parent\" data-id=\"eaddbcf\" data-element_type=\"container\">\n\t\t\t\t\t<div class=\"e-con-inner\">\n\t\t\t\t<div class=\"elementor-element elementor-element-7fa8348 elementor-widget__width-inherit elementor-widget elementor-widget-heading\" data-id=\"7fa8348\" data-element_type=\"widget\" data-widget_type=\"heading.default\">\n\t\t\t\t<div class=\"elementor-widget-container\">\n\t\t\t\t\t<h2 class=\"elementor-heading-title elementor-size-default\">Referenties: Onderwijs en universiteiten<\/h2>\t\t\t\t<\/div>\n\t\t\t\t<\/div>\n\t\t\t\t<div class=\"elementor-element elementor-element-28236df elementor-widget__width-inherit elementor-widget elementor-widget-text-editor\" data-id=\"28236df\" data-element_type=\"widget\" data-widget_type=\"text-editor.default\">\n\t\t\t\t<div class=\"elementor-widget-container\">\n\t\t\t\t\t\t\t\t\t<ul><li>Bauhaus Universiteit Weimar<\/li><li>Universiteit van Wuppertal<\/li><li>Berlijnse universiteit voor toegepaste wetenschappen<\/li><li>BIBB Federaal Overheidscentrum voor Internationale Samenwerking in Beroepsonderwijs en -opleiding<\/li><li>Federaal Ministerie van Onderwijs en Onderzoek<\/li><li>Federaal Agentschap voor Burgereducatie<\/li><li>Christelijke Albrechts-Universit\u00e4t zu Kiel<\/li><li>Europese Universiteit Viadrina Frankfurt\/Oder<\/li><li>Hogeschool van Aken<\/li><li>Hogeschool Erfurt<\/li><li>Filmuniversiteit Babelsberg Konrad Wolf<\/li><li>Vrije Universiteit Berlijn<\/li><li>Friedrich Schiller Universiteit Jena<\/li><li>Heinrich Heine Universiteit D\u00fcsseldorf<\/li><li>Hogeschool voor politie en bestuur NRW<\/li><li>Hogeschool Niederrhein<\/li><li>Humboldt Universiteit Berlijn<\/li><li>Opleidingscentrum IG Metall<\/li><li>Internationaal Bildungs- en Begegnungswerk e.V.<\/li><li>Ludwig-Maximilians-Universiteit M\u00fcnchen<\/li><li>Missie Academie aan de Universiteit van Hamburg<\/li><li>Noordrijn-Westfaalse Academie voor Wetenschappen en Geesteswetenschappen<\/li><li>Technische Universiteit Oost-Beieren (OTH)<\/li><li>Rheinische Friedrich-Wilhelms-Universit\u00e4t Bonn<\/li><li>Ruhruniversiteit Bochum<\/li><li>Senaat Departement Onderwijs, Jeugd en Gezin Berlijn<\/li><li>Stichting Universiteit van Hildesheim<\/li><li>Stichting ter bevordering van de Duitse Rectorenconferentie<\/li><li>Technische Universiteit Keulen<\/li><li>Technische Universiteit Berlijn<\/li><li>Technische Universiteit M\u00fcnchen<\/li><li>Universiteit van Duisburg Essen<\/li><li>Oekra\u00efense Vrije Universiteit M\u00fcnchen<\/li><li>Universiteit van Heidelberg<\/li><li>Universiteit van Kassel<\/li><li>Universiteit van Potsdam<\/li><li>Defensiegeneeskundige Congres- en Opleidingsvereniging mbH<\/li><\/ul>\t\t\t\t\t\t\t\t<\/div>\n\t\t\t\t<\/div>\n\t\t\t\t<div class=\"elementor-element elementor-element-507e68a elementor-icon-list--layout-traditional elementor-list-item-link-full_width elementor-widget elementor-widget-icon-list\" data-id=\"507e68a\" data-element_type=\"widget\" data-widget_type=\"icon-list.default\">\n\t\t\t\t<div class=\"elementor-widget-container\">\n\t\t\t\t\t\t\t<ul class=\"elementor-icon-list-items\">\n\t\t\t\t\t\t\t<li class=\"elementor-icon-list-item\">\n\t\t\t\t\t\t\t\t\t\t\t<a href=\"\/nl\/referenties\/\">\n\n\t\t\t\t\t\t\t\t\t\t\t\t<span class=\"elementor-icon-list-icon\">\n\t\t\t\t\t\t\t<svg aria-hidden=\"true\" class=\"e-font-icon-svg e-fas-chevron-right\" viewbox=\"0 0 320 512\" xmlns=\"http:\/\/www.w3.org\/2000\/svg\"><path d=\"M285.476 272.971L91.132 467.314c-9.373 9.373-24.569 9.373-33.941 0l-22.667-22.667c-9.357-9.357-9.375-24.522-.04-33.901L188.505 256 34.484 101.255c-9.335-9.379-9.317-24.544.04-33.901l22.667-22.667c9.373-9.373 24.569-9.373 33.941 0L285.475 239.03c9.373 9.372 9.373 24.568.001 33.941z\"><\/path><\/svg>\t\t\t\t\t\t<\/span>\n\t\t\t\t\t\t\t\t\t\t<span class=\"elementor-icon-list-text\">Verdere referenties<\/span>\n\t\t\t\t\t\t\t\t\t\t\t<\/a>\n\t\t\t\t\t\t\t\t\t<\/li>\n\t\t\t\t\t\t<\/ul>\n\t\t\t\t\t\t<\/div>\n\t\t\t\t<\/div>\n\t\t\t\t\t<\/div>\n\t\t\t\t<\/div>\n\t\t<div data-particle_enable=\"false\" data-particle-mobile-disabled=\"false\" class=\"elementor-element elementor-element-2af5988 e-flex e-con-boxed e-con e-parent\" data-id=\"2af5988\" data-element_type=\"container\">\n\t\t\t\t\t<div class=\"e-con-inner\">\n\t\t\t\t<div class=\"elementor-element elementor-element-f28f352 elementor-widget elementor-widget-shortcode\" data-id=\"f28f352\" data-element_type=\"widget\" data-widget_type=\"shortcode.default\">\n\t\t\t\t<div class=\"elementor-widget-container\">\n\t\t\t\t\t\t\t<div class=\"elementor-shortcode\"><\/div>\n\t\t\t\t\t\t<\/div>\n\t\t\t\t<\/div>\n\t\t\t\t\t<\/div>\n\t\t\t\t<\/div>\n\t\t<div data-particle_enable=\"false\" data-particle-mobile-disabled=\"false\" class=\"elementor-element elementor-element-14d115f e-flex e-con-boxed e-con e-parent\" data-id=\"14d115f\" data-element_type=\"container\">\n\t\t\t\t\t<div class=\"e-con-inner\">\n\t\t\t\t<div class=\"elementor-element elementor-element-0f53c4b elementor-widget elementor-widget-shortcode\" data-id=\"0f53c4b\" data-element_type=\"widget\" data-widget_type=\"shortcode.default\">\n\t\t\t\t<div class=\"elementor-widget-container\">\n\t\t\t\t\t\t\t<div class=\"elementor-shortcode\"><\/div>\n\t\t\t\t\t\t<\/div>\n\t\t\t\t<\/div>\n\t\t\t\t\t<\/div>\n\t\t\t\t<\/div>\n\t\t\t\t<\/div>","protected":false},"excerpt":{"rendered":"<p>Bildung und Universit\u00e4ten Bildung: modern, dynamisch, ganzheitlich Bildungseinrichtungen und Hochschulen stellen besonders hohe Anforderungen an zeitgem\u00e4\u00dfe Medientechnik. Durch regelm\u00e4\u00dfige Schulungen bei Herstellern sowie die praktische Umsetzung bei Installationen bleiben wir technologisch auf dem neuesten Stand. Hochschulen fungieren dabei h\u00e4ufig als Innovationstreiber f\u00fcr Audio-, Video- und Pr\u00e4sentationstechnik. \u00a0 Der Bedarf an hoher Sprachverst\u00e4ndlichkeit und zuverl\u00e4ssiger visueller [&hellip;]<\/p>","protected":false},"author":2,"featured_media":45482,"parent":0,"menu_order":0,"comment_status":"closed","ping_status":"closed","template":"","meta":{"_acf_changed":false,"footnotes":""},"class_list":["post-24791","page","type-page","status-publish","has-post-thumbnail","hentry"],"acf":[],"_links":{"self":[{"href":"https:\/\/konferenztechnik.de\/nl\/wp-json\/wp\/v2\/pages\/24791","targetHints":{"allow":["GET"]}}],"collection":[{"href":"https:\/\/konferenztechnik.de\/nl\/wp-json\/wp\/v2\/pages"}],"about":[{"href":"https:\/\/konferenztechnik.de\/nl\/wp-json\/wp\/v2\/types\/page"}],"author":[{"embeddable":true,"href":"https:\/\/konferenztechnik.de\/nl\/wp-json\/wp\/v2\/users\/2"}],"replies":[{"embeddable":true,"href":"https:\/\/konferenztechnik.de\/nl\/wp-json\/wp\/v2\/comments?post=24791"}],"version-history":[{"count":0,"href":"https:\/\/konferenztechnik.de\/nl\/wp-json\/wp\/v2\/pages\/24791\/revisions"}],"wp:featuredmedia":[{"embeddable":true,"href":"https:\/\/konferenztechnik.de\/nl\/wp-json\/wp\/v2\/media\/45482"}],"wp:attachment":[{"href":"https:\/\/konferenztechnik.de\/nl\/wp-json\/wp\/v2\/media?parent=24791"}],"curies":[{"name":"wp","href":"https:\/\/api.w.org\/{rel}","templated":true}]}}