{"id":24866,"date":"2023-04-18T11:00:19","date_gmt":"2023-04-18T09:00:19","guid":{"rendered":"http:\/\/dev.konferenztechnik.de\/?page_id=24866"},"modified":"2025-12-20T19:24:47","modified_gmt":"2025-12-20T18:24:47","slug":"handelsonderneming","status":"publish","type":"page","link":"https:\/\/konferenztechnik.de\/nl\/handelsonderneming\/","title":{"rendered":"Industrie, MKB, agentschappen"},"content":{"rendered":"<div data-elementor-type=\"wp-page\" data-elementor-id=\"24866\" class=\"elementor elementor-24866\" data-elementor-post-type=\"page\">\n\t\t\t\t<div data-particle_enable=\"false\" data-particle-mobile-disabled=\"false\" class=\"elementor-element elementor-element-d8aba58 e-flex e-con-boxed e-con e-parent\" data-id=\"d8aba58\" data-element_type=\"container\">\n\t\t\t\t\t<div class=\"e-con-inner\">\n\t\t\t\t<div class=\"elementor-element elementor-element-366d4e5 elementor-widget__width-inherit elementor-widget elementor-widget-heading\" data-id=\"366d4e5\" data-element_type=\"widget\" data-widget_type=\"heading.default\">\n\t\t\t\t<div class=\"elementor-widget-container\">\n\t\t\t\t\t<h1 class=\"elementor-heading-title elementor-size-default\">Commerci\u00eble ondernemingen: Industrie, middelgrote bedrijven, KMO's<\/h1>\t\t\t\t<\/div>\n\t\t\t\t<\/div>\n\t\t\t\t<div class=\"elementor-element elementor-element-e4b6b7a elementor-widget elementor-widget-image\" data-id=\"e4b6b7a\" data-element_type=\"widget\" data-widget_type=\"image.default\">\n\t\t\t\t<div class=\"elementor-widget-container\">\n\t\t\t\t\t\t\t\t\t\t\t\t\t\t\t<img fetchpriority=\"high\" decoding=\"async\" width=\"1300\" height=\"486\" src=\"https:\/\/konferenztechnik.de\/wp-content\/uploads\/2023\/04\/industrie-mittelstand.jpg\" class=\"attachment-full size-full wp-image-24867\" alt=\"2 mensen geven elkaar een high-five als teken van succes\" srcset=\"https:\/\/konferenztechnik.de\/wp-content\/uploads\/2023\/04\/industrie-mittelstand.jpg 1300w, https:\/\/konferenztechnik.de\/wp-content\/uploads\/2023\/04\/industrie-mittelstand-300x112.jpg 300w, https:\/\/konferenztechnik.de\/wp-content\/uploads\/2023\/04\/industrie-mittelstand-1024x383.jpg 1024w, https:\/\/konferenztechnik.de\/wp-content\/uploads\/2023\/04\/industrie-mittelstand-768x287.jpg 768w, https:\/\/konferenztechnik.de\/wp-content\/uploads\/2023\/04\/industrie-mittelstand-18x7.jpg 18w\" sizes=\"(max-width: 1300px) 100vw, 1300px\" title=\"\">\t\t\t\t\t\t\t\t\t\t\t\t\t\t\t<\/div>\n\t\t\t\t<\/div>\n\t\t\t\t\t<\/div>\n\t\t\t\t<\/div>\n\t\t<div data-particle_enable=\"false\" data-particle-mobile-disabled=\"false\" class=\"elementor-element elementor-element-9deafd4 e-flex e-con-boxed e-con e-parent\" data-id=\"9deafd4\" data-element_type=\"container\">\n\t\t\t\t\t<div class=\"e-con-inner\">\n\t\t\t\t<div class=\"elementor-element elementor-element-66ea8b4 elementor-widget elementor-widget-heading\" data-id=\"66ea8b4\" data-element_type=\"widget\" data-settings=\"{&quot;_animation&quot;:&quot;none&quot;}\" data-widget_type=\"heading.default\">\n\t\t\t\t<div class=\"elementor-widget-container\">\n\t\t\t\t\t<h2 class=\"elementor-heading-title elementor-size-default\">Evenementen- en mediatechniek voor commerci\u00eble ondernemingen<\/h2>\t\t\t\t<\/div>\n\t\t\t\t<\/div>\n\t\t\t\t<div class=\"elementor-element elementor-element-d16fcf6 elementor-widget__width-inherit elementor-widget elementor-widget-text-editor\" data-id=\"d16fcf6\" data-element_type=\"widget\" data-widget_type=\"text-editor.default\">\n\t\t\t\t<div class=\"elementor-widget-container\">\n\t\t\t\t\t\t\t\t\t<p>De economie is voortdurend in beweging. Onderwerpen als het behoud van geschoold personeel, diversiteit en interculturele openheid zijn bepalend voor moderne bedrijfsstrategie\u00ebn. Tegelijkertijd nemen de eisen op het gebied van transparante communicatie, duurzame processen en moderne samenwerking toe.<\/p><p>\u00a0<\/p><p>Evenementen, vergaderingen en conferenties spelen hierbij een centrale rol. Ze zijn toonaangevende projecten voor bedrijfscultuur, effici\u00ebntie en innovatievermogen. Moderne evenementen- en mediatechnologie en professionele audio- en videotechniek vormen de basis voor duidelijke communicatie, begrijpelijke inhoud en betrouwbare samenwerking \u2013 ter plaatse, digitaal en hybride.<\/p><p>\u00a0<\/p><p>Met name hybride vergaderingen en conferentieformats verbinden locaties, teams en externe partners met elkaar. Ze maken flexibele werkmodellen mogelijk, verminderen reiskosten en ondersteunen een inclusieve, toekomstgerichte vergadercultuur.<\/p><p>\u00a0<\/p><p>Wij bieden bedrijven integrale ondersteuning bij de planning, implementatie en exploitatie van moderne mediatechnologieoplossingen \u2013, van vergaderruimtes en evenementenruimtes tot hybride vergader- en samenwerkingsomgevingen.<\/p>\t\t\t\t\t\t\t\t<\/div>\n\t\t\t\t<\/div>\n\t\t\t\t\t<\/div>\n\t\t\t\t<\/div>\n\t\t<div data-particle_enable=\"false\" data-particle-mobile-disabled=\"false\" class=\"elementor-element elementor-element-455c20b e-flex e-con-boxed e-con e-parent\" data-id=\"455c20b\" data-element_type=\"container\" data-settings=\"{&quot;animation&quot;:&quot;none&quot;}\">\n\t\t\t\t\t<div class=\"e-con-inner\">\n\t\t\t\t<div class=\"elementor-element elementor-element-7734196 elementor-widget elementor-widget-heading\" data-id=\"7734196\" data-element_type=\"widget\" data-settings=\"{&quot;_animation&quot;:&quot;none&quot;}\" data-widget_type=\"heading.default\">\n\t\t\t\t<div class=\"elementor-widget-container\">\n\t\t\t\t\t<h2 class=\"elementor-heading-title elementor-size-default\">Veelvoorkomende onderwerpen<\/h2>\t\t\t\t<\/div>\n\t\t\t\t<\/div>\n\t\t\t\t<div class=\"elementor-element elementor-element-1e5ddfb elementor-widget__width-inherit smart-post-list-4-col elementor-widget elementor-widget-eael-post-list\" data-id=\"1e5ddfb\" data-element_type=\"widget\" data-settings=\"{&quot;_animation&quot;:&quot;none&quot;}\" data-widget_type=\"eael-post-list.default\">\n\t\t\t\t<div class=\"elementor-widget-container\">\n\t\t\t\t\t<div class=\"eael-post-list-container advanced layout-advanced\"><div class=\"eael-post-list-wrap\"><div class=\"eael-post-list-posts-wrap eael-post-appender eael-post-appender-1e5ddfb\"><div class=\"eael-post-list-post\"><div class=\"eael-post-list-post-inner\"><div class=\"eael-post-list-thumbnail\"><a href=\"https:\/\/konferenztechnik.de\/nl\/hybride-evenementen\/\">\n                <img decoding=\"async\" src=\"https:\/\/konferenztechnik.de\/wp-content\/uploads\/2023\/06\/hybride-events-jpg.webp\" alt=\"Twee presentatoren staan op een podium en zijn tegelijkertijd digitaal te zien op een tweede beeldsectie op een pc-monitor - als symbool voor hybride evenementen\" title=\"\">\n            <\/a><\/div><div class=\"eael-post-list-content\"><h3 class=\"eael-post-list-title\"><a href=\"https:\/\/konferenztechnik.de\/nl\/hybride-evenementen\/\" >Hybride evenementen<\/a><\/h3><p>Wij verbinden mensen, ruimtes en plaatsen. Digitale deelnemers, face-to-face deelnemers, sprekers en toeschouwers...<\/p><a href=\"https:\/\/konferenztechnik.de\/nl\/hybride-evenementen\/\" class=\"eael-post-elements-readmore-btn\" >\u203a meer<\/a><div class=\"boxed-meta\"><\/div><\/div><\/div><\/div><div class=\"eael-post-list-post\"><div class=\"eael-post-list-post-inner\"><div class=\"eael-post-list-thumbnail\"><a href=\"https:\/\/konferenztechnik.de\/nl\/vergaderingen-raad-van-toezicht-online-hybride-digitaal-klassiek\/\">\n                <img decoding=\"async\" src=\"https:\/\/konferenztechnik.de\/wp-content\/uploads\/2023\/05\/aufsichtsratsitzung-betreuung.jpg\" alt=\"Mensen aan een vergadertafel\" title=\"\">\n            <\/a><\/div><div class=\"eael-post-list-content\"><h3 class=\"eael-post-list-title\"><a href=\"https:\/\/konferenztechnik.de\/nl\/vergaderingen-raad-van-toezicht-online-hybride-digitaal-klassiek\/\" >Vergaderingen Raad van Toezicht \u2013 online, hybride, digitaal, klassiek?<\/a><\/h3><p>We ondersteunen je bij de planning en technische realisatie van evenementen<\/p><a href=\"https:\/\/konferenztechnik.de\/nl\/vergaderingen-raad-van-toezicht-online-hybride-digitaal-klassiek\/\" class=\"eael-post-elements-readmore-btn\" >\u203a meer<\/a><div class=\"boxed-meta\"><\/div><\/div><\/div><\/div><div class=\"eael-post-list-post\"><div class=\"eael-post-list-post-inner\"><div class=\"eael-post-list-thumbnail\"><a href=\"https:\/\/konferenztechnik.de\/nl\/landingspaginas-voor-evenementen-virtuele-evenementenplatforms\/\">\n                <img decoding=\"async\" src=\"https:\/\/konferenztechnik.de\/wp-content\/uploads\/2023\/03\/landingpage-beitrag.jpg\" alt=\"\" title=\"\">\n            <\/a><\/div><div class=\"eael-post-list-content\"><h3 class=\"eael-post-list-title\"><a href=\"https:\/\/konferenztechnik.de\/nl\/landingspaginas-voor-evenementen-virtuele-evenementenplatforms\/\" >Landingspagina's voor evenementen, platforms voor virtuele evenementen<\/a><\/h3><p>Landingspagina's voor evenementen, virtuele evenementenplatforms Het basispakket bestaat uit de volgende elementen...<\/p><a href=\"https:\/\/konferenztechnik.de\/nl\/landingspaginas-voor-evenementen-virtuele-evenementenplatforms\/\" class=\"eael-post-elements-readmore-btn\" >\u203a meer<\/a><div class=\"boxed-meta\"><\/div><\/div><\/div><\/div><div class=\"eael-post-list-post\"><div class=\"eael-post-list-post-inner\"><div class=\"eael-post-list-thumbnail\"><a href=\"https:\/\/konferenztechnik.de\/nl\/ebr-vergaderingen-europese-ondernemingsraad-online-hybride-digitale-klassieker\/\">\n                <img decoding=\"async\" src=\"https:\/\/konferenztechnik.de\/wp-content\/uploads\/2023\/05\/ebr-sitzung-online.jpg\" alt=\"Twee conferentiedeelnemers kijken naar andere conferentiedeelnemers die zijn verbonden via een monitor\" title=\"\">\n            <\/a><\/div><div class=\"eael-post-list-content\"><h3 class=\"eael-post-list-title\"><a href=\"https:\/\/konferenztechnik.de\/nl\/ebr-vergaderingen-europese-ondernemingsraad-online-hybride-digitale-klassieker\/\" >EOR: Europese ondernemingsraad \u2013 online, hybride, digitaal, klassiek?<\/a><\/h3><p>We ondersteunen je bij de planning en technische realisatie van evenementen<\/p><a href=\"https:\/\/konferenztechnik.de\/nl\/ebr-vergaderingen-europese-ondernemingsraad-online-hybride-digitale-klassieker\/\" class=\"eael-post-elements-readmore-btn\" >\u203a meer<\/a><div class=\"boxed-meta\"><\/div><\/div><\/div><\/div><div class=\"eael-post-list-post\"><div class=\"eael-post-list-post-inner\"><div class=\"eael-post-list-thumbnail\"><a href=\"https:\/\/konferenztechnik.de\/nl\/conferenties-met-microsoft-teams\/\">\n                <img decoding=\"async\" src=\"https:\/\/konferenztechnik.de\/wp-content\/uploads\/2023\/03\/konferenzen-ms-teams.jpg\" alt=\"\" title=\"\">\n            <\/a><\/div><div class=\"eael-post-list-content\"><h3 class=\"eael-post-list-title\"><a href=\"https:\/\/konferenztechnik.de\/nl\/conferenties-met-microsoft-teams\/\" >Vergaderen met Microsoft Teams<\/a><\/h3><p>MS Teams nu ook meertalig en met de functie \"SMultane vertaling\"<\/p><a href=\"https:\/\/konferenztechnik.de\/nl\/conferenties-met-microsoft-teams\/\" class=\"eael-post-elements-readmore-btn\" >\u203a meer<\/a><div class=\"boxed-meta\"><\/div><\/div><\/div><\/div><div class=\"eael-post-list-post\"><div class=\"eael-post-list-post-inner\"><div class=\"eael-post-list-thumbnail\"><a href=\"https:\/\/konferenztechnik.de\/nl\/hybride-vergaderruimten-voor-videoconferenties-2\/\">\n                <img decoding=\"async\" src=\"https:\/\/konferenztechnik.de\/wp-content\/uploads\/2023\/03\/hybride-besprechungsraeume.jpg\" alt=\"\" title=\"\">\n            <\/a><\/div><div class=\"eael-post-list-content\"><h3 class=\"eael-post-list-title\"><a href=\"https:\/\/konferenztechnik.de\/nl\/hybride-vergaderruimten-voor-videoconferenties-2\/\" >Hybride vergaderruimten voor videoconferenties<\/a><\/h3><p>Optimale omstandigheden in de ruimte en voor de aangesloten deelnemers en harmonieus gebruik...<\/p><a href=\"https:\/\/konferenztechnik.de\/nl\/hybride-vergaderruimten-voor-videoconferenties-2\/\" class=\"eael-post-elements-readmore-btn\" >\u203a meer<\/a><div class=\"boxed-meta\"><\/div><\/div><\/div><\/div><div class=\"eael-post-list-post\"><div class=\"eael-post-list-post-inner\"><div class=\"eael-post-list-thumbnail\"><a href=\"https:\/\/konferenztechnik.de\/nl\/duurzame-inkoop-mediaconferentie-en-it-technologie\/\">\n                <img decoding=\"async\" src=\"https:\/\/konferenztechnik.de\/wp-content\/uploads\/2022\/06\/nachhaltige-konferezraeume-jpg.webp\" alt=\"Een klein, lichtdoorstroomd kantoor in een geluiddicht en elegant glazen gebouw in een hal\" title=\"\">\n            <\/a><\/div><div class=\"eael-post-list-content\"><h3 class=\"eael-post-list-title\"><a href=\"https:\/\/konferenztechnik.de\/nl\/duurzame-inkoop-mediaconferentie-en-it-technologie\/\" >Duurzame inkoop \u2013 voor media-, conferentie- en IT-technologie<\/a><\/h3><p>Groene AV: Conceptuele en technische oplossingen Energie-effici\u00ebntie en geoptimaliseerde werkplekken met nieuwe...<\/p><a href=\"https:\/\/konferenztechnik.de\/nl\/duurzame-inkoop-mediaconferentie-en-it-technologie\/\" class=\"eael-post-elements-readmore-btn\" >\u203a meer<\/a><div class=\"boxed-meta\"><\/div><\/div><\/div><\/div><div class=\"eael-post-list-post\"><div class=\"eael-post-list-post-inner\"><div class=\"eael-post-list-thumbnail\"><a href=\"https:\/\/konferenztechnik.de\/nl\/conceptuele-en-technische-oplossingen-voor-green-av\/\">\n                <img decoding=\"async\" src=\"https:\/\/konferenztechnik.de\/wp-content\/uploads\/2023\/06\/green-av-konzepte.png\" alt=\"\" title=\"\">\n            <\/a><\/div><div class=\"eael-post-list-content\"><h3 class=\"eael-post-list-title\"><a href=\"https:\/\/konferenztechnik.de\/nl\/conceptuele-en-technische-oplossingen-voor-green-av\/\" >Groene AV: Conceptuele en technische oplossingen<\/a><\/h3><p>Groene AV: Conceptuele en technische oplossingen voor grootschalige projecten Groene IT en groene...<\/p><a href=\"https:\/\/konferenztechnik.de\/nl\/conceptuele-en-technische-oplossingen-voor-green-av\/\" class=\"eael-post-elements-readmore-btn\" >\u203a meer<\/a><div class=\"boxed-meta\"><\/div><\/div><\/div><\/div><\/div><\/div>\n\t\t<\/div>\t\t\t\t<\/div>\n\t\t\t\t<\/div>\n\t\t\t\t\t<\/div>\n\t\t\t\t<\/div>\n\t\t<div data-particle_enable=\"false\" data-particle-mobile-disabled=\"false\" class=\"elementor-element elementor-element-eaddbcf e-flex e-con-boxed e-con e-parent\" data-id=\"eaddbcf\" data-element_type=\"container\">\n\t\t\t\t\t<div class=\"e-con-inner\">\n\t\t\t\t<div class=\"elementor-element elementor-element-7fa8348 elementor-widget__width-inherit elementor-widget elementor-widget-heading\" data-id=\"7fa8348\" data-element_type=\"widget\" data-widget_type=\"heading.default\">\n\t\t\t\t<div class=\"elementor-widget-container\">\n\t\t\t\t\t<h2 class=\"elementor-heading-title elementor-size-default\">Referenties Commerci\u00eble ondernemingen: Industrie, middelgrote bedrijven, KMO's<\/h2>\t\t\t\t<\/div>\n\t\t\t\t<\/div>\n\t\t\t\t<div class=\"elementor-element elementor-element-e1bc064 elementor-widget__width-inherit elementor-widget elementor-widget-text-editor\" data-id=\"e1bc064\" data-element_type=\"widget\" data-widget_type=\"text-editor.default\">\n\t\t\t\t<div class=\"elementor-widget-container\">\n\t\t\t\t\t\t\t\t\t<ul><li>ADAC NRW<\/li><li>Adolf W\u00fcrth GmbH<\/li><li>ARAG Allgemeine Rechtsschutz-Versicherungs-AG SE<\/li><li>ARDEX Groep GmbH<\/li><li>Berlijn Kathedraal Berlijn<\/li><li>DATEV eG<\/li><li>Deutsche Bau- und Siedlungs-Gesellschaft mbH<\/li><li>Duits Energieagentschap GmbH<\/li><li>Deutsche R\u00fcck AG<\/li><li>Radio Berlijn<\/li><li>DLR Duits lucht- en ruimtevaartcentrum<\/li><li>DMG Mori Aktiengesellschaft<\/li><li>Ecolab Duitsland GmbH<\/li><li>Stichting EDEKA Rhein-Ruhr &amp; Co. KG<\/li><li>ERA Academie voor Europees recht \u2013 Academie voor Europees recht Trier<\/li><li>Ernst &amp; Young GmbH<\/li><li>Fritz Thyssen Stichting Keulen<\/li><li>Gerda Henkel Stichting<\/li><li>GETRAG Ford Transmissie<\/li><li>Grenke AG<\/li><li>Grundfos GmbH<\/li><li>Kamer van Ambachten D\u00fcsseldorf<\/li><li>District Spaarbank Heilbronn<\/li><li>Lindemann Duitsland GmbH<\/li><li>Beurscentrum D\u00fcsseldorf<\/li><li>Metro AG<\/li><li>Naturstrom AG<\/li><li>nicko cruises Schiffsreisen GmbH<\/li><li>PRG Production Resource Group AG<\/li><li>Santander Consumer Bank AG<\/li><li>SCC Evenementen GmbH<\/li><li>Gemeentelijke nutsbedrijven D\u00fcsseldorf<\/li><li>Stiebel Eltron GmbH<\/li><li>Support Studios Frankfurt GmbH<\/li><li>Vaillant Duitsland GmbH &amp; Co. KG<\/li><li>WDR West-Duitse Omroep<\/li><li>Wessing &amp; Partner Rechtsanw\u00e4lte mbB<\/li><li>WHO Wereldgezondheidsorganisatie Bonn<\/li><li>W\u00fcrth Industrie Service GmbH &amp; Co. KG<\/li><li>Vereniging dierentuin Wuppertal<\/li><\/ul>\t\t\t\t\t\t\t\t<\/div>\n\t\t\t\t<\/div>\n\t\t\t\t<div class=\"elementor-element elementor-element-80c5ff8 elementor-icon-list--layout-traditional elementor-list-item-link-full_width elementor-widget elementor-widget-icon-list\" data-id=\"80c5ff8\" data-element_type=\"widget\" data-widget_type=\"icon-list.default\">\n\t\t\t\t<div class=\"elementor-widget-container\">\n\t\t\t\t\t\t\t<ul class=\"elementor-icon-list-items\">\n\t\t\t\t\t\t\t<li class=\"elementor-icon-list-item\">\n\t\t\t\t\t\t\t\t\t\t\t<a href=\"\/nl\/referenties\/\">\n\n\t\t\t\t\t\t\t\t\t\t\t\t<span class=\"elementor-icon-list-icon\">\n\t\t\t\t\t\t\t<svg aria-hidden=\"true\" class=\"e-font-icon-svg e-fas-chevron-right\" viewbox=\"0 0 320 512\" xmlns=\"http:\/\/www.w3.org\/2000\/svg\"><path d=\"M285.476 272.971L91.132 467.314c-9.373 9.373-24.569 9.373-33.941 0l-22.667-22.667c-9.357-9.357-9.375-24.522-.04-33.901L188.505 256 34.484 101.255c-9.335-9.379-9.317-24.544.04-33.901l22.667-22.667c9.373-9.373 24.569-9.373 33.941 0L285.475 239.03c9.373 9.372 9.373 24.568.001 33.941z\"><\/path><\/svg>\t\t\t\t\t\t<\/span>\n\t\t\t\t\t\t\t\t\t\t<span class=\"elementor-icon-list-text\">Verdere referenties<\/span>\n\t\t\t\t\t\t\t\t\t\t\t<\/a>\n\t\t\t\t\t\t\t\t\t<\/li>\n\t\t\t\t\t\t<\/ul>\n\t\t\t\t\t\t<\/div>\n\t\t\t\t<\/div>\n\t\t\t\t\t<\/div>\n\t\t\t\t<\/div>\n\t\t<div data-particle_enable=\"false\" data-particle-mobile-disabled=\"false\" class=\"elementor-element elementor-element-7c81320 e-flex e-con-boxed e-con e-parent\" data-id=\"7c81320\" data-element_type=\"container\">\n\t\t\t\t\t<div class=\"e-con-inner\">\n\t\t\t\t<div class=\"elementor-element elementor-element-49ce2fc elementor-widget elementor-widget-shortcode\" data-id=\"49ce2fc\" data-element_type=\"widget\" data-widget_type=\"shortcode.default\">\n\t\t\t\t<div class=\"elementor-widget-container\">\n\t\t\t\t\t\t\t<div class=\"elementor-shortcode\"><\/div>\n\t\t\t\t\t\t<\/div>\n\t\t\t\t<\/div>\n\t\t\t\t\t<\/div>\n\t\t\t\t<\/div>\n\t\t<div data-particle_enable=\"false\" data-particle-mobile-disabled=\"false\" class=\"elementor-element elementor-element-14d115f e-flex e-con-boxed e-con e-parent\" data-id=\"14d115f\" data-element_type=\"container\">\n\t\t\t\t\t<div class=\"e-con-inner\">\n\t\t\t\t<div class=\"elementor-element elementor-element-0f53c4b elementor-widget elementor-widget-shortcode\" data-id=\"0f53c4b\" data-element_type=\"widget\" data-widget_type=\"shortcode.default\">\n\t\t\t\t<div class=\"elementor-widget-container\">\n\t\t\t\t\t\t\t<div class=\"elementor-shortcode\"><\/div>\n\t\t\t\t\t\t<\/div>\n\t\t\t\t<\/div>\n\t\t\t\t\t<\/div>\n\t\t\t\t<\/div>\n\t\t\t\t<\/div>","protected":false},"excerpt":{"rendered":"<p>Wirtschaftsunternehmen: Industrie, Mittelstand, KMU Veranstaltungs- und Medientechnik f\u00fcr Wirtschaftsunternehmen Die Wirtschaft befindet sich im kontinuierlichen Wandel. Themen wie Fachkr\u00e4ftesicherung, Diversit\u00e4t und interkulturelle \u00d6ffnung pr\u00e4gen moderne Unternehmensstrategien. Gleichzeitig wachsen die Anforderungen an transparente Kommunikation, nachhaltige Prozesse und zeitgem\u00e4\u00dfe Zusammenarbeit. \u00a0 Veranstaltungen, Meetings und Konferenzen \u00fcbernehmen dabei eine zentrale Rolle. Sie sind Leuchtturmprojekte f\u00fcr Unternehmenskultur, Effizienz und [&hellip;]<\/p>","protected":false},"author":2,"featured_media":45482,"parent":0,"menu_order":0,"comment_status":"closed","ping_status":"closed","template":"","meta":{"_acf_changed":false,"footnotes":""},"class_list":["post-24866","page","type-page","status-publish","has-post-thumbnail","hentry"],"acf":[],"_links":{"self":[{"href":"https:\/\/konferenztechnik.de\/nl\/wp-json\/wp\/v2\/pages\/24866","targetHints":{"allow":["GET"]}}],"collection":[{"href":"https:\/\/konferenztechnik.de\/nl\/wp-json\/wp\/v2\/pages"}],"about":[{"href":"https:\/\/konferenztechnik.de\/nl\/wp-json\/wp\/v2\/types\/page"}],"author":[{"embeddable":true,"href":"https:\/\/konferenztechnik.de\/nl\/wp-json\/wp\/v2\/users\/2"}],"replies":[{"embeddable":true,"href":"https:\/\/konferenztechnik.de\/nl\/wp-json\/wp\/v2\/comments?post=24866"}],"version-history":[{"count":0,"href":"https:\/\/konferenztechnik.de\/nl\/wp-json\/wp\/v2\/pages\/24866\/revisions"}],"wp:featuredmedia":[{"embeddable":true,"href":"https:\/\/konferenztechnik.de\/nl\/wp-json\/wp\/v2\/media\/45482"}],"wp:attachment":[{"href":"https:\/\/konferenztechnik.de\/nl\/wp-json\/wp\/v2\/media?parent=24866"}],"curies":[{"name":"wp","href":"https:\/\/api.w.org\/{rel}","templated":true}]}}